{"id":23085,"date":"2021-08-25T07:26:28","date_gmt":"2021-08-25T03:26:28","guid":{"rendered":"https:\/\/airsystems.ge\/shop\/about-us-3\/"},"modified":"2025-02-18T18:31:26","modified_gmt":"2025-02-18T14:31:26","slug":"about-us-3","status":"publish","type":"page","link":"https:\/\/geoclimate.ge\/az\/about-us-3\/","title":{"rendered":"About us"},"content":{"rendered":"<div class=\"wpb-content-wrapper\"><p>[vc_row][vc_column][vc_column_text css=&#8221;&#8221; woodmart_inline=&#8221;no&#8221; text_larger=&#8221;no&#8221;]<strong>Tikinti xidm\u0259tl\u0259ri<\/strong><\/p>\n<p>Bina Xidm\u0259tl\u0259ri M\u00fch\u0259ndisl\u0259ri istilik, kondisioner, elektrik i\u015f\u0131qland\u0131rma v\u0259 enerji t\u0259chizat\u0131, su v\u0259 qaz t\u0259chizat\u0131, santexnika v\u0259 drenaj sisteml\u0259rinin layih\u0259l\u0259ndirilm\u0259si il\u0259 m\u0259\u015f\u011ful olurlar. Yan\u011f\u0131n t\u0259hl\u00fck\u0259sizliyi v\u0259 t\u0259hl\u00fck\u0259sizlik sisteml\u0259ri, telefonlar, fakslar, domofonlar, komp\u00fcterl\u0259r, liftl\u0259r v\u0259 eskalatorlar funksional v\u0259 t\u0259hl\u00fck\u0259siz i\u015f m\u00fchiti \u00fc\u00e7\u00fcn laz\u0131md\u0131r.<\/p>\n<p><strong>Proses\u0259 N\u0259zar\u0259t<\/strong><\/p>\n<p>Proses\u0259 N\u0259zar\u0259t M\u00fch\u0259ndisl\u0259ri m\u00fc\u0259yy\u0259n bir m\u0259hsul istehsal edil\u0259rk\u0259n onun k\u0259miyy\u0259t v\u0259 keyfiyy\u0259tin\u0259 n\u0259zar\u0259t etm\u0259k \u00fc\u00e7\u00fcn n\u0259z\u0259rd\u0259 tutulmu\u015f komp\u00fcter proqram t\u0259minat\u0131 v\u0259 sisteml\u0259rinin yarad\u0131lmas\u0131 v\u0259 saxlanmas\u0131 il\u0259 m\u0259\u015f\u011ful olurlar. Komp\u00fcterl\u0259r kimy\u0259vi zavodda bir tankdak\u0131 t\u0259zyiq, temperatur v\u0259 maye s\u0259viyy\u0259l\u0259ri kimi \u015feyl\u0259r\u0259 n\u0259zar\u0259t etm\u0259k \u00fc\u00e7\u00fcn istifad\u0259 olunur.<\/p>\n<p>\u0130stehsal zaman\u0131 minimum miqdarda tullant\u0131 material\u0131n\u0131n istehsal\u0131n\u0131 t\u0259min etm\u0259k d\u0259 vacibdir.<\/p>\n<p><strong>\u0130n\u015faat M\u00fch\u0259ndisliyi<\/strong><\/p>\n<p>\u0130n\u015faat M\u00fch\u0259ndisi memar\u0131n r\u0259sml\u0259rind\u0259n i\u015fl\u0259y\u0259c\u0259k v\u0259 m\u00fc\u0259yy\u0259n bir bina \u00fc\u00e7\u00fcn se\u00e7ilmi\u015f materiallar\u0131n bu h\u00fcnd\u00fcrl\u00fckd\u0259 v\u0259 ya dizaynda bir qurulu\u015fu saxlayacaq q\u0259d\u0259r g\u00fccl\u00fc olub-olmad\u0131\u011f\u0131n\u0131 n\u0259z\u0259rd\u0259n ke\u00e7ir\u0259c\u0259k. Eyni zamanda, strukturun \u0259traf\u0131na nec\u0259 t\u0259sir ed\u0259 bil\u0259c\u0259yini d\u0259 d\u00fc\u015f\u00fcn\u0259rdil\u0259r. T\u0259hl\u00fck\u0259siz, q\u0259na\u0259tcil v\u0259 ekoloji c\u0259h\u0259td\u0259n t\u0259miz konstruksiyalar istehsal etm\u0259k in\u015faat m\u00fch\u0259ndisinin m\u0259suliyy\u0259tidir.<\/p>\n<p>\u0130n\u015faat m\u00fch\u0259ndisl\u0259ri ba\u015f in\u015faat m\u00fch\u0259ndisl\u0259ri, tikinti m\u00fch\u0259ndisl\u0259ri, b\u0259l\u0259diyy\u0259 m\u00fch\u0259ndisl\u0259ri, struktur m\u00fch\u0259ndisl\u0259ri, n\u0259qliyyat m\u00fch\u0259ndisl\u0259ri v\u0259 ya su t\u0259chizat\u0131 paylay\u0131c\u0131 m\u00fch\u0259ndisl\u0259r kimi ixtisasla\u015fa bil\u0259rl\u0259r.<\/p>\n<p>M\u00fclki v\u0259 \u0130ctimai S\u0259hiyy\u0259 M\u00fch\u0259ndisl\u0259ri \u00f6z\u0259l sektorda m\u0259sl\u0259h\u0259t\u00e7i m\u00fch\u0259ndisl\u0259r, layih\u0259 menecerl\u0259ri v\u0259 ya tikinti podrat\u00e7\u0131s\u0131 kimi v\u0259 ya bir \u00e7ox d\u00f6vl\u0259t idar\u0259l\u0259rind\u0259 i\u015fl\u0259y\u0259 bil\u0259rl\u0259r.<\/p>\n<p><strong>Elektrik M\u00fch\u0259ndisliyi<\/strong><\/p>\n<p>Elektrik m\u00fch\u0259ndisliyi elektron, komp\u00fcter sisteml\u0259ri, telekommunikasiya, idar\u0259etm\u0259 v\u0259 elektrik enerjisi m\u00fch\u0259ndisliyini \u0259hat\u0259 edir. Evl\u0259rd\u0259, c\u0259miyy\u0259td\u0259 v\u0259 s\u0259nayed\u0259 elektrik enerjisinin istehsal v\u0259 istifad\u0259 \u00fcsulu il\u0259 \u0259laq\u0259dard\u0131r. Elektrik m\u00fch\u0259ndisl\u0259ri m\u00fcasir h\u0259yat \u00fc\u00e7\u00fcn vacib olan elektrik enerjisini yaradan, \u00f6t\u00fcr\u0259n, \u00f6l\u00e7\u0259n, idar\u0259 ed\u0259n v\u0259 istifad\u0259 ed\u0259n sisteml\u0259ri v\u0259 ma\u015f\u0131nlar\u0131 layih\u0259l\u0259ndirir v\u0259 qurur.<\/p>\n<p><strong>Elektronika v\u0259 Telekommunikasiya M\u00fch\u0259ndisliyi<\/strong><\/p>\n<p>Elektronika m\u00fch\u0259ndisliyi m\u0259lumat\u0131 t\u0259hlil etm\u0259k, \u00f6t\u00fcrm\u0259k v\u0259 saxlamaq \u00fc\u00e7\u00fcn az miqdarda elektrik enerjisind\u0259n istifad\u0259 ed\u0259n cihaz v\u0259 sisteml\u0259rl\u0259 m\u0259\u015f\u011ful olur.<\/p>\n<p>Bu elektron siqnallar\u0131n \u00f6t\u00fcr\u00fclm\u0259si rabit\u0259 v\u0259 informasiya texnologiyalar\u0131 s\u0259nayesinin \u0259sas\u0131n\u0131 t\u0259\u015fkil edir v\u0259 mikroelektronika sah\u0259sini v\u0259 silikon \u00e7ip texnologiyas\u0131ndan istifad\u0259ni \u0259hat\u0259 edir.<\/p>\n<p>H\u0259m yax\u0131nl\u0131qdak\u0131, h\u0259m d\u0259 d\u00fcnyan\u0131n o tay\u0131ndak\u0131 insanlar aras\u0131nda \u00fcnsiyy\u0259t \u00fc\u00e7\u00fcn m\u00fcxt\u0259lif sisteml\u0259r haz\u0131rlanm\u0131\u015fd\u0131r v\u0259 daim t\u0259kmill\u0259\u015fdirilir v\u0259 t\u0259kmill\u0259\u015fir. Bu rabit\u0259 peyk, telefon, optik lifl\u0259r v\u0259 komp\u00fcter sisteml\u0259rind\u0259n istifad\u0259 etm\u0259kl\u0259 h\u0259yata ke\u00e7irilir.<\/p>\n<p>Bu sisteml\u0259r g\u00fcnd\u0259lik rabit\u0259, m\u00fcdafi\u0259, n\u0259qliyyat, m\u00fclki aviasiya v\u0259 bionik qulaq, kardiostimulyator v\u0259 h\u0259yat\u0131 d\u0259st\u0259kl\u0259y\u0259n sisteml\u0259r kimi tibbi avadanl\u0131qlarda h\u0259yati \u0259h\u0259miyy\u0259t k\u0259sb edir.<\/p>\n<p><strong>S\u0259naye M\u00fch\u0259ndisliyi<\/strong><\/p>\n<p>S\u0259naye m\u00fch\u0259ndisliyi insan resurslar\u0131n\u0131n, materiallar\u0131n, avadanl\u0131qlar\u0131n v\u0259 maliyy\u0259nin inteqrasiya olunmu\u015f sisteml\u0259rinin dizayn\u0131, t\u0259kmill\u0259\u015fdirilm\u0259si v\u0259 qura\u015fd\u0131r\u0131lmas\u0131 il\u0259 m\u0259\u015f\u011ful olur.<\/p>\n<p>S\u0259naye M\u00fch\u0259ndisliyi bu c\u00fcr sisteml\u0259rd\u0259n \u0259ld\u0259 edil\u0259c\u0259k n\u0259tic\u0259l\u0259ri m\u00fc\u0259yy\u0259n etm\u0259k, proqnozla\u015fd\u0131rmaq v\u0259 qiym\u0259tl\u0259ndirm\u0259k v\u0259 nailiyy\u0259tl\u0259ri \u00f6l\u00e7m\u0259k \u00fc\u00e7\u00fcn riyaziyyat, fizika, fiziologiya v\u0259 sosial elml\u0259rd\u0259 m\u00fch\u0259ndislik t\u0259hlili v\u0259 dizayn prinsipl\u0259ri v\u0259 metodlar\u0131 il\u0259 birlikd\u0259 x\u00fcsusi bilik v\u0259 bacar\u0131qlara \u0259saslan\u0131r.<\/p>\n<p>S\u0259naye M\u00fch\u0259ndisliyi layih\u0259nin keyfiyy\u0259tinin v\u0259 g\u00f6zl\u0259ntil\u0259rinin qar\u015f\u0131lanmas\u0131n\u0131 t\u0259min etm\u0259kl\u0259 yana\u015f\u0131, m\u00f6vcud resurslardan \u0259n yax\u015f\u0131 n\u0259tic\u0259l\u0259ri \u0259ld\u0259 etm\u0259y\u0259 h\u0259sr olunmu\u015f bir elmdir.<\/p>\n<p><strong>Mexanika v\u0259 \u0130stehsalat M\u00fch\u0259ndisliyi<\/strong><\/p>\n<p>Mexanika v\u0259 \u0130stehsalat M\u00fch\u0259ndisliyi enerjini g\u00fcc\u0259 v\u0259 h\u0259r\u0259k\u0259t\u0259 \u00e7evirir. Mexanika M\u00fch\u0259ndisl\u0259ri m\u0259i\u015f\u0259t, ictimai v\u0259 s\u0259naye m\u0259qs\u0259dl\u0259ri \u00fc\u00e7\u00fcn istifad\u0259 olunan sisteml\u0259ri v\u0259 ma\u015f\u0131nlar\u0131 layih\u0259l\u0259ndirir, yarad\u0131r v\u0259 t\u0259kmill\u0259\u015fdirir.<\/p>\n<p>Bu sah\u0259 m\u0259i\u015f\u0259t texnikas\u0131, s\u0259naye ma\u015f\u0131nlar\u0131, g\u0259mil\u0259r, t\u0259yyar\u0259l\u0259r, m\u00fch\u0259rrikl\u0259r, nasoslar, kompressorlar v\u0259 turbinl\u0259r v\u0259 ya binalar\u0131n kondisioner v\u0259 ventilyasiya sisteml\u0259ri kimi kompleks sisteml\u0259r kimi geni\u015f \u00e7e\u015fidd\u0259 m\u0259hsullar\u0131n dizayn\u0131n\u0131 v\u0259 istehsal\u0131n\u0131 \u0259hat\u0259 edir. Mexanik sah\u0259 m\u00fch\u0259ndisliyin dig\u0259r sah\u0259l\u0259ri il\u0259 s\u0131x \u0259laq\u0259 saxlay\u0131r v\u0259 materiallar, enerji v\u0259 strukturlar haqq\u0131nda bilikl\u0259ri t\u0259tbiq edir.<\/p>\n<p>Mexanika M\u00fch\u0259ndisl\u0259ri tez-tez enerji istehsal ed\u0259n, m\u0259hsullar istehsal ed\u0259n, \u0259\u015fyalar\u0131 da\u015f\u0131yan v\u0259 tikintid\u0259 k\u00f6m\u0259k ed\u0259n s\u0259naye sisteml\u0259ri v\u0259 ma\u015f\u0131nlar\u0131 dizayn etm\u0259k \u00fc\u00e7\u00fcn i\u015fl\u0259yirl\u0259r. Onlar h\u0259m\u00e7inin kimy\u0259vi emal, enerji istehsal\u0131, avtomobil s\u0259nayesi v\u0259 istehsalat, tikinti xidm\u0259tl\u0259ri, aviasiya s\u0259nayesi, m\u00fcdafi\u0259 texnologiyas\u0131, qida emal\u0131 v\u0259 kommunal xidm\u0259tl\u0259rd\u0259 i\u015fl\u0259y\u0259 bil\u0259rl\u0259r.<\/p>\n<p>Eviniz, mehmanxanan\u0131z, ofisiniz v\u0259 ya dig\u0259r ticar\u0259t sah\u0259siniz olsun, biz siz\u0259 t\u0259l\u0259bl\u0259riniz\u0259 tam cavab ver\u0259c\u0259k \u0259n yax\u015f\u0131 h\u0259lli t\u0259qdim ed\u0259c\u0259yik. Layih\u0259nizi f\u0259rdil\u0259\u015fdirin. Biz siz\u0259 \u0259n q\u0131sa zamanda, \u0259n y\u00fcks\u0259k keyfiyy\u0259tl\u0259 \u0259n yax\u015f\u0131 xidm\u0259ti t\u0259qdim etm\u0259y\u0259 q\u0259rarl\u0131y\u0131q.[\/vc_column_text][\/vc_column][\/vc_row][vc_row woodmart_stretch_content=&#8221;section-stretch&#8221; css=&#8221;.vc_custom_1685360540499{background-color: #f4f4f4 !important;}&#8221; woodmart_css_id=&#8221;64748f93399d5&#8243; responsive_spacing=&#8221;eyJwYXJhbV90eXBlIjoid29vZG1hcnRfcmVzcG9uc2l2ZV9zcGFjaW5nIiwic2VsZWN0b3JfaWQiOiI2NDc0OGY5MzM5OWQ1Iiwic2hvcnRjb2RlIjoidmNfcm93IiwiZGF0YSI6eyJ0YWJsZXQiOnt9LCJtb2JpbGUiOnt9fX0=&#8221; mobile_bg_img_hidden=&#8221;no&#8221; tablet_bg_img_hidden=&#8221;no&#8221; woodmart_parallax=&#8221;0&#8243; woodmart_gradient_switch=&#8221;no&#8221; woodmart_box_shadow=&#8221;no&#8221; wd_z_index=&#8221;no&#8221; woodmart_disable_overflow=&#8221;0&#8243; row_reverse_mobile=&#8221;0&#8243; row_reverse_tablet=&#8221;0&#8243;][vc_column]\n\t\t<div id=\"wd-64746d3b2c704\" class=\"title-wrapper wd-wpb set-mb-s reset-last-child  wd-rs-64746d3b2c704 wd-title-color-default wd-title-style-default text-center  wd-underline-colored\">\n\t\t\t\n\t\t\t<div class=\"liner-continer\">\n\t\t\t\t<h4 class=\"woodmart-title-container title  wd-font-weight- wd-fontsize-l\" >Our Advantages<\/h4>\n\t\t\t\t\t\t\t<\/div>\n\t\t\t\n\t\t\t\n\t\t\t\n\t\t<\/div>\n\t\t\n\t\t[vc_column_text css=&#8221;&#8221; woodmart_inline=&#8221;no&#8221; text_larger=&#8221;no&#8221;]<strong>Rahatl\u0131q<\/strong><\/p>\n<p>Eviniz\u0259 tam uy\u011fun g\u0259l\u0259n t\u0259bii mikroiqlim.<\/p>\n<p><strong>Y\u00fcks\u0259k keyfiyy\u0259t<\/strong><\/p>\n<p>Etibarl\u0131 h\u0259ll\u0259rin \u00fcst\u00fcnl\u00fckl\u0259rind\u0259n h\u0259zz al\u0131n.<\/p>\n<p><strong>Enerji s\u0259m\u0259r\u0259liliyi<\/strong><\/p>\n<p>Ekoloji t\u0259miz h\u0259ll\u0259rimiz say\u0259sind\u0259 elektrik enerjisi x\u0259rcl\u0259rinizi azald\u0131n.<\/p>\n<p><strong>M\u00fctl\u0259q Etibarl\u0131l\u0131q<\/strong><\/p>\n<p>m\u00fc\u015ft\u0259ril\u0259r, h\u0259mkarlar, biznes t\u0259r\u0259fda\u015flar\u0131 v\u0259 icmalarla etimad v\u0259 a\u00e7\u0131ql\u0131\u011fa \u0259saslanan m\u00fcnasib\u0259tl\u0259r qurmaq \u00f6hd\u0259liyi.<\/p>\n<p><strong>M\u00fc\u0259ssis\u0259 \u0130dar\u0259etm\u0259<\/strong><\/p>\n<p>b\u00fct\u00fcn i\u015f\u00e7il\u0259rin t\u0259\u015f\u0259bb\u00fcs\u00fcn\u00fc v\u0259 m\u00fck\u0259mm\u0259lliyini h\u0259v\u0259sl\u0259ndirm\u0259k v\u0259 m\u00fckafatland\u0131rmaq yolu il\u0259 \u015firk\u0259ti qurmaq \u00f6hd\u0259liyi.<\/p>\n<p><strong>Harmonik \u015e\u0259xsi M\u00fcnasib\u0259tl\u0259r<\/strong><\/p>\n<p>m\u0259qs\u0259dl\u0259r\u0259 v\u0259 \u00e7\u0259tinlikl\u0259r\u0259 cavab verm\u0259k \u00fc\u00e7\u00fcn h\u0259r k\u0259sin birlikd\u0259 \u00e7al\u0131\u015fd\u0131\u011f\u0131 bir i\u015f yerin\u0259 ba\u011fl\u0131l\u0131q[\/vc_column_text][vc_column_text css=&#8221;&#8221; woodmart_inline=&#8221;no&#8221; text_larger=&#8221;no&#8221;][\/vc_column_text][\/vc_column][\/vc_row][vc_row][vc_column]\n\t\t<div id=\"wd-64746d64dcf82\" class=\"title-wrapper wd-wpb set-mb-s reset-last-child  wd-rs-64746d64dcf82 wd-title-color-default wd-title-style-default text-center  wd-underline-colored\">\n\t\t\t\n\t\t\t<div class=\"liner-continer\">\n\t\t\t\t<h4 class=\"woodmart-title-container title  wd-font-weight- wd-fontsize-l\" >Our Partners<\/h4>\n\t\t\t\t\t\t\t<\/div>\n\t\t\t\n\t\t\t\n\t\t\t\n\t\t<\/div>\n\t\t\n\t\t<div id=\"brands_5302\" class=\"brands-items-wrapper brands-widget slider-brands_5302 brands-grid brands-hover-default brands-style-default\" ><div class=\" row wd-spacing-0\"><\/div><\/div>[\/vc_column][\/vc_row]<\/p>\n<\/div>","protected":false},"excerpt":{"rendered":"<p>[vc_row][vc_column][vc_column_text css=&#8221;&#8221; woodmart_inline=&#8221;no&#8221; text_larger=&#8221;no&#8221;]Tikinti xidm\u0259tl\u0259ri Bina Xidm\u0259tl\u0259ri M\u00fch\u0259ndisl\u0259ri istilik, kondisioner, elektrik i\u015f\u0131qland\u0131rma v\u0259 enerji t\u0259chizat\u0131, su v\u0259 qaz t\u0259chizat\u0131, santexnika<\/p>\n","protected":false},"author":1,"featured_media":0,"parent":0,"menu_order":0,"comment_status":"closed","ping_status":"closed","template":"","meta":{"footnotes":""},"class_list":["post-23085","page","type-page","status-publish","hentry"],"yoast_head":"<!-- This site is optimized with the Yoast SEO plugin v27.1.1 - https:\/\/yoast.com\/product\/yoast-seo-wordpress\/ -->\n<title>About us - GeoClimate.ge<\/title>\n<meta name=\"robots\" content=\"index, follow, max-snippet:-1, max-image-preview:large, max-video-preview:-1\" \/>\n<link rel=\"canonical\" href=\"https:\/\/geoclimate.ge\/az\/about-us-3\/\" \/>\n<meta property=\"og:locale\" content=\"az_AZ\" \/>\n<meta property=\"og:type\" content=\"article\" \/>\n<meta property=\"og:title\" content=\"About us - GeoClimate.ge\" \/>\n<meta property=\"og:description\" content=\"[vc_row][vc_column][vc_column_text css=&#8221;&#8221; woodmart_inline=&#8221;no&#8221; text_larger=&#8221;no&#8221;]Tikinti xidm\u0259tl\u0259ri Bina Xidm\u0259tl\u0259ri M\u00fch\u0259ndisl\u0259ri istilik, kondisioner, elektrik i\u015f\u0131qland\u0131rma v\u0259 enerji t\u0259chizat\u0131, su v\u0259 qaz t\u0259chizat\u0131, santexnika\" \/>\n<meta property=\"og:url\" content=\"https:\/\/geoclimate.ge\/az\/about-us-3\/\" \/>\n<meta property=\"og:site_name\" content=\"GeoClimate.ge\" \/>\n<meta property=\"article:modified_time\" content=\"2025-02-18T14:31:26+00:00\" \/>\n<meta name=\"twitter:card\" content=\"summary_large_image\" \/>\n<meta name=\"twitter:label1\" content=\"Est. reading time\" \/>\n\t<meta name=\"twitter:data1\" content=\"7 minutes\" \/>\n<script type=\"application\/ld+json\" class=\"yoast-schema-graph\">{\"@context\":\"https:\/\/schema.org\",\"@graph\":[{\"@type\":\"WebPage\",\"@id\":\"https:\/\/geoclimate.ge\/az\/about-us-3\/\",\"url\":\"https:\/\/geoclimate.ge\/az\/about-us-3\/\",\"name\":\"About us - GeoClimate.ge\",\"isPartOf\":{\"@id\":\"https:\/\/geoclimate.ge\/#website\"},\"datePublished\":\"2021-08-25T03:26:28+00:00\",\"dateModified\":\"2025-02-18T14:31:26+00:00\",\"breadcrumb\":{\"@id\":\"https:\/\/geoclimate.ge\/az\/about-us-3\/#breadcrumb\"},\"inLanguage\":\"az\",\"potentialAction\":[{\"@type\":\"ReadAction\",\"target\":[\"https:\/\/geoclimate.ge\/az\/about-us-3\/\"]}]},{\"@type\":\"BreadcrumbList\",\"@id\":\"https:\/\/geoclimate.ge\/az\/about-us-3\/#breadcrumb\",\"itemListElement\":[{\"@type\":\"ListItem\",\"position\":1,\"name\":\"Home\",\"item\":\"https:\/\/geoclimate.ge\/az\/\"},{\"@type\":\"ListItem\",\"position\":2,\"name\":\"About us\"}]},{\"@type\":\"WebSite\",\"@id\":\"https:\/\/geoclimate.ge\/#website\",\"url\":\"https:\/\/geoclimate.ge\/\",\"name\":\"GeoClimate\",\"description\":\"\",\"publisher\":{\"@id\":\"https:\/\/geoclimate.ge\/#organization\"},\"potentialAction\":[{\"@type\":\"SearchAction\",\"target\":{\"@type\":\"EntryPoint\",\"urlTemplate\":\"https:\/\/geoclimate.ge\/?s={search_term_string}\"},\"query-input\":{\"@type\":\"PropertyValueSpecification\",\"valueRequired\":true,\"valueName\":\"search_term_string\"}}],\"inLanguage\":\"az\"},{\"@type\":\"Organization\",\"@id\":\"https:\/\/geoclimate.ge\/#organization\",\"name\":\"GeoClimate\",\"url\":\"https:\/\/geoclimate.ge\/\",\"logo\":{\"@type\":\"ImageObject\",\"inLanguage\":\"az\",\"@id\":\"https:\/\/geoclimate.ge\/#\/schema\/logo\/image\/\",\"url\":\"https:\/\/geoclimate.ge\/wp-content\/uploads\/2026\/03\/geoclimate-SEO.png\",\"contentUrl\":\"https:\/\/geoclimate.ge\/wp-content\/uploads\/2026\/03\/geoclimate-SEO.png\",\"width\":1536,\"height\":1024,\"caption\":\"GeoClimate\"},\"image\":{\"@id\":\"https:\/\/geoclimate.ge\/#\/schema\/logo\/image\/\"}}]}<\/script>\n<!-- \/ Yoast SEO plugin. -->","yoast_head_json":{"title":"About us - GeoClimate.ge","robots":{"index":"index","follow":"follow","max-snippet":"max-snippet:-1","max-image-preview":"max-image-preview:large","max-video-preview":"max-video-preview:-1"},"canonical":"https:\/\/geoclimate.ge\/az\/about-us-3\/","og_locale":"az_AZ","og_type":"article","og_title":"About us - GeoClimate.ge","og_description":"[vc_row][vc_column][vc_column_text css=&#8221;&#8221; woodmart_inline=&#8221;no&#8221; text_larger=&#8221;no&#8221;]Tikinti xidm\u0259tl\u0259ri Bina Xidm\u0259tl\u0259ri M\u00fch\u0259ndisl\u0259ri istilik, kondisioner, elektrik i\u015f\u0131qland\u0131rma v\u0259 enerji t\u0259chizat\u0131, su v\u0259 qaz t\u0259chizat\u0131, santexnika","og_url":"https:\/\/geoclimate.ge\/az\/about-us-3\/","og_site_name":"GeoClimate.ge","article_modified_time":"2025-02-18T14:31:26+00:00","twitter_card":"summary_large_image","twitter_misc":{"Est. reading time":"7 minutes"},"schema":{"@context":"https:\/\/schema.org","@graph":[{"@type":"WebPage","@id":"https:\/\/geoclimate.ge\/az\/about-us-3\/","url":"https:\/\/geoclimate.ge\/az\/about-us-3\/","name":"About us - GeoClimate.ge","isPartOf":{"@id":"https:\/\/geoclimate.ge\/#website"},"datePublished":"2021-08-25T03:26:28+00:00","dateModified":"2025-02-18T14:31:26+00:00","breadcrumb":{"@id":"https:\/\/geoclimate.ge\/az\/about-us-3\/#breadcrumb"},"inLanguage":"az","potentialAction":[{"@type":"ReadAction","target":["https:\/\/geoclimate.ge\/az\/about-us-3\/"]}]},{"@type":"BreadcrumbList","@id":"https:\/\/geoclimate.ge\/az\/about-us-3\/#breadcrumb","itemListElement":[{"@type":"ListItem","position":1,"name":"Home","item":"https:\/\/geoclimate.ge\/az\/"},{"@type":"ListItem","position":2,"name":"About us"}]},{"@type":"WebSite","@id":"https:\/\/geoclimate.ge\/#website","url":"https:\/\/geoclimate.ge\/","name":"GeoClimate","description":"","publisher":{"@id":"https:\/\/geoclimate.ge\/#organization"},"potentialAction":[{"@type":"SearchAction","target":{"@type":"EntryPoint","urlTemplate":"https:\/\/geoclimate.ge\/?s={search_term_string}"},"query-input":{"@type":"PropertyValueSpecification","valueRequired":true,"valueName":"search_term_string"}}],"inLanguage":"az"},{"@type":"Organization","@id":"https:\/\/geoclimate.ge\/#organization","name":"GeoClimate","url":"https:\/\/geoclimate.ge\/","logo":{"@type":"ImageObject","inLanguage":"az","@id":"https:\/\/geoclimate.ge\/#\/schema\/logo\/image\/","url":"https:\/\/geoclimate.ge\/wp-content\/uploads\/2026\/03\/geoclimate-SEO.png","contentUrl":"https:\/\/geoclimate.ge\/wp-content\/uploads\/2026\/03\/geoclimate-SEO.png","width":1536,"height":1024,"caption":"GeoClimate"},"image":{"@id":"https:\/\/geoclimate.ge\/#\/schema\/logo\/image\/"}}]}},"_links":{"self":[{"href":"https:\/\/geoclimate.ge\/az\/wp-json\/wp\/v2\/pages\/23085","targetHints":{"allow":["GET"]}}],"collection":[{"href":"https:\/\/geoclimate.ge\/az\/wp-json\/wp\/v2\/pages"}],"about":[{"href":"https:\/\/geoclimate.ge\/az\/wp-json\/wp\/v2\/types\/page"}],"author":[{"embeddable":true,"href":"https:\/\/geoclimate.ge\/az\/wp-json\/wp\/v2\/users\/1"}],"replies":[{"embeddable":true,"href":"https:\/\/geoclimate.ge\/az\/wp-json\/wp\/v2\/comments?post=23085"}],"version-history":[{"count":3,"href":"https:\/\/geoclimate.ge\/az\/wp-json\/wp\/v2\/pages\/23085\/revisions"}],"predecessor-version":[{"id":23090,"href":"https:\/\/geoclimate.ge\/az\/wp-json\/wp\/v2\/pages\/23085\/revisions\/23090"}],"wp:attachment":[{"href":"https:\/\/geoclimate.ge\/az\/wp-json\/wp\/v2\/media?parent=23085"}],"curies":[{"name":"wp","href":"https:\/\/api.w.org\/{rel}","templated":true}]}}