{"id":23068,"date":"2024-10-24T11:33:43","date_gmt":"2024-10-24T07:33:43","guid":{"rendered":"https:\/\/airsystems.ge\/shop\/product\/water-tanks-bolted-modular-tanks\/"},"modified":"2025-04-17T15:42:16","modified_gmt":"2025-04-17T11:42:16","slug":"water-tanks-bolted-modular-tanks","status":"publish","type":"product","link":"https:\/\/geoclimate.ge\/az\/product\/water-tanks-bolted-modular-tanks\/","title":{"rendered":"Su \u00c7\u0259nl\u0259ri >>> Boltlu Modul \u00c7\u0259nl\u0259r"},"content":{"rendered":"<p>PR\u0130ZMAT\u0130K BOLTLU (MODULAR) SU SAXLAMA \u00c7ENLER\u0130<br \/>\nPrizmatik boltlu saxlama \u00e7\u0259nl\u0259ri fabrikd\u0259n s\u00f6k\u00fcl\u0259n panell\u0259r \u015f\u0259klind\u0259 laz\u0131mi qabla\u015fd\u0131rma il\u0259 g\u00f6nd\u0259rilir v\u0259 yerind\u0259 y\u0131\u011f\u0131l\u0131r. Presl\u0259nmi\u015f qurulu\u015fa g\u00f6r\u0259 panell\u0259rin t\u0259b\u0259q\u0259 qal\u0131nl\u0131\u011f\u0131 qaynaql\u0131 \u00e7\u0259nl\u0259r\u0259 nisb\u0259t\u0259n daha azd\u0131r v\u0259 bu, daha q\u0259na\u0259tcil saxlama h\u0259ll\u0259ri istehsal etm\u0259y\u0259 k\u00f6m\u0259k edir.<\/p>\n<p>M\u00fc\u015ft\u0259rinin ehtiyaclar\u0131ndan v\u0259 layih\u0259 t\u0259l\u0259bl\u0259rind\u0259n v\u0259 maye m\u00fchitin x\u00fcsusiyy\u0259tl\u0259rind\u0259n as\u0131l\u0131 olaraq; m\u00fcxt\u0259lif material v\u0259 \u00f6rt\u00fck variantlar\u0131 m\u00f6vcuddur. Tanklar AISI304 v\u0259 AISI316 paslanmayan poladdan, isti dald\u0131rma v\u0259 ya soyuq sinkl\u0259nmi\u015f poladdan, maye membrandan, poliurea v\u0259 ya epoksi \u00f6rt\u00fckl\u00fc poladdan v\u0259 \u015f\u00fc\u015f\u0259 il\u0259 g\u00fccl\u0259ndirilmi\u015f polyesterd\u0259n (GRP) d\u0259 istehsal edil\u0259 bil\u0259r. \u00d6rt\u00fcy\u00fc yaln\u0131z maye il\u0259 t\u0259masda olan daxili s\u0259thl\u0259r\u0259 t\u0259tbiq etm\u0259k m\u00fcmk\u00fcnd\u00fcr. Epoksi v\u0259 membran \u00f6rt\u00fck material\u0131 i\u00e7m\u0259li su \u00fc\u00e7\u00fcn WRAS v\u0259 ya ANSI NSF-61 sertifikat\u0131na uy\u011fun olaraq se\u00e7il\u0259 bil\u0259r. Tutumlar 1m3-d\u0259n 2000m3-\u0259 q\u0259d\u0259r m\u00f6vcuddur.<\/p>\n<p>\u00c7\u0259nl\u0259r daxili v\u0259 xarici dayaql\u0131 v\u0259 x\u00fcsusi t\u0259l\u0259bl\u0259rl\u0259, m\u0259s\u0259l\u0259n, kiri\u015fl\u0259r, yar\u0131mpanell\u0259r, dam konstruksiyalar\u0131, x\u00fcsusi borular, birl\u0259\u015fm\u0259l\u0259r v\u0259 ya aksesuarlar v\u0259 s. \u00fcz\u0259rind\u0259 yerl\u0259\u015f\u0259c\u0259k x\u00fcsusi t\u0259l\u0259bl\u0259r\u0259 uy\u011fun dizayn edil\u0259 bil\u0259r. \u0130st\u0259nil\u0259n halda \u00e7\u0259nin alt\u0131na haz\u0131r polietilen baza da veril\u0259 bil\u0259r.<\/p>\n<p>M\u00fcxt\u0259lif \u00f6l\u00e7\u00fcl\u00fc panel modullar\u0131na g\u00f6r\u0259, qapal\u0131 v\u0259 dar yerl\u0259rd\u0259 maksimum h\u0259cm \u0259ld\u0259 etm\u0259k \u00fc\u00e7\u00fcn m\u00fc\u015ft\u0259ril\u0259r\u0259 d\u0259st\u0259yimiz tank\u0131n d\u00fczg\u00fcn \u00f6l\u00e7\u00fclm\u0259si \u00fc\u00e7\u00fcn \u0259raziy\u0259 ba\u015f \u00e7\u0259km\u0259kl\u0259 ba\u015flay\u0131r v\u0259 t\u0259cr\u00fcb\u0259li texniki sah\u0259 hey\u0259timiz t\u0259r\u0259find\u0259n pe\u015f\u0259kar m\u0259hsul \u00e7ertyojlar\u0131, mallar\u0131n \u00e7atd\u0131r\u0131lmas\u0131 v\u0259 qura\u015fd\u0131r\u0131lmas\u0131 v\u0259 s\u0131naqdan ke\u00e7irilm\u0259si il\u0259 davam edir.<\/p>\n","protected":false},"excerpt":{"rendered":"<p>PR\u0130ZMAT\u0130K BOLTLU (MODULAR) SU SAXLAMA \u00c7ENLER\u0130 Prizmatik boltlu saxlama \u00e7\u0259nl\u0259ri fabrikd\u0259n s\u00f6k\u00fcl\u0259n panell\u0259r \u015f\u0259klind\u0259 laz\u0131mi qabla\u015fd\u0131rma il\u0259 g\u00f6nd\u0259rilir v\u0259 yerind\u0259<\/p>\n","protected":false},"featured_media":21409,"template":"","meta":[],"product_brand":[],"product_cat":[1217,798],"product_tag":[],"class_list":{"0":"post-23068","1":"product","2":"type-product","3":"status-publish","4":"has-post-thumbnail","6":"product_cat-paslanmayan-su-anbari-sinklnmis-su-cnlri","7":"product_cat-water-tanks-az","9":"first","10":"instock","11":"shipping-taxable","12":"product-type-simple"},"yoast_head":"<!-- This site is optimized with the Yoast SEO plugin v27.1.1 - https:\/\/yoast.com\/product\/yoast-seo-wordpress\/ -->\n<title>Su \u00c7\u0259nl\u0259ri &gt;&gt;&gt; Boltlu Modul \u00c7\u0259nl\u0259r - GeoClimate.ge<\/title>\n<meta name=\"robots\" content=\"index, follow, max-snippet:-1, max-image-preview:large, max-video-preview:-1\" \/>\n<link rel=\"canonical\" href=\"https:\/\/geoclimate.ge\/az\/product\/water-tanks-bolted-modular-tanks\/\" \/>\n<meta property=\"og:locale\" content=\"az_AZ\" \/>\n<meta property=\"og:type\" content=\"article\" \/>\n<meta property=\"og:title\" content=\"Su \u00c7\u0259nl\u0259ri &gt;&gt;&gt; Boltlu Modul \u00c7\u0259nl\u0259r - GeoClimate.ge\" \/>\n<meta property=\"og:description\" content=\"PR\u0130ZMAT\u0130K BOLTLU (MODULAR) SU SAXLAMA \u00c7ENLER\u0130 Prizmatik boltlu saxlama \u00e7\u0259nl\u0259ri fabrikd\u0259n s\u00f6k\u00fcl\u0259n panell\u0259r \u015f\u0259klind\u0259 laz\u0131mi qabla\u015fd\u0131rma il\u0259 g\u00f6nd\u0259rilir v\u0259 yerind\u0259\" \/>\n<meta property=\"og:url\" content=\"https:\/\/geoclimate.ge\/az\/product\/water-tanks-bolted-modular-tanks\/\" \/>\n<meta property=\"og:site_name\" content=\"GeoClimate.ge\" \/>\n<meta property=\"article:modified_time\" content=\"2025-04-17T11:42:16+00:00\" \/>\n<meta property=\"og:image\" content=\"https:\/\/geoclimate.ge\/wp-content\/uploads\/2024\/10\/01-Prismatic-Storage-Tank-scaled.jpg\" \/>\n\t<meta property=\"og:image:width\" content=\"2560\" \/>\n\t<meta property=\"og:image:height\" content=\"1920\" \/>\n\t<meta property=\"og:image:type\" content=\"image\/jpeg\" \/>\n<meta name=\"twitter:card\" content=\"summary_large_image\" \/>\n<meta name=\"twitter:label1\" content=\"Est. reading time\" \/>\n\t<meta name=\"twitter:data1\" content=\"2 minutes\" \/>\n<script type=\"application\/ld+json\" class=\"yoast-schema-graph\">{\"@context\":\"https:\/\/schema.org\",\"@graph\":[{\"@type\":\"WebPage\",\"@id\":\"https:\/\/geoclimate.ge\/az\/product\/water-tanks-bolted-modular-tanks\/\",\"url\":\"https:\/\/geoclimate.ge\/az\/product\/water-tanks-bolted-modular-tanks\/\",\"name\":\"Su \u00c7\u0259nl\u0259ri >>> Boltlu Modul \u00c7\u0259nl\u0259r - GeoClimate.ge\",\"isPartOf\":{\"@id\":\"https:\/\/geoclimate.ge\/#website\"},\"primaryImageOfPage\":{\"@id\":\"https:\/\/geoclimate.ge\/az\/product\/water-tanks-bolted-modular-tanks\/#primaryimage\"},\"image\":{\"@id\":\"https:\/\/geoclimate.ge\/az\/product\/water-tanks-bolted-modular-tanks\/#primaryimage\"},\"thumbnailUrl\":\"https:\/\/geoclimate.ge\/wp-content\/uploads\/2024\/10\/01-Prismatic-Storage-Tank-scaled.jpg\",\"datePublished\":\"2024-10-24T07:33:43+00:00\",\"dateModified\":\"2025-04-17T11:42:16+00:00\",\"breadcrumb\":{\"@id\":\"https:\/\/geoclimate.ge\/az\/product\/water-tanks-bolted-modular-tanks\/#breadcrumb\"},\"inLanguage\":\"az\",\"potentialAction\":[{\"@type\":\"ReadAction\",\"target\":[\"https:\/\/geoclimate.ge\/az\/product\/water-tanks-bolted-modular-tanks\/\"]}]},{\"@type\":\"ImageObject\",\"inLanguage\":\"az\",\"@id\":\"https:\/\/geoclimate.ge\/az\/product\/water-tanks-bolted-modular-tanks\/#primaryimage\",\"url\":\"https:\/\/geoclimate.ge\/wp-content\/uploads\/2024\/10\/01-Prismatic-Storage-Tank-scaled.jpg\",\"contentUrl\":\"https:\/\/geoclimate.ge\/wp-content\/uploads\/2024\/10\/01-Prismatic-Storage-Tank-scaled.jpg\",\"width\":2560,\"height\":1920},{\"@type\":\"BreadcrumbList\",\"@id\":\"https:\/\/geoclimate.ge\/az\/product\/water-tanks-bolted-modular-tanks\/#breadcrumb\",\"itemListElement\":[{\"@type\":\"ListItem\",\"position\":1,\"name\":\"Home\",\"item\":\"https:\/\/geoclimate.ge\/az\/\"},{\"@type\":\"ListItem\",\"position\":2,\"name\":\"M\u0259hsullar\",\"item\":\"https:\/\/geoclimate.ge\/az\/products\/\"},{\"@type\":\"ListItem\",\"position\":3,\"name\":\"Su \u00c7\u0259nl\u0259ri >>> Boltlu Modul \u00c7\u0259nl\u0259r\"}]},{\"@type\":\"WebSite\",\"@id\":\"https:\/\/geoclimate.ge\/#website\",\"url\":\"https:\/\/geoclimate.ge\/\",\"name\":\"GeoClimate\",\"description\":\"\",\"publisher\":{\"@id\":\"https:\/\/geoclimate.ge\/#organization\"},\"potentialAction\":[{\"@type\":\"SearchAction\",\"target\":{\"@type\":\"EntryPoint\",\"urlTemplate\":\"https:\/\/geoclimate.ge\/?s={search_term_string}\"},\"query-input\":{\"@type\":\"PropertyValueSpecification\",\"valueRequired\":true,\"valueName\":\"search_term_string\"}}],\"inLanguage\":\"az\"},{\"@type\":\"Organization\",\"@id\":\"https:\/\/geoclimate.ge\/#organization\",\"name\":\"GeoClimate\",\"url\":\"https:\/\/geoclimate.ge\/\",\"logo\":{\"@type\":\"ImageObject\",\"inLanguage\":\"az\",\"@id\":\"https:\/\/geoclimate.ge\/#\/schema\/logo\/image\/\",\"url\":\"https:\/\/geoclimate.ge\/wp-content\/uploads\/2026\/03\/geoclimate-SEO.png\",\"contentUrl\":\"https:\/\/geoclimate.ge\/wp-content\/uploads\/2026\/03\/geoclimate-SEO.png\",\"width\":1536,\"height\":1024,\"caption\":\"GeoClimate\"},\"image\":{\"@id\":\"https:\/\/geoclimate.ge\/#\/schema\/logo\/image\/\"}}]}<\/script>\n<!-- \/ Yoast SEO plugin. -->","yoast_head_json":{"title":"Su \u00c7\u0259nl\u0259ri >>> Boltlu Modul \u00c7\u0259nl\u0259r - GeoClimate.ge","robots":{"index":"index","follow":"follow","max-snippet":"max-snippet:-1","max-image-preview":"max-image-preview:large","max-video-preview":"max-video-preview:-1"},"canonical":"https:\/\/geoclimate.ge\/az\/product\/water-tanks-bolted-modular-tanks\/","og_locale":"az_AZ","og_type":"article","og_title":"Su \u00c7\u0259nl\u0259ri >>> Boltlu Modul \u00c7\u0259nl\u0259r - GeoClimate.ge","og_description":"PR\u0130ZMAT\u0130K BOLTLU (MODULAR) SU SAXLAMA \u00c7ENLER\u0130 Prizmatik boltlu saxlama \u00e7\u0259nl\u0259ri fabrikd\u0259n s\u00f6k\u00fcl\u0259n panell\u0259r \u015f\u0259klind\u0259 laz\u0131mi qabla\u015fd\u0131rma il\u0259 g\u00f6nd\u0259rilir v\u0259 yerind\u0259","og_url":"https:\/\/geoclimate.ge\/az\/product\/water-tanks-bolted-modular-tanks\/","og_site_name":"GeoClimate.ge","article_modified_time":"2025-04-17T11:42:16+00:00","og_image":[{"width":2560,"height":1920,"url":"https:\/\/geoclimate.ge\/wp-content\/uploads\/2024\/10\/01-Prismatic-Storage-Tank-scaled.jpg","type":"image\/jpeg"}],"twitter_card":"summary_large_image","twitter_misc":{"Est. reading time":"2 minutes"},"schema":{"@context":"https:\/\/schema.org","@graph":[{"@type":"WebPage","@id":"https:\/\/geoclimate.ge\/az\/product\/water-tanks-bolted-modular-tanks\/","url":"https:\/\/geoclimate.ge\/az\/product\/water-tanks-bolted-modular-tanks\/","name":"Su \u00c7\u0259nl\u0259ri >>> Boltlu Modul \u00c7\u0259nl\u0259r - GeoClimate.ge","isPartOf":{"@id":"https:\/\/geoclimate.ge\/#website"},"primaryImageOfPage":{"@id":"https:\/\/geoclimate.ge\/az\/product\/water-tanks-bolted-modular-tanks\/#primaryimage"},"image":{"@id":"https:\/\/geoclimate.ge\/az\/product\/water-tanks-bolted-modular-tanks\/#primaryimage"},"thumbnailUrl":"https:\/\/geoclimate.ge\/wp-content\/uploads\/2024\/10\/01-Prismatic-Storage-Tank-scaled.jpg","datePublished":"2024-10-24T07:33:43+00:00","dateModified":"2025-04-17T11:42:16+00:00","breadcrumb":{"@id":"https:\/\/geoclimate.ge\/az\/product\/water-tanks-bolted-modular-tanks\/#breadcrumb"},"inLanguage":"az","potentialAction":[{"@type":"ReadAction","target":["https:\/\/geoclimate.ge\/az\/product\/water-tanks-bolted-modular-tanks\/"]}]},{"@type":"ImageObject","inLanguage":"az","@id":"https:\/\/geoclimate.ge\/az\/product\/water-tanks-bolted-modular-tanks\/#primaryimage","url":"https:\/\/geoclimate.ge\/wp-content\/uploads\/2024\/10\/01-Prismatic-Storage-Tank-scaled.jpg","contentUrl":"https:\/\/geoclimate.ge\/wp-content\/uploads\/2024\/10\/01-Prismatic-Storage-Tank-scaled.jpg","width":2560,"height":1920},{"@type":"BreadcrumbList","@id":"https:\/\/geoclimate.ge\/az\/product\/water-tanks-bolted-modular-tanks\/#breadcrumb","itemListElement":[{"@type":"ListItem","position":1,"name":"Home","item":"https:\/\/geoclimate.ge\/az\/"},{"@type":"ListItem","position":2,"name":"M\u0259hsullar","item":"https:\/\/geoclimate.ge\/az\/products\/"},{"@type":"ListItem","position":3,"name":"Su \u00c7\u0259nl\u0259ri >>> Boltlu Modul \u00c7\u0259nl\u0259r"}]},{"@type":"WebSite","@id":"https:\/\/geoclimate.ge\/#website","url":"https:\/\/geoclimate.ge\/","name":"GeoClimate","description":"","publisher":{"@id":"https:\/\/geoclimate.ge\/#organization"},"potentialAction":[{"@type":"SearchAction","target":{"@type":"EntryPoint","urlTemplate":"https:\/\/geoclimate.ge\/?s={search_term_string}"},"query-input":{"@type":"PropertyValueSpecification","valueRequired":true,"valueName":"search_term_string"}}],"inLanguage":"az"},{"@type":"Organization","@id":"https:\/\/geoclimate.ge\/#organization","name":"GeoClimate","url":"https:\/\/geoclimate.ge\/","logo":{"@type":"ImageObject","inLanguage":"az","@id":"https:\/\/geoclimate.ge\/#\/schema\/logo\/image\/","url":"https:\/\/geoclimate.ge\/wp-content\/uploads\/2026\/03\/geoclimate-SEO.png","contentUrl":"https:\/\/geoclimate.ge\/wp-content\/uploads\/2026\/03\/geoclimate-SEO.png","width":1536,"height":1024,"caption":"GeoClimate"},"image":{"@id":"https:\/\/geoclimate.ge\/#\/schema\/logo\/image\/"}}]}},"_links":{"self":[{"href":"https:\/\/geoclimate.ge\/az\/wp-json\/wp\/v2\/product\/23068","targetHints":{"allow":["GET"]}}],"collection":[{"href":"https:\/\/geoclimate.ge\/az\/wp-json\/wp\/v2\/product"}],"about":[{"href":"https:\/\/geoclimate.ge\/az\/wp-json\/wp\/v2\/types\/product"}],"wp:featuredmedia":[{"embeddable":true,"href":"https:\/\/geoclimate.ge\/az\/wp-json\/wp\/v2\/media\/21409"}],"wp:attachment":[{"href":"https:\/\/geoclimate.ge\/az\/wp-json\/wp\/v2\/media?parent=23068"}],"wp:term":[{"taxonomy":"product_brand","embeddable":true,"href":"https:\/\/geoclimate.ge\/az\/wp-json\/wp\/v2\/product_brand?post=23068"},{"taxonomy":"product_cat","embeddable":true,"href":"https:\/\/geoclimate.ge\/az\/wp-json\/wp\/v2\/product_cat?post=23068"},{"taxonomy":"product_tag","embeddable":true,"href":"https:\/\/geoclimate.ge\/az\/wp-json\/wp\/v2\/product_tag?post=23068"}],"curies":[{"name":"wp","href":"https:\/\/api.w.org\/{rel}","templated":true}]}}