{"id":23092,"date":"2024-01-30T20:24:24","date_gmt":"2024-01-30T16:24:24","guid":{"rendered":"https:\/\/airsystems.ge\/shop\/product\/infoair-remote-monitoring\/"},"modified":"2025-02-18T19:04:38","modified_gmt":"2025-02-18T15:04:38","slug":"infoair-remote-monitoring","status":"publish","type":"product","link":"https:\/\/geoclimate.ge\/az\/product\/infoair-remote-monitoring\/","title":{"rendered":"InfoAir uzaqdan monitorinq"},"content":{"rendered":"<section class=\"max-w-[1088px] mx-auto w-full px-5 my-10 md:my-12 lg:my-16 xl:my-20 xl:px-0\" data-block=\"bullet-list\">\n<div class=\"md:text-center\">\n<p><strong>\u018fsas x\u00fcsusiyy\u0259tl\u0259r<\/strong><br \/>\nSad\u0259l\u0259\u015fdirilmi\u015f donanma idar\u0259\u00e7iliyi<br \/>\nT\u0259kmil t\u0259hl\u00fck\u0259sizlik v\u0259 uy\u011funluq<br \/>\nProfilaktik bax\u0131m v\u0259 minimum fasil\u0259l\u0259r<br \/>\nOptimal resurs b\u00f6lg\u00fcs\u00fc<br \/>\nX\u0259rcl\u0259r\u0259 q\u0259na\u0259t v\u0259 m\u00fc\u015ft\u0259ri m\u0259mnuniyy\u0259ti<br \/>\nUzaqdan nasazl\u0131qlar\u0131n aradan qald\u0131r\u0131lmas\u0131 v\u0259 texniki d\u0259st\u0259k<\/p>\n<p><strong>Faydalar\u0131<\/strong><br \/>\nSaytda i\u015fl\u0259y\u0259n portativ q\u0131zd\u0131r\u0131c\u0131lar\u0131n canl\u0131 parametrl\u0259ri il\u0259 m\u0259lumatlar\u0131 veb \u0259sasl\u0131 tablosuna \u00f6t\u00fcr\u0259n bulud \u0259sasl\u0131 sistem<br \/>\nQ\u0131zd\u0131r\u0131c\u0131n\u0131 uzaqdan ba\u011flamaq v\u0259 a\u00e7maq imkan\u0131<br \/>\nElektrik enerjisinin m\u00f6vcudlu\u011funun a\u015fkarlanmas\u0131 v\u0259 g\u0259rginlik s\u0259viyy\u0259sinin monitorinqi<br \/>\nPortativ q\u0131zd\u0131r\u0131c\u0131n\u0131n yand\u0131rma\/s\u00f6nd\u00fcrm\u0259 v\u0259ziyy\u0259tinin a\u015fkarlanmas\u0131<br \/>\nYanacaq s\u0259viyy\u0259sin\u0259 n\u0259zar\u0259t (iste\u011fe ba\u011fl\u0131)<br \/>\nOtaq temperaturu v\u0259 r\u00fctub\u0259tin\u0259 n\u0259zar\u0259t<br \/>\nGPS izl\u0259yicisi \u2013 portativ q\u0131zd\u0131r\u0131c\u0131n\u0131n yerini izl\u0259m\u0259y\u0259 imkan verir<br \/>\nQura\u015fd\u0131rma min. v\u0259 maks. temperatur h\u0259dl\u0259ri, portativ q\u0131zd\u0131r\u0131c\u0131n\u0131n \u0259vv\u0259lc\u0259d\u0259n isitm\u0259 v\u0259 soyutma m\u00fcdd\u0259ti<br \/>\nSiqnal bildiri\u015fl\u0259ri<br \/>\nHesabat\u0131n yarad\u0131lmas\u0131<br \/>\nYaln\u0131z InfoAir etiketi da\u015f\u0131yan portativ q\u0131zd\u0131r\u0131c\u0131larla uy\u011fun g\u0259lir<\/p>\n<p><strong>\u00fc\u00e7\u00fcn uy\u011fundur<\/strong><br \/>\nK\u0259nd t\u0259s\u0259rr\u00fcfat\u0131<br \/>\nAvtomobil<br \/>\nTicar\u0259t binalar\u0131<br \/>\nTikinti<br \/>\nT\u0259cili yard\u0131m xidm\u0259tl\u0259ri<br \/>\nT\u0259dbirl\u0259r v\u0259 festivallar<br \/>\nS\u0259naye, fabrik v\u0259 istehsal<br \/>\n\u0130car\u0259 \u015firk\u0259tl\u0259ri<\/p>\n<\/div>\n<\/section>\n","protected":false},"excerpt":{"rendered":"[embed]https:\/\/vimeo.com\/995845713[\/embed]\n<div class=\"QcsUad BDJ8fb BLojaf sMVRZe hCXDsb wneUed\">\n<div class=\"usGWQd\">\n<div class=\"KkbLmb\">\n<div class=\"lRu31\" dir=\"ltr\">Uzaqdan iqlim n\u0259zar\u0259ti<br \/>\nInfoAir, m\u00fcxt\u0259lif s\u0259naye v\u0259 kommersiya t\u0259tbiql\u0259ri \u00fc\u00e7\u00fcn \u00e7ox y\u00f6nl\u00fc v\u0259 s\u0259rf\u0259li se\u00e7im olan portativ q\u0131zd\u0131r\u0131c\u0131lar\u0131n istifad\u0259sini daha da art\u0131rmaq \u00fc\u00e7\u00fcn n\u0259z\u0259rd\u0259 tutulmu\u015f \u00e7oxfunksiyal\u0131 uzaqdan monitorinq sistemidir. Lakin kommunikasiya imkanlar\u0131 olmadan onlar status yoxlamalar\u0131 \u00fc\u00e7\u00fcn m\u00fcnt\u0259z\u0259m fiziki s\u0259f\u0259rl\u0259r t\u0259l\u0259b edirl\u0259r. InfoAir bu problemi h\u0259ll edir v\u0259 bir s\u0131ra \u00fcst\u00fcnl\u00fckl\u0259r t\u0259klif edir. O, donanman\u0131n idar\u0259 edilm\u0259sini asanla\u015fd\u0131r\u0131r, performans v\u0259 \u0259m\u0259liyyat v\u0259ziyy\u0259ti haqq\u0131nda real vaxt m\u0259lumatlar\u0131 ist\u0259nil\u0259n yer\u0259 t\u0259qdim edir. Dayanma vaxt\u0131, a\u015fa\u011f\u0131 yanacaq, qar\u015f\u0131dan g\u0259l\u0259n xidm\u0259t\/texniki t\u0259l\u0259bl\u0259r zaman\u0131 uzaqdan x\u0259b\u0259rdarl\u0131qlar v\u0259 ya ox\u015far \u015f\u0259kild\u0259 dayanma m\u00fcdd\u0259tini minimuma endirir v\u0259 dinclik t\u0259klif edir.<\/div>\n<\/div>\n<\/div>\n<\/div>\n","protected":false},"featured_media":21584,"template":"","meta":[],"product_brand":[],"product_cat":[809,808,810],"product_tag":[],"class_list":{"0":"post-23092","1":"product","2":"type-product","3":"status-publish","4":"has-post-thumbnail","6":"product_cat-hava-nmlndiricisi-kondisioner-az-ventilyasiya-ventilyator","7":"product_cat-dolayi-dizel-hava-qizdiricisi-kerosinli","8":"product_cat-kolorifer-qizdirici-istilik-az","10":"first","11":"instock","12":"shipping-taxable","13":"product-type-simple"},"yoast_head":"<!-- This site is optimized with the Yoast SEO plugin v27.1.1 - https:\/\/yoast.com\/product\/yoast-seo-wordpress\/ -->\n<title>InfoAir uzaqdan monitorinq - GeoClimate.ge<\/title>\n<meta name=\"robots\" content=\"index, follow, max-snippet:-1, max-image-preview:large, max-video-preview:-1\" \/>\n<link rel=\"canonical\" href=\"https:\/\/geoclimate.ge\/az\/product\/infoair-remote-monitoring\/\" \/>\n<meta property=\"og:locale\" content=\"az_AZ\" \/>\n<meta property=\"og:type\" content=\"article\" \/>\n<meta property=\"og:title\" content=\"InfoAir uzaqdan monitorinq - GeoClimate.ge\" \/>\n<meta property=\"og:description\" content=\"Uzaqdan iqlim n\u0259zar\u0259ti InfoAir, m\u00fcxt\u0259lif s\u0259naye v\u0259 kommersiya t\u0259tbiql\u0259ri \u00fc\u00e7\u00fcn \u00e7ox y\u00f6nl\u00fc v\u0259 s\u0259rf\u0259li se\u00e7im olan portativ q\u0131zd\u0131r\u0131c\u0131lar\u0131n istifad\u0259sini daha da art\u0131rmaq \u00fc\u00e7\u00fcn n\u0259z\u0259rd\u0259 tutulmu\u015f \u00e7oxfunksiyal\u0131 uzaqdan monitorinq sistemidir. Lakin kommunikasiya imkanlar\u0131 olmadan onlar status yoxlamalar\u0131 \u00fc\u00e7\u00fcn m\u00fcnt\u0259z\u0259m fiziki s\u0259f\u0259rl\u0259r t\u0259l\u0259b edirl\u0259r. InfoAir bu problemi h\u0259ll edir v\u0259 bir s\u0131ra \u00fcst\u00fcnl\u00fckl\u0259r t\u0259klif edir. O, donanman\u0131n idar\u0259 edilm\u0259sini asanla\u015fd\u0131r\u0131r, performans v\u0259 \u0259m\u0259liyyat v\u0259ziyy\u0259ti haqq\u0131nda real vaxt m\u0259lumatlar\u0131 ist\u0259nil\u0259n yer\u0259 t\u0259qdim edir. Dayanma vaxt\u0131, a\u015fa\u011f\u0131 yanacaq, qar\u015f\u0131dan g\u0259l\u0259n xidm\u0259t\/texniki t\u0259l\u0259bl\u0259r zaman\u0131 uzaqdan x\u0259b\u0259rdarl\u0131qlar v\u0259 ya ox\u015far \u015f\u0259kild\u0259 dayanma m\u00fcdd\u0259tini minimuma endirir v\u0259 dinclik t\u0259klif edir.\" \/>\n<meta property=\"og:url\" content=\"https:\/\/geoclimate.ge\/az\/product\/infoair-remote-monitoring\/\" \/>\n<meta property=\"og:site_name\" content=\"GeoClimate.ge\" \/>\n<meta property=\"article:modified_time\" content=\"2025-02-18T15:04:38+00:00\" \/>\n<meta property=\"og:image\" content=\"https:\/\/geoclimate.ge\/wp-content\/uploads\/2024\/11\/InfoAir_front_image_web_2f36eb961623f37d75fa298e9bd01544.webp\" \/>\n\t<meta property=\"og:image:width\" content=\"500\" \/>\n\t<meta property=\"og:image:height\" content=\"500\" \/>\n\t<meta property=\"og:image:type\" content=\"image\/webp\" \/>\n<meta name=\"twitter:card\" content=\"summary_large_image\" \/>\n<meta name=\"twitter:label1\" content=\"Est. reading time\" \/>\n\t<meta name=\"twitter:data1\" content=\"1 minute\" \/>\n<script type=\"application\/ld+json\" class=\"yoast-schema-graph\">{\"@context\":\"https:\/\/schema.org\",\"@graph\":[{\"@type\":\"WebPage\",\"@id\":\"https:\/\/geoclimate.ge\/az\/product\/infoair-remote-monitoring\/\",\"url\":\"https:\/\/geoclimate.ge\/az\/product\/infoair-remote-monitoring\/\",\"name\":\"InfoAir uzaqdan monitorinq - GeoClimate.ge\",\"isPartOf\":{\"@id\":\"https:\/\/geoclimate.ge\/#website\"},\"primaryImageOfPage\":{\"@id\":\"https:\/\/geoclimate.ge\/az\/product\/infoair-remote-monitoring\/#primaryimage\"},\"image\":{\"@id\":\"https:\/\/geoclimate.ge\/az\/product\/infoair-remote-monitoring\/#primaryimage\"},\"thumbnailUrl\":\"https:\/\/geoclimate.ge\/wp-content\/uploads\/2024\/11\/InfoAir_front_image_web_2f36eb961623f37d75fa298e9bd01544.webp\",\"datePublished\":\"2024-01-30T16:24:24+00:00\",\"dateModified\":\"2025-02-18T15:04:38+00:00\",\"breadcrumb\":{\"@id\":\"https:\/\/geoclimate.ge\/az\/product\/infoair-remote-monitoring\/#breadcrumb\"},\"inLanguage\":\"az\",\"potentialAction\":[{\"@type\":\"ReadAction\",\"target\":[\"https:\/\/geoclimate.ge\/az\/product\/infoair-remote-monitoring\/\"]}]},{\"@type\":\"ImageObject\",\"inLanguage\":\"az\",\"@id\":\"https:\/\/geoclimate.ge\/az\/product\/infoair-remote-monitoring\/#primaryimage\",\"url\":\"https:\/\/geoclimate.ge\/wp-content\/uploads\/2024\/11\/InfoAir_front_image_web_2f36eb961623f37d75fa298e9bd01544.webp\",\"contentUrl\":\"https:\/\/geoclimate.ge\/wp-content\/uploads\/2024\/11\/InfoAir_front_image_web_2f36eb961623f37d75fa298e9bd01544.webp\",\"width\":500,\"height\":500},{\"@type\":\"BreadcrumbList\",\"@id\":\"https:\/\/geoclimate.ge\/az\/product\/infoair-remote-monitoring\/#breadcrumb\",\"itemListElement\":[{\"@type\":\"ListItem\",\"position\":1,\"name\":\"Home\",\"item\":\"https:\/\/geoclimate.ge\/az\/\"},{\"@type\":\"ListItem\",\"position\":2,\"name\":\"M\u0259hsullar\",\"item\":\"https:\/\/geoclimate.ge\/az\/products\/\"},{\"@type\":\"ListItem\",\"position\":3,\"name\":\"InfoAir uzaqdan monitorinq\"}]},{\"@type\":\"WebSite\",\"@id\":\"https:\/\/geoclimate.ge\/#website\",\"url\":\"https:\/\/geoclimate.ge\/\",\"name\":\"GeoClimate\",\"description\":\"\",\"publisher\":{\"@id\":\"https:\/\/geoclimate.ge\/#organization\"},\"potentialAction\":[{\"@type\":\"SearchAction\",\"target\":{\"@type\":\"EntryPoint\",\"urlTemplate\":\"https:\/\/geoclimate.ge\/?s={search_term_string}\"},\"query-input\":{\"@type\":\"PropertyValueSpecification\",\"valueRequired\":true,\"valueName\":\"search_term_string\"}}],\"inLanguage\":\"az\"},{\"@type\":\"Organization\",\"@id\":\"https:\/\/geoclimate.ge\/#organization\",\"name\":\"GeoClimate\",\"url\":\"https:\/\/geoclimate.ge\/\",\"logo\":{\"@type\":\"ImageObject\",\"inLanguage\":\"az\",\"@id\":\"https:\/\/geoclimate.ge\/#\/schema\/logo\/image\/\",\"url\":\"https:\/\/geoclimate.ge\/wp-content\/uploads\/2026\/03\/geoclimate-SEO.png\",\"contentUrl\":\"https:\/\/geoclimate.ge\/wp-content\/uploads\/2026\/03\/geoclimate-SEO.png\",\"width\":1536,\"height\":1024,\"caption\":\"GeoClimate\"},\"image\":{\"@id\":\"https:\/\/geoclimate.ge\/#\/schema\/logo\/image\/\"}}]}<\/script>\n<!-- \/ Yoast SEO plugin. -->","yoast_head_json":{"title":"InfoAir uzaqdan monitorinq - GeoClimate.ge","robots":{"index":"index","follow":"follow","max-snippet":"max-snippet:-1","max-image-preview":"max-image-preview:large","max-video-preview":"max-video-preview:-1"},"canonical":"https:\/\/geoclimate.ge\/az\/product\/infoair-remote-monitoring\/","og_locale":"az_AZ","og_type":"article","og_title":"InfoAir uzaqdan monitorinq - GeoClimate.ge","og_description":"Uzaqdan iqlim n\u0259zar\u0259ti InfoAir, m\u00fcxt\u0259lif s\u0259naye v\u0259 kommersiya t\u0259tbiql\u0259ri \u00fc\u00e7\u00fcn \u00e7ox y\u00f6nl\u00fc v\u0259 s\u0259rf\u0259li se\u00e7im olan portativ q\u0131zd\u0131r\u0131c\u0131lar\u0131n istifad\u0259sini daha da art\u0131rmaq \u00fc\u00e7\u00fcn n\u0259z\u0259rd\u0259 tutulmu\u015f \u00e7oxfunksiyal\u0131 uzaqdan monitorinq sistemidir. Lakin kommunikasiya imkanlar\u0131 olmadan onlar status yoxlamalar\u0131 \u00fc\u00e7\u00fcn m\u00fcnt\u0259z\u0259m fiziki s\u0259f\u0259rl\u0259r t\u0259l\u0259b edirl\u0259r. InfoAir bu problemi h\u0259ll edir v\u0259 bir s\u0131ra \u00fcst\u00fcnl\u00fckl\u0259r t\u0259klif edir. O, donanman\u0131n idar\u0259 edilm\u0259sini asanla\u015fd\u0131r\u0131r, performans v\u0259 \u0259m\u0259liyyat v\u0259ziyy\u0259ti haqq\u0131nda real vaxt m\u0259lumatlar\u0131 ist\u0259nil\u0259n yer\u0259 t\u0259qdim edir. Dayanma vaxt\u0131, a\u015fa\u011f\u0131 yanacaq, qar\u015f\u0131dan g\u0259l\u0259n xidm\u0259t\/texniki t\u0259l\u0259bl\u0259r zaman\u0131 uzaqdan x\u0259b\u0259rdarl\u0131qlar v\u0259 ya ox\u015far \u015f\u0259kild\u0259 dayanma m\u00fcdd\u0259tini minimuma endirir v\u0259 dinclik t\u0259klif edir.","og_url":"https:\/\/geoclimate.ge\/az\/product\/infoair-remote-monitoring\/","og_site_name":"GeoClimate.ge","article_modified_time":"2025-02-18T15:04:38+00:00","og_image":[{"width":500,"height":500,"url":"https:\/\/geoclimate.ge\/wp-content\/uploads\/2024\/11\/InfoAir_front_image_web_2f36eb961623f37d75fa298e9bd01544.webp","type":"image\/webp"}],"twitter_card":"summary_large_image","twitter_misc":{"Est. reading time":"1 minute"},"schema":{"@context":"https:\/\/schema.org","@graph":[{"@type":"WebPage","@id":"https:\/\/geoclimate.ge\/az\/product\/infoair-remote-monitoring\/","url":"https:\/\/geoclimate.ge\/az\/product\/infoair-remote-monitoring\/","name":"InfoAir uzaqdan monitorinq - GeoClimate.ge","isPartOf":{"@id":"https:\/\/geoclimate.ge\/#website"},"primaryImageOfPage":{"@id":"https:\/\/geoclimate.ge\/az\/product\/infoair-remote-monitoring\/#primaryimage"},"image":{"@id":"https:\/\/geoclimate.ge\/az\/product\/infoair-remote-monitoring\/#primaryimage"},"thumbnailUrl":"https:\/\/geoclimate.ge\/wp-content\/uploads\/2024\/11\/InfoAir_front_image_web_2f36eb961623f37d75fa298e9bd01544.webp","datePublished":"2024-01-30T16:24:24+00:00","dateModified":"2025-02-18T15:04:38+00:00","breadcrumb":{"@id":"https:\/\/geoclimate.ge\/az\/product\/infoair-remote-monitoring\/#breadcrumb"},"inLanguage":"az","potentialAction":[{"@type":"ReadAction","target":["https:\/\/geoclimate.ge\/az\/product\/infoair-remote-monitoring\/"]}]},{"@type":"ImageObject","inLanguage":"az","@id":"https:\/\/geoclimate.ge\/az\/product\/infoair-remote-monitoring\/#primaryimage","url":"https:\/\/geoclimate.ge\/wp-content\/uploads\/2024\/11\/InfoAir_front_image_web_2f36eb961623f37d75fa298e9bd01544.webp","contentUrl":"https:\/\/geoclimate.ge\/wp-content\/uploads\/2024\/11\/InfoAir_front_image_web_2f36eb961623f37d75fa298e9bd01544.webp","width":500,"height":500},{"@type":"BreadcrumbList","@id":"https:\/\/geoclimate.ge\/az\/product\/infoair-remote-monitoring\/#breadcrumb","itemListElement":[{"@type":"ListItem","position":1,"name":"Home","item":"https:\/\/geoclimate.ge\/az\/"},{"@type":"ListItem","position":2,"name":"M\u0259hsullar","item":"https:\/\/geoclimate.ge\/az\/products\/"},{"@type":"ListItem","position":3,"name":"InfoAir uzaqdan monitorinq"}]},{"@type":"WebSite","@id":"https:\/\/geoclimate.ge\/#website","url":"https:\/\/geoclimate.ge\/","name":"GeoClimate","description":"","publisher":{"@id":"https:\/\/geoclimate.ge\/#organization"},"potentialAction":[{"@type":"SearchAction","target":{"@type":"EntryPoint","urlTemplate":"https:\/\/geoclimate.ge\/?s={search_term_string}"},"query-input":{"@type":"PropertyValueSpecification","valueRequired":true,"valueName":"search_term_string"}}],"inLanguage":"az"},{"@type":"Organization","@id":"https:\/\/geoclimate.ge\/#organization","name":"GeoClimate","url":"https:\/\/geoclimate.ge\/","logo":{"@type":"ImageObject","inLanguage":"az","@id":"https:\/\/geoclimate.ge\/#\/schema\/logo\/image\/","url":"https:\/\/geoclimate.ge\/wp-content\/uploads\/2026\/03\/geoclimate-SEO.png","contentUrl":"https:\/\/geoclimate.ge\/wp-content\/uploads\/2026\/03\/geoclimate-SEO.png","width":1536,"height":1024,"caption":"GeoClimate"},"image":{"@id":"https:\/\/geoclimate.ge\/#\/schema\/logo\/image\/"}}]}},"_links":{"self":[{"href":"https:\/\/geoclimate.ge\/az\/wp-json\/wp\/v2\/product\/23092","targetHints":{"allow":["GET"]}}],"collection":[{"href":"https:\/\/geoclimate.ge\/az\/wp-json\/wp\/v2\/product"}],"about":[{"href":"https:\/\/geoclimate.ge\/az\/wp-json\/wp\/v2\/types\/product"}],"wp:featuredmedia":[{"embeddable":true,"href":"https:\/\/geoclimate.ge\/az\/wp-json\/wp\/v2\/media\/21584"}],"wp:attachment":[{"href":"https:\/\/geoclimate.ge\/az\/wp-json\/wp\/v2\/media?parent=23092"}],"wp:term":[{"taxonomy":"product_brand","embeddable":true,"href":"https:\/\/geoclimate.ge\/az\/wp-json\/wp\/v2\/product_brand?post=23092"},{"taxonomy":"product_cat","embeddable":true,"href":"https:\/\/geoclimate.ge\/az\/wp-json\/wp\/v2\/product_cat?post=23092"},{"taxonomy":"product_tag","embeddable":true,"href":"https:\/\/geoclimate.ge\/az\/wp-json\/wp\/v2\/product_tag?post=23092"}],"curies":[{"name":"wp","href":"https:\/\/api.w.org\/{rel}","templated":true}]}}