{"id":23107,"date":"2025-02-08T18:24:06","date_gmt":"2025-02-08T14:24:06","guid":{"rendered":"https:\/\/airsystems.ge\/shop\/product\/h13-rigidbag-bag-filter\/"},"modified":"2025-02-20T10:54:40","modified_gmt":"2025-02-20T06:54:40","slug":"h13-rigidbag-bag-filter","status":"publish","type":"product","link":"https:\/\/geoclimate.ge\/az\/product\/h13-rigidbag-bag-filter\/","title":{"rendered":"H13 S\u0259rt \u00e7anta torba filtri"},"content":{"rendered":"<div class=\"col-lg-9 content-area\">\n<div class=\"ttm-single-product-details product\">\n<div class=\"ttm-tabs tabs-for-single-products\" data-effect=\"fadeIn\">\n<div class=\"content-tab ttm-bgcolor-white\">\n<div class=\"content-inner active\">\n<table class=\"shop_attributes\">\n<thead>\n<tr>\n<th>Product Code<\/th>\n<th>Class<\/th>\n<th>Dimensions (WxHxD)<\/th>\n<th>Air flow<\/th>\n<th>Filter surface<\/th>\n<th>Pressure<\/th>\n<th>Max. Final Pressure Drop<\/th>\n<th>Weight<\/th>\n<\/tr>\n<tr>\n<th><\/th>\n<th>En1822<\/th>\n<th>mm<\/th>\n<th>m\u00b3\/h<\/th>\n<th>m2<\/th>\n<th>Pa<\/th>\n<th>Pa<\/th>\n<th>Kg<\/th>\n<\/tr>\n<\/thead>\n<tbody>\n<tr>\n<td>MGK-H10-287x592x292<\/td>\n<td>E10<\/td>\n<td>592x287x292<\/td>\n<td>1700<\/td>\n<td>9<\/td>\n<td>170<\/td>\n<td>600<\/td>\n<td>3.5<\/td>\n<\/tr>\n<tr>\n<td>MGK-H10-490x592x292<\/td>\n<td>E10<\/td>\n<td>592x490x292<\/td>\n<td>2750<\/td>\n<td>15<\/td>\n<td>170<\/td>\n<td>600<\/td>\n<td>5.4<\/td>\n<\/tr>\n<tr>\n<td>MGK-H10-592x592x292<\/td>\n<td>E10<\/td>\n<td>592x592x292<\/td>\n<td>3400<\/td>\n<td>18<\/td>\n<td>170<\/td>\n<td>600<\/td>\n<td>6.5<\/td>\n<\/tr>\n<tr>\n<td>MGK-H13-287x592x292<\/td>\n<td>H13<\/td>\n<td>592x287x292<\/td>\n<td>1250<\/td>\n<td>9<\/td>\n<td>280<\/td>\n<td>600<\/td>\n<td>3.5<\/td>\n<\/tr>\n<tr>\n<td>MGK-H13-490x592x292<\/td>\n<td>H13<\/td>\n<td>592x490x292<\/td>\n<td>2100<\/td>\n<td>15<\/td>\n<td>280<\/td>\n<td>600<\/td>\n<td>5.4<\/td>\n<\/tr>\n<tr>\n<td>MGK-H13-592x592x292<\/td>\n<td>H13<\/td>\n<td>592x592x292<\/td>\n<td>2500<\/td>\n<td>18<\/td>\n<td>280<\/td>\n<td>600<\/td>\n<td>6.5<\/td>\n<\/tr>\n<\/tbody>\n<\/table>\n<\/div>\n<\/div>\n<\/div>\n<\/div>\n<\/div>\n","protected":false},"excerpt":{"rendered":"<p>H13 S\u0259rt \u00c7anta Filtri<br \/>\nH13 S\u0259rt \u00c7anta Filtrl\u0259ri m\u00f6hk\u0259mdir v\u0259 \u00f6z\u00fcn\u00fc d\u0259st\u0259kl\u0259yir. Enerji s\u0259rfiyyat\u0131na v\u0259 t\u0259mir x\u0259rcl\u0259rin\u0259 q\u0259na\u0259t edir. 100% t\u0259krar plastik \u00e7\u0259r\u00e7iv\u0259d\u0259n haz\u0131rlanm\u0131\u015fd\u0131r.<\/p>\n<p>F\u0130LTRE S\u0130NF\u0130: E10, H13<br \/>\n\u00c7\u0259r\u00e7iv\u0259 N\u00f6v\u00fc: Plastik, sinkl\u0259nmi\u015f, paslanmayan polad<br \/>\nT\u018fTB\u0130Q: T\u0259miz otaqlar \u00fc\u00e7\u00fcn \u00f6n filtr<br \/>\nMED\u0130A: Mikro \u015f\u00fc\u015f\u0259 lif<br \/>\nMAX \u0130\u015eL\u018fM\u018f TEMPERATURASI: 80 \u00bac<br \/>\nSEPERATOR: \u0130sti \u0259rim\u0259<\/p>\n<p>\u00d6z\u00fcn\u00fc d\u0259st\u0259kl\u0259y\u0259n v\u0259 s\u0259rt<br \/>\nB\u00f6y\u00fck s\u0259th sah\u0259si; a\u015fa\u011f\u0131 t\u0259zyiq d\u00fc\u015fm\u0259si<br \/>\nH\u0259r iki t\u0259r\u0259f ist\u0259nil\u0259n hava ax\u0131n\u0131 istiqam\u0259tl\u0259ri \u00fc\u00e7\u00fcn istifad\u0259 edil\u0259 bil\u0259r<br \/>\n\u00c7irkl\u0259ndirici emissiya olmadan tamamil\u0259 yand\u0131r\u0131la bil\u0259r<br \/>\nDaha az t\u0259mir v\u0259 enerji istehlak\u0131<br \/>\nY\u00fcng\u00fcl plastik \u00e7\u0259r\u00e7iv\u0259<br \/>\nBa\u015fl\u0131q d\u0259rinliyi 25 mm-dir<\/p>\n","protected":false},"featured_media":22745,"template":"","meta":[],"product_brand":[],"product_cat":[814],"product_tag":[],"class_list":{"0":"post-23107","1":"product","2":"type-product","3":"status-publish","4":"has-post-thumbnail","6":"product_cat-hava-filtrlri","8":"first","9":"instock","10":"shipping-taxable","11":"product-type-simple"},"yoast_head":"<!-- This site is optimized with the Yoast SEO plugin v27.1.1 - https:\/\/yoast.com\/product\/yoast-seo-wordpress\/ -->\n<title>H13 S\u0259rt \u00e7anta torba filtri - GeoClimate.ge<\/title>\n<meta name=\"robots\" content=\"index, follow, max-snippet:-1, max-image-preview:large, max-video-preview:-1\" \/>\n<link rel=\"canonical\" href=\"https:\/\/geoclimate.ge\/az\/product\/h13-rigidbag-bag-filter\/\" \/>\n<meta property=\"og:locale\" content=\"az_AZ\" \/>\n<meta property=\"og:type\" content=\"article\" \/>\n<meta property=\"og:title\" content=\"H13 S\u0259rt \u00e7anta torba filtri - GeoClimate.ge\" \/>\n<meta property=\"og:description\" content=\"H13 S\u0259rt \u00c7anta Filtri H13 S\u0259rt \u00c7anta Filtrl\u0259ri m\u00f6hk\u0259mdir v\u0259 \u00f6z\u00fcn\u00fc d\u0259st\u0259kl\u0259yir. Enerji s\u0259rfiyyat\u0131na v\u0259 t\u0259mir x\u0259rcl\u0259rin\u0259 q\u0259na\u0259t edir. 100% t\u0259krar plastik \u00e7\u0259r\u00e7iv\u0259d\u0259n haz\u0131rlanm\u0131\u015fd\u0131r.  F\u0130LTRE S\u0130NF\u0130: E10, H13 \u00c7\u0259r\u00e7iv\u0259 N\u00f6v\u00fc: Plastik, sinkl\u0259nmi\u015f, paslanmayan polad T\u018fTB\u0130Q: T\u0259miz otaqlar \u00fc\u00e7\u00fcn \u00f6n filtr MED\u0130A: Mikro \u015f\u00fc\u015f\u0259 lif MAX \u0130\u015eL\u018fM\u018f TEMPERATURASI: 80 \u00bac SEPERATOR: \u0130sti \u0259rim\u0259  \u00d6z\u00fcn\u00fc d\u0259st\u0259kl\u0259y\u0259n v\u0259 s\u0259rt B\u00f6y\u00fck s\u0259th sah\u0259si; a\u015fa\u011f\u0131 t\u0259zyiq d\u00fc\u015fm\u0259si H\u0259r iki t\u0259r\u0259f ist\u0259nil\u0259n hava ax\u0131n\u0131 istiqam\u0259tl\u0259ri \u00fc\u00e7\u00fcn istifad\u0259 edil\u0259 bil\u0259r \u00c7irkl\u0259ndirici emissiya olmadan tamamil\u0259 yand\u0131r\u0131la bil\u0259r Daha az t\u0259mir v\u0259 enerji istehlak\u0131 Y\u00fcng\u00fcl plastik \u00e7\u0259r\u00e7iv\u0259 Ba\u015fl\u0131q d\u0259rinliyi 25 mm-dir\" \/>\n<meta property=\"og:url\" content=\"https:\/\/geoclimate.ge\/az\/product\/h13-rigidbag-bag-filter\/\" \/>\n<meta property=\"og:site_name\" content=\"GeoClimate.ge\" \/>\n<meta property=\"article:modified_time\" content=\"2025-02-20T06:54:40+00:00\" \/>\n<meta property=\"og:image\" content=\"https:\/\/geoclimate.ge\/wp-content\/uploads\/2025\/02\/11-H13-Rigidbag-Filter.jpg\" \/>\n\t<meta property=\"og:image:width\" content=\"1000\" \/>\n\t<meta property=\"og:image:height\" content=\"1000\" \/>\n\t<meta property=\"og:image:type\" content=\"image\/jpeg\" \/>\n<meta name=\"twitter:card\" content=\"summary_large_image\" \/>\n<script type=\"application\/ld+json\" class=\"yoast-schema-graph\">{\"@context\":\"https:\/\/schema.org\",\"@graph\":[{\"@type\":\"WebPage\",\"@id\":\"https:\/\/geoclimate.ge\/az\/product\/h13-rigidbag-bag-filter\/\",\"url\":\"https:\/\/geoclimate.ge\/az\/product\/h13-rigidbag-bag-filter\/\",\"name\":\"H13 S\u0259rt \u00e7anta torba filtri - GeoClimate.ge\",\"isPartOf\":{\"@id\":\"https:\/\/geoclimate.ge\/#website\"},\"primaryImageOfPage\":{\"@id\":\"https:\/\/geoclimate.ge\/az\/product\/h13-rigidbag-bag-filter\/#primaryimage\"},\"image\":{\"@id\":\"https:\/\/geoclimate.ge\/az\/product\/h13-rigidbag-bag-filter\/#primaryimage\"},\"thumbnailUrl\":\"https:\/\/geoclimate.ge\/wp-content\/uploads\/2025\/02\/11-H13-Rigidbag-Filter.jpg\",\"datePublished\":\"2025-02-08T14:24:06+00:00\",\"dateModified\":\"2025-02-20T06:54:40+00:00\",\"breadcrumb\":{\"@id\":\"https:\/\/geoclimate.ge\/az\/product\/h13-rigidbag-bag-filter\/#breadcrumb\"},\"inLanguage\":\"az\",\"potentialAction\":[{\"@type\":\"ReadAction\",\"target\":[\"https:\/\/geoclimate.ge\/az\/product\/h13-rigidbag-bag-filter\/\"]}]},{\"@type\":\"ImageObject\",\"inLanguage\":\"az\",\"@id\":\"https:\/\/geoclimate.ge\/az\/product\/h13-rigidbag-bag-filter\/#primaryimage\",\"url\":\"https:\/\/geoclimate.ge\/wp-content\/uploads\/2025\/02\/11-H13-Rigidbag-Filter.jpg\",\"contentUrl\":\"https:\/\/geoclimate.ge\/wp-content\/uploads\/2025\/02\/11-H13-Rigidbag-Filter.jpg\",\"width\":1000,\"height\":1000},{\"@type\":\"BreadcrumbList\",\"@id\":\"https:\/\/geoclimate.ge\/az\/product\/h13-rigidbag-bag-filter\/#breadcrumb\",\"itemListElement\":[{\"@type\":\"ListItem\",\"position\":1,\"name\":\"Home\",\"item\":\"https:\/\/geoclimate.ge\/az\/\"},{\"@type\":\"ListItem\",\"position\":2,\"name\":\"M\u0259hsullar\",\"item\":\"https:\/\/geoclimate.ge\/az\/products\/\"},{\"@type\":\"ListItem\",\"position\":3,\"name\":\"H13 S\u0259rt \u00e7anta torba filtri\"}]},{\"@type\":\"WebSite\",\"@id\":\"https:\/\/geoclimate.ge\/#website\",\"url\":\"https:\/\/geoclimate.ge\/\",\"name\":\"GeoClimate\",\"description\":\"\",\"publisher\":{\"@id\":\"https:\/\/geoclimate.ge\/#organization\"},\"potentialAction\":[{\"@type\":\"SearchAction\",\"target\":{\"@type\":\"EntryPoint\",\"urlTemplate\":\"https:\/\/geoclimate.ge\/?s={search_term_string}\"},\"query-input\":{\"@type\":\"PropertyValueSpecification\",\"valueRequired\":true,\"valueName\":\"search_term_string\"}}],\"inLanguage\":\"az\"},{\"@type\":\"Organization\",\"@id\":\"https:\/\/geoclimate.ge\/#organization\",\"name\":\"GeoClimate\",\"url\":\"https:\/\/geoclimate.ge\/\",\"logo\":{\"@type\":\"ImageObject\",\"inLanguage\":\"az\",\"@id\":\"https:\/\/geoclimate.ge\/#\/schema\/logo\/image\/\",\"url\":\"https:\/\/geoclimate.ge\/wp-content\/uploads\/2026\/03\/geoclimate-SEO.png\",\"contentUrl\":\"https:\/\/geoclimate.ge\/wp-content\/uploads\/2026\/03\/geoclimate-SEO.png\",\"width\":1536,\"height\":1024,\"caption\":\"GeoClimate\"},\"image\":{\"@id\":\"https:\/\/geoclimate.ge\/#\/schema\/logo\/image\/\"}}]}<\/script>\n<!-- \/ Yoast SEO plugin. -->","yoast_head_json":{"title":"H13 S\u0259rt \u00e7anta torba filtri - GeoClimate.ge","robots":{"index":"index","follow":"follow","max-snippet":"max-snippet:-1","max-image-preview":"max-image-preview:large","max-video-preview":"max-video-preview:-1"},"canonical":"https:\/\/geoclimate.ge\/az\/product\/h13-rigidbag-bag-filter\/","og_locale":"az_AZ","og_type":"article","og_title":"H13 S\u0259rt \u00e7anta torba filtri - GeoClimate.ge","og_description":"H13 S\u0259rt \u00c7anta Filtri H13 S\u0259rt \u00c7anta Filtrl\u0259ri m\u00f6hk\u0259mdir v\u0259 \u00f6z\u00fcn\u00fc d\u0259st\u0259kl\u0259yir. Enerji s\u0259rfiyyat\u0131na v\u0259 t\u0259mir x\u0259rcl\u0259rin\u0259 q\u0259na\u0259t edir. 100% t\u0259krar plastik \u00e7\u0259r\u00e7iv\u0259d\u0259n haz\u0131rlanm\u0131\u015fd\u0131r.  F\u0130LTRE S\u0130NF\u0130: E10, H13 \u00c7\u0259r\u00e7iv\u0259 N\u00f6v\u00fc: Plastik, sinkl\u0259nmi\u015f, paslanmayan polad T\u018fTB\u0130Q: T\u0259miz otaqlar \u00fc\u00e7\u00fcn \u00f6n filtr MED\u0130A: Mikro \u015f\u00fc\u015f\u0259 lif MAX \u0130\u015eL\u018fM\u018f TEMPERATURASI: 80 \u00bac SEPERATOR: \u0130sti \u0259rim\u0259  \u00d6z\u00fcn\u00fc d\u0259st\u0259kl\u0259y\u0259n v\u0259 s\u0259rt B\u00f6y\u00fck s\u0259th sah\u0259si; a\u015fa\u011f\u0131 t\u0259zyiq d\u00fc\u015fm\u0259si H\u0259r iki t\u0259r\u0259f ist\u0259nil\u0259n hava ax\u0131n\u0131 istiqam\u0259tl\u0259ri \u00fc\u00e7\u00fcn istifad\u0259 edil\u0259 bil\u0259r \u00c7irkl\u0259ndirici emissiya olmadan tamamil\u0259 yand\u0131r\u0131la bil\u0259r Daha az t\u0259mir v\u0259 enerji istehlak\u0131 Y\u00fcng\u00fcl plastik \u00e7\u0259r\u00e7iv\u0259 Ba\u015fl\u0131q d\u0259rinliyi 25 mm-dir","og_url":"https:\/\/geoclimate.ge\/az\/product\/h13-rigidbag-bag-filter\/","og_site_name":"GeoClimate.ge","article_modified_time":"2025-02-20T06:54:40+00:00","og_image":[{"width":1000,"height":1000,"url":"https:\/\/geoclimate.ge\/wp-content\/uploads\/2025\/02\/11-H13-Rigidbag-Filter.jpg","type":"image\/jpeg"}],"twitter_card":"summary_large_image","schema":{"@context":"https:\/\/schema.org","@graph":[{"@type":"WebPage","@id":"https:\/\/geoclimate.ge\/az\/product\/h13-rigidbag-bag-filter\/","url":"https:\/\/geoclimate.ge\/az\/product\/h13-rigidbag-bag-filter\/","name":"H13 S\u0259rt \u00e7anta torba filtri - GeoClimate.ge","isPartOf":{"@id":"https:\/\/geoclimate.ge\/#website"},"primaryImageOfPage":{"@id":"https:\/\/geoclimate.ge\/az\/product\/h13-rigidbag-bag-filter\/#primaryimage"},"image":{"@id":"https:\/\/geoclimate.ge\/az\/product\/h13-rigidbag-bag-filter\/#primaryimage"},"thumbnailUrl":"https:\/\/geoclimate.ge\/wp-content\/uploads\/2025\/02\/11-H13-Rigidbag-Filter.jpg","datePublished":"2025-02-08T14:24:06+00:00","dateModified":"2025-02-20T06:54:40+00:00","breadcrumb":{"@id":"https:\/\/geoclimate.ge\/az\/product\/h13-rigidbag-bag-filter\/#breadcrumb"},"inLanguage":"az","potentialAction":[{"@type":"ReadAction","target":["https:\/\/geoclimate.ge\/az\/product\/h13-rigidbag-bag-filter\/"]}]},{"@type":"ImageObject","inLanguage":"az","@id":"https:\/\/geoclimate.ge\/az\/product\/h13-rigidbag-bag-filter\/#primaryimage","url":"https:\/\/geoclimate.ge\/wp-content\/uploads\/2025\/02\/11-H13-Rigidbag-Filter.jpg","contentUrl":"https:\/\/geoclimate.ge\/wp-content\/uploads\/2025\/02\/11-H13-Rigidbag-Filter.jpg","width":1000,"height":1000},{"@type":"BreadcrumbList","@id":"https:\/\/geoclimate.ge\/az\/product\/h13-rigidbag-bag-filter\/#breadcrumb","itemListElement":[{"@type":"ListItem","position":1,"name":"Home","item":"https:\/\/geoclimate.ge\/az\/"},{"@type":"ListItem","position":2,"name":"M\u0259hsullar","item":"https:\/\/geoclimate.ge\/az\/products\/"},{"@type":"ListItem","position":3,"name":"H13 S\u0259rt \u00e7anta torba filtri"}]},{"@type":"WebSite","@id":"https:\/\/geoclimate.ge\/#website","url":"https:\/\/geoclimate.ge\/","name":"GeoClimate","description":"","publisher":{"@id":"https:\/\/geoclimate.ge\/#organization"},"potentialAction":[{"@type":"SearchAction","target":{"@type":"EntryPoint","urlTemplate":"https:\/\/geoclimate.ge\/?s={search_term_string}"},"query-input":{"@type":"PropertyValueSpecification","valueRequired":true,"valueName":"search_term_string"}}],"inLanguage":"az"},{"@type":"Organization","@id":"https:\/\/geoclimate.ge\/#organization","name":"GeoClimate","url":"https:\/\/geoclimate.ge\/","logo":{"@type":"ImageObject","inLanguage":"az","@id":"https:\/\/geoclimate.ge\/#\/schema\/logo\/image\/","url":"https:\/\/geoclimate.ge\/wp-content\/uploads\/2026\/03\/geoclimate-SEO.png","contentUrl":"https:\/\/geoclimate.ge\/wp-content\/uploads\/2026\/03\/geoclimate-SEO.png","width":1536,"height":1024,"caption":"GeoClimate"},"image":{"@id":"https:\/\/geoclimate.ge\/#\/schema\/logo\/image\/"}}]}},"_links":{"self":[{"href":"https:\/\/geoclimate.ge\/az\/wp-json\/wp\/v2\/product\/23107","targetHints":{"allow":["GET"]}}],"collection":[{"href":"https:\/\/geoclimate.ge\/az\/wp-json\/wp\/v2\/product"}],"about":[{"href":"https:\/\/geoclimate.ge\/az\/wp-json\/wp\/v2\/types\/product"}],"wp:featuredmedia":[{"embeddable":true,"href":"https:\/\/geoclimate.ge\/az\/wp-json\/wp\/v2\/media\/22745"}],"wp:attachment":[{"href":"https:\/\/geoclimate.ge\/az\/wp-json\/wp\/v2\/media?parent=23107"}],"wp:term":[{"taxonomy":"product_brand","embeddable":true,"href":"https:\/\/geoclimate.ge\/az\/wp-json\/wp\/v2\/product_brand?post=23107"},{"taxonomy":"product_cat","embeddable":true,"href":"https:\/\/geoclimate.ge\/az\/wp-json\/wp\/v2\/product_cat?post=23107"},{"taxonomy":"product_tag","embeddable":true,"href":"https:\/\/geoclimate.ge\/az\/wp-json\/wp\/v2\/product_tag?post=23107"}],"curies":[{"name":"wp","href":"https:\/\/api.w.org\/{rel}","templated":true}]}}