{"id":23115,"date":"2025-02-08T17:58:08","date_gmt":"2025-02-08T13:58:08","guid":{"rendered":"https:\/\/airsystems.ge\/shop\/product\/aluminium-frame-single-pleat-hepa-filter-292mm\/"},"modified":"2025-02-20T11:04:59","modified_gmt":"2025-02-20T07:04:59","slug":"aluminium-frame-single-pleat-hepa-filter-292mm","status":"publish","type":"product","link":"https:\/\/geoclimate.ge\/az\/product\/aluminium-frame-single-pleat-hepa-filter-292mm\/","title":{"rendered":"Al\u00fcminium \u00c7\u0259r\u00e7iv\u0259 T\u0259k Plit\u0259li HEPA Filtr &#8211; 292MM"},"content":{"rendered":"<div class=\"col-lg-9 content-area\">\n<div class=\"ttm-single-product-details product\">\n<div class=\"ttm-tabs tabs-for-single-products\" data-effect=\"fadeIn\">\n<div class=\"content-tab ttm-bgcolor-white\">\n<div class=\"content-inner active\">\n<table class=\"shop_attributes\">\n<thead>\n<tr>\n<th>Product Code<\/th>\n<th>Classification<\/th>\n<th>Dimensions (WxHxD)<\/th>\n<th>Pleat Height<\/th>\n<th>Flow Rate<\/th>\n<th>Filter surface<\/th>\n<th>\u0130nitial Pressure Drop<\/th>\n<th>Max. Final Pressure Drop<\/th>\n<th>Efficiency@ MPPS<\/th>\n<th>Efficiency @0,3 \u00b5 DOP<\/th>\n<th>Weight<\/th>\n<\/tr>\n<tr>\n<th><\/th>\n<th>En1822<\/th>\n<th>mm<\/th>\n<th>mm<\/th>\n<th>m\u00b3\/h<\/th>\n<th>m2<\/th>\n<th>Pa<\/th>\n<th>Pa<\/th>\n<th>%<\/th>\n<th>%<\/th>\n<th>Kg<\/th>\n<\/tr>\n<\/thead>\n<tbody>\n<tr>\n<td>MGHH-13AS-305x305x292<\/td>\n<td>H13<\/td>\n<td>305x305x292<\/td>\n<td>100<\/td>\n<td>500<\/td>\n<td>4.5<\/td>\n<td>250<\/td>\n<td>600<\/td>\n<td>99.95<\/td>\n<td>99.75<\/td>\n<td>6<\/td>\n<\/tr>\n<tr>\n<td>MGHH-13AS-457x457x292<\/td>\n<td>H13<\/td>\n<td>457x457x292<\/td>\n<td>100<\/td>\n<td>1100<\/td>\n<td>10.2<\/td>\n<td>250<\/td>\n<td>600<\/td>\n<td>99.95<\/td>\n<td>99.75<\/td>\n<td>7.5<\/td>\n<\/tr>\n<tr>\n<td>MGHH-13AS-305x610x292<\/td>\n<td>H13<\/td>\n<td>305x610x292<\/td>\n<td>100<\/td>\n<td>1000<\/td>\n<td>9<\/td>\n<td>250<\/td>\n<td>600<\/td>\n<td>99.95<\/td>\n<td>99.75<\/td>\n<td>9<\/td>\n<\/tr>\n<tr>\n<td>MGHH-13AS-457x610x292<\/td>\n<td>H13<\/td>\n<td>457x610x292<\/td>\n<td>100<\/td>\n<td>1450<\/td>\n<td>13.4<\/td>\n<td>250<\/td>\n<td>600<\/td>\n<td>99.95<\/td>\n<td>99.75<\/td>\n<td>12<\/td>\n<\/tr>\n<tr>\n<td>MGHH-13AS-610x610x292<\/td>\n<td>H13<\/td>\n<td>610x610x292<\/td>\n<td>100<\/td>\n<td>2000<\/td>\n<td>18<\/td>\n<td>250<\/td>\n<td>600<\/td>\n<td>99.95<\/td>\n<td>99.75<\/td>\n<td>15<\/td>\n<\/tr>\n<tr>\n<td>MGHH-13AH-305x305x292<\/td>\n<td>H13<\/td>\n<td>305x305x292<\/td>\n<td>125<\/td>\n<td>620<\/td>\n<td>5.7<\/td>\n<td>250<\/td>\n<td>600<\/td>\n<td>99.95<\/td>\n<td>99.75<\/td>\n<td>6<\/td>\n<\/tr>\n<tr>\n<td>MGHH-13AH-457x457x292<\/td>\n<td>H13<\/td>\n<td>457x457x292<\/td>\n<td>125<\/td>\n<td>1400<\/td>\n<td>12.75<\/td>\n<td>250<\/td>\n<td>600<\/td>\n<td>99.95<\/td>\n<td>99.75<\/td>\n<td>7.5<\/td>\n<\/tr>\n<tr>\n<td>MGHH-13AH-305x610x292<\/td>\n<td>H13<\/td>\n<td>305x610x292<\/td>\n<td>125<\/td>\n<td>1220<\/td>\n<td>11.25<\/td>\n<td>250<\/td>\n<td>600<\/td>\n<td>99.95<\/td>\n<td>99.75<\/td>\n<td>9<\/td>\n<\/tr>\n<tr>\n<td>MGHH-13AH-457x610x292<\/td>\n<td>H13<\/td>\n<td>457x610x292<\/td>\n<td>125<\/td>\n<td>1800<\/td>\n<td>16.75<\/td>\n<td>250<\/td>\n<td>600<\/td>\n<td>99.95<\/td>\n<td>99.75<\/td>\n<td>12<\/td>\n<\/tr>\n<tr>\n<td>MGHH-13AH-610x610x292<\/td>\n<td>H13<\/td>\n<td>610x610x292<\/td>\n<td>125<\/td>\n<td>2400<\/td>\n<td>22.5<\/td>\n<td>250<\/td>\n<td>600<\/td>\n<td>99.95<\/td>\n<td>99.75<\/td>\n<td>15<\/td>\n<\/tr>\n<tr>\n<td>MGHH-14AS-305x305x292<\/td>\n<td>H14<\/td>\n<td>305x305x292<\/td>\n<td>100<\/td>\n<td>500<\/td>\n<td>4.5<\/td>\n<td>280<\/td>\n<td>600<\/td>\n<td>99.995<\/td>\n<td>99.975<\/td>\n<td>6<\/td>\n<\/tr>\n<tr>\n<td>MGHH-14AS-457x457x292<\/td>\n<td>H14<\/td>\n<td>457x457x292<\/td>\n<td>100<\/td>\n<td>1100<\/td>\n<td>10.2<\/td>\n<td>280<\/td>\n<td>600<\/td>\n<td>99.995<\/td>\n<td>99.975<\/td>\n<td>7.5<\/td>\n<\/tr>\n<tr>\n<td>MGHH-14AS-305x610x292<\/td>\n<td>H14<\/td>\n<td>305x610x292<\/td>\n<td>100<\/td>\n<td>1000<\/td>\n<td>9<\/td>\n<td>280<\/td>\n<td>600<\/td>\n<td>99.995<\/td>\n<td>99.975<\/td>\n<td>9<\/td>\n<\/tr>\n<tr>\n<td>MGHH-14AS-457x610x292<\/td>\n<td>H14<\/td>\n<td>457x610x292<\/td>\n<td>100<\/td>\n<td>1450<\/td>\n<td>13.4<\/td>\n<td>280<\/td>\n<td>600<\/td>\n<td>99.995<\/td>\n<td>99.975<\/td>\n<td>12<\/td>\n<\/tr>\n<tr>\n<td>MGHH-14AS-610x610x292<\/td>\n<td>H14<\/td>\n<td>610x610x292<\/td>\n<td>100<\/td>\n<td>2000<\/td>\n<td>18<\/td>\n<td>280<\/td>\n<td>600<\/td>\n<td>99.995<\/td>\n<td>99.975<\/td>\n<td>15<\/td>\n<\/tr>\n<tr>\n<td>MGHH-14AH-305x305x292<\/td>\n<td>H14<\/td>\n<td>305x305x292<\/td>\n<td>125<\/td>\n<td>620<\/td>\n<td>5.7<\/td>\n<td>280<\/td>\n<td>600<\/td>\n<td>99.995<\/td>\n<td>99.975<\/td>\n<td>6<\/td>\n<\/tr>\n<tr>\n<td>MGHH-14AH-457x457x292<\/td>\n<td>H14<\/td>\n<td>457x457x292<\/td>\n<td>125<\/td>\n<td>1400<\/td>\n<td>12.75<\/td>\n<td>280<\/td>\n<td>600<\/td>\n<td>99.995<\/td>\n<td>99.975<\/td>\n<td>7.5<\/td>\n<\/tr>\n<tr>\n<td>MGHH-14AH-305x610x292<\/td>\n<td>H14<\/td>\n<td>305x610x292<\/td>\n<td>125<\/td>\n<td>1220<\/td>\n<td>11.25<\/td>\n<td>280<\/td>\n<td>600<\/td>\n<td>99.995<\/td>\n<td>99.975<\/td>\n<td>9<\/td>\n<\/tr>\n<tr>\n<td>MGHH-14AH-457x610x292<\/td>\n<td>H14<\/td>\n<td>457x610x292<\/td>\n<td>125<\/td>\n<td>1800<\/td>\n<td>16.75<\/td>\n<td>280<\/td>\n<td>600<\/td>\n<td>99.995<\/td>\n<td>99.975<\/td>\n<td>12<\/td>\n<\/tr>\n<tr>\n<td>MGHH-14AH-610x610x292<\/td>\n<td>H14<\/td>\n<td>610x610x292<\/td>\n<td>125<\/td>\n<td>2400<\/td>\n<td>22.5<\/td>\n<td>280<\/td>\n<td>600<\/td>\n<td>99.995<\/td>\n<td>99.975<\/td>\n<td>15<\/td>\n<\/tr>\n<\/tbody>\n<\/table>\n<\/div>\n<\/div>\n<\/div>\n<\/div>\n<\/div>\n","protected":false},"excerpt":{"rendered":"<p>Mikro elektronika, tibb, \u0259cza\u00e7\u0131l\u0131q, qida s\u0259nayesi, mikrobiologiya, kimya laboratoriyalar\u0131, x\u0259st\u0259xana v\u0259 \u0259m\u0259liyyat otaqlar\u0131, laminar ax\u0131n qutular\u0131, fan filtrl\u0259ri, n\u00fcv\u0259 enerjisi v\u0259 n\u00fcv\u0259 t\u0259dqiqatlar\u0131 kimi s\u0259naye prosesl\u0259ri.<\/p>\n<p>F\u0130LTRE S\u0130NF\u0130: H13-H14-U15<br \/>\nM\u018fHM\u018fTL\u018fR\u0130C\u0130 T\u018fRB\u0130K: \u0130ki komponentli poliuretan<br \/>\n\u00c7\u0259r\u00e7iv\u0259 N\u00f6v\u00fc: Al\u00fcminium<br \/>\nFACEQUARD: Al\u00fcminium t\u0259b\u0259q\u0259 (tozla \u00f6rt\u00fclm\u00fc\u015f)<br \/>\nMONTAJ: EPDM d\u00fcz, EPDM d\u00fcz davaml\u0131 v\u0259 PU k\u00f6p\u00fck<br \/>\nT\u018fTB\u0130Q: T\u0259miz otaqlar, \u0259m\u0259liyyat ota\u011f\u0131<br \/>\nMED\u0130A: Y\u00fcks\u0259k keyfiyy\u0259tli \u015f\u00fc\u015f\u0259 lif<br \/>\nMAX \u0130\u015eL\u018fM\u018f TEMPERATURASI: 75 \u00bac<br \/>\nSEPERATOR: \u0130sti \u0259rim\u0259<br \/>\nYAN\u011eIN S\u0130NF\u0130: Normal temperatur \u00fc\u00e7\u00fcn K2\/F2<\/p>\n<p>Y\u00fcks\u0259k hava ax\u0131n\u0131 t\u0259tbiql\u0259ri \u00fc\u00e7\u00fcn<br \/>\nY\u00fcks\u0259k keyfiyy\u0259tli filtrasiya<br \/>\nA\u015fa\u011f\u0131 t\u0259zyiq d\u00fc\u015fm\u0259si<br \/>\nDaha az enerji istehlak\u0131<br \/>\nHomojen s\u00fcr\u0259t paylanmas\u0131<br \/>\nS\u0131zd\u0131rmaz Z\u0259man\u0259t<br \/>\nF\u0259rdi test sertifikat\u0131 il\u0259 (EN 1822)<br \/>\n\u0130st\u0259nil\u0259n \u00f6l\u00e7\u00fcd\u0259 m\u00fcxt\u0259lif \u00e7\u0259r\u00e7iv\u0259 d\u0259rinliyi<\/p>\n","protected":false},"featured_media":22737,"template":"","meta":[],"product_brand":[],"product_cat":[814],"product_tag":[],"class_list":{"0":"post-23115","1":"product","2":"type-product","3":"status-publish","4":"has-post-thumbnail","6":"product_cat-hava-filtrlri","8":"first","9":"instock","10":"shipping-taxable","11":"product-type-simple"},"yoast_head":"<!-- This site is optimized with the Yoast SEO plugin v27.1.1 - https:\/\/yoast.com\/product\/yoast-seo-wordpress\/ -->\n<title>Al\u00fcminium \u00c7\u0259r\u00e7iv\u0259 T\u0259k Plit\u0259li HEPA Filtr - 292MM - GeoClimate.ge<\/title>\n<meta name=\"robots\" content=\"index, follow, max-snippet:-1, max-image-preview:large, max-video-preview:-1\" \/>\n<link rel=\"canonical\" href=\"https:\/\/geoclimate.ge\/az\/product\/aluminium-frame-single-pleat-hepa-filter-292mm\/\" \/>\n<meta property=\"og:locale\" content=\"az_AZ\" \/>\n<meta property=\"og:type\" content=\"article\" \/>\n<meta property=\"og:title\" content=\"Al\u00fcminium \u00c7\u0259r\u00e7iv\u0259 T\u0259k Plit\u0259li HEPA Filtr - 292MM - GeoClimate.ge\" \/>\n<meta property=\"og:description\" content=\"Mikro elektronika, tibb, \u0259cza\u00e7\u0131l\u0131q, qida s\u0259nayesi, mikrobiologiya, kimya laboratoriyalar\u0131, x\u0259st\u0259xana v\u0259 \u0259m\u0259liyyat otaqlar\u0131, laminar ax\u0131n qutular\u0131, fan filtrl\u0259ri, n\u00fcv\u0259 enerjisi v\u0259 n\u00fcv\u0259 t\u0259dqiqatlar\u0131 kimi s\u0259naye prosesl\u0259ri.  F\u0130LTRE S\u0130NF\u0130: H13-H14-U15 M\u018fHM\u018fTL\u018fR\u0130C\u0130 T\u018fRB\u0130K: \u0130ki komponentli poliuretan \u00c7\u0259r\u00e7iv\u0259 N\u00f6v\u00fc: Al\u00fcminium FACEQUARD: Al\u00fcminium t\u0259b\u0259q\u0259 (tozla \u00f6rt\u00fclm\u00fc\u015f) MONTAJ: EPDM d\u00fcz, EPDM d\u00fcz davaml\u0131 v\u0259 PU k\u00f6p\u00fck T\u018fTB\u0130Q: T\u0259miz otaqlar, \u0259m\u0259liyyat ota\u011f\u0131 MED\u0130A: Y\u00fcks\u0259k keyfiyy\u0259tli \u015f\u00fc\u015f\u0259 lif MAX \u0130\u015eL\u018fM\u018f TEMPERATURASI: 75 \u00bac SEPERATOR: \u0130sti \u0259rim\u0259 YAN\u011eIN S\u0130NF\u0130: Normal temperatur \u00fc\u00e7\u00fcn K2\/F2  Y\u00fcks\u0259k hava ax\u0131n\u0131 t\u0259tbiql\u0259ri \u00fc\u00e7\u00fcn Y\u00fcks\u0259k keyfiyy\u0259tli filtrasiya A\u015fa\u011f\u0131 t\u0259zyiq d\u00fc\u015fm\u0259si Daha az enerji istehlak\u0131 Homojen s\u00fcr\u0259t paylanmas\u0131 S\u0131zd\u0131rmaz Z\u0259man\u0259t F\u0259rdi test sertifikat\u0131 il\u0259 (EN 1822) \u0130st\u0259nil\u0259n \u00f6l\u00e7\u00fcd\u0259 m\u00fcxt\u0259lif \u00e7\u0259r\u00e7iv\u0259 d\u0259rinliyi\" \/>\n<meta property=\"og:url\" content=\"https:\/\/geoclimate.ge\/az\/product\/aluminium-frame-single-pleat-hepa-filter-292mm\/\" \/>\n<meta property=\"og:site_name\" content=\"GeoClimate.ge\" \/>\n<meta property=\"article:modified_time\" content=\"2025-02-20T07:04:59+00:00\" \/>\n<meta property=\"og:image\" content=\"https:\/\/geoclimate.ge\/wp-content\/uploads\/2025\/02\/06-HEPA-FILTERS-ALUMINIUM-FRAME-SINGLE-PLEAT-292.jpg\" \/>\n\t<meta property=\"og:image:width\" content=\"1000\" \/>\n\t<meta property=\"og:image:height\" content=\"1000\" \/>\n\t<meta property=\"og:image:type\" content=\"image\/jpeg\" \/>\n<meta name=\"twitter:card\" content=\"summary_large_image\" \/>\n<meta name=\"twitter:label1\" content=\"Est. reading time\" \/>\n\t<meta name=\"twitter:data1\" content=\"1 minute\" \/>\n<script type=\"application\/ld+json\" class=\"yoast-schema-graph\">{\"@context\":\"https:\/\/schema.org\",\"@graph\":[{\"@type\":\"WebPage\",\"@id\":\"https:\/\/geoclimate.ge\/az\/product\/aluminium-frame-single-pleat-hepa-filter-292mm\/\",\"url\":\"https:\/\/geoclimate.ge\/az\/product\/aluminium-frame-single-pleat-hepa-filter-292mm\/\",\"name\":\"Al\u00fcminium \u00c7\u0259r\u00e7iv\u0259 T\u0259k Plit\u0259li HEPA Filtr - 292MM - GeoClimate.ge\",\"isPartOf\":{\"@id\":\"https:\/\/geoclimate.ge\/#website\"},\"primaryImageOfPage\":{\"@id\":\"https:\/\/geoclimate.ge\/az\/product\/aluminium-frame-single-pleat-hepa-filter-292mm\/#primaryimage\"},\"image\":{\"@id\":\"https:\/\/geoclimate.ge\/az\/product\/aluminium-frame-single-pleat-hepa-filter-292mm\/#primaryimage\"},\"thumbnailUrl\":\"https:\/\/geoclimate.ge\/wp-content\/uploads\/2025\/02\/06-HEPA-FILTERS-ALUMINIUM-FRAME-SINGLE-PLEAT-292.jpg\",\"datePublished\":\"2025-02-08T13:58:08+00:00\",\"dateModified\":\"2025-02-20T07:04:59+00:00\",\"breadcrumb\":{\"@id\":\"https:\/\/geoclimate.ge\/az\/product\/aluminium-frame-single-pleat-hepa-filter-292mm\/#breadcrumb\"},\"inLanguage\":\"az\",\"potentialAction\":[{\"@type\":\"ReadAction\",\"target\":[\"https:\/\/geoclimate.ge\/az\/product\/aluminium-frame-single-pleat-hepa-filter-292mm\/\"]}]},{\"@type\":\"ImageObject\",\"inLanguage\":\"az\",\"@id\":\"https:\/\/geoclimate.ge\/az\/product\/aluminium-frame-single-pleat-hepa-filter-292mm\/#primaryimage\",\"url\":\"https:\/\/geoclimate.ge\/wp-content\/uploads\/2025\/02\/06-HEPA-FILTERS-ALUMINIUM-FRAME-SINGLE-PLEAT-292.jpg\",\"contentUrl\":\"https:\/\/geoclimate.ge\/wp-content\/uploads\/2025\/02\/06-HEPA-FILTERS-ALUMINIUM-FRAME-SINGLE-PLEAT-292.jpg\",\"width\":1000,\"height\":1000},{\"@type\":\"BreadcrumbList\",\"@id\":\"https:\/\/geoclimate.ge\/az\/product\/aluminium-frame-single-pleat-hepa-filter-292mm\/#breadcrumb\",\"itemListElement\":[{\"@type\":\"ListItem\",\"position\":1,\"name\":\"Home\",\"item\":\"https:\/\/geoclimate.ge\/az\/\"},{\"@type\":\"ListItem\",\"position\":2,\"name\":\"M\u0259hsullar\",\"item\":\"https:\/\/geoclimate.ge\/az\/products\/\"},{\"@type\":\"ListItem\",\"position\":3,\"name\":\"Al\u00fcminium \u00c7\u0259r\u00e7iv\u0259 T\u0259k Plit\u0259li HEPA Filtr &#8211; 292MM\"}]},{\"@type\":\"WebSite\",\"@id\":\"https:\/\/geoclimate.ge\/#website\",\"url\":\"https:\/\/geoclimate.ge\/\",\"name\":\"GeoClimate\",\"description\":\"\",\"publisher\":{\"@id\":\"https:\/\/geoclimate.ge\/#organization\"},\"potentialAction\":[{\"@type\":\"SearchAction\",\"target\":{\"@type\":\"EntryPoint\",\"urlTemplate\":\"https:\/\/geoclimate.ge\/?s={search_term_string}\"},\"query-input\":{\"@type\":\"PropertyValueSpecification\",\"valueRequired\":true,\"valueName\":\"search_term_string\"}}],\"inLanguage\":\"az\"},{\"@type\":\"Organization\",\"@id\":\"https:\/\/geoclimate.ge\/#organization\",\"name\":\"GeoClimate\",\"url\":\"https:\/\/geoclimate.ge\/\",\"logo\":{\"@type\":\"ImageObject\",\"inLanguage\":\"az\",\"@id\":\"https:\/\/geoclimate.ge\/#\/schema\/logo\/image\/\",\"url\":\"https:\/\/geoclimate.ge\/wp-content\/uploads\/2026\/03\/geoclimate-SEO.png\",\"contentUrl\":\"https:\/\/geoclimate.ge\/wp-content\/uploads\/2026\/03\/geoclimate-SEO.png\",\"width\":1536,\"height\":1024,\"caption\":\"GeoClimate\"},\"image\":{\"@id\":\"https:\/\/geoclimate.ge\/#\/schema\/logo\/image\/\"}}]}<\/script>\n<!-- \/ Yoast SEO plugin. -->","yoast_head_json":{"title":"Al\u00fcminium \u00c7\u0259r\u00e7iv\u0259 T\u0259k Plit\u0259li HEPA Filtr - 292MM - GeoClimate.ge","robots":{"index":"index","follow":"follow","max-snippet":"max-snippet:-1","max-image-preview":"max-image-preview:large","max-video-preview":"max-video-preview:-1"},"canonical":"https:\/\/geoclimate.ge\/az\/product\/aluminium-frame-single-pleat-hepa-filter-292mm\/","og_locale":"az_AZ","og_type":"article","og_title":"Al\u00fcminium \u00c7\u0259r\u00e7iv\u0259 T\u0259k Plit\u0259li HEPA Filtr - 292MM - GeoClimate.ge","og_description":"Mikro elektronika, tibb, \u0259cza\u00e7\u0131l\u0131q, qida s\u0259nayesi, mikrobiologiya, kimya laboratoriyalar\u0131, x\u0259st\u0259xana v\u0259 \u0259m\u0259liyyat otaqlar\u0131, laminar ax\u0131n qutular\u0131, fan filtrl\u0259ri, n\u00fcv\u0259 enerjisi v\u0259 n\u00fcv\u0259 t\u0259dqiqatlar\u0131 kimi s\u0259naye prosesl\u0259ri.  F\u0130LTRE S\u0130NF\u0130: H13-H14-U15 M\u018fHM\u018fTL\u018fR\u0130C\u0130 T\u018fRB\u0130K: \u0130ki komponentli poliuretan \u00c7\u0259r\u00e7iv\u0259 N\u00f6v\u00fc: Al\u00fcminium FACEQUARD: Al\u00fcminium t\u0259b\u0259q\u0259 (tozla \u00f6rt\u00fclm\u00fc\u015f) MONTAJ: EPDM d\u00fcz, EPDM d\u00fcz davaml\u0131 v\u0259 PU k\u00f6p\u00fck T\u018fTB\u0130Q: T\u0259miz otaqlar, \u0259m\u0259liyyat ota\u011f\u0131 MED\u0130A: Y\u00fcks\u0259k keyfiyy\u0259tli \u015f\u00fc\u015f\u0259 lif MAX \u0130\u015eL\u018fM\u018f TEMPERATURASI: 75 \u00bac SEPERATOR: \u0130sti \u0259rim\u0259 YAN\u011eIN S\u0130NF\u0130: Normal temperatur \u00fc\u00e7\u00fcn K2\/F2  Y\u00fcks\u0259k hava ax\u0131n\u0131 t\u0259tbiql\u0259ri \u00fc\u00e7\u00fcn Y\u00fcks\u0259k keyfiyy\u0259tli filtrasiya A\u015fa\u011f\u0131 t\u0259zyiq d\u00fc\u015fm\u0259si Daha az enerji istehlak\u0131 Homojen s\u00fcr\u0259t paylanmas\u0131 S\u0131zd\u0131rmaz Z\u0259man\u0259t F\u0259rdi test sertifikat\u0131 il\u0259 (EN 1822) \u0130st\u0259nil\u0259n \u00f6l\u00e7\u00fcd\u0259 m\u00fcxt\u0259lif \u00e7\u0259r\u00e7iv\u0259 d\u0259rinliyi","og_url":"https:\/\/geoclimate.ge\/az\/product\/aluminium-frame-single-pleat-hepa-filter-292mm\/","og_site_name":"GeoClimate.ge","article_modified_time":"2025-02-20T07:04:59+00:00","og_image":[{"width":1000,"height":1000,"url":"https:\/\/geoclimate.ge\/wp-content\/uploads\/2025\/02\/06-HEPA-FILTERS-ALUMINIUM-FRAME-SINGLE-PLEAT-292.jpg","type":"image\/jpeg"}],"twitter_card":"summary_large_image","twitter_misc":{"Est. reading time":"1 minute"},"schema":{"@context":"https:\/\/schema.org","@graph":[{"@type":"WebPage","@id":"https:\/\/geoclimate.ge\/az\/product\/aluminium-frame-single-pleat-hepa-filter-292mm\/","url":"https:\/\/geoclimate.ge\/az\/product\/aluminium-frame-single-pleat-hepa-filter-292mm\/","name":"Al\u00fcminium \u00c7\u0259r\u00e7iv\u0259 T\u0259k Plit\u0259li HEPA Filtr - 292MM - GeoClimate.ge","isPartOf":{"@id":"https:\/\/geoclimate.ge\/#website"},"primaryImageOfPage":{"@id":"https:\/\/geoclimate.ge\/az\/product\/aluminium-frame-single-pleat-hepa-filter-292mm\/#primaryimage"},"image":{"@id":"https:\/\/geoclimate.ge\/az\/product\/aluminium-frame-single-pleat-hepa-filter-292mm\/#primaryimage"},"thumbnailUrl":"https:\/\/geoclimate.ge\/wp-content\/uploads\/2025\/02\/06-HEPA-FILTERS-ALUMINIUM-FRAME-SINGLE-PLEAT-292.jpg","datePublished":"2025-02-08T13:58:08+00:00","dateModified":"2025-02-20T07:04:59+00:00","breadcrumb":{"@id":"https:\/\/geoclimate.ge\/az\/product\/aluminium-frame-single-pleat-hepa-filter-292mm\/#breadcrumb"},"inLanguage":"az","potentialAction":[{"@type":"ReadAction","target":["https:\/\/geoclimate.ge\/az\/product\/aluminium-frame-single-pleat-hepa-filter-292mm\/"]}]},{"@type":"ImageObject","inLanguage":"az","@id":"https:\/\/geoclimate.ge\/az\/product\/aluminium-frame-single-pleat-hepa-filter-292mm\/#primaryimage","url":"https:\/\/geoclimate.ge\/wp-content\/uploads\/2025\/02\/06-HEPA-FILTERS-ALUMINIUM-FRAME-SINGLE-PLEAT-292.jpg","contentUrl":"https:\/\/geoclimate.ge\/wp-content\/uploads\/2025\/02\/06-HEPA-FILTERS-ALUMINIUM-FRAME-SINGLE-PLEAT-292.jpg","width":1000,"height":1000},{"@type":"BreadcrumbList","@id":"https:\/\/geoclimate.ge\/az\/product\/aluminium-frame-single-pleat-hepa-filter-292mm\/#breadcrumb","itemListElement":[{"@type":"ListItem","position":1,"name":"Home","item":"https:\/\/geoclimate.ge\/az\/"},{"@type":"ListItem","position":2,"name":"M\u0259hsullar","item":"https:\/\/geoclimate.ge\/az\/products\/"},{"@type":"ListItem","position":3,"name":"Al\u00fcminium \u00c7\u0259r\u00e7iv\u0259 T\u0259k Plit\u0259li HEPA Filtr &#8211; 292MM"}]},{"@type":"WebSite","@id":"https:\/\/geoclimate.ge\/#website","url":"https:\/\/geoclimate.ge\/","name":"GeoClimate","description":"","publisher":{"@id":"https:\/\/geoclimate.ge\/#organization"},"potentialAction":[{"@type":"SearchAction","target":{"@type":"EntryPoint","urlTemplate":"https:\/\/geoclimate.ge\/?s={search_term_string}"},"query-input":{"@type":"PropertyValueSpecification","valueRequired":true,"valueName":"search_term_string"}}],"inLanguage":"az"},{"@type":"Organization","@id":"https:\/\/geoclimate.ge\/#organization","name":"GeoClimate","url":"https:\/\/geoclimate.ge\/","logo":{"@type":"ImageObject","inLanguage":"az","@id":"https:\/\/geoclimate.ge\/#\/schema\/logo\/image\/","url":"https:\/\/geoclimate.ge\/wp-content\/uploads\/2026\/03\/geoclimate-SEO.png","contentUrl":"https:\/\/geoclimate.ge\/wp-content\/uploads\/2026\/03\/geoclimate-SEO.png","width":1536,"height":1024,"caption":"GeoClimate"},"image":{"@id":"https:\/\/geoclimate.ge\/#\/schema\/logo\/image\/"}}]}},"_links":{"self":[{"href":"https:\/\/geoclimate.ge\/az\/wp-json\/wp\/v2\/product\/23115","targetHints":{"allow":["GET"]}}],"collection":[{"href":"https:\/\/geoclimate.ge\/az\/wp-json\/wp\/v2\/product"}],"about":[{"href":"https:\/\/geoclimate.ge\/az\/wp-json\/wp\/v2\/types\/product"}],"wp:featuredmedia":[{"embeddable":true,"href":"https:\/\/geoclimate.ge\/az\/wp-json\/wp\/v2\/media\/22737"}],"wp:attachment":[{"href":"https:\/\/geoclimate.ge\/az\/wp-json\/wp\/v2\/media?parent=23115"}],"wp:term":[{"taxonomy":"product_brand","embeddable":true,"href":"https:\/\/geoclimate.ge\/az\/wp-json\/wp\/v2\/product_brand?post=23115"},{"taxonomy":"product_cat","embeddable":true,"href":"https:\/\/geoclimate.ge\/az\/wp-json\/wp\/v2\/product_cat?post=23115"},{"taxonomy":"product_tag","embeddable":true,"href":"https:\/\/geoclimate.ge\/az\/wp-json\/wp\/v2\/product_tag?post=23115"}],"curies":[{"name":"wp","href":"https:\/\/api.w.org\/{rel}","templated":true}]}}