{"id":23127,"date":"2025-02-08T17:31:04","date_gmt":"2025-02-08T13:31:04","guid":{"rendered":"https:\/\/airsystems.ge\/shop\/product\/mdf-frame-hepa-filters-78mm\/"},"modified":"2025-02-20T11:11:59","modified_gmt":"2025-02-20T07:11:59","slug":"mdf-frame-hepa-filters-78mm","status":"publish","type":"product","link":"https:\/\/geoclimate.ge\/az\/product\/mdf-frame-hepa-filters-78mm\/","title":{"rendered":"MDF \u00e7\u0259r\u00e7iv\u0259li HEPA filtrl\u0259ri &#8211; 78MM"},"content":{"rendered":"<div class=\"col-lg-9 content-area\">\n<div class=\"ttm-single-product-details product\">\n<div class=\"ttm-tabs tabs-for-single-products\" data-effect=\"fadeIn\">\n<div class=\"content-tab ttm-bgcolor-white\">\n<div class=\"content-inner active\">\n<table class=\"shop_attributes\">\n<thead>\n<tr>\n<th>Product Code<\/th>\n<th>Classification<\/th>\n<th>Dimensions (WxHxD)<\/th>\n<th>Flow Rate<\/th>\n<th>Filter surface<\/th>\n<th>\u0130nitial Pressure Drop<\/th>\n<th>Max. Final Pressure Drop<\/th>\n<th>Efficiency@ MPPS<\/th>\n<th>Efficiency @0,3 \u00b5 DOP<\/th>\n<th>Weight<\/th>\n<\/tr>\n<tr>\n<th><\/th>\n<th>En1822<\/th>\n<th>mm<\/th>\n<th>m\u00b3\/h<\/th>\n<th>m2<\/th>\n<th>Pa<\/th>\n<th>Pa<\/th>\n<th>%<\/th>\n<th>%<\/th>\n<th>Kg<\/th>\n<\/tr>\n<\/thead>\n<tbody>\n<tr>\n<td>MGH-13M-305x305x78<\/td>\n<td>H13<\/td>\n<td>305x305x78<\/td>\n<td>150<\/td>\n<td>2.25<\/td>\n<td>100<\/td>\n<td>600<\/td>\n<td>99.95<\/td>\n<td>99.75<\/td>\n<td>1.8<\/td>\n<\/tr>\n<tr>\n<td>MGH-13M-305x610x78<\/td>\n<td>H13<\/td>\n<td>305x610x78<\/td>\n<td>300<\/td>\n<td>4.5<\/td>\n<td>100<\/td>\n<td>600<\/td>\n<td>99.95<\/td>\n<td>99.75<\/td>\n<td>2.8<\/td>\n<\/tr>\n<tr>\n<td>MGH-13M-457x457x78<\/td>\n<td>H13<\/td>\n<td>457x457x78<\/td>\n<td>340<\/td>\n<td>5.1<\/td>\n<td>100<\/td>\n<td>600<\/td>\n<td>99.95<\/td>\n<td>99.75<\/td>\n<td>2.2<\/td>\n<\/tr>\n<tr>\n<td>MGH-13M-457x610x78<\/td>\n<td>H13<\/td>\n<td>457x610x78<\/td>\n<td>450<\/td>\n<td>6.7<\/td>\n<td>100<\/td>\n<td>600<\/td>\n<td>99.95<\/td>\n<td>99.75<\/td>\n<td>3.1<\/td>\n<\/tr>\n<tr>\n<td>MGH-13M-535x535x78<\/td>\n<td>H13<\/td>\n<td>535x535x78<\/td>\n<td>460<\/td>\n<td>6.9<\/td>\n<td>100<\/td>\n<td>600<\/td>\n<td>99.95<\/td>\n<td>99.75<\/td>\n<td>4.4<\/td>\n<\/tr>\n<tr>\n<td>MGH-13M-575x575x78<\/td>\n<td>H13<\/td>\n<td>575x575x78<\/td>\n<td>535<\/td>\n<td>8<\/td>\n<td>100<\/td>\n<td>600<\/td>\n<td>99.95<\/td>\n<td>99.75<\/td>\n<td>4.8<\/td>\n<\/tr>\n<tr>\n<td>MGH-13M-610x610x78<\/td>\n<td>H13<\/td>\n<td>610x610x78<\/td>\n<td>600<\/td>\n<td>9<\/td>\n<td>100<\/td>\n<td>600<\/td>\n<td>99.95<\/td>\n<td>99.75<\/td>\n<td>5.2<\/td>\n<\/tr>\n<tr>\n<td>MGH-13M-610x762x78<\/td>\n<td>H13<\/td>\n<td>610x762x78<\/td>\n<td>750<\/td>\n<td>11.3<\/td>\n<td>100<\/td>\n<td>600<\/td>\n<td>99.95<\/td>\n<td>99.75<\/td>\n<td>6.8<\/td>\n<\/tr>\n<tr>\n<td>MGH-13M-610x915x78<\/td>\n<td>H13<\/td>\n<td>610x915x78<\/td>\n<td>900<\/td>\n<td>13.5<\/td>\n<td>100<\/td>\n<td>600<\/td>\n<td>99.95<\/td>\n<td>99.75<\/td>\n<td>7.8<\/td>\n<\/tr>\n<tr>\n<td>MGH-13M-610x1220x78<\/td>\n<td>H13<\/td>\n<td>610x1220x78<\/td>\n<td>1200<\/td>\n<td>18<\/td>\n<td>100<\/td>\n<td>600<\/td>\n<td>99.95<\/td>\n<td>99.75<\/td>\n<td>10.2<\/td>\n<\/tr>\n<tr>\n<td>MGH-14M-305x305x78<\/td>\n<td>H14<\/td>\n<td>305x305x78<\/td>\n<td>150<\/td>\n<td>2.25<\/td>\n<td>125<\/td>\n<td>600<\/td>\n<td>99.995<\/td>\n<td>99.975<\/td>\n<td>1.8<\/td>\n<\/tr>\n<tr>\n<td>MGH-14M-305x610x78<\/td>\n<td>H14<\/td>\n<td>305x610x78<\/td>\n<td>300<\/td>\n<td>4.5<\/td>\n<td>125<\/td>\n<td>600<\/td>\n<td>99.995<\/td>\n<td>99.975<\/td>\n<td>2.8<\/td>\n<\/tr>\n<tr>\n<td>MGH-14M-457x457x78<\/td>\n<td>H14<\/td>\n<td>457x457x78<\/td>\n<td>340<\/td>\n<td>5.1<\/td>\n<td>125<\/td>\n<td>600<\/td>\n<td>99.995<\/td>\n<td>99.975<\/td>\n<td>2.2<\/td>\n<\/tr>\n<tr>\n<td>MGH-14M-457x610x78<\/td>\n<td>H14<\/td>\n<td>457x610x78<\/td>\n<td>450<\/td>\n<td>6.7<\/td>\n<td>125<\/td>\n<td>600<\/td>\n<td>99.995<\/td>\n<td>99.975<\/td>\n<td>3.1<\/td>\n<\/tr>\n<tr>\n<td>MGH-14M-535x535x78<\/td>\n<td>H14<\/td>\n<td>535x535x78<\/td>\n<td>465<\/td>\n<td>6.9<\/td>\n<td>125<\/td>\n<td>600<\/td>\n<td>99.995<\/td>\n<td>99.975<\/td>\n<td>4.8<\/td>\n<\/tr>\n<tr>\n<td>MGH-14M-575x575x78<\/td>\n<td>H14<\/td>\n<td>575x575x78<\/td>\n<td>535<\/td>\n<td>8<\/td>\n<td>125<\/td>\n<td>600<\/td>\n<td>99.995<\/td>\n<td>99.975<\/td>\n<td>4.8<\/td>\n<\/tr>\n<tr>\n<td>MGH-14M-610x610x78<\/td>\n<td>H14<\/td>\n<td>610x610x78<\/td>\n<td>600<\/td>\n<td>9<\/td>\n<td>125<\/td>\n<td>600<\/td>\n<td>99.995<\/td>\n<td>99.975<\/td>\n<td>5.2<\/td>\n<\/tr>\n<tr>\n<td>MGH-14M-610x762x78<\/td>\n<td>H14<\/td>\n<td>610x762x78<\/td>\n<td>750<\/td>\n<td>11.3<\/td>\n<td>125<\/td>\n<td>600<\/td>\n<td>99.995<\/td>\n<td>99.975<\/td>\n<td>6.8<\/td>\n<\/tr>\n<tr>\n<td>MGH-14M-610x915x78<\/td>\n<td>H14<\/td>\n<td>610x915x78<\/td>\n<td>900<\/td>\n<td>13.5<\/td>\n<td>125<\/td>\n<td>600<\/td>\n<td>99.995<\/td>\n<td>99.975<\/td>\n<td>7.8<\/td>\n<\/tr>\n<tr>\n<td>MGH-14M-610x1220x78<\/td>\n<td>H14<\/td>\n<td>610x1220x78<\/td>\n<td>1200<\/td>\n<td>18<\/td>\n<td>125<\/td>\n<td>600<\/td>\n<td>99.995<\/td>\n<td>99.975<\/td>\n<td>10.2<\/td>\n<\/tr>\n<tr>\n<td>MGH-15M-305x305x78<\/td>\n<td>U15<\/td>\n<td>305x305x78<\/td>\n<td>150<\/td>\n<td>2.2<\/td>\n<td>140<\/td>\n<td>600<\/td>\n<td>99.995<\/td>\n<td>99.9999<\/td>\n<td>1.8<\/td>\n<\/tr>\n<tr>\n<td>MGH-15M-305x610x78<\/td>\n<td>U15<\/td>\n<td>305x610x78<\/td>\n<td>300<\/td>\n<td>4.5<\/td>\n<td>140<\/td>\n<td>600<\/td>\n<td>99.995<\/td>\n<td>99.9999<\/td>\n<td>2.8<\/td>\n<\/tr>\n<tr>\n<td>MGH-15M-457x457x78<\/td>\n<td>U15<\/td>\n<td>457x457x78<\/td>\n<td>340<\/td>\n<td>5.1<\/td>\n<td>140<\/td>\n<td>600<\/td>\n<td>99.995<\/td>\n<td>99.9999<\/td>\n<td>2.2<\/td>\n<\/tr>\n<tr>\n<td>MGH-15M-610x610x78<\/td>\n<td>U15<\/td>\n<td>610x610x78<\/td>\n<td>600<\/td>\n<td>9<\/td>\n<td>140<\/td>\n<td>600<\/td>\n<td>99.995<\/td>\n<td>99.9999<\/td>\n<td>5.2<\/td>\n<\/tr>\n<tr>\n<td>MGH-15M-610x762x78<\/td>\n<td>U15<\/td>\n<td>610x762x78<\/td>\n<td>750<\/td>\n<td>11.3<\/td>\n<td>140<\/td>\n<td>600<\/td>\n<td>99.995<\/td>\n<td>99.9999<\/td>\n<td>6.8<\/td>\n<\/tr>\n<tr>\n<td>MGH-15M-610x915x78<\/td>\n<td>U15<\/td>\n<td>610x915x78<\/td>\n<td>900<\/td>\n<td>13.5<\/td>\n<td>140<\/td>\n<td>600<\/td>\n<td>99.995<\/td>\n<td>99.9999<\/td>\n<td>7.8<\/td>\n<\/tr>\n<tr>\n<td>MGH-15M-610x1220x78<\/td>\n<td>U15<\/td>\n<td>610x1220x78<\/td>\n<td>1200<\/td>\n<td>18<\/td>\n<td>140<\/td>\n<td>600<\/td>\n<td>99.995<\/td>\n<td>99.9999<\/td>\n<td>10.2<\/td>\n<\/tr>\n<\/tbody>\n<\/table>\n<\/div>\n<\/div>\n<\/div>\n<\/div>\n<\/div>\n","protected":false},"excerpt":{"rendered":"<p>MDF \u00c7\u0259r\u00e7iv\u0259 HEPA Filtrl\u0259ri &#8211; 78MM<br \/>\nMikro elektronika, tibb, \u0259cza\u00e7\u0131l\u0131q, qida s\u0259nayesi, mikrobiologiya, kimya laboratoriyalar\u0131, x\u0259st\u0259xana v\u0259 \u0259m\u0259liyyat otaqlar\u0131, laminar ax\u0131n qutular\u0131, fan filtrl\u0259ri, n\u00fcv\u0259 enerjisi v\u0259 n\u00fcv\u0259 t\u0259dqiqatlar\u0131 kimi s\u0259naye prosesl\u0259ri.<\/p>\n<p>F\u0130LTRE S\u0130NF\u0130: H13-H14-U15<br \/>\nM\u018fHM\u018fTL\u018fR\u0130C\u0130 T\u018fRB\u0130K: \u0130ki komponentli poliuretan<br \/>\n\u00c7\u0259r\u00e7iv\u0259 N\u00f6v\u00fc: MDF<br \/>\nFACEQUARD: Al\u00fcminium t\u0259b\u0259q\u0259<br \/>\nMONTAJ: EPDM d\u00fcz, EPDM d\u00fcz davaml\u0131 v\u0259 PU k\u00f6p\u00fck<br \/>\nT\u018fTB\u0130Q: HVAC \u00fc\u00e7\u00fcn \u00f6n filtr<br \/>\nMED\u0130A: Y\u00fcks\u0259k keyfiyy\u0259tli \u015f\u00fc\u015f\u0259 lif<br \/>\nMAX \u0130\u015eL\u018fM\u018f TEMPERATURASI: 75 \u00bac<br \/>\nSEPERATOR: \u0130sti \u0259rim\u0259<br \/>\nYAN\u011eIN S\u0130NF\u0130: Normal temperatur \u00fc\u00e7\u00fcn K2\/F2<\/p>\n<p>Y\u00fcks\u0259k keyfiyy\u0259tli filtrasiya<br \/>\nA\u015fa\u011f\u0131 narahatl\u0131q d\u00fc\u015fm\u0259si<br \/>\nDaha az enerji istehlak\u0131<br \/>\nEv s\u00fcr\u0259tinin paylanmas\u0131<br \/>\nS\u0131zd\u0131rmaz z\u0259man\u0259t<br \/>\nf\u0259rdi test sertifikat\u0131 il\u0259 (EN 1822)<br \/>\n\u0130st\u0259nil\u0259n \u00f6l\u00e7\u00fcd\u0259 m\u00fcxt\u0259lif \u00e7\u0259r\u00e7iv\u0259 d\u0259rinliyi<\/p>\n","protected":false},"featured_media":22729,"template":"","meta":[],"product_brand":[],"product_cat":[814],"product_tag":[],"class_list":{"0":"post-23127","1":"product","2":"type-product","3":"status-publish","4":"has-post-thumbnail","6":"product_cat-hava-filtrlri","8":"first","9":"instock","10":"shipping-taxable","11":"product-type-simple"},"yoast_head":"<!-- This site is optimized with the Yoast SEO plugin v27.1.1 - https:\/\/yoast.com\/product\/yoast-seo-wordpress\/ -->\n<title>MDF \u00e7\u0259r\u00e7iv\u0259li HEPA filtrl\u0259ri - 78MM - GeoClimate.ge<\/title>\n<meta name=\"robots\" content=\"index, follow, max-snippet:-1, max-image-preview:large, max-video-preview:-1\" \/>\n<link rel=\"canonical\" href=\"https:\/\/geoclimate.ge\/az\/product\/mdf-frame-hepa-filters-78mm\/\" \/>\n<meta property=\"og:locale\" content=\"az_AZ\" \/>\n<meta property=\"og:type\" content=\"article\" \/>\n<meta property=\"og:title\" content=\"MDF \u00e7\u0259r\u00e7iv\u0259li HEPA filtrl\u0259ri - 78MM - GeoClimate.ge\" \/>\n<meta property=\"og:description\" content=\"MDF \u00c7\u0259r\u00e7iv\u0259 HEPA Filtrl\u0259ri - 78MM Mikro elektronika, tibb, \u0259cza\u00e7\u0131l\u0131q, qida s\u0259nayesi, mikrobiologiya, kimya laboratoriyalar\u0131, x\u0259st\u0259xana v\u0259 \u0259m\u0259liyyat otaqlar\u0131, laminar ax\u0131n qutular\u0131, fan filtrl\u0259ri, n\u00fcv\u0259 enerjisi v\u0259 n\u00fcv\u0259 t\u0259dqiqatlar\u0131 kimi s\u0259naye prosesl\u0259ri.  F\u0130LTRE S\u0130NF\u0130: H13-H14-U15 M\u018fHM\u018fTL\u018fR\u0130C\u0130 T\u018fRB\u0130K: \u0130ki komponentli poliuretan \u00c7\u0259r\u00e7iv\u0259 N\u00f6v\u00fc: MDF FACEQUARD: Al\u00fcminium t\u0259b\u0259q\u0259 MONTAJ: EPDM d\u00fcz, EPDM d\u00fcz davaml\u0131 v\u0259 PU k\u00f6p\u00fck T\u018fTB\u0130Q: HVAC \u00fc\u00e7\u00fcn \u00f6n filtr MED\u0130A: Y\u00fcks\u0259k keyfiyy\u0259tli \u015f\u00fc\u015f\u0259 lif MAX \u0130\u015eL\u018fM\u018f TEMPERATURASI: 75 \u00bac SEPERATOR: \u0130sti \u0259rim\u0259 YAN\u011eIN S\u0130NF\u0130: Normal temperatur \u00fc\u00e7\u00fcn K2\/F2  Y\u00fcks\u0259k keyfiyy\u0259tli filtrasiya A\u015fa\u011f\u0131 narahatl\u0131q d\u00fc\u015fm\u0259si Daha az enerji istehlak\u0131 Ev s\u00fcr\u0259tinin paylanmas\u0131 S\u0131zd\u0131rmaz z\u0259man\u0259t f\u0259rdi test sertifikat\u0131 il\u0259 (EN 1822) \u0130st\u0259nil\u0259n \u00f6l\u00e7\u00fcd\u0259 m\u00fcxt\u0259lif \u00e7\u0259r\u00e7iv\u0259 d\u0259rinliyi\" \/>\n<meta property=\"og:url\" content=\"https:\/\/geoclimate.ge\/az\/product\/mdf-frame-hepa-filters-78mm\/\" \/>\n<meta property=\"og:site_name\" content=\"GeoClimate.ge\" \/>\n<meta property=\"article:modified_time\" content=\"2025-02-20T07:11:59+00:00\" \/>\n<meta property=\"og:image\" content=\"https:\/\/geoclimate.ge\/wp-content\/uploads\/2025\/02\/04-HEPA-FILTERS-MDF-FRAME-SINGLE-PLEAT-292MM.jpg\" \/>\n\t<meta property=\"og:image:width\" content=\"1000\" \/>\n\t<meta property=\"og:image:height\" content=\"1000\" \/>\n\t<meta property=\"og:image:type\" content=\"image\/jpeg\" \/>\n<meta name=\"twitter:card\" content=\"summary_large_image\" \/>\n<meta name=\"twitter:label1\" content=\"Est. reading time\" \/>\n\t<meta name=\"twitter:data1\" content=\"1 minute\" \/>\n<script type=\"application\/ld+json\" class=\"yoast-schema-graph\">{\"@context\":\"https:\/\/schema.org\",\"@graph\":[{\"@type\":\"WebPage\",\"@id\":\"https:\/\/geoclimate.ge\/az\/product\/mdf-frame-hepa-filters-78mm\/\",\"url\":\"https:\/\/geoclimate.ge\/az\/product\/mdf-frame-hepa-filters-78mm\/\",\"name\":\"MDF \u00e7\u0259r\u00e7iv\u0259li HEPA filtrl\u0259ri - 78MM - GeoClimate.ge\",\"isPartOf\":{\"@id\":\"https:\/\/geoclimate.ge\/#website\"},\"primaryImageOfPage\":{\"@id\":\"https:\/\/geoclimate.ge\/az\/product\/mdf-frame-hepa-filters-78mm\/#primaryimage\"},\"image\":{\"@id\":\"https:\/\/geoclimate.ge\/az\/product\/mdf-frame-hepa-filters-78mm\/#primaryimage\"},\"thumbnailUrl\":\"https:\/\/geoclimate.ge\/wp-content\/uploads\/2025\/02\/04-HEPA-FILTERS-MDF-FRAME-SINGLE-PLEAT-292MM.jpg\",\"datePublished\":\"2025-02-08T13:31:04+00:00\",\"dateModified\":\"2025-02-20T07:11:59+00:00\",\"breadcrumb\":{\"@id\":\"https:\/\/geoclimate.ge\/az\/product\/mdf-frame-hepa-filters-78mm\/#breadcrumb\"},\"inLanguage\":\"az\",\"potentialAction\":[{\"@type\":\"ReadAction\",\"target\":[\"https:\/\/geoclimate.ge\/az\/product\/mdf-frame-hepa-filters-78mm\/\"]}]},{\"@type\":\"ImageObject\",\"inLanguage\":\"az\",\"@id\":\"https:\/\/geoclimate.ge\/az\/product\/mdf-frame-hepa-filters-78mm\/#primaryimage\",\"url\":\"https:\/\/geoclimate.ge\/wp-content\/uploads\/2025\/02\/04-HEPA-FILTERS-MDF-FRAME-SINGLE-PLEAT-292MM.jpg\",\"contentUrl\":\"https:\/\/geoclimate.ge\/wp-content\/uploads\/2025\/02\/04-HEPA-FILTERS-MDF-FRAME-SINGLE-PLEAT-292MM.jpg\",\"width\":1000,\"height\":1000},{\"@type\":\"BreadcrumbList\",\"@id\":\"https:\/\/geoclimate.ge\/az\/product\/mdf-frame-hepa-filters-78mm\/#breadcrumb\",\"itemListElement\":[{\"@type\":\"ListItem\",\"position\":1,\"name\":\"Home\",\"item\":\"https:\/\/geoclimate.ge\/az\/\"},{\"@type\":\"ListItem\",\"position\":2,\"name\":\"M\u0259hsullar\",\"item\":\"https:\/\/geoclimate.ge\/az\/products\/\"},{\"@type\":\"ListItem\",\"position\":3,\"name\":\"MDF \u00e7\u0259r\u00e7iv\u0259li HEPA filtrl\u0259ri &#8211; 78MM\"}]},{\"@type\":\"WebSite\",\"@id\":\"https:\/\/geoclimate.ge\/#website\",\"url\":\"https:\/\/geoclimate.ge\/\",\"name\":\"GeoClimate\",\"description\":\"\",\"publisher\":{\"@id\":\"https:\/\/geoclimate.ge\/#organization\"},\"potentialAction\":[{\"@type\":\"SearchAction\",\"target\":{\"@type\":\"EntryPoint\",\"urlTemplate\":\"https:\/\/geoclimate.ge\/?s={search_term_string}\"},\"query-input\":{\"@type\":\"PropertyValueSpecification\",\"valueRequired\":true,\"valueName\":\"search_term_string\"}}],\"inLanguage\":\"az\"},{\"@type\":\"Organization\",\"@id\":\"https:\/\/geoclimate.ge\/#organization\",\"name\":\"GeoClimate\",\"url\":\"https:\/\/geoclimate.ge\/\",\"logo\":{\"@type\":\"ImageObject\",\"inLanguage\":\"az\",\"@id\":\"https:\/\/geoclimate.ge\/#\/schema\/logo\/image\/\",\"url\":\"https:\/\/geoclimate.ge\/wp-content\/uploads\/2026\/03\/geoclimate-SEO.png\",\"contentUrl\":\"https:\/\/geoclimate.ge\/wp-content\/uploads\/2026\/03\/geoclimate-SEO.png\",\"width\":1536,\"height\":1024,\"caption\":\"GeoClimate\"},\"image\":{\"@id\":\"https:\/\/geoclimate.ge\/#\/schema\/logo\/image\/\"}}]}<\/script>\n<!-- \/ Yoast SEO plugin. -->","yoast_head_json":{"title":"MDF \u00e7\u0259r\u00e7iv\u0259li HEPA filtrl\u0259ri - 78MM - GeoClimate.ge","robots":{"index":"index","follow":"follow","max-snippet":"max-snippet:-1","max-image-preview":"max-image-preview:large","max-video-preview":"max-video-preview:-1"},"canonical":"https:\/\/geoclimate.ge\/az\/product\/mdf-frame-hepa-filters-78mm\/","og_locale":"az_AZ","og_type":"article","og_title":"MDF \u00e7\u0259r\u00e7iv\u0259li HEPA filtrl\u0259ri - 78MM - GeoClimate.ge","og_description":"MDF \u00c7\u0259r\u00e7iv\u0259 HEPA Filtrl\u0259ri - 78MM Mikro elektronika, tibb, \u0259cza\u00e7\u0131l\u0131q, qida s\u0259nayesi, mikrobiologiya, kimya laboratoriyalar\u0131, x\u0259st\u0259xana v\u0259 \u0259m\u0259liyyat otaqlar\u0131, laminar ax\u0131n qutular\u0131, fan filtrl\u0259ri, n\u00fcv\u0259 enerjisi v\u0259 n\u00fcv\u0259 t\u0259dqiqatlar\u0131 kimi s\u0259naye prosesl\u0259ri.  F\u0130LTRE S\u0130NF\u0130: H13-H14-U15 M\u018fHM\u018fTL\u018fR\u0130C\u0130 T\u018fRB\u0130K: \u0130ki komponentli poliuretan \u00c7\u0259r\u00e7iv\u0259 N\u00f6v\u00fc: MDF FACEQUARD: Al\u00fcminium t\u0259b\u0259q\u0259 MONTAJ: EPDM d\u00fcz, EPDM d\u00fcz davaml\u0131 v\u0259 PU k\u00f6p\u00fck T\u018fTB\u0130Q: HVAC \u00fc\u00e7\u00fcn \u00f6n filtr MED\u0130A: Y\u00fcks\u0259k keyfiyy\u0259tli \u015f\u00fc\u015f\u0259 lif MAX \u0130\u015eL\u018fM\u018f TEMPERATURASI: 75 \u00bac SEPERATOR: \u0130sti \u0259rim\u0259 YAN\u011eIN S\u0130NF\u0130: Normal temperatur \u00fc\u00e7\u00fcn K2\/F2  Y\u00fcks\u0259k keyfiyy\u0259tli filtrasiya A\u015fa\u011f\u0131 narahatl\u0131q d\u00fc\u015fm\u0259si Daha az enerji istehlak\u0131 Ev s\u00fcr\u0259tinin paylanmas\u0131 S\u0131zd\u0131rmaz z\u0259man\u0259t f\u0259rdi test sertifikat\u0131 il\u0259 (EN 1822) \u0130st\u0259nil\u0259n \u00f6l\u00e7\u00fcd\u0259 m\u00fcxt\u0259lif \u00e7\u0259r\u00e7iv\u0259 d\u0259rinliyi","og_url":"https:\/\/geoclimate.ge\/az\/product\/mdf-frame-hepa-filters-78mm\/","og_site_name":"GeoClimate.ge","article_modified_time":"2025-02-20T07:11:59+00:00","og_image":[{"width":1000,"height":1000,"url":"https:\/\/geoclimate.ge\/wp-content\/uploads\/2025\/02\/04-HEPA-FILTERS-MDF-FRAME-SINGLE-PLEAT-292MM.jpg","type":"image\/jpeg"}],"twitter_card":"summary_large_image","twitter_misc":{"Est. reading time":"1 minute"},"schema":{"@context":"https:\/\/schema.org","@graph":[{"@type":"WebPage","@id":"https:\/\/geoclimate.ge\/az\/product\/mdf-frame-hepa-filters-78mm\/","url":"https:\/\/geoclimate.ge\/az\/product\/mdf-frame-hepa-filters-78mm\/","name":"MDF \u00e7\u0259r\u00e7iv\u0259li HEPA filtrl\u0259ri - 78MM - GeoClimate.ge","isPartOf":{"@id":"https:\/\/geoclimate.ge\/#website"},"primaryImageOfPage":{"@id":"https:\/\/geoclimate.ge\/az\/product\/mdf-frame-hepa-filters-78mm\/#primaryimage"},"image":{"@id":"https:\/\/geoclimate.ge\/az\/product\/mdf-frame-hepa-filters-78mm\/#primaryimage"},"thumbnailUrl":"https:\/\/geoclimate.ge\/wp-content\/uploads\/2025\/02\/04-HEPA-FILTERS-MDF-FRAME-SINGLE-PLEAT-292MM.jpg","datePublished":"2025-02-08T13:31:04+00:00","dateModified":"2025-02-20T07:11:59+00:00","breadcrumb":{"@id":"https:\/\/geoclimate.ge\/az\/product\/mdf-frame-hepa-filters-78mm\/#breadcrumb"},"inLanguage":"az","potentialAction":[{"@type":"ReadAction","target":["https:\/\/geoclimate.ge\/az\/product\/mdf-frame-hepa-filters-78mm\/"]}]},{"@type":"ImageObject","inLanguage":"az","@id":"https:\/\/geoclimate.ge\/az\/product\/mdf-frame-hepa-filters-78mm\/#primaryimage","url":"https:\/\/geoclimate.ge\/wp-content\/uploads\/2025\/02\/04-HEPA-FILTERS-MDF-FRAME-SINGLE-PLEAT-292MM.jpg","contentUrl":"https:\/\/geoclimate.ge\/wp-content\/uploads\/2025\/02\/04-HEPA-FILTERS-MDF-FRAME-SINGLE-PLEAT-292MM.jpg","width":1000,"height":1000},{"@type":"BreadcrumbList","@id":"https:\/\/geoclimate.ge\/az\/product\/mdf-frame-hepa-filters-78mm\/#breadcrumb","itemListElement":[{"@type":"ListItem","position":1,"name":"Home","item":"https:\/\/geoclimate.ge\/az\/"},{"@type":"ListItem","position":2,"name":"M\u0259hsullar","item":"https:\/\/geoclimate.ge\/az\/products\/"},{"@type":"ListItem","position":3,"name":"MDF \u00e7\u0259r\u00e7iv\u0259li HEPA filtrl\u0259ri &#8211; 78MM"}]},{"@type":"WebSite","@id":"https:\/\/geoclimate.ge\/#website","url":"https:\/\/geoclimate.ge\/","name":"GeoClimate","description":"","publisher":{"@id":"https:\/\/geoclimate.ge\/#organization"},"potentialAction":[{"@type":"SearchAction","target":{"@type":"EntryPoint","urlTemplate":"https:\/\/geoclimate.ge\/?s={search_term_string}"},"query-input":{"@type":"PropertyValueSpecification","valueRequired":true,"valueName":"search_term_string"}}],"inLanguage":"az"},{"@type":"Organization","@id":"https:\/\/geoclimate.ge\/#organization","name":"GeoClimate","url":"https:\/\/geoclimate.ge\/","logo":{"@type":"ImageObject","inLanguage":"az","@id":"https:\/\/geoclimate.ge\/#\/schema\/logo\/image\/","url":"https:\/\/geoclimate.ge\/wp-content\/uploads\/2026\/03\/geoclimate-SEO.png","contentUrl":"https:\/\/geoclimate.ge\/wp-content\/uploads\/2026\/03\/geoclimate-SEO.png","width":1536,"height":1024,"caption":"GeoClimate"},"image":{"@id":"https:\/\/geoclimate.ge\/#\/schema\/logo\/image\/"}}]}},"_links":{"self":[{"href":"https:\/\/geoclimate.ge\/az\/wp-json\/wp\/v2\/product\/23127","targetHints":{"allow":["GET"]}}],"collection":[{"href":"https:\/\/geoclimate.ge\/az\/wp-json\/wp\/v2\/product"}],"about":[{"href":"https:\/\/geoclimate.ge\/az\/wp-json\/wp\/v2\/types\/product"}],"wp:featuredmedia":[{"embeddable":true,"href":"https:\/\/geoclimate.ge\/az\/wp-json\/wp\/v2\/media\/22729"}],"wp:attachment":[{"href":"https:\/\/geoclimate.ge\/az\/wp-json\/wp\/v2\/media?parent=23127"}],"wp:term":[{"taxonomy":"product_brand","embeddable":true,"href":"https:\/\/geoclimate.ge\/az\/wp-json\/wp\/v2\/product_brand?post=23127"},{"taxonomy":"product_cat","embeddable":true,"href":"https:\/\/geoclimate.ge\/az\/wp-json\/wp\/v2\/product_cat?post=23127"},{"taxonomy":"product_tag","embeddable":true,"href":"https:\/\/geoclimate.ge\/az\/wp-json\/wp\/v2\/product_tag?post=23127"}],"curies":[{"name":"wp","href":"https:\/\/api.w.org\/{rel}","templated":true}]}}