{"id":23163,"date":"2025-02-08T15:48:27","date_gmt":"2025-02-08T11:48:27","guid":{"rendered":"https:\/\/airsystems.ge\/shop\/product\/glass-fiber-roll\/"},"modified":"2025-02-20T11:38:46","modified_gmt":"2025-02-20T07:38:46","slug":"glass-fiber-roll","status":"publish","type":"product","link":"https:\/\/geoclimate.ge\/az\/product\/glass-fiber-roll\/","title":{"rendered":"\u015e\u00fc\u015f\u0259 lif rulon"},"content":{"rendered":"<table class=\"shop_attributes\">\n<thead>\n<tr>\n<th>Product Code<\/th>\n<th colspan=\"2\">Classification<\/th>\n<th>Thickness<\/th>\n<th>Dimension<\/th>\n<th>Flow Rate<\/th>\n<th>Initial Pressure Drop<\/th>\n<th>Final Pressure<\/th>\n<\/tr>\n<tr>\n<th><\/th>\n<th>\u0131so 16890<\/th>\n<th>EN 779<\/th>\n<th>mm<\/th>\n<th>m<\/th>\n<th>m3\/h<\/th>\n<th>Pa<\/th>\n<th>Pa<\/th>\n<\/tr>\n<\/thead>\n<tbody>\n<tr>\n<td>MGGR-2-2000&#215;10<\/td>\n<td>ISO Coarse 40%<\/td>\n<td>G2<\/td>\n<td>25<\/td>\n<td>1&#215;20<\/td>\n<td>5000<\/td>\n<td>25<\/td>\n<td>250<\/td>\n<\/tr>\n<tr>\n<td>MGGR-3-2000&#215;10<\/td>\n<td>ISO Coarse 50%<\/td>\n<td>G3<\/td>\n<td>50<\/td>\n<td>1&#215;20<\/td>\n<td>5000<\/td>\n<td>35<\/td>\n<td>250<\/td>\n<\/tr>\n<\/tbody>\n<\/table>\n","protected":false},"excerpt":{"rendered":"<p>\u015e\u00fc\u015f\u0259 lif rulon<\/p>\n<p>F\u0130LTRE S\u0130NF\u0130: ISO Kobud 40%, \u0130SO Kobud 50%<br \/>\nMED\u0130A: \u015e\u00fc\u015f\u0259 lifi<br \/>\nT\u018fTB\u0130Q: Boyama kabin\u0259l\u0259ri<br \/>\nMAX \u0130\u015eL\u018fM\u018f TEMPERATURASI: 120 \u00bac<\/p>\n<p>Yanmayan Davaml\u0131 Media<br \/>\nAsanl\u0131qla i\u015fl\u0259nir<br \/>\nEffektiv \u00dcst\u00fcn toz tutma qabiliyy\u0259ti<\/p>\n","protected":false},"featured_media":22699,"template":"","meta":[],"product_brand":[],"product_cat":[814],"product_tag":[],"class_list":{"0":"post-23163","1":"product","2":"type-product","3":"status-publish","4":"has-post-thumbnail","6":"product_cat-hava-filtrlri","8":"first","9":"instock","10":"shipping-taxable","11":"product-type-simple"},"yoast_head":"<!-- This site is optimized with the Yoast SEO plugin v27.1.1 - https:\/\/yoast.com\/product\/yoast-seo-wordpress\/ -->\n<title>\u015e\u00fc\u015f\u0259 lif rulon - GeoClimate.ge<\/title>\n<meta name=\"robots\" content=\"index, follow, max-snippet:-1, max-image-preview:large, max-video-preview:-1\" \/>\n<link rel=\"canonical\" href=\"https:\/\/geoclimate.ge\/az\/product\/glass-fiber-roll\/\" \/>\n<meta property=\"og:locale\" content=\"az_AZ\" \/>\n<meta property=\"og:type\" content=\"article\" \/>\n<meta property=\"og:title\" content=\"\u015e\u00fc\u015f\u0259 lif rulon - GeoClimate.ge\" \/>\n<meta property=\"og:description\" content=\"\u015e\u00fc\u015f\u0259 lif rulon  F\u0130LTRE S\u0130NF\u0130: ISO Kobud 40%, \u0130SO Kobud 50% MED\u0130A: \u015e\u00fc\u015f\u0259 lifi T\u018fTB\u0130Q: Boyama kabin\u0259l\u0259ri MAX \u0130\u015eL\u018fM\u018f TEMPERATURASI: 120 \u00bac  Yanmayan Davaml\u0131 Media Asanl\u0131qla i\u015fl\u0259nir Effektiv \u00dcst\u00fcn toz tutma qabiliyy\u0259ti\" \/>\n<meta property=\"og:url\" content=\"https:\/\/geoclimate.ge\/az\/product\/glass-fiber-roll\/\" \/>\n<meta property=\"og:site_name\" content=\"GeoClimate.ge\" \/>\n<meta property=\"article:modified_time\" content=\"2025-02-20T07:38:46+00:00\" \/>\n<meta property=\"og:image\" content=\"https:\/\/geoclimate.ge\/wp-content\/uploads\/2025\/02\/03-glass-fiber-roll.jpg\" \/>\n\t<meta property=\"og:image:width\" content=\"1080\" \/>\n\t<meta property=\"og:image:height\" content=\"1080\" \/>\n\t<meta property=\"og:image:type\" content=\"image\/jpeg\" \/>\n<meta name=\"twitter:card\" content=\"summary_large_image\" \/>\n<script type=\"application\/ld+json\" class=\"yoast-schema-graph\">{\"@context\":\"https:\/\/schema.org\",\"@graph\":[{\"@type\":\"WebPage\",\"@id\":\"https:\/\/geoclimate.ge\/az\/product\/glass-fiber-roll\/\",\"url\":\"https:\/\/geoclimate.ge\/az\/product\/glass-fiber-roll\/\",\"name\":\"\u015e\u00fc\u015f\u0259 lif rulon - GeoClimate.ge\",\"isPartOf\":{\"@id\":\"https:\/\/geoclimate.ge\/#website\"},\"primaryImageOfPage\":{\"@id\":\"https:\/\/geoclimate.ge\/az\/product\/glass-fiber-roll\/#primaryimage\"},\"image\":{\"@id\":\"https:\/\/geoclimate.ge\/az\/product\/glass-fiber-roll\/#primaryimage\"},\"thumbnailUrl\":\"https:\/\/geoclimate.ge\/wp-content\/uploads\/2025\/02\/03-glass-fiber-roll.jpg\",\"datePublished\":\"2025-02-08T11:48:27+00:00\",\"dateModified\":\"2025-02-20T07:38:46+00:00\",\"breadcrumb\":{\"@id\":\"https:\/\/geoclimate.ge\/az\/product\/glass-fiber-roll\/#breadcrumb\"},\"inLanguage\":\"az\",\"potentialAction\":[{\"@type\":\"ReadAction\",\"target\":[\"https:\/\/geoclimate.ge\/az\/product\/glass-fiber-roll\/\"]}]},{\"@type\":\"ImageObject\",\"inLanguage\":\"az\",\"@id\":\"https:\/\/geoclimate.ge\/az\/product\/glass-fiber-roll\/#primaryimage\",\"url\":\"https:\/\/geoclimate.ge\/wp-content\/uploads\/2025\/02\/03-glass-fiber-roll.jpg\",\"contentUrl\":\"https:\/\/geoclimate.ge\/wp-content\/uploads\/2025\/02\/03-glass-fiber-roll.jpg\",\"width\":1080,\"height\":1080},{\"@type\":\"BreadcrumbList\",\"@id\":\"https:\/\/geoclimate.ge\/az\/product\/glass-fiber-roll\/#breadcrumb\",\"itemListElement\":[{\"@type\":\"ListItem\",\"position\":1,\"name\":\"Home\",\"item\":\"https:\/\/geoclimate.ge\/az\/\"},{\"@type\":\"ListItem\",\"position\":2,\"name\":\"M\u0259hsullar\",\"item\":\"https:\/\/geoclimate.ge\/az\/products\/\"},{\"@type\":\"ListItem\",\"position\":3,\"name\":\"\u015e\u00fc\u015f\u0259 lif rulon\"}]},{\"@type\":\"WebSite\",\"@id\":\"https:\/\/geoclimate.ge\/#website\",\"url\":\"https:\/\/geoclimate.ge\/\",\"name\":\"GeoClimate\",\"description\":\"\",\"publisher\":{\"@id\":\"https:\/\/geoclimate.ge\/#organization\"},\"potentialAction\":[{\"@type\":\"SearchAction\",\"target\":{\"@type\":\"EntryPoint\",\"urlTemplate\":\"https:\/\/geoclimate.ge\/?s={search_term_string}\"},\"query-input\":{\"@type\":\"PropertyValueSpecification\",\"valueRequired\":true,\"valueName\":\"search_term_string\"}}],\"inLanguage\":\"az\"},{\"@type\":\"Organization\",\"@id\":\"https:\/\/geoclimate.ge\/#organization\",\"name\":\"GeoClimate\",\"url\":\"https:\/\/geoclimate.ge\/\",\"logo\":{\"@type\":\"ImageObject\",\"inLanguage\":\"az\",\"@id\":\"https:\/\/geoclimate.ge\/#\/schema\/logo\/image\/\",\"url\":\"https:\/\/geoclimate.ge\/wp-content\/uploads\/2026\/03\/geoclimate-SEO.png\",\"contentUrl\":\"https:\/\/geoclimate.ge\/wp-content\/uploads\/2026\/03\/geoclimate-SEO.png\",\"width\":1536,\"height\":1024,\"caption\":\"GeoClimate\"},\"image\":{\"@id\":\"https:\/\/geoclimate.ge\/#\/schema\/logo\/image\/\"}}]}<\/script>\n<!-- \/ Yoast SEO plugin. -->","yoast_head_json":{"title":"\u015e\u00fc\u015f\u0259 lif rulon - GeoClimate.ge","robots":{"index":"index","follow":"follow","max-snippet":"max-snippet:-1","max-image-preview":"max-image-preview:large","max-video-preview":"max-video-preview:-1"},"canonical":"https:\/\/geoclimate.ge\/az\/product\/glass-fiber-roll\/","og_locale":"az_AZ","og_type":"article","og_title":"\u015e\u00fc\u015f\u0259 lif rulon - GeoClimate.ge","og_description":"\u015e\u00fc\u015f\u0259 lif rulon  F\u0130LTRE S\u0130NF\u0130: ISO Kobud 40%, \u0130SO Kobud 50% MED\u0130A: \u015e\u00fc\u015f\u0259 lifi T\u018fTB\u0130Q: Boyama kabin\u0259l\u0259ri MAX \u0130\u015eL\u018fM\u018f TEMPERATURASI: 120 \u00bac  Yanmayan Davaml\u0131 Media Asanl\u0131qla i\u015fl\u0259nir Effektiv \u00dcst\u00fcn toz tutma qabiliyy\u0259ti","og_url":"https:\/\/geoclimate.ge\/az\/product\/glass-fiber-roll\/","og_site_name":"GeoClimate.ge","article_modified_time":"2025-02-20T07:38:46+00:00","og_image":[{"width":1080,"height":1080,"url":"https:\/\/geoclimate.ge\/wp-content\/uploads\/2025\/02\/03-glass-fiber-roll.jpg","type":"image\/jpeg"}],"twitter_card":"summary_large_image","schema":{"@context":"https:\/\/schema.org","@graph":[{"@type":"WebPage","@id":"https:\/\/geoclimate.ge\/az\/product\/glass-fiber-roll\/","url":"https:\/\/geoclimate.ge\/az\/product\/glass-fiber-roll\/","name":"\u015e\u00fc\u015f\u0259 lif rulon - GeoClimate.ge","isPartOf":{"@id":"https:\/\/geoclimate.ge\/#website"},"primaryImageOfPage":{"@id":"https:\/\/geoclimate.ge\/az\/product\/glass-fiber-roll\/#primaryimage"},"image":{"@id":"https:\/\/geoclimate.ge\/az\/product\/glass-fiber-roll\/#primaryimage"},"thumbnailUrl":"https:\/\/geoclimate.ge\/wp-content\/uploads\/2025\/02\/03-glass-fiber-roll.jpg","datePublished":"2025-02-08T11:48:27+00:00","dateModified":"2025-02-20T07:38:46+00:00","breadcrumb":{"@id":"https:\/\/geoclimate.ge\/az\/product\/glass-fiber-roll\/#breadcrumb"},"inLanguage":"az","potentialAction":[{"@type":"ReadAction","target":["https:\/\/geoclimate.ge\/az\/product\/glass-fiber-roll\/"]}]},{"@type":"ImageObject","inLanguage":"az","@id":"https:\/\/geoclimate.ge\/az\/product\/glass-fiber-roll\/#primaryimage","url":"https:\/\/geoclimate.ge\/wp-content\/uploads\/2025\/02\/03-glass-fiber-roll.jpg","contentUrl":"https:\/\/geoclimate.ge\/wp-content\/uploads\/2025\/02\/03-glass-fiber-roll.jpg","width":1080,"height":1080},{"@type":"BreadcrumbList","@id":"https:\/\/geoclimate.ge\/az\/product\/glass-fiber-roll\/#breadcrumb","itemListElement":[{"@type":"ListItem","position":1,"name":"Home","item":"https:\/\/geoclimate.ge\/az\/"},{"@type":"ListItem","position":2,"name":"M\u0259hsullar","item":"https:\/\/geoclimate.ge\/az\/products\/"},{"@type":"ListItem","position":3,"name":"\u015e\u00fc\u015f\u0259 lif rulon"}]},{"@type":"WebSite","@id":"https:\/\/geoclimate.ge\/#website","url":"https:\/\/geoclimate.ge\/","name":"GeoClimate","description":"","publisher":{"@id":"https:\/\/geoclimate.ge\/#organization"},"potentialAction":[{"@type":"SearchAction","target":{"@type":"EntryPoint","urlTemplate":"https:\/\/geoclimate.ge\/?s={search_term_string}"},"query-input":{"@type":"PropertyValueSpecification","valueRequired":true,"valueName":"search_term_string"}}],"inLanguage":"az"},{"@type":"Organization","@id":"https:\/\/geoclimate.ge\/#organization","name":"GeoClimate","url":"https:\/\/geoclimate.ge\/","logo":{"@type":"ImageObject","inLanguage":"az","@id":"https:\/\/geoclimate.ge\/#\/schema\/logo\/image\/","url":"https:\/\/geoclimate.ge\/wp-content\/uploads\/2026\/03\/geoclimate-SEO.png","contentUrl":"https:\/\/geoclimate.ge\/wp-content\/uploads\/2026\/03\/geoclimate-SEO.png","width":1536,"height":1024,"caption":"GeoClimate"},"image":{"@id":"https:\/\/geoclimate.ge\/#\/schema\/logo\/image\/"}}]}},"_links":{"self":[{"href":"https:\/\/geoclimate.ge\/az\/wp-json\/wp\/v2\/product\/23163","targetHints":{"allow":["GET"]}}],"collection":[{"href":"https:\/\/geoclimate.ge\/az\/wp-json\/wp\/v2\/product"}],"about":[{"href":"https:\/\/geoclimate.ge\/az\/wp-json\/wp\/v2\/types\/product"}],"wp:featuredmedia":[{"embeddable":true,"href":"https:\/\/geoclimate.ge\/az\/wp-json\/wp\/v2\/media\/22699"}],"wp:attachment":[{"href":"https:\/\/geoclimate.ge\/az\/wp-json\/wp\/v2\/media?parent=23163"}],"wp:term":[{"taxonomy":"product_brand","embeddable":true,"href":"https:\/\/geoclimate.ge\/az\/wp-json\/wp\/v2\/product_brand?post=23163"},{"taxonomy":"product_cat","embeddable":true,"href":"https:\/\/geoclimate.ge\/az\/wp-json\/wp\/v2\/product_cat?post=23163"},{"taxonomy":"product_tag","embeddable":true,"href":"https:\/\/geoclimate.ge\/az\/wp-json\/wp\/v2\/product_tag?post=23163"}],"curies":[{"name":"wp","href":"https:\/\/api.w.org\/{rel}","templated":true}]}}