{"id":23168,"date":"2025-02-08T15:16:21","date_gmt":"2025-02-08T11:16:21","guid":{"rendered":"https:\/\/airsystems.ge\/shop\/product\/polyester-roll\/"},"modified":"2025-02-20T11:41:54","modified_gmt":"2025-02-20T07:41:54","slug":"polyester-roll","status":"publish","type":"product","link":"https:\/\/geoclimate.ge\/az\/product\/polyester-roll\/","title":{"rendered":"Polyester rulon"},"content":{"rendered":"<table class=\"shop_attributes\">\n<thead>\n<tr>\n<th>Product Code<\/th>\n<th colspan=\"2\">Class<\/th>\n<th>Weight<\/th>\n<th>Flow Rate<\/th>\n<th>Thickness<\/th>\n<th>Dimension<\/th>\n<th>Initial Pressure Drop<\/th>\n<th>Max. Final Pressure Drop<\/th>\n<\/tr>\n<tr>\n<th><\/th>\n<th>En779<\/th>\n<th>ISO 16890<\/th>\n<th>g\/m2<\/th>\n<th>m3\/h<\/th>\n<th>mm<\/th>\n<th>m<\/th>\n<th>Pa<\/th>\n<th>Pa<\/th>\n<\/tr>\n<\/thead>\n<tbody>\n<tr>\n<td>MGR-2-2000&#215;50<\/td>\n<td>G2<\/td>\n<td>Coarse 40%<\/td>\n<td>110<\/td>\n<td>5400<\/td>\n<td>10<\/td>\n<td>2 x 5<\/td>\n<td>20<\/td>\n<td>250<\/td>\n<\/tr>\n<tr>\n<td>MGR-3-2000&#215;50<\/td>\n<td>G3<\/td>\n<td>Coarse 50%<\/td>\n<td>150<\/td>\n<td>5400<\/td>\n<td>15<\/td>\n<td>2 x 50<\/td>\n<td>40<\/td>\n<td>250<\/td>\n<\/tr>\n<tr>\n<td>MGR-4-2000&#215;20<\/td>\n<td>G4<\/td>\n<td>Coarse 70%<\/td>\n<td>200<\/td>\n<td>5400<\/td>\n<td>18<\/td>\n<td>2 x 20<\/td>\n<td>50<\/td>\n<td>250<\/td>\n<\/tr>\n<\/tbody>\n<\/table>\n","protected":false},"excerpt":{"rendered":"<p>Polyester rulon<\/p>\n<p>Geni\u015f hava \u015f\u0259raiti \u00fc\u00e7\u00fcn istifad\u0259 edil\u0259 bil\u0259n toxunmam\u0131\u015f strukturlu 0 polyester lifl\u0259rd\u0259n haz\u0131rlanm\u0131\u015fd\u0131r. Kondisioner t\u0259tbiql\u0259rind\u0259 \u00f6n filtr kimi istifad\u0259 olunur v\u0259 m\u00fct\u0259r\u0259qqi lif qurulu\u015fu il\u0259 a\u015fa\u011f\u0131 t\u0259zyiq d\u00fc\u015fm\u0259sind\u0259 y\u00fcks\u0259k toz tutma qabiliyy\u0259tini t\u0259min edir. Geni\u015f istifad\u0259 \u00fc\u00e7\u00fcn m\u00fcxt\u0259lif modell\u0259r m\u00f6vcuddur. Standart rulonlarda m\u00f6vcuddur v\u0259 ya t\u0259l\u0259b olunan \u00f6l\u00e7\u00fcd\u0259 k\u0259silir. Filtr s\u0259m\u0259r\u0259liliyi sinfi: G2 \u2013 G3 \u2013 G4 \u2013 M5<\/p>\n<p>F\u0130LTRE S\u0130NF\u0130: \u0130SO qaba 40%, \u0130SO qaba 50%, ISO qaba 70%<\/p>\n<p>Yanmaz<br \/>\n\u018ftraf m\u00fchit\u0259 uy\u011fun<br \/>\nAsanl\u0131qla i\u015fl\u0259nir<br \/>\nEffektiv \u00dcst\u00fcn toz tutma qabiliyy\u0259ti<br \/>\nTermoba\u011fl\u0131<\/p>\n","protected":false},"featured_media":22693,"template":"","meta":[],"product_brand":[],"product_cat":[814],"product_tag":[],"class_list":{"0":"post-23168","1":"product","2":"type-product","3":"status-publish","4":"has-post-thumbnail","6":"product_cat-hava-filtrlri","8":"first","9":"instock","10":"shipping-taxable","11":"product-type-simple"},"yoast_head":"<!-- This site is optimized with the Yoast SEO plugin v27.1.1 - https:\/\/yoast.com\/product\/yoast-seo-wordpress\/ -->\n<title>Polyester rulon - GeoClimate.ge<\/title>\n<meta name=\"robots\" content=\"index, follow, max-snippet:-1, max-image-preview:large, max-video-preview:-1\" \/>\n<link rel=\"canonical\" href=\"https:\/\/geoclimate.ge\/az\/product\/polyester-roll\/\" \/>\n<meta property=\"og:locale\" content=\"az_AZ\" \/>\n<meta property=\"og:type\" content=\"article\" \/>\n<meta property=\"og:title\" content=\"Polyester rulon - GeoClimate.ge\" \/>\n<meta property=\"og:description\" content=\"Polyester rulon  Geni\u015f hava \u015f\u0259raiti \u00fc\u00e7\u00fcn istifad\u0259 edil\u0259 bil\u0259n toxunmam\u0131\u015f strukturlu 0 polyester lifl\u0259rd\u0259n haz\u0131rlanm\u0131\u015fd\u0131r. Kondisioner t\u0259tbiql\u0259rind\u0259 \u00f6n filtr kimi istifad\u0259 olunur v\u0259 m\u00fct\u0259r\u0259qqi lif qurulu\u015fu il\u0259 a\u015fa\u011f\u0131 t\u0259zyiq d\u00fc\u015fm\u0259sind\u0259 y\u00fcks\u0259k toz tutma qabiliyy\u0259tini t\u0259min edir. Geni\u015f istifad\u0259 \u00fc\u00e7\u00fcn m\u00fcxt\u0259lif modell\u0259r m\u00f6vcuddur. Standart rulonlarda m\u00f6vcuddur v\u0259 ya t\u0259l\u0259b olunan \u00f6l\u00e7\u00fcd\u0259 k\u0259silir. Filtr s\u0259m\u0259r\u0259liliyi sinfi: G2 \u2013 G3 \u2013 G4 \u2013 M5  F\u0130LTRE S\u0130NF\u0130: \u0130SO qaba 40%, \u0130SO qaba 50%, ISO qaba 70%  Yanmaz \u018ftraf m\u00fchit\u0259 uy\u011fun Asanl\u0131qla i\u015fl\u0259nir Effektiv \u00dcst\u00fcn toz tutma qabiliyy\u0259ti Termoba\u011fl\u0131\" \/>\n<meta property=\"og:url\" content=\"https:\/\/geoclimate.ge\/az\/product\/polyester-roll\/\" \/>\n<meta property=\"og:site_name\" content=\"GeoClimate.ge\" \/>\n<meta property=\"article:modified_time\" content=\"2025-02-20T07:41:54+00:00\" \/>\n<meta property=\"og:image\" content=\"https:\/\/geoclimate.ge\/wp-content\/uploads\/2025\/02\/01-MEGE-FILTER-POLYESTER-ROLLS-scaled.jpg\" \/>\n\t<meta property=\"og:image:width\" content=\"2560\" \/>\n\t<meta property=\"og:image:height\" content=\"1963\" \/>\n\t<meta property=\"og:image:type\" content=\"image\/jpeg\" \/>\n<meta name=\"twitter:card\" content=\"summary_large_image\" \/>\n<script type=\"application\/ld+json\" class=\"yoast-schema-graph\">{\"@context\":\"https:\/\/schema.org\",\"@graph\":[{\"@type\":\"WebPage\",\"@id\":\"https:\/\/geoclimate.ge\/az\/product\/polyester-roll\/\",\"url\":\"https:\/\/geoclimate.ge\/az\/product\/polyester-roll\/\",\"name\":\"Polyester rulon - GeoClimate.ge\",\"isPartOf\":{\"@id\":\"https:\/\/geoclimate.ge\/#website\"},\"primaryImageOfPage\":{\"@id\":\"https:\/\/geoclimate.ge\/az\/product\/polyester-roll\/#primaryimage\"},\"image\":{\"@id\":\"https:\/\/geoclimate.ge\/az\/product\/polyester-roll\/#primaryimage\"},\"thumbnailUrl\":\"https:\/\/geoclimate.ge\/wp-content\/uploads\/2025\/02\/01-MEGE-FILTER-POLYESTER-ROLLS-scaled.jpg\",\"datePublished\":\"2025-02-08T11:16:21+00:00\",\"dateModified\":\"2025-02-20T07:41:54+00:00\",\"breadcrumb\":{\"@id\":\"https:\/\/geoclimate.ge\/az\/product\/polyester-roll\/#breadcrumb\"},\"inLanguage\":\"az\",\"potentialAction\":[{\"@type\":\"ReadAction\",\"target\":[\"https:\/\/geoclimate.ge\/az\/product\/polyester-roll\/\"]}]},{\"@type\":\"ImageObject\",\"inLanguage\":\"az\",\"@id\":\"https:\/\/geoclimate.ge\/az\/product\/polyester-roll\/#primaryimage\",\"url\":\"https:\/\/geoclimate.ge\/wp-content\/uploads\/2025\/02\/01-MEGE-FILTER-POLYESTER-ROLLS-scaled.jpg\",\"contentUrl\":\"https:\/\/geoclimate.ge\/wp-content\/uploads\/2025\/02\/01-MEGE-FILTER-POLYESTER-ROLLS-scaled.jpg\",\"width\":2560,\"height\":1963},{\"@type\":\"BreadcrumbList\",\"@id\":\"https:\/\/geoclimate.ge\/az\/product\/polyester-roll\/#breadcrumb\",\"itemListElement\":[{\"@type\":\"ListItem\",\"position\":1,\"name\":\"Home\",\"item\":\"https:\/\/geoclimate.ge\/az\/\"},{\"@type\":\"ListItem\",\"position\":2,\"name\":\"M\u0259hsullar\",\"item\":\"https:\/\/geoclimate.ge\/az\/products\/\"},{\"@type\":\"ListItem\",\"position\":3,\"name\":\"Polyester rulon\"}]},{\"@type\":\"WebSite\",\"@id\":\"https:\/\/geoclimate.ge\/#website\",\"url\":\"https:\/\/geoclimate.ge\/\",\"name\":\"GeoClimate\",\"description\":\"\",\"publisher\":{\"@id\":\"https:\/\/geoclimate.ge\/#organization\"},\"potentialAction\":[{\"@type\":\"SearchAction\",\"target\":{\"@type\":\"EntryPoint\",\"urlTemplate\":\"https:\/\/geoclimate.ge\/?s={search_term_string}\"},\"query-input\":{\"@type\":\"PropertyValueSpecification\",\"valueRequired\":true,\"valueName\":\"search_term_string\"}}],\"inLanguage\":\"az\"},{\"@type\":\"Organization\",\"@id\":\"https:\/\/geoclimate.ge\/#organization\",\"name\":\"GeoClimate\",\"url\":\"https:\/\/geoclimate.ge\/\",\"logo\":{\"@type\":\"ImageObject\",\"inLanguage\":\"az\",\"@id\":\"https:\/\/geoclimate.ge\/#\/schema\/logo\/image\/\",\"url\":\"https:\/\/geoclimate.ge\/wp-content\/uploads\/2026\/03\/geoclimate-SEO.png\",\"contentUrl\":\"https:\/\/geoclimate.ge\/wp-content\/uploads\/2026\/03\/geoclimate-SEO.png\",\"width\":1536,\"height\":1024,\"caption\":\"GeoClimate\"},\"image\":{\"@id\":\"https:\/\/geoclimate.ge\/#\/schema\/logo\/image\/\"}}]}<\/script>\n<!-- \/ Yoast SEO plugin. -->","yoast_head_json":{"title":"Polyester rulon - GeoClimate.ge","robots":{"index":"index","follow":"follow","max-snippet":"max-snippet:-1","max-image-preview":"max-image-preview:large","max-video-preview":"max-video-preview:-1"},"canonical":"https:\/\/geoclimate.ge\/az\/product\/polyester-roll\/","og_locale":"az_AZ","og_type":"article","og_title":"Polyester rulon - GeoClimate.ge","og_description":"Polyester rulon  Geni\u015f hava \u015f\u0259raiti \u00fc\u00e7\u00fcn istifad\u0259 edil\u0259 bil\u0259n toxunmam\u0131\u015f strukturlu 0 polyester lifl\u0259rd\u0259n haz\u0131rlanm\u0131\u015fd\u0131r. Kondisioner t\u0259tbiql\u0259rind\u0259 \u00f6n filtr kimi istifad\u0259 olunur v\u0259 m\u00fct\u0259r\u0259qqi lif qurulu\u015fu il\u0259 a\u015fa\u011f\u0131 t\u0259zyiq d\u00fc\u015fm\u0259sind\u0259 y\u00fcks\u0259k toz tutma qabiliyy\u0259tini t\u0259min edir. Geni\u015f istifad\u0259 \u00fc\u00e7\u00fcn m\u00fcxt\u0259lif modell\u0259r m\u00f6vcuddur. Standart rulonlarda m\u00f6vcuddur v\u0259 ya t\u0259l\u0259b olunan \u00f6l\u00e7\u00fcd\u0259 k\u0259silir. Filtr s\u0259m\u0259r\u0259liliyi sinfi: G2 \u2013 G3 \u2013 G4 \u2013 M5  F\u0130LTRE S\u0130NF\u0130: \u0130SO qaba 40%, \u0130SO qaba 50%, ISO qaba 70%  Yanmaz \u018ftraf m\u00fchit\u0259 uy\u011fun Asanl\u0131qla i\u015fl\u0259nir Effektiv \u00dcst\u00fcn toz tutma qabiliyy\u0259ti Termoba\u011fl\u0131","og_url":"https:\/\/geoclimate.ge\/az\/product\/polyester-roll\/","og_site_name":"GeoClimate.ge","article_modified_time":"2025-02-20T07:41:54+00:00","og_image":[{"width":2560,"height":1963,"url":"https:\/\/geoclimate.ge\/wp-content\/uploads\/2025\/02\/01-MEGE-FILTER-POLYESTER-ROLLS-scaled.jpg","type":"image\/jpeg"}],"twitter_card":"summary_large_image","schema":{"@context":"https:\/\/schema.org","@graph":[{"@type":"WebPage","@id":"https:\/\/geoclimate.ge\/az\/product\/polyester-roll\/","url":"https:\/\/geoclimate.ge\/az\/product\/polyester-roll\/","name":"Polyester rulon - GeoClimate.ge","isPartOf":{"@id":"https:\/\/geoclimate.ge\/#website"},"primaryImageOfPage":{"@id":"https:\/\/geoclimate.ge\/az\/product\/polyester-roll\/#primaryimage"},"image":{"@id":"https:\/\/geoclimate.ge\/az\/product\/polyester-roll\/#primaryimage"},"thumbnailUrl":"https:\/\/geoclimate.ge\/wp-content\/uploads\/2025\/02\/01-MEGE-FILTER-POLYESTER-ROLLS-scaled.jpg","datePublished":"2025-02-08T11:16:21+00:00","dateModified":"2025-02-20T07:41:54+00:00","breadcrumb":{"@id":"https:\/\/geoclimate.ge\/az\/product\/polyester-roll\/#breadcrumb"},"inLanguage":"az","potentialAction":[{"@type":"ReadAction","target":["https:\/\/geoclimate.ge\/az\/product\/polyester-roll\/"]}]},{"@type":"ImageObject","inLanguage":"az","@id":"https:\/\/geoclimate.ge\/az\/product\/polyester-roll\/#primaryimage","url":"https:\/\/geoclimate.ge\/wp-content\/uploads\/2025\/02\/01-MEGE-FILTER-POLYESTER-ROLLS-scaled.jpg","contentUrl":"https:\/\/geoclimate.ge\/wp-content\/uploads\/2025\/02\/01-MEGE-FILTER-POLYESTER-ROLLS-scaled.jpg","width":2560,"height":1963},{"@type":"BreadcrumbList","@id":"https:\/\/geoclimate.ge\/az\/product\/polyester-roll\/#breadcrumb","itemListElement":[{"@type":"ListItem","position":1,"name":"Home","item":"https:\/\/geoclimate.ge\/az\/"},{"@type":"ListItem","position":2,"name":"M\u0259hsullar","item":"https:\/\/geoclimate.ge\/az\/products\/"},{"@type":"ListItem","position":3,"name":"Polyester rulon"}]},{"@type":"WebSite","@id":"https:\/\/geoclimate.ge\/#website","url":"https:\/\/geoclimate.ge\/","name":"GeoClimate","description":"","publisher":{"@id":"https:\/\/geoclimate.ge\/#organization"},"potentialAction":[{"@type":"SearchAction","target":{"@type":"EntryPoint","urlTemplate":"https:\/\/geoclimate.ge\/?s={search_term_string}"},"query-input":{"@type":"PropertyValueSpecification","valueRequired":true,"valueName":"search_term_string"}}],"inLanguage":"az"},{"@type":"Organization","@id":"https:\/\/geoclimate.ge\/#organization","name":"GeoClimate","url":"https:\/\/geoclimate.ge\/","logo":{"@type":"ImageObject","inLanguage":"az","@id":"https:\/\/geoclimate.ge\/#\/schema\/logo\/image\/","url":"https:\/\/geoclimate.ge\/wp-content\/uploads\/2026\/03\/geoclimate-SEO.png","contentUrl":"https:\/\/geoclimate.ge\/wp-content\/uploads\/2026\/03\/geoclimate-SEO.png","width":1536,"height":1024,"caption":"GeoClimate"},"image":{"@id":"https:\/\/geoclimate.ge\/#\/schema\/logo\/image\/"}}]}},"_links":{"self":[{"href":"https:\/\/geoclimate.ge\/az\/wp-json\/wp\/v2\/product\/23168","targetHints":{"allow":["GET"]}}],"collection":[{"href":"https:\/\/geoclimate.ge\/az\/wp-json\/wp\/v2\/product"}],"about":[{"href":"https:\/\/geoclimate.ge\/az\/wp-json\/wp\/v2\/types\/product"}],"wp:featuredmedia":[{"embeddable":true,"href":"https:\/\/geoclimate.ge\/az\/wp-json\/wp\/v2\/media\/22693"}],"wp:attachment":[{"href":"https:\/\/geoclimate.ge\/az\/wp-json\/wp\/v2\/media?parent=23168"}],"wp:term":[{"taxonomy":"product_brand","embeddable":true,"href":"https:\/\/geoclimate.ge\/az\/wp-json\/wp\/v2\/product_brand?post=23168"},{"taxonomy":"product_cat","embeddable":true,"href":"https:\/\/geoclimate.ge\/az\/wp-json\/wp\/v2\/product_cat?post=23168"},{"taxonomy":"product_tag","embeddable":true,"href":"https:\/\/geoclimate.ge\/az\/wp-json\/wp\/v2\/product_tag?post=23168"}],"curies":[{"name":"wp","href":"https:\/\/api.w.org\/{rel}","templated":true}]}}