{"id":23175,"date":"2024-11-12T21:55:47","date_gmt":"2024-11-12T17:55:47","guid":{"rendered":"https:\/\/airsystems.ge\/shop\/product\/bg40-gas-detector\/"},"modified":"2025-02-20T13:26:14","modified_gmt":"2025-02-20T09:26:14","slug":"bg40-gas-detector","status":"publish","type":"product","link":"https:\/\/geoclimate.ge\/az\/product\/bg40-gas-detector\/","title":{"rendered":"BG40 Qaz Detektoru"},"content":{"rendered":"<p>T\u0259cr\u00fcb\u0259 \u00fc\u00e7\u00fcn \u00fcst\u00fcnl\u00fckl\u0259r:<\/p>\n<p>Qaz x\u0259b\u0259rdaredici cihaz v\u0259 qaz detektoru bir yerd\u0259<br \/>\nOptik, akustik v\u0259 vibrasiya siqnal\u0131<br \/>\nSiqnal tezliyi v\u0259 qaz\u0131n konsentrasiyas\u0131na nisb\u0259t\u0259n h\u0259cmi<br \/>\n\u018flav\u0259 g\u00f6st\u0259rici displeyli b\u00f6y\u00fck, oxunmas\u0131 asan displey<br \/>\nArxa i\u015f\u0131ql\u0131 LCD displey<br \/>\nAvtomatik ba\u011flanma<br \/>\nYum\u015faq toxunma funksiyas\u0131 d\u00fcym\u0259l\u0259ri<br \/>\n1\/4-d\u00fcyml\u00fck \u015ftativ ip<br \/>\nBir \u0259ll\u0259 sad\u0259 \u0259m\u0259liyyat<br \/>\nPul \u00fc\u00e7\u00fcn optimal d\u0259y\u0259r<br \/>\n\u00c7\u0259tin \u0259l\u00e7atan yerl\u0259rin m\u00fcayin\u0259si \u00fc\u00e7\u00fcn yar\u0131 elastik, 40 sm uzunlu\u011funda qaz boynu-zond<br \/>\nBG40 t\u0259bii qaz, metan, etan, propan, butan, heksan, etilen, asetaldehid, formaldehid, toluol, P-ksilen, aseton, spirt, benzol, ammonyak, buxar, karbon monoksit, benzin v\u0259 hidrogen sulfid kimi yanan qazlar\u0131 etibarl\u0131 \u015f\u0259kild\u0259 a\u015fkar edir.<\/p>\n<p>BG40-\u0131n b\u0259zi texniki detallar\u0131:<\/p>\n<p>\u00d6l\u00e7m\u0259 diapazonu min .: 0 ppm<br \/>\n\u00d6l\u00e7m\u0259 diapazonu maks.: 10.000 ppm<br \/>\nD\u0259qiqlik: 50 ppm<br \/>\nCavab m\u00fcdd\u0259ti: 2 s<br \/>\nH\u0259ssasl\u0131q: &lt;10 ppm<br \/>\nStandart kalibrl\u0259m\u0259: metan<br \/>\nSiqnal s\u0259viyy\u0259si maks.: x10:&gt; 1,000, X100:&gt; 10,000<br \/>\nFunksiyalar: vizual v\u0259 akustik siqnalizasiya (siqnal\u0131n tezliyi v\u0259 h\u0259cmi qaz\u0131n konsentrasiyas\u0131na nisbidir), vibrasiya siqnal\u0131, avtomatik s\u00f6nd\u00fcrm\u0259 funksiyas\u0131, avtomatik s\u0131f\u0131r funksiyas\u0131<br \/>\n\u018ftraf m\u00fchitin \u015f\u0259rtl\u0259ri \u018fm\u0259liyyat: 0 il\u0259 +40 \u00b0 C, 10 il\u0259 85% RH. (yo\u011funla\u015fmayan)<br \/>\n\u018ftraf m\u00fchit \u015f\u0259raiti Saxlama: -10 il\u0259 + 60 \u00b0 C aras\u0131nda<br \/>\nGooseneck zond: Uzunluq t\u0259qrib\u0259n. 40 sm<br \/>\nBatareyan\u0131n i\u015fl\u0259m\u0259 m\u00fcdd\u0259ti: t\u0259qrib\u0259n. 8 saat.<br \/>\nLXBXH cihaz\u0131n\u0131n \u00f6l\u00e7\u00fcl\u0259ri: 45 x 60 x 220 mm<br \/>\n\u00c7\u0259kisi: 428 q<\/p>\n<p><a href=\"https:\/\/uk.trotec.com\/fileadmin\/downloads\/Messgeraete\/Emission\/BG40\/TRT-BA-BG40-TC-003-EN.pdf\">Operating manual BG40 gasdetector (EN)<\/a><\/p>\n","protected":false},"excerpt":{"rendered":"<p>BG40 Qaz Detektoru<\/p>\n<p>M\u0259hsul t\u0259sviri<br \/>\nT\u0259bii qaz, metan, etan v\u0259 propan kimi yanan qazlar\u0131n saxlanmas\u0131 v\u0259 istifad\u0259si g\u00fcnd\u0259lik h\u0259yat\u0131n riskl\u0259ri aras\u0131ndad\u0131r ki, onlar\u0131 da qiym\u0259tl\u0259ndirm\u0259m\u0259k olmaz. Bu s\u0259b\u0259bd\u0259n m\u0259i\u015f\u0259td\u0259 v\u0259 ya qay\u0131qda olan qaz patronlar\u0131 v\u0259 maye qaz qablar\u0131, el\u0259c\u0259 d\u0259 qaz borular\u0131 v\u0259 fitinql\u0259r BG40 kimi qaz detektoru il\u0259 onlar\u0131n s\u0131xl\u0131\u011f\u0131n\u0131 m\u00fct\u0259madi olaraq yoxlanmal\u0131d\u0131r.<\/p>\n<p>Y\u00fcks\u0259k h\u0259ssasl\u0131\u011f\u0131 say\u0259sind\u0259 y\u0131\u011fcam qaz g\u00f6st\u0259ricisi BG40 \u0259n ki\u00e7ik qaz s\u0131zmalar\u0131n\u0131 bel\u0259 c\u0259mi iki saniy\u0259 \u0259rzind\u0259 qeyd edir v\u0259 optik, akustik v\u0259 vibrasiya siqnallar\u0131 vasit\u0259sil\u0259 \u0259n a\u015fa\u011f\u0131 qaz konsentrasiyalar\u0131ndan bel\u0259 10 ppm-d\u0259n az h\u0259ssasl\u0131qla x\u0259b\u0259rdarl\u0131q edir. Akustik h\u0259y\u0259can siqnal\u0131 artan tezlik v\u0259 y\u00fcks\u0259klik il\u0259 \u00e7\u0131xan qaz\u0131n artan intensivliyini bildirir.<\/p>\n<p>40 sm (15.75&#8243;) \u00e7evik boru zondu \u00e7\u0259tin \u0259ld\u0259 edil\u0259n v\u0259 s\u0131x\u0131lm\u0131\u015f \u0259razil\u0259rd\u0259 s\u0131zman\u0131n a\u015fkarlanmas\u0131na v\u0259 m\u00fc\u0259yy\u0259n edilm\u0259sin\u0259 imkan verir. Qaz detektoru arxa i\u015f\u0131ql\u0131 LCD displeyl\u0259 t\u0259chiz olunub ki, bu da \u00f6l\u00e7\u00fclm\u00fc\u015f ppm d\u0259y\u0259rl\u0259rini ist\u0259nil\u0259n vaxt, h\u0259tta \u0259lveri\u015fsiz i\u015f\u0131q \u015f\u0259raitind\u0259 bel\u0259 tez v\u0259 asanl\u0131qla oxuma\u011fa imkan verir. partlay\u0131\u015f\u0131n m\u00fcmk\u00fcn oldu\u011fu havada qaz konsentrasiyas\u0131 g\u00f6st\u0259rilir.<\/p>\n","protected":false},"featured_media":21564,"template":"","meta":[],"product_brand":[],"product_cat":[809,821],"product_tag":[],"class_list":{"0":"post-23175","1":"product","2":"type-product","3":"status-publish","4":"has-post-thumbnail","6":"product_cat-hava-nmlndiricisi-kondisioner-az-ventilyasiya-ventilyator","7":"product_cat-emission-az","9":"first","10":"instock","11":"shipping-taxable","12":"purchasable","13":"product-type-simple"},"yoast_head":"<!-- This site is optimized with the Yoast SEO plugin v27.1.1 - https:\/\/yoast.com\/product\/yoast-seo-wordpress\/ -->\n<title>BG40 Qaz Detektoru - GeoClimate.ge<\/title>\n<meta name=\"robots\" content=\"index, follow, max-snippet:-1, max-image-preview:large, max-video-preview:-1\" \/>\n<link rel=\"canonical\" href=\"https:\/\/geoclimate.ge\/az\/product\/bg40-gas-detector\/\" \/>\n<meta property=\"og:locale\" content=\"az_AZ\" \/>\n<meta property=\"og:type\" content=\"article\" \/>\n<meta property=\"og:title\" content=\"BG40 Qaz Detektoru - GeoClimate.ge\" \/>\n<meta property=\"og:description\" content=\"BG40 Qaz Detektoru  M\u0259hsul t\u0259sviri T\u0259bii qaz, metan, etan v\u0259 propan kimi yanan qazlar\u0131n saxlanmas\u0131 v\u0259 istifad\u0259si g\u00fcnd\u0259lik h\u0259yat\u0131n riskl\u0259ri aras\u0131ndad\u0131r ki, onlar\u0131 da qiym\u0259tl\u0259ndirm\u0259m\u0259k olmaz. Bu s\u0259b\u0259bd\u0259n m\u0259i\u015f\u0259td\u0259 v\u0259 ya qay\u0131qda olan qaz patronlar\u0131 v\u0259 maye qaz qablar\u0131, el\u0259c\u0259 d\u0259 qaz borular\u0131 v\u0259 fitinql\u0259r BG40 kimi qaz detektoru il\u0259 onlar\u0131n s\u0131xl\u0131\u011f\u0131n\u0131 m\u00fct\u0259madi olaraq yoxlanmal\u0131d\u0131r.  Y\u00fcks\u0259k h\u0259ssasl\u0131\u011f\u0131 say\u0259sind\u0259 y\u0131\u011fcam qaz g\u00f6st\u0259ricisi BG40 \u0259n ki\u00e7ik qaz s\u0131zmalar\u0131n\u0131 bel\u0259 c\u0259mi iki saniy\u0259 \u0259rzind\u0259 qeyd edir v\u0259 optik, akustik v\u0259 vibrasiya siqnallar\u0131 vasit\u0259sil\u0259 \u0259n a\u015fa\u011f\u0131 qaz konsentrasiyalar\u0131ndan bel\u0259 10 ppm-d\u0259n az h\u0259ssasl\u0131qla x\u0259b\u0259rdarl\u0131q edir. Akustik h\u0259y\u0259can siqnal\u0131 artan tezlik v\u0259 y\u00fcks\u0259klik il\u0259 \u00e7\u0131xan qaz\u0131n artan intensivliyini bildirir.  40 sm (15.75&quot;) \u00e7evik boru zondu \u00e7\u0259tin \u0259ld\u0259 edil\u0259n v\u0259 s\u0131x\u0131lm\u0131\u015f \u0259razil\u0259rd\u0259 s\u0131zman\u0131n a\u015fkarlanmas\u0131na v\u0259 m\u00fc\u0259yy\u0259n edilm\u0259sin\u0259 imkan verir. Qaz detektoru arxa i\u015f\u0131ql\u0131 LCD displeyl\u0259 t\u0259chiz olunub ki, bu da \u00f6l\u00e7\u00fclm\u00fc\u015f ppm d\u0259y\u0259rl\u0259rini ist\u0259nil\u0259n vaxt, h\u0259tta \u0259lveri\u015fsiz i\u015f\u0131q \u015f\u0259raitind\u0259 bel\u0259 tez v\u0259 asanl\u0131qla oxuma\u011fa imkan verir. partlay\u0131\u015f\u0131n m\u00fcmk\u00fcn oldu\u011fu havada qaz konsentrasiyas\u0131 g\u00f6st\u0259rilir.\" \/>\n<meta property=\"og:url\" content=\"https:\/\/geoclimate.ge\/az\/product\/bg40-gas-detector\/\" \/>\n<meta property=\"og:site_name\" content=\"GeoClimate.ge\" \/>\n<meta property=\"article:modified_time\" content=\"2025-02-20T09:26:14+00:00\" \/>\n<meta property=\"og:image\" content=\"https:\/\/geoclimate.ge\/wp-content\/uploads\/2024\/11\/bg40-6d4d-1.jpg\" \/>\n\t<meta property=\"og:image:width\" content=\"600\" \/>\n\t<meta property=\"og:image:height\" content=\"600\" \/>\n\t<meta property=\"og:image:type\" content=\"image\/jpeg\" \/>\n<meta name=\"twitter:card\" content=\"summary_large_image\" \/>\n<meta name=\"twitter:label1\" content=\"Est. reading time\" \/>\n\t<meta name=\"twitter:data1\" content=\"1 minute\" \/>\n<script type=\"application\/ld+json\" class=\"yoast-schema-graph\">{\"@context\":\"https:\/\/schema.org\",\"@graph\":[{\"@type\":\"WebPage\",\"@id\":\"https:\/\/geoclimate.ge\/az\/product\/bg40-gas-detector\/\",\"url\":\"https:\/\/geoclimate.ge\/az\/product\/bg40-gas-detector\/\",\"name\":\"BG40 Qaz Detektoru - GeoClimate.ge\",\"isPartOf\":{\"@id\":\"https:\/\/geoclimate.ge\/#website\"},\"primaryImageOfPage\":{\"@id\":\"https:\/\/geoclimate.ge\/az\/product\/bg40-gas-detector\/#primaryimage\"},\"image\":{\"@id\":\"https:\/\/geoclimate.ge\/az\/product\/bg40-gas-detector\/#primaryimage\"},\"thumbnailUrl\":\"https:\/\/geoclimate.ge\/wp-content\/uploads\/2024\/11\/bg40-6d4d-1.jpg\",\"datePublished\":\"2024-11-12T17:55:47+00:00\",\"dateModified\":\"2025-02-20T09:26:14+00:00\",\"breadcrumb\":{\"@id\":\"https:\/\/geoclimate.ge\/az\/product\/bg40-gas-detector\/#breadcrumb\"},\"inLanguage\":\"az\",\"potentialAction\":[{\"@type\":\"ReadAction\",\"target\":[\"https:\/\/geoclimate.ge\/az\/product\/bg40-gas-detector\/\"]}]},{\"@type\":\"ImageObject\",\"inLanguage\":\"az\",\"@id\":\"https:\/\/geoclimate.ge\/az\/product\/bg40-gas-detector\/#primaryimage\",\"url\":\"https:\/\/geoclimate.ge\/wp-content\/uploads\/2024\/11\/bg40-6d4d-1.jpg\",\"contentUrl\":\"https:\/\/geoclimate.ge\/wp-content\/uploads\/2024\/11\/bg40-6d4d-1.jpg\",\"width\":600,\"height\":600},{\"@type\":\"BreadcrumbList\",\"@id\":\"https:\/\/geoclimate.ge\/az\/product\/bg40-gas-detector\/#breadcrumb\",\"itemListElement\":[{\"@type\":\"ListItem\",\"position\":1,\"name\":\"Home\",\"item\":\"https:\/\/geoclimate.ge\/az\/\"},{\"@type\":\"ListItem\",\"position\":2,\"name\":\"M\u0259hsullar\",\"item\":\"https:\/\/geoclimate.ge\/az\/products\/\"},{\"@type\":\"ListItem\",\"position\":3,\"name\":\"BG40 Qaz Detektoru\"}]},{\"@type\":\"WebSite\",\"@id\":\"https:\/\/geoclimate.ge\/#website\",\"url\":\"https:\/\/geoclimate.ge\/\",\"name\":\"GeoClimate\",\"description\":\"\",\"publisher\":{\"@id\":\"https:\/\/geoclimate.ge\/#organization\"},\"potentialAction\":[{\"@type\":\"SearchAction\",\"target\":{\"@type\":\"EntryPoint\",\"urlTemplate\":\"https:\/\/geoclimate.ge\/?s={search_term_string}\"},\"query-input\":{\"@type\":\"PropertyValueSpecification\",\"valueRequired\":true,\"valueName\":\"search_term_string\"}}],\"inLanguage\":\"az\"},{\"@type\":\"Organization\",\"@id\":\"https:\/\/geoclimate.ge\/#organization\",\"name\":\"GeoClimate\",\"url\":\"https:\/\/geoclimate.ge\/\",\"logo\":{\"@type\":\"ImageObject\",\"inLanguage\":\"az\",\"@id\":\"https:\/\/geoclimate.ge\/#\/schema\/logo\/image\/\",\"url\":\"https:\/\/geoclimate.ge\/wp-content\/uploads\/2026\/03\/geoclimate-SEO.png\",\"contentUrl\":\"https:\/\/geoclimate.ge\/wp-content\/uploads\/2026\/03\/geoclimate-SEO.png\",\"width\":1536,\"height\":1024,\"caption\":\"GeoClimate\"},\"image\":{\"@id\":\"https:\/\/geoclimate.ge\/#\/schema\/logo\/image\/\"}}]}<\/script>\n<!-- \/ Yoast SEO plugin. -->","yoast_head_json":{"title":"BG40 Qaz Detektoru - GeoClimate.ge","robots":{"index":"index","follow":"follow","max-snippet":"max-snippet:-1","max-image-preview":"max-image-preview:large","max-video-preview":"max-video-preview:-1"},"canonical":"https:\/\/geoclimate.ge\/az\/product\/bg40-gas-detector\/","og_locale":"az_AZ","og_type":"article","og_title":"BG40 Qaz Detektoru - GeoClimate.ge","og_description":"BG40 Qaz Detektoru  M\u0259hsul t\u0259sviri T\u0259bii qaz, metan, etan v\u0259 propan kimi yanan qazlar\u0131n saxlanmas\u0131 v\u0259 istifad\u0259si g\u00fcnd\u0259lik h\u0259yat\u0131n riskl\u0259ri aras\u0131ndad\u0131r ki, onlar\u0131 da qiym\u0259tl\u0259ndirm\u0259m\u0259k olmaz. Bu s\u0259b\u0259bd\u0259n m\u0259i\u015f\u0259td\u0259 v\u0259 ya qay\u0131qda olan qaz patronlar\u0131 v\u0259 maye qaz qablar\u0131, el\u0259c\u0259 d\u0259 qaz borular\u0131 v\u0259 fitinql\u0259r BG40 kimi qaz detektoru il\u0259 onlar\u0131n s\u0131xl\u0131\u011f\u0131n\u0131 m\u00fct\u0259madi olaraq yoxlanmal\u0131d\u0131r.  Y\u00fcks\u0259k h\u0259ssasl\u0131\u011f\u0131 say\u0259sind\u0259 y\u0131\u011fcam qaz g\u00f6st\u0259ricisi BG40 \u0259n ki\u00e7ik qaz s\u0131zmalar\u0131n\u0131 bel\u0259 c\u0259mi iki saniy\u0259 \u0259rzind\u0259 qeyd edir v\u0259 optik, akustik v\u0259 vibrasiya siqnallar\u0131 vasit\u0259sil\u0259 \u0259n a\u015fa\u011f\u0131 qaz konsentrasiyalar\u0131ndan bel\u0259 10 ppm-d\u0259n az h\u0259ssasl\u0131qla x\u0259b\u0259rdarl\u0131q edir. Akustik h\u0259y\u0259can siqnal\u0131 artan tezlik v\u0259 y\u00fcks\u0259klik il\u0259 \u00e7\u0131xan qaz\u0131n artan intensivliyini bildirir.  40 sm (15.75\") \u00e7evik boru zondu \u00e7\u0259tin \u0259ld\u0259 edil\u0259n v\u0259 s\u0131x\u0131lm\u0131\u015f \u0259razil\u0259rd\u0259 s\u0131zman\u0131n a\u015fkarlanmas\u0131na v\u0259 m\u00fc\u0259yy\u0259n edilm\u0259sin\u0259 imkan verir. Qaz detektoru arxa i\u015f\u0131ql\u0131 LCD displeyl\u0259 t\u0259chiz olunub ki, bu da \u00f6l\u00e7\u00fclm\u00fc\u015f ppm d\u0259y\u0259rl\u0259rini ist\u0259nil\u0259n vaxt, h\u0259tta \u0259lveri\u015fsiz i\u015f\u0131q \u015f\u0259raitind\u0259 bel\u0259 tez v\u0259 asanl\u0131qla oxuma\u011fa imkan verir. partlay\u0131\u015f\u0131n m\u00fcmk\u00fcn oldu\u011fu havada qaz konsentrasiyas\u0131 g\u00f6st\u0259rilir.","og_url":"https:\/\/geoclimate.ge\/az\/product\/bg40-gas-detector\/","og_site_name":"GeoClimate.ge","article_modified_time":"2025-02-20T09:26:14+00:00","og_image":[{"width":600,"height":600,"url":"https:\/\/geoclimate.ge\/wp-content\/uploads\/2024\/11\/bg40-6d4d-1.jpg","type":"image\/jpeg"}],"twitter_card":"summary_large_image","twitter_misc":{"Est. reading time":"1 minute"},"schema":{"@context":"https:\/\/schema.org","@graph":[{"@type":"WebPage","@id":"https:\/\/geoclimate.ge\/az\/product\/bg40-gas-detector\/","url":"https:\/\/geoclimate.ge\/az\/product\/bg40-gas-detector\/","name":"BG40 Qaz Detektoru - GeoClimate.ge","isPartOf":{"@id":"https:\/\/geoclimate.ge\/#website"},"primaryImageOfPage":{"@id":"https:\/\/geoclimate.ge\/az\/product\/bg40-gas-detector\/#primaryimage"},"image":{"@id":"https:\/\/geoclimate.ge\/az\/product\/bg40-gas-detector\/#primaryimage"},"thumbnailUrl":"https:\/\/geoclimate.ge\/wp-content\/uploads\/2024\/11\/bg40-6d4d-1.jpg","datePublished":"2024-11-12T17:55:47+00:00","dateModified":"2025-02-20T09:26:14+00:00","breadcrumb":{"@id":"https:\/\/geoclimate.ge\/az\/product\/bg40-gas-detector\/#breadcrumb"},"inLanguage":"az","potentialAction":[{"@type":"ReadAction","target":["https:\/\/geoclimate.ge\/az\/product\/bg40-gas-detector\/"]}]},{"@type":"ImageObject","inLanguage":"az","@id":"https:\/\/geoclimate.ge\/az\/product\/bg40-gas-detector\/#primaryimage","url":"https:\/\/geoclimate.ge\/wp-content\/uploads\/2024\/11\/bg40-6d4d-1.jpg","contentUrl":"https:\/\/geoclimate.ge\/wp-content\/uploads\/2024\/11\/bg40-6d4d-1.jpg","width":600,"height":600},{"@type":"BreadcrumbList","@id":"https:\/\/geoclimate.ge\/az\/product\/bg40-gas-detector\/#breadcrumb","itemListElement":[{"@type":"ListItem","position":1,"name":"Home","item":"https:\/\/geoclimate.ge\/az\/"},{"@type":"ListItem","position":2,"name":"M\u0259hsullar","item":"https:\/\/geoclimate.ge\/az\/products\/"},{"@type":"ListItem","position":3,"name":"BG40 Qaz Detektoru"}]},{"@type":"WebSite","@id":"https:\/\/geoclimate.ge\/#website","url":"https:\/\/geoclimate.ge\/","name":"GeoClimate","description":"","publisher":{"@id":"https:\/\/geoclimate.ge\/#organization"},"potentialAction":[{"@type":"SearchAction","target":{"@type":"EntryPoint","urlTemplate":"https:\/\/geoclimate.ge\/?s={search_term_string}"},"query-input":{"@type":"PropertyValueSpecification","valueRequired":true,"valueName":"search_term_string"}}],"inLanguage":"az"},{"@type":"Organization","@id":"https:\/\/geoclimate.ge\/#organization","name":"GeoClimate","url":"https:\/\/geoclimate.ge\/","logo":{"@type":"ImageObject","inLanguage":"az","@id":"https:\/\/geoclimate.ge\/#\/schema\/logo\/image\/","url":"https:\/\/geoclimate.ge\/wp-content\/uploads\/2026\/03\/geoclimate-SEO.png","contentUrl":"https:\/\/geoclimate.ge\/wp-content\/uploads\/2026\/03\/geoclimate-SEO.png","width":1536,"height":1024,"caption":"GeoClimate"},"image":{"@id":"https:\/\/geoclimate.ge\/#\/schema\/logo\/image\/"}}]}},"_links":{"self":[{"href":"https:\/\/geoclimate.ge\/az\/wp-json\/wp\/v2\/product\/23175","targetHints":{"allow":["GET"]}}],"collection":[{"href":"https:\/\/geoclimate.ge\/az\/wp-json\/wp\/v2\/product"}],"about":[{"href":"https:\/\/geoclimate.ge\/az\/wp-json\/wp\/v2\/types\/product"}],"wp:featuredmedia":[{"embeddable":true,"href":"https:\/\/geoclimate.ge\/az\/wp-json\/wp\/v2\/media\/21564"}],"wp:attachment":[{"href":"https:\/\/geoclimate.ge\/az\/wp-json\/wp\/v2\/media?parent=23175"}],"wp:term":[{"taxonomy":"product_brand","embeddable":true,"href":"https:\/\/geoclimate.ge\/az\/wp-json\/wp\/v2\/product_brand?post=23175"},{"taxonomy":"product_cat","embeddable":true,"href":"https:\/\/geoclimate.ge\/az\/wp-json\/wp\/v2\/product_cat?post=23175"},{"taxonomy":"product_tag","embeddable":true,"href":"https:\/\/geoclimate.ge\/az\/wp-json\/wp\/v2\/product_tag?post=23175"}],"curies":[{"name":"wp","href":"https:\/\/api.w.org\/{rel}","templated":true}]}}