{"id":23179,"date":"2025-01-18T23:31:52","date_gmt":"2025-01-18T19:31:52","guid":{"rendered":"https:\/\/airsystems.ge\/shop\/product\/food-ir-thermometer-bp5f-combined-surface-and-core-temperature-measurements-in-conformity-with-haccp-standards\/"},"modified":"2025-02-20T13:33:40","modified_gmt":"2025-02-20T09:33:40","slug":"food-ir-thermometer-bp5f-combined-surface-and-core-temperature-measurements-in-conformity-with-haccp-standards","status":"publish","type":"product","link":"https:\/\/geoclimate.ge\/az\/product\/food-ir-thermometer-bp5f-combined-surface-and-core-temperature-measurements-in-conformity-with-haccp-standards\/","title":{"rendered":"Qida IR TERMOMETR\u0130 BP5F HACCP standartlar\u0131na uy\u011fun s\u0259th v\u0259 daxili temperaturun birl\u0259\u015fdirilmi\u015f \u00f6l\u00e7\u00fclm\u0259si"},"content":{"rendered":"<h2><a href=\"https:\/\/uk.trotec.com\/fileadmin\/downloads\/Temperatur\/BP5F\/TRT-CE-BP5F-HS-001-EN.pdf\" target=\"_blank\" rel=\"noopener\">Declaration of conformity for food thermometer BP5F (INT)<\/a><\/h2>\n<p class=\"bodytext\">TRT-CE-BP5F-HS-001-EN.pdf\u00a0(109 KB)<\/p>\n<h2><a href=\"https:\/\/uk.trotec.com\/fileadmin\/downloads\/Temperatur\/BP5F\/TRT-KA-BP5F-TC-005-INT.pdf\" target=\"_blank\" rel=\"noopener\">Quick guide for food thermometer BP5F_V2 (INT)<\/a><\/h2>\n<p class=\"bodytext\">TRT-KA-BP5F-TC-005-INT.pdf\u00a0(797 KB)<\/p>\n<h2><a href=\"https:\/\/uk.trotec.com\/fileadmin\/downloads\/Temperatur\/BP5F\/TRT-BA-BP5F-TC-008-EN.pdf\" target=\"_blank\" rel=\"noopener\">Operating manual for food thermometer BP5F_V2 (EN)<\/a><\/h2>\n<p class=\"bodytext\">TRT-BA-BP5F-TC-008-EN.pdf\u00a0(702 KB)<\/p>\n<p>&nbsp;<\/p>\n","protected":false},"excerpt":{"rendered":"<p>Qida \u0130Q TERMOMETR\u0130 BP5F<\/p>\n<p>HACCP standartlar\u0131na uy\u011fun olaraq birl\u0259\u015fmi\u015f s\u0259th v\u0259 \u0259sas temperatur \u00f6l\u00e7m\u0259l\u0259ri<\/p>\n<p>M\u0259hsul t\u0259sviri<br \/>\n\u0130stifad\u0259y\u0259 uy\u011fun olan \u0259l \u00f6l\u00e7m\u0259 cihaz\u0131 i\u015f\u0259 sal\u0131nd\u0131qdan c\u0259mi bir ne\u00e7\u0259 saniy\u0259 sonra i\u015f\u0259 haz\u0131rd\u0131r v\u0259 -40 \u00b0C il\u0259 +200\/280 \u00b0C (zond\/\u0130Q) diapazonunda \u00f6l\u00e7\u00fclm\u00fc\u015f temperatur d\u0259y\u0259rl\u0259rini tez v\u0259 etibarl\u0131 \u015f\u0259kild\u0259 qeyd edir, parlaq, arxa i\u015f\u0131ql\u0131 displeyd\u0259 ayd\u0131n g\u00f6r\u00fcn\u00fcr, h\u0259tta z\u0259if i\u015f\u0131qland\u0131r\u0131lm\u0131\u015f m\u00fchitl\u0259rd\u0259 bel\u0259 \u00f6l\u00e7\u00fclm\u00fc\u015f d\u0259y\u0259rl\u0259rin yorulmadan oxunmas\u0131.<\/p>\n<p>\u0130nteqrasiya edilmi\u015f infraq\u0131rm\u0131z\u0131 sensor 500 ms-d\u0259n az cavab m\u00fcdd\u0259ti il\u0259 s\u0259thl\u0259rin, x\u00fcsus\u0259n d\u0259 qidan\u0131n material temperaturunu \u00f6l\u00e7\u00fcr.<\/p>\n<p>R\u0259q\u0259msal temperatur displeyin\u0259 \u0259lav\u0259 olaraq, \u00fc\u00e7 g\u00f6st\u0259rici LED \u00f6l\u00e7\u00fclm\u00fc\u015f temperaturun HACCP (T\u0259hl\u00fck\u0259 T\u0259hlili v\u0259 Kritik N\u0259zar\u0259t N\u00f6qt\u0259l\u0259ri) diapazonlar\u0131nda olub olmad\u0131\u011f\u0131n\u0131 birba\u015fa g\u00f6st\u0259rir.<\/p>\n<p>Qida \u00fc\u00e7\u00fcn HACCP qaydalar\u0131na \u0259sas\u0259n, 4 \u00b0C-d\u0259n a\u015fa\u011f\u0131 v\u0259 60 \u00b0C-d\u0259n yuxar\u0131 temperatur interval\u0131n\u0131n saxlanmas\u0131 z\u0259r\u0259rli mikroorqanizml\u0259rin inki\u015faf\u0131 v\u0259 \u00e7oxalmas\u0131n\u0131n qar\u015f\u0131s\u0131n\u0131 almaq \u00fc\u00e7\u00fcn m\u00fch\u00fcm vasit\u0259dir.<\/p>\n<p>4 \u00b0C il\u0259 60 \u00b0C aras\u0131ndak\u0131 temperaturlar mikroblar\u0131n yay\u0131lmas\u0131na s\u0259b\u0259b ola bil\u0259r.<\/p>\n<p>R\u0259q\u0259msal temperatur g\u00f6st\u0259ricisin\u0259 \u0259lav\u0259 olaraq, BP5F qida termometrind\u0259 istifad\u0259\u00e7inin bu temperatur h\u0259dl\u0259rin\u0259 \u0259m\u0259l olunub-olunmad\u0131\u011f\u0131n\u0131 tez bir zamanda g\u00f6rm\u0259k \u00fc\u00e7\u00fcn m\u00fcvafiq temperatur diapazonunu birba\u015fa vizualla\u015fd\u0131ran \u00fc\u00e7 g\u00f6st\u0259rici LED var.<\/p>\n<p>Praktik \u00fcst\u00fcnl\u00fckl\u0259r:<\/p>\n<p>\u0130nki\u015faf, dizayn, istehsal: 100% Trotec<br \/>\nBir cihazda infraq\u0131rm\u0131z\u0131 v\u0259 n\u00fcfuz termometri<br \/>\n\u018fsas temperaturun -40 \u00b0C-d\u0259n +200 \u00b0C-\u0259 q\u0259d\u0259r \u00f6l\u00e7\u00fclm\u0259si &#8211; infraq\u0131rm\u0131z\u0131 vasit\u0259sil\u0259 +280 \u00b0C-\u0259 q\u0259d\u0259r t\u0259mass\u0131z<br \/>\n\u00d6l\u00e7\u00fcl\u0259n obyektd\u0259n 100 mm m\u0259saf\u0259d\u0259 5 mm \u00f6l\u00e7\u00fc n\u00f6qt\u0259si \u00d8<br \/>\nKilidl\u0259m\u0259 m\u00fchafiz\u0259si il\u0259 geri \u00e7\u0259kil\u0259 bil\u0259n \u0259sas temperatur sensoru say\u0259sind\u0259 son d\u0259r\u0259c\u0259 y\u0131\u011fcamd\u0131r<br \/>\nM\u00f6hk\u0259m, yuyula bil\u0259n IP65 konstruksiyas\u0131<br \/>\nArxa i\u015f\u0131ql\u0131 ekran<br \/>\nHACCP-\u0259 uy\u011fun temperatur diapazonlar\u0131 \u00fc\u00e7\u00fcn LED s\u00fcr\u0259tli g\u00f6st\u0259rici ekran\u0131<br \/>\nLFGB, \u00a731 t\u0259l\u0259bl\u0259rin\u0259 cavab verir<br \/>\nDIN 10955:2004-\u0259 uy\u011fundur<br \/>\nOptimal qiym\u0259t-performans nisb\u0259ti<br \/>\nT\u0259cr\u00fcb\u0259 \u00fc\u00e7\u00fcn optimalla\u015fd\u0131r\u0131lm\u0131\u015f Alman s\u0259naye dizayn\u0131 &#8211; qorunan dizayn patenti<br \/>\n\u00c7atd\u0131r\u0131lma \u0259hat\u0259 dair\u0259sin\u0259 daxildir<\/p>\n<p>1x BP5F<br \/>\n\u018fm\u0259liyyat t\u0259limatlar\u0131<br \/>\nT\u0259hl\u00fck\u0259sizlik m\u0259lumatlar\u0131 v\u0259 x\u0259b\u0259rdarl\u0131qlar cihaz t\u0259limat\u0131na daxil edilmi\u015fdir<\/p>\n","protected":false},"featured_media":21972,"template":"","meta":[],"product_brand":[],"product_cat":[809,1166,820,825,817],"product_tag":[],"class_list":{"0":"post-23179","1":"product","2":"type-product","3":"status-publish","4":"has-post-thumbnail","6":"product_cat-hava-nmlndiricisi-kondisioner-az-ventilyasiya-ventilyator","7":"product_cat-measurement-technology-az","8":"product_cat-olcm-texnologiyasi-cihazlari-altlri-az","9":"product_cat-pirometr-termometr-infraqirmizi-az","10":"product_cat-trotec-az","12":"first","13":"instock","14":"shipping-taxable","15":"purchasable","16":"product-type-simple"},"yoast_head":"<!-- This site is optimized with the Yoast SEO plugin v27.1.1 - https:\/\/yoast.com\/product\/yoast-seo-wordpress\/ -->\n<title>Qida IR TERMOMETR\u0130 BP5F HACCP standartlar\u0131na uy\u011fun s\u0259th v\u0259 daxili temperaturun birl\u0259\u015fdirilmi\u015f \u00f6l\u00e7\u00fclm\u0259si - GeoClimate.ge<\/title>\n<meta name=\"robots\" content=\"index, follow, max-snippet:-1, max-image-preview:large, max-video-preview:-1\" \/>\n<link rel=\"canonical\" href=\"https:\/\/geoclimate.ge\/az\/product\/food-ir-thermometer-bp5f-combined-surface-and-core-temperature-measurements-in-conformity-with-haccp-standards\/\" \/>\n<meta property=\"og:locale\" content=\"az_AZ\" \/>\n<meta property=\"og:type\" content=\"article\" \/>\n<meta property=\"og:title\" content=\"Qida IR TERMOMETR\u0130 BP5F HACCP standartlar\u0131na uy\u011fun s\u0259th v\u0259 daxili temperaturun birl\u0259\u015fdirilmi\u015f \u00f6l\u00e7\u00fclm\u0259si - GeoClimate.ge\" \/>\n<meta property=\"og:description\" content=\"Qida \u0130Q TERMOMETR\u0130 BP5F  HACCP standartlar\u0131na uy\u011fun olaraq birl\u0259\u015fmi\u015f s\u0259th v\u0259 \u0259sas temperatur \u00f6l\u00e7m\u0259l\u0259ri  M\u0259hsul t\u0259sviri \u0130stifad\u0259y\u0259 uy\u011fun olan \u0259l \u00f6l\u00e7m\u0259 cihaz\u0131 i\u015f\u0259 sal\u0131nd\u0131qdan c\u0259mi bir ne\u00e7\u0259 saniy\u0259 sonra i\u015f\u0259 haz\u0131rd\u0131r v\u0259 -40 \u00b0C il\u0259 +200\/280 \u00b0C (zond\/\u0130Q) diapazonunda \u00f6l\u00e7\u00fclm\u00fc\u015f temperatur d\u0259y\u0259rl\u0259rini tez v\u0259 etibarl\u0131 \u015f\u0259kild\u0259 qeyd edir, parlaq, arxa i\u015f\u0131ql\u0131 displeyd\u0259 ayd\u0131n g\u00f6r\u00fcn\u00fcr, h\u0259tta z\u0259if i\u015f\u0131qland\u0131r\u0131lm\u0131\u015f m\u00fchitl\u0259rd\u0259 bel\u0259 \u00f6l\u00e7\u00fclm\u00fc\u015f d\u0259y\u0259rl\u0259rin yorulmadan oxunmas\u0131.  \u0130nteqrasiya edilmi\u015f infraq\u0131rm\u0131z\u0131 sensor 500 ms-d\u0259n az cavab m\u00fcdd\u0259ti il\u0259 s\u0259thl\u0259rin, x\u00fcsus\u0259n d\u0259 qidan\u0131n material temperaturunu \u00f6l\u00e7\u00fcr.  R\u0259q\u0259msal temperatur displeyin\u0259 \u0259lav\u0259 olaraq, \u00fc\u00e7 g\u00f6st\u0259rici LED \u00f6l\u00e7\u00fclm\u00fc\u015f temperaturun HACCP (T\u0259hl\u00fck\u0259 T\u0259hlili v\u0259 Kritik N\u0259zar\u0259t N\u00f6qt\u0259l\u0259ri) diapazonlar\u0131nda olub olmad\u0131\u011f\u0131n\u0131 birba\u015fa g\u00f6st\u0259rir.  Qida \u00fc\u00e7\u00fcn HACCP qaydalar\u0131na \u0259sas\u0259n, 4 \u00b0C-d\u0259n a\u015fa\u011f\u0131 v\u0259 60 \u00b0C-d\u0259n yuxar\u0131 temperatur interval\u0131n\u0131n saxlanmas\u0131 z\u0259r\u0259rli mikroorqanizml\u0259rin inki\u015faf\u0131 v\u0259 \u00e7oxalmas\u0131n\u0131n qar\u015f\u0131s\u0131n\u0131 almaq \u00fc\u00e7\u00fcn m\u00fch\u00fcm vasit\u0259dir.  4 \u00b0C il\u0259 60 \u00b0C aras\u0131ndak\u0131 temperaturlar mikroblar\u0131n yay\u0131lmas\u0131na s\u0259b\u0259b ola bil\u0259r.  R\u0259q\u0259msal temperatur g\u00f6st\u0259ricisin\u0259 \u0259lav\u0259 olaraq, BP5F qida termometrind\u0259 istifad\u0259\u00e7inin bu temperatur h\u0259dl\u0259rin\u0259 \u0259m\u0259l olunub-olunmad\u0131\u011f\u0131n\u0131 tez bir zamanda g\u00f6rm\u0259k \u00fc\u00e7\u00fcn m\u00fcvafiq temperatur diapazonunu birba\u015fa vizualla\u015fd\u0131ran \u00fc\u00e7 g\u00f6st\u0259rici LED var.  Praktik \u00fcst\u00fcnl\u00fckl\u0259r:  \u0130nki\u015faf, dizayn, istehsal: 100% Trotec Bir cihazda infraq\u0131rm\u0131z\u0131 v\u0259 n\u00fcfuz termometri \u018fsas temperaturun -40 \u00b0C-d\u0259n +200 \u00b0C-\u0259 q\u0259d\u0259r \u00f6l\u00e7\u00fclm\u0259si - infraq\u0131rm\u0131z\u0131 vasit\u0259sil\u0259 +280 \u00b0C-\u0259 q\u0259d\u0259r t\u0259mass\u0131z \u00d6l\u00e7\u00fcl\u0259n obyektd\u0259n 100 mm m\u0259saf\u0259d\u0259 5 mm \u00f6l\u00e7\u00fc n\u00f6qt\u0259si \u00d8 Kilidl\u0259m\u0259 m\u00fchafiz\u0259si il\u0259 geri \u00e7\u0259kil\u0259 bil\u0259n \u0259sas temperatur sensoru say\u0259sind\u0259 son d\u0259r\u0259c\u0259 y\u0131\u011fcamd\u0131r M\u00f6hk\u0259m, yuyula bil\u0259n IP65 konstruksiyas\u0131 Arxa i\u015f\u0131ql\u0131 ekran HACCP-\u0259 uy\u011fun temperatur diapazonlar\u0131 \u00fc\u00e7\u00fcn LED s\u00fcr\u0259tli g\u00f6st\u0259rici ekran\u0131 LFGB, \u00a731 t\u0259l\u0259bl\u0259rin\u0259 cavab verir DIN 10955:2004-\u0259 uy\u011fundur Optimal qiym\u0259t-performans nisb\u0259ti T\u0259cr\u00fcb\u0259 \u00fc\u00e7\u00fcn optimalla\u015fd\u0131r\u0131lm\u0131\u015f Alman s\u0259naye dizayn\u0131 - qorunan dizayn patenti \u00c7atd\u0131r\u0131lma \u0259hat\u0259 dair\u0259sin\u0259 daxildir  1x BP5F \u018fm\u0259liyyat t\u0259limatlar\u0131 T\u0259hl\u00fck\u0259sizlik m\u0259lumatlar\u0131 v\u0259 x\u0259b\u0259rdarl\u0131qlar cihaz t\u0259limat\u0131na daxil edilmi\u015fdir\" \/>\n<meta property=\"og:url\" content=\"https:\/\/geoclimate.ge\/az\/product\/food-ir-thermometer-bp5f-combined-surface-and-core-temperature-measurements-in-conformity-with-haccp-standards\/\" \/>\n<meta property=\"og:site_name\" content=\"GeoClimate.ge\" \/>\n<meta property=\"article:modified_time\" content=\"2025-02-20T09:33:40+00:00\" \/>\n<meta property=\"og:image\" content=\"https:\/\/geoclimate.ge\/wp-content\/uploads\/2025\/01\/bp5f-infrared-sensor-c2c1.jpg\" \/>\n\t<meta property=\"og:image:width\" content=\"600\" \/>\n\t<meta property=\"og:image:height\" content=\"600\" \/>\n\t<meta property=\"og:image:type\" content=\"image\/jpeg\" \/>\n<meta name=\"twitter:card\" content=\"summary_large_image\" \/>\n<script type=\"application\/ld+json\" class=\"yoast-schema-graph\">{\"@context\":\"https:\/\/schema.org\",\"@graph\":[{\"@type\":\"WebPage\",\"@id\":\"https:\/\/geoclimate.ge\/az\/product\/food-ir-thermometer-bp5f-combined-surface-and-core-temperature-measurements-in-conformity-with-haccp-standards\/\",\"url\":\"https:\/\/geoclimate.ge\/az\/product\/food-ir-thermometer-bp5f-combined-surface-and-core-temperature-measurements-in-conformity-with-haccp-standards\/\",\"name\":\"Qida IR TERMOMETR\u0130 BP5F HACCP standartlar\u0131na uy\u011fun s\u0259th v\u0259 daxili temperaturun birl\u0259\u015fdirilmi\u015f \u00f6l\u00e7\u00fclm\u0259si - GeoClimate.ge\",\"isPartOf\":{\"@id\":\"https:\/\/geoclimate.ge\/#website\"},\"primaryImageOfPage\":{\"@id\":\"https:\/\/geoclimate.ge\/az\/product\/food-ir-thermometer-bp5f-combined-surface-and-core-temperature-measurements-in-conformity-with-haccp-standards\/#primaryimage\"},\"image\":{\"@id\":\"https:\/\/geoclimate.ge\/az\/product\/food-ir-thermometer-bp5f-combined-surface-and-core-temperature-measurements-in-conformity-with-haccp-standards\/#primaryimage\"},\"thumbnailUrl\":\"https:\/\/geoclimate.ge\/wp-content\/uploads\/2025\/01\/bp5f-infrared-sensor-c2c1.jpg\",\"datePublished\":\"2025-01-18T19:31:52+00:00\",\"dateModified\":\"2025-02-20T09:33:40+00:00\",\"breadcrumb\":{\"@id\":\"https:\/\/geoclimate.ge\/az\/product\/food-ir-thermometer-bp5f-combined-surface-and-core-temperature-measurements-in-conformity-with-haccp-standards\/#breadcrumb\"},\"inLanguage\":\"az\",\"potentialAction\":[{\"@type\":\"ReadAction\",\"target\":[\"https:\/\/geoclimate.ge\/az\/product\/food-ir-thermometer-bp5f-combined-surface-and-core-temperature-measurements-in-conformity-with-haccp-standards\/\"]}]},{\"@type\":\"ImageObject\",\"inLanguage\":\"az\",\"@id\":\"https:\/\/geoclimate.ge\/az\/product\/food-ir-thermometer-bp5f-combined-surface-and-core-temperature-measurements-in-conformity-with-haccp-standards\/#primaryimage\",\"url\":\"https:\/\/geoclimate.ge\/wp-content\/uploads\/2025\/01\/bp5f-infrared-sensor-c2c1.jpg\",\"contentUrl\":\"https:\/\/geoclimate.ge\/wp-content\/uploads\/2025\/01\/bp5f-infrared-sensor-c2c1.jpg\",\"width\":600,\"height\":600},{\"@type\":\"BreadcrumbList\",\"@id\":\"https:\/\/geoclimate.ge\/az\/product\/food-ir-thermometer-bp5f-combined-surface-and-core-temperature-measurements-in-conformity-with-haccp-standards\/#breadcrumb\",\"itemListElement\":[{\"@type\":\"ListItem\",\"position\":1,\"name\":\"Home\",\"item\":\"https:\/\/geoclimate.ge\/az\/\"},{\"@type\":\"ListItem\",\"position\":2,\"name\":\"M\u0259hsullar\",\"item\":\"https:\/\/geoclimate.ge\/az\/products\/\"},{\"@type\":\"ListItem\",\"position\":3,\"name\":\"Qida IR TERMOMETR\u0130 BP5F HACCP standartlar\u0131na uy\u011fun s\u0259th v\u0259 daxili temperaturun birl\u0259\u015fdirilmi\u015f \u00f6l\u00e7\u00fclm\u0259si\"}]},{\"@type\":\"WebSite\",\"@id\":\"https:\/\/geoclimate.ge\/#website\",\"url\":\"https:\/\/geoclimate.ge\/\",\"name\":\"GeoClimate\",\"description\":\"\",\"publisher\":{\"@id\":\"https:\/\/geoclimate.ge\/#organization\"},\"potentialAction\":[{\"@type\":\"SearchAction\",\"target\":{\"@type\":\"EntryPoint\",\"urlTemplate\":\"https:\/\/geoclimate.ge\/?s={search_term_string}\"},\"query-input\":{\"@type\":\"PropertyValueSpecification\",\"valueRequired\":true,\"valueName\":\"search_term_string\"}}],\"inLanguage\":\"az\"},{\"@type\":\"Organization\",\"@id\":\"https:\/\/geoclimate.ge\/#organization\",\"name\":\"GeoClimate\",\"url\":\"https:\/\/geoclimate.ge\/\",\"logo\":{\"@type\":\"ImageObject\",\"inLanguage\":\"az\",\"@id\":\"https:\/\/geoclimate.ge\/#\/schema\/logo\/image\/\",\"url\":\"https:\/\/geoclimate.ge\/wp-content\/uploads\/2026\/03\/geoclimate-SEO.png\",\"contentUrl\":\"https:\/\/geoclimate.ge\/wp-content\/uploads\/2026\/03\/geoclimate-SEO.png\",\"width\":1536,\"height\":1024,\"caption\":\"GeoClimate\"},\"image\":{\"@id\":\"https:\/\/geoclimate.ge\/#\/schema\/logo\/image\/\"}}]}<\/script>\n<!-- \/ Yoast SEO plugin. -->","yoast_head_json":{"title":"Qida IR TERMOMETR\u0130 BP5F HACCP standartlar\u0131na uy\u011fun s\u0259th v\u0259 daxili temperaturun birl\u0259\u015fdirilmi\u015f \u00f6l\u00e7\u00fclm\u0259si - GeoClimate.ge","robots":{"index":"index","follow":"follow","max-snippet":"max-snippet:-1","max-image-preview":"max-image-preview:large","max-video-preview":"max-video-preview:-1"},"canonical":"https:\/\/geoclimate.ge\/az\/product\/food-ir-thermometer-bp5f-combined-surface-and-core-temperature-measurements-in-conformity-with-haccp-standards\/","og_locale":"az_AZ","og_type":"article","og_title":"Qida IR TERMOMETR\u0130 BP5F HACCP standartlar\u0131na uy\u011fun s\u0259th v\u0259 daxili temperaturun birl\u0259\u015fdirilmi\u015f \u00f6l\u00e7\u00fclm\u0259si - GeoClimate.ge","og_description":"Qida \u0130Q TERMOMETR\u0130 BP5F  HACCP standartlar\u0131na uy\u011fun olaraq birl\u0259\u015fmi\u015f s\u0259th v\u0259 \u0259sas temperatur \u00f6l\u00e7m\u0259l\u0259ri  M\u0259hsul t\u0259sviri \u0130stifad\u0259y\u0259 uy\u011fun olan \u0259l \u00f6l\u00e7m\u0259 cihaz\u0131 i\u015f\u0259 sal\u0131nd\u0131qdan c\u0259mi bir ne\u00e7\u0259 saniy\u0259 sonra i\u015f\u0259 haz\u0131rd\u0131r v\u0259 -40 \u00b0C il\u0259 +200\/280 \u00b0C (zond\/\u0130Q) diapazonunda \u00f6l\u00e7\u00fclm\u00fc\u015f temperatur d\u0259y\u0259rl\u0259rini tez v\u0259 etibarl\u0131 \u015f\u0259kild\u0259 qeyd edir, parlaq, arxa i\u015f\u0131ql\u0131 displeyd\u0259 ayd\u0131n g\u00f6r\u00fcn\u00fcr, h\u0259tta z\u0259if i\u015f\u0131qland\u0131r\u0131lm\u0131\u015f m\u00fchitl\u0259rd\u0259 bel\u0259 \u00f6l\u00e7\u00fclm\u00fc\u015f d\u0259y\u0259rl\u0259rin yorulmadan oxunmas\u0131.  \u0130nteqrasiya edilmi\u015f infraq\u0131rm\u0131z\u0131 sensor 500 ms-d\u0259n az cavab m\u00fcdd\u0259ti il\u0259 s\u0259thl\u0259rin, x\u00fcsus\u0259n d\u0259 qidan\u0131n material temperaturunu \u00f6l\u00e7\u00fcr.  R\u0259q\u0259msal temperatur displeyin\u0259 \u0259lav\u0259 olaraq, \u00fc\u00e7 g\u00f6st\u0259rici LED \u00f6l\u00e7\u00fclm\u00fc\u015f temperaturun HACCP (T\u0259hl\u00fck\u0259 T\u0259hlili v\u0259 Kritik N\u0259zar\u0259t N\u00f6qt\u0259l\u0259ri) diapazonlar\u0131nda olub olmad\u0131\u011f\u0131n\u0131 birba\u015fa g\u00f6st\u0259rir.  Qida \u00fc\u00e7\u00fcn HACCP qaydalar\u0131na \u0259sas\u0259n, 4 \u00b0C-d\u0259n a\u015fa\u011f\u0131 v\u0259 60 \u00b0C-d\u0259n yuxar\u0131 temperatur interval\u0131n\u0131n saxlanmas\u0131 z\u0259r\u0259rli mikroorqanizml\u0259rin inki\u015faf\u0131 v\u0259 \u00e7oxalmas\u0131n\u0131n qar\u015f\u0131s\u0131n\u0131 almaq \u00fc\u00e7\u00fcn m\u00fch\u00fcm vasit\u0259dir.  4 \u00b0C il\u0259 60 \u00b0C aras\u0131ndak\u0131 temperaturlar mikroblar\u0131n yay\u0131lmas\u0131na s\u0259b\u0259b ola bil\u0259r.  R\u0259q\u0259msal temperatur g\u00f6st\u0259ricisin\u0259 \u0259lav\u0259 olaraq, BP5F qida termometrind\u0259 istifad\u0259\u00e7inin bu temperatur h\u0259dl\u0259rin\u0259 \u0259m\u0259l olunub-olunmad\u0131\u011f\u0131n\u0131 tez bir zamanda g\u00f6rm\u0259k \u00fc\u00e7\u00fcn m\u00fcvafiq temperatur diapazonunu birba\u015fa vizualla\u015fd\u0131ran \u00fc\u00e7 g\u00f6st\u0259rici LED var.  Praktik \u00fcst\u00fcnl\u00fckl\u0259r:  \u0130nki\u015faf, dizayn, istehsal: 100% Trotec Bir cihazda infraq\u0131rm\u0131z\u0131 v\u0259 n\u00fcfuz termometri \u018fsas temperaturun -40 \u00b0C-d\u0259n +200 \u00b0C-\u0259 q\u0259d\u0259r \u00f6l\u00e7\u00fclm\u0259si - infraq\u0131rm\u0131z\u0131 vasit\u0259sil\u0259 +280 \u00b0C-\u0259 q\u0259d\u0259r t\u0259mass\u0131z \u00d6l\u00e7\u00fcl\u0259n obyektd\u0259n 100 mm m\u0259saf\u0259d\u0259 5 mm \u00f6l\u00e7\u00fc n\u00f6qt\u0259si \u00d8 Kilidl\u0259m\u0259 m\u00fchafiz\u0259si il\u0259 geri \u00e7\u0259kil\u0259 bil\u0259n \u0259sas temperatur sensoru say\u0259sind\u0259 son d\u0259r\u0259c\u0259 y\u0131\u011fcamd\u0131r M\u00f6hk\u0259m, yuyula bil\u0259n IP65 konstruksiyas\u0131 Arxa i\u015f\u0131ql\u0131 ekran HACCP-\u0259 uy\u011fun temperatur diapazonlar\u0131 \u00fc\u00e7\u00fcn LED s\u00fcr\u0259tli g\u00f6st\u0259rici ekran\u0131 LFGB, \u00a731 t\u0259l\u0259bl\u0259rin\u0259 cavab verir DIN 10955:2004-\u0259 uy\u011fundur Optimal qiym\u0259t-performans nisb\u0259ti T\u0259cr\u00fcb\u0259 \u00fc\u00e7\u00fcn optimalla\u015fd\u0131r\u0131lm\u0131\u015f Alman s\u0259naye dizayn\u0131 - qorunan dizayn patenti \u00c7atd\u0131r\u0131lma \u0259hat\u0259 dair\u0259sin\u0259 daxildir  1x BP5F \u018fm\u0259liyyat t\u0259limatlar\u0131 T\u0259hl\u00fck\u0259sizlik m\u0259lumatlar\u0131 v\u0259 x\u0259b\u0259rdarl\u0131qlar cihaz t\u0259limat\u0131na daxil edilmi\u015fdir","og_url":"https:\/\/geoclimate.ge\/az\/product\/food-ir-thermometer-bp5f-combined-surface-and-core-temperature-measurements-in-conformity-with-haccp-standards\/","og_site_name":"GeoClimate.ge","article_modified_time":"2025-02-20T09:33:40+00:00","og_image":[{"width":600,"height":600,"url":"https:\/\/geoclimate.ge\/wp-content\/uploads\/2025\/01\/bp5f-infrared-sensor-c2c1.jpg","type":"image\/jpeg"}],"twitter_card":"summary_large_image","schema":{"@context":"https:\/\/schema.org","@graph":[{"@type":"WebPage","@id":"https:\/\/geoclimate.ge\/az\/product\/food-ir-thermometer-bp5f-combined-surface-and-core-temperature-measurements-in-conformity-with-haccp-standards\/","url":"https:\/\/geoclimate.ge\/az\/product\/food-ir-thermometer-bp5f-combined-surface-and-core-temperature-measurements-in-conformity-with-haccp-standards\/","name":"Qida IR TERMOMETR\u0130 BP5F HACCP standartlar\u0131na uy\u011fun s\u0259th v\u0259 daxili temperaturun birl\u0259\u015fdirilmi\u015f \u00f6l\u00e7\u00fclm\u0259si - GeoClimate.ge","isPartOf":{"@id":"https:\/\/geoclimate.ge\/#website"},"primaryImageOfPage":{"@id":"https:\/\/geoclimate.ge\/az\/product\/food-ir-thermometer-bp5f-combined-surface-and-core-temperature-measurements-in-conformity-with-haccp-standards\/#primaryimage"},"image":{"@id":"https:\/\/geoclimate.ge\/az\/product\/food-ir-thermometer-bp5f-combined-surface-and-core-temperature-measurements-in-conformity-with-haccp-standards\/#primaryimage"},"thumbnailUrl":"https:\/\/geoclimate.ge\/wp-content\/uploads\/2025\/01\/bp5f-infrared-sensor-c2c1.jpg","datePublished":"2025-01-18T19:31:52+00:00","dateModified":"2025-02-20T09:33:40+00:00","breadcrumb":{"@id":"https:\/\/geoclimate.ge\/az\/product\/food-ir-thermometer-bp5f-combined-surface-and-core-temperature-measurements-in-conformity-with-haccp-standards\/#breadcrumb"},"inLanguage":"az","potentialAction":[{"@type":"ReadAction","target":["https:\/\/geoclimate.ge\/az\/product\/food-ir-thermometer-bp5f-combined-surface-and-core-temperature-measurements-in-conformity-with-haccp-standards\/"]}]},{"@type":"ImageObject","inLanguage":"az","@id":"https:\/\/geoclimate.ge\/az\/product\/food-ir-thermometer-bp5f-combined-surface-and-core-temperature-measurements-in-conformity-with-haccp-standards\/#primaryimage","url":"https:\/\/geoclimate.ge\/wp-content\/uploads\/2025\/01\/bp5f-infrared-sensor-c2c1.jpg","contentUrl":"https:\/\/geoclimate.ge\/wp-content\/uploads\/2025\/01\/bp5f-infrared-sensor-c2c1.jpg","width":600,"height":600},{"@type":"BreadcrumbList","@id":"https:\/\/geoclimate.ge\/az\/product\/food-ir-thermometer-bp5f-combined-surface-and-core-temperature-measurements-in-conformity-with-haccp-standards\/#breadcrumb","itemListElement":[{"@type":"ListItem","position":1,"name":"Home","item":"https:\/\/geoclimate.ge\/az\/"},{"@type":"ListItem","position":2,"name":"M\u0259hsullar","item":"https:\/\/geoclimate.ge\/az\/products\/"},{"@type":"ListItem","position":3,"name":"Qida IR TERMOMETR\u0130 BP5F HACCP standartlar\u0131na uy\u011fun s\u0259th v\u0259 daxili temperaturun birl\u0259\u015fdirilmi\u015f \u00f6l\u00e7\u00fclm\u0259si"}]},{"@type":"WebSite","@id":"https:\/\/geoclimate.ge\/#website","url":"https:\/\/geoclimate.ge\/","name":"GeoClimate","description":"","publisher":{"@id":"https:\/\/geoclimate.ge\/#organization"},"potentialAction":[{"@type":"SearchAction","target":{"@type":"EntryPoint","urlTemplate":"https:\/\/geoclimate.ge\/?s={search_term_string}"},"query-input":{"@type":"PropertyValueSpecification","valueRequired":true,"valueName":"search_term_string"}}],"inLanguage":"az"},{"@type":"Organization","@id":"https:\/\/geoclimate.ge\/#organization","name":"GeoClimate","url":"https:\/\/geoclimate.ge\/","logo":{"@type":"ImageObject","inLanguage":"az","@id":"https:\/\/geoclimate.ge\/#\/schema\/logo\/image\/","url":"https:\/\/geoclimate.ge\/wp-content\/uploads\/2026\/03\/geoclimate-SEO.png","contentUrl":"https:\/\/geoclimate.ge\/wp-content\/uploads\/2026\/03\/geoclimate-SEO.png","width":1536,"height":1024,"caption":"GeoClimate"},"image":{"@id":"https:\/\/geoclimate.ge\/#\/schema\/logo\/image\/"}}]}},"_links":{"self":[{"href":"https:\/\/geoclimate.ge\/az\/wp-json\/wp\/v2\/product\/23179","targetHints":{"allow":["GET"]}}],"collection":[{"href":"https:\/\/geoclimate.ge\/az\/wp-json\/wp\/v2\/product"}],"about":[{"href":"https:\/\/geoclimate.ge\/az\/wp-json\/wp\/v2\/types\/product"}],"wp:featuredmedia":[{"embeddable":true,"href":"https:\/\/geoclimate.ge\/az\/wp-json\/wp\/v2\/media\/21972"}],"wp:attachment":[{"href":"https:\/\/geoclimate.ge\/az\/wp-json\/wp\/v2\/media?parent=23179"}],"wp:term":[{"taxonomy":"product_brand","embeddable":true,"href":"https:\/\/geoclimate.ge\/az\/wp-json\/wp\/v2\/product_brand?post=23179"},{"taxonomy":"product_cat","embeddable":true,"href":"https:\/\/geoclimate.ge\/az\/wp-json\/wp\/v2\/product_cat?post=23179"},{"taxonomy":"product_tag","embeddable":true,"href":"https:\/\/geoclimate.ge\/az\/wp-json\/wp\/v2\/product_tag?post=23179"}],"curies":[{"name":"wp","href":"https:\/\/api.w.org\/{rel}","templated":true}]}}