{"id":23194,"date":"2024-01-30T20:22:15","date_gmt":"2024-01-30T16:22:15","guid":{"rendered":"https:\/\/airsystems.ge\/shop\/product\/trotec-teh-400-electric-heater\/"},"modified":"2025-02-20T20:49:22","modified_gmt":"2025-02-20T16:49:22","slug":"trotec-teh-400-electric-heater","status":"publish","type":"product","link":"https:\/\/geoclimate.ge\/az\/product\/trotec-teh-400-electric-heater\/","title":{"rendered":"Trotec TEH 400 \u2013 elektrik q\u0131zd\u0131r\u0131c\u0131s\u0131 A\u011f\u0131r elektrik q\u0131zd\u0131r\u0131c\u0131lar\u0131"},"content":{"rendered":"<div class=\"md:text-center\">\n<p style=\"text-align: center;\"><strong>\u018fsas x\u00fcsusiyy\u0259tl\u0259r<\/strong><\/p>\n<p style=\"text-align: center;\">\nSon d\u0259r\u0259c\u0259 m\u00f6hk\u0259m &#8211; y\u00fcks\u0259k keyfiyy\u0259tli m\u0259hsul &#8220;Almaniya istehsal\u0131&#8221;<\/p>\n<p style=\"text-align: center;\">Y\u0131\u011f\u0131labilir<\/p>\n<p style=\"text-align: center;\">100 metr\u0259 q\u0259d\u0259r hava n\u0259qliyyat\u0131 \u015flanqlar\u0131 \u00fc\u00e7\u00fcn uy\u011fundur<\/p>\n<p style=\"text-align: center;\">Hava ax\u0131n\u0131 v\u0259 hava istiliyi \u00fc\u00e7\u00fcn elektron idar\u0259 olunan \u00e7ox m\u0259rh\u0259l\u0259li a\u00e7ar<\/p>\n<p style=\"text-align: center;\">Standart olaraq qoruyucu \u00e7\u0259r\u00e7iv\u0259, kran g\u00f6zl\u0259ri, \u00e7\u0259ng\u0259l qald\u0131r\u0131c\u0131 yar\u0131qlar, n\u0259qliyyat t\u0259k\u0259rl\u0259ri v\u0259 dayanacaq \u0259yl\u0259ci il\u0259 t\u0259chiz edilmi\u015fdir.<br \/>\n\u0130nteqrasiya edilmi\u015f termostat n\u0259zar\u0259ti iste\u011fe ba\u011fl\u0131d\u0131r<br \/>\nH\u0259ddind\u0259n art\u0131q istil\u0259\u015fm\u0259d\u0259n qorunma<\/p>\n<\/div>\n<div class=\"mt-6 md:mt-10\">\n<div class=\"flex flex-wrap\">\n<section class=\"max-w-[1088px] mx-auto w-full px-5 my-10 md:my-12 lg:my-16 xl:my-20 xl:px-0\" data-block=\"product-specifications\">\n<div class=\"md:text-center\">\n<h3 class=\"text-black font-bold text-lg md:text-xl lg:text-2xl\"><strong>Product specifications<\/strong><\/h3>\n<\/div>\n<div class=\" md:mt-10\">\n<div class=\"\">\n<div class=\"lg:mt-0 \">\n<div id=\"spec-teh-400\" class=\"prose max-w-full md:overflow-auto\" data-spec-content=\"\">\n<div class=\"spreadsheet-container hidden md:block\">\n<table class=\"w-full table-fixed mb-0\">\n<thead>\n<tr>\n<th class=\"font-bold text-base\"><span class=\"block px-4\">Specifications<\/span><\/th>\n<th class=\"font-bold text-base text-center\"><span class=\"block px-10 md:px-20\">Units<\/span><\/th>\n<th class=\"font-bold text-base text-center will-change\"><span class=\"block px-4\">TEH\u00a0400<\/span><\/th>\n<\/tr>\n<\/thead>\n<tbody>\n<tr class=\"bg-grey-200\/50 p-2\">\n<td colspan=\"1\"><span class=\"block px-4\">Heating capacity<\/span><\/td>\n<td class=\"text-center\">\n<div class=\"px-10 md:px-20 flex items-center justify-center\">kW<\/div>\n<\/td>\n<td class=\"text-center will-change\">\n<div class=\"px-10 md:px-20 flex items-center justify-center\">120<\/div>\n<\/td>\n<\/tr>\n<tr class=\" p-2\">\n<td colspan=\"1\"><span class=\"block px-4\">Heating capacity<\/span><\/td>\n<td class=\"text-center\">\n<div class=\"px-10 md:px-20 flex items-center justify-center\">kcal\/h<\/div>\n<\/td>\n<td class=\"text-center will-change\">\n<div class=\"px-10 md:px-20 flex items-center justify-center\">103,181<\/div>\n<\/td>\n<\/tr>\n<tr class=\"bg-grey-200\/50 p-2\">\n<td colspan=\"1\"><span class=\"block px-4\">Speed<\/span><\/td>\n<td class=\"text-center\">\n<div class=\"px-10 md:px-20 flex items-center justify-center\">kW<\/div>\n<\/td>\n<td class=\"text-center will-change\">\n<div class=\"px-10 md:px-20 flex items-center justify-center\">5.4<\/div>\n<\/td>\n<\/tr>\n<tr class=\" p-2\">\n<td colspan=\"1\"><span class=\"block px-4\">Air flow<\/span><\/td>\n<td class=\"text-center\">\n<div class=\"px-10 md:px-20 flex items-center justify-center\">m\u00b3\/h<\/div>\n<\/td>\n<td class=\"text-center will-change\">\n<div class=\"px-10 md:px-20 flex items-center justify-center\">9,000<\/div>\n<\/td>\n<\/tr>\n<tr class=\"bg-grey-200\/50 p-2\">\n<td colspan=\"1\"><span class=\"block px-4\">Air pressure<\/span><\/td>\n<td class=\"text-center\">\n<div class=\"px-10 md:px-20 flex items-center justify-center\">Pa<\/div>\n<\/td>\n<td class=\"text-center will-change\">\n<div class=\"px-10 md:px-20 flex items-center justify-center\">600<\/div>\n<\/td>\n<\/tr>\n<tr class=\" p-2\">\n<td colspan=\"1\"><span class=\"block px-4\">Power supply<\/span><\/td>\n<td class=\"text-center\">\n<div class=\"px-10 md:px-20 flex items-center justify-center\">V\/Hz<\/div>\n<\/td>\n<td class=\"text-center will-change\">\n<div class=\"px-10 md:px-20 flex items-center justify-center\">400\/50-60<\/div>\n<\/td>\n<\/tr>\n<tr class=\"bg-grey-200\/50 p-2\">\n<td colspan=\"1\"><span class=\"block px-4\">Connection socket<\/span><\/td>\n<td class=\"text-center\">\n<div class=\"px-10 md:px-20 flex items-center justify-center\"><\/div>\n<\/td>\n<td class=\"text-center will-change\">\n<div class=\"px-10 md:px-20 flex items-center justify-center\">200\/direct connection<\/div>\n<\/td>\n<\/tr>\n<tr class=\" p-2\">\n<td colspan=\"1\"><span class=\"block px-4\">Air flow and temperature increase stages<\/span><\/td>\n<td class=\"text-center\">\n<div class=\"px-10 md:px-20 flex items-center justify-center\"><\/div>\n<\/td>\n<td class=\"text-center will-change\">\n<div class=\"px-10 md:px-20 flex items-center justify-center\">8<\/div>\n<\/td>\n<\/tr>\n<tr class=\"bg-grey-200\/50 p-2\">\n<td colspan=\"1\"><span class=\"block px-4\">Hose connector<\/span><\/td>\n<td class=\"text-center\">\n<div class=\"px-10 md:px-20 flex items-center justify-center\">\u00d8mm<\/div>\n<\/td>\n<td class=\"text-center will-change\">\n<div class=\"px-10 md:px-20 flex items-center justify-center\">600<\/div>\n<\/td>\n<\/tr>\n<tr class=\" p-2\">\n<td colspan=\"1\"><span class=\"block px-4\">Thermostat control<\/span><\/td>\n<td class=\"text-center\">\n<div class=\"px-10 md:px-20 flex items-center justify-center\"><\/div>\n<\/td>\n<td class=\"text-center will-change\">\n<div class=\"px-10 md:px-20 flex items-center justify-center\">Digital<\/div>\n<\/td>\n<\/tr>\n<tr class=\"bg-grey-200\/50 p-2\">\n<td colspan=\"1\"><span class=\"block px-4\">Temperatur range<\/span><\/td>\n<td class=\"text-center\">\n<div class=\"px-10 md:px-20 flex items-center justify-center\">\u00b0C<\/div>\n<\/td>\n<td class=\"text-center will-change\">\n<div class=\"px-10 md:px-20 flex items-center justify-center\">-20 to +40<\/div>\n<\/td>\n<\/tr>\n<tr class=\" p-2\">\n<td colspan=\"1\"><span class=\"block px-4\">Product size (l x w x h)<\/span><\/td>\n<td class=\"text-center\">\n<div class=\"px-10 md:px-20 flex items-center justify-center\">mm<\/div>\n<\/td>\n<td class=\"text-center will-change\">\n<div class=\"px-10 md:px-20 flex items-center justify-center\">2000 x 1300 x 1450<\/div>\n<\/td>\n<\/tr>\n<tr class=\"bg-grey-200\/50 p-2\">\n<td colspan=\"1\"><span class=\"block px-4\">Weight<\/span><\/td>\n<td class=\"text-center\">\n<div class=\"px-10 md:px-20 flex items-center justify-center\">kg<\/div>\n<\/td>\n<td class=\"text-center will-change\">\n<div class=\"px-10 md:px-20 flex items-center justify-center\">460<\/div>\n<\/td>\n<\/tr>\n<\/tbody>\n<\/table>\n<div class=\"md:text-center\">\n<div class=\"md:text-center\">\n<h3 class=\"text-black font-bold text-lg md:text-xl lg:text-2xl\" style=\"text-align: center;\"><strong>Suitable for<\/strong><\/h3>\n<\/div>\n<div class=\"mt-6 max-w-4xl mx-auto\" style=\"text-align: center;\">\n<div class=\"flex flex-wrap md:ml-20\">\n<div class=\"w-full md:w-1\/2 auto-bullets md:pr-16\">\n<div>Events and festivals<\/div>\n<div>Industrial, factories and production<\/div>\n<div>Military and aerospace<\/div>\n<div>Rental companies<\/div>\n<div>Transport and logistics<\/div>\n<p>&nbsp;<\/p>\n<\/div>\n<div class=\"w-full md:w-1\/2 auto-bullets \"><\/div>\n<\/div>\n<\/div>\n<\/div>\n<div class=\"mt-6 max-w-4xl mx-auto\">\n<div class=\"flex flex-wrap md:ml-20\">\n<div class=\"w-full md:w-1\/2 auto-bullets md:pr-16\"><\/div>\n<\/div>\n<\/div>\n<\/div>\n<\/div>\n<\/div>\n<\/div>\n<\/div>\n<\/section>\n<\/div>\n<\/div>\n","protected":false},"excerpt":{"rendered":"<p>TEH 400 elektrik q\u0131zd\u0131r\u0131c\u0131s\u0131, m\u0259s\u0259l\u0259n, ekstremal m\u00fchitl\u0259rd\u0259 saatda 9000 kubmetr\u0259 q\u0259d\u0259r isti hava \u00e7atd\u0131rmaq \u00fc\u00e7\u00fcn n\u0259z\u0259rd\u0259 tutulmu\u015f y\u00fcks\u0259k performansl\u0131 istilik h\u0259llidir. partlay\u0131\u015f v\u0259 ya y\u00fck s\u0131naqlar\u0131. Maksimum istilik g\u00fcc\u00fc 120 kVt olan TEH 400 bazarda \u0259n g\u00fccl\u00fc portativ elektrik q\u0131zd\u0131r\u0131c\u0131lar\u0131ndan biridir. O, m\u00f6hk\u0259m metal korpusa, qura\u015fd\u0131r\u0131lm\u0131\u015f termostata v\u0259 h\u0259ddind\u0259n art\u0131q q\u0131zmaya qar\u015f\u0131 qorunma x\u00fcsusiyy\u0259tin\u0259 malikdir ki, bu da onu ticar\u0259t v\u0259 s\u0259naye \u015f\u0259raitind\u0259 istifad\u0259 \u00fc\u00e7\u00fcn t\u0259hl\u00fck\u0259siz se\u00e7im edir. B\u00f6lm\u0259 standart olaraq z\u0259rb\u0259d\u0259n qorunma \u00e7\u0259r\u00e7iv\u0259si, kran qapaqlar\u0131, forklift yuvalar\u0131 v\u0259 dayanacaq \u0259yl\u0259cl\u0259ri olan praktik n\u0259qliyyat t\u0259k\u0259rl\u0259ri il\u0259 t\u0259chiz edilmi\u015fdir v\u0259 o, h\u0259ddind\u0259n art\u0131q istid\u0259n qorunma il\u0259 d\u0259 \u00e7atd\u0131r\u0131la bil\u0259r.<\/p>\n<p>Tam kommersiya elektrik fanatl\u0131 q\u0131zd\u0131r\u0131c\u0131lar\u0131m\u0131za bax\u0131n v\u0259 ya hans\u0131 portativ elektrik q\u0131zd\u0131r\u0131c\u0131s\u0131n\u0131n v\u0259 ya dig\u0259r s\u0259naye tipli q\u0131zd\u0131r\u0131c\u0131n\u0131n n\u0259z\u0259rd\u0259 tutulan t\u0259tbiqiniz \u00fc\u00e7\u00fcn \u0259n uy\u011fun oldu\u011funu \u00f6yr\u0259nm\u0259k \u00fc\u00e7\u00fcn biziml\u0259 \u0259laq\u0259 saxlay\u0131n.<\/p>\n<p>View our full\u00a0<a href=\"https:\/\/www.danthermgroup.com\/uk\/products\/heaters\/electric-fan-air-heaters\">commercial electric fan heater<\/a>\u00a0range or contact us to find out which\u00a0<a href=\"https:\/\/www.danthermgroup.com\/uk\/products\/heaters\/electric-heaters\">portable electric heater<\/a>\u00a0or other type of\u00a0<a href=\"https:\/\/www.danthermgroup.com\/uk\/products\/heaters\">industrial use heater<\/a>\u00a0is most suitable for your intended application.<\/p>\n","protected":false},"featured_media":21375,"template":"","meta":[],"product_brand":[],"product_cat":[809,907,810],"product_tag":[],"class_list":{"0":"post-23194","1":"product","2":"type-product","3":"status-publish","4":"has-post-thumbnail","6":"product_cat-hava-nmlndiricisi-kondisioner-az-ventilyasiya-ventilyator","7":"product_cat-electric-fan-heaters-ductable-az-to-heat-az","8":"product_cat-kolorifer-qizdirici-istilik-az","10":"first","11":"instock","12":"shipping-taxable","13":"purchasable","14":"product-type-simple"},"yoast_head":"<!-- This site is optimized with the Yoast SEO plugin v27.1.1 - https:\/\/yoast.com\/product\/yoast-seo-wordpress\/ -->\n<title>Trotec TEH 400 \u2013 elektrik q\u0131zd\u0131r\u0131c\u0131s\u0131 A\u011f\u0131r elektrik q\u0131zd\u0131r\u0131c\u0131lar\u0131 - GeoClimate.ge<\/title>\n<meta name=\"robots\" content=\"index, follow, max-snippet:-1, max-image-preview:large, max-video-preview:-1\" \/>\n<link rel=\"canonical\" href=\"https:\/\/geoclimate.ge\/az\/product\/trotec-teh-400-electric-heater\/\" \/>\n<meta property=\"og:locale\" content=\"az_AZ\" \/>\n<meta property=\"og:type\" content=\"article\" \/>\n<meta property=\"og:title\" content=\"Trotec TEH 400 \u2013 elektrik q\u0131zd\u0131r\u0131c\u0131s\u0131 A\u011f\u0131r elektrik q\u0131zd\u0131r\u0131c\u0131lar\u0131 - GeoClimate.ge\" \/>\n<meta property=\"og:description\" content=\"TEH 400 elektrik q\u0131zd\u0131r\u0131c\u0131s\u0131, m\u0259s\u0259l\u0259n, ekstremal m\u00fchitl\u0259rd\u0259 saatda 9000 kubmetr\u0259 q\u0259d\u0259r isti hava \u00e7atd\u0131rmaq \u00fc\u00e7\u00fcn n\u0259z\u0259rd\u0259 tutulmu\u015f y\u00fcks\u0259k performansl\u0131 istilik h\u0259llidir. partlay\u0131\u015f v\u0259 ya y\u00fck s\u0131naqlar\u0131. Maksimum istilik g\u00fcc\u00fc 120 kVt olan TEH 400 bazarda \u0259n g\u00fccl\u00fc portativ elektrik q\u0131zd\u0131r\u0131c\u0131lar\u0131ndan biridir. O, m\u00f6hk\u0259m metal korpusa, qura\u015fd\u0131r\u0131lm\u0131\u015f termostata v\u0259 h\u0259ddind\u0259n art\u0131q q\u0131zmaya qar\u015f\u0131 qorunma x\u00fcsusiyy\u0259tin\u0259 malikdir ki, bu da onu ticar\u0259t v\u0259 s\u0259naye \u015f\u0259raitind\u0259 istifad\u0259 \u00fc\u00e7\u00fcn t\u0259hl\u00fck\u0259siz se\u00e7im edir. B\u00f6lm\u0259 standart olaraq z\u0259rb\u0259d\u0259n qorunma \u00e7\u0259r\u00e7iv\u0259si, kran qapaqlar\u0131, forklift yuvalar\u0131 v\u0259 dayanacaq \u0259yl\u0259cl\u0259ri olan praktik n\u0259qliyyat t\u0259k\u0259rl\u0259ri il\u0259 t\u0259chiz edilmi\u015fdir v\u0259 o, h\u0259ddind\u0259n art\u0131q istid\u0259n qorunma il\u0259 d\u0259 \u00e7atd\u0131r\u0131la bil\u0259r.  Tam kommersiya elektrik fanatl\u0131 q\u0131zd\u0131r\u0131c\u0131lar\u0131m\u0131za bax\u0131n v\u0259 ya hans\u0131 portativ elektrik q\u0131zd\u0131r\u0131c\u0131s\u0131n\u0131n v\u0259 ya dig\u0259r s\u0259naye tipli q\u0131zd\u0131r\u0131c\u0131n\u0131n n\u0259z\u0259rd\u0259 tutulan t\u0259tbiqiniz \u00fc\u00e7\u00fcn \u0259n uy\u011fun oldu\u011funu \u00f6yr\u0259nm\u0259k \u00fc\u00e7\u00fcn biziml\u0259 \u0259laq\u0259 saxlay\u0131n.  View our full\u00a0commercial electric fan heater\u00a0range or contact us to find out which\u00a0portable electric heater\u00a0or other type of\u00a0industrial use heater\u00a0is most suitable for your intended application.\" \/>\n<meta property=\"og:url\" content=\"https:\/\/geoclimate.ge\/az\/product\/trotec-teh-400-electric-heater\/\" \/>\n<meta property=\"og:site_name\" content=\"GeoClimate.ge\" \/>\n<meta property=\"article:modified_time\" content=\"2025-02-20T16:49:22+00:00\" \/>\n<meta property=\"og:image\" content=\"https:\/\/geoclimate.ge\/wp-content\/uploads\/2024\/10\/teh-400-4fff.jpg\" \/>\n\t<meta property=\"og:image:width\" content=\"600\" \/>\n\t<meta property=\"og:image:height\" content=\"600\" \/>\n\t<meta property=\"og:image:type\" content=\"image\/jpeg\" \/>\n<meta name=\"twitter:card\" content=\"summary_large_image\" \/>\n<meta name=\"twitter:label1\" content=\"Est. reading time\" \/>\n\t<meta name=\"twitter:data1\" content=\"1 minute\" \/>\n<script type=\"application\/ld+json\" class=\"yoast-schema-graph\">{\"@context\":\"https:\/\/schema.org\",\"@graph\":[{\"@type\":\"WebPage\",\"@id\":\"https:\/\/geoclimate.ge\/az\/product\/trotec-teh-400-electric-heater\/\",\"url\":\"https:\/\/geoclimate.ge\/az\/product\/trotec-teh-400-electric-heater\/\",\"name\":\"Trotec TEH 400 \u2013 elektrik q\u0131zd\u0131r\u0131c\u0131s\u0131 A\u011f\u0131r elektrik q\u0131zd\u0131r\u0131c\u0131lar\u0131 - GeoClimate.ge\",\"isPartOf\":{\"@id\":\"https:\/\/geoclimate.ge\/#website\"},\"primaryImageOfPage\":{\"@id\":\"https:\/\/geoclimate.ge\/az\/product\/trotec-teh-400-electric-heater\/#primaryimage\"},\"image\":{\"@id\":\"https:\/\/geoclimate.ge\/az\/product\/trotec-teh-400-electric-heater\/#primaryimage\"},\"thumbnailUrl\":\"https:\/\/geoclimate.ge\/wp-content\/uploads\/2024\/10\/teh-400-4fff.jpg\",\"datePublished\":\"2024-01-30T16:22:15+00:00\",\"dateModified\":\"2025-02-20T16:49:22+00:00\",\"breadcrumb\":{\"@id\":\"https:\/\/geoclimate.ge\/az\/product\/trotec-teh-400-electric-heater\/#breadcrumb\"},\"inLanguage\":\"az\",\"potentialAction\":[{\"@type\":\"ReadAction\",\"target\":[\"https:\/\/geoclimate.ge\/az\/product\/trotec-teh-400-electric-heater\/\"]}]},{\"@type\":\"ImageObject\",\"inLanguage\":\"az\",\"@id\":\"https:\/\/geoclimate.ge\/az\/product\/trotec-teh-400-electric-heater\/#primaryimage\",\"url\":\"https:\/\/geoclimate.ge\/wp-content\/uploads\/2024\/10\/teh-400-4fff.jpg\",\"contentUrl\":\"https:\/\/geoclimate.ge\/wp-content\/uploads\/2024\/10\/teh-400-4fff.jpg\",\"width\":600,\"height\":600},{\"@type\":\"BreadcrumbList\",\"@id\":\"https:\/\/geoclimate.ge\/az\/product\/trotec-teh-400-electric-heater\/#breadcrumb\",\"itemListElement\":[{\"@type\":\"ListItem\",\"position\":1,\"name\":\"Home\",\"item\":\"https:\/\/geoclimate.ge\/az\/\"},{\"@type\":\"ListItem\",\"position\":2,\"name\":\"M\u0259hsullar\",\"item\":\"https:\/\/geoclimate.ge\/az\/products\/\"},{\"@type\":\"ListItem\",\"position\":3,\"name\":\"Trotec TEH 400 \u2013 elektrik q\u0131zd\u0131r\u0131c\u0131s\u0131 A\u011f\u0131r elektrik q\u0131zd\u0131r\u0131c\u0131lar\u0131\"}]},{\"@type\":\"WebSite\",\"@id\":\"https:\/\/geoclimate.ge\/#website\",\"url\":\"https:\/\/geoclimate.ge\/\",\"name\":\"GeoClimate\",\"description\":\"\",\"publisher\":{\"@id\":\"https:\/\/geoclimate.ge\/#organization\"},\"potentialAction\":[{\"@type\":\"SearchAction\",\"target\":{\"@type\":\"EntryPoint\",\"urlTemplate\":\"https:\/\/geoclimate.ge\/?s={search_term_string}\"},\"query-input\":{\"@type\":\"PropertyValueSpecification\",\"valueRequired\":true,\"valueName\":\"search_term_string\"}}],\"inLanguage\":\"az\"},{\"@type\":\"Organization\",\"@id\":\"https:\/\/geoclimate.ge\/#organization\",\"name\":\"GeoClimate\",\"url\":\"https:\/\/geoclimate.ge\/\",\"logo\":{\"@type\":\"ImageObject\",\"inLanguage\":\"az\",\"@id\":\"https:\/\/geoclimate.ge\/#\/schema\/logo\/image\/\",\"url\":\"https:\/\/geoclimate.ge\/wp-content\/uploads\/2026\/03\/geoclimate-SEO.png\",\"contentUrl\":\"https:\/\/geoclimate.ge\/wp-content\/uploads\/2026\/03\/geoclimate-SEO.png\",\"width\":1536,\"height\":1024,\"caption\":\"GeoClimate\"},\"image\":{\"@id\":\"https:\/\/geoclimate.ge\/#\/schema\/logo\/image\/\"}}]}<\/script>\n<!-- \/ Yoast SEO plugin. -->","yoast_head_json":{"title":"Trotec TEH 400 \u2013 elektrik q\u0131zd\u0131r\u0131c\u0131s\u0131 A\u011f\u0131r elektrik q\u0131zd\u0131r\u0131c\u0131lar\u0131 - GeoClimate.ge","robots":{"index":"index","follow":"follow","max-snippet":"max-snippet:-1","max-image-preview":"max-image-preview:large","max-video-preview":"max-video-preview:-1"},"canonical":"https:\/\/geoclimate.ge\/az\/product\/trotec-teh-400-electric-heater\/","og_locale":"az_AZ","og_type":"article","og_title":"Trotec TEH 400 \u2013 elektrik q\u0131zd\u0131r\u0131c\u0131s\u0131 A\u011f\u0131r elektrik q\u0131zd\u0131r\u0131c\u0131lar\u0131 - GeoClimate.ge","og_description":"TEH 400 elektrik q\u0131zd\u0131r\u0131c\u0131s\u0131, m\u0259s\u0259l\u0259n, ekstremal m\u00fchitl\u0259rd\u0259 saatda 9000 kubmetr\u0259 q\u0259d\u0259r isti hava \u00e7atd\u0131rmaq \u00fc\u00e7\u00fcn n\u0259z\u0259rd\u0259 tutulmu\u015f y\u00fcks\u0259k performansl\u0131 istilik h\u0259llidir. partlay\u0131\u015f v\u0259 ya y\u00fck s\u0131naqlar\u0131. Maksimum istilik g\u00fcc\u00fc 120 kVt olan TEH 400 bazarda \u0259n g\u00fccl\u00fc portativ elektrik q\u0131zd\u0131r\u0131c\u0131lar\u0131ndan biridir. O, m\u00f6hk\u0259m metal korpusa, qura\u015fd\u0131r\u0131lm\u0131\u015f termostata v\u0259 h\u0259ddind\u0259n art\u0131q q\u0131zmaya qar\u015f\u0131 qorunma x\u00fcsusiyy\u0259tin\u0259 malikdir ki, bu da onu ticar\u0259t v\u0259 s\u0259naye \u015f\u0259raitind\u0259 istifad\u0259 \u00fc\u00e7\u00fcn t\u0259hl\u00fck\u0259siz se\u00e7im edir. B\u00f6lm\u0259 standart olaraq z\u0259rb\u0259d\u0259n qorunma \u00e7\u0259r\u00e7iv\u0259si, kran qapaqlar\u0131, forklift yuvalar\u0131 v\u0259 dayanacaq \u0259yl\u0259cl\u0259ri olan praktik n\u0259qliyyat t\u0259k\u0259rl\u0259ri il\u0259 t\u0259chiz edilmi\u015fdir v\u0259 o, h\u0259ddind\u0259n art\u0131q istid\u0259n qorunma il\u0259 d\u0259 \u00e7atd\u0131r\u0131la bil\u0259r.  Tam kommersiya elektrik fanatl\u0131 q\u0131zd\u0131r\u0131c\u0131lar\u0131m\u0131za bax\u0131n v\u0259 ya hans\u0131 portativ elektrik q\u0131zd\u0131r\u0131c\u0131s\u0131n\u0131n v\u0259 ya dig\u0259r s\u0259naye tipli q\u0131zd\u0131r\u0131c\u0131n\u0131n n\u0259z\u0259rd\u0259 tutulan t\u0259tbiqiniz \u00fc\u00e7\u00fcn \u0259n uy\u011fun oldu\u011funu \u00f6yr\u0259nm\u0259k \u00fc\u00e7\u00fcn biziml\u0259 \u0259laq\u0259 saxlay\u0131n.  View our full\u00a0commercial electric fan heater\u00a0range or contact us to find out which\u00a0portable electric heater\u00a0or other type of\u00a0industrial use heater\u00a0is most suitable for your intended application.","og_url":"https:\/\/geoclimate.ge\/az\/product\/trotec-teh-400-electric-heater\/","og_site_name":"GeoClimate.ge","article_modified_time":"2025-02-20T16:49:22+00:00","og_image":[{"width":600,"height":600,"url":"https:\/\/geoclimate.ge\/wp-content\/uploads\/2024\/10\/teh-400-4fff.jpg","type":"image\/jpeg"}],"twitter_card":"summary_large_image","twitter_misc":{"Est. reading time":"1 minute"},"schema":{"@context":"https:\/\/schema.org","@graph":[{"@type":"WebPage","@id":"https:\/\/geoclimate.ge\/az\/product\/trotec-teh-400-electric-heater\/","url":"https:\/\/geoclimate.ge\/az\/product\/trotec-teh-400-electric-heater\/","name":"Trotec TEH 400 \u2013 elektrik q\u0131zd\u0131r\u0131c\u0131s\u0131 A\u011f\u0131r elektrik q\u0131zd\u0131r\u0131c\u0131lar\u0131 - GeoClimate.ge","isPartOf":{"@id":"https:\/\/geoclimate.ge\/#website"},"primaryImageOfPage":{"@id":"https:\/\/geoclimate.ge\/az\/product\/trotec-teh-400-electric-heater\/#primaryimage"},"image":{"@id":"https:\/\/geoclimate.ge\/az\/product\/trotec-teh-400-electric-heater\/#primaryimage"},"thumbnailUrl":"https:\/\/geoclimate.ge\/wp-content\/uploads\/2024\/10\/teh-400-4fff.jpg","datePublished":"2024-01-30T16:22:15+00:00","dateModified":"2025-02-20T16:49:22+00:00","breadcrumb":{"@id":"https:\/\/geoclimate.ge\/az\/product\/trotec-teh-400-electric-heater\/#breadcrumb"},"inLanguage":"az","potentialAction":[{"@type":"ReadAction","target":["https:\/\/geoclimate.ge\/az\/product\/trotec-teh-400-electric-heater\/"]}]},{"@type":"ImageObject","inLanguage":"az","@id":"https:\/\/geoclimate.ge\/az\/product\/trotec-teh-400-electric-heater\/#primaryimage","url":"https:\/\/geoclimate.ge\/wp-content\/uploads\/2024\/10\/teh-400-4fff.jpg","contentUrl":"https:\/\/geoclimate.ge\/wp-content\/uploads\/2024\/10\/teh-400-4fff.jpg","width":600,"height":600},{"@type":"BreadcrumbList","@id":"https:\/\/geoclimate.ge\/az\/product\/trotec-teh-400-electric-heater\/#breadcrumb","itemListElement":[{"@type":"ListItem","position":1,"name":"Home","item":"https:\/\/geoclimate.ge\/az\/"},{"@type":"ListItem","position":2,"name":"M\u0259hsullar","item":"https:\/\/geoclimate.ge\/az\/products\/"},{"@type":"ListItem","position":3,"name":"Trotec TEH 400 \u2013 elektrik q\u0131zd\u0131r\u0131c\u0131s\u0131 A\u011f\u0131r elektrik q\u0131zd\u0131r\u0131c\u0131lar\u0131"}]},{"@type":"WebSite","@id":"https:\/\/geoclimate.ge\/#website","url":"https:\/\/geoclimate.ge\/","name":"GeoClimate","description":"","publisher":{"@id":"https:\/\/geoclimate.ge\/#organization"},"potentialAction":[{"@type":"SearchAction","target":{"@type":"EntryPoint","urlTemplate":"https:\/\/geoclimate.ge\/?s={search_term_string}"},"query-input":{"@type":"PropertyValueSpecification","valueRequired":true,"valueName":"search_term_string"}}],"inLanguage":"az"},{"@type":"Organization","@id":"https:\/\/geoclimate.ge\/#organization","name":"GeoClimate","url":"https:\/\/geoclimate.ge\/","logo":{"@type":"ImageObject","inLanguage":"az","@id":"https:\/\/geoclimate.ge\/#\/schema\/logo\/image\/","url":"https:\/\/geoclimate.ge\/wp-content\/uploads\/2026\/03\/geoclimate-SEO.png","contentUrl":"https:\/\/geoclimate.ge\/wp-content\/uploads\/2026\/03\/geoclimate-SEO.png","width":1536,"height":1024,"caption":"GeoClimate"},"image":{"@id":"https:\/\/geoclimate.ge\/#\/schema\/logo\/image\/"}}]}},"_links":{"self":[{"href":"https:\/\/geoclimate.ge\/az\/wp-json\/wp\/v2\/product\/23194","targetHints":{"allow":["GET"]}}],"collection":[{"href":"https:\/\/geoclimate.ge\/az\/wp-json\/wp\/v2\/product"}],"about":[{"href":"https:\/\/geoclimate.ge\/az\/wp-json\/wp\/v2\/types\/product"}],"wp:featuredmedia":[{"embeddable":true,"href":"https:\/\/geoclimate.ge\/az\/wp-json\/wp\/v2\/media\/21375"}],"wp:attachment":[{"href":"https:\/\/geoclimate.ge\/az\/wp-json\/wp\/v2\/media?parent=23194"}],"wp:term":[{"taxonomy":"product_brand","embeddable":true,"href":"https:\/\/geoclimate.ge\/az\/wp-json\/wp\/v2\/product_brand?post=23194"},{"taxonomy":"product_cat","embeddable":true,"href":"https:\/\/geoclimate.ge\/az\/wp-json\/wp\/v2\/product_cat?post=23194"},{"taxonomy":"product_tag","embeddable":true,"href":"https:\/\/geoclimate.ge\/az\/wp-json\/wp\/v2\/product_tag?post=23194"}],"curies":[{"name":"wp","href":"https:\/\/api.w.org\/{rel}","templated":true}]}}