{"id":23207,"date":"2025-01-18T23:08:17","date_gmt":"2025-01-18T19:08:17","guid":{"rendered":"https:\/\/airsystems.ge\/shop\/product\/condensate-pump-external\/"},"modified":"2025-02-20T21:28:04","modified_gmt":"2025-02-20T17:28:04","slug":"condensate-pump-external","status":"publish","type":"product","link":"https:\/\/geoclimate.ge\/az\/product\/condensate-pump-external\/","title":{"rendered":"Xarici kondensat nasosu"},"content":{"rendered":"<p>Xarici kondensat nasosu<\/p>\n<p>M\u0259hsul t\u0259sviri<br \/>\nA\u015fa\u011f\u0131dak\u0131 ECO v\u0259 TTK-S kommersiya seriyal\u0131 Trotec n\u0259ml\u0259ndiricil\u0259ri \u00fc\u00e7\u00fcn kondensat nasosu:<\/p>\n<p>TTK 75 ECO<br \/>\nTTK 165 ECO<br \/>\nTTK 166 ECO<br \/>\nTTK 170 ECO<br \/>\nTTK 171 ECO<br \/>\nTTK 380 ECO<br \/>\nTTK 570 ECO<\/p>\n","protected":false},"excerpt":{"rendered":"<h2><a href=\"https:\/\/uk.trotec.com\/fileadmin\/downloads\/Entfeuchtung\/Zubehoer\/Kondensatpumpenkit_Extern\/TRT-Kondensatpumpe-TTK-Extern-HS-005-DE.pdf\" target=\"_blank\" rel=\"noopener\">Operating manual External condensate pump kit (DE)<\/a><\/h2>\n","protected":false},"featured_media":21954,"template":"","meta":[],"product_brand":[],"product_cat":[837,817],"product_tag":[],"class_list":{"0":"post-23207","1":"product","2":"type-product","3":"status-publish","4":"has-post-thumbnail","6":"product_cat-dehumidifiers-trotec-az","7":"product_cat-trotec-az","9":"first","10":"instock","11":"sale","12":"shipping-taxable","13":"purchasable","14":"product-type-simple"},"yoast_head":"<!-- This site is optimized with the Yoast SEO plugin v27.1.1 - https:\/\/yoast.com\/product\/yoast-seo-wordpress\/ -->\n<title>Xarici kondensat nasosu - GeoClimate.ge<\/title>\n<meta name=\"robots\" content=\"index, follow, max-snippet:-1, max-image-preview:large, max-video-preview:-1\" \/>\n<link rel=\"canonical\" href=\"https:\/\/geoclimate.ge\/az\/product\/condensate-pump-external\/\" \/>\n<meta property=\"og:locale\" content=\"az_AZ\" \/>\n<meta property=\"og:type\" content=\"article\" \/>\n<meta property=\"og:title\" content=\"Xarici kondensat nasosu - GeoClimate.ge\" \/>\n<meta property=\"og:description\" content=\"Operating manual External condensate pump kit (DE)\" \/>\n<meta property=\"og:url\" content=\"https:\/\/geoclimate.ge\/az\/product\/condensate-pump-external\/\" \/>\n<meta property=\"og:site_name\" content=\"GeoClimate.ge\" \/>\n<meta property=\"article:modified_time\" content=\"2025-02-20T17:28:04+00:00\" \/>\n<meta property=\"og:image\" content=\"https:\/\/geoclimate.ge\/wp-content\/uploads\/2025\/01\/Condensate-Pump-external-68172-1507646210.webp\" \/>\n\t<meta property=\"og:image:width\" content=\"1500\" \/>\n\t<meta property=\"og:image:height\" content=\"1500\" \/>\n\t<meta property=\"og:image:type\" content=\"image\/webp\" \/>\n<meta name=\"twitter:card\" content=\"summary_large_image\" \/>\n<script type=\"application\/ld+json\" class=\"yoast-schema-graph\">{\"@context\":\"https:\/\/schema.org\",\"@graph\":[{\"@type\":\"WebPage\",\"@id\":\"https:\/\/geoclimate.ge\/az\/product\/condensate-pump-external\/\",\"url\":\"https:\/\/geoclimate.ge\/az\/product\/condensate-pump-external\/\",\"name\":\"Xarici kondensat nasosu - GeoClimate.ge\",\"isPartOf\":{\"@id\":\"https:\/\/geoclimate.ge\/#website\"},\"primaryImageOfPage\":{\"@id\":\"https:\/\/geoclimate.ge\/az\/product\/condensate-pump-external\/#primaryimage\"},\"image\":{\"@id\":\"https:\/\/geoclimate.ge\/az\/product\/condensate-pump-external\/#primaryimage\"},\"thumbnailUrl\":\"https:\/\/geoclimate.ge\/wp-content\/uploads\/2025\/01\/Condensate-Pump-external-68172-1507646210.webp\",\"datePublished\":\"2025-01-18T19:08:17+00:00\",\"dateModified\":\"2025-02-20T17:28:04+00:00\",\"breadcrumb\":{\"@id\":\"https:\/\/geoclimate.ge\/az\/product\/condensate-pump-external\/#breadcrumb\"},\"inLanguage\":\"az\",\"potentialAction\":[{\"@type\":\"ReadAction\",\"target\":[\"https:\/\/geoclimate.ge\/az\/product\/condensate-pump-external\/\"]}]},{\"@type\":\"ImageObject\",\"inLanguage\":\"az\",\"@id\":\"https:\/\/geoclimate.ge\/az\/product\/condensate-pump-external\/#primaryimage\",\"url\":\"https:\/\/geoclimate.ge\/wp-content\/uploads\/2025\/01\/Condensate-Pump-external-68172-1507646210.webp\",\"contentUrl\":\"https:\/\/geoclimate.ge\/wp-content\/uploads\/2025\/01\/Condensate-Pump-external-68172-1507646210.webp\",\"width\":1500,\"height\":1500},{\"@type\":\"BreadcrumbList\",\"@id\":\"https:\/\/geoclimate.ge\/az\/product\/condensate-pump-external\/#breadcrumb\",\"itemListElement\":[{\"@type\":\"ListItem\",\"position\":1,\"name\":\"Home\",\"item\":\"https:\/\/geoclimate.ge\/az\/\"},{\"@type\":\"ListItem\",\"position\":2,\"name\":\"M\u0259hsullar\",\"item\":\"https:\/\/geoclimate.ge\/az\/products\/\"},{\"@type\":\"ListItem\",\"position\":3,\"name\":\"Xarici kondensat nasosu\"}]},{\"@type\":\"WebSite\",\"@id\":\"https:\/\/geoclimate.ge\/#website\",\"url\":\"https:\/\/geoclimate.ge\/\",\"name\":\"GeoClimate\",\"description\":\"\",\"publisher\":{\"@id\":\"https:\/\/geoclimate.ge\/#organization\"},\"potentialAction\":[{\"@type\":\"SearchAction\",\"target\":{\"@type\":\"EntryPoint\",\"urlTemplate\":\"https:\/\/geoclimate.ge\/?s={search_term_string}\"},\"query-input\":{\"@type\":\"PropertyValueSpecification\",\"valueRequired\":true,\"valueName\":\"search_term_string\"}}],\"inLanguage\":\"az\"},{\"@type\":\"Organization\",\"@id\":\"https:\/\/geoclimate.ge\/#organization\",\"name\":\"GeoClimate\",\"url\":\"https:\/\/geoclimate.ge\/\",\"logo\":{\"@type\":\"ImageObject\",\"inLanguage\":\"az\",\"@id\":\"https:\/\/geoclimate.ge\/#\/schema\/logo\/image\/\",\"url\":\"https:\/\/geoclimate.ge\/wp-content\/uploads\/2026\/03\/geoclimate-SEO.png\",\"contentUrl\":\"https:\/\/geoclimate.ge\/wp-content\/uploads\/2026\/03\/geoclimate-SEO.png\",\"width\":1536,\"height\":1024,\"caption\":\"GeoClimate\"},\"image\":{\"@id\":\"https:\/\/geoclimate.ge\/#\/schema\/logo\/image\/\"}}]}<\/script>\n<!-- \/ Yoast SEO plugin. -->","yoast_head_json":{"title":"Xarici kondensat nasosu - GeoClimate.ge","robots":{"index":"index","follow":"follow","max-snippet":"max-snippet:-1","max-image-preview":"max-image-preview:large","max-video-preview":"max-video-preview:-1"},"canonical":"https:\/\/geoclimate.ge\/az\/product\/condensate-pump-external\/","og_locale":"az_AZ","og_type":"article","og_title":"Xarici kondensat nasosu - GeoClimate.ge","og_description":"Operating manual External condensate pump kit (DE)","og_url":"https:\/\/geoclimate.ge\/az\/product\/condensate-pump-external\/","og_site_name":"GeoClimate.ge","article_modified_time":"2025-02-20T17:28:04+00:00","og_image":[{"width":1500,"height":1500,"url":"https:\/\/geoclimate.ge\/wp-content\/uploads\/2025\/01\/Condensate-Pump-external-68172-1507646210.webp","type":"image\/webp"}],"twitter_card":"summary_large_image","schema":{"@context":"https:\/\/schema.org","@graph":[{"@type":"WebPage","@id":"https:\/\/geoclimate.ge\/az\/product\/condensate-pump-external\/","url":"https:\/\/geoclimate.ge\/az\/product\/condensate-pump-external\/","name":"Xarici kondensat nasosu - GeoClimate.ge","isPartOf":{"@id":"https:\/\/geoclimate.ge\/#website"},"primaryImageOfPage":{"@id":"https:\/\/geoclimate.ge\/az\/product\/condensate-pump-external\/#primaryimage"},"image":{"@id":"https:\/\/geoclimate.ge\/az\/product\/condensate-pump-external\/#primaryimage"},"thumbnailUrl":"https:\/\/geoclimate.ge\/wp-content\/uploads\/2025\/01\/Condensate-Pump-external-68172-1507646210.webp","datePublished":"2025-01-18T19:08:17+00:00","dateModified":"2025-02-20T17:28:04+00:00","breadcrumb":{"@id":"https:\/\/geoclimate.ge\/az\/product\/condensate-pump-external\/#breadcrumb"},"inLanguage":"az","potentialAction":[{"@type":"ReadAction","target":["https:\/\/geoclimate.ge\/az\/product\/condensate-pump-external\/"]}]},{"@type":"ImageObject","inLanguage":"az","@id":"https:\/\/geoclimate.ge\/az\/product\/condensate-pump-external\/#primaryimage","url":"https:\/\/geoclimate.ge\/wp-content\/uploads\/2025\/01\/Condensate-Pump-external-68172-1507646210.webp","contentUrl":"https:\/\/geoclimate.ge\/wp-content\/uploads\/2025\/01\/Condensate-Pump-external-68172-1507646210.webp","width":1500,"height":1500},{"@type":"BreadcrumbList","@id":"https:\/\/geoclimate.ge\/az\/product\/condensate-pump-external\/#breadcrumb","itemListElement":[{"@type":"ListItem","position":1,"name":"Home","item":"https:\/\/geoclimate.ge\/az\/"},{"@type":"ListItem","position":2,"name":"M\u0259hsullar","item":"https:\/\/geoclimate.ge\/az\/products\/"},{"@type":"ListItem","position":3,"name":"Xarici kondensat nasosu"}]},{"@type":"WebSite","@id":"https:\/\/geoclimate.ge\/#website","url":"https:\/\/geoclimate.ge\/","name":"GeoClimate","description":"","publisher":{"@id":"https:\/\/geoclimate.ge\/#organization"},"potentialAction":[{"@type":"SearchAction","target":{"@type":"EntryPoint","urlTemplate":"https:\/\/geoclimate.ge\/?s={search_term_string}"},"query-input":{"@type":"PropertyValueSpecification","valueRequired":true,"valueName":"search_term_string"}}],"inLanguage":"az"},{"@type":"Organization","@id":"https:\/\/geoclimate.ge\/#organization","name":"GeoClimate","url":"https:\/\/geoclimate.ge\/","logo":{"@type":"ImageObject","inLanguage":"az","@id":"https:\/\/geoclimate.ge\/#\/schema\/logo\/image\/","url":"https:\/\/geoclimate.ge\/wp-content\/uploads\/2026\/03\/geoclimate-SEO.png","contentUrl":"https:\/\/geoclimate.ge\/wp-content\/uploads\/2026\/03\/geoclimate-SEO.png","width":1536,"height":1024,"caption":"GeoClimate"},"image":{"@id":"https:\/\/geoclimate.ge\/#\/schema\/logo\/image\/"}}]}},"_links":{"self":[{"href":"https:\/\/geoclimate.ge\/az\/wp-json\/wp\/v2\/product\/23207","targetHints":{"allow":["GET"]}}],"collection":[{"href":"https:\/\/geoclimate.ge\/az\/wp-json\/wp\/v2\/product"}],"about":[{"href":"https:\/\/geoclimate.ge\/az\/wp-json\/wp\/v2\/types\/product"}],"wp:featuredmedia":[{"embeddable":true,"href":"https:\/\/geoclimate.ge\/az\/wp-json\/wp\/v2\/media\/21954"}],"wp:attachment":[{"href":"https:\/\/geoclimate.ge\/az\/wp-json\/wp\/v2\/media?parent=23207"}],"wp:term":[{"taxonomy":"product_brand","embeddable":true,"href":"https:\/\/geoclimate.ge\/az\/wp-json\/wp\/v2\/product_brand?post=23207"},{"taxonomy":"product_cat","embeddable":true,"href":"https:\/\/geoclimate.ge\/az\/wp-json\/wp\/v2\/product_cat?post=23207"},{"taxonomy":"product_tag","embeddable":true,"href":"https:\/\/geoclimate.ge\/az\/wp-json\/wp\/v2\/product_tag?post=23207"}],"curies":[{"name":"wp","href":"https:\/\/api.w.org\/{rel}","templated":true}]}}