{"id":23211,"date":"2025-01-16T19:57:35","date_gmt":"2025-01-16T15:57:35","guid":{"rendered":"https:\/\/airsystems.ge\/shop\/product\/trotec-tac-5000-commercial-air-cleaner-professional-air-cleaners\/"},"modified":"2025-02-22T11:55:42","modified_gmt":"2025-02-22T07:55:42","slug":"trotec-tac-5000-commercial-air-cleaner-professional-air-cleaners","status":"publish","type":"product","link":"https:\/\/geoclimate.ge\/az\/product\/trotec-tac-5000-commercial-air-cleaner-professional-air-cleaners\/","title":{"rendered":"Trotec TAC 5000 \u2013 kommersiya hava t\u0259mizl\u0259yicisi Professional hava t\u0259mizl\u0259yicil\u0259ri"},"content":{"rendered":"<div class=\"md:text-center\">\n<h3 class=\"text-black font-bold text-lg md:text-xl lg:text-2xl\"><strong>Product specifications<\/strong><\/h3>\n<\/div>\n<div class=\" md:mt-10\">\n<div class=\"\">\n<div class=\"lg:mt-0 \">\n<div id=\"spec-tac-5000\" class=\"prose max-w-full md:overflow-auto\" data-spec-content=\"\">\n<div class=\"spreadsheet-container hidden md:block\">\n<table class=\"w-full table-fixed mb-0\">\n<thead>\n<tr>\n<th class=\"font-bold text-base\"><span class=\"block px-4\">Specifications<\/span><\/th>\n<th class=\"font-bold text-base text-center\"><span class=\"block px-10 md:px-20\">Units<\/span><\/th>\n<th class=\"font-bold text-base text-center will-change\"><span class=\"block px-4\">TAC\u00a05000<\/span><\/th>\n<\/tr>\n<\/thead>\n<tbody>\n<tr class=\"bg-grey-200\/50 p-2\">\n<td colspan=\"1\"><span class=\"block px-4\">Dust class<\/span><\/td>\n<td class=\"text-center\">\n<div class=\"px-10 md:px-20 flex items-center justify-center\">filter<\/div>\n<\/td>\n<td class=\"text-center will-change\">\n<div class=\"px-10 md:px-20 flex items-center justify-center\">H<\/div>\n<\/td>\n<\/tr>\n<tr class=\" p-2\">\n<td colspan=\"1\"><span class=\"block px-4\">Air flow rate max.<\/span><\/td>\n<td class=\"text-center\">\n<div class=\"px-10 md:px-20 flex items-center justify-center\">m\u00b3\/h<\/div>\n<\/td>\n<td class=\"text-center will-change\">\n<div class=\"px-10 md:px-20 flex items-center justify-center\">4,500<\/div>\n<\/td>\n<\/tr>\n<tr class=\"bg-grey-200\/50 p-2\">\n<td colspan=\"1\"><span class=\"block px-4\">Recommended amount of air for filter class H<\/span><\/td>\n<td class=\"text-center\">\n<div class=\"px-10 md:px-20 flex items-center justify-center\">m\u00b3\/h<\/div>\n<\/td>\n<td class=\"text-center will-change\">\n<div class=\"px-10 md:px-20 flex items-center justify-center\">2,500<\/div>\n<\/td>\n<\/tr>\n<tr class=\" p-2\">\n<td colspan=\"1\"><span class=\"block px-4\">Power supply<\/span><\/td>\n<td class=\"text-center\">\n<div class=\"px-10 md:px-20 flex items-center justify-center\">V\/Hz<\/div>\n<\/td>\n<td class=\"text-center will-change\">\n<div class=\"px-10 md:px-20 flex items-center justify-center\">230\/1ph\/50-60<\/div>\n<\/td>\n<\/tr>\n<tr class=\"bg-grey-200\/50 p-2\">\n<td colspan=\"1\"><span class=\"block px-4\">Power input<\/span><\/td>\n<td class=\"text-center\">\n<div class=\"px-10 md:px-20 flex items-center justify-center\">kW<\/div>\n<\/td>\n<td class=\"text-center will-change\">\n<div class=\"px-10 md:px-20 flex items-center justify-center\">1.27<\/div>\n<\/td>\n<\/tr>\n<tr class=\" p-2\">\n<td colspan=\"1\"><span class=\"block px-4\">Current consumption<\/span><\/td>\n<td class=\"text-center\">\n<div class=\"px-10 md:px-20 flex items-center justify-center\">A<\/div>\n<\/td>\n<td class=\"text-center will-change\">\n<div class=\"px-10 md:px-20 flex items-center justify-center\">5.6<\/div>\n<\/td>\n<\/tr>\n<tr class=\"bg-grey-200\/50 p-2\">\n<td colspan=\"1\"><span class=\"block px-4\">Sound level @1m<\/span><\/td>\n<td class=\"text-center\">\n<div class=\"px-10 md:px-20 flex items-center justify-center\">dB(A)<\/div>\n<\/td>\n<td class=\"text-center will-change\">\n<div class=\"px-10 md:px-20 flex items-center justify-center\">68<\/div>\n<\/td>\n<\/tr>\n<tr class=\" p-2\">\n<td colspan=\"1\"><span class=\"block px-4\">Hose connector suction side<\/span><\/td>\n<td class=\"text-center\">\n<div class=\"px-10 md:px-20 flex items-center justify-center\">\u00d8mm<\/div>\n<\/td>\n<td class=\"text-center will-change\">\n<div class=\"px-10 md:px-20 flex items-center justify-center\">400<\/div>\n<\/td>\n<\/tr>\n<tr class=\"bg-grey-200\/50 p-2\">\n<td colspan=\"1\"><span class=\"block px-4\">Hose connector blow-out side<\/span><\/td>\n<td class=\"text-center\">\n<div class=\"px-10 md:px-20 flex items-center justify-center\">\u00d8mm<\/div>\n<\/td>\n<td class=\"text-center will-change\">\n<div class=\"px-10 md:px-20 flex items-center justify-center\">400<\/div>\n<\/td>\n<\/tr>\n<tr class=\" p-2\">\n<td colspan=\"1\"><span class=\"block px-4\">Product size (l x w x h)<\/span><\/td>\n<td class=\"text-center\">\n<div class=\"px-10 md:px-20 flex items-center justify-center\">mm<\/div>\n<\/td>\n<td class=\"text-center will-change\">\n<div class=\"px-10 md:px-20 flex items-center justify-center\">1252 x 690 x 926<\/div>\n<\/td>\n<\/tr>\n<tr class=\"bg-grey-200\/50 p-2\">\n<td colspan=\"1\"><span class=\"block px-4\">Weight<\/span><\/td>\n<td class=\"text-center\">\n<div class=\"px-10 md:px-20 flex items-center justify-center\">kg<\/div>\n<\/td>\n<td class=\"text-center will-change\">\n<div class=\"px-10 md:px-20 flex items-center justify-center\">125<\/div>\n<\/td>\n<\/tr>\n<\/tbody>\n<\/table>\n<\/div>\n<\/div>\n<\/div>\n<\/div>\n<\/div>\n","protected":false},"excerpt":{"rendered":"<p>Trotec TAC 5000 \u2013 kommersiya hava t\u0259mizl\u0259yicisi Professional hava t\u0259mizl\u0259yicil\u0259ri<\/p>\n<p>Trotec TAC 5000 y\u00fcks\u0259k performansl\u0131 hava t\u0259mizl\u0259yicisidir v\u0259 fabrikl\u0259r, istehsal zallar\u0131 v\u0259 idman arenalar\u0131 kimi b\u00f6y\u00fck ticar\u0259t m\u0259kanlar\u0131nda istifad\u0259 \u00fc\u00e7\u00fcn m\u00fck\u0259mm\u0259ldir. Maksimum 4500 m\u00b3\/saat hava ax\u0131n\u0131 s\u00fcr\u0259ti il\u0259, h\u0259tta \u0259n inadkar hava \u00e7irkl\u0259ndiricil\u0259rini bel\u0259 tez v\u0259 effektiv \u015f\u0259kild\u0259 t\u0259mizl\u0259y\u0259 bil\u0259r. Hava t\u0259mizl\u0259yicisi davaml\u0131 v\u0259 m\u00f6hk\u0259m konstruksiyaya malikdir v\u0259 onu \u00e7\u0259tin m\u00fchitl\u0259rd\u0259 istifad\u0259 \u00fc\u00e7\u00fcn ideal edir. O, h\u0259m\u00e7inin hava ax\u0131n\u0131 s\u00fcr\u0259tini f\u0259rdil\u0259\u015fdirm\u0259y\u0259 v\u0259 filtrin d\u0259yi\u015fdirilm\u0259sin\u0259 n\u0259zar\u0259t etm\u0259y\u0259 imkan ver\u0259n d\u0259yi\u015f\u0259n s\u00fcr\u0259t\u0259 n\u0259zar\u0259t v\u0259 filtr d\u0259yi\u015fdirm\u0259 g\u00f6st\u0259ricisin\u0259 malikdir. T\u0259sirli hava ax\u0131n\u0131 s\u00fcr\u0259ti v\u0259 m\u00f6hk\u0259m dizayn\u0131 il\u0259 TAC 5000 b\u00f6y\u00fck m\u0259kanlarda t\u0259l\u0259b olunan kommersiya havas\u0131n\u0131n t\u0259mizl\u0259nm\u0259si i\u015fl\u0259ri \u00fc\u00e7\u00fcn m\u00fck\u0259mm\u0259l se\u00e7imdir.<\/p>\n<p>&nbsp;<\/p>\n<p>\u018fsas x\u00fcsusiyy\u0259tl\u0259r<br \/>\nH\u0259m tikinti sah\u0259l\u0259ri, h\u0259m d\u0259 t\u0259miz otaqlar\u0131n t\u0259miri \u00fc\u00e7\u00fcn ideal olan \u00e7ox y\u00f6nl\u00fc hava t\u0259mizl\u0259yicisi<br \/>\nToz sinfi H, TRGS 519-a uy\u011fun olaraq asbestin azald\u0131lmas\u0131 \u00fc\u00e7\u00fcn icaz\u0259 verilir<br \/>\nVario-shift funksiyas\u0131 ventilyator\/filtr yerl\u0259\u015fdirm\u0259sini t\u0259tbiq t\u0259l\u0259bl\u0259riniz\u0259 uy\u011funla\u015fd\u0131rmaq \u00fc\u00e7\u00fcn<br \/>\nHava h\u0259cminin d\u0259qiq v\u0259 sonsuz t\u0259nziml\u0259nm\u0259si \u00fc\u00e7\u00fcn monoventik hava t\u0259nziml\u0259yicisi<br \/>\nVizual v\u0259 akustik filtr d\u0259yi\u015fikliyi g\u00f6st\u0259ricisi<br \/>\nOptimal h\u0259r\u0259k\u0259tlilik \u00fc\u00e7\u00fcn da\u015f\u0131ma sap\u0131 v\u0259 f\u0131rlanan t\u0259k\u0259rl\u0259r<br \/>\nTez \u00fcst kilidin a\u00e7\u0131lmas\u0131 filtr d\u0259yi\u015fiklikl\u0259rini asanla\u015fd\u0131r\u0131r<br \/>\nY\u0131\u011fma yard\u0131m\u0131 v\u0259 z\u0259rb\u0259d\u0259n qorunma<br \/>\nAsan filtr d\u0259yi\u015fikliyi<br \/>\nFiltrl\u0259m\u0259 sah\u0259si: asbest, kvars, tikinti tozu, un, a\u011fac, mineral lifl\u0259r, kif sporlar\u0131, boya hiss\u0259cikl\u0259ri<\/p>\n","protected":false},"featured_media":21930,"template":"","meta":[],"product_brand":[],"product_cat":[812,809],"product_tag":[],"class_list":{"0":"post-23211","1":"product","2":"type-product","3":"status-publish","4":"has-post-thumbnail","6":"product_cat-hava-tmizlyicisi-tmizlm-toz-filtr","7":"product_cat-hava-nmlndiricisi-kondisioner-az-ventilyasiya-ventilyator","9":"first","10":"instock","11":"sale","12":"shipping-taxable","13":"purchasable","14":"product-type-simple"},"yoast_head":"<!-- This site is optimized with the Yoast SEO plugin v27.1.1 - https:\/\/yoast.com\/product\/yoast-seo-wordpress\/ -->\n<title>Trotec TAC 5000 \u2013 kommersiya hava t\u0259mizl\u0259yicisi Professional hava t\u0259mizl\u0259yicil\u0259ri - GeoClimate.ge<\/title>\n<meta name=\"robots\" content=\"index, follow, max-snippet:-1, max-image-preview:large, max-video-preview:-1\" \/>\n<link rel=\"canonical\" href=\"https:\/\/geoclimate.ge\/az\/product\/trotec-tac-5000-commercial-air-cleaner-professional-air-cleaners\/\" \/>\n<meta property=\"og:locale\" content=\"az_AZ\" \/>\n<meta property=\"og:type\" content=\"article\" \/>\n<meta property=\"og:title\" content=\"Trotec TAC 5000 \u2013 kommersiya hava t\u0259mizl\u0259yicisi Professional hava t\u0259mizl\u0259yicil\u0259ri - GeoClimate.ge\" \/>\n<meta property=\"og:description\" content=\"Trotec TAC 5000 \u2013 kommersiya hava t\u0259mizl\u0259yicisi Professional hava t\u0259mizl\u0259yicil\u0259ri  Trotec TAC 5000 y\u00fcks\u0259k performansl\u0131 hava t\u0259mizl\u0259yicisidir v\u0259 fabrikl\u0259r, istehsal zallar\u0131 v\u0259 idman arenalar\u0131 kimi b\u00f6y\u00fck ticar\u0259t m\u0259kanlar\u0131nda istifad\u0259 \u00fc\u00e7\u00fcn m\u00fck\u0259mm\u0259ldir. Maksimum 4500 m\u00b3\/saat hava ax\u0131n\u0131 s\u00fcr\u0259ti il\u0259, h\u0259tta \u0259n inadkar hava \u00e7irkl\u0259ndiricil\u0259rini bel\u0259 tez v\u0259 effektiv \u015f\u0259kild\u0259 t\u0259mizl\u0259y\u0259 bil\u0259r. Hava t\u0259mizl\u0259yicisi davaml\u0131 v\u0259 m\u00f6hk\u0259m konstruksiyaya malikdir v\u0259 onu \u00e7\u0259tin m\u00fchitl\u0259rd\u0259 istifad\u0259 \u00fc\u00e7\u00fcn ideal edir. O, h\u0259m\u00e7inin hava ax\u0131n\u0131 s\u00fcr\u0259tini f\u0259rdil\u0259\u015fdirm\u0259y\u0259 v\u0259 filtrin d\u0259yi\u015fdirilm\u0259sin\u0259 n\u0259zar\u0259t etm\u0259y\u0259 imkan ver\u0259n d\u0259yi\u015f\u0259n s\u00fcr\u0259t\u0259 n\u0259zar\u0259t v\u0259 filtr d\u0259yi\u015fdirm\u0259 g\u00f6st\u0259ricisin\u0259 malikdir. T\u0259sirli hava ax\u0131n\u0131 s\u00fcr\u0259ti v\u0259 m\u00f6hk\u0259m dizayn\u0131 il\u0259 TAC 5000 b\u00f6y\u00fck m\u0259kanlarda t\u0259l\u0259b olunan kommersiya havas\u0131n\u0131n t\u0259mizl\u0259nm\u0259si i\u015fl\u0259ri \u00fc\u00e7\u00fcn m\u00fck\u0259mm\u0259l se\u00e7imdir.  &nbsp;  \u018fsas x\u00fcsusiyy\u0259tl\u0259r H\u0259m tikinti sah\u0259l\u0259ri, h\u0259m d\u0259 t\u0259miz otaqlar\u0131n t\u0259miri \u00fc\u00e7\u00fcn ideal olan \u00e7ox y\u00f6nl\u00fc hava t\u0259mizl\u0259yicisi Toz sinfi H, TRGS 519-a uy\u011fun olaraq asbestin azald\u0131lmas\u0131 \u00fc\u00e7\u00fcn icaz\u0259 verilir Vario-shift funksiyas\u0131 ventilyator\/filtr yerl\u0259\u015fdirm\u0259sini t\u0259tbiq t\u0259l\u0259bl\u0259riniz\u0259 uy\u011funla\u015fd\u0131rmaq \u00fc\u00e7\u00fcn Hava h\u0259cminin d\u0259qiq v\u0259 sonsuz t\u0259nziml\u0259nm\u0259si \u00fc\u00e7\u00fcn monoventik hava t\u0259nziml\u0259yicisi Vizual v\u0259 akustik filtr d\u0259yi\u015fikliyi g\u00f6st\u0259ricisi Optimal h\u0259r\u0259k\u0259tlilik \u00fc\u00e7\u00fcn da\u015f\u0131ma sap\u0131 v\u0259 f\u0131rlanan t\u0259k\u0259rl\u0259r Tez \u00fcst kilidin a\u00e7\u0131lmas\u0131 filtr d\u0259yi\u015fiklikl\u0259rini asanla\u015fd\u0131r\u0131r Y\u0131\u011fma yard\u0131m\u0131 v\u0259 z\u0259rb\u0259d\u0259n qorunma Asan filtr d\u0259yi\u015fikliyi Filtrl\u0259m\u0259 sah\u0259si: asbest, kvars, tikinti tozu, un, a\u011fac, mineral lifl\u0259r, kif sporlar\u0131, boya hiss\u0259cikl\u0259ri\" \/>\n<meta property=\"og:url\" content=\"https:\/\/geoclimate.ge\/az\/product\/trotec-tac-5000-commercial-air-cleaner-professional-air-cleaners\/\" \/>\n<meta property=\"og:site_name\" content=\"GeoClimate.ge\" \/>\n<meta property=\"article:modified_time\" content=\"2025-02-22T07:55:42+00:00\" \/>\n<meta property=\"og:image\" content=\"https:\/\/geoclimate.ge\/wp-content\/uploads\/2025\/01\/Trotec-TAC-detail-4.jpg\" \/>\n\t<meta property=\"og:image:width\" content=\"1000\" \/>\n\t<meta property=\"og:image:height\" content=\"1000\" \/>\n\t<meta property=\"og:image:type\" content=\"image\/jpeg\" \/>\n<meta name=\"twitter:card\" content=\"summary_large_image\" \/>\n<script type=\"application\/ld+json\" class=\"yoast-schema-graph\">{\"@context\":\"https:\/\/schema.org\",\"@graph\":[{\"@type\":\"WebPage\",\"@id\":\"https:\/\/geoclimate.ge\/az\/product\/trotec-tac-5000-commercial-air-cleaner-professional-air-cleaners\/\",\"url\":\"https:\/\/geoclimate.ge\/az\/product\/trotec-tac-5000-commercial-air-cleaner-professional-air-cleaners\/\",\"name\":\"Trotec TAC 5000 \u2013 kommersiya hava t\u0259mizl\u0259yicisi Professional hava t\u0259mizl\u0259yicil\u0259ri - GeoClimate.ge\",\"isPartOf\":{\"@id\":\"https:\/\/geoclimate.ge\/#website\"},\"primaryImageOfPage\":{\"@id\":\"https:\/\/geoclimate.ge\/az\/product\/trotec-tac-5000-commercial-air-cleaner-professional-air-cleaners\/#primaryimage\"},\"image\":{\"@id\":\"https:\/\/geoclimate.ge\/az\/product\/trotec-tac-5000-commercial-air-cleaner-professional-air-cleaners\/#primaryimage\"},\"thumbnailUrl\":\"https:\/\/geoclimate.ge\/wp-content\/uploads\/2025\/01\/Trotec-TAC-detail-4.jpg\",\"datePublished\":\"2025-01-16T15:57:35+00:00\",\"dateModified\":\"2025-02-22T07:55:42+00:00\",\"breadcrumb\":{\"@id\":\"https:\/\/geoclimate.ge\/az\/product\/trotec-tac-5000-commercial-air-cleaner-professional-air-cleaners\/#breadcrumb\"},\"inLanguage\":\"az\",\"potentialAction\":[{\"@type\":\"ReadAction\",\"target\":[\"https:\/\/geoclimate.ge\/az\/product\/trotec-tac-5000-commercial-air-cleaner-professional-air-cleaners\/\"]}]},{\"@type\":\"ImageObject\",\"inLanguage\":\"az\",\"@id\":\"https:\/\/geoclimate.ge\/az\/product\/trotec-tac-5000-commercial-air-cleaner-professional-air-cleaners\/#primaryimage\",\"url\":\"https:\/\/geoclimate.ge\/wp-content\/uploads\/2025\/01\/Trotec-TAC-detail-4.jpg\",\"contentUrl\":\"https:\/\/geoclimate.ge\/wp-content\/uploads\/2025\/01\/Trotec-TAC-detail-4.jpg\",\"width\":1000,\"height\":1000},{\"@type\":\"BreadcrumbList\",\"@id\":\"https:\/\/geoclimate.ge\/az\/product\/trotec-tac-5000-commercial-air-cleaner-professional-air-cleaners\/#breadcrumb\",\"itemListElement\":[{\"@type\":\"ListItem\",\"position\":1,\"name\":\"Home\",\"item\":\"https:\/\/geoclimate.ge\/az\/\"},{\"@type\":\"ListItem\",\"position\":2,\"name\":\"M\u0259hsullar\",\"item\":\"https:\/\/geoclimate.ge\/az\/products\/\"},{\"@type\":\"ListItem\",\"position\":3,\"name\":\"Trotec TAC 5000 \u2013 kommersiya hava t\u0259mizl\u0259yicisi Professional hava t\u0259mizl\u0259yicil\u0259ri\"}]},{\"@type\":\"WebSite\",\"@id\":\"https:\/\/geoclimate.ge\/#website\",\"url\":\"https:\/\/geoclimate.ge\/\",\"name\":\"GeoClimate\",\"description\":\"\",\"publisher\":{\"@id\":\"https:\/\/geoclimate.ge\/#organization\"},\"potentialAction\":[{\"@type\":\"SearchAction\",\"target\":{\"@type\":\"EntryPoint\",\"urlTemplate\":\"https:\/\/geoclimate.ge\/?s={search_term_string}\"},\"query-input\":{\"@type\":\"PropertyValueSpecification\",\"valueRequired\":true,\"valueName\":\"search_term_string\"}}],\"inLanguage\":\"az\"},{\"@type\":\"Organization\",\"@id\":\"https:\/\/geoclimate.ge\/#organization\",\"name\":\"GeoClimate\",\"url\":\"https:\/\/geoclimate.ge\/\",\"logo\":{\"@type\":\"ImageObject\",\"inLanguage\":\"az\",\"@id\":\"https:\/\/geoclimate.ge\/#\/schema\/logo\/image\/\",\"url\":\"https:\/\/geoclimate.ge\/wp-content\/uploads\/2026\/03\/geoclimate-SEO.png\",\"contentUrl\":\"https:\/\/geoclimate.ge\/wp-content\/uploads\/2026\/03\/geoclimate-SEO.png\",\"width\":1536,\"height\":1024,\"caption\":\"GeoClimate\"},\"image\":{\"@id\":\"https:\/\/geoclimate.ge\/#\/schema\/logo\/image\/\"}}]}<\/script>\n<!-- \/ Yoast SEO plugin. -->","yoast_head_json":{"title":"Trotec TAC 5000 \u2013 kommersiya hava t\u0259mizl\u0259yicisi Professional hava t\u0259mizl\u0259yicil\u0259ri - GeoClimate.ge","robots":{"index":"index","follow":"follow","max-snippet":"max-snippet:-1","max-image-preview":"max-image-preview:large","max-video-preview":"max-video-preview:-1"},"canonical":"https:\/\/geoclimate.ge\/az\/product\/trotec-tac-5000-commercial-air-cleaner-professional-air-cleaners\/","og_locale":"az_AZ","og_type":"article","og_title":"Trotec TAC 5000 \u2013 kommersiya hava t\u0259mizl\u0259yicisi Professional hava t\u0259mizl\u0259yicil\u0259ri - GeoClimate.ge","og_description":"Trotec TAC 5000 \u2013 kommersiya hava t\u0259mizl\u0259yicisi Professional hava t\u0259mizl\u0259yicil\u0259ri  Trotec TAC 5000 y\u00fcks\u0259k performansl\u0131 hava t\u0259mizl\u0259yicisidir v\u0259 fabrikl\u0259r, istehsal zallar\u0131 v\u0259 idman arenalar\u0131 kimi b\u00f6y\u00fck ticar\u0259t m\u0259kanlar\u0131nda istifad\u0259 \u00fc\u00e7\u00fcn m\u00fck\u0259mm\u0259ldir. Maksimum 4500 m\u00b3\/saat hava ax\u0131n\u0131 s\u00fcr\u0259ti il\u0259, h\u0259tta \u0259n inadkar hava \u00e7irkl\u0259ndiricil\u0259rini bel\u0259 tez v\u0259 effektiv \u015f\u0259kild\u0259 t\u0259mizl\u0259y\u0259 bil\u0259r. Hava t\u0259mizl\u0259yicisi davaml\u0131 v\u0259 m\u00f6hk\u0259m konstruksiyaya malikdir v\u0259 onu \u00e7\u0259tin m\u00fchitl\u0259rd\u0259 istifad\u0259 \u00fc\u00e7\u00fcn ideal edir. O, h\u0259m\u00e7inin hava ax\u0131n\u0131 s\u00fcr\u0259tini f\u0259rdil\u0259\u015fdirm\u0259y\u0259 v\u0259 filtrin d\u0259yi\u015fdirilm\u0259sin\u0259 n\u0259zar\u0259t etm\u0259y\u0259 imkan ver\u0259n d\u0259yi\u015f\u0259n s\u00fcr\u0259t\u0259 n\u0259zar\u0259t v\u0259 filtr d\u0259yi\u015fdirm\u0259 g\u00f6st\u0259ricisin\u0259 malikdir. T\u0259sirli hava ax\u0131n\u0131 s\u00fcr\u0259ti v\u0259 m\u00f6hk\u0259m dizayn\u0131 il\u0259 TAC 5000 b\u00f6y\u00fck m\u0259kanlarda t\u0259l\u0259b olunan kommersiya havas\u0131n\u0131n t\u0259mizl\u0259nm\u0259si i\u015fl\u0259ri \u00fc\u00e7\u00fcn m\u00fck\u0259mm\u0259l se\u00e7imdir.  &nbsp;  \u018fsas x\u00fcsusiyy\u0259tl\u0259r H\u0259m tikinti sah\u0259l\u0259ri, h\u0259m d\u0259 t\u0259miz otaqlar\u0131n t\u0259miri \u00fc\u00e7\u00fcn ideal olan \u00e7ox y\u00f6nl\u00fc hava t\u0259mizl\u0259yicisi Toz sinfi H, TRGS 519-a uy\u011fun olaraq asbestin azald\u0131lmas\u0131 \u00fc\u00e7\u00fcn icaz\u0259 verilir Vario-shift funksiyas\u0131 ventilyator\/filtr yerl\u0259\u015fdirm\u0259sini t\u0259tbiq t\u0259l\u0259bl\u0259riniz\u0259 uy\u011funla\u015fd\u0131rmaq \u00fc\u00e7\u00fcn Hava h\u0259cminin d\u0259qiq v\u0259 sonsuz t\u0259nziml\u0259nm\u0259si \u00fc\u00e7\u00fcn monoventik hava t\u0259nziml\u0259yicisi Vizual v\u0259 akustik filtr d\u0259yi\u015fikliyi g\u00f6st\u0259ricisi Optimal h\u0259r\u0259k\u0259tlilik \u00fc\u00e7\u00fcn da\u015f\u0131ma sap\u0131 v\u0259 f\u0131rlanan t\u0259k\u0259rl\u0259r Tez \u00fcst kilidin a\u00e7\u0131lmas\u0131 filtr d\u0259yi\u015fiklikl\u0259rini asanla\u015fd\u0131r\u0131r Y\u0131\u011fma yard\u0131m\u0131 v\u0259 z\u0259rb\u0259d\u0259n qorunma Asan filtr d\u0259yi\u015fikliyi Filtrl\u0259m\u0259 sah\u0259si: asbest, kvars, tikinti tozu, un, a\u011fac, mineral lifl\u0259r, kif sporlar\u0131, boya hiss\u0259cikl\u0259ri","og_url":"https:\/\/geoclimate.ge\/az\/product\/trotec-tac-5000-commercial-air-cleaner-professional-air-cleaners\/","og_site_name":"GeoClimate.ge","article_modified_time":"2025-02-22T07:55:42+00:00","og_image":[{"width":1000,"height":1000,"url":"https:\/\/geoclimate.ge\/wp-content\/uploads\/2025\/01\/Trotec-TAC-detail-4.jpg","type":"image\/jpeg"}],"twitter_card":"summary_large_image","schema":{"@context":"https:\/\/schema.org","@graph":[{"@type":"WebPage","@id":"https:\/\/geoclimate.ge\/az\/product\/trotec-tac-5000-commercial-air-cleaner-professional-air-cleaners\/","url":"https:\/\/geoclimate.ge\/az\/product\/trotec-tac-5000-commercial-air-cleaner-professional-air-cleaners\/","name":"Trotec TAC 5000 \u2013 kommersiya hava t\u0259mizl\u0259yicisi Professional hava t\u0259mizl\u0259yicil\u0259ri - GeoClimate.ge","isPartOf":{"@id":"https:\/\/geoclimate.ge\/#website"},"primaryImageOfPage":{"@id":"https:\/\/geoclimate.ge\/az\/product\/trotec-tac-5000-commercial-air-cleaner-professional-air-cleaners\/#primaryimage"},"image":{"@id":"https:\/\/geoclimate.ge\/az\/product\/trotec-tac-5000-commercial-air-cleaner-professional-air-cleaners\/#primaryimage"},"thumbnailUrl":"https:\/\/geoclimate.ge\/wp-content\/uploads\/2025\/01\/Trotec-TAC-detail-4.jpg","datePublished":"2025-01-16T15:57:35+00:00","dateModified":"2025-02-22T07:55:42+00:00","breadcrumb":{"@id":"https:\/\/geoclimate.ge\/az\/product\/trotec-tac-5000-commercial-air-cleaner-professional-air-cleaners\/#breadcrumb"},"inLanguage":"az","potentialAction":[{"@type":"ReadAction","target":["https:\/\/geoclimate.ge\/az\/product\/trotec-tac-5000-commercial-air-cleaner-professional-air-cleaners\/"]}]},{"@type":"ImageObject","inLanguage":"az","@id":"https:\/\/geoclimate.ge\/az\/product\/trotec-tac-5000-commercial-air-cleaner-professional-air-cleaners\/#primaryimage","url":"https:\/\/geoclimate.ge\/wp-content\/uploads\/2025\/01\/Trotec-TAC-detail-4.jpg","contentUrl":"https:\/\/geoclimate.ge\/wp-content\/uploads\/2025\/01\/Trotec-TAC-detail-4.jpg","width":1000,"height":1000},{"@type":"BreadcrumbList","@id":"https:\/\/geoclimate.ge\/az\/product\/trotec-tac-5000-commercial-air-cleaner-professional-air-cleaners\/#breadcrumb","itemListElement":[{"@type":"ListItem","position":1,"name":"Home","item":"https:\/\/geoclimate.ge\/az\/"},{"@type":"ListItem","position":2,"name":"M\u0259hsullar","item":"https:\/\/geoclimate.ge\/az\/products\/"},{"@type":"ListItem","position":3,"name":"Trotec TAC 5000 \u2013 kommersiya hava t\u0259mizl\u0259yicisi Professional hava t\u0259mizl\u0259yicil\u0259ri"}]},{"@type":"WebSite","@id":"https:\/\/geoclimate.ge\/#website","url":"https:\/\/geoclimate.ge\/","name":"GeoClimate","description":"","publisher":{"@id":"https:\/\/geoclimate.ge\/#organization"},"potentialAction":[{"@type":"SearchAction","target":{"@type":"EntryPoint","urlTemplate":"https:\/\/geoclimate.ge\/?s={search_term_string}"},"query-input":{"@type":"PropertyValueSpecification","valueRequired":true,"valueName":"search_term_string"}}],"inLanguage":"az"},{"@type":"Organization","@id":"https:\/\/geoclimate.ge\/#organization","name":"GeoClimate","url":"https:\/\/geoclimate.ge\/","logo":{"@type":"ImageObject","inLanguage":"az","@id":"https:\/\/geoclimate.ge\/#\/schema\/logo\/image\/","url":"https:\/\/geoclimate.ge\/wp-content\/uploads\/2026\/03\/geoclimate-SEO.png","contentUrl":"https:\/\/geoclimate.ge\/wp-content\/uploads\/2026\/03\/geoclimate-SEO.png","width":1536,"height":1024,"caption":"GeoClimate"},"image":{"@id":"https:\/\/geoclimate.ge\/#\/schema\/logo\/image\/"}}]}},"_links":{"self":[{"href":"https:\/\/geoclimate.ge\/az\/wp-json\/wp\/v2\/product\/23211","targetHints":{"allow":["GET"]}}],"collection":[{"href":"https:\/\/geoclimate.ge\/az\/wp-json\/wp\/v2\/product"}],"about":[{"href":"https:\/\/geoclimate.ge\/az\/wp-json\/wp\/v2\/types\/product"}],"wp:featuredmedia":[{"embeddable":true,"href":"https:\/\/geoclimate.ge\/az\/wp-json\/wp\/v2\/media\/21930"}],"wp:attachment":[{"href":"https:\/\/geoclimate.ge\/az\/wp-json\/wp\/v2\/media?parent=23211"}],"wp:term":[{"taxonomy":"product_brand","embeddable":true,"href":"https:\/\/geoclimate.ge\/az\/wp-json\/wp\/v2\/product_brand?post=23211"},{"taxonomy":"product_cat","embeddable":true,"href":"https:\/\/geoclimate.ge\/az\/wp-json\/wp\/v2\/product_cat?post=23211"},{"taxonomy":"product_tag","embeddable":true,"href":"https:\/\/geoclimate.ge\/az\/wp-json\/wp\/v2\/product_tag?post=23211"}],"curies":[{"name":"wp","href":"https:\/\/api.w.org\/{rel}","templated":true}]}}