{"id":23214,"date":"2025-01-14T21:34:36","date_gmt":"2025-01-14T17:34:36","guid":{"rendered":"https:\/\/airsystems.ge\/shop\/product\/wallscanner-bi20\/"},"modified":"2025-02-20T21:26:50","modified_gmt":"2025-02-20T17:26:50","slug":"wallscanner-bi20","status":"publish","type":"product","link":"https:\/\/geoclimate.ge\/az\/product\/wallscanner-bi20\/","title":{"rendered":"Divar skaneri BI20"},"content":{"rendered":"<p>Wallscanner BI20<\/p>\n<p>BI20 divar skaneri h\u0259m pe\u015f\u0259karlar, h\u0259m d\u0259 iddial\u0131 \u201cdo-it-yourselfer\u201d \u00fc\u00e7\u00fcn \u0259v\u0259zolunmazd\u0131r: \u00d6l\u00e7m\u0259 cihaz\u0131 qara v\u0259 \u0259lvan metallardan v\u0259 canl\u0131 kabell\u0259rd\u0259n \u0259lav\u0259, m\u0259s\u0259l\u0259n, gips v\u0259 ya beton alt\u0131nda istifad\u0259 oluna bil\u0259n taxta alt konstruksiyalar\u0131 da etibarl\u0131 \u015f\u0259kild\u0259 yerl\u0259\u015fdirir. Cihaz divar v\u0259 d\u00f6\u015f\u0259m\u0259d\u0259 50 mm d\u0259rinliy\u0259 q\u0259d\u0259r b\u00fct\u00fcn i\u015fl\u0259r \u00fc\u00e7\u00fcn gizli m\u00fcdaxil\u0259 faktorlar\u0131n\u0131 a\u015fkar edir.<\/p>\n<p>Bundan \u0259lav\u0259, BI20 AC x\u0259tl\u0259rinin a\u015fkarlanmas\u0131 bar\u0259d\u0259 siqnal ver\u0259n audiovizual x\u0259b\u0259rdarl\u0131q funksiyas\u0131na malikdir. \u0130stifad\u0259si olduqca asan olan cihaz batareyaya q\u0259na\u0259t ed\u0259n elektrik k\u0259silm\u0259si il\u0259 t\u0259chiz olunub v\u0259 h\u0259m\u00e7inin \u0259la qiym\u0259t-performans nisb\u0259ti il\u0259 inand\u0131r\u0131r.<\/p>\n<p>T\u0259cr\u00fcb\u0259 \u00fc\u00e7\u00fcn \u00fcst\u00fcnl\u00fckl\u0259r:<\/p>\n<p>\u0130nki\u015faf, Dizayn, \u0130stehsalat: 100% Trotec<br \/>\nDivarlarda v\u0259 d\u00f6\u015f\u0259m\u0259l\u0259rd\u0259 canl\u0131 (AC) naqill\u0259rin, taxta v\u0259 ya metal\u0131n asanl\u0131qla a\u015fkarlanmas\u0131<br \/>\n50 mm-\u0259 q\u0259d\u0259r a\u015fkarlama d\u0259rinliyi<br \/>\nAC a\u015fkarlama il\u0259 audiovizual siqnalizasiya<br \/>\nYaln\u0131z bir d\u00fcym\u0259 il\u0259 asan \u0259m\u0259liyyat<br \/>\nBatareya v\u0259ziyy\u0259ti g\u00f6st\u0259ricisi<br \/>\nAvtomatik ba\u011flanma<br \/>\nT\u0259cr\u00fcb\u0259 \u00fc\u00e7\u00fcn optimalla\u015fd\u0131r\u0131lm\u0131\u015f Alman s\u0259naye dizayn\u0131 &#8211; qeydiyyatdan ke\u00e7mi\u015f dizayn<br \/>\nBI15 divar skanerinin texniki m\u0259lumatlar\u0131:<\/p>\n<p>A\u011fac\u0131n maksimum a\u015fkarlama d\u0259rinliyi: 25,4 mm-\u0259 q\u0259d\u0259r<br \/>\nMetal borunun maksimal a\u015fkarlama d\u0259rinliyi (\u2300 20 mm): 38 mm-\u0259 q\u0259d\u0259r<br \/>\nElektrik kabell\u0259rinin maksimum a\u015fkarlama d\u0259rinliyi (90 &#8211; 250 V, 50\/60 Hz): 50 mm-\u0259 q\u0259d\u0259r<br \/>\nA\u015fkar edil\u0259 bil\u0259n materiallar: Qara v\u0259 \u0259lvan metallar, taxta alt tikilil\u0259r, canl\u0131 kabell\u0259r<br \/>\n\u018ftraf m\u00fchit \u015f\u0259raiti: -7 \u00b0 C-d\u0259n 40 \u00b0 C-\u0259 q\u0259d\u0259r<br \/>\n\u00d6l\u00e7\u00fcl\u0259r (Y x G x D): 168 x 75 x 35 mm<br \/>\n\u00c7\u0259ki (qabla\u015fd\u0131rmas\u0131z): 0,21 kq<\/p>\n<h2><a href=\"https:\/\/uk.trotec.com\/fileadmin\/downloads\/Ortung_und_Detektion\/BI20\/TRT-CE-BI20-HS-001-EN.pdf\" target=\"_blank\" rel=\"noopener\">Declaration of conformity for locating device BI20 (INT)<\/a><\/h2>\n<h2><a href=\"https:\/\/uk.trotec.com\/fileadmin\/downloads\/Ortung_und_Detektion\/BI20\/TRT-BA-BI20-TC-004-EN.pdf\" target=\"_blank\" rel=\"noopener\">Operating manual for locating device BI20 (EN)<\/a><\/h2>\n","protected":false},"excerpt":{"rendered":"<p>Wallscanner BI20 BI20 divar skaneri h\u0259m pe\u015f\u0259karlar, h\u0259m d\u0259 iddial\u0131 \u201cdo-it-yourselfer\u201d \u00fc\u00e7\u00fcn \u0259v\u0259zolunmazd\u0131r: \u00d6l\u00e7m\u0259 cihaz\u0131 qara v\u0259 \u0259lvan metallardan v\u0259<\/p>\n","protected":false},"featured_media":21860,"template":"","meta":[],"product_brand":[],"product_cat":[809,841,1166,820],"product_tag":[],"class_list":{"0":"post-23214","1":"product","2":"type-product","3":"status-publish","4":"has-post-thumbnail","6":"product_cat-hava-nmlndiricisi-kondisioner-az-ventilyasiya-ventilyator","7":"product_cat-location-and-detection-az","8":"product_cat-measurement-technology-az","9":"product_cat-olcm-texnologiyasi-cihazlari-altlri-az","11":"first","12":"instock","13":"sale","14":"shipping-taxable","15":"purchasable","16":"product-type-simple"},"yoast_head":"<!-- This site is optimized with the Yoast SEO plugin v27.1.1 - https:\/\/yoast.com\/product\/yoast-seo-wordpress\/ -->\n<title>Divar skaneri BI20 - GeoClimate.ge<\/title>\n<meta name=\"robots\" content=\"index, follow, max-snippet:-1, max-image-preview:large, max-video-preview:-1\" \/>\n<link rel=\"canonical\" href=\"https:\/\/geoclimate.ge\/az\/product\/wallscanner-bi20\/\" \/>\n<meta property=\"og:locale\" content=\"az_AZ\" \/>\n<meta property=\"og:type\" content=\"article\" \/>\n<meta property=\"og:title\" content=\"Divar skaneri BI20 - GeoClimate.ge\" \/>\n<meta property=\"og:description\" content=\"Wallscanner BI20 BI20 divar skaneri h\u0259m pe\u015f\u0259karlar, h\u0259m d\u0259 iddial\u0131 \u201cdo-it-yourselfer\u201d \u00fc\u00e7\u00fcn \u0259v\u0259zolunmazd\u0131r: \u00d6l\u00e7m\u0259 cihaz\u0131 qara v\u0259 \u0259lvan metallardan v\u0259\" \/>\n<meta property=\"og:url\" content=\"https:\/\/geoclimate.ge\/az\/product\/wallscanner-bi20\/\" \/>\n<meta property=\"og:site_name\" content=\"GeoClimate.ge\" \/>\n<meta property=\"article:modified_time\" content=\"2025-02-20T17:26:50+00:00\" \/>\n<meta property=\"og:image\" content=\"https:\/\/geoclimate.ge\/wp-content\/uploads\/2025\/01\/bi20-b25c.jpg\" \/>\n\t<meta property=\"og:image:width\" content=\"600\" \/>\n\t<meta property=\"og:image:height\" content=\"600\" \/>\n\t<meta property=\"og:image:type\" content=\"image\/jpeg\" \/>\n<meta name=\"twitter:card\" content=\"summary_large_image\" \/>\n<meta name=\"twitter:label1\" content=\"Est. reading time\" \/>\n\t<meta name=\"twitter:data1\" content=\"2 minutes\" \/>\n<script type=\"application\/ld+json\" class=\"yoast-schema-graph\">{\"@context\":\"https:\/\/schema.org\",\"@graph\":[{\"@type\":\"WebPage\",\"@id\":\"https:\/\/geoclimate.ge\/az\/product\/wallscanner-bi20\/\",\"url\":\"https:\/\/geoclimate.ge\/az\/product\/wallscanner-bi20\/\",\"name\":\"Divar skaneri BI20 - GeoClimate.ge\",\"isPartOf\":{\"@id\":\"https:\/\/geoclimate.ge\/#website\"},\"primaryImageOfPage\":{\"@id\":\"https:\/\/geoclimate.ge\/az\/product\/wallscanner-bi20\/#primaryimage\"},\"image\":{\"@id\":\"https:\/\/geoclimate.ge\/az\/product\/wallscanner-bi20\/#primaryimage\"},\"thumbnailUrl\":\"https:\/\/geoclimate.ge\/wp-content\/uploads\/2025\/01\/bi20-b25c.jpg\",\"datePublished\":\"2025-01-14T17:34:36+00:00\",\"dateModified\":\"2025-02-20T17:26:50+00:00\",\"breadcrumb\":{\"@id\":\"https:\/\/geoclimate.ge\/az\/product\/wallscanner-bi20\/#breadcrumb\"},\"inLanguage\":\"az\",\"potentialAction\":[{\"@type\":\"ReadAction\",\"target\":[\"https:\/\/geoclimate.ge\/az\/product\/wallscanner-bi20\/\"]}]},{\"@type\":\"ImageObject\",\"inLanguage\":\"az\",\"@id\":\"https:\/\/geoclimate.ge\/az\/product\/wallscanner-bi20\/#primaryimage\",\"url\":\"https:\/\/geoclimate.ge\/wp-content\/uploads\/2025\/01\/bi20-b25c.jpg\",\"contentUrl\":\"https:\/\/geoclimate.ge\/wp-content\/uploads\/2025\/01\/bi20-b25c.jpg\",\"width\":600,\"height\":600},{\"@type\":\"BreadcrumbList\",\"@id\":\"https:\/\/geoclimate.ge\/az\/product\/wallscanner-bi20\/#breadcrumb\",\"itemListElement\":[{\"@type\":\"ListItem\",\"position\":1,\"name\":\"Home\",\"item\":\"https:\/\/geoclimate.ge\/az\/\"},{\"@type\":\"ListItem\",\"position\":2,\"name\":\"M\u0259hsullar\",\"item\":\"https:\/\/geoclimate.ge\/az\/products\/\"},{\"@type\":\"ListItem\",\"position\":3,\"name\":\"Divar skaneri BI20\"}]},{\"@type\":\"WebSite\",\"@id\":\"https:\/\/geoclimate.ge\/#website\",\"url\":\"https:\/\/geoclimate.ge\/\",\"name\":\"GeoClimate\",\"description\":\"\",\"publisher\":{\"@id\":\"https:\/\/geoclimate.ge\/#organization\"},\"potentialAction\":[{\"@type\":\"SearchAction\",\"target\":{\"@type\":\"EntryPoint\",\"urlTemplate\":\"https:\/\/geoclimate.ge\/?s={search_term_string}\"},\"query-input\":{\"@type\":\"PropertyValueSpecification\",\"valueRequired\":true,\"valueName\":\"search_term_string\"}}],\"inLanguage\":\"az\"},{\"@type\":\"Organization\",\"@id\":\"https:\/\/geoclimate.ge\/#organization\",\"name\":\"GeoClimate\",\"url\":\"https:\/\/geoclimate.ge\/\",\"logo\":{\"@type\":\"ImageObject\",\"inLanguage\":\"az\",\"@id\":\"https:\/\/geoclimate.ge\/#\/schema\/logo\/image\/\",\"url\":\"https:\/\/geoclimate.ge\/wp-content\/uploads\/2026\/03\/geoclimate-SEO.png\",\"contentUrl\":\"https:\/\/geoclimate.ge\/wp-content\/uploads\/2026\/03\/geoclimate-SEO.png\",\"width\":1536,\"height\":1024,\"caption\":\"GeoClimate\"},\"image\":{\"@id\":\"https:\/\/geoclimate.ge\/#\/schema\/logo\/image\/\"}}]}<\/script>\n<!-- \/ Yoast SEO plugin. -->","yoast_head_json":{"title":"Divar skaneri BI20 - GeoClimate.ge","robots":{"index":"index","follow":"follow","max-snippet":"max-snippet:-1","max-image-preview":"max-image-preview:large","max-video-preview":"max-video-preview:-1"},"canonical":"https:\/\/geoclimate.ge\/az\/product\/wallscanner-bi20\/","og_locale":"az_AZ","og_type":"article","og_title":"Divar skaneri BI20 - GeoClimate.ge","og_description":"Wallscanner BI20 BI20 divar skaneri h\u0259m pe\u015f\u0259karlar, h\u0259m d\u0259 iddial\u0131 \u201cdo-it-yourselfer\u201d \u00fc\u00e7\u00fcn \u0259v\u0259zolunmazd\u0131r: \u00d6l\u00e7m\u0259 cihaz\u0131 qara v\u0259 \u0259lvan metallardan v\u0259","og_url":"https:\/\/geoclimate.ge\/az\/product\/wallscanner-bi20\/","og_site_name":"GeoClimate.ge","article_modified_time":"2025-02-20T17:26:50+00:00","og_image":[{"width":600,"height":600,"url":"https:\/\/geoclimate.ge\/wp-content\/uploads\/2025\/01\/bi20-b25c.jpg","type":"image\/jpeg"}],"twitter_card":"summary_large_image","twitter_misc":{"Est. reading time":"2 minutes"},"schema":{"@context":"https:\/\/schema.org","@graph":[{"@type":"WebPage","@id":"https:\/\/geoclimate.ge\/az\/product\/wallscanner-bi20\/","url":"https:\/\/geoclimate.ge\/az\/product\/wallscanner-bi20\/","name":"Divar skaneri BI20 - GeoClimate.ge","isPartOf":{"@id":"https:\/\/geoclimate.ge\/#website"},"primaryImageOfPage":{"@id":"https:\/\/geoclimate.ge\/az\/product\/wallscanner-bi20\/#primaryimage"},"image":{"@id":"https:\/\/geoclimate.ge\/az\/product\/wallscanner-bi20\/#primaryimage"},"thumbnailUrl":"https:\/\/geoclimate.ge\/wp-content\/uploads\/2025\/01\/bi20-b25c.jpg","datePublished":"2025-01-14T17:34:36+00:00","dateModified":"2025-02-20T17:26:50+00:00","breadcrumb":{"@id":"https:\/\/geoclimate.ge\/az\/product\/wallscanner-bi20\/#breadcrumb"},"inLanguage":"az","potentialAction":[{"@type":"ReadAction","target":["https:\/\/geoclimate.ge\/az\/product\/wallscanner-bi20\/"]}]},{"@type":"ImageObject","inLanguage":"az","@id":"https:\/\/geoclimate.ge\/az\/product\/wallscanner-bi20\/#primaryimage","url":"https:\/\/geoclimate.ge\/wp-content\/uploads\/2025\/01\/bi20-b25c.jpg","contentUrl":"https:\/\/geoclimate.ge\/wp-content\/uploads\/2025\/01\/bi20-b25c.jpg","width":600,"height":600},{"@type":"BreadcrumbList","@id":"https:\/\/geoclimate.ge\/az\/product\/wallscanner-bi20\/#breadcrumb","itemListElement":[{"@type":"ListItem","position":1,"name":"Home","item":"https:\/\/geoclimate.ge\/az\/"},{"@type":"ListItem","position":2,"name":"M\u0259hsullar","item":"https:\/\/geoclimate.ge\/az\/products\/"},{"@type":"ListItem","position":3,"name":"Divar skaneri BI20"}]},{"@type":"WebSite","@id":"https:\/\/geoclimate.ge\/#website","url":"https:\/\/geoclimate.ge\/","name":"GeoClimate","description":"","publisher":{"@id":"https:\/\/geoclimate.ge\/#organization"},"potentialAction":[{"@type":"SearchAction","target":{"@type":"EntryPoint","urlTemplate":"https:\/\/geoclimate.ge\/?s={search_term_string}"},"query-input":{"@type":"PropertyValueSpecification","valueRequired":true,"valueName":"search_term_string"}}],"inLanguage":"az"},{"@type":"Organization","@id":"https:\/\/geoclimate.ge\/#organization","name":"GeoClimate","url":"https:\/\/geoclimate.ge\/","logo":{"@type":"ImageObject","inLanguage":"az","@id":"https:\/\/geoclimate.ge\/#\/schema\/logo\/image\/","url":"https:\/\/geoclimate.ge\/wp-content\/uploads\/2026\/03\/geoclimate-SEO.png","contentUrl":"https:\/\/geoclimate.ge\/wp-content\/uploads\/2026\/03\/geoclimate-SEO.png","width":1536,"height":1024,"caption":"GeoClimate"},"image":{"@id":"https:\/\/geoclimate.ge\/#\/schema\/logo\/image\/"}}]}},"_links":{"self":[{"href":"https:\/\/geoclimate.ge\/az\/wp-json\/wp\/v2\/product\/23214","targetHints":{"allow":["GET"]}}],"collection":[{"href":"https:\/\/geoclimate.ge\/az\/wp-json\/wp\/v2\/product"}],"about":[{"href":"https:\/\/geoclimate.ge\/az\/wp-json\/wp\/v2\/types\/product"}],"wp:featuredmedia":[{"embeddable":true,"href":"https:\/\/geoclimate.ge\/az\/wp-json\/wp\/v2\/media\/21860"}],"wp:attachment":[{"href":"https:\/\/geoclimate.ge\/az\/wp-json\/wp\/v2\/media?parent=23214"}],"wp:term":[{"taxonomy":"product_brand","embeddable":true,"href":"https:\/\/geoclimate.ge\/az\/wp-json\/wp\/v2\/product_brand?post=23214"},{"taxonomy":"product_cat","embeddable":true,"href":"https:\/\/geoclimate.ge\/az\/wp-json\/wp\/v2\/product_cat?post=23214"},{"taxonomy":"product_tag","embeddable":true,"href":"https:\/\/geoclimate.ge\/az\/wp-json\/wp\/v2\/product_tag?post=23214"}],"curies":[{"name":"wp","href":"https:\/\/api.w.org\/{rel}","templated":true}]}}