{"id":23220,"date":"2024-11-27T17:58:19","date_gmt":"2024-11-27T13:58:19","guid":{"rendered":"https:\/\/airsystems.ge\/shop\/product\/floor-fan-tvm-24-d\/"},"modified":"2025-02-22T12:05:02","modified_gmt":"2025-02-22T08:05:02","slug":"floor-fan-tvm-24-d","status":"publish","type":"product","link":"https:\/\/geoclimate.ge\/az\/product\/floor-fan-tvm-24-d\/","title":{"rendered":"D\u00f6\u015f\u0259m\u0259 ventilyatoru TVM 24 D"},"content":{"rendered":"<p><strong>Bir ne\u00e7\u0259 praktik fayda:<\/strong><br \/>\nG\u00fcc\u00fc 124 vatt<br \/>\n3 s\u00fcr\u0259t s\u0259viyy\u0259si<br \/>\nFan ba\u015f\u0131n\u0131n meyl buca\u011f\u0131 135\u00b0-\u0259 q\u0259d\u0259r t\u0259nziml\u0259nir<br \/>\n\u00d6n v\u0259 arxada qorunmaq \u00fc\u00e7\u00fcn metal tor<br \/>\nFan qanad\u0131n\u0131n diametri 60 sm<br \/>\nDevrilm\u0259yin qar\u015f\u0131s\u0131n\u0131 almaq \u00fc\u00e7\u00fcn etibarl\u0131 dayaq \u00fc\u00e7\u00fcn sabit v\u0259 s\u00fcr\u00fc\u015fm\u0259y\u0259n baza<br \/>\nMis bobinli motor say\u0259sind\u0259 uzun \u00f6m\u00fcr<br \/>\nHamar v\u0259 s\u0259ssiz \u0259m\u0259liyyat<br \/>\n\u0130nteqrasiya edilmi\u015f kabel sar\u011f\u0131s\u0131<br \/>\nRahat da\u015f\u0131ma sap\u0131<br \/>\nUnikal d\u0259y\u0259r-pul nisb\u0259ti<\/p>\n<table id=\"t066e8d42b232a8\" class=\"tech\" cellspacing=\"0\" cellpadding=\"0\">\n<thead>\n<tr class=\"titlerow\">\n<th class=\"color titlerow-dropdown rotate-225deg\" colspan=\"3\">Technical data<\/th>\n<\/tr>\n<\/thead>\n<tbody>\n<tr class=\"headerrow\">\n<th colspan=\"3\">General information<\/th>\n<\/tr>\n<tr class=\"odd\">\n<th width=\"30%\">Article number<\/th>\n<td width=\"40%\">1.510.006.051<\/td>\n<\/tr>\n<tr class=\"headerrow\">\n<th colspan=\"3\">Air flow rate<\/th>\n<\/tr>\n<tr class=\"odd\">\n<th width=\"30%\">Level Max.<\/th>\n<td width=\"40%\">9,178.2<\/td>\n<\/tr>\n<tr class=\"headerrow\">\n<th colspan=\"3\">Fan<\/th>\n<\/tr>\n<tr class=\"odd\">\n<th width=\"30%\">stages<\/th>\n<td width=\"40%\">3<\/td>\n<\/tr>\n<tr class=\"even\">\n<th width=\"30%\">blade diameter [&#8220;]<\/th>\n<td width=\"40%\">24<\/td>\n<\/tr>\n<tr class=\"odd\">\n<th width=\"30%\">blade diameter [cm]<\/th>\n<td width=\"40%\">60<\/td>\n<\/tr>\n<tr class=\"even\">\n<th width=\"30%\">Number of fan blades<\/th>\n<td width=\"40%\">3<\/td>\n<\/tr>\n<tr class=\"odd\">\n<th width=\"30%\">Level high [rpm]<\/th>\n<td width=\"40%\">1,200<\/td>\n<\/tr>\n<tr class=\"even\">\n<th width=\"30%\">Level medium [rpm]<\/th>\n<td width=\"40%\">1,050<\/td>\n<\/tr>\n<tr class=\"odd\">\n<th width=\"30%\">Level low [rpm]<\/th>\n<td width=\"40%\">900<\/td>\n<\/tr>\n<tr class=\"even\">\n<th width=\"30%\">Foot diameter\u00a0[mm]<\/th>\n<td width=\"40%\">23<\/td>\n<\/tr>\n<tr class=\"odd\">\n<th width=\"30%\">cowl diameter\u00a0[mm]<\/th>\n<td width=\"40%\">672<\/td>\n<\/tr>\n<tr class=\"even\">\n<th width=\"30%\">Motor<\/th>\n<td width=\"40%\">115&#215;28 mm<\/td>\n<\/tr>\n<tr class=\"headerrow\">\n<th colspan=\"3\">Electrical values<\/th>\n<\/tr>\n<tr class=\"odd\">\n<th width=\"30%\">Mains connection<\/th>\n<td width=\"40%\">220 &#8211; 240 V, 50 Hz<\/td>\n<\/tr>\n<tr class=\"even\">\n<th width=\"30%\">Power input [W]<\/th>\n<td width=\"40%\">124<\/td>\n<\/tr>\n<tr class=\"headerrow\">\n<th colspan=\"3\">Electric connection<\/th>\n<\/tr>\n<tr class=\"odd\">\n<th width=\"30%\">Connection plug<\/th>\n<td width=\"40%\">CEE 7\/7<\/td>\n<\/tr>\n<tr class=\"even\">\n<th width=\"30%\">Cable length [m]<\/th>\n<td width=\"40%\">1.5<\/td>\n<\/tr>\n<tr class=\"odd\">\n<th width=\"30%\">Protection class<\/th>\n<td width=\"40%\">I<\/td>\n<\/tr>\n<tr class=\"headerrow\">\n<th colspan=\"3\">Sound values<\/th>\n<\/tr>\n<tr class=\"odd\">\n<th width=\"30%\">Level Max. &#8211; Distance 1 m [dB(A)]<\/th>\n<td width=\"40%\">72.4<\/td>\n<\/tr>\n<tr class=\"headerrow\">\n<th colspan=\"3\">Functions and features<\/th>\n<\/tr>\n<tr class=\"odd\">\n<th width=\"30%\">Auto restart function<\/th>\n<td width=\"40%\"><\/td>\n<\/tr>\n<tr class=\"even\">\n<th width=\"30%\">Adjustable inclination angle [\u00b0]<\/th>\n<td width=\"40%\">135<\/td>\n<\/tr>\n<tr class=\"headerrow\">\n<th colspan=\"3\">Mobility<\/th>\n<\/tr>\n<tr class=\"odd\">\n<th width=\"30%\">Foot<\/th>\n<td width=\"40%\"><\/td>\n<\/tr>\n<tr class=\"even\">\n<th width=\"30%\">Carry\/transport handle(s)<\/th>\n<td width=\"40%\"><\/td>\n<\/tr>\n<tr class=\"odd\">\n<th width=\"30%\">Cable winder<\/th>\n<td width=\"40%\"><\/td>\n<\/tr>\n<tr class=\"headerrow\">\n<th colspan=\"3\">Housing design<\/th>\n<\/tr>\n<tr class=\"odd\">\n<th width=\"30%\">Metal<\/th>\n<td width=\"40%\"><\/td>\n<\/tr>\n<tr class=\"headerrow\">\n<th colspan=\"3\">Dimensions<\/th>\n<\/tr>\n<tr class=\"odd\">\n<th width=\"30%\">Length (packaging excluded) [mm]<\/th>\n<td width=\"40%\">200<\/td>\n<\/tr>\n<tr class=\"even\">\n<th width=\"30%\">Width (packaging excluded) [mm]<\/th>\n<td width=\"40%\">720<\/td>\n<\/tr>\n<tr class=\"odd\">\n<th width=\"30%\">Height (packaging excluded) [mm]<\/th>\n<td width=\"40%\">685<\/td>\n<\/tr>\n<tr class=\"headerrow\">\n<th colspan=\"3\">Weight<\/th>\n<\/tr>\n<tr class=\"odd\">\n<th width=\"30%\">(packaging excluded) [kg]<\/th>\n<td width=\"40%\">9.34<\/td>\n<\/tr>\n<\/tbody>\n<\/table>\n","protected":false},"excerpt":{"rendered":"<div id=\"c1999126\" class=\"csc-default ctype-text\">\n<div class=\"csc-header csc-header-n1\">\n<p><strong>Q\u0131z\u011f\u0131n \u00e7a\u011f\u0131r\u0131\u015flara m\u00fck\u0259mm\u0259l cavab<\/strong><\/p>\n<p>Bu d\u00f6\u015f\u0259m\u0259 ventilyatorunun \u00f6z\u00fcn\u0259m\u0259xsus cazib\u0259si h\u0259tta bo\u015f v\u0259ziyy\u0259td\u0259 olsa da, xo\u015f atmosfer yarad\u0131r &#8211; v\u0259 r\u0259van i\u015fl\u0259diyi kimi TVM\u00a024\u00a0D tez soyutman\u0131 t\u0259min ed\u0259n t\u0259rav\u0259tl\u0259ndirici meh yarad\u0131r. Xarakterik dizayn\u0131 say\u0259sind\u0259 bu k\u00f6hn\u0259lm\u0259y\u0259n orijinala baraban ventilyatoru da deyilir v\u0259 k\u00fcl\u0259kl\u0259 soyutma il\u0259 yana\u015f\u0131, havaland\u0131rma, k\u00fcl\u0259k istehsal\u0131 v\u0259 qurutma da daxil olmaqla bir s\u0131ra t\u0259tbiql\u0259r \u00fc\u00e7\u00fcn ideal \u015f\u0259kild\u0259 istifad\u0259 edil\u0259 bil\u0259r.<\/p>\n<p>124 vatt g\u00fcc\u00fcnd\u0259 olan TVM\u00a024\u00a0D d\u00f6\u015f\u0259m\u0259 ventilyatoru h\u0259tta y\u00fcks\u0259l\u0259n temperaturlarda bel\u0259 kifay\u0259t q\u0259d\u0259r soyutma t\u0259min etm\u0259k \u00fc\u00e7\u00fcn kifay\u0259t q\u0259d\u0259r g\u00fcc ehtiyat\u0131na malikdir. Ya\u015fay\u0131\u015f v\u0259 ofis m\u0259kanlar\u0131nda y\u0131\u011f\u0131lan q\u0131zmar isti hava bel\u0259, 24 d\u00fcym (t\u0259xmin\u0259n 60 sm) b\u0131\u00e7aq diametri il\u0259 yarad\u0131lm\u0131\u015f y\u00fcks\u0259k hava ax\u0131n\u0131 s\u00fcr\u0259ti il\u0259 sad\u0259c\u0259 u\u00e7urulur.<\/p>\n<\/div>\n<\/div>\n","protected":false},"featured_media":21684,"template":"","meta":[],"product_brand":[],"product_cat":[817,829],"product_tag":[],"class_list":{"0":"post-23220","1":"product","2":"type-product","3":"status-publish","4":"has-post-thumbnail","6":"product_cat-trotec-az","7":"product_cat-ventilation-trotec-az","9":"first","10":"instock","11":"shipping-taxable","12":"purchasable","13":"product-type-simple"},"yoast_head":"<!-- This site is optimized with the Yoast SEO plugin v27.1.1 - https:\/\/yoast.com\/product\/yoast-seo-wordpress\/ -->\n<title>D\u00f6\u015f\u0259m\u0259 ventilyatoru TVM 24 D - GeoClimate.ge<\/title>\n<meta name=\"robots\" content=\"index, follow, max-snippet:-1, max-image-preview:large, max-video-preview:-1\" \/>\n<link rel=\"canonical\" href=\"https:\/\/geoclimate.ge\/az\/product\/floor-fan-tvm-24-d\/\" \/>\n<meta property=\"og:locale\" content=\"az_AZ\" \/>\n<meta property=\"og:type\" content=\"article\" \/>\n<meta property=\"og:title\" content=\"D\u00f6\u015f\u0259m\u0259 ventilyatoru TVM 24 D - GeoClimate.ge\" \/>\n<meta property=\"og:description\" content=\"Q\u0131z\u011f\u0131n \u00e7a\u011f\u0131r\u0131\u015flara m\u00fck\u0259mm\u0259l cavab  Bu d\u00f6\u015f\u0259m\u0259 ventilyatorunun \u00f6z\u00fcn\u0259m\u0259xsus cazib\u0259si h\u0259tta bo\u015f v\u0259ziyy\u0259td\u0259 olsa da, xo\u015f atmosfer yarad\u0131r - v\u0259 r\u0259van i\u015fl\u0259diyi kimi TVM\u00a024\u00a0D tez soyutman\u0131 t\u0259min ed\u0259n t\u0259rav\u0259tl\u0259ndirici meh yarad\u0131r. Xarakterik dizayn\u0131 say\u0259sind\u0259 bu k\u00f6hn\u0259lm\u0259y\u0259n orijinala baraban ventilyatoru da deyilir v\u0259 k\u00fcl\u0259kl\u0259 soyutma il\u0259 yana\u015f\u0131, havaland\u0131rma, k\u00fcl\u0259k istehsal\u0131 v\u0259 qurutma da daxil olmaqla bir s\u0131ra t\u0259tbiql\u0259r \u00fc\u00e7\u00fcn ideal \u015f\u0259kild\u0259 istifad\u0259 edil\u0259 bil\u0259r.  124 vatt g\u00fcc\u00fcnd\u0259 olan TVM\u00a024\u00a0D d\u00f6\u015f\u0259m\u0259 ventilyatoru h\u0259tta y\u00fcks\u0259l\u0259n temperaturlarda bel\u0259 kifay\u0259t q\u0259d\u0259r soyutma t\u0259min etm\u0259k \u00fc\u00e7\u00fcn kifay\u0259t q\u0259d\u0259r g\u00fcc ehtiyat\u0131na malikdir. Ya\u015fay\u0131\u015f v\u0259 ofis m\u0259kanlar\u0131nda y\u0131\u011f\u0131lan q\u0131zmar isti hava bel\u0259, 24 d\u00fcym (t\u0259xmin\u0259n 60 sm) b\u0131\u00e7aq diametri il\u0259 yarad\u0131lm\u0131\u015f y\u00fcks\u0259k hava ax\u0131n\u0131 s\u00fcr\u0259ti il\u0259 sad\u0259c\u0259 u\u00e7urulur.\" \/>\n<meta property=\"og:url\" content=\"https:\/\/geoclimate.ge\/az\/product\/floor-fan-tvm-24-d\/\" \/>\n<meta property=\"og:site_name\" content=\"GeoClimate.ge\" \/>\n<meta property=\"article:modified_time\" content=\"2025-02-22T08:05:02+00:00\" \/>\n<meta property=\"og:image\" content=\"https:\/\/geoclimate.ge\/wp-content\/uploads\/2024\/11\/bodenventilator-tvm-24-d-f34c.jpg\" \/>\n\t<meta property=\"og:image:width\" content=\"600\" \/>\n\t<meta property=\"og:image:height\" content=\"600\" \/>\n\t<meta property=\"og:image:type\" content=\"image\/jpeg\" \/>\n<meta name=\"twitter:card\" content=\"summary_large_image\" \/>\n<meta name=\"twitter:label1\" content=\"Est. reading time\" \/>\n\t<meta name=\"twitter:data1\" content=\"1 minute\" \/>\n<script type=\"application\/ld+json\" class=\"yoast-schema-graph\">{\"@context\":\"https:\/\/schema.org\",\"@graph\":[{\"@type\":\"WebPage\",\"@id\":\"https:\/\/geoclimate.ge\/az\/product\/floor-fan-tvm-24-d\/\",\"url\":\"https:\/\/geoclimate.ge\/az\/product\/floor-fan-tvm-24-d\/\",\"name\":\"D\u00f6\u015f\u0259m\u0259 ventilyatoru TVM 24 D - GeoClimate.ge\",\"isPartOf\":{\"@id\":\"https:\/\/geoclimate.ge\/#website\"},\"primaryImageOfPage\":{\"@id\":\"https:\/\/geoclimate.ge\/az\/product\/floor-fan-tvm-24-d\/#primaryimage\"},\"image\":{\"@id\":\"https:\/\/geoclimate.ge\/az\/product\/floor-fan-tvm-24-d\/#primaryimage\"},\"thumbnailUrl\":\"https:\/\/geoclimate.ge\/wp-content\/uploads\/2024\/11\/bodenventilator-tvm-24-d-f34c.jpg\",\"datePublished\":\"2024-11-27T13:58:19+00:00\",\"dateModified\":\"2025-02-22T08:05:02+00:00\",\"breadcrumb\":{\"@id\":\"https:\/\/geoclimate.ge\/az\/product\/floor-fan-tvm-24-d\/#breadcrumb\"},\"inLanguage\":\"az\",\"potentialAction\":[{\"@type\":\"ReadAction\",\"target\":[\"https:\/\/geoclimate.ge\/az\/product\/floor-fan-tvm-24-d\/\"]}]},{\"@type\":\"ImageObject\",\"inLanguage\":\"az\",\"@id\":\"https:\/\/geoclimate.ge\/az\/product\/floor-fan-tvm-24-d\/#primaryimage\",\"url\":\"https:\/\/geoclimate.ge\/wp-content\/uploads\/2024\/11\/bodenventilator-tvm-24-d-f34c.jpg\",\"contentUrl\":\"https:\/\/geoclimate.ge\/wp-content\/uploads\/2024\/11\/bodenventilator-tvm-24-d-f34c.jpg\",\"width\":600,\"height\":600},{\"@type\":\"BreadcrumbList\",\"@id\":\"https:\/\/geoclimate.ge\/az\/product\/floor-fan-tvm-24-d\/#breadcrumb\",\"itemListElement\":[{\"@type\":\"ListItem\",\"position\":1,\"name\":\"Home\",\"item\":\"https:\/\/geoclimate.ge\/az\/\"},{\"@type\":\"ListItem\",\"position\":2,\"name\":\"M\u0259hsullar\",\"item\":\"https:\/\/geoclimate.ge\/az\/products\/\"},{\"@type\":\"ListItem\",\"position\":3,\"name\":\"D\u00f6\u015f\u0259m\u0259 ventilyatoru TVM 24 D\"}]},{\"@type\":\"WebSite\",\"@id\":\"https:\/\/geoclimate.ge\/#website\",\"url\":\"https:\/\/geoclimate.ge\/\",\"name\":\"GeoClimate\",\"description\":\"\",\"publisher\":{\"@id\":\"https:\/\/geoclimate.ge\/#organization\"},\"potentialAction\":[{\"@type\":\"SearchAction\",\"target\":{\"@type\":\"EntryPoint\",\"urlTemplate\":\"https:\/\/geoclimate.ge\/?s={search_term_string}\"},\"query-input\":{\"@type\":\"PropertyValueSpecification\",\"valueRequired\":true,\"valueName\":\"search_term_string\"}}],\"inLanguage\":\"az\"},{\"@type\":\"Organization\",\"@id\":\"https:\/\/geoclimate.ge\/#organization\",\"name\":\"GeoClimate\",\"url\":\"https:\/\/geoclimate.ge\/\",\"logo\":{\"@type\":\"ImageObject\",\"inLanguage\":\"az\",\"@id\":\"https:\/\/geoclimate.ge\/#\/schema\/logo\/image\/\",\"url\":\"https:\/\/geoclimate.ge\/wp-content\/uploads\/2026\/03\/geoclimate-SEO.png\",\"contentUrl\":\"https:\/\/geoclimate.ge\/wp-content\/uploads\/2026\/03\/geoclimate-SEO.png\",\"width\":1536,\"height\":1024,\"caption\":\"GeoClimate\"},\"image\":{\"@id\":\"https:\/\/geoclimate.ge\/#\/schema\/logo\/image\/\"}}]}<\/script>\n<!-- \/ Yoast SEO plugin. -->","yoast_head_json":{"title":"D\u00f6\u015f\u0259m\u0259 ventilyatoru TVM 24 D - GeoClimate.ge","robots":{"index":"index","follow":"follow","max-snippet":"max-snippet:-1","max-image-preview":"max-image-preview:large","max-video-preview":"max-video-preview:-1"},"canonical":"https:\/\/geoclimate.ge\/az\/product\/floor-fan-tvm-24-d\/","og_locale":"az_AZ","og_type":"article","og_title":"D\u00f6\u015f\u0259m\u0259 ventilyatoru TVM 24 D - GeoClimate.ge","og_description":"Q\u0131z\u011f\u0131n \u00e7a\u011f\u0131r\u0131\u015flara m\u00fck\u0259mm\u0259l cavab  Bu d\u00f6\u015f\u0259m\u0259 ventilyatorunun \u00f6z\u00fcn\u0259m\u0259xsus cazib\u0259si h\u0259tta bo\u015f v\u0259ziyy\u0259td\u0259 olsa da, xo\u015f atmosfer yarad\u0131r - v\u0259 r\u0259van i\u015fl\u0259diyi kimi TVM\u00a024\u00a0D tez soyutman\u0131 t\u0259min ed\u0259n t\u0259rav\u0259tl\u0259ndirici meh yarad\u0131r. Xarakterik dizayn\u0131 say\u0259sind\u0259 bu k\u00f6hn\u0259lm\u0259y\u0259n orijinala baraban ventilyatoru da deyilir v\u0259 k\u00fcl\u0259kl\u0259 soyutma il\u0259 yana\u015f\u0131, havaland\u0131rma, k\u00fcl\u0259k istehsal\u0131 v\u0259 qurutma da daxil olmaqla bir s\u0131ra t\u0259tbiql\u0259r \u00fc\u00e7\u00fcn ideal \u015f\u0259kild\u0259 istifad\u0259 edil\u0259 bil\u0259r.  124 vatt g\u00fcc\u00fcnd\u0259 olan TVM\u00a024\u00a0D d\u00f6\u015f\u0259m\u0259 ventilyatoru h\u0259tta y\u00fcks\u0259l\u0259n temperaturlarda bel\u0259 kifay\u0259t q\u0259d\u0259r soyutma t\u0259min etm\u0259k \u00fc\u00e7\u00fcn kifay\u0259t q\u0259d\u0259r g\u00fcc ehtiyat\u0131na malikdir. Ya\u015fay\u0131\u015f v\u0259 ofis m\u0259kanlar\u0131nda y\u0131\u011f\u0131lan q\u0131zmar isti hava bel\u0259, 24 d\u00fcym (t\u0259xmin\u0259n 60 sm) b\u0131\u00e7aq diametri il\u0259 yarad\u0131lm\u0131\u015f y\u00fcks\u0259k hava ax\u0131n\u0131 s\u00fcr\u0259ti il\u0259 sad\u0259c\u0259 u\u00e7urulur.","og_url":"https:\/\/geoclimate.ge\/az\/product\/floor-fan-tvm-24-d\/","og_site_name":"GeoClimate.ge","article_modified_time":"2025-02-22T08:05:02+00:00","og_image":[{"width":600,"height":600,"url":"https:\/\/geoclimate.ge\/wp-content\/uploads\/2024\/11\/bodenventilator-tvm-24-d-f34c.jpg","type":"image\/jpeg"}],"twitter_card":"summary_large_image","twitter_misc":{"Est. reading time":"1 minute"},"schema":{"@context":"https:\/\/schema.org","@graph":[{"@type":"WebPage","@id":"https:\/\/geoclimate.ge\/az\/product\/floor-fan-tvm-24-d\/","url":"https:\/\/geoclimate.ge\/az\/product\/floor-fan-tvm-24-d\/","name":"D\u00f6\u015f\u0259m\u0259 ventilyatoru TVM 24 D - GeoClimate.ge","isPartOf":{"@id":"https:\/\/geoclimate.ge\/#website"},"primaryImageOfPage":{"@id":"https:\/\/geoclimate.ge\/az\/product\/floor-fan-tvm-24-d\/#primaryimage"},"image":{"@id":"https:\/\/geoclimate.ge\/az\/product\/floor-fan-tvm-24-d\/#primaryimage"},"thumbnailUrl":"https:\/\/geoclimate.ge\/wp-content\/uploads\/2024\/11\/bodenventilator-tvm-24-d-f34c.jpg","datePublished":"2024-11-27T13:58:19+00:00","dateModified":"2025-02-22T08:05:02+00:00","breadcrumb":{"@id":"https:\/\/geoclimate.ge\/az\/product\/floor-fan-tvm-24-d\/#breadcrumb"},"inLanguage":"az","potentialAction":[{"@type":"ReadAction","target":["https:\/\/geoclimate.ge\/az\/product\/floor-fan-tvm-24-d\/"]}]},{"@type":"ImageObject","inLanguage":"az","@id":"https:\/\/geoclimate.ge\/az\/product\/floor-fan-tvm-24-d\/#primaryimage","url":"https:\/\/geoclimate.ge\/wp-content\/uploads\/2024\/11\/bodenventilator-tvm-24-d-f34c.jpg","contentUrl":"https:\/\/geoclimate.ge\/wp-content\/uploads\/2024\/11\/bodenventilator-tvm-24-d-f34c.jpg","width":600,"height":600},{"@type":"BreadcrumbList","@id":"https:\/\/geoclimate.ge\/az\/product\/floor-fan-tvm-24-d\/#breadcrumb","itemListElement":[{"@type":"ListItem","position":1,"name":"Home","item":"https:\/\/geoclimate.ge\/az\/"},{"@type":"ListItem","position":2,"name":"M\u0259hsullar","item":"https:\/\/geoclimate.ge\/az\/products\/"},{"@type":"ListItem","position":3,"name":"D\u00f6\u015f\u0259m\u0259 ventilyatoru TVM 24 D"}]},{"@type":"WebSite","@id":"https:\/\/geoclimate.ge\/#website","url":"https:\/\/geoclimate.ge\/","name":"GeoClimate","description":"","publisher":{"@id":"https:\/\/geoclimate.ge\/#organization"},"potentialAction":[{"@type":"SearchAction","target":{"@type":"EntryPoint","urlTemplate":"https:\/\/geoclimate.ge\/?s={search_term_string}"},"query-input":{"@type":"PropertyValueSpecification","valueRequired":true,"valueName":"search_term_string"}}],"inLanguage":"az"},{"@type":"Organization","@id":"https:\/\/geoclimate.ge\/#organization","name":"GeoClimate","url":"https:\/\/geoclimate.ge\/","logo":{"@type":"ImageObject","inLanguage":"az","@id":"https:\/\/geoclimate.ge\/#\/schema\/logo\/image\/","url":"https:\/\/geoclimate.ge\/wp-content\/uploads\/2026\/03\/geoclimate-SEO.png","contentUrl":"https:\/\/geoclimate.ge\/wp-content\/uploads\/2026\/03\/geoclimate-SEO.png","width":1536,"height":1024,"caption":"GeoClimate"},"image":{"@id":"https:\/\/geoclimate.ge\/#\/schema\/logo\/image\/"}}]}},"_links":{"self":[{"href":"https:\/\/geoclimate.ge\/az\/wp-json\/wp\/v2\/product\/23220","targetHints":{"allow":["GET"]}}],"collection":[{"href":"https:\/\/geoclimate.ge\/az\/wp-json\/wp\/v2\/product"}],"about":[{"href":"https:\/\/geoclimate.ge\/az\/wp-json\/wp\/v2\/types\/product"}],"wp:featuredmedia":[{"embeddable":true,"href":"https:\/\/geoclimate.ge\/az\/wp-json\/wp\/v2\/media\/21684"}],"wp:attachment":[{"href":"https:\/\/geoclimate.ge\/az\/wp-json\/wp\/v2\/media?parent=23220"}],"wp:term":[{"taxonomy":"product_brand","embeddable":true,"href":"https:\/\/geoclimate.ge\/az\/wp-json\/wp\/v2\/product_brand?post=23220"},{"taxonomy":"product_cat","embeddable":true,"href":"https:\/\/geoclimate.ge\/az\/wp-json\/wp\/v2\/product_cat?post=23220"},{"taxonomy":"product_tag","embeddable":true,"href":"https:\/\/geoclimate.ge\/az\/wp-json\/wp\/v2\/product_tag?post=23220"}],"curies":[{"name":"wp","href":"https:\/\/api.w.org\/{rel}","templated":true}]}}