{"id":23222,"date":"2024-11-27T17:36:11","date_gmt":"2024-11-27T13:36:11","guid":{"rendered":"https:\/\/airsystems.ge\/shop\/product\/15832\/"},"modified":"2025-02-22T12:03:15","modified_gmt":"2025-02-22T08:03:15","slug":"15832","status":"publish","type":"product","link":"https:\/\/geoclimate.ge\/az\/product\/15832\/","title":{"rendered":"D\u00f6\u015f\u0259m\u0259 ventilyatoru TVM 24 D"},"content":{"rendered":"<p><strong>Bir ne\u00e7\u0259 praktik fayda:<\/strong><br \/>\nG\u00fcc\u00fc 120 vatt<br \/>\n3 s\u00fcr\u0259t s\u0259viyy\u0259si<br \/>\nFan ba\u015f\u0131n\u0131n meyl buca\u011f\u0131 360\u00b0-\u0259 q\u0259d\u0259r t\u0259nziml\u0259nir<br \/>\n\u00d6n v\u0259 arxa m\u00fchafiz\u0259 \u00fc\u00e7\u00fcn metal tor<br \/>\nFan qanad\u0131n\u0131n diametri 50 sm<br \/>\nDevrilm\u0259yin qar\u015f\u0131s\u0131n\u0131 almaq \u00fc\u00e7\u00fcn etibarl\u0131 dayaq \u00fc\u00e7\u00fcn sabit v\u0259 s\u00fcr\u00fc\u015fm\u0259y\u0259n baza<br \/>\nMis bobinli motor say\u0259sind\u0259 uzun \u00f6m\u00fcr<br \/>\nHamar v\u0259 s\u0259ssiz \u0259m\u0259liyyat<br \/>\nRahat da\u015f\u0131ma sap\u0131<br \/>\nUnikal d\u0259y\u0259r-pul nisb\u0259ti<\/p>\n<table id=\"t067471e17084cd\" class=\"tech\" cellspacing=\"0\" cellpadding=\"0\">\n<thead>\n<tr class=\"titlerow\">\n<th class=\"color\" colspan=\"3\">Technical data<\/th>\n<\/tr>\n<\/thead>\n<tbody>\n<tr class=\"headerrow\">\n<th colspan=\"3\">General information<\/th>\n<\/tr>\n<tr class=\"odd\">\n<th width=\"30%\"><\/th>\n<th width=\"30%\">Article number<\/th>\n<td width=\"40%\">1.510.006.041<\/td>\n<\/tr>\n<tr class=\"headerrow\">\n<th colspan=\"3\">Air flow rate<\/th>\n<\/tr>\n<tr class=\"odd\">\n<th width=\"30%\"><\/th>\n<th width=\"30%\">Level Max.<\/th>\n<td width=\"40%\">6,562<\/td>\n<\/tr>\n<tr class=\"headerrow\">\n<th colspan=\"3\">Fan<\/th>\n<\/tr>\n<tr class=\"odd\">\n<th width=\"30%\"><\/th>\n<th width=\"30%\">stages<\/th>\n<td width=\"40%\">3<\/td>\n<\/tr>\n<tr class=\"even\">\n<th width=\"30%\"><\/th>\n<th width=\"30%\">blade diameter [&#8220;]<\/th>\n<td width=\"40%\">20<\/td>\n<\/tr>\n<tr class=\"odd\">\n<th width=\"30%\"><\/th>\n<th width=\"30%\">blade diameter [cm]<\/th>\n<td width=\"40%\">50<\/td>\n<\/tr>\n<tr class=\"even\">\n<th width=\"30%\"><\/th>\n<th width=\"30%\">Number of fan blades<\/th>\n<td width=\"40%\">3<\/td>\n<\/tr>\n<tr class=\"odd\">\n<th width=\"30%\"><\/th>\n<th width=\"30%\">Level high [rpm]<\/th>\n<td width=\"40%\">1,200<\/td>\n<\/tr>\n<tr class=\"even\">\n<th width=\"30%\"><\/th>\n<th width=\"30%\">Level medium [rpm]<\/th>\n<td width=\"40%\">1,050<\/td>\n<\/tr>\n<tr class=\"odd\">\n<th width=\"30%\"><\/th>\n<th width=\"30%\">Level low [rpm]<\/th>\n<td width=\"40%\">900<\/td>\n<\/tr>\n<tr class=\"even\">\n<th width=\"30%\"><\/th>\n<th width=\"30%\">Foot diameter\u00a0[mm]<\/th>\n<td width=\"40%\">22<\/td>\n<\/tr>\n<tr class=\"odd\">\n<th width=\"30%\"><\/th>\n<th width=\"30%\">cowl diameter\u00a0[mm]<\/th>\n<td width=\"40%\">530<\/td>\n<\/tr>\n<tr class=\"even\">\n<th width=\"30%\"><\/th>\n<th width=\"30%\">Motor<\/th>\n<td width=\"40%\">115&#215;18\u00a0mm<\/td>\n<\/tr>\n<tr class=\"headerrow\">\n<th colspan=\"3\">Electrical values<\/th>\n<\/tr>\n<tr class=\"odd\">\n<th width=\"30%\"><\/th>\n<th width=\"30%\">Mains connection<\/th>\n<td width=\"40%\">220 &#8211; 240\u00a0V, 50 Hz<\/td>\n<\/tr>\n<tr class=\"even\">\n<th width=\"30%\"><\/th>\n<th width=\"30%\">Power input [W]<\/th>\n<td width=\"40%\">120<\/td>\n<\/tr>\n<tr class=\"headerrow\">\n<th colspan=\"3\">Electric connection<\/th>\n<\/tr>\n<tr class=\"odd\">\n<th width=\"30%\"><\/th>\n<th width=\"30%\">Connection plug<\/th>\n<td width=\"40%\">CEE 7\/7<\/td>\n<\/tr>\n<tr class=\"even\">\n<th width=\"30%\"><\/th>\n<th width=\"30%\">Cable length [m]<\/th>\n<td width=\"40%\">1.5<\/td>\n<\/tr>\n<tr class=\"odd\">\n<th width=\"30%\"><\/th>\n<th width=\"30%\">Protection class<\/th>\n<td width=\"40%\">IP 20<\/td>\n<\/tr>\n<tr class=\"even\">\n<th width=\"30%\"><\/th>\n<th width=\"30%\">IP20<\/th>\n<td width=\"40%\"><\/td>\n<\/tr>\n<tr class=\"headerrow\">\n<th colspan=\"3\">Sound values<\/th>\n<\/tr>\n<tr class=\"odd\">\n<th width=\"30%\"><\/th>\n<th width=\"30%\">Level Max. &#8211; Distance 1\u00a0m [dB(A)]<\/th>\n<td width=\"40%\">65<\/td>\n<\/tr>\n<tr class=\"headerrow\">\n<th colspan=\"3\">Functions and features<\/th>\n<\/tr>\n<tr class=\"odd\">\n<th width=\"30%\"><\/th>\n<th width=\"30%\">Auto restart function<\/th>\n<td width=\"40%\"><\/td>\n<\/tr>\n<tr class=\"even\">\n<th width=\"30%\"><\/th>\n<th width=\"30%\">Adjustable inclination angle [\u00b0]<\/th>\n<td width=\"40%\">360<\/td>\n<\/tr>\n<tr class=\"headerrow\">\n<th colspan=\"3\">Mobility<\/th>\n<\/tr>\n<tr class=\"odd\">\n<th width=\"30%\"><\/th>\n<th width=\"30%\">Foot<\/th>\n<td width=\"40%\"><\/td>\n<\/tr>\n<tr class=\"even\">\n<th width=\"30%\"><\/th>\n<th width=\"30%\">Carry\/transport handle(s)<\/th>\n<td width=\"40%\"><\/td>\n<\/tr>\n<tr class=\"headerrow\">\n<th colspan=\"3\">Housing design<\/th>\n<\/tr>\n<tr class=\"odd\">\n<th width=\"30%\"><\/th>\n<th width=\"30%\">Metal<\/th>\n<td width=\"40%\"><\/td>\n<\/tr>\n<tr class=\"headerrow\">\n<th colspan=\"3\">Dimensions<\/th>\n<\/tr>\n<tr class=\"odd\">\n<th width=\"30%\"><\/th>\n<th width=\"30%\">Length (packaging excluded) [mm]<\/th>\n<td width=\"40%\">205<\/td>\n<\/tr>\n<tr class=\"even\">\n<th width=\"30%\"><\/th>\n<th width=\"30%\">Width (packaging excluded) [mm]<\/th>\n<td width=\"40%\">585<\/td>\n<\/tr>\n<tr class=\"odd\">\n<th width=\"30%\"><\/th>\n<th width=\"30%\">Height (packaging excluded) [mm]<\/th>\n<td width=\"40%\">575<\/td>\n<\/tr>\n<tr class=\"headerrow\">\n<th colspan=\"3\">Weight<\/th>\n<\/tr>\n<tr class=\"odd\">\n<th width=\"30%\"><\/th>\n<th width=\"30%\">(packaging excluded) [kg]<\/th>\n<td width=\"40%\">5<\/td>\n<\/tr>\n<\/tbody>\n<\/table>\n","protected":false},"excerpt":{"rendered":"<div class=\"csc-header csc-header-n1\">\n<div class=\"csc-header csc-header-n1\">\n<p><strong>D\u00f6\u015f\u0259m\u0259 ventilyatoru TVM\u00a020\u00a0D<\/strong><\/p>\n<p>Effektiv v\u0259 z\u0259rif soyutma \u00fc\u00e7\u00fcn klassik<\/p>\n<p>Q\u0131z\u011f\u0131n \u00e7a\u011f\u0131r\u0131\u015flara m\u00fck\u0259mm\u0259l cavab<\/p>\n<p>S\u0259liq\u0259li i\u015fl\u0259y\u0259n d\u00f6\u015f\u0259m\u0259 ventilyatoru TVM\u00a020\u00a0D tez bir zamanda kifay\u0259t q\u0259d\u0259r soyutma t\u0259min edir, eyni zamanda k\u0259narda sevgi obyektidir. F\u0259rqli dizayn\u0131na g\u00f6r\u0259 cihaz h\u0259m d\u0259 baraban ventilyatoru adlan\u0131r v\u0259 tutqun qara r\u0259ngd\u0259 dizayn edilmi\u015f metal \u015f\u0259b\u0259k\u0259si v\u0259 dayaq \u00e7ubu\u011fu il\u0259 b\u00f6y\u00fck foto v\u0259 kinostudiyalar\u0131n kameralar\u0131 qar\u015f\u0131s\u0131nda v\u0259 arxas\u0131nda ox\u015far konstruksiyaya malik k\u00fcl\u0259k ma\u015f\u0131nlar\u0131n\u0131n \u00e7oxsayl\u0131 pe\u015f\u0259kar g\u00f6r\u00fcn\u00fc\u015fl\u0259rini oyad\u0131r.H\u0259m\u00e7inin havaland\u0131rma, k\u00fcl\u0259k istehsal\u0131, k\u00fcl\u0259k soyutma v\u0259 ya qurutma \u00fc\u00e7\u00fcn ideald\u0131r \u2013 TVM\u00a020\u00a0D istifad\u0259 bax\u0131m\u0131ndan m\u00fcxt\u0259lifdir.<\/p>\n<\/div>\n<\/div>\n","protected":false},"featured_media":21652,"template":"","meta":[],"product_brand":[],"product_cat":[817,829],"product_tag":[],"class_list":{"0":"post-23222","1":"product","2":"type-product","3":"status-publish","4":"has-post-thumbnail","6":"product_cat-trotec-az","7":"product_cat-ventilation-trotec-az","9":"first","10":"instock","11":"shipping-taxable","12":"purchasable","13":"product-type-simple"},"yoast_head":"<!-- This site is optimized with the Yoast SEO plugin v27.1.1 - https:\/\/yoast.com\/product\/yoast-seo-wordpress\/ -->\n<title>D\u00f6\u015f\u0259m\u0259 ventilyatoru TVM 24 D - GeoClimate.ge<\/title>\n<meta name=\"robots\" content=\"index, follow, max-snippet:-1, max-image-preview:large, max-video-preview:-1\" \/>\n<link rel=\"canonical\" href=\"https:\/\/geoclimate.ge\/az\/product\/15832\/\" \/>\n<meta property=\"og:locale\" content=\"az_AZ\" \/>\n<meta property=\"og:type\" content=\"article\" \/>\n<meta property=\"og:title\" content=\"D\u00f6\u015f\u0259m\u0259 ventilyatoru TVM 24 D - GeoClimate.ge\" \/>\n<meta property=\"og:description\" content=\"D\u00f6\u015f\u0259m\u0259 ventilyatoru TVM\u00a020\u00a0D  Effektiv v\u0259 z\u0259rif soyutma \u00fc\u00e7\u00fcn klassik  Q\u0131z\u011f\u0131n \u00e7a\u011f\u0131r\u0131\u015flara m\u00fck\u0259mm\u0259l cavab  S\u0259liq\u0259li i\u015fl\u0259y\u0259n d\u00f6\u015f\u0259m\u0259 ventilyatoru TVM\u00a020\u00a0D tez bir zamanda kifay\u0259t q\u0259d\u0259r soyutma t\u0259min edir, eyni zamanda k\u0259narda sevgi obyektidir. F\u0259rqli dizayn\u0131na g\u00f6r\u0259 cihaz h\u0259m d\u0259 baraban ventilyatoru adlan\u0131r v\u0259 tutqun qara r\u0259ngd\u0259 dizayn edilmi\u015f metal \u015f\u0259b\u0259k\u0259si v\u0259 dayaq \u00e7ubu\u011fu il\u0259 b\u00f6y\u00fck foto v\u0259 kinostudiyalar\u0131n kameralar\u0131 qar\u015f\u0131s\u0131nda v\u0259 arxas\u0131nda ox\u015far konstruksiyaya malik k\u00fcl\u0259k ma\u015f\u0131nlar\u0131n\u0131n \u00e7oxsayl\u0131 pe\u015f\u0259kar g\u00f6r\u00fcn\u00fc\u015fl\u0259rini oyad\u0131r.H\u0259m\u00e7inin havaland\u0131rma, k\u00fcl\u0259k istehsal\u0131, k\u00fcl\u0259k soyutma v\u0259 ya qurutma \u00fc\u00e7\u00fcn ideald\u0131r \u2013 TVM\u00a020\u00a0D istifad\u0259 bax\u0131m\u0131ndan m\u00fcxt\u0259lifdir.\" \/>\n<meta property=\"og:url\" content=\"https:\/\/geoclimate.ge\/az\/product\/15832\/\" \/>\n<meta property=\"og:site_name\" content=\"GeoClimate.ge\" \/>\n<meta property=\"article:modified_time\" content=\"2025-02-22T08:03:15+00:00\" \/>\n<meta property=\"og:image\" content=\"https:\/\/geoclimate.ge\/wp-content\/uploads\/2024\/11\/bodenventilator-tvm-20-d-5448.jpg\" \/>\n\t<meta property=\"og:image:width\" content=\"600\" \/>\n\t<meta property=\"og:image:height\" content=\"600\" \/>\n\t<meta property=\"og:image:type\" content=\"image\/jpeg\" \/>\n<meta name=\"twitter:card\" content=\"summary_large_image\" \/>\n<meta name=\"twitter:label1\" content=\"Est. reading time\" \/>\n\t<meta name=\"twitter:data1\" content=\"1 minute\" \/>\n<script type=\"application\/ld+json\" class=\"yoast-schema-graph\">{\"@context\":\"https:\/\/schema.org\",\"@graph\":[{\"@type\":\"WebPage\",\"@id\":\"https:\/\/geoclimate.ge\/az\/product\/15832\/\",\"url\":\"https:\/\/geoclimate.ge\/az\/product\/15832\/\",\"name\":\"D\u00f6\u015f\u0259m\u0259 ventilyatoru TVM 24 D - GeoClimate.ge\",\"isPartOf\":{\"@id\":\"https:\/\/geoclimate.ge\/#website\"},\"primaryImageOfPage\":{\"@id\":\"https:\/\/geoclimate.ge\/az\/product\/15832\/#primaryimage\"},\"image\":{\"@id\":\"https:\/\/geoclimate.ge\/az\/product\/15832\/#primaryimage\"},\"thumbnailUrl\":\"https:\/\/geoclimate.ge\/wp-content\/uploads\/2024\/11\/bodenventilator-tvm-20-d-5448.jpg\",\"datePublished\":\"2024-11-27T13:36:11+00:00\",\"dateModified\":\"2025-02-22T08:03:15+00:00\",\"breadcrumb\":{\"@id\":\"https:\/\/geoclimate.ge\/az\/product\/15832\/#breadcrumb\"},\"inLanguage\":\"az\",\"potentialAction\":[{\"@type\":\"ReadAction\",\"target\":[\"https:\/\/geoclimate.ge\/az\/product\/15832\/\"]}]},{\"@type\":\"ImageObject\",\"inLanguage\":\"az\",\"@id\":\"https:\/\/geoclimate.ge\/az\/product\/15832\/#primaryimage\",\"url\":\"https:\/\/geoclimate.ge\/wp-content\/uploads\/2024\/11\/bodenventilator-tvm-20-d-5448.jpg\",\"contentUrl\":\"https:\/\/geoclimate.ge\/wp-content\/uploads\/2024\/11\/bodenventilator-tvm-20-d-5448.jpg\",\"width\":600,\"height\":600},{\"@type\":\"BreadcrumbList\",\"@id\":\"https:\/\/geoclimate.ge\/az\/product\/15832\/#breadcrumb\",\"itemListElement\":[{\"@type\":\"ListItem\",\"position\":1,\"name\":\"Home\",\"item\":\"https:\/\/geoclimate.ge\/az\/\"},{\"@type\":\"ListItem\",\"position\":2,\"name\":\"M\u0259hsullar\",\"item\":\"https:\/\/geoclimate.ge\/az\/products\/\"},{\"@type\":\"ListItem\",\"position\":3,\"name\":\"D\u00f6\u015f\u0259m\u0259 ventilyatoru TVM 24 D\"}]},{\"@type\":\"WebSite\",\"@id\":\"https:\/\/geoclimate.ge\/#website\",\"url\":\"https:\/\/geoclimate.ge\/\",\"name\":\"GeoClimate\",\"description\":\"\",\"publisher\":{\"@id\":\"https:\/\/geoclimate.ge\/#organization\"},\"potentialAction\":[{\"@type\":\"SearchAction\",\"target\":{\"@type\":\"EntryPoint\",\"urlTemplate\":\"https:\/\/geoclimate.ge\/?s={search_term_string}\"},\"query-input\":{\"@type\":\"PropertyValueSpecification\",\"valueRequired\":true,\"valueName\":\"search_term_string\"}}],\"inLanguage\":\"az\"},{\"@type\":\"Organization\",\"@id\":\"https:\/\/geoclimate.ge\/#organization\",\"name\":\"GeoClimate\",\"url\":\"https:\/\/geoclimate.ge\/\",\"logo\":{\"@type\":\"ImageObject\",\"inLanguage\":\"az\",\"@id\":\"https:\/\/geoclimate.ge\/#\/schema\/logo\/image\/\",\"url\":\"https:\/\/geoclimate.ge\/wp-content\/uploads\/2026\/03\/geoclimate-SEO.png\",\"contentUrl\":\"https:\/\/geoclimate.ge\/wp-content\/uploads\/2026\/03\/geoclimate-SEO.png\",\"width\":1536,\"height\":1024,\"caption\":\"GeoClimate\"},\"image\":{\"@id\":\"https:\/\/geoclimate.ge\/#\/schema\/logo\/image\/\"}}]}<\/script>\n<!-- \/ Yoast SEO plugin. -->","yoast_head_json":{"title":"D\u00f6\u015f\u0259m\u0259 ventilyatoru TVM 24 D - GeoClimate.ge","robots":{"index":"index","follow":"follow","max-snippet":"max-snippet:-1","max-image-preview":"max-image-preview:large","max-video-preview":"max-video-preview:-1"},"canonical":"https:\/\/geoclimate.ge\/az\/product\/15832\/","og_locale":"az_AZ","og_type":"article","og_title":"D\u00f6\u015f\u0259m\u0259 ventilyatoru TVM 24 D - GeoClimate.ge","og_description":"D\u00f6\u015f\u0259m\u0259 ventilyatoru TVM\u00a020\u00a0D  Effektiv v\u0259 z\u0259rif soyutma \u00fc\u00e7\u00fcn klassik  Q\u0131z\u011f\u0131n \u00e7a\u011f\u0131r\u0131\u015flara m\u00fck\u0259mm\u0259l cavab  S\u0259liq\u0259li i\u015fl\u0259y\u0259n d\u00f6\u015f\u0259m\u0259 ventilyatoru TVM\u00a020\u00a0D tez bir zamanda kifay\u0259t q\u0259d\u0259r soyutma t\u0259min edir, eyni zamanda k\u0259narda sevgi obyektidir. F\u0259rqli dizayn\u0131na g\u00f6r\u0259 cihaz h\u0259m d\u0259 baraban ventilyatoru adlan\u0131r v\u0259 tutqun qara r\u0259ngd\u0259 dizayn edilmi\u015f metal \u015f\u0259b\u0259k\u0259si v\u0259 dayaq \u00e7ubu\u011fu il\u0259 b\u00f6y\u00fck foto v\u0259 kinostudiyalar\u0131n kameralar\u0131 qar\u015f\u0131s\u0131nda v\u0259 arxas\u0131nda ox\u015far konstruksiyaya malik k\u00fcl\u0259k ma\u015f\u0131nlar\u0131n\u0131n \u00e7oxsayl\u0131 pe\u015f\u0259kar g\u00f6r\u00fcn\u00fc\u015fl\u0259rini oyad\u0131r.H\u0259m\u00e7inin havaland\u0131rma, k\u00fcl\u0259k istehsal\u0131, k\u00fcl\u0259k soyutma v\u0259 ya qurutma \u00fc\u00e7\u00fcn ideald\u0131r \u2013 TVM\u00a020\u00a0D istifad\u0259 bax\u0131m\u0131ndan m\u00fcxt\u0259lifdir.","og_url":"https:\/\/geoclimate.ge\/az\/product\/15832\/","og_site_name":"GeoClimate.ge","article_modified_time":"2025-02-22T08:03:15+00:00","og_image":[{"width":600,"height":600,"url":"https:\/\/geoclimate.ge\/wp-content\/uploads\/2024\/11\/bodenventilator-tvm-20-d-5448.jpg","type":"image\/jpeg"}],"twitter_card":"summary_large_image","twitter_misc":{"Est. reading time":"1 minute"},"schema":{"@context":"https:\/\/schema.org","@graph":[{"@type":"WebPage","@id":"https:\/\/geoclimate.ge\/az\/product\/15832\/","url":"https:\/\/geoclimate.ge\/az\/product\/15832\/","name":"D\u00f6\u015f\u0259m\u0259 ventilyatoru TVM 24 D - GeoClimate.ge","isPartOf":{"@id":"https:\/\/geoclimate.ge\/#website"},"primaryImageOfPage":{"@id":"https:\/\/geoclimate.ge\/az\/product\/15832\/#primaryimage"},"image":{"@id":"https:\/\/geoclimate.ge\/az\/product\/15832\/#primaryimage"},"thumbnailUrl":"https:\/\/geoclimate.ge\/wp-content\/uploads\/2024\/11\/bodenventilator-tvm-20-d-5448.jpg","datePublished":"2024-11-27T13:36:11+00:00","dateModified":"2025-02-22T08:03:15+00:00","breadcrumb":{"@id":"https:\/\/geoclimate.ge\/az\/product\/15832\/#breadcrumb"},"inLanguage":"az","potentialAction":[{"@type":"ReadAction","target":["https:\/\/geoclimate.ge\/az\/product\/15832\/"]}]},{"@type":"ImageObject","inLanguage":"az","@id":"https:\/\/geoclimate.ge\/az\/product\/15832\/#primaryimage","url":"https:\/\/geoclimate.ge\/wp-content\/uploads\/2024\/11\/bodenventilator-tvm-20-d-5448.jpg","contentUrl":"https:\/\/geoclimate.ge\/wp-content\/uploads\/2024\/11\/bodenventilator-tvm-20-d-5448.jpg","width":600,"height":600},{"@type":"BreadcrumbList","@id":"https:\/\/geoclimate.ge\/az\/product\/15832\/#breadcrumb","itemListElement":[{"@type":"ListItem","position":1,"name":"Home","item":"https:\/\/geoclimate.ge\/az\/"},{"@type":"ListItem","position":2,"name":"M\u0259hsullar","item":"https:\/\/geoclimate.ge\/az\/products\/"},{"@type":"ListItem","position":3,"name":"D\u00f6\u015f\u0259m\u0259 ventilyatoru TVM 24 D"}]},{"@type":"WebSite","@id":"https:\/\/geoclimate.ge\/#website","url":"https:\/\/geoclimate.ge\/","name":"GeoClimate","description":"","publisher":{"@id":"https:\/\/geoclimate.ge\/#organization"},"potentialAction":[{"@type":"SearchAction","target":{"@type":"EntryPoint","urlTemplate":"https:\/\/geoclimate.ge\/?s={search_term_string}"},"query-input":{"@type":"PropertyValueSpecification","valueRequired":true,"valueName":"search_term_string"}}],"inLanguage":"az"},{"@type":"Organization","@id":"https:\/\/geoclimate.ge\/#organization","name":"GeoClimate","url":"https:\/\/geoclimate.ge\/","logo":{"@type":"ImageObject","inLanguage":"az","@id":"https:\/\/geoclimate.ge\/#\/schema\/logo\/image\/","url":"https:\/\/geoclimate.ge\/wp-content\/uploads\/2026\/03\/geoclimate-SEO.png","contentUrl":"https:\/\/geoclimate.ge\/wp-content\/uploads\/2026\/03\/geoclimate-SEO.png","width":1536,"height":1024,"caption":"GeoClimate"},"image":{"@id":"https:\/\/geoclimate.ge\/#\/schema\/logo\/image\/"}}]}},"_links":{"self":[{"href":"https:\/\/geoclimate.ge\/az\/wp-json\/wp\/v2\/product\/23222","targetHints":{"allow":["GET"]}}],"collection":[{"href":"https:\/\/geoclimate.ge\/az\/wp-json\/wp\/v2\/product"}],"about":[{"href":"https:\/\/geoclimate.ge\/az\/wp-json\/wp\/v2\/types\/product"}],"wp:featuredmedia":[{"embeddable":true,"href":"https:\/\/geoclimate.ge\/az\/wp-json\/wp\/v2\/media\/21652"}],"wp:attachment":[{"href":"https:\/\/geoclimate.ge\/az\/wp-json\/wp\/v2\/media?parent=23222"}],"wp:term":[{"taxonomy":"product_brand","embeddable":true,"href":"https:\/\/geoclimate.ge\/az\/wp-json\/wp\/v2\/product_brand?post=23222"},{"taxonomy":"product_cat","embeddable":true,"href":"https:\/\/geoclimate.ge\/az\/wp-json\/wp\/v2\/product_cat?post=23222"},{"taxonomy":"product_tag","embeddable":true,"href":"https:\/\/geoclimate.ge\/az\/wp-json\/wp\/v2\/product_tag?post=23222"}],"curies":[{"name":"wp","href":"https:\/\/api.w.org\/{rel}","templated":true}]}}