{"id":23226,"date":"2024-11-11T19:23:01","date_gmt":"2024-11-11T15:23:01","guid":{"rendered":"https:\/\/airsystems.ge\/shop\/product\/trotec-airgopro-8-odour-neutralizator\/"},"modified":"2025-02-20T21:35:05","modified_gmt":"2025-02-20T17:35:05","slug":"trotec-airgopro-8-odour-neutralizator","status":"publish","type":"product","link":"https:\/\/geoclimate.ge\/az\/product\/trotec-airgopro-8-odour-neutralizator\/","title":{"rendered":"Trotec AirgoPro 8 \u2013 qoxu neytralla\u015fd\u0131ran plazma sah\u0259sind\u0259 ionla\u015fd\u0131r\u0131c\u0131"},"content":{"rendered":"<section class=\"max-w-[1088px] mx-auto w-full px-5 my-10 md:my-12 lg:my-16 xl:my-20 xl:px-0\" data-block=\"bullet-list\">\n<div class=\"md:text-center\"><\/div>\n<div class=\"mt-6 md:mt-10\">\n<div class=\"flex flex-wrap\">\n<div class=\"w-full md:w-1\/2 auto-bullets \">\n<div class=\"pl-5\">\n<p>\u018fsas x\u00fcsusiyy\u0259tl\u0259r<\/p>\n<p>M\u00f6hk\u0259m v\u0259 effektiv qoxu neytralla\u015fd\u0131r\u0131c\u0131<br \/>\n\u0130nteqrasiya edilmi\u015f da\u015f\u0131ma tutaca\u011f\u0131 v\u0259 sabit rezin ayaqlar\u0131<br \/>\nAsan istifad\u0259 v\u0259 idar\u0259etm\u0259 \u00fc\u00e7\u00fcn intuitiv idar\u0259etm\u0259 paneli<br \/>\nM\u00fcalic\u0259 m\u00fcdd\u0259tini \u0259vv\u0259lc\u0259d\u0259n se\u00e7m\u0259k \u00fc\u00e7\u00fcn taymer funksiyas\u0131 (0 d\u0259qiq\u0259d\u0259n 50 saata q\u0259d\u0259r)<br \/>\n\u0130\u015f saatlar\u0131 say\u011fac s\u0259n\u0259dl\u0259rin i\u015fl\u0259m\u0259 m\u00fcdd\u0259ti<\/p>\n<\/div>\n<\/div>\n<\/div>\n<\/div>\n<\/section>\n<section class=\"max-w-[1088px] mx-auto w-full px-5 my-10 md:my-12 lg:my-16 xl:my-20 xl:px-0\" data-block=\"product-specifications\">\n<div class=\"md:text-center\">\n<h3 class=\"text-black font-bold text-lg md:text-xl lg:text-2xl\"><strong>Product specifications<\/strong><\/h3>\n<\/div>\n<div class=\" md:mt-10\">\n<div class=\"\">\n<div class=\"lg:mt-0 \">\n<div id=\"spec-airgopro-8\" class=\"prose max-w-full md:overflow-auto\" data-spec-content=\"\">\n<div class=\"spreadsheet-container hidden md:block\">\n<table class=\"w-full table-fixed mb-0\">\n<thead>\n<tr>\n<th class=\"font-bold text-base\"><span class=\"block px-4\">Specifications<\/span><\/th>\n<th class=\"font-bold text-base text-center\"><span class=\"block px-10 md:px-20\">Units<\/span><\/th>\n<th class=\"font-bold text-base text-center will-change\"><span class=\"block px-4\">AirgoPro\u00a08<\/span><\/th>\n<\/tr>\n<\/thead>\n<tbody>\n<tr class=\"bg-grey-200\/50 p-2\">\n<td colspan=\"1\"><span class=\"block px-4\">Air flow rate max.<\/span><\/td>\n<td class=\"text-center\">\n<div class=\"px-10 md:px-20 flex items-center justify-center\">m\u00b3\/h<\/div>\n<\/td>\n<td class=\"text-center will-change\">\n<div class=\"px-10 md:px-20 flex items-center justify-center\">120<\/div>\n<\/td>\n<\/tr>\n<tr class=\" p-2\">\n<td colspan=\"1\"><span class=\"block px-4\">Power supply<\/span><\/td>\n<td class=\"text-center\">\n<div class=\"px-10 md:px-20 flex items-center justify-center\">V\/Hz<\/div>\n<\/td>\n<td class=\"text-center will-change\">\n<div class=\"px-10 md:px-20 flex items-center justify-center\">220-240\/1ph\/50<\/div>\n<\/td>\n<\/tr>\n<tr class=\"bg-grey-200\/50 p-2\">\n<td colspan=\"1\"><span class=\"block px-4\">Power input max.<\/span><\/td>\n<td class=\"text-center\">\n<div class=\"px-10 md:px-20 flex items-center justify-center\">W<\/div>\n<\/td>\n<td class=\"text-center will-change\">\n<div class=\"px-10 md:px-20 flex items-center justify-center\">20<\/div>\n<\/td>\n<\/tr>\n<tr class=\" p-2\">\n<td colspan=\"1\"><span class=\"block px-4\">Current consumption<\/span><\/td>\n<td class=\"text-center\">\n<div class=\"px-10 md:px-20 flex items-center justify-center\">A<\/div>\n<\/td>\n<td class=\"text-center will-change\">\n<div class=\"px-10 md:px-20 flex items-center justify-center\">0.1<\/div>\n<\/td>\n<\/tr>\n<tr class=\"bg-grey-200\/50 p-2\">\n<td colspan=\"1\"><span class=\"block px-4\">Fuse<\/span><\/td>\n<td class=\"text-center\">\n<div class=\"px-10 md:px-20 flex items-center justify-center\">A<\/div>\n<\/td>\n<td class=\"text-center will-change\">\n<div class=\"px-10 md:px-20 flex items-center justify-center\">10<\/div>\n<\/td>\n<\/tr>\n<tr class=\" p-2\">\n<td colspan=\"1\"><span class=\"block px-4\">Sound level @3m<\/span><\/td>\n<td class=\"text-center\">\n<div class=\"px-10 md:px-20 flex items-center justify-center\">dB(A)<\/div>\n<\/td>\n<td class=\"text-center will-change\">\n<div class=\"px-10 md:px-20 flex items-center justify-center\">53<\/div>\n<\/td>\n<\/tr>\n<tr class=\"bg-grey-200\/50 p-2\">\n<td colspan=\"1\"><span class=\"block px-4\">Product size (l x w x h)<\/span><\/td>\n<td class=\"text-center\">\n<div class=\"px-10 md:px-20 flex items-center justify-center\">mm<\/div>\n<\/td>\n<td class=\"text-center will-change\">\n<div class=\"px-10 md:px-20 flex items-center justify-center\">350 x 230 x 250<\/div>\n<\/td>\n<\/tr>\n<tr class=\" p-2\">\n<td colspan=\"1\"><span class=\"block px-4\">Weight<\/span><\/td>\n<td class=\"text-center\">\n<div class=\"px-10 md:px-20 flex items-center justify-center\">kg<\/div>\n<\/td>\n<td class=\"text-center will-change\">\n<div class=\"px-10 md:px-20 flex items-center justify-center\">4<\/div>\n<\/td>\n<\/tr>\n<\/tbody>\n<\/table>\n<\/div>\n<\/div>\n<\/div>\n<\/div>\n<\/div>\n<\/section>\n<p>Suitable for<br \/>\nCommercial buildings<br \/>\nConstruction<br \/>\nEvents and festivals<br \/>\nLeisure and recreation<br \/>\nRental companies<br \/>\nTransport and logistics<br \/>\nWater damage restoration<\/p>\n<p><a href=\"https:\/\/uk.trotec.com\/fileadmin\/downloads\/Geruchsbeseitigung\/AirgoPro_8\/TRT-CE-AirgoPro8-HS-002-EN.PDF\">Useful downloads<\/a><\/p>\n","protected":false},"excerpt":{"rendered":"<p>Trotec AirgoPro 8 \u2013 qoxu neytralla\u015fd\u0131r\u0131c\u0131<br \/>\nQoxu neytralla\u015fd\u0131r\u0131c\u0131lar<\/p>\n<p>Trotec AirgoPro 8, xo\u015fag\u0259lm\u0259z qoxular\u0131n s\u00fcr\u0259tli v\u0259 effektiv h\u0259llini t\u0259min etm\u0259k \u00fc\u00e7\u00fcn n\u0259z\u0259rd\u0259 tutulmu\u015f pe\u015f\u0259kar d\u0259r\u0259c\u0259li qoxu neytralla\u015fd\u0131r\u0131c\u0131d\u0131r. O, qoxular\u0131 sad\u0259c\u0259 \u0259tirl\u0259r il\u0259 maskalamaq \u0259v\u0259zin\u0259, onlar\u0131n m\u0259nb\u0259yind\u0259 aradan qald\u0131rmaq \u00fc\u00e7\u00fcn qabaqc\u0131l texnologiyadan istifad\u0259 edir. AirgoPro 8 otell\u0259r, restoranlar v\u0259 x\u0259st\u0259xanalar kimi kommersiya v\u0259 s\u0259naye \u015f\u0259raitl\u0259rind\u0259 istifad\u0259 \u00fc\u00e7\u00fcn ideald\u0131r. O, y\u0131\u011fcam v\u0259 istifad\u0259\u00e7i dostu dizayna malikdir v\u0259 idar\u0259 etm\u0259k v\u0259 saxlamaq asand\u0131r. G\u00fccl\u00fc qoxunu z\u0259r\u0259rsizl\u0259\u015fdirm\u0259 qabiliyy\u0259ti il\u0259 AirgoPro 8 t\u0259z\u0259 v\u0259 t\u0259miz m\u00fchit \u00fc\u00e7\u00fcn m\u00fck\u0259mm\u0259l se\u00e7imdir.<\/p>\n","protected":false},"featured_media":26522,"template":"","meta":[],"product_brand":[],"product_cat":[809,971],"product_tag":[],"class_list":{"0":"post-23226","1":"product","2":"type-product","3":"status-publish","4":"has-post-thumbnail","6":"product_cat-hava-nmlndiricisi-kondisioner-az-ventilyasiya-ventilyator","7":"product_cat-disinfection","9":"first","10":"instock","11":"sale","12":"shipping-taxable","13":"purchasable","14":"product-type-simple"},"yoast_head":"<!-- This site is optimized with the Yoast SEO plugin v27.1.1 - https:\/\/yoast.com\/product\/yoast-seo-wordpress\/ -->\n<title>Trotec AirgoPro 8 \u2013 qoxu neytralla\u015fd\u0131ran plazma sah\u0259sind\u0259 ionla\u015fd\u0131r\u0131c\u0131 - GeoClimate.ge<\/title>\n<meta name=\"robots\" content=\"index, follow, max-snippet:-1, max-image-preview:large, max-video-preview:-1\" \/>\n<link rel=\"canonical\" href=\"https:\/\/geoclimate.ge\/az\/product\/trotec-airgopro-8-odour-neutralizator\/\" \/>\n<meta property=\"og:locale\" content=\"az_AZ\" \/>\n<meta property=\"og:type\" content=\"article\" \/>\n<meta property=\"og:title\" content=\"Trotec AirgoPro 8 \u2013 qoxu neytralla\u015fd\u0131ran plazma sah\u0259sind\u0259 ionla\u015fd\u0131r\u0131c\u0131 - GeoClimate.ge\" \/>\n<meta property=\"og:description\" content=\"Trotec AirgoPro 8 \u2013 qoxu neytralla\u015fd\u0131r\u0131c\u0131 Qoxu neytralla\u015fd\u0131r\u0131c\u0131lar  Trotec AirgoPro 8, xo\u015fag\u0259lm\u0259z qoxular\u0131n s\u00fcr\u0259tli v\u0259 effektiv h\u0259llini t\u0259min etm\u0259k \u00fc\u00e7\u00fcn n\u0259z\u0259rd\u0259 tutulmu\u015f pe\u015f\u0259kar d\u0259r\u0259c\u0259li qoxu neytralla\u015fd\u0131r\u0131c\u0131d\u0131r. O, qoxular\u0131 sad\u0259c\u0259 \u0259tirl\u0259r il\u0259 maskalamaq \u0259v\u0259zin\u0259, onlar\u0131n m\u0259nb\u0259yind\u0259 aradan qald\u0131rmaq \u00fc\u00e7\u00fcn qabaqc\u0131l texnologiyadan istifad\u0259 edir. AirgoPro 8 otell\u0259r, restoranlar v\u0259 x\u0259st\u0259xanalar kimi kommersiya v\u0259 s\u0259naye \u015f\u0259raitl\u0259rind\u0259 istifad\u0259 \u00fc\u00e7\u00fcn ideald\u0131r. O, y\u0131\u011fcam v\u0259 istifad\u0259\u00e7i dostu dizayna malikdir v\u0259 idar\u0259 etm\u0259k v\u0259 saxlamaq asand\u0131r. G\u00fccl\u00fc qoxunu z\u0259r\u0259rsizl\u0259\u015fdirm\u0259 qabiliyy\u0259ti il\u0259 AirgoPro 8 t\u0259z\u0259 v\u0259 t\u0259miz m\u00fchit \u00fc\u00e7\u00fcn m\u00fck\u0259mm\u0259l se\u00e7imdir.\" \/>\n<meta property=\"og:url\" content=\"https:\/\/geoclimate.ge\/az\/product\/trotec-airgopro-8-odour-neutralizator\/\" \/>\n<meta property=\"og:site_name\" content=\"GeoClimate.ge\" \/>\n<meta property=\"article:modified_time\" content=\"2025-02-20T17:35:05+00:00\" \/>\n<meta property=\"og:image\" content=\"https:\/\/geoclimate.ge\/wp-content\/uploads\/2024\/11\/Trotec-AirgoPro-8-main-leftt.jpg\" \/>\n\t<meta property=\"og:image:width\" content=\"1000\" \/>\n\t<meta property=\"og:image:height\" content=\"1000\" \/>\n\t<meta property=\"og:image:type\" content=\"image\/jpeg\" \/>\n<meta name=\"twitter:card\" content=\"summary_large_image\" \/>\n<meta name=\"twitter:label1\" content=\"Est. reading time\" \/>\n\t<meta name=\"twitter:data1\" content=\"1 minute\" \/>\n<script type=\"application\/ld+json\" class=\"yoast-schema-graph\">{\"@context\":\"https:\/\/schema.org\",\"@graph\":[{\"@type\":\"WebPage\",\"@id\":\"https:\/\/geoclimate.ge\/az\/product\/trotec-airgopro-8-odour-neutralizator\/\",\"url\":\"https:\/\/geoclimate.ge\/az\/product\/trotec-airgopro-8-odour-neutralizator\/\",\"name\":\"Trotec AirgoPro 8 \u2013 qoxu neytralla\u015fd\u0131ran plazma sah\u0259sind\u0259 ionla\u015fd\u0131r\u0131c\u0131 - GeoClimate.ge\",\"isPartOf\":{\"@id\":\"https:\/\/geoclimate.ge\/#website\"},\"primaryImageOfPage\":{\"@id\":\"https:\/\/geoclimate.ge\/az\/product\/trotec-airgopro-8-odour-neutralizator\/#primaryimage\"},\"image\":{\"@id\":\"https:\/\/geoclimate.ge\/az\/product\/trotec-airgopro-8-odour-neutralizator\/#primaryimage\"},\"thumbnailUrl\":\"https:\/\/geoclimate.ge\/wp-content\/uploads\/2024\/11\/Trotec-AirgoPro-8-main-leftt.jpg\",\"datePublished\":\"2024-11-11T15:23:01+00:00\",\"dateModified\":\"2025-02-20T17:35:05+00:00\",\"breadcrumb\":{\"@id\":\"https:\/\/geoclimate.ge\/az\/product\/trotec-airgopro-8-odour-neutralizator\/#breadcrumb\"},\"inLanguage\":\"az\",\"potentialAction\":[{\"@type\":\"ReadAction\",\"target\":[\"https:\/\/geoclimate.ge\/az\/product\/trotec-airgopro-8-odour-neutralizator\/\"]}]},{\"@type\":\"ImageObject\",\"inLanguage\":\"az\",\"@id\":\"https:\/\/geoclimate.ge\/az\/product\/trotec-airgopro-8-odour-neutralizator\/#primaryimage\",\"url\":\"https:\/\/geoclimate.ge\/wp-content\/uploads\/2024\/11\/Trotec-AirgoPro-8-main-leftt.jpg\",\"contentUrl\":\"https:\/\/geoclimate.ge\/wp-content\/uploads\/2024\/11\/Trotec-AirgoPro-8-main-leftt.jpg\",\"width\":1000,\"height\":1000},{\"@type\":\"BreadcrumbList\",\"@id\":\"https:\/\/geoclimate.ge\/az\/product\/trotec-airgopro-8-odour-neutralizator\/#breadcrumb\",\"itemListElement\":[{\"@type\":\"ListItem\",\"position\":1,\"name\":\"Home\",\"item\":\"https:\/\/geoclimate.ge\/az\/\"},{\"@type\":\"ListItem\",\"position\":2,\"name\":\"M\u0259hsullar\",\"item\":\"https:\/\/geoclimate.ge\/az\/products\/\"},{\"@type\":\"ListItem\",\"position\":3,\"name\":\"Trotec AirgoPro 8 \u2013 qoxu neytralla\u015fd\u0131ran plazma sah\u0259sind\u0259 ionla\u015fd\u0131r\u0131c\u0131\"}]},{\"@type\":\"WebSite\",\"@id\":\"https:\/\/geoclimate.ge\/#website\",\"url\":\"https:\/\/geoclimate.ge\/\",\"name\":\"GeoClimate\",\"description\":\"\",\"publisher\":{\"@id\":\"https:\/\/geoclimate.ge\/#organization\"},\"potentialAction\":[{\"@type\":\"SearchAction\",\"target\":{\"@type\":\"EntryPoint\",\"urlTemplate\":\"https:\/\/geoclimate.ge\/?s={search_term_string}\"},\"query-input\":{\"@type\":\"PropertyValueSpecification\",\"valueRequired\":true,\"valueName\":\"search_term_string\"}}],\"inLanguage\":\"az\"},{\"@type\":\"Organization\",\"@id\":\"https:\/\/geoclimate.ge\/#organization\",\"name\":\"GeoClimate\",\"url\":\"https:\/\/geoclimate.ge\/\",\"logo\":{\"@type\":\"ImageObject\",\"inLanguage\":\"az\",\"@id\":\"https:\/\/geoclimate.ge\/#\/schema\/logo\/image\/\",\"url\":\"https:\/\/geoclimate.ge\/wp-content\/uploads\/2026\/03\/geoclimate-SEO.png\",\"contentUrl\":\"https:\/\/geoclimate.ge\/wp-content\/uploads\/2026\/03\/geoclimate-SEO.png\",\"width\":1536,\"height\":1024,\"caption\":\"GeoClimate\"},\"image\":{\"@id\":\"https:\/\/geoclimate.ge\/#\/schema\/logo\/image\/\"}}]}<\/script>\n<!-- \/ Yoast SEO plugin. -->","yoast_head_json":{"title":"Trotec AirgoPro 8 \u2013 qoxu neytralla\u015fd\u0131ran plazma sah\u0259sind\u0259 ionla\u015fd\u0131r\u0131c\u0131 - GeoClimate.ge","robots":{"index":"index","follow":"follow","max-snippet":"max-snippet:-1","max-image-preview":"max-image-preview:large","max-video-preview":"max-video-preview:-1"},"canonical":"https:\/\/geoclimate.ge\/az\/product\/trotec-airgopro-8-odour-neutralizator\/","og_locale":"az_AZ","og_type":"article","og_title":"Trotec AirgoPro 8 \u2013 qoxu neytralla\u015fd\u0131ran plazma sah\u0259sind\u0259 ionla\u015fd\u0131r\u0131c\u0131 - GeoClimate.ge","og_description":"Trotec AirgoPro 8 \u2013 qoxu neytralla\u015fd\u0131r\u0131c\u0131 Qoxu neytralla\u015fd\u0131r\u0131c\u0131lar  Trotec AirgoPro 8, xo\u015fag\u0259lm\u0259z qoxular\u0131n s\u00fcr\u0259tli v\u0259 effektiv h\u0259llini t\u0259min etm\u0259k \u00fc\u00e7\u00fcn n\u0259z\u0259rd\u0259 tutulmu\u015f pe\u015f\u0259kar d\u0259r\u0259c\u0259li qoxu neytralla\u015fd\u0131r\u0131c\u0131d\u0131r. O, qoxular\u0131 sad\u0259c\u0259 \u0259tirl\u0259r il\u0259 maskalamaq \u0259v\u0259zin\u0259, onlar\u0131n m\u0259nb\u0259yind\u0259 aradan qald\u0131rmaq \u00fc\u00e7\u00fcn qabaqc\u0131l texnologiyadan istifad\u0259 edir. AirgoPro 8 otell\u0259r, restoranlar v\u0259 x\u0259st\u0259xanalar kimi kommersiya v\u0259 s\u0259naye \u015f\u0259raitl\u0259rind\u0259 istifad\u0259 \u00fc\u00e7\u00fcn ideald\u0131r. O, y\u0131\u011fcam v\u0259 istifad\u0259\u00e7i dostu dizayna malikdir v\u0259 idar\u0259 etm\u0259k v\u0259 saxlamaq asand\u0131r. G\u00fccl\u00fc qoxunu z\u0259r\u0259rsizl\u0259\u015fdirm\u0259 qabiliyy\u0259ti il\u0259 AirgoPro 8 t\u0259z\u0259 v\u0259 t\u0259miz m\u00fchit \u00fc\u00e7\u00fcn m\u00fck\u0259mm\u0259l se\u00e7imdir.","og_url":"https:\/\/geoclimate.ge\/az\/product\/trotec-airgopro-8-odour-neutralizator\/","og_site_name":"GeoClimate.ge","article_modified_time":"2025-02-20T17:35:05+00:00","og_image":[{"width":1000,"height":1000,"url":"https:\/\/geoclimate.ge\/wp-content\/uploads\/2024\/11\/Trotec-AirgoPro-8-main-leftt.jpg","type":"image\/jpeg"}],"twitter_card":"summary_large_image","twitter_misc":{"Est. reading time":"1 minute"},"schema":{"@context":"https:\/\/schema.org","@graph":[{"@type":"WebPage","@id":"https:\/\/geoclimate.ge\/az\/product\/trotec-airgopro-8-odour-neutralizator\/","url":"https:\/\/geoclimate.ge\/az\/product\/trotec-airgopro-8-odour-neutralizator\/","name":"Trotec AirgoPro 8 \u2013 qoxu neytralla\u015fd\u0131ran plazma sah\u0259sind\u0259 ionla\u015fd\u0131r\u0131c\u0131 - GeoClimate.ge","isPartOf":{"@id":"https:\/\/geoclimate.ge\/#website"},"primaryImageOfPage":{"@id":"https:\/\/geoclimate.ge\/az\/product\/trotec-airgopro-8-odour-neutralizator\/#primaryimage"},"image":{"@id":"https:\/\/geoclimate.ge\/az\/product\/trotec-airgopro-8-odour-neutralizator\/#primaryimage"},"thumbnailUrl":"https:\/\/geoclimate.ge\/wp-content\/uploads\/2024\/11\/Trotec-AirgoPro-8-main-leftt.jpg","datePublished":"2024-11-11T15:23:01+00:00","dateModified":"2025-02-20T17:35:05+00:00","breadcrumb":{"@id":"https:\/\/geoclimate.ge\/az\/product\/trotec-airgopro-8-odour-neutralizator\/#breadcrumb"},"inLanguage":"az","potentialAction":[{"@type":"ReadAction","target":["https:\/\/geoclimate.ge\/az\/product\/trotec-airgopro-8-odour-neutralizator\/"]}]},{"@type":"ImageObject","inLanguage":"az","@id":"https:\/\/geoclimate.ge\/az\/product\/trotec-airgopro-8-odour-neutralizator\/#primaryimage","url":"https:\/\/geoclimate.ge\/wp-content\/uploads\/2024\/11\/Trotec-AirgoPro-8-main-leftt.jpg","contentUrl":"https:\/\/geoclimate.ge\/wp-content\/uploads\/2024\/11\/Trotec-AirgoPro-8-main-leftt.jpg","width":1000,"height":1000},{"@type":"BreadcrumbList","@id":"https:\/\/geoclimate.ge\/az\/product\/trotec-airgopro-8-odour-neutralizator\/#breadcrumb","itemListElement":[{"@type":"ListItem","position":1,"name":"Home","item":"https:\/\/geoclimate.ge\/az\/"},{"@type":"ListItem","position":2,"name":"M\u0259hsullar","item":"https:\/\/geoclimate.ge\/az\/products\/"},{"@type":"ListItem","position":3,"name":"Trotec AirgoPro 8 \u2013 qoxu neytralla\u015fd\u0131ran plazma sah\u0259sind\u0259 ionla\u015fd\u0131r\u0131c\u0131"}]},{"@type":"WebSite","@id":"https:\/\/geoclimate.ge\/#website","url":"https:\/\/geoclimate.ge\/","name":"GeoClimate","description":"","publisher":{"@id":"https:\/\/geoclimate.ge\/#organization"},"potentialAction":[{"@type":"SearchAction","target":{"@type":"EntryPoint","urlTemplate":"https:\/\/geoclimate.ge\/?s={search_term_string}"},"query-input":{"@type":"PropertyValueSpecification","valueRequired":true,"valueName":"search_term_string"}}],"inLanguage":"az"},{"@type":"Organization","@id":"https:\/\/geoclimate.ge\/#organization","name":"GeoClimate","url":"https:\/\/geoclimate.ge\/","logo":{"@type":"ImageObject","inLanguage":"az","@id":"https:\/\/geoclimate.ge\/#\/schema\/logo\/image\/","url":"https:\/\/geoclimate.ge\/wp-content\/uploads\/2026\/03\/geoclimate-SEO.png","contentUrl":"https:\/\/geoclimate.ge\/wp-content\/uploads\/2026\/03\/geoclimate-SEO.png","width":1536,"height":1024,"caption":"GeoClimate"},"image":{"@id":"https:\/\/geoclimate.ge\/#\/schema\/logo\/image\/"}}]}},"_links":{"self":[{"href":"https:\/\/geoclimate.ge\/az\/wp-json\/wp\/v2\/product\/23226","targetHints":{"allow":["GET"]}}],"collection":[{"href":"https:\/\/geoclimate.ge\/az\/wp-json\/wp\/v2\/product"}],"about":[{"href":"https:\/\/geoclimate.ge\/az\/wp-json\/wp\/v2\/types\/product"}],"wp:featuredmedia":[{"embeddable":true,"href":"https:\/\/geoclimate.ge\/az\/wp-json\/wp\/v2\/media\/26522"}],"wp:attachment":[{"href":"https:\/\/geoclimate.ge\/az\/wp-json\/wp\/v2\/media?parent=23226"}],"wp:term":[{"taxonomy":"product_brand","embeddable":true,"href":"https:\/\/geoclimate.ge\/az\/wp-json\/wp\/v2\/product_brand?post=23226"},{"taxonomy":"product_cat","embeddable":true,"href":"https:\/\/geoclimate.ge\/az\/wp-json\/wp\/v2\/product_cat?post=23226"},{"taxonomy":"product_tag","embeddable":true,"href":"https:\/\/geoclimate.ge\/az\/wp-json\/wp\/v2\/product_tag?post=23226"}],"curies":[{"name":"wp","href":"https:\/\/api.w.org\/{rel}","templated":true}]}}