{"id":23242,"date":"2025-01-11T20:33:13","date_gmt":"2025-01-11T16:33:13","guid":{"rendered":"https:\/\/airsystems.ge\/shop\/product\/dantherm-hpp-iw-12-16-22-28-inverter-swimming-pool-heat-pumps-swimming-pool-heat-pumps-inverter\/"},"modified":"2025-02-20T22:35:15","modified_gmt":"2025-02-20T18:35:15","slug":"dantherm-hpp-iw-12-16-22-28-inverter-swimming-pool-heat-pumps-swimming-pool-heat-pumps-inverter","status":"publish","type":"product","link":"https:\/\/geoclimate.ge\/az\/product\/dantherm-hpp-iw-12-16-22-28-inverter-swimming-pool-heat-pumps-swimming-pool-heat-pumps-inverter\/","title":{"rendered":"Dantherm HPP-iw 12-16-22-28 \u2013 inverter hovuz istilik nasoslar\u0131 Hovuz istilik nasoslar\u0131 \u2013 inverter"},"content":{"rendered":"<p>Y\u00fcks\u0259k istilik istehsal\u0131 il\u0259 birl\u0259\u015f\u0259n a\u015fa\u011f\u0131 enerji istehlak\u0131 HPP-iw istilik nasosunu hovuzunuzu q\u0131zd\u0131rmaq \u00fc\u00e7\u00fcn ekoloji c\u0259h\u0259td\u0259n t\u0259miz bir \u00fcsula \u00e7evirir.<\/p>\n<p>Hovuzlar\u0131n q\u0131zd\u0131r\u0131lmas\u0131n\u0131n alternativ \u00fcsullar\u0131ndan f\u0259rqli olaraq, HPP-iw istilik nasosu yanacaq saxlama \u00e7\u0259ni v\u0259 ya y\u00fcks\u0259k tutumlu elektrik t\u0259chizat\u0131 t\u0259l\u0259b etmir. O, he\u00e7 bir qoxu, buxar v\u0259 ya CO2 qaz\u0131 \u00e7\u0131xarm\u0131r.<\/p>\n<p>HPP-iw istilik nasoslar\u0131 temperatur -10\u00b0C-d\u0259n yuxar\u0131 olduqda b\u00fct\u00fcn il boyu i\u015fl\u0259m\u0259k \u00fc\u00e7\u00fcn n\u0259z\u0259rd\u0259 tutulub. Bel\u0259likl\u0259, hovuz m\u00f6vs\u00fcm\u00fc bir ne\u00e7\u0259 ay uzad\u0131la bil\u0259r.<\/p>\n<p>Bu g\u00fcn hovuz istilik nasoslar\u0131m\u0131za bax\u0131n v\u0259 ist\u0259nil\u0259n miqyasda b\u00fct\u00fcn m\u0259i\u015f\u0259t v\u0259 kommersiya m\u0259qs\u0259dl\u0259ri \u00fc\u00e7\u00fcn uy\u011fun olan b\u00f6y\u00fck hovuz istilik nasoslar\u0131n\u0131 v\u0259 ki\u00e7ik hovuz istilik nasoslar\u0131n\u0131 tap\u0131n.<\/p>\n<p>\u018fsas x\u00fcsusiyy\u0259tl\u0259r<br \/>\n\u0130nverter istilik nasosu<br \/>\nOrta \u00c7NL &gt;10,1 = yand\u0131rma\/s\u00f6nd\u00fcrm\u0259 istilik nasoslar\u0131ndan 2 d\u0259f\u0259 daha s\u0259m\u0259r\u0259lidir<br \/>\nEkoloji c\u0259h\u0259td\u0259n t\u0259miz soyuducu R32 = 675 GWP, (Qlobal \u0130stil\u0259\u015fm\u0259 Potensial\u0131)<br \/>\n15-d\u0259n 36kVt-a q\u0259d\u0259r artan performans g\u00f6st\u0259ricil\u0259ri<br \/>\n&#8220;P\u0131\u00e7\u0131lt\u0131 rejimi&#8221; il\u0259 ekvivalent yand\u0131rma\/s\u00f6nd\u00fcrm\u0259 istilik nasosu il\u0259 m\u00fcqayis\u0259d\u0259 9-11 dB(A) s\u0259sin azald\u0131lmas\u0131<br \/>\n\u00c7oxfunksiyal\u0131 \u0259m\u0259liyyat funksiyalar\u0131 isitm\u0259, q\u0131zd\u0131rma\/soyutma v\u0259 soyutmaya t\u0259yin edil\u0259 bil\u0259r<br \/>\nYum\u015faq ba\u015flan\u011f\u0131c<br \/>\nAl\u00fcminium \u0259rintisi<br \/>\nQura\u015fd\u0131r\u0131lm\u0131\u015f Wi-Fi modulu<br \/>\nPoolTherm T\u0259tbiqi Android v\u0259 iOS-da m\u00f6vcuddur<br \/>\nQ\u0131\u015f \u00f6rt\u00fcy\u00fc daxildir<br \/>\nFaydalar\u0131<br \/>\nA\u00e7\u0131q v\u0259 qapal\u0131 hovuzlar \u00fc\u00e7\u00fcn il boyu istilik<br \/>\n-10\u00b0C \u0259traf hava istiliyin\u0259 q\u0259d\u0259r i\u015fl\u0259y\u0259 bil\u0259r<br \/>\nA\u015fa\u011f\u0131 temperaturlarda y\u00fcks\u0259k istilik performans\u0131 \u2013 m\u00f6vs\u00fcm\u00fcn \u0259vv\u0259lind\u0259 hovuzun tez istil\u0259\u015fm\u0259si \u00fc\u00e7\u00fcn ideald\u0131r<br \/>\nH\u00fcnd\u00fcrl\u00fckd\u0259 hovuzun istil\u0259\u015fm\u0259si<br \/>\nDaha y\u00fcks\u0259k soyutma qabiliyy\u0259ti<br \/>\n\u018fn s\u0259m\u0259r\u0259li modell\u0259r &#8211; \u0259n y\u00fcks\u0259k COP<br \/>\nYeni soyuducu qaz<br \/>\nA\u015fa\u011f\u0131 GWP var (675)<br \/>\nS\u0131f\u0131r ozon da\u011f\u0131d\u0131c\u0131 potensial (ODP)<br \/>\nF-qaz faza a\u015fa\u011f\u0131ya uy\u011fundur<br \/>\nH\u0259r kVt \u00fc\u00e7\u00fcn daha az soyuducu h\u0259cmi t\u0259l\u0259b olunur<br \/>\nYenid\u0259n istifad\u0259 etm\u0259k v\u0259 t\u0259krar emal etm\u0259k daha asand\u0131r<\/p>\n<p>S\u00fcr\u0259tli qura\u015fd\u0131rma, \u00e7evik \u0259m\u0259liyyat<\/p>\n<p>Dantherm HPP-iw istilik nasoslar\u0131n\u0131n qura\u015fd\u0131r\u0131lmas\u0131 asan v\u0259 tam m\u00fcst\u0259qil qur\u011fulard\u0131r. \u0130\u015f\u0259 g\u0259ldikd\u0259, HPP-i aqreqatlar\u0131 s\u0259ssiz, y\u00fcks\u0259k s\u0259m\u0259r\u0259li, etibarl\u0131 v\u0259 t\u0259hl\u00fck\u0259siz performans t\u0259klif edir.<\/p>\n<p>N\u0259zar\u0259tl\u0259r<\/p>\n<p>HPP-iw istilik nasosu sensor ekranl\u0131 istifad\u0259\u00e7i interfeysi il\u0259 inteqrasiya olunmu\u015f n\u0259zar\u0259t\u00e7iy\u0259 malikdir. \u018fsas funksiyalar bunlard\u0131r:<\/p>\n<p>Funksiya parametrl\u0259ri: \u0130stilik, soyutma v\u0259 ya istilik\/soyutma<br \/>\nParametrl\u0259rin t\u0259nziml\u0259nm\u0259si<\/p>\n","protected":false},"excerpt":{"rendered":"<h2 class=\"font-bold text-sm md:text-lg\"><a class=\"underline underline-offset-2 decoration-transparent transition duration-300 ease-linear hover:decoration-black\" href=\"https:\/\/www.danthermgroup.com\/uk\/downloads\/dantherm-group-professional-installed-catalogue\" target=\"_blank\" rel=\"nofollow noindex noopener\">Dantherm Group Catalogue \u2013 Professional Installed Solutions<\/a><\/h2>\n","protected":false},"featured_media":21728,"template":"","meta":[],"product_brand":[],"product_cat":[809,1173],"product_tag":[],"class_list":{"0":"post-23242","1":"product","2":"type-product","3":"status-publish","4":"has-post-thumbnail","6":"product_cat-hava-nmlndiricisi-kondisioner-az-ventilyasiya-ventilyator","7":"product_cat-swimming-pool-heat-pumps-az-2","9":"first","10":"instock","11":"shipping-taxable","12":"product-type-simple"},"yoast_head":"<!-- This site is optimized with the Yoast SEO plugin v27.1.1 - https:\/\/yoast.com\/product\/yoast-seo-wordpress\/ -->\n<title>Dantherm HPP-iw 12-16-22-28 \u2013 inverter hovuz istilik nasoslar\u0131 Hovuz istilik nasoslar\u0131 \u2013 inverter - GeoClimate.ge<\/title>\n<meta name=\"robots\" content=\"index, follow, max-snippet:-1, max-image-preview:large, max-video-preview:-1\" \/>\n<link rel=\"canonical\" href=\"https:\/\/geoclimate.ge\/az\/product\/dantherm-hpp-iw-12-16-22-28-inverter-swimming-pool-heat-pumps-swimming-pool-heat-pumps-inverter\/\" \/>\n<meta property=\"og:locale\" content=\"az_AZ\" \/>\n<meta property=\"og:type\" content=\"article\" \/>\n<meta property=\"og:title\" content=\"Dantherm HPP-iw 12-16-22-28 \u2013 inverter hovuz istilik nasoslar\u0131 Hovuz istilik nasoslar\u0131 \u2013 inverter - GeoClimate.ge\" \/>\n<meta property=\"og:description\" content=\"Dantherm Group Catalogue \u2013 Professional Installed Solutions\" \/>\n<meta property=\"og:url\" content=\"https:\/\/geoclimate.ge\/az\/product\/dantherm-hpp-iw-12-16-22-28-inverter-swimming-pool-heat-pumps-swimming-pool-heat-pumps-inverter\/\" \/>\n<meta property=\"og:site_name\" content=\"GeoClimate.ge\" \/>\n<meta property=\"article:modified_time\" content=\"2025-02-20T18:35:15+00:00\" \/>\n<meta property=\"og:image\" content=\"https:\/\/geoclimate.ge\/wp-content\/uploads\/2025\/01\/Dantherm-HPP-i_Side-2.jpg\" \/>\n\t<meta property=\"og:image:width\" content=\"1000\" \/>\n\t<meta property=\"og:image:height\" content=\"1000\" \/>\n\t<meta property=\"og:image:type\" content=\"image\/jpeg\" \/>\n<meta name=\"twitter:card\" content=\"summary_large_image\" \/>\n<meta name=\"twitter:label1\" content=\"Est. reading time\" \/>\n\t<meta name=\"twitter:data1\" content=\"2 minutes\" \/>\n<script type=\"application\/ld+json\" class=\"yoast-schema-graph\">{\"@context\":\"https:\/\/schema.org\",\"@graph\":[{\"@type\":\"WebPage\",\"@id\":\"https:\/\/geoclimate.ge\/az\/product\/dantherm-hpp-iw-12-16-22-28-inverter-swimming-pool-heat-pumps-swimming-pool-heat-pumps-inverter\/\",\"url\":\"https:\/\/geoclimate.ge\/az\/product\/dantherm-hpp-iw-12-16-22-28-inverter-swimming-pool-heat-pumps-swimming-pool-heat-pumps-inverter\/\",\"name\":\"Dantherm HPP-iw 12-16-22-28 \u2013 inverter hovuz istilik nasoslar\u0131 Hovuz istilik nasoslar\u0131 \u2013 inverter - GeoClimate.ge\",\"isPartOf\":{\"@id\":\"https:\/\/geoclimate.ge\/#website\"},\"primaryImageOfPage\":{\"@id\":\"https:\/\/geoclimate.ge\/az\/product\/dantherm-hpp-iw-12-16-22-28-inverter-swimming-pool-heat-pumps-swimming-pool-heat-pumps-inverter\/#primaryimage\"},\"image\":{\"@id\":\"https:\/\/geoclimate.ge\/az\/product\/dantherm-hpp-iw-12-16-22-28-inverter-swimming-pool-heat-pumps-swimming-pool-heat-pumps-inverter\/#primaryimage\"},\"thumbnailUrl\":\"https:\/\/geoclimate.ge\/wp-content\/uploads\/2025\/01\/Dantherm-HPP-i_Side-2.jpg\",\"datePublished\":\"2025-01-11T16:33:13+00:00\",\"dateModified\":\"2025-02-20T18:35:15+00:00\",\"breadcrumb\":{\"@id\":\"https:\/\/geoclimate.ge\/az\/product\/dantherm-hpp-iw-12-16-22-28-inverter-swimming-pool-heat-pumps-swimming-pool-heat-pumps-inverter\/#breadcrumb\"},\"inLanguage\":\"az\",\"potentialAction\":[{\"@type\":\"ReadAction\",\"target\":[\"https:\/\/geoclimate.ge\/az\/product\/dantherm-hpp-iw-12-16-22-28-inverter-swimming-pool-heat-pumps-swimming-pool-heat-pumps-inverter\/\"]}]},{\"@type\":\"ImageObject\",\"inLanguage\":\"az\",\"@id\":\"https:\/\/geoclimate.ge\/az\/product\/dantherm-hpp-iw-12-16-22-28-inverter-swimming-pool-heat-pumps-swimming-pool-heat-pumps-inverter\/#primaryimage\",\"url\":\"https:\/\/geoclimate.ge\/wp-content\/uploads\/2025\/01\/Dantherm-HPP-i_Side-2.jpg\",\"contentUrl\":\"https:\/\/geoclimate.ge\/wp-content\/uploads\/2025\/01\/Dantherm-HPP-i_Side-2.jpg\",\"width\":1000,\"height\":1000},{\"@type\":\"BreadcrumbList\",\"@id\":\"https:\/\/geoclimate.ge\/az\/product\/dantherm-hpp-iw-12-16-22-28-inverter-swimming-pool-heat-pumps-swimming-pool-heat-pumps-inverter\/#breadcrumb\",\"itemListElement\":[{\"@type\":\"ListItem\",\"position\":1,\"name\":\"Home\",\"item\":\"https:\/\/geoclimate.ge\/az\/\"},{\"@type\":\"ListItem\",\"position\":2,\"name\":\"M\u0259hsullar\",\"item\":\"https:\/\/geoclimate.ge\/az\/products\/\"},{\"@type\":\"ListItem\",\"position\":3,\"name\":\"Dantherm HPP-iw 12-16-22-28 \u2013 inverter hovuz istilik nasoslar\u0131 Hovuz istilik nasoslar\u0131 \u2013 inverter\"}]},{\"@type\":\"WebSite\",\"@id\":\"https:\/\/geoclimate.ge\/#website\",\"url\":\"https:\/\/geoclimate.ge\/\",\"name\":\"GeoClimate\",\"description\":\"\",\"publisher\":{\"@id\":\"https:\/\/geoclimate.ge\/#organization\"},\"potentialAction\":[{\"@type\":\"SearchAction\",\"target\":{\"@type\":\"EntryPoint\",\"urlTemplate\":\"https:\/\/geoclimate.ge\/?s={search_term_string}\"},\"query-input\":{\"@type\":\"PropertyValueSpecification\",\"valueRequired\":true,\"valueName\":\"search_term_string\"}}],\"inLanguage\":\"az\"},{\"@type\":\"Organization\",\"@id\":\"https:\/\/geoclimate.ge\/#organization\",\"name\":\"GeoClimate\",\"url\":\"https:\/\/geoclimate.ge\/\",\"logo\":{\"@type\":\"ImageObject\",\"inLanguage\":\"az\",\"@id\":\"https:\/\/geoclimate.ge\/#\/schema\/logo\/image\/\",\"url\":\"https:\/\/geoclimate.ge\/wp-content\/uploads\/2026\/03\/geoclimate-SEO.png\",\"contentUrl\":\"https:\/\/geoclimate.ge\/wp-content\/uploads\/2026\/03\/geoclimate-SEO.png\",\"width\":1536,\"height\":1024,\"caption\":\"GeoClimate\"},\"image\":{\"@id\":\"https:\/\/geoclimate.ge\/#\/schema\/logo\/image\/\"}}]}<\/script>\n<!-- \/ Yoast SEO plugin. -->","yoast_head_json":{"title":"Dantherm HPP-iw 12-16-22-28 \u2013 inverter hovuz istilik nasoslar\u0131 Hovuz istilik nasoslar\u0131 \u2013 inverter - GeoClimate.ge","robots":{"index":"index","follow":"follow","max-snippet":"max-snippet:-1","max-image-preview":"max-image-preview:large","max-video-preview":"max-video-preview:-1"},"canonical":"https:\/\/geoclimate.ge\/az\/product\/dantherm-hpp-iw-12-16-22-28-inverter-swimming-pool-heat-pumps-swimming-pool-heat-pumps-inverter\/","og_locale":"az_AZ","og_type":"article","og_title":"Dantherm HPP-iw 12-16-22-28 \u2013 inverter hovuz istilik nasoslar\u0131 Hovuz istilik nasoslar\u0131 \u2013 inverter - GeoClimate.ge","og_description":"Dantherm Group Catalogue \u2013 Professional Installed Solutions","og_url":"https:\/\/geoclimate.ge\/az\/product\/dantherm-hpp-iw-12-16-22-28-inverter-swimming-pool-heat-pumps-swimming-pool-heat-pumps-inverter\/","og_site_name":"GeoClimate.ge","article_modified_time":"2025-02-20T18:35:15+00:00","og_image":[{"width":1000,"height":1000,"url":"https:\/\/geoclimate.ge\/wp-content\/uploads\/2025\/01\/Dantherm-HPP-i_Side-2.jpg","type":"image\/jpeg"}],"twitter_card":"summary_large_image","twitter_misc":{"Est. reading time":"2 minutes"},"schema":{"@context":"https:\/\/schema.org","@graph":[{"@type":"WebPage","@id":"https:\/\/geoclimate.ge\/az\/product\/dantherm-hpp-iw-12-16-22-28-inverter-swimming-pool-heat-pumps-swimming-pool-heat-pumps-inverter\/","url":"https:\/\/geoclimate.ge\/az\/product\/dantherm-hpp-iw-12-16-22-28-inverter-swimming-pool-heat-pumps-swimming-pool-heat-pumps-inverter\/","name":"Dantherm HPP-iw 12-16-22-28 \u2013 inverter hovuz istilik nasoslar\u0131 Hovuz istilik nasoslar\u0131 \u2013 inverter - GeoClimate.ge","isPartOf":{"@id":"https:\/\/geoclimate.ge\/#website"},"primaryImageOfPage":{"@id":"https:\/\/geoclimate.ge\/az\/product\/dantherm-hpp-iw-12-16-22-28-inverter-swimming-pool-heat-pumps-swimming-pool-heat-pumps-inverter\/#primaryimage"},"image":{"@id":"https:\/\/geoclimate.ge\/az\/product\/dantherm-hpp-iw-12-16-22-28-inverter-swimming-pool-heat-pumps-swimming-pool-heat-pumps-inverter\/#primaryimage"},"thumbnailUrl":"https:\/\/geoclimate.ge\/wp-content\/uploads\/2025\/01\/Dantherm-HPP-i_Side-2.jpg","datePublished":"2025-01-11T16:33:13+00:00","dateModified":"2025-02-20T18:35:15+00:00","breadcrumb":{"@id":"https:\/\/geoclimate.ge\/az\/product\/dantherm-hpp-iw-12-16-22-28-inverter-swimming-pool-heat-pumps-swimming-pool-heat-pumps-inverter\/#breadcrumb"},"inLanguage":"az","potentialAction":[{"@type":"ReadAction","target":["https:\/\/geoclimate.ge\/az\/product\/dantherm-hpp-iw-12-16-22-28-inverter-swimming-pool-heat-pumps-swimming-pool-heat-pumps-inverter\/"]}]},{"@type":"ImageObject","inLanguage":"az","@id":"https:\/\/geoclimate.ge\/az\/product\/dantherm-hpp-iw-12-16-22-28-inverter-swimming-pool-heat-pumps-swimming-pool-heat-pumps-inverter\/#primaryimage","url":"https:\/\/geoclimate.ge\/wp-content\/uploads\/2025\/01\/Dantherm-HPP-i_Side-2.jpg","contentUrl":"https:\/\/geoclimate.ge\/wp-content\/uploads\/2025\/01\/Dantherm-HPP-i_Side-2.jpg","width":1000,"height":1000},{"@type":"BreadcrumbList","@id":"https:\/\/geoclimate.ge\/az\/product\/dantherm-hpp-iw-12-16-22-28-inverter-swimming-pool-heat-pumps-swimming-pool-heat-pumps-inverter\/#breadcrumb","itemListElement":[{"@type":"ListItem","position":1,"name":"Home","item":"https:\/\/geoclimate.ge\/az\/"},{"@type":"ListItem","position":2,"name":"M\u0259hsullar","item":"https:\/\/geoclimate.ge\/az\/products\/"},{"@type":"ListItem","position":3,"name":"Dantherm HPP-iw 12-16-22-28 \u2013 inverter hovuz istilik nasoslar\u0131 Hovuz istilik nasoslar\u0131 \u2013 inverter"}]},{"@type":"WebSite","@id":"https:\/\/geoclimate.ge\/#website","url":"https:\/\/geoclimate.ge\/","name":"GeoClimate","description":"","publisher":{"@id":"https:\/\/geoclimate.ge\/#organization"},"potentialAction":[{"@type":"SearchAction","target":{"@type":"EntryPoint","urlTemplate":"https:\/\/geoclimate.ge\/?s={search_term_string}"},"query-input":{"@type":"PropertyValueSpecification","valueRequired":true,"valueName":"search_term_string"}}],"inLanguage":"az"},{"@type":"Organization","@id":"https:\/\/geoclimate.ge\/#organization","name":"GeoClimate","url":"https:\/\/geoclimate.ge\/","logo":{"@type":"ImageObject","inLanguage":"az","@id":"https:\/\/geoclimate.ge\/#\/schema\/logo\/image\/","url":"https:\/\/geoclimate.ge\/wp-content\/uploads\/2026\/03\/geoclimate-SEO.png","contentUrl":"https:\/\/geoclimate.ge\/wp-content\/uploads\/2026\/03\/geoclimate-SEO.png","width":1536,"height":1024,"caption":"GeoClimate"},"image":{"@id":"https:\/\/geoclimate.ge\/#\/schema\/logo\/image\/"}}]}},"_links":{"self":[{"href":"https:\/\/geoclimate.ge\/az\/wp-json\/wp\/v2\/product\/23242","targetHints":{"allow":["GET"]}}],"collection":[{"href":"https:\/\/geoclimate.ge\/az\/wp-json\/wp\/v2\/product"}],"about":[{"href":"https:\/\/geoclimate.ge\/az\/wp-json\/wp\/v2\/types\/product"}],"wp:featuredmedia":[{"embeddable":true,"href":"https:\/\/geoclimate.ge\/az\/wp-json\/wp\/v2\/media\/21728"}],"wp:attachment":[{"href":"https:\/\/geoclimate.ge\/az\/wp-json\/wp\/v2\/media?parent=23242"}],"wp:term":[{"taxonomy":"product_brand","embeddable":true,"href":"https:\/\/geoclimate.ge\/az\/wp-json\/wp\/v2\/product_brand?post=23242"},{"taxonomy":"product_cat","embeddable":true,"href":"https:\/\/geoclimate.ge\/az\/wp-json\/wp\/v2\/product_cat?post=23242"},{"taxonomy":"product_tag","embeddable":true,"href":"https:\/\/geoclimate.ge\/az\/wp-json\/wp\/v2\/product_tag?post=23242"}],"curies":[{"name":"wp","href":"https:\/\/api.w.org\/{rel}","templated":true}]}}