{"id":23246,"date":"2024-01-28T22:37:15","date_gmt":"2024-01-28T18:37:15","guid":{"rendered":"https:\/\/airsystems.ge\/shop\/product\/dantherm-ac-7000-air-conditioner\/"},"modified":"2025-02-20T22:41:38","modified_gmt":"2025-02-20T18:41:38","slug":"dantherm-ac-7000-air-conditioner","status":"publish","type":"product","link":"https:\/\/geoclimate.ge\/az\/product\/dantherm-ac-7000-air-conditioner\/","title":{"rendered":"Dantherm AC 7000 \u2013 kondisioner"},"content":{"rendered":"<section class=\"max-w-[1088px] mx-auto w-full px-5 my-10 md:my-12 lg:my-16 xl:my-20 xl:px-0\" data-block=\"bullet-list\">\n<div class=\"md:text-center\">\n<p><strong>\u018fsas x\u00fcsusiyy\u0259tl\u0259r<\/strong><br \/>\nM\u00f6hk\u0259m metal konstruksiya<br \/>\nY\u00fcks\u0259k s\u0259m\u0259r\u0259li soyutma d\u00f6vr\u0259si<br \/>\n\u018fvv\u0259lc\u0259d\u0259n t\u0259lim olmadan qura\u015fd\u0131r\u0131la bil\u0259r<br \/>\nTez qo\u015fulan soyutma x\u0259tti birl\u0259\u015fdiricil\u0259ri<br \/>\nAdd\u0131ms\u0131z d\u0259yi\u015f\u0259n fan s\u00fcr\u0259ti v\u0259 t\u0259nziml\u0259n\u0259n barmaql\u0131\u011f\u0131 olan daxili blok<br \/>\nDaxili v\u0259 xarici qur\u011fular aras\u0131nda 30 metr\u0259 q\u0259d\u0259r qura\u015fd\u0131rma m\u0259saf\u0259si<br \/>\n\u0130nc\u0259 su v\u0259 qlikol \u015flanq ba\u011flant\u0131s\u0131 b\u00f6y\u00fck hava kanallar\u0131na ehtiyac\u0131 aradan qald\u0131r\u0131r<\/p>\n<p>AC 7000 istiliyi soyuducu soyutma sistemin\u0259 udur.Oradan istilik \u00f6z t\u0259rkibli soyudulmu\u015f su\/qlikol sistemin\u0259 \u00f6t\u00fcr\u00fcl\u00fcr. Daha sonra o, suyun soyudu\u011fu v\u0259 istiliyin yay\u0131ld\u0131\u011f\u0131 xarici bloka pompalan\u0131r.<\/p>\n<p>Daxili blok iki tez birl\u0259\u015fdiril\u0259n, \u00f6z\u00fcn\u00fc m\u00f6h\u00fcrl\u0259y\u0259n \u00e7evik \u015flanqlar vasit\u0259sil\u0259 xarici bloka qo\u015fulur. Bu \u015flanqlar 10 m uzunluqda verilir v\u0259 maksimum 30 m uzunlu\u011fa qo\u015fula bil\u0259r.<\/p>\n<\/div>\n<\/section>\n<section class=\"max-w-[1088px] mx-auto w-full px-5 my-10 md:my-12 lg:my-16 xl:my-20 xl:px-0\" data-block=\"product-specifications\">\n<div class=\"md:text-center\">\n<h3 class=\"text-black font-bold text-lg md:text-xl lg:text-2xl\"><strong>Product specifications<\/strong><\/h3>\n<\/div>\n<div class=\" md:mt-10\">\n<div class=\"\">\n<div class=\"lg:mt-0 \">\n<div id=\"spec-ac-7000\" class=\"prose max-w-full md:overflow-auto\" data-spec-content=\"\">\n<div class=\"spreadsheet-container hidden md:block\">\n<table class=\"w-full table-fixed mb-0\">\n<thead>\n<tr>\n<th class=\"font-bold text-base\"><span class=\"block px-4\">Specifications<\/span><\/th>\n<th class=\"font-bold text-base text-center\"><span class=\"block px-10 md:px-20\">Units<\/span><\/th>\n<th class=\"font-bold text-base text-center will-change\"><span class=\"block px-4\">AC\u00a07000<\/span><\/th>\n<\/tr>\n<\/thead>\n<tbody>\n<tr class=\"bg-grey-200\/50 p-2\">\n<td colspan=\"1\"><span class=\"block px-4\">Cooling capacity at 25\u00b0C<\/span><\/td>\n<td class=\"text-center\">\n<div class=\"px-10 md:px-20 flex items-center justify-center\">kW<\/div>\n<\/td>\n<td class=\"text-center will-change\">\n<div class=\"px-10 md:px-20 flex items-center justify-center\">6.5<\/div>\n<\/td>\n<\/tr>\n<tr class=\" p-2\">\n<td colspan=\"1\"><span class=\"block px-4\">Cooling capacity at 25\u00b0C<\/span><\/td>\n<td class=\"text-center\">\n<div class=\"px-10 md:px-20 flex items-center justify-center\">Btu\/h<\/div>\n<\/td>\n<td class=\"text-center will-change\">\n<div class=\"px-10 md:px-20 flex items-center justify-center\">22.178<\/div>\n<\/td>\n<\/tr>\n<tr class=\"bg-grey-200\/50 p-2\">\n<td colspan=\"1\"><span class=\"block px-4\">Max. cooling capacity<\/span><\/td>\n<td class=\"text-center\">\n<div class=\"px-10 md:px-20 flex items-center justify-center\">kW<\/div>\n<\/td>\n<td class=\"text-center will-change\">\n<div class=\"px-10 md:px-20 flex items-center justify-center\">7<\/div>\n<\/td>\n<\/tr>\n<tr class=\" p-2\">\n<td colspan=\"1\"><span class=\"block px-4\">Max. cooling capacity<\/span><\/td>\n<td class=\"text-center\">\n<div class=\"px-10 md:px-20 flex items-center justify-center\">Btu\/h<\/div>\n<\/td>\n<td class=\"text-center will-change\">\n<div class=\"px-10 md:px-20 flex items-center justify-center\">23.884<\/div>\n<\/td>\n<\/tr>\n<tr class=\"bg-grey-200\/50 p-2\">\n<td colspan=\"1\"><span class=\"block px-4\">Air flow min.<\/span><\/td>\n<td class=\"text-center\">\n<div class=\"px-10 md:px-20 flex items-center justify-center\">m\u00b3\/h<\/div>\n<\/td>\n<td class=\"text-center will-change\">\n<div class=\"px-10 md:px-20 flex items-center justify-center\">800<\/div>\n<\/td>\n<\/tr>\n<tr class=\" p-2\">\n<td colspan=\"1\"><span class=\"block px-4\">Air flow max.<\/span><\/td>\n<td class=\"text-center\">\n<div class=\"px-10 md:px-20 flex items-center justify-center\">m\u00b3\/h<\/div>\n<\/td>\n<td class=\"text-center will-change\">\n<div class=\"px-10 md:px-20 flex items-center justify-center\">1,450<\/div>\n<\/td>\n<\/tr>\n<tr class=\"bg-grey-200\/50 p-2\">\n<td colspan=\"1\"><span class=\"block px-4\">Operating temperature range<\/span><\/td>\n<td class=\"text-center\">\n<div class=\"px-10 md:px-20 flex items-center justify-center\">\u00b0C<\/div>\n<\/td>\n<td class=\"text-center will-change\">\n<div class=\"px-10 md:px-20 flex items-center justify-center\">-5 \u2013 +45<\/div>\n<\/td>\n<\/tr>\n<tr class=\" p-2\">\n<td colspan=\"1\"><span class=\"block px-4\">Power supply<\/span><\/td>\n<td class=\"text-center\">\n<div class=\"px-10 md:px-20 flex items-center justify-center\">V\/Hz<\/div>\n<\/td>\n<td class=\"text-center will-change\">\n<div class=\"px-10 md:px-20 flex items-center justify-center\">230\/1ph\/50<\/div>\n<\/td>\n<\/tr>\n<tr class=\"bg-grey-200\/50 p-2\">\n<td colspan=\"1\"><span class=\"block px-4\">Power input<\/span><\/td>\n<td class=\"text-center\">\n<div class=\"px-10 md:px-20 flex items-center justify-center\">W<\/div>\n<\/td>\n<td class=\"text-center will-change\">\n<div class=\"px-10 md:px-20 flex items-center justify-center\">2,950<\/div>\n<\/td>\n<\/tr>\n<tr class=\" p-2\">\n<td colspan=\"1\"><span class=\"block px-4\">Nominal current<\/span><\/td>\n<td class=\"text-center\">\n<div class=\"px-10 md:px-20 flex items-center justify-center\">A<\/div>\n<\/td>\n<td class=\"text-center will-change\">\n<div class=\"px-10 md:px-20 flex items-center justify-center\">9<\/div>\n<\/td>\n<\/tr>\n<tr class=\"bg-grey-200\/50 p-2\">\n<td colspan=\"1\"><span class=\"block px-4\">Recommended fusing<\/span><\/td>\n<td class=\"text-center\">\n<div class=\"px-10 md:px-20 flex items-center justify-center\">A<\/div>\n<\/td>\n<td class=\"text-center will-change\">\n<div class=\"px-10 md:px-20 flex items-center justify-center\">13<\/div>\n<\/td>\n<\/tr>\n<tr class=\" p-2\">\n<td colspan=\"1\"><span class=\"block px-4\">Refrigerant<\/span><\/td>\n<td class=\"text-center\">\n<div class=\"px-10 md:px-20 flex items-center justify-center\">Type\/g<\/div>\n<\/td>\n<td class=\"text-center will-change\">\n<div class=\"px-10 md:px-20 flex items-center justify-center\">R454C\/840<\/div>\n<\/td>\n<\/tr>\n<tr class=\"bg-grey-200\/50 p-2\">\n<td colspan=\"1\"><span class=\"block px-4\">GWP factor<\/span><\/td>\n<td class=\"text-center\">\n<div class=\"px-10 md:px-20 flex items-center justify-center\"><\/div>\n<\/td>\n<td class=\"text-center will-change\">\n<div class=\"px-10 md:px-20 flex items-center justify-center\">148<\/div>\n<\/td>\n<\/tr>\n<tr class=\" p-2\">\n<td colspan=\"1\"><span class=\"block px-4\">Sound level @1m<\/span><\/td>\n<td class=\"text-center\">\n<div class=\"px-10 md:px-20 flex items-center justify-center\">dB(A)<\/div>\n<\/td>\n<td class=\"text-center will-change\">\n<div class=\"px-10 md:px-20 flex items-center justify-center\">62<\/div>\n<\/td>\n<\/tr>\n<tr class=\"bg-grey-200\/50 p-2\">\n<td colspan=\"1\"><span class=\"block px-4\">Protection class otdoor\/indoor unit<\/span><\/td>\n<td class=\"text-center\">\n<div class=\"px-10 md:px-20 flex items-center justify-center\"><\/div>\n<\/td>\n<td class=\"text-center will-change\">\n<div class=\"px-10 md:px-20 flex items-center justify-center\">IP54\/IP44<\/div>\n<\/td>\n<\/tr>\n<tr class=\" p-2\">\n<td colspan=\"1\"><span class=\"block px-4\">Cooling medium (30% glycol\/water mixture) of the outdoor unit<\/span><\/td>\n<td class=\"text-center\">\n<div class=\"px-10 md:px-20 flex items-center justify-center\"><\/div>\n<\/td>\n<td class=\"text-center will-change\">\n<div class=\"px-10 md:px-20 flex items-center justify-center\">10.5 litres of water \/ 4.5 litres of glycol<\/div>\n<\/td>\n<\/tr>\n<tr class=\"bg-grey-200\/50 p-2\">\n<td colspan=\"1\"><span class=\"block px-4\">Product size &#8211; internal unit (l x w x h)<\/span><\/td>\n<td class=\"text-center\">\n<div class=\"px-10 md:px-20 flex items-center justify-center\">mm<\/div>\n<\/td>\n<td class=\"text-center will-change\">\n<div class=\"px-10 md:px-20 flex items-center justify-center\">400 x 880 x 1025<\/div>\n<\/td>\n<\/tr>\n<tr class=\" p-2\">\n<td colspan=\"1\"><span class=\"block px-4\">Product size &#8211; external unit (l x w x h)<\/span><\/td>\n<td class=\"text-center\">\n<div class=\"px-10 md:px-20 flex items-center justify-center\">mm<\/div>\n<\/td>\n<td class=\"text-center will-change\">\n<div class=\"px-10 md:px-20 flex items-center justify-center\">250 x 700 x 580<\/div>\n<\/td>\n<\/tr>\n<tr class=\"bg-grey-200\/50 p-2\">\n<td colspan=\"1\"><span class=\"block px-4\">Weight<\/span><\/td>\n<td class=\"text-center\">\n<div class=\"px-10 md:px-20 flex items-center justify-center\">kg<\/div>\n<\/td>\n<td class=\"text-center will-change\">\n<div class=\"px-10 md:px-20 flex items-center justify-center\">114<\/div>\n<\/td>\n<\/tr>\n<\/tbody>\n<\/table>\n<\/div>\n<\/div>\n<\/div>\n<\/div>\n<\/div>\n<\/section>\n<section class=\"max-w-[1088px] mx-auto w-full px-5 my-10 md:my-12 lg:my-16 xl:my-20 xl:px-0\" data-block=\"link-list\">\n<div class=\"max-w-[1088px] mx-auto\">\n<div class=\"md:text-center\">\n<h3 class=\"text-black font-bold text-lg md:text-xl lg:text-2xl\"><strong>Suitable for<\/strong><\/h3>\n<\/div>\n<div class=\"mt-6 max-w-4xl mx-auto\">\n<div class=\"flex flex-wrap md:ml-20\">\n<div class=\"w-full md:w-1\/2 auto-bullets md:pr-16\">\n<ul>\n<li class=\"flex items-center gap-5 text-sm text-black mt-3 md:text-base lg:text-lg\">\n<div>Commercial buildings<\/div>\n<\/li>\n<li class=\"flex items-center gap-5 text-sm text-black mt-3 md:text-base md:mt-4 lg:text-lg\">\n<div>Data centers and telecoms<\/div>\n<\/li>\n<li class=\"flex items-center gap-5 text-sm text-black mt-3 md:text-base md:mt-4 lg:text-lg\">\n<div>Events and festivals<\/div>\n<\/li>\n<li class=\"flex items-center gap-5 text-sm text-black mt-3 md:text-base md:mt-4 lg:text-lg\">\n<div>Industrial, factories and production<\/div>\n<\/li>\n<\/ul>\n<\/div>\n<div class=\"w-full md:w-1\/2 auto-bullets \">\n<ul>\n<li class=\"flex items-center gap-5 text-sm text-black mt-3 md:text-base lg:text-lg\">\n<div>Leisure and recreation<\/div>\n<\/li>\n<li class=\"flex items-center gap-5 text-sm text-black mt-3 md:text-base md:mt-4 lg:text-lg\">\n<div>Rental companies<\/div>\n<\/li>\n<li class=\"flex items-center gap-5 text-sm text-black mt-3 md:text-base md:mt-4 lg:text-lg\">\n<div>Transport and logistics<\/div>\n<\/li>\n<li class=\"flex items-center gap-5 text-sm text-black mt-3 md:text-base md:mt-4 lg:text-lg\">\n<div>Warehouses and storage<\/div>\n<\/li>\n<\/ul>\n<h2 class=\"font-bold text-sm md:text-lg\"><a class=\"underline underline-offset-2 decoration-transparent transition duration-300 ease-linear hover:decoration-black\" href=\"https:\/\/www.danthermgroup.com\/uk\/downloads\/dantherm-ac-7000-product-guide\" target=\"_blank\" rel=\"nofollow noindex noopener\">Dantherm AC 7000 product guide<\/a><\/h2>\n<h2 class=\"font-bold text-sm md:text-lg\"><a class=\"underline underline-offset-2 decoration-transparent transition duration-300 ease-linear hover:decoration-black\" href=\"https:\/\/www.danthermgroup.com\/uk\/downloads\/dantherm-ac-7000-manual\" target=\"_blank\" rel=\"nofollow noindex noopener\">Dantherm AC 7000 user manual<\/a><\/h2>\n<\/div>\n<\/div>\n<\/div>\n<\/div>\n<\/section>\n","protected":false},"excerpt":{"rendered":"<p>Dantherm AC 7000 \u2013 kondisioner<br \/>\nKondisioner<\/p>\n<p>M\u00fcv\u0259qq\u0259ti ki\u00e7ik miqyasl\u0131 soyutmaya ehtiyac olduqda, s\u0259m\u0259r\u0259li v\u0259 asanl\u0131qla h\u0259yata ke\u00e7iril\u0259n bir h\u0259ll t\u0259l\u0259b olunur. AC 7000 mobil su il\u0259 soyudulmu\u015f kondisioner, cihaz\u0131 qura\u015fd\u0131rmaq \u00fc\u00e7\u00fcn he\u00e7 bir soyutma biliyi v\u0259 ya x\u00fcsusi t\u0259lim t\u0259l\u0259b etm\u0259d\u0259n bir ne\u00e7\u0259 d\u0259qiq\u0259 \u0259rzind\u0259 s\u0259m\u0259r\u0259li soyutma t\u0259min ed\u0259 bil\u0259r.<\/p>\n<p>\u0130st\u0259nil\u0259n miqyasda b\u00fct\u00fcn t\u0259tbiq n\u00f6vl\u0259ri v\u0259 kommersiya v\u0259 ya s\u0259naye m\u0259qs\u0259dl\u0259ri \u00fc\u00e7\u00fcn uy\u011fun olan hava soyutma qur\u011fular\u0131m\u0131za v\u0259 kondisionerl\u0259rimiz\u0259 bax\u0131n.<\/p>\n","protected":false},"featured_media":21598,"template":"","meta":[],"product_brand":[],"product_cat":[878,809,883],"product_tag":[],"class_list":{"0":"post-23246","1":"product","2":"type-product","3":"status-publish","4":"has-post-thumbnail","6":"product_cat-kondisioner-soyuducular-soyutma-biosoyuducu","7":"product_cat-hava-nmlndiricisi-kondisioner-az-ventilyasiya-ventilyator","8":"product_cat-ticart-kondisionerlr-portativ-az","10":"first","11":"instock","12":"shipping-taxable","13":"purchasable","14":"product-type-simple"},"yoast_head":"<!-- This site is optimized with the Yoast SEO plugin v27.1.1 - https:\/\/yoast.com\/product\/yoast-seo-wordpress\/ -->\n<title>Dantherm AC 7000 \u2013 kondisioner - GeoClimate.ge<\/title>\n<meta name=\"robots\" content=\"index, follow, max-snippet:-1, max-image-preview:large, max-video-preview:-1\" \/>\n<link rel=\"canonical\" href=\"https:\/\/geoclimate.ge\/az\/product\/dantherm-ac-7000-air-conditioner\/\" \/>\n<meta property=\"og:locale\" content=\"az_AZ\" \/>\n<meta property=\"og:type\" content=\"article\" \/>\n<meta property=\"og:title\" content=\"Dantherm AC 7000 \u2013 kondisioner - GeoClimate.ge\" \/>\n<meta property=\"og:description\" content=\"Dantherm AC 7000 \u2013 kondisioner Kondisioner  M\u00fcv\u0259qq\u0259ti ki\u00e7ik miqyasl\u0131 soyutmaya ehtiyac olduqda, s\u0259m\u0259r\u0259li v\u0259 asanl\u0131qla h\u0259yata ke\u00e7iril\u0259n bir h\u0259ll t\u0259l\u0259b olunur. AC 7000 mobil su il\u0259 soyudulmu\u015f kondisioner, cihaz\u0131 qura\u015fd\u0131rmaq \u00fc\u00e7\u00fcn he\u00e7 bir soyutma biliyi v\u0259 ya x\u00fcsusi t\u0259lim t\u0259l\u0259b etm\u0259d\u0259n bir ne\u00e7\u0259 d\u0259qiq\u0259 \u0259rzind\u0259 s\u0259m\u0259r\u0259li soyutma t\u0259min ed\u0259 bil\u0259r.  \u0130st\u0259nil\u0259n miqyasda b\u00fct\u00fcn t\u0259tbiq n\u00f6vl\u0259ri v\u0259 kommersiya v\u0259 ya s\u0259naye m\u0259qs\u0259dl\u0259ri \u00fc\u00e7\u00fcn uy\u011fun olan hava soyutma qur\u011fular\u0131m\u0131za v\u0259 kondisionerl\u0259rimiz\u0259 bax\u0131n.\" \/>\n<meta property=\"og:url\" content=\"https:\/\/geoclimate.ge\/az\/product\/dantherm-ac-7000-air-conditioner\/\" \/>\n<meta property=\"og:site_name\" content=\"GeoClimate.ge\" \/>\n<meta property=\"article:modified_time\" content=\"2025-02-20T18:41:38+00:00\" \/>\n<meta property=\"og:image\" content=\"https:\/\/geoclimate.ge\/wp-content\/uploads\/2024\/11\/Dantherm-AC-7000-hero_e1641f15d5258eefe8c79c2e55921678.webp\" \/>\n\t<meta property=\"og:image:width\" content=\"1000\" \/>\n\t<meta property=\"og:image:height\" content=\"1000\" \/>\n\t<meta property=\"og:image:type\" content=\"image\/webp\" \/>\n<meta name=\"twitter:card\" content=\"summary_large_image\" \/>\n<meta name=\"twitter:label1\" content=\"Est. reading time\" \/>\n\t<meta name=\"twitter:data1\" content=\"2 minutes\" \/>\n<script type=\"application\/ld+json\" class=\"yoast-schema-graph\">{\"@context\":\"https:\/\/schema.org\",\"@graph\":[{\"@type\":\"WebPage\",\"@id\":\"https:\/\/geoclimate.ge\/az\/product\/dantherm-ac-7000-air-conditioner\/\",\"url\":\"https:\/\/geoclimate.ge\/az\/product\/dantherm-ac-7000-air-conditioner\/\",\"name\":\"Dantherm AC 7000 \u2013 kondisioner - GeoClimate.ge\",\"isPartOf\":{\"@id\":\"https:\/\/geoclimate.ge\/#website\"},\"primaryImageOfPage\":{\"@id\":\"https:\/\/geoclimate.ge\/az\/product\/dantherm-ac-7000-air-conditioner\/#primaryimage\"},\"image\":{\"@id\":\"https:\/\/geoclimate.ge\/az\/product\/dantherm-ac-7000-air-conditioner\/#primaryimage\"},\"thumbnailUrl\":\"https:\/\/geoclimate.ge\/wp-content\/uploads\/2024\/11\/Dantherm-AC-7000-hero_e1641f15d5258eefe8c79c2e55921678.webp\",\"datePublished\":\"2024-01-28T18:37:15+00:00\",\"dateModified\":\"2025-02-20T18:41:38+00:00\",\"breadcrumb\":{\"@id\":\"https:\/\/geoclimate.ge\/az\/product\/dantherm-ac-7000-air-conditioner\/#breadcrumb\"},\"inLanguage\":\"az\",\"potentialAction\":[{\"@type\":\"ReadAction\",\"target\":[\"https:\/\/geoclimate.ge\/az\/product\/dantherm-ac-7000-air-conditioner\/\"]}]},{\"@type\":\"ImageObject\",\"inLanguage\":\"az\",\"@id\":\"https:\/\/geoclimate.ge\/az\/product\/dantherm-ac-7000-air-conditioner\/#primaryimage\",\"url\":\"https:\/\/geoclimate.ge\/wp-content\/uploads\/2024\/11\/Dantherm-AC-7000-hero_e1641f15d5258eefe8c79c2e55921678.webp\",\"contentUrl\":\"https:\/\/geoclimate.ge\/wp-content\/uploads\/2024\/11\/Dantherm-AC-7000-hero_e1641f15d5258eefe8c79c2e55921678.webp\",\"width\":1000,\"height\":1000},{\"@type\":\"BreadcrumbList\",\"@id\":\"https:\/\/geoclimate.ge\/az\/product\/dantherm-ac-7000-air-conditioner\/#breadcrumb\",\"itemListElement\":[{\"@type\":\"ListItem\",\"position\":1,\"name\":\"Home\",\"item\":\"https:\/\/geoclimate.ge\/az\/\"},{\"@type\":\"ListItem\",\"position\":2,\"name\":\"M\u0259hsullar\",\"item\":\"https:\/\/geoclimate.ge\/az\/products\/\"},{\"@type\":\"ListItem\",\"position\":3,\"name\":\"Dantherm AC 7000 \u2013 kondisioner\"}]},{\"@type\":\"WebSite\",\"@id\":\"https:\/\/geoclimate.ge\/#website\",\"url\":\"https:\/\/geoclimate.ge\/\",\"name\":\"GeoClimate\",\"description\":\"\",\"publisher\":{\"@id\":\"https:\/\/geoclimate.ge\/#organization\"},\"potentialAction\":[{\"@type\":\"SearchAction\",\"target\":{\"@type\":\"EntryPoint\",\"urlTemplate\":\"https:\/\/geoclimate.ge\/?s={search_term_string}\"},\"query-input\":{\"@type\":\"PropertyValueSpecification\",\"valueRequired\":true,\"valueName\":\"search_term_string\"}}],\"inLanguage\":\"az\"},{\"@type\":\"Organization\",\"@id\":\"https:\/\/geoclimate.ge\/#organization\",\"name\":\"GeoClimate\",\"url\":\"https:\/\/geoclimate.ge\/\",\"logo\":{\"@type\":\"ImageObject\",\"inLanguage\":\"az\",\"@id\":\"https:\/\/geoclimate.ge\/#\/schema\/logo\/image\/\",\"url\":\"https:\/\/geoclimate.ge\/wp-content\/uploads\/2026\/03\/geoclimate-SEO.png\",\"contentUrl\":\"https:\/\/geoclimate.ge\/wp-content\/uploads\/2026\/03\/geoclimate-SEO.png\",\"width\":1536,\"height\":1024,\"caption\":\"GeoClimate\"},\"image\":{\"@id\":\"https:\/\/geoclimate.ge\/#\/schema\/logo\/image\/\"}}]}<\/script>\n<!-- \/ Yoast SEO plugin. -->","yoast_head_json":{"title":"Dantherm AC 7000 \u2013 kondisioner - GeoClimate.ge","robots":{"index":"index","follow":"follow","max-snippet":"max-snippet:-1","max-image-preview":"max-image-preview:large","max-video-preview":"max-video-preview:-1"},"canonical":"https:\/\/geoclimate.ge\/az\/product\/dantherm-ac-7000-air-conditioner\/","og_locale":"az_AZ","og_type":"article","og_title":"Dantherm AC 7000 \u2013 kondisioner - GeoClimate.ge","og_description":"Dantherm AC 7000 \u2013 kondisioner Kondisioner  M\u00fcv\u0259qq\u0259ti ki\u00e7ik miqyasl\u0131 soyutmaya ehtiyac olduqda, s\u0259m\u0259r\u0259li v\u0259 asanl\u0131qla h\u0259yata ke\u00e7iril\u0259n bir h\u0259ll t\u0259l\u0259b olunur. AC 7000 mobil su il\u0259 soyudulmu\u015f kondisioner, cihaz\u0131 qura\u015fd\u0131rmaq \u00fc\u00e7\u00fcn he\u00e7 bir soyutma biliyi v\u0259 ya x\u00fcsusi t\u0259lim t\u0259l\u0259b etm\u0259d\u0259n bir ne\u00e7\u0259 d\u0259qiq\u0259 \u0259rzind\u0259 s\u0259m\u0259r\u0259li soyutma t\u0259min ed\u0259 bil\u0259r.  \u0130st\u0259nil\u0259n miqyasda b\u00fct\u00fcn t\u0259tbiq n\u00f6vl\u0259ri v\u0259 kommersiya v\u0259 ya s\u0259naye m\u0259qs\u0259dl\u0259ri \u00fc\u00e7\u00fcn uy\u011fun olan hava soyutma qur\u011fular\u0131m\u0131za v\u0259 kondisionerl\u0259rimiz\u0259 bax\u0131n.","og_url":"https:\/\/geoclimate.ge\/az\/product\/dantherm-ac-7000-air-conditioner\/","og_site_name":"GeoClimate.ge","article_modified_time":"2025-02-20T18:41:38+00:00","og_image":[{"width":1000,"height":1000,"url":"https:\/\/geoclimate.ge\/wp-content\/uploads\/2024\/11\/Dantherm-AC-7000-hero_e1641f15d5258eefe8c79c2e55921678.webp","type":"image\/webp"}],"twitter_card":"summary_large_image","twitter_misc":{"Est. reading time":"2 minutes"},"schema":{"@context":"https:\/\/schema.org","@graph":[{"@type":"WebPage","@id":"https:\/\/geoclimate.ge\/az\/product\/dantherm-ac-7000-air-conditioner\/","url":"https:\/\/geoclimate.ge\/az\/product\/dantherm-ac-7000-air-conditioner\/","name":"Dantherm AC 7000 \u2013 kondisioner - GeoClimate.ge","isPartOf":{"@id":"https:\/\/geoclimate.ge\/#website"},"primaryImageOfPage":{"@id":"https:\/\/geoclimate.ge\/az\/product\/dantherm-ac-7000-air-conditioner\/#primaryimage"},"image":{"@id":"https:\/\/geoclimate.ge\/az\/product\/dantherm-ac-7000-air-conditioner\/#primaryimage"},"thumbnailUrl":"https:\/\/geoclimate.ge\/wp-content\/uploads\/2024\/11\/Dantherm-AC-7000-hero_e1641f15d5258eefe8c79c2e55921678.webp","datePublished":"2024-01-28T18:37:15+00:00","dateModified":"2025-02-20T18:41:38+00:00","breadcrumb":{"@id":"https:\/\/geoclimate.ge\/az\/product\/dantherm-ac-7000-air-conditioner\/#breadcrumb"},"inLanguage":"az","potentialAction":[{"@type":"ReadAction","target":["https:\/\/geoclimate.ge\/az\/product\/dantherm-ac-7000-air-conditioner\/"]}]},{"@type":"ImageObject","inLanguage":"az","@id":"https:\/\/geoclimate.ge\/az\/product\/dantherm-ac-7000-air-conditioner\/#primaryimage","url":"https:\/\/geoclimate.ge\/wp-content\/uploads\/2024\/11\/Dantherm-AC-7000-hero_e1641f15d5258eefe8c79c2e55921678.webp","contentUrl":"https:\/\/geoclimate.ge\/wp-content\/uploads\/2024\/11\/Dantherm-AC-7000-hero_e1641f15d5258eefe8c79c2e55921678.webp","width":1000,"height":1000},{"@type":"BreadcrumbList","@id":"https:\/\/geoclimate.ge\/az\/product\/dantherm-ac-7000-air-conditioner\/#breadcrumb","itemListElement":[{"@type":"ListItem","position":1,"name":"Home","item":"https:\/\/geoclimate.ge\/az\/"},{"@type":"ListItem","position":2,"name":"M\u0259hsullar","item":"https:\/\/geoclimate.ge\/az\/products\/"},{"@type":"ListItem","position":3,"name":"Dantherm AC 7000 \u2013 kondisioner"}]},{"@type":"WebSite","@id":"https:\/\/geoclimate.ge\/#website","url":"https:\/\/geoclimate.ge\/","name":"GeoClimate","description":"","publisher":{"@id":"https:\/\/geoclimate.ge\/#organization"},"potentialAction":[{"@type":"SearchAction","target":{"@type":"EntryPoint","urlTemplate":"https:\/\/geoclimate.ge\/?s={search_term_string}"},"query-input":{"@type":"PropertyValueSpecification","valueRequired":true,"valueName":"search_term_string"}}],"inLanguage":"az"},{"@type":"Organization","@id":"https:\/\/geoclimate.ge\/#organization","name":"GeoClimate","url":"https:\/\/geoclimate.ge\/","logo":{"@type":"ImageObject","inLanguage":"az","@id":"https:\/\/geoclimate.ge\/#\/schema\/logo\/image\/","url":"https:\/\/geoclimate.ge\/wp-content\/uploads\/2026\/03\/geoclimate-SEO.png","contentUrl":"https:\/\/geoclimate.ge\/wp-content\/uploads\/2026\/03\/geoclimate-SEO.png","width":1536,"height":1024,"caption":"GeoClimate"},"image":{"@id":"https:\/\/geoclimate.ge\/#\/schema\/logo\/image\/"}}]}},"_links":{"self":[{"href":"https:\/\/geoclimate.ge\/az\/wp-json\/wp\/v2\/product\/23246","targetHints":{"allow":["GET"]}}],"collection":[{"href":"https:\/\/geoclimate.ge\/az\/wp-json\/wp\/v2\/product"}],"about":[{"href":"https:\/\/geoclimate.ge\/az\/wp-json\/wp\/v2\/types\/product"}],"wp:featuredmedia":[{"embeddable":true,"href":"https:\/\/geoclimate.ge\/az\/wp-json\/wp\/v2\/media\/21598"}],"wp:attachment":[{"href":"https:\/\/geoclimate.ge\/az\/wp-json\/wp\/v2\/media?parent=23246"}],"wp:term":[{"taxonomy":"product_brand","embeddable":true,"href":"https:\/\/geoclimate.ge\/az\/wp-json\/wp\/v2\/product_brand?post=23246"},{"taxonomy":"product_cat","embeddable":true,"href":"https:\/\/geoclimate.ge\/az\/wp-json\/wp\/v2\/product_cat?post=23246"},{"taxonomy":"product_tag","embeddable":true,"href":"https:\/\/geoclimate.ge\/az\/wp-json\/wp\/v2\/product_tag?post=23246"}],"curies":[{"name":"wp","href":"https:\/\/api.w.org\/{rel}","templated":true}]}}