{"id":23249,"date":"2024-01-23T12:17:53","date_gmt":"2024-01-23T08:17:53","guid":{"rendered":"https:\/\/airsystems.ge\/shop\/product\/dantherm-ttr-10000-desiccant-dehumidifier\/"},"modified":"2025-02-20T22:44:40","modified_gmt":"2025-02-20T18:44:40","slug":"dantherm-ttr-10000-desiccant-dehumidifier","status":"publish","type":"product","link":"https:\/\/geoclimate.ge\/az\/product\/dantherm-ttr-10000-desiccant-dehumidifier\/","title":{"rendered":"Dantherm TTR 10000 \u2013 quruducu n\u0259ml\u0259ndirici"},"content":{"rendered":"<section class=\"max-w-[1088px] mx-auto w-full px-5 my-10 md:my-12 lg:my-16 xl:my-20 xl:px-0\" data-block=\"bullet-list\">\n<div class=\"md:text-center\">\n<p>Dantherm TTR 10000 \u2013 quruducu n\u0259ml\u0259ndirici<\/p>\n<p>\u018fsas x\u00fcsusiyy\u0259tl\u0259r<br \/>\nKorpus tozla \u00f6rt\u00fclm\u00fc\u015f, sinkl\u0259nmi\u015f poladdan haz\u0131rlanm\u0131\u015fd\u0131r<br \/>\nProses v\u0259 regenerasiya havas\u0131 \u00fc\u00e7\u00fcn ayr\u0131ca Z-line filtrl\u0259ri kimi inteqrasiya olunmu\u015f G4 ekvivalent hava filtrl\u0259ri<br \/>\nX\u0259b\u0259rdarl\u0131q i\u015f\u0131\u011f\u0131 il\u0259 filtr monitorinqi<br \/>\nRotorun f\u0131rlanmas\u0131na n\u0259zar\u0259t<br \/>\nBax\u0131m\/filtr d\u0259yi\u015fikliyi, nasazl\u0131q, \u0259m\u0259liyyat ON\/OFF \u00fc\u00e7\u00fcn potensials\u0131z siqnal kontaktlar\u0131<br \/>\nProses v\u0259 regenerasiya havas\u0131 \u00fc\u00e7\u00fcn ayr\u0131ca korpusa inteqrasiya olunmu\u015f mexaniki s\u00fcr\u0259t t\u0259nziml\u0259nm\u0259si il\u0259 birba\u015fa idar\u0259 olunan y\u00fcks\u0259k performansl\u0131 EC fanatlar\u0131 (\u0259lav\u0259 t\u0259nziml\u0259yici klapan t\u0259l\u0259b olunmur)<br \/>\nFlowmatic S, proses v\u0259 regenerasiya havas\u0131 \u00fc\u00e7\u00fcn ayr\u0131ca elektron fan s\u00fcr\u0259tin\u0259 n\u0259zar\u0259t, prosesl\u0259 \u0259laq\u0259li h\u0259d\u0259f d\u0259y\u0259rd\u0259n as\u0131l\u0131 olaraq sabit h\u0259cmli ax\u0131na v\u0259 ya t\u0259zyiq\u0259 n\u0259zar\u0259t, idar\u0259etm\u0259 siqnal\u0131 0\u202610 V v\u0259 ya 4\u201320 mA<br \/>\n\u0130stiliyin b\u0259rpas\u0131 v\u0259 avtomatik t\u0259nziml\u0259n\u0259n rotor m\u00f6h\u00fcr d\u0259sti \u00fc\u00e7\u00fcn daxili t\u0259mizl\u0259m\u0259 sektoru il\u0259 silisium gel sorbsiya rotoru<br \/>\nD\u00f6rd s\u0259tirli d\u00fcz m\u0259tn ekran\u0131 il\u0259 n\u0259zar\u0259t<br \/>\nTemperaturla idar\u0259 olunan y\u0131x\u0131lma m\u00fcdd\u0259ti<\/p>\n<\/div>\n<\/section>\n<section class=\"max-w-[1088px] mx-auto w-full px-5 my-10 md:my-12 lg:my-16 xl:my-20 xl:px-0\" data-block=\"product-specifications\">\n<div class=\"md:text-center\">\n<h3 class=\"text-black font-bold text-lg md:text-xl lg:text-2xl\"><strong>Product specifications<\/strong><\/h3>\n<\/div>\n<div class=\" md:mt-10\">\n<div class=\"\">\n<div class=\"lg:mt-0 \">\n<div id=\"spec-ttr-10000\" class=\"prose max-w-full md:overflow-auto\" data-spec-content=\"\">\n<div class=\"spreadsheet-container hidden md:block\">\n<table class=\"w-full table-fixed mb-0\">\n<thead>\n<tr>\n<th class=\"font-bold text-base\"><span class=\"block px-4\">Specifications<\/span><\/th>\n<th class=\"font-bold text-base text-center\"><span class=\"block px-10 md:px-20\">Units<\/span><\/th>\n<th class=\"font-bold text-base text-center will-change\"><span class=\"block px-4\">TTR\u00a010000<\/span><\/th>\n<\/tr>\n<\/thead>\n<tbody>\n<tr class=\"bg-grey-200\/50 p-2\">\n<td colspan=\"1\"><span class=\"block px-4\">Dehumidification capacity @ 20\u00b0C\/60% RH<\/span><\/td>\n<td class=\"text-center\">\n<div class=\"px-10 md:px-20 flex items-center justify-center\">kg\/h<\/div>\n<\/td>\n<td class=\"text-center will-change\">\n<div class=\"px-10 md:px-20 flex items-center justify-center\">55.1<\/div>\n<\/td>\n<\/tr>\n<tr class=\" p-2\">\n<td colspan=\"1\"><span class=\"block px-4\">Dry air flow free-blowing<\/span><\/td>\n<td class=\"text-center\">\n<div class=\"px-10 md:px-20 flex items-center justify-center\">m\u00b3\/h<\/div>\n<\/td>\n<td class=\"text-center will-change\">\n<div class=\"px-10 md:px-20 flex items-center justify-center\">10,500<\/div>\n<\/td>\n<\/tr>\n<tr class=\"bg-grey-200\/50 p-2\">\n<td colspan=\"1\"><span class=\"block px-4\">Dry air flow nominal<\/span><\/td>\n<td class=\"text-center\">\n<div class=\"px-10 md:px-20 flex items-center justify-center\">m\u00b3\/h<\/div>\n<\/td>\n<td class=\"text-center will-change\">\n<div class=\"px-10 md:px-20 flex items-center justify-center\">9,800<\/div>\n<\/td>\n<\/tr>\n<tr class=\" p-2\">\n<td colspan=\"1\"><span class=\"block px-4\">Available pressure<\/span><\/td>\n<td class=\"text-center\">\n<div class=\"px-10 md:px-20 flex items-center justify-center\">Pa<\/div>\n<\/td>\n<td class=\"text-center will-change\">\n<div class=\"px-10 md:px-20 flex items-center justify-center\">300<\/div>\n<\/td>\n<\/tr>\n<tr class=\"bg-grey-200\/50 p-2\">\n<td colspan=\"1\"><span class=\"block px-4\">Regeneration air flow<\/span><\/td>\n<td class=\"text-center\">\n<div class=\"px-10 md:px-20 flex items-center justify-center\">m\u00b3\/h<\/div>\n<\/td>\n<td class=\"text-center will-change\">\n<div class=\"px-10 md:px-20 flex items-center justify-center\">1,970<\/div>\n<\/td>\n<\/tr>\n<tr class=\" p-2\">\n<td colspan=\"1\"><span class=\"block px-4\">Available pressure<\/span><\/td>\n<td class=\"text-center\">\n<div class=\"px-10 md:px-20 flex items-center justify-center\">Pa<\/div>\n<\/td>\n<td class=\"text-center will-change\">\n<div class=\"px-10 md:px-20 flex items-center justify-center\">300<\/div>\n<\/td>\n<\/tr>\n<tr class=\"bg-grey-200\/50 p-2\">\n<td colspan=\"1\"><span class=\"block px-4\">Operating temperature range<\/span><\/td>\n<td class=\"text-center\">\n<div class=\"px-10 md:px-20 flex items-center justify-center\">\u00b0C<\/div>\n<\/td>\n<td class=\"text-center will-change\">\n<div class=\"px-10 md:px-20 flex items-center justify-center\">-20 to 40<\/div>\n<\/td>\n<\/tr>\n<tr class=\" p-2\">\n<td colspan=\"1\"><span class=\"block px-4\">Heating<\/span><\/td>\n<td class=\"text-center\">\n<div class=\"px-10 md:px-20 flex items-center justify-center\">kW<\/div>\n<\/td>\n<td class=\"text-center will-change\">\n<div class=\"px-10 md:px-20 flex items-center justify-center\">66.0<\/div>\n<\/td>\n<\/tr>\n<tr class=\"bg-grey-200\/50 p-2\">\n<td colspan=\"1\"><span class=\"block px-4\">Power consuption<\/span><\/td>\n<td class=\"text-center\">\n<div class=\"px-10 md:px-20 flex items-center justify-center\">kW<\/div>\n<\/td>\n<td class=\"text-center will-change\">\n<div class=\"px-10 md:px-20 flex items-center justify-center\">74.0<\/div>\n<\/td>\n<\/tr>\n<tr class=\" p-2\">\n<td colspan=\"1\"><span class=\"block px-4\">Power supply<\/span><\/td>\n<td class=\"text-center\">\n<div class=\"px-10 md:px-20 flex items-center justify-center\">V\/Hz<\/div>\n<\/td>\n<td class=\"text-center will-change\">\n<div class=\"px-10 md:px-20 flex items-center justify-center\">380-480\/3ph\/50-60+PE<\/div>\n<\/td>\n<\/tr>\n<tr class=\"bg-grey-200\/50 p-2\">\n<td colspan=\"1\"><span class=\"block px-4\">Electrical connection<\/span><\/td>\n<td class=\"text-center\">\n<div class=\"px-10 md:px-20 flex items-center justify-center\">A<\/div>\n<\/td>\n<td class=\"text-center will-change\">\n<div class=\"px-10 md:px-20 flex items-center justify-center\">160<\/div>\n<\/td>\n<\/tr>\n<tr class=\" p-2\">\n<td colspan=\"1\"><span class=\"block px-4\">Nominal current consumption<\/span><\/td>\n<td class=\"text-center\">\n<div class=\"px-10 md:px-20 flex items-center justify-center\">A<\/div>\n<\/td>\n<td class=\"text-center will-change\">\n<div class=\"px-10 md:px-20 flex items-center justify-center\">108<\/div>\n<\/td>\n<\/tr>\n<tr class=\"bg-grey-200\/50 p-2\">\n<td colspan=\"1\"><span class=\"block px-4\">Product size (l x w x h)<\/span><\/td>\n<td class=\"text-center\">\n<div class=\"px-10 md:px-20 flex items-center justify-center\">mm<\/div>\n<\/td>\n<td class=\"text-center will-change\">\n<div class=\"px-10 md:px-20 flex items-center justify-center\">2032 x 1460 x 1802<\/div>\n<\/td>\n<\/tr>\n<tr class=\" p-2\">\n<td colspan=\"1\"><span class=\"block px-4\">Weight<\/span><\/td>\n<td class=\"text-center\">\n<div class=\"px-10 md:px-20 flex items-center justify-center\">kg<\/div>\n<\/td>\n<td class=\"text-center will-change\">\n<div class=\"px-10 md:px-20 flex items-center justify-center\">900<\/div>\n<\/td>\n<\/tr>\n<tr class=\"bg-grey-200\/50 p-2\">\n<td colspan=\"1\"><span class=\"block px-4\">Connections dry air input\/output<\/span><\/td>\n<td class=\"text-center\">\n<div class=\"px-10 md:px-20 flex items-center justify-center\">\u00d8mm<\/div>\n<\/td>\n<td class=\"text-center will-change\">\n<div class=\"px-10 md:px-20 flex items-center justify-center\">optional 2 x 500<\/div>\n<\/td>\n<\/tr>\n<tr class=\" p-2\">\n<td colspan=\"1\"><span class=\"block px-4\">Connections regeneration air input\/output<\/span><\/td>\n<td class=\"text-center\">\n<div class=\"px-10 md:px-20 flex items-center justify-center\">\u00d8mm<\/div>\n<\/td>\n<td class=\"text-center will-change\">\n<div class=\"px-10 md:px-20 flex items-center justify-center\">400\/400<\/div>\n<\/td>\n<\/tr>\n<\/tbody>\n<\/table>\n<\/div>\n<\/div>\n<\/div>\n<\/div>\n<\/div>\n<\/section>\n<section class=\"max-w-[1088px] mx-auto w-full px-5 my-10 md:my-12 lg:my-16 xl:my-20 xl:px-0\" data-block=\"link-list\">\n<div class=\"max-w-[1088px] mx-auto\">\n<div class=\"md:text-center\">\n<h3 class=\"text-black font-bold text-lg md:text-xl lg:text-2xl\"><strong>Suitable for<\/strong><\/h3>\n<\/div>\n<div class=\"mt-6 max-w-4xl mx-auto\">\n<div class=\"flex flex-wrap md:ml-20\">\n<div class=\"w-full md:w-1\/2 auto-bullets md:pr-16\">\n<ul>\n<li class=\"flex items-center gap-5 text-sm text-black mt-3 md:text-base lg:text-lg\">\n<div>Agriculture<\/div>\n<\/li>\n<li class=\"flex items-center gap-5 text-sm text-black mt-3 md:text-base md:mt-4 lg:text-lg\">\n<div>Archives and preservation<\/div>\n<\/li>\n<li class=\"flex items-center gap-5 text-sm text-black mt-3 md:text-base md:mt-4 lg:text-lg\">\n<div>Commercial buildings<\/div>\n<\/li>\n<li class=\"flex items-center gap-5 text-sm text-black mt-3 md:text-base md:mt-4 lg:text-lg\">\n<div>Data centres and telecoms<\/div>\n<\/li>\n<li class=\"flex items-center gap-5 text-sm text-black mt-3 md:text-base md:mt-4 lg:text-lg\">\n<div>Food and beverage<\/div>\n<\/li>\n<li class=\"flex items-center gap-5 text-sm text-black mt-3 md:text-base md:mt-4 lg:text-lg\">\n<div>Industrial, factories and production<\/div>\n<\/li>\n<li class=\"flex items-center gap-5 text-sm text-black mt-3 md:text-base md:mt-4 lg:text-lg\">\n<div>Heritage sites<\/div>\n<\/li>\n<li class=\"flex items-center gap-5 text-sm text-black mt-3 md:text-base md:mt-4 lg:text-lg\">\n<div>Leisure and recreation<\/div>\n<\/li>\n<\/ul>\n<\/div>\n<div class=\"w-full md:w-1\/2 auto-bullets \">\n<ul>\n<li class=\"flex items-center gap-5 text-sm text-black mt-3 md:text-base lg:text-lg\">\n<div>Military and aerospace<\/div>\n<\/li>\n<li class=\"flex items-center gap-5 text-sm text-black mt-3 md:text-base md:mt-4 lg:text-lg\">\n<div>Museums and galleries<\/div>\n<\/li>\n<li class=\"flex items-center gap-5 text-sm text-black mt-3 md:text-base md:mt-4 lg:text-lg\">\n<div>Pharmaceutical and scientific<\/div>\n<\/li>\n<li class=\"flex items-center gap-5 text-sm text-black mt-3 md:text-base md:mt-4 lg:text-lg\">\n<div>Transport and logistics<\/div>\n<\/li>\n<li class=\"flex items-center gap-5 text-sm text-black mt-3 md:text-base md:mt-4 lg:text-lg\">\n<div>Warehouses and storage<\/div>\n<\/li>\n<li class=\"flex items-center gap-5 text-sm text-black mt-3 md:text-base md:mt-4 lg:text-lg\">\n<div>Water damage restoration<\/div>\n<\/li>\n<li class=\"flex items-center gap-5 text-sm text-black mt-3 md:text-base md:mt-4 lg:text-lg\">\n<div>Waterworks<\/div>\n<\/li>\n<\/ul>\n<\/div>\n<\/div>\n<\/div>\n<\/div>\n<\/section>\n","protected":false},"excerpt":{"rendered":"<p>Dantherm TTR 10000 \u2013 quruducu n\u0259ml\u0259ndirici<br \/>\nS\u0259naye n\u0259ml\u0259ndiricisi<\/p>\n<p>TTR 10000 a\u015fa\u011f\u0131 \u015feh n\u00f6qt\u0259si olan soyuq m\u00fchitl\u0259rd\u0259 y\u00fcks\u0259k quru hava t\u0259l\u0259bat\u0131 \u00fc\u00e7\u00fcn ideal h\u0259lldir. O, g\u00fcnd\u0259 1322 kq n\u0259m \u00e7\u0131xarma qabiliyy\u0259tin\u0259 malikdir v\u0259 300Pa statik t\u0259zyiqd\u0259 saatda 9800 kubmetr quru hava \u00f6t\u00fcr\u0259 bilir. Almaniya istehsal\u0131 olan bu n\u0259ml\u0259ndirici kimya, \u0259cza\u00e7\u0131l\u0131q v\u0259 qida s\u0259nayesind\u0259, el\u0259c\u0259 d\u0259 ma\u015f\u0131nqay\u0131rmada daimi quru saxlama, qaz\u0131n n\u0259md\u0259n t\u0259mizl\u0259nm\u0259si v\u0259 quru hava istehsal\u0131 \u00fc\u00e7\u00fcn \u00e7ox uy\u011fundur. O, h\u0259m\u00e7inin ma\u015f\u0131nlar\u0131, inventarlar\u0131 v\u0259 binalar\u0131 korroziyadan, kondensasiyadan v\u0259 kif \u0259m\u0259l\u0259 g\u0259lm\u0259sind\u0259n qorumaqda, x\u00fcsus\u0259n su emal\u0131 qur\u011fular\u0131nda v\u0259 ya elektrik idar\u0259etm\u0259 m\u0259rk\u0259zl\u0259rind\u0259 effektivdir.<\/p>\n<p>Dig\u0259r kommersiya adsorbsiya n\u0259ml\u0259ndiricil\u0259rin\u0259 bax\u0131n v\u0259 ya \u00e7oxlu t\u0259tbiql\u0259r \u00fc\u00e7\u00fcn uy\u011fun olan tam n\u0259ml\u0259ndiricil\u0259rimiz\u0259 bax\u0131n.<\/p>\n","protected":false},"featured_media":21568,"template":"","meta":[],"product_brand":[],"product_cat":[895,809,861],"product_tag":[],"class_list":{"0":"post-23249","1":"product","2":"type-product","3":"status-publish","4":"has-post-thumbnail","6":"product_cat-adsorbsiya-nmlndirici-quru","7":"product_cat-hava-nmlndiricisi-kondisioner-az-ventilyasiya-ventilyator","8":"product_cat-nmlndiricilr-nmlndirici-hava","10":"first","11":"instock","12":"sale","13":"shipping-taxable","14":"purchasable","15":"product-type-simple"},"yoast_head":"<!-- This site is optimized with the Yoast SEO plugin v27.1.1 - https:\/\/yoast.com\/product\/yoast-seo-wordpress\/ -->\n<title>Dantherm TTR 10000 \u2013 quruducu n\u0259ml\u0259ndirici - GeoClimate.ge<\/title>\n<meta name=\"robots\" content=\"index, follow, max-snippet:-1, max-image-preview:large, max-video-preview:-1\" \/>\n<link rel=\"canonical\" href=\"https:\/\/geoclimate.ge\/az\/product\/dantherm-ttr-10000-desiccant-dehumidifier\/\" \/>\n<meta property=\"og:locale\" content=\"az_AZ\" \/>\n<meta property=\"og:type\" content=\"article\" \/>\n<meta property=\"og:title\" content=\"Dantherm TTR 10000 \u2013 quruducu n\u0259ml\u0259ndirici - GeoClimate.ge\" \/>\n<meta property=\"og:description\" content=\"Dantherm TTR 10000 \u2013 quruducu n\u0259ml\u0259ndirici S\u0259naye n\u0259ml\u0259ndiricisi  TTR 10000 a\u015fa\u011f\u0131 \u015feh n\u00f6qt\u0259si olan soyuq m\u00fchitl\u0259rd\u0259 y\u00fcks\u0259k quru hava t\u0259l\u0259bat\u0131 \u00fc\u00e7\u00fcn ideal h\u0259lldir. O, g\u00fcnd\u0259 1322 kq n\u0259m \u00e7\u0131xarma qabiliyy\u0259tin\u0259 malikdir v\u0259 300Pa statik t\u0259zyiqd\u0259 saatda 9800 kubmetr quru hava \u00f6t\u00fcr\u0259 bilir. Almaniya istehsal\u0131 olan bu n\u0259ml\u0259ndirici kimya, \u0259cza\u00e7\u0131l\u0131q v\u0259 qida s\u0259nayesind\u0259, el\u0259c\u0259 d\u0259 ma\u015f\u0131nqay\u0131rmada daimi quru saxlama, qaz\u0131n n\u0259md\u0259n t\u0259mizl\u0259nm\u0259si v\u0259 quru hava istehsal\u0131 \u00fc\u00e7\u00fcn \u00e7ox uy\u011fundur. O, h\u0259m\u00e7inin ma\u015f\u0131nlar\u0131, inventarlar\u0131 v\u0259 binalar\u0131 korroziyadan, kondensasiyadan v\u0259 kif \u0259m\u0259l\u0259 g\u0259lm\u0259sind\u0259n qorumaqda, x\u00fcsus\u0259n su emal\u0131 qur\u011fular\u0131nda v\u0259 ya elektrik idar\u0259etm\u0259 m\u0259rk\u0259zl\u0259rind\u0259 effektivdir.  Dig\u0259r kommersiya adsorbsiya n\u0259ml\u0259ndiricil\u0259rin\u0259 bax\u0131n v\u0259 ya \u00e7oxlu t\u0259tbiql\u0259r \u00fc\u00e7\u00fcn uy\u011fun olan tam n\u0259ml\u0259ndiricil\u0259rimiz\u0259 bax\u0131n.\" \/>\n<meta property=\"og:url\" content=\"https:\/\/geoclimate.ge\/az\/product\/dantherm-ttr-10000-desiccant-dehumidifier\/\" \/>\n<meta property=\"og:site_name\" content=\"GeoClimate.ge\" \/>\n<meta property=\"article:modified_time\" content=\"2025-02-20T18:44:40+00:00\" \/>\n<meta property=\"og:image\" content=\"https:\/\/geoclimate.ge\/wp-content\/uploads\/2024\/11\/ttr10000-ps-02-855a.jpg\" \/>\n\t<meta property=\"og:image:width\" content=\"600\" \/>\n\t<meta property=\"og:image:height\" content=\"600\" \/>\n\t<meta property=\"og:image:type\" content=\"image\/jpeg\" \/>\n<meta name=\"twitter:card\" content=\"summary_large_image\" \/>\n<meta name=\"twitter:label1\" content=\"Est. reading time\" \/>\n\t<meta name=\"twitter:data1\" content=\"2 minutes\" \/>\n<script type=\"application\/ld+json\" class=\"yoast-schema-graph\">{\"@context\":\"https:\/\/schema.org\",\"@graph\":[{\"@type\":\"WebPage\",\"@id\":\"https:\/\/geoclimate.ge\/az\/product\/dantherm-ttr-10000-desiccant-dehumidifier\/\",\"url\":\"https:\/\/geoclimate.ge\/az\/product\/dantherm-ttr-10000-desiccant-dehumidifier\/\",\"name\":\"Dantherm TTR 10000 \u2013 quruducu n\u0259ml\u0259ndirici - GeoClimate.ge\",\"isPartOf\":{\"@id\":\"https:\/\/geoclimate.ge\/#website\"},\"primaryImageOfPage\":{\"@id\":\"https:\/\/geoclimate.ge\/az\/product\/dantherm-ttr-10000-desiccant-dehumidifier\/#primaryimage\"},\"image\":{\"@id\":\"https:\/\/geoclimate.ge\/az\/product\/dantherm-ttr-10000-desiccant-dehumidifier\/#primaryimage\"},\"thumbnailUrl\":\"https:\/\/geoclimate.ge\/wp-content\/uploads\/2024\/11\/ttr10000-ps-02-855a.jpg\",\"datePublished\":\"2024-01-23T08:17:53+00:00\",\"dateModified\":\"2025-02-20T18:44:40+00:00\",\"breadcrumb\":{\"@id\":\"https:\/\/geoclimate.ge\/az\/product\/dantherm-ttr-10000-desiccant-dehumidifier\/#breadcrumb\"},\"inLanguage\":\"az\",\"potentialAction\":[{\"@type\":\"ReadAction\",\"target\":[\"https:\/\/geoclimate.ge\/az\/product\/dantherm-ttr-10000-desiccant-dehumidifier\/\"]}]},{\"@type\":\"ImageObject\",\"inLanguage\":\"az\",\"@id\":\"https:\/\/geoclimate.ge\/az\/product\/dantherm-ttr-10000-desiccant-dehumidifier\/#primaryimage\",\"url\":\"https:\/\/geoclimate.ge\/wp-content\/uploads\/2024\/11\/ttr10000-ps-02-855a.jpg\",\"contentUrl\":\"https:\/\/geoclimate.ge\/wp-content\/uploads\/2024\/11\/ttr10000-ps-02-855a.jpg\",\"width\":600,\"height\":600},{\"@type\":\"BreadcrumbList\",\"@id\":\"https:\/\/geoclimate.ge\/az\/product\/dantherm-ttr-10000-desiccant-dehumidifier\/#breadcrumb\",\"itemListElement\":[{\"@type\":\"ListItem\",\"position\":1,\"name\":\"Home\",\"item\":\"https:\/\/geoclimate.ge\/az\/\"},{\"@type\":\"ListItem\",\"position\":2,\"name\":\"M\u0259hsullar\",\"item\":\"https:\/\/geoclimate.ge\/az\/products\/\"},{\"@type\":\"ListItem\",\"position\":3,\"name\":\"Dantherm TTR 10000 \u2013 quruducu n\u0259ml\u0259ndirici\"}]},{\"@type\":\"WebSite\",\"@id\":\"https:\/\/geoclimate.ge\/#website\",\"url\":\"https:\/\/geoclimate.ge\/\",\"name\":\"GeoClimate\",\"description\":\"\",\"publisher\":{\"@id\":\"https:\/\/geoclimate.ge\/#organization\"},\"potentialAction\":[{\"@type\":\"SearchAction\",\"target\":{\"@type\":\"EntryPoint\",\"urlTemplate\":\"https:\/\/geoclimate.ge\/?s={search_term_string}\"},\"query-input\":{\"@type\":\"PropertyValueSpecification\",\"valueRequired\":true,\"valueName\":\"search_term_string\"}}],\"inLanguage\":\"az\"},{\"@type\":\"Organization\",\"@id\":\"https:\/\/geoclimate.ge\/#organization\",\"name\":\"GeoClimate\",\"url\":\"https:\/\/geoclimate.ge\/\",\"logo\":{\"@type\":\"ImageObject\",\"inLanguage\":\"az\",\"@id\":\"https:\/\/geoclimate.ge\/#\/schema\/logo\/image\/\",\"url\":\"https:\/\/geoclimate.ge\/wp-content\/uploads\/2026\/03\/geoclimate-SEO.png\",\"contentUrl\":\"https:\/\/geoclimate.ge\/wp-content\/uploads\/2026\/03\/geoclimate-SEO.png\",\"width\":1536,\"height\":1024,\"caption\":\"GeoClimate\"},\"image\":{\"@id\":\"https:\/\/geoclimate.ge\/#\/schema\/logo\/image\/\"}}]}<\/script>\n<!-- \/ Yoast SEO plugin. -->","yoast_head_json":{"title":"Dantherm TTR 10000 \u2013 quruducu n\u0259ml\u0259ndirici - GeoClimate.ge","robots":{"index":"index","follow":"follow","max-snippet":"max-snippet:-1","max-image-preview":"max-image-preview:large","max-video-preview":"max-video-preview:-1"},"canonical":"https:\/\/geoclimate.ge\/az\/product\/dantherm-ttr-10000-desiccant-dehumidifier\/","og_locale":"az_AZ","og_type":"article","og_title":"Dantherm TTR 10000 \u2013 quruducu n\u0259ml\u0259ndirici - GeoClimate.ge","og_description":"Dantherm TTR 10000 \u2013 quruducu n\u0259ml\u0259ndirici S\u0259naye n\u0259ml\u0259ndiricisi  TTR 10000 a\u015fa\u011f\u0131 \u015feh n\u00f6qt\u0259si olan soyuq m\u00fchitl\u0259rd\u0259 y\u00fcks\u0259k quru hava t\u0259l\u0259bat\u0131 \u00fc\u00e7\u00fcn ideal h\u0259lldir. O, g\u00fcnd\u0259 1322 kq n\u0259m \u00e7\u0131xarma qabiliyy\u0259tin\u0259 malikdir v\u0259 300Pa statik t\u0259zyiqd\u0259 saatda 9800 kubmetr quru hava \u00f6t\u00fcr\u0259 bilir. Almaniya istehsal\u0131 olan bu n\u0259ml\u0259ndirici kimya, \u0259cza\u00e7\u0131l\u0131q v\u0259 qida s\u0259nayesind\u0259, el\u0259c\u0259 d\u0259 ma\u015f\u0131nqay\u0131rmada daimi quru saxlama, qaz\u0131n n\u0259md\u0259n t\u0259mizl\u0259nm\u0259si v\u0259 quru hava istehsal\u0131 \u00fc\u00e7\u00fcn \u00e7ox uy\u011fundur. O, h\u0259m\u00e7inin ma\u015f\u0131nlar\u0131, inventarlar\u0131 v\u0259 binalar\u0131 korroziyadan, kondensasiyadan v\u0259 kif \u0259m\u0259l\u0259 g\u0259lm\u0259sind\u0259n qorumaqda, x\u00fcsus\u0259n su emal\u0131 qur\u011fular\u0131nda v\u0259 ya elektrik idar\u0259etm\u0259 m\u0259rk\u0259zl\u0259rind\u0259 effektivdir.  Dig\u0259r kommersiya adsorbsiya n\u0259ml\u0259ndiricil\u0259rin\u0259 bax\u0131n v\u0259 ya \u00e7oxlu t\u0259tbiql\u0259r \u00fc\u00e7\u00fcn uy\u011fun olan tam n\u0259ml\u0259ndiricil\u0259rimiz\u0259 bax\u0131n.","og_url":"https:\/\/geoclimate.ge\/az\/product\/dantherm-ttr-10000-desiccant-dehumidifier\/","og_site_name":"GeoClimate.ge","article_modified_time":"2025-02-20T18:44:40+00:00","og_image":[{"width":600,"height":600,"url":"https:\/\/geoclimate.ge\/wp-content\/uploads\/2024\/11\/ttr10000-ps-02-855a.jpg","type":"image\/jpeg"}],"twitter_card":"summary_large_image","twitter_misc":{"Est. reading time":"2 minutes"},"schema":{"@context":"https:\/\/schema.org","@graph":[{"@type":"WebPage","@id":"https:\/\/geoclimate.ge\/az\/product\/dantherm-ttr-10000-desiccant-dehumidifier\/","url":"https:\/\/geoclimate.ge\/az\/product\/dantherm-ttr-10000-desiccant-dehumidifier\/","name":"Dantherm TTR 10000 \u2013 quruducu n\u0259ml\u0259ndirici - GeoClimate.ge","isPartOf":{"@id":"https:\/\/geoclimate.ge\/#website"},"primaryImageOfPage":{"@id":"https:\/\/geoclimate.ge\/az\/product\/dantherm-ttr-10000-desiccant-dehumidifier\/#primaryimage"},"image":{"@id":"https:\/\/geoclimate.ge\/az\/product\/dantherm-ttr-10000-desiccant-dehumidifier\/#primaryimage"},"thumbnailUrl":"https:\/\/geoclimate.ge\/wp-content\/uploads\/2024\/11\/ttr10000-ps-02-855a.jpg","datePublished":"2024-01-23T08:17:53+00:00","dateModified":"2025-02-20T18:44:40+00:00","breadcrumb":{"@id":"https:\/\/geoclimate.ge\/az\/product\/dantherm-ttr-10000-desiccant-dehumidifier\/#breadcrumb"},"inLanguage":"az","potentialAction":[{"@type":"ReadAction","target":["https:\/\/geoclimate.ge\/az\/product\/dantherm-ttr-10000-desiccant-dehumidifier\/"]}]},{"@type":"ImageObject","inLanguage":"az","@id":"https:\/\/geoclimate.ge\/az\/product\/dantherm-ttr-10000-desiccant-dehumidifier\/#primaryimage","url":"https:\/\/geoclimate.ge\/wp-content\/uploads\/2024\/11\/ttr10000-ps-02-855a.jpg","contentUrl":"https:\/\/geoclimate.ge\/wp-content\/uploads\/2024\/11\/ttr10000-ps-02-855a.jpg","width":600,"height":600},{"@type":"BreadcrumbList","@id":"https:\/\/geoclimate.ge\/az\/product\/dantherm-ttr-10000-desiccant-dehumidifier\/#breadcrumb","itemListElement":[{"@type":"ListItem","position":1,"name":"Home","item":"https:\/\/geoclimate.ge\/az\/"},{"@type":"ListItem","position":2,"name":"M\u0259hsullar","item":"https:\/\/geoclimate.ge\/az\/products\/"},{"@type":"ListItem","position":3,"name":"Dantherm TTR 10000 \u2013 quruducu n\u0259ml\u0259ndirici"}]},{"@type":"WebSite","@id":"https:\/\/geoclimate.ge\/#website","url":"https:\/\/geoclimate.ge\/","name":"GeoClimate","description":"","publisher":{"@id":"https:\/\/geoclimate.ge\/#organization"},"potentialAction":[{"@type":"SearchAction","target":{"@type":"EntryPoint","urlTemplate":"https:\/\/geoclimate.ge\/?s={search_term_string}"},"query-input":{"@type":"PropertyValueSpecification","valueRequired":true,"valueName":"search_term_string"}}],"inLanguage":"az"},{"@type":"Organization","@id":"https:\/\/geoclimate.ge\/#organization","name":"GeoClimate","url":"https:\/\/geoclimate.ge\/","logo":{"@type":"ImageObject","inLanguage":"az","@id":"https:\/\/geoclimate.ge\/#\/schema\/logo\/image\/","url":"https:\/\/geoclimate.ge\/wp-content\/uploads\/2026\/03\/geoclimate-SEO.png","contentUrl":"https:\/\/geoclimate.ge\/wp-content\/uploads\/2026\/03\/geoclimate-SEO.png","width":1536,"height":1024,"caption":"GeoClimate"},"image":{"@id":"https:\/\/geoclimate.ge\/#\/schema\/logo\/image\/"}}]}},"_links":{"self":[{"href":"https:\/\/geoclimate.ge\/az\/wp-json\/wp\/v2\/product\/23249","targetHints":{"allow":["GET"]}}],"collection":[{"href":"https:\/\/geoclimate.ge\/az\/wp-json\/wp\/v2\/product"}],"about":[{"href":"https:\/\/geoclimate.ge\/az\/wp-json\/wp\/v2\/types\/product"}],"wp:featuredmedia":[{"embeddable":true,"href":"https:\/\/geoclimate.ge\/az\/wp-json\/wp\/v2\/media\/21568"}],"wp:attachment":[{"href":"https:\/\/geoclimate.ge\/az\/wp-json\/wp\/v2\/media?parent=23249"}],"wp:term":[{"taxonomy":"product_brand","embeddable":true,"href":"https:\/\/geoclimate.ge\/az\/wp-json\/wp\/v2\/product_brand?post=23249"},{"taxonomy":"product_cat","embeddable":true,"href":"https:\/\/geoclimate.ge\/az\/wp-json\/wp\/v2\/product_cat?post=23249"},{"taxonomy":"product_tag","embeddable":true,"href":"https:\/\/geoclimate.ge\/az\/wp-json\/wp\/v2\/product_tag?post=23249"}],"curies":[{"name":"wp","href":"https:\/\/api.w.org\/{rel}","templated":true}]}}