{"id":23272,"date":"2024-01-23T12:16:56","date_gmt":"2024-01-23T08:16:56","guid":{"rendered":"https:\/\/airsystems.ge\/shop\/product\/dantherm-ttr-13500-desiccant-dehumidifier-industrial-desiccant-dehumidifier\/"},"modified":"2025-04-14T09:41:30","modified_gmt":"2025-04-14T05:41:30","slug":"dantherm-ttr-13500-desiccant-dehumidifier-industrial-desiccant-dehumidifier","status":"publish","type":"product","link":"https:\/\/geoclimate.ge\/az\/product\/dantherm-ttr-13500-desiccant-dehumidifier-industrial-desiccant-dehumidifier\/","title":{"rendered":"Dantherm TTR 13500 &#8211; n\u0259m qurudan s\u0259naye quruducusu"},"content":{"rendered":"<div class=\"md:text-center\">\n<p><strong>\u018fsas x\u00fcsusiyy\u0259tl\u0259r<\/strong><\/p>\n<p>Korpus tozla \u00f6rt\u00fclm\u00fc\u015f, sinkl\u0259nmi\u015f poladdan haz\u0131rlanm\u0131\u015fd\u0131r<br \/>\nProses v\u0259 regenerasiya havas\u0131 \u00fc\u00e7\u00fcn ayr\u0131ca Z-line filtrl\u0259ri kimi inteqrasiya olunmu\u015f G4 ekvivalent hava filtrl\u0259ri<br \/>\nX\u0259b\u0259rdarl\u0131q i\u015f\u0131\u011f\u0131 il\u0259 filtr monitorinqi<br \/>\nRotorun f\u0131rlanmas\u0131na n\u0259zar\u0259t<br \/>\nBax\u0131m\/filtr d\u0259yi\u015fikliyi, nasazl\u0131q, \u0259m\u0259liyyat ON\/OFF \u00fc\u00e7\u00fcn potensials\u0131z siqnal kontaktlar\u0131<br \/>\nProses v\u0259 regenerasiya havas\u0131 \u00fc\u00e7\u00fcn ayr\u0131ca korpusa inteqrasiya olunmu\u015f mexaniki s\u00fcr\u0259t t\u0259nziml\u0259nm\u0259si il\u0259 birba\u015fa idar\u0259 olunan y\u00fcks\u0259k performansl\u0131 EC fanatlar\u0131 (\u0259lav\u0259 t\u0259nziml\u0259yici klapan t\u0259l\u0259b olunmur)<br \/>\nFlowmatic S, proses v\u0259 regenerasiya havas\u0131 \u00fc\u00e7\u00fcn ayr\u0131ca elektron fan s\u00fcr\u0259tin\u0259 n\u0259zar\u0259t, prosesl\u0259 ba\u011fl\u0131 h\u0259d\u0259f d\u0259y\u0259rd\u0259n as\u0131l\u0131 olaraq sabit h\u0259cmli ax\u0131na v\u0259 ya t\u0259zyiq\u0259 n\u0259zar\u0259t edilir, idar\u0259etm\u0259 siqnal\u0131 0\u202610 V v\u0259 ya 4\u201320 mA<br \/>\n\u0130stiliyin b\u0259rpas\u0131 v\u0259 avtomatik t\u0259nziml\u0259n\u0259n rotor m\u00f6h\u00fcr d\u0259sti \u00fc\u00e7\u00fcn daxili t\u0259mizl\u0259m\u0259 sektoru il\u0259 silisium gel sorbsiya rotoru<br \/>\nD\u00f6rd s\u0259tirli d\u00fcz m\u0259tn ekran\u0131 il\u0259 n\u0259zar\u0259t<br \/>\nTemperaturla idar\u0259 olunan y\u0131x\u0131lma m\u00fcdd\u0259ti<\/p>\n<h3 class=\"text-black font-bold text-lg md:text-xl lg:text-2xl\"><strong>Product specifications<\/strong><\/h3>\n<\/div>\n<div class=\" md:mt-10\">\n<div class=\"\">\n<div class=\"lg:mt-0 \">\n<div id=\"spec-ttr-13500\" class=\"prose max-w-full md:overflow-auto\" data-spec-content=\"\">\n<div class=\"spreadsheet-container hidden md:block\">\n<table class=\"w-full table-fixed mb-0\">\n<thead>\n<tr>\n<th class=\"font-bold text-base\"><span class=\"block px-4\">Specifications<\/span><\/th>\n<th class=\"font-bold text-base text-center\"><span class=\"block px-10 md:px-20\">Units<\/span><\/th>\n<th class=\"font-bold text-base text-center will-change\"><span class=\"block px-4\">TTR\u00a013500<\/span><\/th>\n<\/tr>\n<\/thead>\n<tbody>\n<tr class=\"bg-grey-200\/50 p-2\">\n<td colspan=\"1\"><span class=\"block px-4\">Dehumidification capacity @ 20\u00b0C\/60% RH<\/span><\/td>\n<td class=\"text-center\">\n<div class=\"px-10 md:px-20 flex items-center justify-center\">kg\/h<\/div>\n<\/td>\n<td class=\"text-center will-change\">\n<div class=\"px-10 md:px-20 flex items-center justify-center\">74.6<\/div>\n<\/td>\n<\/tr>\n<tr class=\" p-2\">\n<td colspan=\"1\"><span class=\"block px-4\">Dry air flow free-blowing<\/span><\/td>\n<td class=\"text-center\">\n<div class=\"px-10 md:px-20 flex items-center justify-center\">m\u00b3\/h<\/div>\n<\/td>\n<td class=\"text-center will-change\">\n<div class=\"px-10 md:px-20 flex items-center justify-center\">14,700<\/div>\n<\/td>\n<\/tr>\n<tr class=\"bg-grey-200\/50 p-2\">\n<td colspan=\"1\"><span class=\"block px-4\">Dry air flow nominal<\/span><\/td>\n<td class=\"text-center\">\n<div class=\"px-10 md:px-20 flex items-center justify-center\">m\u00b3\/h<\/div>\n<\/td>\n<td class=\"text-center will-change\">\n<div class=\"px-10 md:px-20 flex items-center justify-center\">13,300<\/div>\n<\/td>\n<\/tr>\n<tr class=\" p-2\">\n<td colspan=\"1\"><span class=\"block px-4\">Available pressure<\/span><\/td>\n<td class=\"text-center\">\n<div class=\"px-10 md:px-20 flex items-center justify-center\">Pa<\/div>\n<\/td>\n<td class=\"text-center will-change\">\n<div class=\"px-10 md:px-20 flex items-center justify-center\">400<\/div>\n<\/td>\n<\/tr>\n<tr class=\"bg-grey-200\/50 p-2\">\n<td colspan=\"1\"><span class=\"block px-4\">Regeneration air flow<\/span><\/td>\n<td class=\"text-center\">\n<div class=\"px-10 md:px-20 flex items-center justify-center\">m\u00b3\/h<\/div>\n<\/td>\n<td class=\"text-center will-change\">\n<div class=\"px-10 md:px-20 flex items-center justify-center\">2,670<\/div>\n<\/td>\n<\/tr>\n<tr class=\" p-2\">\n<td colspan=\"1\"><span class=\"block px-4\">Available pressure<\/span><\/td>\n<td class=\"text-center\">\n<div class=\"px-10 md:px-20 flex items-center justify-center\">Pa<\/div>\n<\/td>\n<td class=\"text-center will-change\">\n<div class=\"px-10 md:px-20 flex items-center justify-center\">200<\/div>\n<\/td>\n<\/tr>\n<tr class=\"bg-grey-200\/50 p-2\">\n<td colspan=\"1\"><span class=\"block px-4\">Operating temperature range<\/span><\/td>\n<td class=\"text-center\">\n<div class=\"px-10 md:px-20 flex items-center justify-center\">\u00b0C<\/div>\n<\/td>\n<td class=\"text-center will-change\">\n<div class=\"px-10 md:px-20 flex items-center justify-center\">-20 to 40<\/div>\n<\/td>\n<\/tr>\n<tr class=\" p-2\">\n<td colspan=\"1\"><span class=\"block px-4\">Heating<\/span><\/td>\n<td class=\"text-center\">\n<div class=\"px-10 md:px-20 flex items-center justify-center\">kW<\/div>\n<\/td>\n<td class=\"text-center will-change\">\n<div class=\"px-10 md:px-20 flex items-center justify-center\">90.0<\/div>\n<\/td>\n<\/tr>\n<tr class=\"bg-grey-200\/50 p-2\">\n<td colspan=\"1\"><span class=\"block px-4\">Power consuption<\/span><\/td>\n<td class=\"text-center\">\n<div class=\"px-10 md:px-20 flex items-center justify-center\">kW<\/div>\n<\/td>\n<td class=\"text-center will-change\">\n<div class=\"px-10 md:px-20 flex items-center justify-center\">103.0<\/div>\n<\/td>\n<\/tr>\n<tr class=\" p-2\">\n<td colspan=\"1\"><span class=\"block px-4\">Power supply<\/span><\/td>\n<td class=\"text-center\">\n<div class=\"px-10 md:px-20 flex items-center justify-center\">V\/Hz<\/div>\n<\/td>\n<td class=\"text-center will-change\">\n<div class=\"px-10 md:px-20 flex items-center justify-center\">380-480\/3ph\/50-60+PE<\/div>\n<\/td>\n<\/tr>\n<tr class=\"bg-grey-200\/50 p-2\">\n<td colspan=\"1\"><span class=\"block px-4\">Electrical connection<\/span><\/td>\n<td class=\"text-center\">\n<div class=\"px-10 md:px-20 flex items-center justify-center\">A<\/div>\n<\/td>\n<td class=\"text-center will-change\">\n<div class=\"px-10 md:px-20 flex items-center justify-center\">250<\/div>\n<\/td>\n<\/tr>\n<tr class=\" p-2\">\n<td colspan=\"1\"><span class=\"block px-4\">Nominal current consumption<\/span><\/td>\n<td class=\"text-center\">\n<div class=\"px-10 md:px-20 flex items-center justify-center\">A<\/div>\n<\/td>\n<td class=\"text-center will-change\">\n<div class=\"px-10 md:px-20 flex items-center justify-center\">150<\/div>\n<\/td>\n<\/tr>\n<tr class=\"bg-grey-200\/50 p-2\">\n<td colspan=\"1\"><span class=\"block px-4\">Product size (l x w x h)<\/span><\/td>\n<td class=\"text-center\">\n<div class=\"px-10 md:px-20 flex items-center justify-center\">mm<\/div>\n<\/td>\n<td class=\"text-center will-change\">\n<div class=\"px-10 md:px-20 flex items-center justify-center\">2032 x 1460 x 1802<\/div>\n<\/td>\n<\/tr>\n<tr class=\" p-2\">\n<td colspan=\"1\"><span class=\"block px-4\">Weight<\/span><\/td>\n<td class=\"text-center\">\n<div class=\"px-10 md:px-20 flex items-center justify-center\">kg<\/div>\n<\/td>\n<td class=\"text-center will-change\">\n<div class=\"px-10 md:px-20 flex items-center justify-center\">1,100<\/div>\n<\/td>\n<\/tr>\n<tr class=\"bg-grey-200\/50 p-2\">\n<td colspan=\"1\"><span class=\"block px-4\">Connections dry air input\/output<\/span><\/td>\n<td class=\"text-center\">\n<div class=\"px-10 md:px-20 flex items-center justify-center\">\u00d8mm<\/div>\n<\/td>\n<td class=\"text-center will-change\">\n<div class=\"px-10 md:px-20 flex items-center justify-center\">optional 2 x 500<\/div>\n<\/td>\n<\/tr>\n<tr class=\" p-2\">\n<td colspan=\"1\"><span class=\"block px-4\">Connections regeneration air input\/output<\/span><\/td>\n<td class=\"text-center\">\n<div class=\"px-10 md:px-20 flex items-center justify-center\">\u00d8mm<\/div>\n<\/td>\n<td class=\"text-center will-change\">\n<div class=\"px-10 md:px-20 flex items-center justify-center\">400\/400<\/div>\n<\/td>\n<\/tr>\n<\/tbody>\n<\/table>\n<p><strong>Uy\u011fundur:<\/strong><br \/>\nK\u0259nd t\u0259s\u0259rr\u00fcfat\u0131<br \/>\nArxivl\u0259r v\u0259 m\u00fchafiz\u0259<br \/>\nTicar\u0259t binalar\u0131<br \/>\nM\u0259lumat m\u0259rk\u0259zl\u0259ri v\u0259 telekommunikasiya<br \/>\nQida v\u0259 i\u00e7ki<br \/>\n\u0130rs saytlar\u0131<br \/>\nS\u0259naye, fabrikl\u0259r v\u0259 istehsal<br \/>\n\u0130stirah\u0259t v\u0259 istirah\u0259t<br \/>\nH\u0259rbi v\u0259 aerokosmik<br \/>\nMuzeyl\u0259r v\u0259 qalereyalar<br \/>\n\u018fcza\u00e7\u0131l\u0131q v\u0259 elmi<br \/>\nN\u0259qliyyat v\u0259 logistika<br \/>\nAnbarlar v\u0259 anbarlar<br \/>\nSu z\u0259r\u0259rinin b\u0259rpas\u0131<br \/>\nSu i\u015fl\u0259ri<\/p>\n<\/div>\n<\/div>\n<\/div>\n<\/div>\n<\/div>\n","protected":false},"excerpt":{"rendered":"<p>Dantherm TTR 13500 &#8211; n\u0259m qurudan s\u0259naye quruducusu<\/p>\n<p>TTR 13500 g\u00fcnd\u0259 1,790 kq n\u0259m \u00e7\u0131xarma qabiliyy\u0259tin\u0259 malikdir v\u0259 400 Pa statik t\u0259zyiqd\u0259 saatda 13,300 kubmetr quru hava \u00e7atd\u0131ra bilir. A\u015fa\u011f\u0131 \u015feh n\u00f6qt\u0259si olan soyuq m\u00fchitl\u0259rd\u0259 y\u00fcks\u0259k s\u0259viyy\u0259d\u0259 quru hava t\u0259l\u0259b ed\u0259n v\u0259ziyy\u0259tl\u0259r \u00fc\u00e7\u00fcn ideald\u0131r. Bu, onu kimya, \u0259cza\u00e7\u0131l\u0131q v\u0259 qida istehsal\u0131 daxil olmaqla bir s\u0131ra s\u0259nayel\u0259r \u00fc\u00e7\u00fcn, h\u0259m\u00e7inin ma\u015f\u0131nlar\u0131, inventarlar\u0131 v\u0259 binalar\u0131 korroziya, kondensasiya v\u0259 kif \u0259m\u0259l\u0259 g\u0259lm\u0259si n\u0259tic\u0259sind\u0259 yaranan z\u0259d\u0259l\u0259rd\u0259n qorumaq \u00fc\u00e7\u00fcn uy\u011fun edir. X\u00fcsusil\u0259 su emal\u0131 qur\u011fular\u0131nda v\u0259 elektrik idar\u0259etm\u0259 m\u0259rk\u0259zl\u0259rind\u0259 faydal\u0131d\u0131r.<\/p>\n<p>Dig\u0259r kommersiya n\u0259ml\u0259ndiricil\u0259rin\u0259 bax\u0131n v\u0259 ya \u00e7oxlu t\u0259tbiql\u0259r \u00fc\u00e7\u00fcn uy\u011fun olan tam n\u0259ml\u0259ndiricil\u0259rimiz\u0259 bax\u0131n.<\/p>\n","protected":false},"featured_media":21894,"template":"","meta":[],"product_brand":[],"product_cat":[895,809,861],"product_tag":[],"class_list":{"0":"post-23272","1":"product","2":"type-product","3":"status-publish","4":"has-post-thumbnail","6":"product_cat-adsorbsiya-nmlndirici-quru","7":"product_cat-hava-nmlndiricisi-kondisioner-az-ventilyasiya-ventilyator","8":"product_cat-nmlndiricilr-nmlndirici-hava","10":"first","11":"instock","12":"sale","13":"shipping-taxable","14":"purchasable","15":"product-type-simple"},"yoast_head":"<!-- This site is optimized with the Yoast SEO plugin v27.1.1 - https:\/\/yoast.com\/product\/yoast-seo-wordpress\/ -->\n<title>Dantherm TTR 13500 - n\u0259m qurudan s\u0259naye quruducusu - GeoClimate.ge<\/title>\n<meta name=\"robots\" content=\"index, follow, max-snippet:-1, max-image-preview:large, max-video-preview:-1\" \/>\n<link rel=\"canonical\" href=\"https:\/\/geoclimate.ge\/az\/product\/dantherm-ttr-13500-desiccant-dehumidifier-industrial-desiccant-dehumidifier\/\" \/>\n<meta property=\"og:locale\" content=\"az_AZ\" \/>\n<meta property=\"og:type\" content=\"article\" \/>\n<meta property=\"og:title\" content=\"Dantherm TTR 13500 - n\u0259m qurudan s\u0259naye quruducusu - GeoClimate.ge\" \/>\n<meta property=\"og:description\" content=\"Dantherm TTR 13500 - n\u0259m qurudan s\u0259naye quruducusu  TTR 13500 g\u00fcnd\u0259 1,790 kq n\u0259m \u00e7\u0131xarma qabiliyy\u0259tin\u0259 malikdir v\u0259 400 Pa statik t\u0259zyiqd\u0259 saatda 13,300 kubmetr quru hava \u00e7atd\u0131ra bilir. A\u015fa\u011f\u0131 \u015feh n\u00f6qt\u0259si olan soyuq m\u00fchitl\u0259rd\u0259 y\u00fcks\u0259k s\u0259viyy\u0259d\u0259 quru hava t\u0259l\u0259b ed\u0259n v\u0259ziyy\u0259tl\u0259r \u00fc\u00e7\u00fcn ideald\u0131r. Bu, onu kimya, \u0259cza\u00e7\u0131l\u0131q v\u0259 qida istehsal\u0131 daxil olmaqla bir s\u0131ra s\u0259nayel\u0259r \u00fc\u00e7\u00fcn, h\u0259m\u00e7inin ma\u015f\u0131nlar\u0131, inventarlar\u0131 v\u0259 binalar\u0131 korroziya, kondensasiya v\u0259 kif \u0259m\u0259l\u0259 g\u0259lm\u0259si n\u0259tic\u0259sind\u0259 yaranan z\u0259d\u0259l\u0259rd\u0259n qorumaq \u00fc\u00e7\u00fcn uy\u011fun edir. X\u00fcsusil\u0259 su emal\u0131 qur\u011fular\u0131nda v\u0259 elektrik idar\u0259etm\u0259 m\u0259rk\u0259zl\u0259rind\u0259 faydal\u0131d\u0131r.  Dig\u0259r kommersiya n\u0259ml\u0259ndiricil\u0259rin\u0259 bax\u0131n v\u0259 ya \u00e7oxlu t\u0259tbiql\u0259r \u00fc\u00e7\u00fcn uy\u011fun olan tam n\u0259ml\u0259ndiricil\u0259rimiz\u0259 bax\u0131n.\" \/>\n<meta property=\"og:url\" content=\"https:\/\/geoclimate.ge\/az\/product\/dantherm-ttr-13500-desiccant-dehumidifier-industrial-desiccant-dehumidifier\/\" \/>\n<meta property=\"og:site_name\" content=\"GeoClimate.ge\" \/>\n<meta property=\"article:modified_time\" content=\"2025-04-14T05:41:30+00:00\" \/>\n<meta property=\"og:image\" content=\"https:\/\/geoclimate.ge\/wp-content\/uploads\/2025\/01\/Dantherm-TTR-13500-main-right.jpg\" \/>\n\t<meta property=\"og:image:width\" content=\"1000\" \/>\n\t<meta property=\"og:image:height\" content=\"1000\" \/>\n\t<meta property=\"og:image:type\" content=\"image\/jpeg\" \/>\n<meta name=\"twitter:card\" content=\"summary_large_image\" \/>\n<meta name=\"twitter:label1\" content=\"Est. reading time\" \/>\n\t<meta name=\"twitter:data1\" content=\"2 minutes\" \/>\n<script type=\"application\/ld+json\" class=\"yoast-schema-graph\">{\"@context\":\"https:\/\/schema.org\",\"@graph\":[{\"@type\":\"WebPage\",\"@id\":\"https:\/\/geoclimate.ge\/az\/product\/dantherm-ttr-13500-desiccant-dehumidifier-industrial-desiccant-dehumidifier\/\",\"url\":\"https:\/\/geoclimate.ge\/az\/product\/dantherm-ttr-13500-desiccant-dehumidifier-industrial-desiccant-dehumidifier\/\",\"name\":\"Dantherm TTR 13500 - n\u0259m qurudan s\u0259naye quruducusu - GeoClimate.ge\",\"isPartOf\":{\"@id\":\"https:\/\/geoclimate.ge\/#website\"},\"primaryImageOfPage\":{\"@id\":\"https:\/\/geoclimate.ge\/az\/product\/dantherm-ttr-13500-desiccant-dehumidifier-industrial-desiccant-dehumidifier\/#primaryimage\"},\"image\":{\"@id\":\"https:\/\/geoclimate.ge\/az\/product\/dantherm-ttr-13500-desiccant-dehumidifier-industrial-desiccant-dehumidifier\/#primaryimage\"},\"thumbnailUrl\":\"https:\/\/geoclimate.ge\/wp-content\/uploads\/2025\/01\/Dantherm-TTR-13500-main-right.jpg\",\"datePublished\":\"2024-01-23T08:16:56+00:00\",\"dateModified\":\"2025-04-14T05:41:30+00:00\",\"breadcrumb\":{\"@id\":\"https:\/\/geoclimate.ge\/az\/product\/dantherm-ttr-13500-desiccant-dehumidifier-industrial-desiccant-dehumidifier\/#breadcrumb\"},\"inLanguage\":\"az\",\"potentialAction\":[{\"@type\":\"ReadAction\",\"target\":[\"https:\/\/geoclimate.ge\/az\/product\/dantherm-ttr-13500-desiccant-dehumidifier-industrial-desiccant-dehumidifier\/\"]}]},{\"@type\":\"ImageObject\",\"inLanguage\":\"az\",\"@id\":\"https:\/\/geoclimate.ge\/az\/product\/dantherm-ttr-13500-desiccant-dehumidifier-industrial-desiccant-dehumidifier\/#primaryimage\",\"url\":\"https:\/\/geoclimate.ge\/wp-content\/uploads\/2025\/01\/Dantherm-TTR-13500-main-right.jpg\",\"contentUrl\":\"https:\/\/geoclimate.ge\/wp-content\/uploads\/2025\/01\/Dantherm-TTR-13500-main-right.jpg\",\"width\":1000,\"height\":1000},{\"@type\":\"BreadcrumbList\",\"@id\":\"https:\/\/geoclimate.ge\/az\/product\/dantherm-ttr-13500-desiccant-dehumidifier-industrial-desiccant-dehumidifier\/#breadcrumb\",\"itemListElement\":[{\"@type\":\"ListItem\",\"position\":1,\"name\":\"Home\",\"item\":\"https:\/\/geoclimate.ge\/az\/\"},{\"@type\":\"ListItem\",\"position\":2,\"name\":\"M\u0259hsullar\",\"item\":\"https:\/\/geoclimate.ge\/az\/products\/\"},{\"@type\":\"ListItem\",\"position\":3,\"name\":\"Dantherm TTR 13500 &#8211; n\u0259m qurudan s\u0259naye quruducusu\"}]},{\"@type\":\"WebSite\",\"@id\":\"https:\/\/geoclimate.ge\/#website\",\"url\":\"https:\/\/geoclimate.ge\/\",\"name\":\"GeoClimate\",\"description\":\"\",\"publisher\":{\"@id\":\"https:\/\/geoclimate.ge\/#organization\"},\"potentialAction\":[{\"@type\":\"SearchAction\",\"target\":{\"@type\":\"EntryPoint\",\"urlTemplate\":\"https:\/\/geoclimate.ge\/?s={search_term_string}\"},\"query-input\":{\"@type\":\"PropertyValueSpecification\",\"valueRequired\":true,\"valueName\":\"search_term_string\"}}],\"inLanguage\":\"az\"},{\"@type\":\"Organization\",\"@id\":\"https:\/\/geoclimate.ge\/#organization\",\"name\":\"GeoClimate\",\"url\":\"https:\/\/geoclimate.ge\/\",\"logo\":{\"@type\":\"ImageObject\",\"inLanguage\":\"az\",\"@id\":\"https:\/\/geoclimate.ge\/#\/schema\/logo\/image\/\",\"url\":\"https:\/\/geoclimate.ge\/wp-content\/uploads\/2026\/03\/geoclimate-SEO.png\",\"contentUrl\":\"https:\/\/geoclimate.ge\/wp-content\/uploads\/2026\/03\/geoclimate-SEO.png\",\"width\":1536,\"height\":1024,\"caption\":\"GeoClimate\"},\"image\":{\"@id\":\"https:\/\/geoclimate.ge\/#\/schema\/logo\/image\/\"}}]}<\/script>\n<!-- \/ Yoast SEO plugin. -->","yoast_head_json":{"title":"Dantherm TTR 13500 - n\u0259m qurudan s\u0259naye quruducusu - GeoClimate.ge","robots":{"index":"index","follow":"follow","max-snippet":"max-snippet:-1","max-image-preview":"max-image-preview:large","max-video-preview":"max-video-preview:-1"},"canonical":"https:\/\/geoclimate.ge\/az\/product\/dantherm-ttr-13500-desiccant-dehumidifier-industrial-desiccant-dehumidifier\/","og_locale":"az_AZ","og_type":"article","og_title":"Dantherm TTR 13500 - n\u0259m qurudan s\u0259naye quruducusu - GeoClimate.ge","og_description":"Dantherm TTR 13500 - n\u0259m qurudan s\u0259naye quruducusu  TTR 13500 g\u00fcnd\u0259 1,790 kq n\u0259m \u00e7\u0131xarma qabiliyy\u0259tin\u0259 malikdir v\u0259 400 Pa statik t\u0259zyiqd\u0259 saatda 13,300 kubmetr quru hava \u00e7atd\u0131ra bilir. A\u015fa\u011f\u0131 \u015feh n\u00f6qt\u0259si olan soyuq m\u00fchitl\u0259rd\u0259 y\u00fcks\u0259k s\u0259viyy\u0259d\u0259 quru hava t\u0259l\u0259b ed\u0259n v\u0259ziyy\u0259tl\u0259r \u00fc\u00e7\u00fcn ideald\u0131r. Bu, onu kimya, \u0259cza\u00e7\u0131l\u0131q v\u0259 qida istehsal\u0131 daxil olmaqla bir s\u0131ra s\u0259nayel\u0259r \u00fc\u00e7\u00fcn, h\u0259m\u00e7inin ma\u015f\u0131nlar\u0131, inventarlar\u0131 v\u0259 binalar\u0131 korroziya, kondensasiya v\u0259 kif \u0259m\u0259l\u0259 g\u0259lm\u0259si n\u0259tic\u0259sind\u0259 yaranan z\u0259d\u0259l\u0259rd\u0259n qorumaq \u00fc\u00e7\u00fcn uy\u011fun edir. X\u00fcsusil\u0259 su emal\u0131 qur\u011fular\u0131nda v\u0259 elektrik idar\u0259etm\u0259 m\u0259rk\u0259zl\u0259rind\u0259 faydal\u0131d\u0131r.  Dig\u0259r kommersiya n\u0259ml\u0259ndiricil\u0259rin\u0259 bax\u0131n v\u0259 ya \u00e7oxlu t\u0259tbiql\u0259r \u00fc\u00e7\u00fcn uy\u011fun olan tam n\u0259ml\u0259ndiricil\u0259rimiz\u0259 bax\u0131n.","og_url":"https:\/\/geoclimate.ge\/az\/product\/dantherm-ttr-13500-desiccant-dehumidifier-industrial-desiccant-dehumidifier\/","og_site_name":"GeoClimate.ge","article_modified_time":"2025-04-14T05:41:30+00:00","og_image":[{"width":1000,"height":1000,"url":"https:\/\/geoclimate.ge\/wp-content\/uploads\/2025\/01\/Dantherm-TTR-13500-main-right.jpg","type":"image\/jpeg"}],"twitter_card":"summary_large_image","twitter_misc":{"Est. reading time":"2 minutes"},"schema":{"@context":"https:\/\/schema.org","@graph":[{"@type":"WebPage","@id":"https:\/\/geoclimate.ge\/az\/product\/dantherm-ttr-13500-desiccant-dehumidifier-industrial-desiccant-dehumidifier\/","url":"https:\/\/geoclimate.ge\/az\/product\/dantherm-ttr-13500-desiccant-dehumidifier-industrial-desiccant-dehumidifier\/","name":"Dantherm TTR 13500 - n\u0259m qurudan s\u0259naye quruducusu - GeoClimate.ge","isPartOf":{"@id":"https:\/\/geoclimate.ge\/#website"},"primaryImageOfPage":{"@id":"https:\/\/geoclimate.ge\/az\/product\/dantherm-ttr-13500-desiccant-dehumidifier-industrial-desiccant-dehumidifier\/#primaryimage"},"image":{"@id":"https:\/\/geoclimate.ge\/az\/product\/dantherm-ttr-13500-desiccant-dehumidifier-industrial-desiccant-dehumidifier\/#primaryimage"},"thumbnailUrl":"https:\/\/geoclimate.ge\/wp-content\/uploads\/2025\/01\/Dantherm-TTR-13500-main-right.jpg","datePublished":"2024-01-23T08:16:56+00:00","dateModified":"2025-04-14T05:41:30+00:00","breadcrumb":{"@id":"https:\/\/geoclimate.ge\/az\/product\/dantherm-ttr-13500-desiccant-dehumidifier-industrial-desiccant-dehumidifier\/#breadcrumb"},"inLanguage":"az","potentialAction":[{"@type":"ReadAction","target":["https:\/\/geoclimate.ge\/az\/product\/dantherm-ttr-13500-desiccant-dehumidifier-industrial-desiccant-dehumidifier\/"]}]},{"@type":"ImageObject","inLanguage":"az","@id":"https:\/\/geoclimate.ge\/az\/product\/dantherm-ttr-13500-desiccant-dehumidifier-industrial-desiccant-dehumidifier\/#primaryimage","url":"https:\/\/geoclimate.ge\/wp-content\/uploads\/2025\/01\/Dantherm-TTR-13500-main-right.jpg","contentUrl":"https:\/\/geoclimate.ge\/wp-content\/uploads\/2025\/01\/Dantherm-TTR-13500-main-right.jpg","width":1000,"height":1000},{"@type":"BreadcrumbList","@id":"https:\/\/geoclimate.ge\/az\/product\/dantherm-ttr-13500-desiccant-dehumidifier-industrial-desiccant-dehumidifier\/#breadcrumb","itemListElement":[{"@type":"ListItem","position":1,"name":"Home","item":"https:\/\/geoclimate.ge\/az\/"},{"@type":"ListItem","position":2,"name":"M\u0259hsullar","item":"https:\/\/geoclimate.ge\/az\/products\/"},{"@type":"ListItem","position":3,"name":"Dantherm TTR 13500 &#8211; n\u0259m qurudan s\u0259naye quruducusu"}]},{"@type":"WebSite","@id":"https:\/\/geoclimate.ge\/#website","url":"https:\/\/geoclimate.ge\/","name":"GeoClimate","description":"","publisher":{"@id":"https:\/\/geoclimate.ge\/#organization"},"potentialAction":[{"@type":"SearchAction","target":{"@type":"EntryPoint","urlTemplate":"https:\/\/geoclimate.ge\/?s={search_term_string}"},"query-input":{"@type":"PropertyValueSpecification","valueRequired":true,"valueName":"search_term_string"}}],"inLanguage":"az"},{"@type":"Organization","@id":"https:\/\/geoclimate.ge\/#organization","name":"GeoClimate","url":"https:\/\/geoclimate.ge\/","logo":{"@type":"ImageObject","inLanguage":"az","@id":"https:\/\/geoclimate.ge\/#\/schema\/logo\/image\/","url":"https:\/\/geoclimate.ge\/wp-content\/uploads\/2026\/03\/geoclimate-SEO.png","contentUrl":"https:\/\/geoclimate.ge\/wp-content\/uploads\/2026\/03\/geoclimate-SEO.png","width":1536,"height":1024,"caption":"GeoClimate"},"image":{"@id":"https:\/\/geoclimate.ge\/#\/schema\/logo\/image\/"}}]}},"_links":{"self":[{"href":"https:\/\/geoclimate.ge\/az\/wp-json\/wp\/v2\/product\/23272","targetHints":{"allow":["GET"]}}],"collection":[{"href":"https:\/\/geoclimate.ge\/az\/wp-json\/wp\/v2\/product"}],"about":[{"href":"https:\/\/geoclimate.ge\/az\/wp-json\/wp\/v2\/types\/product"}],"wp:featuredmedia":[{"embeddable":true,"href":"https:\/\/geoclimate.ge\/az\/wp-json\/wp\/v2\/media\/21894"}],"wp:attachment":[{"href":"https:\/\/geoclimate.ge\/az\/wp-json\/wp\/v2\/media?parent=23272"}],"wp:term":[{"taxonomy":"product_brand","embeddable":true,"href":"https:\/\/geoclimate.ge\/az\/wp-json\/wp\/v2\/product_brand?post=23272"},{"taxonomy":"product_cat","embeddable":true,"href":"https:\/\/geoclimate.ge\/az\/wp-json\/wp\/v2\/product_cat?post=23272"},{"taxonomy":"product_tag","embeddable":true,"href":"https:\/\/geoclimate.ge\/az\/wp-json\/wp\/v2\/product_tag?post=23272"}],"curies":[{"name":"wp","href":"https:\/\/api.w.org\/{rel}","templated":true}]}}