{"id":23277,"date":"2025-01-12T00:21:39","date_gmt":"2025-01-11T20:21:39","guid":{"rendered":"https:\/\/airsystems.ge\/shop\/product\/dantherm-ac-m7-mkii-tent-cooler-tent-coolers\/"},"modified":"2025-02-22T12:33:47","modified_gmt":"2025-02-22T08:33:47","slug":"dantherm-ac-m7-mkii-tent-cooler-tent-coolers","status":"publish","type":"product","link":"https:\/\/geoclimate.ge\/az\/product\/dantherm-ac-m7-mkii-tent-cooler-tent-coolers\/","title":{"rendered":"Dantherm AC-M7 MKII \u2013 \u00e7ad\u0131r soyuducu \u00c7ad\u0131r soyuducular\u0131"},"content":{"rendered":"<div class=\"mt-6 md:mt-10\">\n<div class=\"flex flex-wrap\">\n<div class=\"w-full md:w-1\/2 auto-bullets md:pr-16\">\n<p>AC-M7 MKII kondisioneri, \u0259sas\u0259n m\u00fcv\u0259qq\u0259ti v\u0259 ya da\u015f\u0131nan binalarda v\u0259 ya \u00e7ad\u0131rlarda kondisioner t\u0259min etm\u0259k \u00fc\u00e7\u00fcn haz\u0131rlanm\u0131\u015f 7 kVt g\u00fcc\u00fcnd\u0259 portativ qur\u011fudur. AC-M7, \u00e7ad\u0131rdan k\u0259narda, t\u0259dar\u00fck v\u0259 geri d\u00f6nm\u0259 havas\u0131 il\u0259 yerl\u0259\u015fdirilm\u0259k \u00fc\u00e7\u00fcn n\u0259z\u0259rd\u0259 tutulmu\u015fdur.<\/p>\n<p>Hava soyutma qur\u011fular\u0131m\u0131za v\u0259\u00a0\u00e7ad\u0131r soyuducular\u0131m\u0131za bax\u0131n<\/p>\n<p>\u018fsas x\u00fcsusiyy\u0259tl\u0259r<br \/>\n\u0130sti dald\u0131rma sinkl\u0259nmi\u015f v\u0259 toz boyal\u0131 polad t\u0259b\u0259q\u0259d\u0259n istehsal edilmi\u015fdir<br \/>\n\u018ftraf m\u00fchitin temperaturunda +55\u00b0C-\u0259 q\u0259d\u0259r soyutma t\u0259min ed\u0259 bilir<br \/>\nCEE fi\u015fli 15 m elektrik kabeli vasit\u0259sil\u0259 elektrik \u015f\u0259b\u0259k\u0259sin\u0259 v\u0259 ya ayr\u0131ca dizel generatoruna qo\u015fulun<br \/>\nSoyutmadan ventilyasiyaya imkan ver\u0259n &#8220;yaln\u0131z VENT&#8221; se\u00e7imi<br \/>\n\u00c7ad\u0131r\u0131n i\u00e7\u0259risin\u0259 yerl\u0259\u015fdiril\u0259n otaq termostat\u0131 il\u0259 temperaturun idar\u0259 edilm\u0259si<br \/>\nYuyula bil\u0259n v\u0259 asanl\u0131qla \u00e7\u0131xar\u0131la bil\u0259n qaba filtrl\u0259r daxili hava giri\u015finin qar\u015f\u0131s\u0131nda, el\u0259c\u0259 d\u0259 xarici hava giri\u015finin qar\u015f\u0131s\u0131nda<br \/>\nForkliftl\u0259, qur\u011funun \u00fcst\u00fcnd\u0259ki d\u00f6rd qald\u0131r\u0131c\u0131 qarmaq v\u0259 ya iki t\u0259k\u0259rl\u0259 asan da\u015f\u0131nma<br \/>\nQura\u015fd\u0131rma v\u0259 \u0259m\u0259liyyat bir n\u0259f\u0259r t\u0259r\u0259find\u0259n h\u0259yata ke\u00e7iril\u0259 bil\u0259r<br \/>\nCihaz\u0131n \u00fcst\u00fcn\u0259 y\u0131\u011f\u0131la bil\u0259n \u00e7\u0131xar\u0131la bil\u0259n t\u0259k\u0259rl\u0259r<br \/>\nT\u0259nziml\u0259n\u0259n t\u0259miz hava q\u0259bulu<br \/>\n\u018fm\u0259liyyat diapazonu olaraq isitm\u0259: -32\u00b0C il\u0259 +20\u00b0C aras\u0131nda i\u015fl\u0259m\u0259k \u00fc\u00e7\u00fcn se\u00e7im t\u0259min edil\u0259 bil\u0259r<\/p>\n<p>ist\u0259nil\u0259n miqyasda b\u00fct\u00fcn n\u00f6v t\u0259tbiq v\u0259 kommersiya m\u0259qs\u0259dl\u0259ri \u00fc\u00e7\u00fcn uy\u011fundur.<\/p>\n<\/div>\n<\/div>\n<\/div>\n<div class=\"md:text-center\">\n<h3 class=\"text-black font-bold text-lg md:text-xl lg:text-2xl\"><strong>Product Specifications<\/strong><\/h3>\n<\/div>\n<div class=\" md:mt-10\">\n<div class=\"\">\n<div class=\"lg:mt-0 \">\n<div id=\"spec-ac-m7-mkii\" class=\"prose max-w-full md:overflow-auto\" data-spec-content=\"\">\n<div class=\"spreadsheet-container hidden md:block\">\n<table class=\"w-full table-fixed mb-0\">\n<thead>\n<tr>\n<th class=\"font-bold text-base\"><span class=\"block px-4\">Specifications<\/span><\/th>\n<th class=\"font-bold text-base text-center\"><span class=\"block px-10 md:px-20\">Units<\/span><\/th>\n<th class=\"font-bold text-base text-center will-change\"><span class=\"block px-4\">AC-M7\u00a0MKII<\/span><\/th>\n<\/tr>\n<\/thead>\n<tbody>\n<tr class=\"bg-grey-200\/50 p-2\">\n<td colspan=\"1\"><span class=\"block px-4\">Registered NSN number<\/span><\/td>\n<td class=\"text-center\">\n<div class=\"px-10 md:px-20 flex items-center justify-center\">&#8211;<\/div>\n<\/td>\n<td class=\"text-center will-change\">\n<div class=\"px-10 md:px-20 flex items-center justify-center\">Yes<\/div>\n<\/td>\n<\/tr>\n<tr class=\" p-2\">\n<td colspan=\"1\"><span class=\"block px-4\">Operating temperature range, cooling<\/span><\/td>\n<td class=\"text-center\">\n<div class=\"px-10 md:px-20 flex items-center justify-center\">\u00b0C<\/div>\n<\/td>\n<td class=\"text-center will-change\">\n<div class=\"px-10 md:px-20 flex items-center justify-center\">+20 \u2013 +55<\/div>\n<\/td>\n<\/tr>\n<tr class=\"bg-grey-200\/50 p-2\">\n<td colspan=\"1\"><span class=\"block px-4\">Operating temperature range, heating<\/span><\/td>\n<td class=\"text-center\">\n<div class=\"px-10 md:px-20 flex items-center justify-center\">\u00b0C<\/div>\n<\/td>\n<td class=\"text-center will-change\">\n<div class=\"px-10 md:px-20 flex items-center justify-center\">-20 \u2013 +20<\/div>\n<\/td>\n<\/tr>\n<tr class=\" p-2\">\n<td colspan=\"1\"><span class=\"block px-4\">Air flow<\/span><\/td>\n<td class=\"text-center\">\n<div class=\"px-10 md:px-20 flex items-center justify-center\">m\u00b3\/h<\/div>\n<\/td>\n<td class=\"text-center will-change\">\n<div class=\"px-10 md:px-20 flex items-center justify-center\">2,500<\/div>\n<\/td>\n<\/tr>\n<tr class=\"bg-grey-200\/50 p-2\">\n<td colspan=\"1\"><span class=\"block px-4\">Sound level @ 1.5m<\/span><\/td>\n<td class=\"text-center\">\n<div class=\"px-10 md:px-20 flex items-center justify-center\">dB(A)<\/div>\n<\/td>\n<td class=\"text-center will-change\">\n<div class=\"px-10 md:px-20 flex items-center justify-center\">69<\/div>\n<\/td>\n<\/tr>\n<tr class=\" p-2\">\n<td colspan=\"1\"><span class=\"block px-4\">Protection class<\/span><\/td>\n<td class=\"text-center\">\n<div class=\"px-10 md:px-20 flex items-center justify-center\"><\/div>\n<\/td>\n<td class=\"text-center will-change\">\n<div class=\"px-10 md:px-20 flex items-center justify-center\">IPX4<\/div>\n<\/td>\n<\/tr>\n<tr class=\"bg-grey-200\/50 p-2\">\n<td colspan=\"1\"><span class=\"block px-4\">Refrigerant<\/span><\/td>\n<td class=\"text-center\">\n<div class=\"px-10 md:px-20 flex items-center justify-center\">Type\/kg<\/div>\n<\/td>\n<td class=\"text-center will-change\">\n<div class=\"px-10 md:px-20 flex items-center justify-center\">R134a\/3.0<\/div>\n<\/td>\n<\/tr>\n<tr class=\" p-2\">\n<td colspan=\"1\"><span class=\"block px-4\">Nominal cooling capacity<\/span><\/td>\n<td class=\"text-center\">\n<div class=\"px-10 md:px-20 flex items-center justify-center\">kW<\/div>\n<\/td>\n<td class=\"text-center will-change\">\n<div class=\"px-10 md:px-20 flex items-center justify-center\">7.6<\/div>\n<\/td>\n<\/tr>\n<tr class=\"bg-grey-200\/50 p-2\">\n<td colspan=\"1\"><span class=\"block px-4\">Heating capacity (optional)<\/span><\/td>\n<td class=\"text-center\">\n<div class=\"px-10 md:px-20 flex items-center justify-center\">kW<\/div>\n<\/td>\n<td class=\"text-center will-change\">\n<div class=\"px-10 md:px-20 flex items-center justify-center\">7.2<\/div>\n<\/td>\n<\/tr>\n<tr class=\" p-2\">\n<td colspan=\"1\"><span class=\"block px-4\">Power supply<\/span><\/td>\n<td class=\"text-center\">\n<div class=\"px-10 md:px-20 flex items-center justify-center\">V\/Hz<\/div>\n<\/td>\n<td class=\"text-center will-change\">\n<div class=\"px-10 md:px-20 flex items-center justify-center\">400\/3ph\/50<\/div>\n<\/td>\n<\/tr>\n<tr class=\"bg-grey-200\/50 p-2\">\n<td colspan=\"1\"><span class=\"block px-4\">Max. running current, cooling\/heating<\/span><\/td>\n<td class=\"text-center\">\n<div class=\"px-10 md:px-20 flex items-center justify-center\">A<\/div>\n<\/td>\n<td class=\"text-center will-change\">\n<div class=\"px-10 md:px-20 flex items-center justify-center\">7.2\/13<\/div>\n<\/td>\n<\/tr>\n<tr class=\" p-2\">\n<td colspan=\"1\"><span class=\"block px-4\">Locked rotor amperage (LRA)<\/span><\/td>\n<td class=\"text-center\">\n<div class=\"px-10 md:px-20 flex items-center justify-center\">A<\/div>\n<\/td>\n<td class=\"text-center will-change\">\n<div class=\"px-10 md:px-20 flex items-center justify-center\">24<\/div>\n<\/td>\n<\/tr>\n<tr class=\"bg-grey-200\/50 p-2\">\n<td colspan=\"1\"><span class=\"block px-4\">Max. power consumption cooling\/heating<\/span><\/td>\n<td class=\"text-center\">\n<div class=\"px-10 md:px-20 flex items-center justify-center\">W<\/div>\n<\/td>\n<td class=\"text-center will-change\">\n<div class=\"px-10 md:px-20 flex items-center justify-center\">3,700\/7,700<\/div>\n<\/td>\n<\/tr>\n<tr class=\" p-2\">\n<td colspan=\"1\"><span class=\"block px-4\">Hose connection<\/span><\/td>\n<td class=\"text-center\">\n<div class=\"px-10 md:px-20 flex items-center justify-center\">\u00d8mm<\/div>\n<\/td>\n<td class=\"text-center will-change\">\n<div class=\"px-10 md:px-20 flex items-center justify-center\">1 x 315 or 2 x 225<\/div>\n<\/td>\n<\/tr>\n<tr class=\"bg-grey-200\/50 p-2\">\n<td colspan=\"1\"><span class=\"block px-4\">Product size (h x l x w)<\/span><\/td>\n<td class=\"text-center\">\n<div class=\"px-10 md:px-20 flex items-center justify-center\">mm<\/div>\n<\/td>\n<td class=\"text-center will-change\">\n<div class=\"px-10 md:px-20 flex items-center justify-center\">1150 x 796 x 756<\/div>\n<\/td>\n<\/tr>\n<tr class=\" p-2\">\n<td colspan=\"1\"><span class=\"block px-4\">Weight<\/span><\/td>\n<td class=\"text-center\">\n<div class=\"px-10 md:px-20 flex items-center justify-center\">kg<\/div>\n<\/td>\n<td class=\"text-center will-change\">\n<div class=\"px-10 md:px-20 flex items-center justify-center\">190<\/div>\n<\/td>\n<\/tr>\n<\/tbody>\n<\/table>\n<\/div>\n<\/div>\n<\/div>\n<\/div>\n<\/div>\n<p>&nbsp;<\/p>\n","protected":false},"excerpt":{"rendered":"<h2 class=\"font-bold text-sm md:text-lg\"><a class=\"underline underline-offset-2 decoration-transparent transition duration-300 ease-linear hover:decoration-black\" href=\"https:\/\/www.danthermgroup.com\/uk\/downloads\/dantherm-humanitarian-defence-catalogue\" target=\"_blank\" rel=\"nofollow noindex noopener\">Dantherm Group catalogue \u2013 Humanitarian and Defence<\/a><\/h2>\n","protected":false},"featured_media":21774,"template":"","meta":[],"product_brand":[],"product_cat":[857,845],"product_tag":[],"class_list":{"0":"post-23277","1":"product","2":"type-product","3":"status-publish","4":"has-post-thumbnail","6":"product_cat-cadir-soyuduculari-az","7":"product_cat-kondisioner-dantherm-az","9":"first","10":"instock","11":"shipping-taxable","12":"product-type-simple"},"yoast_head":"<!-- This site is optimized with the Yoast SEO plugin v27.1.1 - https:\/\/yoast.com\/product\/yoast-seo-wordpress\/ -->\n<title>Dantherm AC-M7 MKII \u2013 \u00e7ad\u0131r soyuducu \u00c7ad\u0131r soyuducular\u0131 - GeoClimate.ge<\/title>\n<meta name=\"robots\" content=\"index, follow, max-snippet:-1, max-image-preview:large, max-video-preview:-1\" \/>\n<link rel=\"canonical\" href=\"https:\/\/geoclimate.ge\/az\/product\/dantherm-ac-m7-mkii-tent-cooler-tent-coolers\/\" \/>\n<meta property=\"og:locale\" content=\"az_AZ\" \/>\n<meta property=\"og:type\" content=\"article\" \/>\n<meta property=\"og:title\" content=\"Dantherm AC-M7 MKII \u2013 \u00e7ad\u0131r soyuducu \u00c7ad\u0131r soyuducular\u0131 - GeoClimate.ge\" \/>\n<meta property=\"og:description\" content=\"Dantherm Group catalogue \u2013 Humanitarian and Defence\" \/>\n<meta property=\"og:url\" content=\"https:\/\/geoclimate.ge\/az\/product\/dantherm-ac-m7-mkii-tent-cooler-tent-coolers\/\" \/>\n<meta property=\"og:site_name\" content=\"GeoClimate.ge\" \/>\n<meta property=\"article:modified_time\" content=\"2025-02-22T08:33:47+00:00\" \/>\n<meta property=\"og:image\" content=\"https:\/\/geoclimate.ge\/wp-content\/uploads\/2025\/01\/Dantherm-AC-M7MKII-1-Openings.jpg\" \/>\n\t<meta property=\"og:image:width\" content=\"1000\" \/>\n\t<meta property=\"og:image:height\" content=\"1000\" \/>\n\t<meta property=\"og:image:type\" content=\"image\/jpeg\" \/>\n<meta name=\"twitter:card\" content=\"summary_large_image\" \/>\n<meta name=\"twitter:label1\" content=\"Est. reading time\" \/>\n\t<meta name=\"twitter:data1\" content=\"2 minutes\" \/>\n<script type=\"application\/ld+json\" class=\"yoast-schema-graph\">{\"@context\":\"https:\/\/schema.org\",\"@graph\":[{\"@type\":\"WebPage\",\"@id\":\"https:\/\/geoclimate.ge\/az\/product\/dantherm-ac-m7-mkii-tent-cooler-tent-coolers\/\",\"url\":\"https:\/\/geoclimate.ge\/az\/product\/dantherm-ac-m7-mkii-tent-cooler-tent-coolers\/\",\"name\":\"Dantherm AC-M7 MKII \u2013 \u00e7ad\u0131r soyuducu \u00c7ad\u0131r soyuducular\u0131 - GeoClimate.ge\",\"isPartOf\":{\"@id\":\"https:\/\/geoclimate.ge\/#website\"},\"primaryImageOfPage\":{\"@id\":\"https:\/\/geoclimate.ge\/az\/product\/dantherm-ac-m7-mkii-tent-cooler-tent-coolers\/#primaryimage\"},\"image\":{\"@id\":\"https:\/\/geoclimate.ge\/az\/product\/dantherm-ac-m7-mkii-tent-cooler-tent-coolers\/#primaryimage\"},\"thumbnailUrl\":\"https:\/\/geoclimate.ge\/wp-content\/uploads\/2025\/01\/Dantherm-AC-M7MKII-1-Openings.jpg\",\"datePublished\":\"2025-01-11T20:21:39+00:00\",\"dateModified\":\"2025-02-22T08:33:47+00:00\",\"breadcrumb\":{\"@id\":\"https:\/\/geoclimate.ge\/az\/product\/dantherm-ac-m7-mkii-tent-cooler-tent-coolers\/#breadcrumb\"},\"inLanguage\":\"az\",\"potentialAction\":[{\"@type\":\"ReadAction\",\"target\":[\"https:\/\/geoclimate.ge\/az\/product\/dantherm-ac-m7-mkii-tent-cooler-tent-coolers\/\"]}]},{\"@type\":\"ImageObject\",\"inLanguage\":\"az\",\"@id\":\"https:\/\/geoclimate.ge\/az\/product\/dantherm-ac-m7-mkii-tent-cooler-tent-coolers\/#primaryimage\",\"url\":\"https:\/\/geoclimate.ge\/wp-content\/uploads\/2025\/01\/Dantherm-AC-M7MKII-1-Openings.jpg\",\"contentUrl\":\"https:\/\/geoclimate.ge\/wp-content\/uploads\/2025\/01\/Dantherm-AC-M7MKII-1-Openings.jpg\",\"width\":1000,\"height\":1000},{\"@type\":\"BreadcrumbList\",\"@id\":\"https:\/\/geoclimate.ge\/az\/product\/dantherm-ac-m7-mkii-tent-cooler-tent-coolers\/#breadcrumb\",\"itemListElement\":[{\"@type\":\"ListItem\",\"position\":1,\"name\":\"Home\",\"item\":\"https:\/\/geoclimate.ge\/az\/\"},{\"@type\":\"ListItem\",\"position\":2,\"name\":\"M\u0259hsullar\",\"item\":\"https:\/\/geoclimate.ge\/az\/products\/\"},{\"@type\":\"ListItem\",\"position\":3,\"name\":\"Dantherm AC-M7 MKII \u2013 \u00e7ad\u0131r soyuducu \u00c7ad\u0131r soyuducular\u0131\"}]},{\"@type\":\"WebSite\",\"@id\":\"https:\/\/geoclimate.ge\/#website\",\"url\":\"https:\/\/geoclimate.ge\/\",\"name\":\"GeoClimate\",\"description\":\"\",\"publisher\":{\"@id\":\"https:\/\/geoclimate.ge\/#organization\"},\"potentialAction\":[{\"@type\":\"SearchAction\",\"target\":{\"@type\":\"EntryPoint\",\"urlTemplate\":\"https:\/\/geoclimate.ge\/?s={search_term_string}\"},\"query-input\":{\"@type\":\"PropertyValueSpecification\",\"valueRequired\":true,\"valueName\":\"search_term_string\"}}],\"inLanguage\":\"az\"},{\"@type\":\"Organization\",\"@id\":\"https:\/\/geoclimate.ge\/#organization\",\"name\":\"GeoClimate\",\"url\":\"https:\/\/geoclimate.ge\/\",\"logo\":{\"@type\":\"ImageObject\",\"inLanguage\":\"az\",\"@id\":\"https:\/\/geoclimate.ge\/#\/schema\/logo\/image\/\",\"url\":\"https:\/\/geoclimate.ge\/wp-content\/uploads\/2026\/03\/geoclimate-SEO.png\",\"contentUrl\":\"https:\/\/geoclimate.ge\/wp-content\/uploads\/2026\/03\/geoclimate-SEO.png\",\"width\":1536,\"height\":1024,\"caption\":\"GeoClimate\"},\"image\":{\"@id\":\"https:\/\/geoclimate.ge\/#\/schema\/logo\/image\/\"}}]}<\/script>\n<!-- \/ Yoast SEO plugin. -->","yoast_head_json":{"title":"Dantherm AC-M7 MKII \u2013 \u00e7ad\u0131r soyuducu \u00c7ad\u0131r soyuducular\u0131 - GeoClimate.ge","robots":{"index":"index","follow":"follow","max-snippet":"max-snippet:-1","max-image-preview":"max-image-preview:large","max-video-preview":"max-video-preview:-1"},"canonical":"https:\/\/geoclimate.ge\/az\/product\/dantherm-ac-m7-mkii-tent-cooler-tent-coolers\/","og_locale":"az_AZ","og_type":"article","og_title":"Dantherm AC-M7 MKII \u2013 \u00e7ad\u0131r soyuducu \u00c7ad\u0131r soyuducular\u0131 - GeoClimate.ge","og_description":"Dantherm Group catalogue \u2013 Humanitarian and Defence","og_url":"https:\/\/geoclimate.ge\/az\/product\/dantherm-ac-m7-mkii-tent-cooler-tent-coolers\/","og_site_name":"GeoClimate.ge","article_modified_time":"2025-02-22T08:33:47+00:00","og_image":[{"width":1000,"height":1000,"url":"https:\/\/geoclimate.ge\/wp-content\/uploads\/2025\/01\/Dantherm-AC-M7MKII-1-Openings.jpg","type":"image\/jpeg"}],"twitter_card":"summary_large_image","twitter_misc":{"Est. reading time":"2 minutes"},"schema":{"@context":"https:\/\/schema.org","@graph":[{"@type":"WebPage","@id":"https:\/\/geoclimate.ge\/az\/product\/dantherm-ac-m7-mkii-tent-cooler-tent-coolers\/","url":"https:\/\/geoclimate.ge\/az\/product\/dantherm-ac-m7-mkii-tent-cooler-tent-coolers\/","name":"Dantherm AC-M7 MKII \u2013 \u00e7ad\u0131r soyuducu \u00c7ad\u0131r soyuducular\u0131 - GeoClimate.ge","isPartOf":{"@id":"https:\/\/geoclimate.ge\/#website"},"primaryImageOfPage":{"@id":"https:\/\/geoclimate.ge\/az\/product\/dantherm-ac-m7-mkii-tent-cooler-tent-coolers\/#primaryimage"},"image":{"@id":"https:\/\/geoclimate.ge\/az\/product\/dantherm-ac-m7-mkii-tent-cooler-tent-coolers\/#primaryimage"},"thumbnailUrl":"https:\/\/geoclimate.ge\/wp-content\/uploads\/2025\/01\/Dantherm-AC-M7MKII-1-Openings.jpg","datePublished":"2025-01-11T20:21:39+00:00","dateModified":"2025-02-22T08:33:47+00:00","breadcrumb":{"@id":"https:\/\/geoclimate.ge\/az\/product\/dantherm-ac-m7-mkii-tent-cooler-tent-coolers\/#breadcrumb"},"inLanguage":"az","potentialAction":[{"@type":"ReadAction","target":["https:\/\/geoclimate.ge\/az\/product\/dantherm-ac-m7-mkii-tent-cooler-tent-coolers\/"]}]},{"@type":"ImageObject","inLanguage":"az","@id":"https:\/\/geoclimate.ge\/az\/product\/dantherm-ac-m7-mkii-tent-cooler-tent-coolers\/#primaryimage","url":"https:\/\/geoclimate.ge\/wp-content\/uploads\/2025\/01\/Dantherm-AC-M7MKII-1-Openings.jpg","contentUrl":"https:\/\/geoclimate.ge\/wp-content\/uploads\/2025\/01\/Dantherm-AC-M7MKII-1-Openings.jpg","width":1000,"height":1000},{"@type":"BreadcrumbList","@id":"https:\/\/geoclimate.ge\/az\/product\/dantherm-ac-m7-mkii-tent-cooler-tent-coolers\/#breadcrumb","itemListElement":[{"@type":"ListItem","position":1,"name":"Home","item":"https:\/\/geoclimate.ge\/az\/"},{"@type":"ListItem","position":2,"name":"M\u0259hsullar","item":"https:\/\/geoclimate.ge\/az\/products\/"},{"@type":"ListItem","position":3,"name":"Dantherm AC-M7 MKII \u2013 \u00e7ad\u0131r soyuducu \u00c7ad\u0131r soyuducular\u0131"}]},{"@type":"WebSite","@id":"https:\/\/geoclimate.ge\/#website","url":"https:\/\/geoclimate.ge\/","name":"GeoClimate","description":"","publisher":{"@id":"https:\/\/geoclimate.ge\/#organization"},"potentialAction":[{"@type":"SearchAction","target":{"@type":"EntryPoint","urlTemplate":"https:\/\/geoclimate.ge\/?s={search_term_string}"},"query-input":{"@type":"PropertyValueSpecification","valueRequired":true,"valueName":"search_term_string"}}],"inLanguage":"az"},{"@type":"Organization","@id":"https:\/\/geoclimate.ge\/#organization","name":"GeoClimate","url":"https:\/\/geoclimate.ge\/","logo":{"@type":"ImageObject","inLanguage":"az","@id":"https:\/\/geoclimate.ge\/#\/schema\/logo\/image\/","url":"https:\/\/geoclimate.ge\/wp-content\/uploads\/2026\/03\/geoclimate-SEO.png","contentUrl":"https:\/\/geoclimate.ge\/wp-content\/uploads\/2026\/03\/geoclimate-SEO.png","width":1536,"height":1024,"caption":"GeoClimate"},"image":{"@id":"https:\/\/geoclimate.ge\/#\/schema\/logo\/image\/"}}]}},"_links":{"self":[{"href":"https:\/\/geoclimate.ge\/az\/wp-json\/wp\/v2\/product\/23277","targetHints":{"allow":["GET"]}}],"collection":[{"href":"https:\/\/geoclimate.ge\/az\/wp-json\/wp\/v2\/product"}],"about":[{"href":"https:\/\/geoclimate.ge\/az\/wp-json\/wp\/v2\/types\/product"}],"wp:featuredmedia":[{"embeddable":true,"href":"https:\/\/geoclimate.ge\/az\/wp-json\/wp\/v2\/media\/21774"}],"wp:attachment":[{"href":"https:\/\/geoclimate.ge\/az\/wp-json\/wp\/v2\/media?parent=23277"}],"wp:term":[{"taxonomy":"product_brand","embeddable":true,"href":"https:\/\/geoclimate.ge\/az\/wp-json\/wp\/v2\/product_brand?post=23277"},{"taxonomy":"product_cat","embeddable":true,"href":"https:\/\/geoclimate.ge\/az\/wp-json\/wp\/v2\/product_cat?post=23277"},{"taxonomy":"product_tag","embeddable":true,"href":"https:\/\/geoclimate.ge\/az\/wp-json\/wp\/v2\/product_tag?post=23277"}],"curies":[{"name":"wp","href":"https:\/\/api.w.org\/{rel}","templated":true}]}}