{"id":23280,"date":"2025-01-12T00:02:43","date_gmt":"2025-01-11T20:02:43","guid":{"rendered":"https:\/\/airsystems.ge\/shop\/product\/dantherm-va-m40-mkii-tent-heater-tent-heaters\/"},"modified":"2025-04-01T12:58:13","modified_gmt":"2025-04-01T08:58:13","slug":"dantherm-va-m40-mkii-tent-heater-tent-heaters","status":"publish","type":"product","link":"https:\/\/geoclimate.ge\/az\/product\/dantherm-va-m40-mkii-tent-heater-tent-heaters\/","title":{"rendered":"Dantherm VA-M40 MKII \u2013 \u00e7ad\u0131r q\u0131zd\u0131r\u0131c\u0131s\u0131 \u00c7ad\u0131r q\u0131zd\u0131r\u0131c\u0131lar\u0131"},"content":{"rendered":"<p><strong>\u018fsas x\u00fcsusiyy\u0259tl\u0259r<\/strong><br \/>\n-40\u00b0C-\u0259 q\u0259d\u0259r olan temperaturda i\u015fl\u0259y\u0259 bil\u0259r<br \/>\nRahat i\u015f m\u00fchiti yarad\u0131r<br \/>\nVertolyotlar kimi avadanl\u0131q v\u0259 n\u0259qliyyat isti v\u0259 istifad\u0259y\u0259 haz\u0131r qal\u0131r, a\u015f\u0131nman\u0131 azald\u0131r v\u0259 daha s\u00fcr\u0259tli cavab m\u00fcdd\u0259tini t\u0259min edir.<br \/>\nEtibarl\u0131 v\u0259 praktiki olaraq texniki xidm\u0259t t\u0259l\u0259b olunmur<br \/>\nBuz v\u0259 qar \u00fcz\u0259rind\u0259 bel\u0259 da\u015f\u0131maq asand\u0131r<br \/>\nAl\u0259tl\u0259rd\u0259n istifad\u0259 etm\u0259d\u0259n bir n\u0259f\u0259r t\u0259r\u0259find\u0259n qura\u015fd\u0131r\u0131la bil\u0259r v\u0259 istifad\u0259si asand\u0131r<br \/>\nNATO \u00f6lk\u0259l\u0259rinin silahl\u0131 q\u00fcvv\u0259l\u0259ri il\u0259 s\u0131x \u0259m\u0259kda\u015fl\u0131q \u015f\u0259raitind\u0259 haz\u0131rlanm\u0131\u015fd\u0131r<br \/>\nNATO standart\u0131 olaraq se\u00e7ilmi\u015f, b\u00fct\u00fcn NATO t\u0259l\u0259b v\u0259 normalar\u0131na uy\u011fundur<br \/>\nB\u00fct\u00fcn b\u00f6lm\u0259l\u0259r\u0259 NATO ehtiyat n\u00f6mr\u0259l\u0259ri (NSN) ayr\u0131lm\u0131\u015fd\u0131r.<br \/>\nKanall\u0131 t\u0259dar\u00fck v\u0259 geri d\u00f6n\u0259n hava il\u0259 a\u00e7\u0131q havada i\u015fl\u0259m\u0259k \u00fc\u00e7\u00fcn ideald\u0131r<br \/>\nT\u0259nziml\u0259n\u0259n t\u0259miz hava q\u0259bulu<br \/>\nEffektiv \u00e7oxlu maye ocaq dem\u0259k olar ki, b\u00fct\u00fcn dizel yanaca\u011f\u0131n\u0131 q\u0259bul edir<\/p>\n<p>&nbsp;<\/p>\n<div class=\"md:text-center\">\n<h3 class=\"text-black font-bold text-lg md:text-xl lg:text-2xl\"><strong>Product specifications<\/strong><\/h3>\n<\/div>\n<div class=\" md:mt-10\">\n<div class=\"\">\n<div class=\"lg:mt-0 \">\n<div id=\"spec-va-m40-mkii\" class=\"prose max-w-full md:overflow-auto\" data-spec-content=\"\">\n<div class=\"spreadsheet-container hidden md:block\">\n<table class=\"w-full table-fixed mb-0\">\n<thead>\n<tr>\n<th class=\"font-bold text-base\"><span class=\"block px-4\">Specifications<\/span><\/th>\n<th class=\"font-bold text-base text-center\"><span class=\"block px-10 md:px-20\">Units<\/span><\/th>\n<th class=\"font-bold text-base text-center will-change\"><span class=\"block px-4\">VA-M40\u00a0MKII<\/span><\/th>\n<\/tr>\n<\/thead>\n<tbody>\n<tr class=\"bg-grey-200\/50 p-2\">\n<td colspan=\"1\"><span class=\"block px-4\">Registered NSN number<\/span><\/td>\n<td class=\"text-center\">\n<div class=\"px-10 md:px-20 flex items-center justify-center\">&#8211;<\/div>\n<\/td>\n<td class=\"text-center will-change\">\n<div class=\"px-10 md:px-20 flex items-center justify-center\">Yes<\/div>\n<\/td>\n<\/tr>\n<tr class=\" p-2\">\n<td colspan=\"1\"><span class=\"block px-4\">Operating temperature range<\/span><\/td>\n<td class=\"text-center\">\n<div class=\"px-10 md:px-20 flex items-center justify-center\">\u00b0C<\/div>\n<\/td>\n<td class=\"text-center will-change\">\n<div class=\"px-10 md:px-20 flex items-center justify-center\">-40 \u2013 +30<\/div>\n<\/td>\n<\/tr>\n<tr class=\"bg-grey-200\/50 p-2\">\n<td colspan=\"1\"><span class=\"block px-4\">Heat output<\/span><\/td>\n<td class=\"text-center\">\n<div class=\"px-10 md:px-20 flex items-center justify-center\">kW<\/div>\n<\/td>\n<td class=\"text-center will-change\">\n<div class=\"px-10 md:px-20 flex items-center justify-center\">38<\/div>\n<\/td>\n<\/tr>\n<tr class=\" p-2\">\n<td colspan=\"1\"><span class=\"block px-4\">Air flow<\/span><\/td>\n<td class=\"text-center\">\n<div class=\"px-10 md:px-20 flex items-center justify-center\">m\u00b3\/h<\/div>\n<\/td>\n<td class=\"text-center will-change\">\n<div class=\"px-10 md:px-20 flex items-center justify-center\">2,200<\/div>\n<\/td>\n<\/tr>\n<tr class=\"bg-grey-200\/50 p-2\">\n<td colspan=\"1\"><span class=\"block px-4\">Sound level @ 1.5m<\/span><\/td>\n<td class=\"text-center\">\n<div class=\"px-10 md:px-20 flex items-center justify-center\">dB(A)<\/div>\n<\/td>\n<td class=\"text-center will-change\">\n<div class=\"px-10 md:px-20 flex items-center justify-center\">60<\/div>\n<\/td>\n<\/tr>\n<tr class=\" p-2\">\n<td colspan=\"1\"><span class=\"block px-4\">Protection class<\/span><\/td>\n<td class=\"text-center\">\n<div class=\"px-10 md:px-20 flex items-center justify-center\"><\/div>\n<\/td>\n<td class=\"text-center will-change\">\n<div class=\"px-10 md:px-20 flex items-center justify-center\">IPX4<\/div>\n<\/td>\n<\/tr>\n<tr class=\"bg-grey-200\/50 p-2\">\n<td colspan=\"1\"><span class=\"block px-4\">Max. fuel consumption<\/span><\/td>\n<td class=\"text-center\">\n<div class=\"px-10 md:px-20 flex items-center justify-center\">l\/h<\/div>\n<\/td>\n<td class=\"text-center will-change\">\n<div class=\"px-10 md:px-20 flex items-center justify-center\">3.6<\/div>\n<\/td>\n<\/tr>\n<tr class=\" p-2\">\n<td colspan=\"1\"><span class=\"block px-4\">Power supply<\/span><\/td>\n<td class=\"text-center\">\n<div class=\"px-10 md:px-20 flex items-center justify-center\">V\/Hz<\/div>\n<\/td>\n<td class=\"text-center will-change\">\n<div class=\"px-10 md:px-20 flex items-center justify-center\">230\/1ph\/50<\/div>\n<\/td>\n<\/tr>\n<tr class=\"bg-grey-200\/50 p-2\">\n<td colspan=\"1\"><span class=\"block px-4\">Max. power consumption<\/span><\/td>\n<td class=\"text-center\">\n<div class=\"px-10 md:px-20 flex items-center justify-center\">W<\/div>\n<\/td>\n<td class=\"text-center will-change\">\n<div class=\"px-10 md:px-20 flex items-center justify-center\">1,055<\/div>\n<\/td>\n<\/tr>\n<tr class=\" p-2\">\n<td colspan=\"1\"><span class=\"block px-4\">Air discharge temperature<\/span><\/td>\n<td class=\"text-center\">\n<div class=\"px-10 md:px-20 flex items-center justify-center\">\u00b0C<\/div>\n<\/td>\n<td class=\"text-center will-change\">\n<div class=\"px-10 md:px-20 flex items-center justify-center\">80<\/div>\n<\/td>\n<\/tr>\n<tr class=\"bg-grey-200\/50 p-2\">\n<td colspan=\"1\"><span class=\"block px-4\">Flex duct connection<\/span><\/td>\n<td class=\"text-center\">\n<div class=\"px-10 md:px-20 flex items-center justify-center\">\u00d8mm<\/div>\n<\/td>\n<td class=\"text-center will-change\">\n<div class=\"px-10 md:px-20 flex items-center justify-center\">225<\/div>\n<\/td>\n<\/tr>\n<tr class=\" p-2\">\n<td colspan=\"1\"><span class=\"block px-4\">Product size (h x l x w)<\/span><\/td>\n<td class=\"text-center\">\n<div class=\"px-10 md:px-20 flex items-center justify-center\">mm<\/div>\n<\/td>\n<td class=\"text-center will-change\">\n<div class=\"px-10 md:px-20 flex items-center justify-center\">890 x 1400 x 700<\/div>\n<\/td>\n<\/tr>\n<tr class=\"bg-grey-200\/50 p-2\">\n<td colspan=\"1\"><span class=\"block px-4\">Weight<\/span><\/td>\n<td class=\"text-center\">\n<div class=\"px-10 md:px-20 flex items-center justify-center\">kg<\/div>\n<\/td>\n<td class=\"text-center will-change\">\n<div class=\"px-10 md:px-20 flex items-center justify-center\">129<\/div>\n<\/td>\n<\/tr>\n<\/tbody>\n<\/table>\n<p><strong>Uy\u011fundur:<\/strong><br \/>\nD\u00fc\u015f\u0259rg\u0259l\u0259r v\u0259 sah\u0259 x\u0259st\u0259xanalar\u0131<br \/>\nT\u0259dbirl\u0259r v\u0259 festivallar<br \/>\nH\u0259rbi v\u0259 aerokosmik<\/p>\n<\/div>\n<\/div>\n<\/div>\n<\/div>\n<\/div>\n","protected":false},"excerpt":{"rendered":"<p>\u0130sti hava q\u0131zd\u0131r\u0131c\u0131s\u0131 VA-M40 MKII, \u0259sas\u0259n m\u00fcv\u0259qq\u0259ti v\u0259 ya da\u015f\u0131na bil\u0259n binalarda v\u0259 ya \u00e7ad\u0131rlarda istilik t\u0259min etm\u0259k \u00fc\u00e7\u00fcn haz\u0131rlanm\u0131\u015f 38 kVt g\u00fcc\u00fcnd\u0259 mobil qur\u011fudur.<\/p>\n<p>VA-M40 MKII dolay\u0131 yanma prinsipin\u0259 \u0259sas\u0259n i\u015fl\u0259yir, y\u0259ni t\u0259dar\u00fck hava ax\u0131n\u0131 yanma kameras\u0131ndan ayr\u0131 q\u0131zd\u0131r\u0131l\u0131r. Bu yolla, \u00e7ad\u0131r yanma m\u0259hsullar\u0131 v\u0259 ya dumans\u0131z t\u0259miz hava il\u0259 q\u0131zd\u0131r\u0131l\u0131r.<\/p>\n<p>B\u00fct\u00fcn \u00e7ad\u0131r q\u0131zd\u0131r\u0131c\u0131lar\u0131m\u0131za bax\u0131n v\u0259 ya t\u0259l\u0259b olunan t\u0259tbiql\u0259riniz\u0259 cavab verm\u0259k \u00fc\u00e7\u00fcn dolay\u0131 yanacaqla i\u015fl\u0259y\u0259n, dolay\u0131 yanacaqla i\u015fl\u0259y\u0259n v\u0259 ya dig\u0259r n\u00f6v kommersiya q\u0131zd\u0131r\u0131c\u0131s\u0131 axtar\u0131n.<\/p>\n<h2 class=\"font-bold text-sm md:text-lg\"><a class=\"underline underline-offset-2 decoration-transparent transition duration-300 ease-linear hover:decoration-black\" href=\"https:\/\/www.danthermgroup.com\/uk\/downloads\/dantherm-humanitarian-defence-catalogue\" target=\"_blank\" rel=\"nofollow noindex noopener\">Dantherm Group catalogue \u2013 Humanitarian and Defence<\/a><\/h2>\n","protected":false},"featured_media":21750,"template":"","meta":[],"product_brand":[],"product_cat":[1142,809,810],"product_tag":[],"class_list":{"0":"post-23280","1":"product","2":"type-product","3":"status-publish","4":"has-post-thumbnail","6":"product_cat-cadir-qizdiricisi-az-dizel","7":"product_cat-hava-nmlndiricisi-kondisioner-az-ventilyasiya-ventilyator","8":"product_cat-kolorifer-qizdirici-istilik-az","10":"first","11":"instock","12":"shipping-taxable","13":"product-type-simple"},"yoast_head":"<!-- This site is optimized with the Yoast SEO plugin v27.1.1 - https:\/\/yoast.com\/product\/yoast-seo-wordpress\/ -->\n<title>Dantherm VA-M40 MKII \u2013 \u00e7ad\u0131r q\u0131zd\u0131r\u0131c\u0131s\u0131 \u00c7ad\u0131r q\u0131zd\u0131r\u0131c\u0131lar\u0131 - GeoClimate.ge<\/title>\n<meta name=\"robots\" content=\"index, follow, max-snippet:-1, max-image-preview:large, max-video-preview:-1\" \/>\n<link rel=\"canonical\" href=\"https:\/\/geoclimate.ge\/az\/product\/dantherm-va-m40-mkii-tent-heater-tent-heaters\/\" \/>\n<meta property=\"og:locale\" content=\"az_AZ\" \/>\n<meta property=\"og:type\" content=\"article\" \/>\n<meta property=\"og:title\" content=\"Dantherm VA-M40 MKII \u2013 \u00e7ad\u0131r q\u0131zd\u0131r\u0131c\u0131s\u0131 \u00c7ad\u0131r q\u0131zd\u0131r\u0131c\u0131lar\u0131 - GeoClimate.ge\" \/>\n<meta property=\"og:description\" content=\"\u0130sti hava q\u0131zd\u0131r\u0131c\u0131s\u0131 VA-M40 MKII, \u0259sas\u0259n m\u00fcv\u0259qq\u0259ti v\u0259 ya da\u015f\u0131na bil\u0259n binalarda v\u0259 ya \u00e7ad\u0131rlarda istilik t\u0259min etm\u0259k \u00fc\u00e7\u00fcn haz\u0131rlanm\u0131\u015f 38 kVt g\u00fcc\u00fcnd\u0259 mobil qur\u011fudur.  VA-M40 MKII dolay\u0131 yanma prinsipin\u0259 \u0259sas\u0259n i\u015fl\u0259yir, y\u0259ni t\u0259dar\u00fck hava ax\u0131n\u0131 yanma kameras\u0131ndan ayr\u0131 q\u0131zd\u0131r\u0131l\u0131r. Bu yolla, \u00e7ad\u0131r yanma m\u0259hsullar\u0131 v\u0259 ya dumans\u0131z t\u0259miz hava il\u0259 q\u0131zd\u0131r\u0131l\u0131r.  B\u00fct\u00fcn \u00e7ad\u0131r q\u0131zd\u0131r\u0131c\u0131lar\u0131m\u0131za bax\u0131n v\u0259 ya t\u0259l\u0259b olunan t\u0259tbiql\u0259riniz\u0259 cavab verm\u0259k \u00fc\u00e7\u00fcn dolay\u0131 yanacaqla i\u015fl\u0259y\u0259n, dolay\u0131 yanacaqla i\u015fl\u0259y\u0259n v\u0259 ya dig\u0259r n\u00f6v kommersiya q\u0131zd\u0131r\u0131c\u0131s\u0131 axtar\u0131n. Dantherm Group catalogue \u2013 Humanitarian and Defence\" \/>\n<meta property=\"og:url\" content=\"https:\/\/geoclimate.ge\/az\/product\/dantherm-va-m40-mkii-tent-heater-tent-heaters\/\" \/>\n<meta property=\"og:site_name\" content=\"GeoClimate.ge\" \/>\n<meta property=\"article:modified_time\" content=\"2025-04-01T08:58:13+00:00\" \/>\n<meta property=\"og:image\" content=\"https:\/\/geoclimate.ge\/wp-content\/uploads\/2025\/01\/Dantherm-VA-M40MKII.jpg\" \/>\n\t<meta property=\"og:image:width\" content=\"1000\" \/>\n\t<meta property=\"og:image:height\" content=\"1000\" \/>\n\t<meta property=\"og:image:type\" content=\"image\/jpeg\" \/>\n<meta name=\"twitter:card\" content=\"summary_large_image\" \/>\n<meta name=\"twitter:label1\" content=\"Est. reading time\" \/>\n\t<meta name=\"twitter:data1\" content=\"1 minute\" \/>\n<script type=\"application\/ld+json\" class=\"yoast-schema-graph\">{\"@context\":\"https:\/\/schema.org\",\"@graph\":[{\"@type\":\"WebPage\",\"@id\":\"https:\/\/geoclimate.ge\/az\/product\/dantherm-va-m40-mkii-tent-heater-tent-heaters\/\",\"url\":\"https:\/\/geoclimate.ge\/az\/product\/dantherm-va-m40-mkii-tent-heater-tent-heaters\/\",\"name\":\"Dantherm VA-M40 MKII \u2013 \u00e7ad\u0131r q\u0131zd\u0131r\u0131c\u0131s\u0131 \u00c7ad\u0131r q\u0131zd\u0131r\u0131c\u0131lar\u0131 - GeoClimate.ge\",\"isPartOf\":{\"@id\":\"https:\/\/geoclimate.ge\/#website\"},\"primaryImageOfPage\":{\"@id\":\"https:\/\/geoclimate.ge\/az\/product\/dantherm-va-m40-mkii-tent-heater-tent-heaters\/#primaryimage\"},\"image\":{\"@id\":\"https:\/\/geoclimate.ge\/az\/product\/dantherm-va-m40-mkii-tent-heater-tent-heaters\/#primaryimage\"},\"thumbnailUrl\":\"https:\/\/geoclimate.ge\/wp-content\/uploads\/2025\/01\/Dantherm-VA-M40MKII.jpg\",\"datePublished\":\"2025-01-11T20:02:43+00:00\",\"dateModified\":\"2025-04-01T08:58:13+00:00\",\"breadcrumb\":{\"@id\":\"https:\/\/geoclimate.ge\/az\/product\/dantherm-va-m40-mkii-tent-heater-tent-heaters\/#breadcrumb\"},\"inLanguage\":\"az\",\"potentialAction\":[{\"@type\":\"ReadAction\",\"target\":[\"https:\/\/geoclimate.ge\/az\/product\/dantherm-va-m40-mkii-tent-heater-tent-heaters\/\"]}]},{\"@type\":\"ImageObject\",\"inLanguage\":\"az\",\"@id\":\"https:\/\/geoclimate.ge\/az\/product\/dantherm-va-m40-mkii-tent-heater-tent-heaters\/#primaryimage\",\"url\":\"https:\/\/geoclimate.ge\/wp-content\/uploads\/2025\/01\/Dantherm-VA-M40MKII.jpg\",\"contentUrl\":\"https:\/\/geoclimate.ge\/wp-content\/uploads\/2025\/01\/Dantherm-VA-M40MKII.jpg\",\"width\":1000,\"height\":1000},{\"@type\":\"BreadcrumbList\",\"@id\":\"https:\/\/geoclimate.ge\/az\/product\/dantherm-va-m40-mkii-tent-heater-tent-heaters\/#breadcrumb\",\"itemListElement\":[{\"@type\":\"ListItem\",\"position\":1,\"name\":\"Home\",\"item\":\"https:\/\/geoclimate.ge\/az\/\"},{\"@type\":\"ListItem\",\"position\":2,\"name\":\"M\u0259hsullar\",\"item\":\"https:\/\/geoclimate.ge\/az\/products\/\"},{\"@type\":\"ListItem\",\"position\":3,\"name\":\"Dantherm VA-M40 MKII \u2013 \u00e7ad\u0131r q\u0131zd\u0131r\u0131c\u0131s\u0131 \u00c7ad\u0131r q\u0131zd\u0131r\u0131c\u0131lar\u0131\"}]},{\"@type\":\"WebSite\",\"@id\":\"https:\/\/geoclimate.ge\/#website\",\"url\":\"https:\/\/geoclimate.ge\/\",\"name\":\"GeoClimate\",\"description\":\"\",\"publisher\":{\"@id\":\"https:\/\/geoclimate.ge\/#organization\"},\"potentialAction\":[{\"@type\":\"SearchAction\",\"target\":{\"@type\":\"EntryPoint\",\"urlTemplate\":\"https:\/\/geoclimate.ge\/?s={search_term_string}\"},\"query-input\":{\"@type\":\"PropertyValueSpecification\",\"valueRequired\":true,\"valueName\":\"search_term_string\"}}],\"inLanguage\":\"az\"},{\"@type\":\"Organization\",\"@id\":\"https:\/\/geoclimate.ge\/#organization\",\"name\":\"GeoClimate\",\"url\":\"https:\/\/geoclimate.ge\/\",\"logo\":{\"@type\":\"ImageObject\",\"inLanguage\":\"az\",\"@id\":\"https:\/\/geoclimate.ge\/#\/schema\/logo\/image\/\",\"url\":\"https:\/\/geoclimate.ge\/wp-content\/uploads\/2026\/03\/geoclimate-SEO.png\",\"contentUrl\":\"https:\/\/geoclimate.ge\/wp-content\/uploads\/2026\/03\/geoclimate-SEO.png\",\"width\":1536,\"height\":1024,\"caption\":\"GeoClimate\"},\"image\":{\"@id\":\"https:\/\/geoclimate.ge\/#\/schema\/logo\/image\/\"}}]}<\/script>\n<!-- \/ Yoast SEO plugin. -->","yoast_head_json":{"title":"Dantherm VA-M40 MKII \u2013 \u00e7ad\u0131r q\u0131zd\u0131r\u0131c\u0131s\u0131 \u00c7ad\u0131r q\u0131zd\u0131r\u0131c\u0131lar\u0131 - GeoClimate.ge","robots":{"index":"index","follow":"follow","max-snippet":"max-snippet:-1","max-image-preview":"max-image-preview:large","max-video-preview":"max-video-preview:-1"},"canonical":"https:\/\/geoclimate.ge\/az\/product\/dantherm-va-m40-mkii-tent-heater-tent-heaters\/","og_locale":"az_AZ","og_type":"article","og_title":"Dantherm VA-M40 MKII \u2013 \u00e7ad\u0131r q\u0131zd\u0131r\u0131c\u0131s\u0131 \u00c7ad\u0131r q\u0131zd\u0131r\u0131c\u0131lar\u0131 - GeoClimate.ge","og_description":"\u0130sti hava q\u0131zd\u0131r\u0131c\u0131s\u0131 VA-M40 MKII, \u0259sas\u0259n m\u00fcv\u0259qq\u0259ti v\u0259 ya da\u015f\u0131na bil\u0259n binalarda v\u0259 ya \u00e7ad\u0131rlarda istilik t\u0259min etm\u0259k \u00fc\u00e7\u00fcn haz\u0131rlanm\u0131\u015f 38 kVt g\u00fcc\u00fcnd\u0259 mobil qur\u011fudur.  VA-M40 MKII dolay\u0131 yanma prinsipin\u0259 \u0259sas\u0259n i\u015fl\u0259yir, y\u0259ni t\u0259dar\u00fck hava ax\u0131n\u0131 yanma kameras\u0131ndan ayr\u0131 q\u0131zd\u0131r\u0131l\u0131r. Bu yolla, \u00e7ad\u0131r yanma m\u0259hsullar\u0131 v\u0259 ya dumans\u0131z t\u0259miz hava il\u0259 q\u0131zd\u0131r\u0131l\u0131r.  B\u00fct\u00fcn \u00e7ad\u0131r q\u0131zd\u0131r\u0131c\u0131lar\u0131m\u0131za bax\u0131n v\u0259 ya t\u0259l\u0259b olunan t\u0259tbiql\u0259riniz\u0259 cavab verm\u0259k \u00fc\u00e7\u00fcn dolay\u0131 yanacaqla i\u015fl\u0259y\u0259n, dolay\u0131 yanacaqla i\u015fl\u0259y\u0259n v\u0259 ya dig\u0259r n\u00f6v kommersiya q\u0131zd\u0131r\u0131c\u0131s\u0131 axtar\u0131n. Dantherm Group catalogue \u2013 Humanitarian and Defence","og_url":"https:\/\/geoclimate.ge\/az\/product\/dantherm-va-m40-mkii-tent-heater-tent-heaters\/","og_site_name":"GeoClimate.ge","article_modified_time":"2025-04-01T08:58:13+00:00","og_image":[{"width":1000,"height":1000,"url":"https:\/\/geoclimate.ge\/wp-content\/uploads\/2025\/01\/Dantherm-VA-M40MKII.jpg","type":"image\/jpeg"}],"twitter_card":"summary_large_image","twitter_misc":{"Est. reading time":"1 minute"},"schema":{"@context":"https:\/\/schema.org","@graph":[{"@type":"WebPage","@id":"https:\/\/geoclimate.ge\/az\/product\/dantherm-va-m40-mkii-tent-heater-tent-heaters\/","url":"https:\/\/geoclimate.ge\/az\/product\/dantherm-va-m40-mkii-tent-heater-tent-heaters\/","name":"Dantherm VA-M40 MKII \u2013 \u00e7ad\u0131r q\u0131zd\u0131r\u0131c\u0131s\u0131 \u00c7ad\u0131r q\u0131zd\u0131r\u0131c\u0131lar\u0131 - GeoClimate.ge","isPartOf":{"@id":"https:\/\/geoclimate.ge\/#website"},"primaryImageOfPage":{"@id":"https:\/\/geoclimate.ge\/az\/product\/dantherm-va-m40-mkii-tent-heater-tent-heaters\/#primaryimage"},"image":{"@id":"https:\/\/geoclimate.ge\/az\/product\/dantherm-va-m40-mkii-tent-heater-tent-heaters\/#primaryimage"},"thumbnailUrl":"https:\/\/geoclimate.ge\/wp-content\/uploads\/2025\/01\/Dantherm-VA-M40MKII.jpg","datePublished":"2025-01-11T20:02:43+00:00","dateModified":"2025-04-01T08:58:13+00:00","breadcrumb":{"@id":"https:\/\/geoclimate.ge\/az\/product\/dantherm-va-m40-mkii-tent-heater-tent-heaters\/#breadcrumb"},"inLanguage":"az","potentialAction":[{"@type":"ReadAction","target":["https:\/\/geoclimate.ge\/az\/product\/dantherm-va-m40-mkii-tent-heater-tent-heaters\/"]}]},{"@type":"ImageObject","inLanguage":"az","@id":"https:\/\/geoclimate.ge\/az\/product\/dantherm-va-m40-mkii-tent-heater-tent-heaters\/#primaryimage","url":"https:\/\/geoclimate.ge\/wp-content\/uploads\/2025\/01\/Dantherm-VA-M40MKII.jpg","contentUrl":"https:\/\/geoclimate.ge\/wp-content\/uploads\/2025\/01\/Dantherm-VA-M40MKII.jpg","width":1000,"height":1000},{"@type":"BreadcrumbList","@id":"https:\/\/geoclimate.ge\/az\/product\/dantherm-va-m40-mkii-tent-heater-tent-heaters\/#breadcrumb","itemListElement":[{"@type":"ListItem","position":1,"name":"Home","item":"https:\/\/geoclimate.ge\/az\/"},{"@type":"ListItem","position":2,"name":"M\u0259hsullar","item":"https:\/\/geoclimate.ge\/az\/products\/"},{"@type":"ListItem","position":3,"name":"Dantherm VA-M40 MKII \u2013 \u00e7ad\u0131r q\u0131zd\u0131r\u0131c\u0131s\u0131 \u00c7ad\u0131r q\u0131zd\u0131r\u0131c\u0131lar\u0131"}]},{"@type":"WebSite","@id":"https:\/\/geoclimate.ge\/#website","url":"https:\/\/geoclimate.ge\/","name":"GeoClimate","description":"","publisher":{"@id":"https:\/\/geoclimate.ge\/#organization"},"potentialAction":[{"@type":"SearchAction","target":{"@type":"EntryPoint","urlTemplate":"https:\/\/geoclimate.ge\/?s={search_term_string}"},"query-input":{"@type":"PropertyValueSpecification","valueRequired":true,"valueName":"search_term_string"}}],"inLanguage":"az"},{"@type":"Organization","@id":"https:\/\/geoclimate.ge\/#organization","name":"GeoClimate","url":"https:\/\/geoclimate.ge\/","logo":{"@type":"ImageObject","inLanguage":"az","@id":"https:\/\/geoclimate.ge\/#\/schema\/logo\/image\/","url":"https:\/\/geoclimate.ge\/wp-content\/uploads\/2026\/03\/geoclimate-SEO.png","contentUrl":"https:\/\/geoclimate.ge\/wp-content\/uploads\/2026\/03\/geoclimate-SEO.png","width":1536,"height":1024,"caption":"GeoClimate"},"image":{"@id":"https:\/\/geoclimate.ge\/#\/schema\/logo\/image\/"}}]}},"_links":{"self":[{"href":"https:\/\/geoclimate.ge\/az\/wp-json\/wp\/v2\/product\/23280","targetHints":{"allow":["GET"]}}],"collection":[{"href":"https:\/\/geoclimate.ge\/az\/wp-json\/wp\/v2\/product"}],"about":[{"href":"https:\/\/geoclimate.ge\/az\/wp-json\/wp\/v2\/types\/product"}],"wp:featuredmedia":[{"embeddable":true,"href":"https:\/\/geoclimate.ge\/az\/wp-json\/wp\/v2\/media\/21750"}],"wp:attachment":[{"href":"https:\/\/geoclimate.ge\/az\/wp-json\/wp\/v2\/media?parent=23280"}],"wp:term":[{"taxonomy":"product_brand","embeddable":true,"href":"https:\/\/geoclimate.ge\/az\/wp-json\/wp\/v2\/product_brand?post=23280"},{"taxonomy":"product_cat","embeddable":true,"href":"https:\/\/geoclimate.ge\/az\/wp-json\/wp\/v2\/product_cat?post=23280"},{"taxonomy":"product_tag","embeddable":true,"href":"https:\/\/geoclimate.ge\/az\/wp-json\/wp\/v2\/product_tag?post=23280"}],"curies":[{"name":"wp","href":"https:\/\/api.w.org\/{rel}","templated":true}]}}