{"id":23338,"date":"2025-02-09T13:46:03","date_gmt":"2025-02-09T09:46:03","guid":{"rendered":"https:\/\/airsystems.ge\/shop\/product\/duct-air-conditioner-24000-btu-dc-inverter-yeke24bxeebm-rx-yuke24byeebmo-x-york\/"},"modified":"2025-02-22T13:08:09","modified_gmt":"2025-02-22T09:08:09","slug":"duct-air-conditioner-24000-btu-dc-inverter-yeke24bxeebm-rx-yuke24byeebmo-x-york","status":"publish","type":"product","link":"https:\/\/geoclimate.ge\/az\/product\/duct-air-conditioner-24000-btu-dc-inverter-yeke24bxeebm-rx-yuke24byeebmo-x-york\/","title":{"rendered":"Kanal Kondisioneri 24000 BTU DC \u0130nverter YEKE24BXEEBM-RX-YUKE24BYEEBMO-X York"},"content":{"rendered":"<table width=\"670\">\n<tbody>\n<tr>\n<td width=\"245\">BTU\/covered area<\/td>\n<td width=\"425\">24,000BTU 46-55sqm<\/td>\n<\/tr>\n<tr>\n<td>BTU capacity Cooling<\/td>\n<td width=\"425\">24000 (4100 &#8211; 28000) BTU<\/td>\n<\/tr>\n<tr>\n<td>BTU capacity Heating<\/td>\n<td width=\"425\">24000 (4100 &#8211; 29500) BTU<\/td>\n<\/tr>\n<tr>\n<td>Energy class<\/td>\n<td width=\"425\">A++<\/td>\n<\/tr>\n<tr>\n<td>Energy class cooling<\/td>\n<td width=\"425\">A++<\/td>\n<\/tr>\n<tr>\n<td>Energy class heating<\/td>\n<td width=\"425\">A+<\/td>\n<\/tr>\n<tr>\n<td>SEER<\/td>\n<td width=\"425\">6.1<\/td>\n<\/tr>\n<tr>\n<td>SCOP<\/td>\n<td width=\"425\">4<\/td>\n<\/tr>\n<tr>\n<td>Power voltage\/frequency<\/td>\n<td width=\"425\">230\/50Hz<\/td>\n<\/tr>\n<tr>\n<td>Operating range<\/td>\n<td width=\"425\">-15\u2103~50\u2103<\/td>\n<\/tr>\n<tr>\n<td>Special functions<\/td>\n<td width=\"425\">Turbo function, Follow me, sleep, automatic restart<\/td>\n<\/tr>\n<tr>\n<td>Working modes<\/td>\n<td width=\"425\">Self-diagnosis, Heating, Ionization, Purification, Cooling, Ventilation<\/td>\n<\/tr>\n<tr>\n<td>Indoor unit<\/td>\n<td width=\"425\">White<\/td>\n<\/tr>\n<tr>\n<td>Noise level when cooling indoor unit<\/td>\n<td width=\"425\">38 \/ 42 \/ 46 dB<\/td>\n<\/tr>\n<tr>\n<td>Noise level when heating indoor unit<\/td>\n<td width=\"425\">38 \/ 42 \/ 46 dB<\/td>\n<\/tr>\n<tr>\n<td>Filters<\/td>\n<td width=\"425\">Anti-allergen, Anti-bacterial, Anti-dust, Deodorizing<\/td>\n<\/tr>\n<tr>\n<td>Air flow<\/td>\n<td width=\"425\">970 \/ 1200 \/ 1360 m\u00b3\/h<\/td>\n<\/tr>\n<tr>\n<td>Indoor unit dimensions L\/w\/h<\/td>\n<td width=\"425\">920 x 635 x 270 mm<\/td>\n<\/tr>\n<tr>\n<td>Indoor unit weight<\/td>\n<td width=\"425\">28 Kg<\/td>\n<\/tr>\n<tr>\n<td>Compatible external unit code<\/td>\n<td width=\"425\">YUKE24BYEEBMO-X<\/td>\n<\/tr>\n<tr>\n<td>Inverter<\/td>\n<td width=\"425\">YES<\/td>\n<\/tr>\n<tr>\n<td>Outdoor unit dimensions L\/w\/h<\/td>\n<td width=\"425\">R-410A<\/td>\n<\/tr>\n<tr>\n<td>Refrigerant<\/td>\n<td width=\"425\">845 x 363 x 702 mm<\/td>\n<\/tr>\n<tr>\n<td>Refrigerant path (m)<\/td>\n<td width=\"425\">50 ml<\/td>\n<\/tr>\n<tr>\n<td>Level difference<\/td>\n<td width=\"425\">25 ml<\/td>\n<\/tr>\n<tr>\n<td>Outdoor unit noise level<\/td>\n<td width=\"425\">60 dB<\/td>\n<\/tr>\n<tr>\n<td>Outdoor unit weight<\/td>\n<td width=\"425\">49 Kg<\/td>\n<\/tr>\n<tr>\n<td>Unit type<\/td>\n<td width=\"425\">On Duct<\/td>\n<\/tr>\n<\/tbody>\n<\/table>\n","protected":false},"excerpt":{"rendered":"<p>Enerji sinfi: A++<\/p>\n<p>DC \u0130nverter \u00d6z-\u00f6z\u00fcn\u0259 Diaqnoz 24 Saat Taymer 3 D\u0259qiq\u0259lik Qoruma Yuyula bil\u0259n Filtr -15 d\u0259r\u0259c\u0259 Selsiy\u0259 q\u0259d\u0259r soyutma \u00c7ox S\u00fcr\u0259tli Fan Avtomatik Yenid\u0259n Ba\u015flatma<\/p>\n<p>York kondisionerl\u0259ri \u00e7e\u015fidin\u0259 \u00e7evik m\u0259hsul t\u0259klifi yaratmaq \u00fc\u00e7\u00fcn m\u00fcxt\u0259lif imkanlar daxildir. H\u0259r bir model asan idar\u0259 olunan b\u00f6lm\u0259d\u0259 rahatl\u0131q v\u0259 s\u0259m\u0259r\u0259liliyi t\u0259min etm\u0259k \u00fc\u00e7\u00fcn n\u0259z\u0259rd\u0259 tutulmu\u015fdur v\u0259 d\u00fcz dizayn m\u00fcxt\u0259lif m\u0259kanlara, ev\u0259 v\u0259 ya ofis\u0259 uy\u011fundur.<\/p>\n<p>Modell\u0259r enerji s\u0259m\u0259r\u0259liliyinin \u0259n y\u00fcks\u0259k standartlar\u0131na nail olur, rahatl\u0131q v\u0259 performansdan \u00f6d\u00fcn verm\u0259d\u0259n daha az elektrik istehlak edir. H\u0259m daxili, h\u0259m d\u0259 xarici qur\u011fular s\u0259ssiz i\u015fl\u0259m\u0259k \u00fc\u00e7\u00fcn n\u0259z\u0259rd\u0259 tutulub, rahatl\u0131\u011fa n\u0259zar\u0259t parametrl\u0259ri pultdak\u0131 d\u00fcym\u0259y\u0259 toxunmaqla asanl\u0131qla d\u0259yi\u015fdiril\u0259 bil\u0259r.<\/p>\n<p>FUNKS\u0130YALAR:<\/p>\n<p>DC \u0130nverter Kompressoru &#8211; standart kompressorla m\u00fcqayis\u0259d\u0259 daha rahat daxili iqlim, qism\u0259n y\u00fckd\u0259 artan performans v\u0259 a\u015fa\u011f\u0131 \u0259traf temperaturda daha yax\u015f\u0131 istilik s\u0259m\u0259r\u0259liliyi yarad\u0131r<\/p>\n<p>\u00d6z-\u00f6z\u00fcn\u0259 diaqnostika &#8211; s\u0259hv kodlar\u0131 ayd\u0131n \u015f\u0259kild\u0259 g\u00f6st\u0259rilir v\u0259 tez diaqnostikaya v\u0259 asan t\u0259mir\u0259 imkan verir<\/p>\n<p>24 saatl\u0131q taymer &#8211; \u00c7evik v\u0259 daha rahat \u0259m\u0259liyyat \u00fc\u00e7\u00fcn ba\u015flan\u011f\u0131c vaxt\u0131n\u0131 24 saat \u0259vv\u0259ld\u0259n proqramla\u015fd\u0131rma\u011fa imkan verir<\/p>\n<p>3 d\u0259qiq\u0259lik qorunma &#8211; kompressorun yenid\u0259n i\u015f\u0259 sal\u0131nmas\u0131nda 3 d\u0259qiq\u0259lik gecikm\u0259 kompressorun nasazl\u0131\u011f\u0131ndan v\u0259 bo\u015f i\u015fl\u0259m\u0259sind\u0259n qa\u00e7ma\u011fa k\u00f6m\u0259k edir<\/p>\n<p>Yuyula bil\u0259n filtr &#8211; asan xidm\u0259t v\u0259 t\u0259mir\u0259 imkan verir<\/p>\n<p>-15 d\u0259r\u0259c\u0259y\u0259 q\u0259d\u0259r soyudulur<\/p>\n<p>Multi-Speed \u200b\u200bfan &#8211; m\u00fcxt\u0259lif hava ax\u0131n\u0131 t\u0259l\u0259bl\u0259rin\u0259 cavab verm\u0259y\u0259 k\u00f6m\u0259k edir<\/p>\n<p>Avtomatik yenid\u0259n i\u015f\u0259 salma &#8211; elektrik k\u0259silm\u0259si hal\u0131nda qur\u011fu avtomatik olaraq ilkin parametrl\u0259r\u0259 yenid\u0259n ba\u015flay\u0131r<\/p>\n<p>Qura\u015fd\u0131r\u0131lm\u0131\u015f kondensat nasosu &#8211; daxili blokdan drenaj kondensasiyas\u0131n\u0131 asanla\u015fd\u0131r\u0131r, qura\u015fd\u0131r\u0131lmas\u0131 asanla\u015fd\u0131r\u0131r.<\/p>\n","protected":false},"featured_media":22767,"template":"","meta":[],"product_brand":[],"product_cat":[872,801],"product_tag":[],"class_list":{"0":"post-23338","1":"product","2":"type-product","3":"status-publish","4":"has-post-thumbnail","6":"product_cat-kondisioner-kanalli-az","7":"product_cat-air-conditioner-az","9":"first","10":"instock","11":"sale","12":"shipping-taxable","13":"purchasable","14":"product-type-simple"},"yoast_head":"<!-- This site is optimized with the Yoast SEO plugin v27.1.1 - https:\/\/yoast.com\/product\/yoast-seo-wordpress\/ -->\n<title>Kanal Kondisioneri 24000 BTU DC \u0130nverter YEKE24BXEEBM-RX-YUKE24BYEEBMO-X York - GeoClimate.ge<\/title>\n<meta name=\"robots\" content=\"index, follow, max-snippet:-1, max-image-preview:large, max-video-preview:-1\" \/>\n<link rel=\"canonical\" href=\"https:\/\/geoclimate.ge\/az\/product\/duct-air-conditioner-24000-btu-dc-inverter-yeke24bxeebm-rx-yuke24byeebmo-x-york\/\" \/>\n<meta property=\"og:locale\" content=\"az_AZ\" \/>\n<meta property=\"og:type\" content=\"article\" \/>\n<meta property=\"og:title\" content=\"Kanal Kondisioneri 24000 BTU DC \u0130nverter YEKE24BXEEBM-RX-YUKE24BYEEBMO-X York - GeoClimate.ge\" \/>\n<meta property=\"og:description\" content=\"Enerji sinfi: A++  DC \u0130nverter \u00d6z-\u00f6z\u00fcn\u0259 Diaqnoz 24 Saat Taymer 3 D\u0259qiq\u0259lik Qoruma Yuyula bil\u0259n Filtr -15 d\u0259r\u0259c\u0259 Selsiy\u0259 q\u0259d\u0259r soyutma \u00c7ox S\u00fcr\u0259tli Fan Avtomatik Yenid\u0259n Ba\u015flatma  York kondisionerl\u0259ri \u00e7e\u015fidin\u0259 \u00e7evik m\u0259hsul t\u0259klifi yaratmaq \u00fc\u00e7\u00fcn m\u00fcxt\u0259lif imkanlar daxildir. H\u0259r bir model asan idar\u0259 olunan b\u00f6lm\u0259d\u0259 rahatl\u0131q v\u0259 s\u0259m\u0259r\u0259liliyi t\u0259min etm\u0259k \u00fc\u00e7\u00fcn n\u0259z\u0259rd\u0259 tutulmu\u015fdur v\u0259 d\u00fcz dizayn m\u00fcxt\u0259lif m\u0259kanlara, ev\u0259 v\u0259 ya ofis\u0259 uy\u011fundur.  Modell\u0259r enerji s\u0259m\u0259r\u0259liliyinin \u0259n y\u00fcks\u0259k standartlar\u0131na nail olur, rahatl\u0131q v\u0259 performansdan \u00f6d\u00fcn verm\u0259d\u0259n daha az elektrik istehlak edir. H\u0259m daxili, h\u0259m d\u0259 xarici qur\u011fular s\u0259ssiz i\u015fl\u0259m\u0259k \u00fc\u00e7\u00fcn n\u0259z\u0259rd\u0259 tutulub, rahatl\u0131\u011fa n\u0259zar\u0259t parametrl\u0259ri pultdak\u0131 d\u00fcym\u0259y\u0259 toxunmaqla asanl\u0131qla d\u0259yi\u015fdiril\u0259 bil\u0259r.  FUNKS\u0130YALAR:  DC \u0130nverter Kompressoru - standart kompressorla m\u00fcqayis\u0259d\u0259 daha rahat daxili iqlim, qism\u0259n y\u00fckd\u0259 artan performans v\u0259 a\u015fa\u011f\u0131 \u0259traf temperaturda daha yax\u015f\u0131 istilik s\u0259m\u0259r\u0259liliyi yarad\u0131r  \u00d6z-\u00f6z\u00fcn\u0259 diaqnostika - s\u0259hv kodlar\u0131 ayd\u0131n \u015f\u0259kild\u0259 g\u00f6st\u0259rilir v\u0259 tez diaqnostikaya v\u0259 asan t\u0259mir\u0259 imkan verir  24 saatl\u0131q taymer - \u00c7evik v\u0259 daha rahat \u0259m\u0259liyyat \u00fc\u00e7\u00fcn ba\u015flan\u011f\u0131c vaxt\u0131n\u0131 24 saat \u0259vv\u0259ld\u0259n proqramla\u015fd\u0131rma\u011fa imkan verir  3 d\u0259qiq\u0259lik qorunma - kompressorun yenid\u0259n i\u015f\u0259 sal\u0131nmas\u0131nda 3 d\u0259qiq\u0259lik gecikm\u0259 kompressorun nasazl\u0131\u011f\u0131ndan v\u0259 bo\u015f i\u015fl\u0259m\u0259sind\u0259n qa\u00e7ma\u011fa k\u00f6m\u0259k edir  Yuyula bil\u0259n filtr - asan xidm\u0259t v\u0259 t\u0259mir\u0259 imkan verir  -15 d\u0259r\u0259c\u0259y\u0259 q\u0259d\u0259r soyudulur  Multi-Speed \u200b\u200bfan - m\u00fcxt\u0259lif hava ax\u0131n\u0131 t\u0259l\u0259bl\u0259rin\u0259 cavab verm\u0259y\u0259 k\u00f6m\u0259k edir  Avtomatik yenid\u0259n i\u015f\u0259 salma - elektrik k\u0259silm\u0259si hal\u0131nda qur\u011fu avtomatik olaraq ilkin parametrl\u0259r\u0259 yenid\u0259n ba\u015flay\u0131r  Qura\u015fd\u0131r\u0131lm\u0131\u015f kondensat nasosu - daxili blokdan drenaj kondensasiyas\u0131n\u0131 asanla\u015fd\u0131r\u0131r, qura\u015fd\u0131r\u0131lmas\u0131 asanla\u015fd\u0131r\u0131r.\" \/>\n<meta property=\"og:url\" content=\"https:\/\/geoclimate.ge\/az\/product\/duct-air-conditioner-24000-btu-dc-inverter-yeke24bxeebm-rx-yuke24byeebmo-x-york\/\" \/>\n<meta property=\"og:site_name\" content=\"GeoClimate.ge\" \/>\n<meta property=\"article:modified_time\" content=\"2025-02-22T09:08:09+00:00\" \/>\n<meta property=\"og:image\" content=\"https:\/\/geoclimate.ge\/wp-content\/uploads\/2025\/02\/duct-1-3.jpg\" \/>\n\t<meta property=\"og:image:width\" content=\"600\" \/>\n\t<meta property=\"og:image:height\" content=\"600\" \/>\n\t<meta property=\"og:image:type\" content=\"image\/jpeg\" \/>\n<meta name=\"twitter:card\" content=\"summary_large_image\" \/>\n<meta name=\"twitter:label1\" content=\"Est. reading time\" \/>\n\t<meta name=\"twitter:data1\" content=\"1 minute\" \/>\n<script type=\"application\/ld+json\" class=\"yoast-schema-graph\">{\"@context\":\"https:\/\/schema.org\",\"@graph\":[{\"@type\":\"WebPage\",\"@id\":\"https:\/\/geoclimate.ge\/az\/product\/duct-air-conditioner-24000-btu-dc-inverter-yeke24bxeebm-rx-yuke24byeebmo-x-york\/\",\"url\":\"https:\/\/geoclimate.ge\/az\/product\/duct-air-conditioner-24000-btu-dc-inverter-yeke24bxeebm-rx-yuke24byeebmo-x-york\/\",\"name\":\"Kanal Kondisioneri 24000 BTU DC \u0130nverter YEKE24BXEEBM-RX-YUKE24BYEEBMO-X York - GeoClimate.ge\",\"isPartOf\":{\"@id\":\"https:\/\/geoclimate.ge\/#website\"},\"primaryImageOfPage\":{\"@id\":\"https:\/\/geoclimate.ge\/az\/product\/duct-air-conditioner-24000-btu-dc-inverter-yeke24bxeebm-rx-yuke24byeebmo-x-york\/#primaryimage\"},\"image\":{\"@id\":\"https:\/\/geoclimate.ge\/az\/product\/duct-air-conditioner-24000-btu-dc-inverter-yeke24bxeebm-rx-yuke24byeebmo-x-york\/#primaryimage\"},\"thumbnailUrl\":\"https:\/\/geoclimate.ge\/wp-content\/uploads\/2025\/02\/duct-1-3.jpg\",\"datePublished\":\"2025-02-09T09:46:03+00:00\",\"dateModified\":\"2025-02-22T09:08:09+00:00\",\"breadcrumb\":{\"@id\":\"https:\/\/geoclimate.ge\/az\/product\/duct-air-conditioner-24000-btu-dc-inverter-yeke24bxeebm-rx-yuke24byeebmo-x-york\/#breadcrumb\"},\"inLanguage\":\"az\",\"potentialAction\":[{\"@type\":\"ReadAction\",\"target\":[\"https:\/\/geoclimate.ge\/az\/product\/duct-air-conditioner-24000-btu-dc-inverter-yeke24bxeebm-rx-yuke24byeebmo-x-york\/\"]}]},{\"@type\":\"ImageObject\",\"inLanguage\":\"az\",\"@id\":\"https:\/\/geoclimate.ge\/az\/product\/duct-air-conditioner-24000-btu-dc-inverter-yeke24bxeebm-rx-yuke24byeebmo-x-york\/#primaryimage\",\"url\":\"https:\/\/geoclimate.ge\/wp-content\/uploads\/2025\/02\/duct-1-3.jpg\",\"contentUrl\":\"https:\/\/geoclimate.ge\/wp-content\/uploads\/2025\/02\/duct-1-3.jpg\",\"width\":600,\"height\":600},{\"@type\":\"BreadcrumbList\",\"@id\":\"https:\/\/geoclimate.ge\/az\/product\/duct-air-conditioner-24000-btu-dc-inverter-yeke24bxeebm-rx-yuke24byeebmo-x-york\/#breadcrumb\",\"itemListElement\":[{\"@type\":\"ListItem\",\"position\":1,\"name\":\"Home\",\"item\":\"https:\/\/geoclimate.ge\/az\/\"},{\"@type\":\"ListItem\",\"position\":2,\"name\":\"M\u0259hsullar\",\"item\":\"https:\/\/geoclimate.ge\/az\/products\/\"},{\"@type\":\"ListItem\",\"position\":3,\"name\":\"Kanal Kondisioneri 24000 BTU DC \u0130nverter YEKE24BXEEBM-RX-YUKE24BYEEBMO-X York\"}]},{\"@type\":\"WebSite\",\"@id\":\"https:\/\/geoclimate.ge\/#website\",\"url\":\"https:\/\/geoclimate.ge\/\",\"name\":\"GeoClimate\",\"description\":\"\",\"publisher\":{\"@id\":\"https:\/\/geoclimate.ge\/#organization\"},\"potentialAction\":[{\"@type\":\"SearchAction\",\"target\":{\"@type\":\"EntryPoint\",\"urlTemplate\":\"https:\/\/geoclimate.ge\/?s={search_term_string}\"},\"query-input\":{\"@type\":\"PropertyValueSpecification\",\"valueRequired\":true,\"valueName\":\"search_term_string\"}}],\"inLanguage\":\"az\"},{\"@type\":\"Organization\",\"@id\":\"https:\/\/geoclimate.ge\/#organization\",\"name\":\"GeoClimate\",\"url\":\"https:\/\/geoclimate.ge\/\",\"logo\":{\"@type\":\"ImageObject\",\"inLanguage\":\"az\",\"@id\":\"https:\/\/geoclimate.ge\/#\/schema\/logo\/image\/\",\"url\":\"https:\/\/geoclimate.ge\/wp-content\/uploads\/2026\/03\/geoclimate-SEO.png\",\"contentUrl\":\"https:\/\/geoclimate.ge\/wp-content\/uploads\/2026\/03\/geoclimate-SEO.png\",\"width\":1536,\"height\":1024,\"caption\":\"GeoClimate\"},\"image\":{\"@id\":\"https:\/\/geoclimate.ge\/#\/schema\/logo\/image\/\"}}]}<\/script>\n<!-- \/ Yoast SEO plugin. -->","yoast_head_json":{"title":"Kanal Kondisioneri 24000 BTU DC \u0130nverter YEKE24BXEEBM-RX-YUKE24BYEEBMO-X York - GeoClimate.ge","robots":{"index":"index","follow":"follow","max-snippet":"max-snippet:-1","max-image-preview":"max-image-preview:large","max-video-preview":"max-video-preview:-1"},"canonical":"https:\/\/geoclimate.ge\/az\/product\/duct-air-conditioner-24000-btu-dc-inverter-yeke24bxeebm-rx-yuke24byeebmo-x-york\/","og_locale":"az_AZ","og_type":"article","og_title":"Kanal Kondisioneri 24000 BTU DC \u0130nverter YEKE24BXEEBM-RX-YUKE24BYEEBMO-X York - GeoClimate.ge","og_description":"Enerji sinfi: A++  DC \u0130nverter \u00d6z-\u00f6z\u00fcn\u0259 Diaqnoz 24 Saat Taymer 3 D\u0259qiq\u0259lik Qoruma Yuyula bil\u0259n Filtr -15 d\u0259r\u0259c\u0259 Selsiy\u0259 q\u0259d\u0259r soyutma \u00c7ox S\u00fcr\u0259tli Fan Avtomatik Yenid\u0259n Ba\u015flatma  York kondisionerl\u0259ri \u00e7e\u015fidin\u0259 \u00e7evik m\u0259hsul t\u0259klifi yaratmaq \u00fc\u00e7\u00fcn m\u00fcxt\u0259lif imkanlar daxildir. H\u0259r bir model asan idar\u0259 olunan b\u00f6lm\u0259d\u0259 rahatl\u0131q v\u0259 s\u0259m\u0259r\u0259liliyi t\u0259min etm\u0259k \u00fc\u00e7\u00fcn n\u0259z\u0259rd\u0259 tutulmu\u015fdur v\u0259 d\u00fcz dizayn m\u00fcxt\u0259lif m\u0259kanlara, ev\u0259 v\u0259 ya ofis\u0259 uy\u011fundur.  Modell\u0259r enerji s\u0259m\u0259r\u0259liliyinin \u0259n y\u00fcks\u0259k standartlar\u0131na nail olur, rahatl\u0131q v\u0259 performansdan \u00f6d\u00fcn verm\u0259d\u0259n daha az elektrik istehlak edir. H\u0259m daxili, h\u0259m d\u0259 xarici qur\u011fular s\u0259ssiz i\u015fl\u0259m\u0259k \u00fc\u00e7\u00fcn n\u0259z\u0259rd\u0259 tutulub, rahatl\u0131\u011fa n\u0259zar\u0259t parametrl\u0259ri pultdak\u0131 d\u00fcym\u0259y\u0259 toxunmaqla asanl\u0131qla d\u0259yi\u015fdiril\u0259 bil\u0259r.  FUNKS\u0130YALAR:  DC \u0130nverter Kompressoru - standart kompressorla m\u00fcqayis\u0259d\u0259 daha rahat daxili iqlim, qism\u0259n y\u00fckd\u0259 artan performans v\u0259 a\u015fa\u011f\u0131 \u0259traf temperaturda daha yax\u015f\u0131 istilik s\u0259m\u0259r\u0259liliyi yarad\u0131r  \u00d6z-\u00f6z\u00fcn\u0259 diaqnostika - s\u0259hv kodlar\u0131 ayd\u0131n \u015f\u0259kild\u0259 g\u00f6st\u0259rilir v\u0259 tez diaqnostikaya v\u0259 asan t\u0259mir\u0259 imkan verir  24 saatl\u0131q taymer - \u00c7evik v\u0259 daha rahat \u0259m\u0259liyyat \u00fc\u00e7\u00fcn ba\u015flan\u011f\u0131c vaxt\u0131n\u0131 24 saat \u0259vv\u0259ld\u0259n proqramla\u015fd\u0131rma\u011fa imkan verir  3 d\u0259qiq\u0259lik qorunma - kompressorun yenid\u0259n i\u015f\u0259 sal\u0131nmas\u0131nda 3 d\u0259qiq\u0259lik gecikm\u0259 kompressorun nasazl\u0131\u011f\u0131ndan v\u0259 bo\u015f i\u015fl\u0259m\u0259sind\u0259n qa\u00e7ma\u011fa k\u00f6m\u0259k edir  Yuyula bil\u0259n filtr - asan xidm\u0259t v\u0259 t\u0259mir\u0259 imkan verir  -15 d\u0259r\u0259c\u0259y\u0259 q\u0259d\u0259r soyudulur  Multi-Speed \u200b\u200bfan - m\u00fcxt\u0259lif hava ax\u0131n\u0131 t\u0259l\u0259bl\u0259rin\u0259 cavab verm\u0259y\u0259 k\u00f6m\u0259k edir  Avtomatik yenid\u0259n i\u015f\u0259 salma - elektrik k\u0259silm\u0259si hal\u0131nda qur\u011fu avtomatik olaraq ilkin parametrl\u0259r\u0259 yenid\u0259n ba\u015flay\u0131r  Qura\u015fd\u0131r\u0131lm\u0131\u015f kondensat nasosu - daxili blokdan drenaj kondensasiyas\u0131n\u0131 asanla\u015fd\u0131r\u0131r, qura\u015fd\u0131r\u0131lmas\u0131 asanla\u015fd\u0131r\u0131r.","og_url":"https:\/\/geoclimate.ge\/az\/product\/duct-air-conditioner-24000-btu-dc-inverter-yeke24bxeebm-rx-yuke24byeebmo-x-york\/","og_site_name":"GeoClimate.ge","article_modified_time":"2025-02-22T09:08:09+00:00","og_image":[{"width":600,"height":600,"url":"https:\/\/geoclimate.ge\/wp-content\/uploads\/2025\/02\/duct-1-3.jpg","type":"image\/jpeg"}],"twitter_card":"summary_large_image","twitter_misc":{"Est. reading time":"1 minute"},"schema":{"@context":"https:\/\/schema.org","@graph":[{"@type":"WebPage","@id":"https:\/\/geoclimate.ge\/az\/product\/duct-air-conditioner-24000-btu-dc-inverter-yeke24bxeebm-rx-yuke24byeebmo-x-york\/","url":"https:\/\/geoclimate.ge\/az\/product\/duct-air-conditioner-24000-btu-dc-inverter-yeke24bxeebm-rx-yuke24byeebmo-x-york\/","name":"Kanal Kondisioneri 24000 BTU DC \u0130nverter YEKE24BXEEBM-RX-YUKE24BYEEBMO-X York - GeoClimate.ge","isPartOf":{"@id":"https:\/\/geoclimate.ge\/#website"},"primaryImageOfPage":{"@id":"https:\/\/geoclimate.ge\/az\/product\/duct-air-conditioner-24000-btu-dc-inverter-yeke24bxeebm-rx-yuke24byeebmo-x-york\/#primaryimage"},"image":{"@id":"https:\/\/geoclimate.ge\/az\/product\/duct-air-conditioner-24000-btu-dc-inverter-yeke24bxeebm-rx-yuke24byeebmo-x-york\/#primaryimage"},"thumbnailUrl":"https:\/\/geoclimate.ge\/wp-content\/uploads\/2025\/02\/duct-1-3.jpg","datePublished":"2025-02-09T09:46:03+00:00","dateModified":"2025-02-22T09:08:09+00:00","breadcrumb":{"@id":"https:\/\/geoclimate.ge\/az\/product\/duct-air-conditioner-24000-btu-dc-inverter-yeke24bxeebm-rx-yuke24byeebmo-x-york\/#breadcrumb"},"inLanguage":"az","potentialAction":[{"@type":"ReadAction","target":["https:\/\/geoclimate.ge\/az\/product\/duct-air-conditioner-24000-btu-dc-inverter-yeke24bxeebm-rx-yuke24byeebmo-x-york\/"]}]},{"@type":"ImageObject","inLanguage":"az","@id":"https:\/\/geoclimate.ge\/az\/product\/duct-air-conditioner-24000-btu-dc-inverter-yeke24bxeebm-rx-yuke24byeebmo-x-york\/#primaryimage","url":"https:\/\/geoclimate.ge\/wp-content\/uploads\/2025\/02\/duct-1-3.jpg","contentUrl":"https:\/\/geoclimate.ge\/wp-content\/uploads\/2025\/02\/duct-1-3.jpg","width":600,"height":600},{"@type":"BreadcrumbList","@id":"https:\/\/geoclimate.ge\/az\/product\/duct-air-conditioner-24000-btu-dc-inverter-yeke24bxeebm-rx-yuke24byeebmo-x-york\/#breadcrumb","itemListElement":[{"@type":"ListItem","position":1,"name":"Home","item":"https:\/\/geoclimate.ge\/az\/"},{"@type":"ListItem","position":2,"name":"M\u0259hsullar","item":"https:\/\/geoclimate.ge\/az\/products\/"},{"@type":"ListItem","position":3,"name":"Kanal Kondisioneri 24000 BTU DC \u0130nverter YEKE24BXEEBM-RX-YUKE24BYEEBMO-X York"}]},{"@type":"WebSite","@id":"https:\/\/geoclimate.ge\/#website","url":"https:\/\/geoclimate.ge\/","name":"GeoClimate","description":"","publisher":{"@id":"https:\/\/geoclimate.ge\/#organization"},"potentialAction":[{"@type":"SearchAction","target":{"@type":"EntryPoint","urlTemplate":"https:\/\/geoclimate.ge\/?s={search_term_string}"},"query-input":{"@type":"PropertyValueSpecification","valueRequired":true,"valueName":"search_term_string"}}],"inLanguage":"az"},{"@type":"Organization","@id":"https:\/\/geoclimate.ge\/#organization","name":"GeoClimate","url":"https:\/\/geoclimate.ge\/","logo":{"@type":"ImageObject","inLanguage":"az","@id":"https:\/\/geoclimate.ge\/#\/schema\/logo\/image\/","url":"https:\/\/geoclimate.ge\/wp-content\/uploads\/2026\/03\/geoclimate-SEO.png","contentUrl":"https:\/\/geoclimate.ge\/wp-content\/uploads\/2026\/03\/geoclimate-SEO.png","width":1536,"height":1024,"caption":"GeoClimate"},"image":{"@id":"https:\/\/geoclimate.ge\/#\/schema\/logo\/image\/"}}]}},"_links":{"self":[{"href":"https:\/\/geoclimate.ge\/az\/wp-json\/wp\/v2\/product\/23338","targetHints":{"allow":["GET"]}}],"collection":[{"href":"https:\/\/geoclimate.ge\/az\/wp-json\/wp\/v2\/product"}],"about":[{"href":"https:\/\/geoclimate.ge\/az\/wp-json\/wp\/v2\/types\/product"}],"wp:featuredmedia":[{"embeddable":true,"href":"https:\/\/geoclimate.ge\/az\/wp-json\/wp\/v2\/media\/22767"}],"wp:attachment":[{"href":"https:\/\/geoclimate.ge\/az\/wp-json\/wp\/v2\/media?parent=23338"}],"wp:term":[{"taxonomy":"product_brand","embeddable":true,"href":"https:\/\/geoclimate.ge\/az\/wp-json\/wp\/v2\/product_brand?post=23338"},{"taxonomy":"product_cat","embeddable":true,"href":"https:\/\/geoclimate.ge\/az\/wp-json\/wp\/v2\/product_cat?post=23338"},{"taxonomy":"product_tag","embeddable":true,"href":"https:\/\/geoclimate.ge\/az\/wp-json\/wp\/v2\/product_tag?post=23338"}],"curies":[{"name":"wp","href":"https:\/\/api.w.org\/{rel}","templated":true}]}}