{"id":23369,"date":"2025-01-10T17:25:16","date_gmt":"2025-01-10T13:25:16","guid":{"rendered":"https:\/\/airsystems.ge\/shop\/product\/free-cooler-systems-air-extraction-with-settling-chamber\/"},"modified":"2025-04-21T19:16:57","modified_gmt":"2025-04-21T15:16:57","slug":"free-cooler-systems-air-extraction-with-settling-chamber","status":"publish","type":"product","link":"https:\/\/geoclimate.ge\/az\/product\/free-cooler-systems-air-extraction-with-settling-chamber\/","title":{"rendered":"Pulsuz soyuducu sisteml\u0259r Havan\u0131n \u00e7\u0131xar\u0131lmas\u0131 &#8211; \u00e7\u00f6km\u0259 kameras\u0131 il\u0259 CAM E_ES CAM E_ES 2000 m3\/saatdan 4000 m3\/saata q\u0259d\u0259r"},"content":{"rendered":"<p>QURULMA KAMERASI OLAN S\u0130STEM D\u018fST\u0130<br \/>\n\u2022 Qura\u015fd\u0131rma ventilyasiya sistemi (ventilyator, l\u00f6vh\u0259li \u015f\u0259b\u0259k\u0259);<br \/>\n\u2022 XAR\u0130C\u0130\/DAX\u0130L\u0130 \u00c7\u00f6km\u0259 kameras\u0131 + hava filtrl\u0259ri + daxili \u015f\u0259b\u0259k\u0259<br \/>\n\u2022 \u201c\u018fmr v\u0259 \u0130dar\u0259etm\u0259\u201d elektrik paneli \u00fcmumi ay\u0131r\u0131c\u0131 a\u00e7ardan, PLC-d\u0259n, maksimum temperatur termostat\u0131ndan ibar\u0259tdir.<br \/>\n\u2022 Xarici plenum<br \/>\n\u2022 H\u0259ddind\u0259n art\u0131q t\u0259zyiq damperi<\/p>\n<p>Sistem \u0259m\u0259liyyat d\u00f6vr\u00fcn\u00fc idar\u0259 etm\u0259k v\u0259 h\u0259y\u0259can kondisioner sisteminin m\u00fcmk\u00fcn s\u0259b\u0259bl\u0259rini a\u015fkar etm\u0259k \u00fc\u00e7\u00fcn \u00f6z PLC PB13 t\u0259r\u0259find\u0259n idar\u0259 olunmaq \u00fc\u00e7\u00fcn n\u0259z\u0259rd\u0259 tutulmu\u015fdur.<br \/>\nTemperaturun \u201cON-OFF\u201d v\u0259 ya \u201cproporsional\u201d (0-10V) t\u0259nziml\u0259nm\u0259si. T\u0259nziml\u0259m\u0259ni &#8220;m\u00fct\u0259nasib&#8221; q\u0259bul ed\u0259r\u0259k, xarici temperatur \u00e7ox a\u015fa\u011f\u0131 olduqda termal \u015fok \u015f\u0259raitind\u0259n qa\u00e7\u0131n\u0131rlar.<br \/>\nBu sistem h\u0259m d\u0259 ota\u011f\u0131 s\u0259rinl\u0259m\u0259k \u00fc\u00e7\u00fcn f\u00f6vq\u0259lad\u0259 sistem kimi m\u00fc\u0259yy\u0259n edil\u0259 bil\u0259r, \u00e7\u00fcnki a\u015fkar edilmi\u015f temperatur \u0259vv\u0259lc\u0259d\u0259n m\u00fc\u0259yy\u0259n edilmi\u015f d\u0259y\u0259rl\u0259ri a\u015fd\u0131qda v\u0259 eyni zamanda f\u00f6vq\u0259lad\u0259 i\u015fin v\u0259ziyy\u0259tini g\u00f6st\u0259r\u0259n bir elektromexaniki n\u0259zar\u0259t\u00e7i (termostat) il\u0259 fan\u0131 m\u00fcst\u0259qil v\u0259 ayr\u0131ca qidaland\u0131rmaq imkan\u0131 verir.<\/p>\n<p>Texniki x\u00fcsusiyy\u0259tl\u0259r<br \/>\n\u2022 Xarici panell\u0259r epoksid tozlar\u0131 il\u0259 boyanm\u0131\u015fd\u0131r<br \/>\n\u2022 \u00c7ox y\u00fcng\u00fcl \u00e7\u0259ki<br \/>\n\u2022 Qura\u015fd\u0131rma \u00fc\u00e7\u00fcn asan \u0259m\u0259liyyatlar<br \/>\n\u2022 Xidm\u0259t v\u0259 texniki xidm\u0259t \u00fc\u00e7\u00fcn asan giri\u015f<br \/>\n\u2022 A\u015fa\u011f\u0131 s\u0259s-k\u00fcy s\u0259viyy\u0259l\u0259ri<\/p>\n<p><a class=\"elementor-button elementor-button-link elementor-size-sm\" href=\"https:\/\/www.enextechnologies.com\/wp-content\/uploads\/2024\/08\/B_CAM-I48-_ES-en-Rev.3.pdf\" target=\"_blank\" rel=\"noopener\"><span class=\"elementor-button-content-wrapper\"><span class=\"elementor-button-text\">BROCHURE CAM_ES- Internal<\/span><\/span><\/a><\/p>\n<div class=\"elementor-element elementor-element-13f5f820 hidebutton mc-bl elementor-align-left elementor-widget elementor-widget-button\" data-id=\"13f5f820\" data-element_type=\"widget\" data-widget_type=\"button.default\">\n<div class=\"elementor-widget-container\">\n<div class=\"elementor-button-wrapper\"><a class=\"elementor-button elementor-button-link elementor-size-sm\" href=\"https:\/\/www.enextechnologies.com\/wp-content\/uploads\/2024\/08\/B_CAM-E48-_ES-en-Rev.3.pdf\" target=\"_blank\" rel=\"noopener\"><span class=\"elementor-button-content-wrapper\"><span class=\"elementor-button-text\">BROCHURE CAM_ES- External<\/span><\/span><\/a><\/div>\n<\/div>\n<\/div>\n","protected":false},"excerpt":{"rendered":"<p>2000 m3\/saatdan 4000 m3\/saata q\u0259d\u0259r<\/p>\n<p>\u201c\u00c7\u00f6km\u0259 kameras\u0131\u201d il\u0259 hava \u00c7IXARI\u015e sistemi fasil\u0259siz hava m\u00fcbadil\u0259sini t\u0259min etm\u0259lidir, onun \u0259sas m\u0259qs\u0259di radio baza stansiyalar\u0131nda v\u0259 M\u0259lumat Emal\u0131 M\u0259rk\u0259zind\u0259 avadanl\u0131qlar t\u0259r\u0259find\u0259n yay\u0131lan istiliyi xaric\u0259 \u00f6t\u00fcrm\u0259kdir.<br \/>\nBu, havan\u0131n \u00e7\u0131xar\u0131lmas\u0131 v\u0259 \u00e7\u00f6km\u0259 kameras\u0131n\u0131n (giri\u015f havas\u0131) birg\u0259 i\u015fl\u0259m\u0259si say\u0259sind\u0259 ba\u015f verir.<br \/>\n\u00c7\u00f6km\u0259 kameras\u0131 qura\u015fd\u0131r\u0131lm\u0131\u015f kondisionerl\u0259rin tipologiyas\u0131na uy\u011fun olaraq v\u0259 yerli daxilind\u0259 m\u00f6vcud olan bo\u015f yer\u0259 xaricd\u0259n v\u0259 ya daxili olaraq qura\u015fd\u0131r\u0131la bil\u0259r.<\/p>\n","protected":false},"featured_media":21698,"template":"","meta":[],"product_brand":[],"product_cat":[1300,875],"product_tag":[],"class_list":{"0":"post-23369","1":"product","2":"type-product","3":"status-publish","4":"has-post-thumbnail","6":"product_cat-free-cooling-soyuducu-az","7":"product_cat-snaye-az-kondisionerlr","9":"first","10":"instock","11":"shipping-taxable","12":"product-type-simple"},"yoast_head":"<!-- This site is optimized with the Yoast SEO plugin v27.1.1 - https:\/\/yoast.com\/product\/yoast-seo-wordpress\/ -->\n<title>Pulsuz soyuducu sisteml\u0259r Havan\u0131n \u00e7\u0131xar\u0131lmas\u0131 - \u00e7\u00f6km\u0259 kameras\u0131 il\u0259 CAM E_ES CAM E_ES 2000 m3\/saatdan 4000 m3\/saata q\u0259d\u0259r - GeoClimate.ge<\/title>\n<meta name=\"robots\" content=\"index, follow, max-snippet:-1, max-image-preview:large, max-video-preview:-1\" \/>\n<link rel=\"canonical\" href=\"https:\/\/geoclimate.ge\/az\/product\/free-cooler-systems-air-extraction-with-settling-chamber\/\" \/>\n<meta property=\"og:locale\" content=\"az_AZ\" \/>\n<meta property=\"og:type\" content=\"article\" \/>\n<meta property=\"og:title\" content=\"Pulsuz soyuducu sisteml\u0259r Havan\u0131n \u00e7\u0131xar\u0131lmas\u0131 - \u00e7\u00f6km\u0259 kameras\u0131 il\u0259 CAM E_ES CAM E_ES 2000 m3\/saatdan 4000 m3\/saata q\u0259d\u0259r - GeoClimate.ge\" \/>\n<meta property=\"og:description\" content=\"2000 m3\/saatdan 4000 m3\/saata q\u0259d\u0259r  \u201c\u00c7\u00f6km\u0259 kameras\u0131\u201d il\u0259 hava \u00c7IXARI\u015e sistemi fasil\u0259siz hava m\u00fcbadil\u0259sini t\u0259min etm\u0259lidir, onun \u0259sas m\u0259qs\u0259di radio baza stansiyalar\u0131nda v\u0259 M\u0259lumat Emal\u0131 M\u0259rk\u0259zind\u0259 avadanl\u0131qlar t\u0259r\u0259find\u0259n yay\u0131lan istiliyi xaric\u0259 \u00f6t\u00fcrm\u0259kdir. Bu, havan\u0131n \u00e7\u0131xar\u0131lmas\u0131 v\u0259 \u00e7\u00f6km\u0259 kameras\u0131n\u0131n (giri\u015f havas\u0131) birg\u0259 i\u015fl\u0259m\u0259si say\u0259sind\u0259 ba\u015f verir. \u00c7\u00f6km\u0259 kameras\u0131 qura\u015fd\u0131r\u0131lm\u0131\u015f kondisionerl\u0259rin tipologiyas\u0131na uy\u011fun olaraq v\u0259 yerli daxilind\u0259 m\u00f6vcud olan bo\u015f yer\u0259 xaricd\u0259n v\u0259 ya daxili olaraq qura\u015fd\u0131r\u0131la bil\u0259r.\" \/>\n<meta property=\"og:url\" content=\"https:\/\/geoclimate.ge\/az\/product\/free-cooler-systems-air-extraction-with-settling-chamber\/\" \/>\n<meta property=\"og:site_name\" content=\"GeoClimate.ge\" \/>\n<meta property=\"article:modified_time\" content=\"2025-04-21T15:16:57+00:00\" \/>\n<meta property=\"og:image\" content=\"https:\/\/geoclimate.ge\/wp-content\/uploads\/2025\/01\/CAM-E_ES-e1663919364402.jpg\" \/>\n\t<meta property=\"og:image:width\" content=\"500\" \/>\n\t<meta property=\"og:image:height\" content=\"339\" \/>\n\t<meta property=\"og:image:type\" content=\"image\/jpeg\" \/>\n<meta name=\"twitter:card\" content=\"summary_large_image\" \/>\n<meta name=\"twitter:label1\" content=\"Est. reading time\" \/>\n\t<meta name=\"twitter:data1\" content=\"1 minute\" \/>\n<script type=\"application\/ld+json\" class=\"yoast-schema-graph\">{\"@context\":\"https:\/\/schema.org\",\"@graph\":[{\"@type\":\"WebPage\",\"@id\":\"https:\/\/geoclimate.ge\/az\/product\/free-cooler-systems-air-extraction-with-settling-chamber\/\",\"url\":\"https:\/\/geoclimate.ge\/az\/product\/free-cooler-systems-air-extraction-with-settling-chamber\/\",\"name\":\"Pulsuz soyuducu sisteml\u0259r Havan\u0131n \u00e7\u0131xar\u0131lmas\u0131 - \u00e7\u00f6km\u0259 kameras\u0131 il\u0259 CAM E_ES CAM E_ES 2000 m3\/saatdan 4000 m3\/saata q\u0259d\u0259r - GeoClimate.ge\",\"isPartOf\":{\"@id\":\"https:\/\/geoclimate.ge\/#website\"},\"primaryImageOfPage\":{\"@id\":\"https:\/\/geoclimate.ge\/az\/product\/free-cooler-systems-air-extraction-with-settling-chamber\/#primaryimage\"},\"image\":{\"@id\":\"https:\/\/geoclimate.ge\/az\/product\/free-cooler-systems-air-extraction-with-settling-chamber\/#primaryimage\"},\"thumbnailUrl\":\"https:\/\/geoclimate.ge\/wp-content\/uploads\/2025\/01\/CAM-E_ES-e1663919364402.jpg\",\"datePublished\":\"2025-01-10T13:25:16+00:00\",\"dateModified\":\"2025-04-21T15:16:57+00:00\",\"breadcrumb\":{\"@id\":\"https:\/\/geoclimate.ge\/az\/product\/free-cooler-systems-air-extraction-with-settling-chamber\/#breadcrumb\"},\"inLanguage\":\"az\",\"potentialAction\":[{\"@type\":\"ReadAction\",\"target\":[\"https:\/\/geoclimate.ge\/az\/product\/free-cooler-systems-air-extraction-with-settling-chamber\/\"]}]},{\"@type\":\"ImageObject\",\"inLanguage\":\"az\",\"@id\":\"https:\/\/geoclimate.ge\/az\/product\/free-cooler-systems-air-extraction-with-settling-chamber\/#primaryimage\",\"url\":\"https:\/\/geoclimate.ge\/wp-content\/uploads\/2025\/01\/CAM-E_ES-e1663919364402.jpg\",\"contentUrl\":\"https:\/\/geoclimate.ge\/wp-content\/uploads\/2025\/01\/CAM-E_ES-e1663919364402.jpg\",\"width\":500,\"height\":339},{\"@type\":\"BreadcrumbList\",\"@id\":\"https:\/\/geoclimate.ge\/az\/product\/free-cooler-systems-air-extraction-with-settling-chamber\/#breadcrumb\",\"itemListElement\":[{\"@type\":\"ListItem\",\"position\":1,\"name\":\"Home\",\"item\":\"https:\/\/geoclimate.ge\/az\/\"},{\"@type\":\"ListItem\",\"position\":2,\"name\":\"M\u0259hsullar\",\"item\":\"https:\/\/geoclimate.ge\/az\/products\/\"},{\"@type\":\"ListItem\",\"position\":3,\"name\":\"Pulsuz soyuducu sisteml\u0259r Havan\u0131n \u00e7\u0131xar\u0131lmas\u0131 &#8211; \u00e7\u00f6km\u0259 kameras\u0131 il\u0259 CAM E_ES CAM E_ES 2000 m3\/saatdan 4000 m3\/saata q\u0259d\u0259r\"}]},{\"@type\":\"WebSite\",\"@id\":\"https:\/\/geoclimate.ge\/#website\",\"url\":\"https:\/\/geoclimate.ge\/\",\"name\":\"GeoClimate\",\"description\":\"\",\"publisher\":{\"@id\":\"https:\/\/geoclimate.ge\/#organization\"},\"potentialAction\":[{\"@type\":\"SearchAction\",\"target\":{\"@type\":\"EntryPoint\",\"urlTemplate\":\"https:\/\/geoclimate.ge\/?s={search_term_string}\"},\"query-input\":{\"@type\":\"PropertyValueSpecification\",\"valueRequired\":true,\"valueName\":\"search_term_string\"}}],\"inLanguage\":\"az\"},{\"@type\":\"Organization\",\"@id\":\"https:\/\/geoclimate.ge\/#organization\",\"name\":\"GeoClimate\",\"url\":\"https:\/\/geoclimate.ge\/\",\"logo\":{\"@type\":\"ImageObject\",\"inLanguage\":\"az\",\"@id\":\"https:\/\/geoclimate.ge\/#\/schema\/logo\/image\/\",\"url\":\"https:\/\/geoclimate.ge\/wp-content\/uploads\/2026\/03\/geoclimate-SEO.png\",\"contentUrl\":\"https:\/\/geoclimate.ge\/wp-content\/uploads\/2026\/03\/geoclimate-SEO.png\",\"width\":1536,\"height\":1024,\"caption\":\"GeoClimate\"},\"image\":{\"@id\":\"https:\/\/geoclimate.ge\/#\/schema\/logo\/image\/\"}}]}<\/script>\n<!-- \/ Yoast SEO plugin. -->","yoast_head_json":{"title":"Pulsuz soyuducu sisteml\u0259r Havan\u0131n \u00e7\u0131xar\u0131lmas\u0131 - \u00e7\u00f6km\u0259 kameras\u0131 il\u0259 CAM E_ES CAM E_ES 2000 m3\/saatdan 4000 m3\/saata q\u0259d\u0259r - GeoClimate.ge","robots":{"index":"index","follow":"follow","max-snippet":"max-snippet:-1","max-image-preview":"max-image-preview:large","max-video-preview":"max-video-preview:-1"},"canonical":"https:\/\/geoclimate.ge\/az\/product\/free-cooler-systems-air-extraction-with-settling-chamber\/","og_locale":"az_AZ","og_type":"article","og_title":"Pulsuz soyuducu sisteml\u0259r Havan\u0131n \u00e7\u0131xar\u0131lmas\u0131 - \u00e7\u00f6km\u0259 kameras\u0131 il\u0259 CAM E_ES CAM E_ES 2000 m3\/saatdan 4000 m3\/saata q\u0259d\u0259r - GeoClimate.ge","og_description":"2000 m3\/saatdan 4000 m3\/saata q\u0259d\u0259r  \u201c\u00c7\u00f6km\u0259 kameras\u0131\u201d il\u0259 hava \u00c7IXARI\u015e sistemi fasil\u0259siz hava m\u00fcbadil\u0259sini t\u0259min etm\u0259lidir, onun \u0259sas m\u0259qs\u0259di radio baza stansiyalar\u0131nda v\u0259 M\u0259lumat Emal\u0131 M\u0259rk\u0259zind\u0259 avadanl\u0131qlar t\u0259r\u0259find\u0259n yay\u0131lan istiliyi xaric\u0259 \u00f6t\u00fcrm\u0259kdir. Bu, havan\u0131n \u00e7\u0131xar\u0131lmas\u0131 v\u0259 \u00e7\u00f6km\u0259 kameras\u0131n\u0131n (giri\u015f havas\u0131) birg\u0259 i\u015fl\u0259m\u0259si say\u0259sind\u0259 ba\u015f verir. \u00c7\u00f6km\u0259 kameras\u0131 qura\u015fd\u0131r\u0131lm\u0131\u015f kondisionerl\u0259rin tipologiyas\u0131na uy\u011fun olaraq v\u0259 yerli daxilind\u0259 m\u00f6vcud olan bo\u015f yer\u0259 xaricd\u0259n v\u0259 ya daxili olaraq qura\u015fd\u0131r\u0131la bil\u0259r.","og_url":"https:\/\/geoclimate.ge\/az\/product\/free-cooler-systems-air-extraction-with-settling-chamber\/","og_site_name":"GeoClimate.ge","article_modified_time":"2025-04-21T15:16:57+00:00","og_image":[{"width":500,"height":339,"url":"https:\/\/geoclimate.ge\/wp-content\/uploads\/2025\/01\/CAM-E_ES-e1663919364402.jpg","type":"image\/jpeg"}],"twitter_card":"summary_large_image","twitter_misc":{"Est. reading time":"1 minute"},"schema":{"@context":"https:\/\/schema.org","@graph":[{"@type":"WebPage","@id":"https:\/\/geoclimate.ge\/az\/product\/free-cooler-systems-air-extraction-with-settling-chamber\/","url":"https:\/\/geoclimate.ge\/az\/product\/free-cooler-systems-air-extraction-with-settling-chamber\/","name":"Pulsuz soyuducu sisteml\u0259r Havan\u0131n \u00e7\u0131xar\u0131lmas\u0131 - \u00e7\u00f6km\u0259 kameras\u0131 il\u0259 CAM E_ES CAM E_ES 2000 m3\/saatdan 4000 m3\/saata q\u0259d\u0259r - GeoClimate.ge","isPartOf":{"@id":"https:\/\/geoclimate.ge\/#website"},"primaryImageOfPage":{"@id":"https:\/\/geoclimate.ge\/az\/product\/free-cooler-systems-air-extraction-with-settling-chamber\/#primaryimage"},"image":{"@id":"https:\/\/geoclimate.ge\/az\/product\/free-cooler-systems-air-extraction-with-settling-chamber\/#primaryimage"},"thumbnailUrl":"https:\/\/geoclimate.ge\/wp-content\/uploads\/2025\/01\/CAM-E_ES-e1663919364402.jpg","datePublished":"2025-01-10T13:25:16+00:00","dateModified":"2025-04-21T15:16:57+00:00","breadcrumb":{"@id":"https:\/\/geoclimate.ge\/az\/product\/free-cooler-systems-air-extraction-with-settling-chamber\/#breadcrumb"},"inLanguage":"az","potentialAction":[{"@type":"ReadAction","target":["https:\/\/geoclimate.ge\/az\/product\/free-cooler-systems-air-extraction-with-settling-chamber\/"]}]},{"@type":"ImageObject","inLanguage":"az","@id":"https:\/\/geoclimate.ge\/az\/product\/free-cooler-systems-air-extraction-with-settling-chamber\/#primaryimage","url":"https:\/\/geoclimate.ge\/wp-content\/uploads\/2025\/01\/CAM-E_ES-e1663919364402.jpg","contentUrl":"https:\/\/geoclimate.ge\/wp-content\/uploads\/2025\/01\/CAM-E_ES-e1663919364402.jpg","width":500,"height":339},{"@type":"BreadcrumbList","@id":"https:\/\/geoclimate.ge\/az\/product\/free-cooler-systems-air-extraction-with-settling-chamber\/#breadcrumb","itemListElement":[{"@type":"ListItem","position":1,"name":"Home","item":"https:\/\/geoclimate.ge\/az\/"},{"@type":"ListItem","position":2,"name":"M\u0259hsullar","item":"https:\/\/geoclimate.ge\/az\/products\/"},{"@type":"ListItem","position":3,"name":"Pulsuz soyuducu sisteml\u0259r Havan\u0131n \u00e7\u0131xar\u0131lmas\u0131 &#8211; \u00e7\u00f6km\u0259 kameras\u0131 il\u0259 CAM E_ES CAM E_ES 2000 m3\/saatdan 4000 m3\/saata q\u0259d\u0259r"}]},{"@type":"WebSite","@id":"https:\/\/geoclimate.ge\/#website","url":"https:\/\/geoclimate.ge\/","name":"GeoClimate","description":"","publisher":{"@id":"https:\/\/geoclimate.ge\/#organization"},"potentialAction":[{"@type":"SearchAction","target":{"@type":"EntryPoint","urlTemplate":"https:\/\/geoclimate.ge\/?s={search_term_string}"},"query-input":{"@type":"PropertyValueSpecification","valueRequired":true,"valueName":"search_term_string"}}],"inLanguage":"az"},{"@type":"Organization","@id":"https:\/\/geoclimate.ge\/#organization","name":"GeoClimate","url":"https:\/\/geoclimate.ge\/","logo":{"@type":"ImageObject","inLanguage":"az","@id":"https:\/\/geoclimate.ge\/#\/schema\/logo\/image\/","url":"https:\/\/geoclimate.ge\/wp-content\/uploads\/2026\/03\/geoclimate-SEO.png","contentUrl":"https:\/\/geoclimate.ge\/wp-content\/uploads\/2026\/03\/geoclimate-SEO.png","width":1536,"height":1024,"caption":"GeoClimate"},"image":{"@id":"https:\/\/geoclimate.ge\/#\/schema\/logo\/image\/"}}]}},"_links":{"self":[{"href":"https:\/\/geoclimate.ge\/az\/wp-json\/wp\/v2\/product\/23369","targetHints":{"allow":["GET"]}}],"collection":[{"href":"https:\/\/geoclimate.ge\/az\/wp-json\/wp\/v2\/product"}],"about":[{"href":"https:\/\/geoclimate.ge\/az\/wp-json\/wp\/v2\/types\/product"}],"wp:featuredmedia":[{"embeddable":true,"href":"https:\/\/geoclimate.ge\/az\/wp-json\/wp\/v2\/media\/21698"}],"wp:attachment":[{"href":"https:\/\/geoclimate.ge\/az\/wp-json\/wp\/v2\/media?parent=23369"}],"wp:term":[{"taxonomy":"product_brand","embeddable":true,"href":"https:\/\/geoclimate.ge\/az\/wp-json\/wp\/v2\/product_brand?post=23369"},{"taxonomy":"product_cat","embeddable":true,"href":"https:\/\/geoclimate.ge\/az\/wp-json\/wp\/v2\/product_cat?post=23369"},{"taxonomy":"product_tag","embeddable":true,"href":"https:\/\/geoclimate.ge\/az\/wp-json\/wp\/v2\/product_tag?post=23369"}],"curies":[{"name":"wp","href":"https:\/\/api.w.org\/{rel}","templated":true}]}}