{"id":23372,"date":"2025-01-10T17:11:09","date_gmt":"2025-01-10T13:11:09","guid":{"rendered":"https:\/\/airsystems.ge\/shop\/product\/indoor-packaged-air-conditioner-under-floor-without-free-cooling\/"},"modified":"2025-02-22T13:41:17","modified_gmt":"2025-02-22T09:41:17","slug":"indoor-packaged-air-conditioner-under-floor-without-free-cooling","status":"publish","type":"product","link":"https:\/\/geoclimate.ge\/az\/product\/indoor-packaged-air-conditioner-under-floor-without-free-cooling\/","title":{"rendered":"Qapal\u0131 kondisioner D\u00f6\u015f\u0259m\u0259 alt\u0131nda &#8211; pulsuz soyutma olmadan"},"content":{"rendered":"<p>Qapal\u0131 qabla\u015fd\u0131r\u0131lm\u0131\u015f kondisioner<br \/>\nD\u00f6\u015f\u0259m\u0259 alt\u0131nda &#8211; pulsuz soyutma olmadan<br \/>\nAE IR_SP<\/p>\n<p>Qapal\u0131 qabla\u015fd\u0131r\u0131lm\u0131\u015f kondisioner qur\u011fular\u0131 hava il\u0259 soyudulmu\u015f tip, otaq daxilind\u0259 qura\u015fd\u0131rma \u00fc\u00e7\u00fcn ideallar, radio baza stansiyas\u0131 v\u0259 m\u0259lumatlar\u0131n emal\u0131 m\u0259rk\u0259zi \u00fc\u00e7\u00fcn s\u0131\u011f\u0131nacaq.<br \/>\nTemperaturun t\u0259nziml\u0259nm\u0259si \u0130nverter texnologiyas\u0131 vasit\u0259sil\u0259 kondisionerin soyutma qabiliyy\u0259tinin d\u0259yi\u015fm\u0259si (kompressorun f\u0131rlanma s\u00fcr\u0259tinin d\u0259yi\u015fm\u0259si) vasit\u0259sil\u0259 \u0259ld\u0259 edilir.<br \/>\nAE_IR_SP seriyal\u0131 kondisionerl\u0259r yeralt\u0131 tipdir. Soyuducu hava m\u0259rk\u0259zi zonadan g\u00f6t\u00fcr\u00fcl\u00fcr v\u0259 a\u015fa\u011f\u0131ya g\u00f6nd\u0259rilir.<\/p>\n<p>Kondisionerl\u0259r daxili n\u0259zar\u0259t\u00e7i v\u0259 temperatur v\u0259 t\u0259zyiq zondlar\u0131 il\u0259 t\u0259chiz olunmu\u015fdur ki, bu da m\u00fcst\u0259qil v\u0259 ya \u0259laq\u0259l\u0259ndirilmi\u015f \u201csoyutma sistemi\u201d \u0259ld\u0259 etm\u0259y\u0259 imkan verir, b\u00fct\u00fcn idar\u0259etm\u0259 v\u0259 kondisioner funksiyalar\u0131n\u0131n tam ixtisar\u0131n\u0131 t\u0259min edir.<br \/>\nMonoblok, \u0259mrl\u0259rin v\u0259 idar\u0259etm\u0259l\u0259rin idar\u0259 edilm\u0259si \u00fc\u00e7\u00fcn bortda interfeys istifad\u0259\u00e7i paneli, ay\u0131r\u0131c\u0131larla tamamlan\u0131r, h\u0259ddind\u0259n art\u0131q c\u0259r\u0259yandan daxili elektrik m\u00fchafiz\u0259si il\u0259 t\u0259min edilir.<\/p>\n<p>Texniki x\u00fcsusiyy\u0259tl\u0259r<\/p>\n<p>Sinkl\u0259nmi\u015f poladdan haz\u0131rlanm\u0131\u015f \u0259sas \u00e7\u0259r\u00e7iv\u0259 v\u0259 panell\u0259r<br \/>\nY\u00fcks\u0259k korroziyaya davaml\u0131d\u0131r<br \/>\nAl\u00fcminium-al\u00fcminium mikrokanall\u0131 kondensator batareyas\u0131<br \/>\nEnerji t\u0259chizat\u0131 olmad\u0131qda avtomatik yenid\u0259n i\u015f\u0259 sal\u0131n<br \/>\nEC buxarlanma b\u00f6lm\u0259sinin fanatlar\u0131<br \/>\nKondensasiya b\u00f6lm\u0259sinin fanatlar\u0131 kondensasiya t\u0259zyiqin\u0259 uy\u011fun olaraq d\u0259yi\u015f\u0259n s\u00fcr\u0259t\u0259 malikdirl\u0259r<br \/>\nElektron termostatik klapan<br \/>\n48Vdc hava emal\u0131 b\u00f6lm\u0259si<br \/>\nAksesuarlar<\/p>\n<p>Kanalla\u015fd\u0131r\u0131lm\u0131\u015f d\u0259st (konveyerl\u0259r + kanallar v\u0259 borular)<br \/>\n\u0130stilik m\u00fcqavim\u0259ti<br \/>\nRS232\/485 interfeys l\u00f6vh\u0259si<br \/>\nEthernet interfeys l\u00f6vh\u0259si<br \/>\nSNMP%Veb interfeys l\u00f6vh\u0259si<br \/>\nR\u00fctub\u0259t\u0259 n\u0259zar\u0259t (n\u0259ml\u0259nm\u0259 h\u0259ddi 40% RH@30\u00b0C<\/p>\n","protected":false},"excerpt":{"rendered":"<div class=\"elementor-element elementor-element-6e19ed90 hidebutton mc-bl elementor-align-left elementor-widget elementor-widget-button\" data-id=\"6e19ed90\" data-element_type=\"widget\" data-widget_type=\"button.default\">\n<div class=\"elementor-widget-container\">\n<div class=\"elementor-button-wrapper\"><a class=\"elementor-button elementor-button-link elementor-size-sm\" href=\"https:\/\/www.enextechnologies.com\/wp-content\/uploads\/2024\/08\/B_AE_IR_SP-ENG-A4-Rev.4.pdf\" target=\"_blank\" rel=\"noopener\"><span class=\"elementor-button-content-wrapper\"><span class=\"elementor-button-text\">BROCHURE A_IR_SP<\/span><\/span><\/a><\/div>\n<\/div>\n<\/div>\n<div class=\"elementor-element elementor-element-13f5f820 hidebutton mc-bl elementor-align-left elementor-widget elementor-widget-button\" data-id=\"13f5f820\" data-element_type=\"widget\" data-widget_type=\"button.default\">\n<div class=\"elementor-widget-container\">\n<div class=\"elementor-button-wrapper\"><a class=\"elementor-button elementor-button-link elementor-size-sm\" href=\"https:\/\/www.enextechnologies.com\/wp-content\/uploads\/2024\/08\/B_AE_IR_SP_inverter-ENG-A4-Rev.4.pdf\" target=\"_blank\" rel=\"noopener\"><span class=\"elementor-button-content-wrapper\"><span class=\"elementor-button-text\">BROCHURE A_IR_SP INVERTER<\/span><\/span><\/a><\/div>\n<\/div>\n<\/div>\n","protected":false},"featured_media":21708,"template":"","meta":[],"product_brand":[],"product_cat":[875],"product_tag":[],"class_list":{"0":"post-23372","1":"product","2":"type-product","3":"status-publish","4":"has-post-thumbnail","6":"product_cat-snaye-az-kondisionerlr","8":"first","9":"instock","10":"sale","11":"shipping-taxable","12":"purchasable","13":"product-type-simple"},"yoast_head":"<!-- This site is optimized with the Yoast SEO plugin v27.1.1 - https:\/\/yoast.com\/product\/yoast-seo-wordpress\/ -->\n<title>Qapal\u0131 kondisioner D\u00f6\u015f\u0259m\u0259 alt\u0131nda - pulsuz soyutma olmadan - GeoClimate.ge<\/title>\n<meta name=\"robots\" content=\"index, follow, max-snippet:-1, max-image-preview:large, max-video-preview:-1\" \/>\n<link rel=\"canonical\" href=\"https:\/\/geoclimate.ge\/az\/product\/indoor-packaged-air-conditioner-under-floor-without-free-cooling\/\" \/>\n<meta property=\"og:locale\" content=\"az_AZ\" \/>\n<meta property=\"og:type\" content=\"article\" \/>\n<meta property=\"og:title\" content=\"Qapal\u0131 kondisioner D\u00f6\u015f\u0259m\u0259 alt\u0131nda - pulsuz soyutma olmadan - GeoClimate.ge\" \/>\n<meta property=\"og:description\" content=\"BROCHURE A_IR_SP     BROCHURE A_IR_SP INVERTER\" \/>\n<meta property=\"og:url\" content=\"https:\/\/geoclimate.ge\/az\/product\/indoor-packaged-air-conditioner-under-floor-without-free-cooling\/\" \/>\n<meta property=\"og:site_name\" content=\"GeoClimate.ge\" \/>\n<meta property=\"article:modified_time\" content=\"2025-02-22T09:41:17+00:00\" \/>\n<meta property=\"og:image\" content=\"https:\/\/geoclimate.ge\/wp-content\/uploads\/2025\/01\/1-1.jpg\" \/>\n\t<meta property=\"og:image:width\" content=\"700\" \/>\n\t<meta property=\"og:image:height\" content=\"395\" \/>\n\t<meta property=\"og:image:type\" content=\"image\/jpeg\" \/>\n<meta name=\"twitter:card\" content=\"summary_large_image\" \/>\n<meta name=\"twitter:label1\" content=\"Est. reading time\" \/>\n\t<meta name=\"twitter:data1\" content=\"2 minutes\" \/>\n<script type=\"application\/ld+json\" class=\"yoast-schema-graph\">{\"@context\":\"https:\/\/schema.org\",\"@graph\":[{\"@type\":\"WebPage\",\"@id\":\"https:\/\/geoclimate.ge\/az\/product\/indoor-packaged-air-conditioner-under-floor-without-free-cooling\/\",\"url\":\"https:\/\/geoclimate.ge\/az\/product\/indoor-packaged-air-conditioner-under-floor-without-free-cooling\/\",\"name\":\"Qapal\u0131 kondisioner D\u00f6\u015f\u0259m\u0259 alt\u0131nda - pulsuz soyutma olmadan - GeoClimate.ge\",\"isPartOf\":{\"@id\":\"https:\/\/geoclimate.ge\/#website\"},\"primaryImageOfPage\":{\"@id\":\"https:\/\/geoclimate.ge\/az\/product\/indoor-packaged-air-conditioner-under-floor-without-free-cooling\/#primaryimage\"},\"image\":{\"@id\":\"https:\/\/geoclimate.ge\/az\/product\/indoor-packaged-air-conditioner-under-floor-without-free-cooling\/#primaryimage\"},\"thumbnailUrl\":\"https:\/\/geoclimate.ge\/wp-content\/uploads\/2025\/01\/1-1.jpg\",\"datePublished\":\"2025-01-10T13:11:09+00:00\",\"dateModified\":\"2025-02-22T09:41:17+00:00\",\"breadcrumb\":{\"@id\":\"https:\/\/geoclimate.ge\/az\/product\/indoor-packaged-air-conditioner-under-floor-without-free-cooling\/#breadcrumb\"},\"inLanguage\":\"az\",\"potentialAction\":[{\"@type\":\"ReadAction\",\"target\":[\"https:\/\/geoclimate.ge\/az\/product\/indoor-packaged-air-conditioner-under-floor-without-free-cooling\/\"]}]},{\"@type\":\"ImageObject\",\"inLanguage\":\"az\",\"@id\":\"https:\/\/geoclimate.ge\/az\/product\/indoor-packaged-air-conditioner-under-floor-without-free-cooling\/#primaryimage\",\"url\":\"https:\/\/geoclimate.ge\/wp-content\/uploads\/2025\/01\/1-1.jpg\",\"contentUrl\":\"https:\/\/geoclimate.ge\/wp-content\/uploads\/2025\/01\/1-1.jpg\",\"width\":700,\"height\":395},{\"@type\":\"BreadcrumbList\",\"@id\":\"https:\/\/geoclimate.ge\/az\/product\/indoor-packaged-air-conditioner-under-floor-without-free-cooling\/#breadcrumb\",\"itemListElement\":[{\"@type\":\"ListItem\",\"position\":1,\"name\":\"Home\",\"item\":\"https:\/\/geoclimate.ge\/az\/\"},{\"@type\":\"ListItem\",\"position\":2,\"name\":\"M\u0259hsullar\",\"item\":\"https:\/\/geoclimate.ge\/az\/products\/\"},{\"@type\":\"ListItem\",\"position\":3,\"name\":\"Qapal\u0131 kondisioner D\u00f6\u015f\u0259m\u0259 alt\u0131nda &#8211; pulsuz soyutma olmadan\"}]},{\"@type\":\"WebSite\",\"@id\":\"https:\/\/geoclimate.ge\/#website\",\"url\":\"https:\/\/geoclimate.ge\/\",\"name\":\"GeoClimate\",\"description\":\"\",\"publisher\":{\"@id\":\"https:\/\/geoclimate.ge\/#organization\"},\"potentialAction\":[{\"@type\":\"SearchAction\",\"target\":{\"@type\":\"EntryPoint\",\"urlTemplate\":\"https:\/\/geoclimate.ge\/?s={search_term_string}\"},\"query-input\":{\"@type\":\"PropertyValueSpecification\",\"valueRequired\":true,\"valueName\":\"search_term_string\"}}],\"inLanguage\":\"az\"},{\"@type\":\"Organization\",\"@id\":\"https:\/\/geoclimate.ge\/#organization\",\"name\":\"GeoClimate\",\"url\":\"https:\/\/geoclimate.ge\/\",\"logo\":{\"@type\":\"ImageObject\",\"inLanguage\":\"az\",\"@id\":\"https:\/\/geoclimate.ge\/#\/schema\/logo\/image\/\",\"url\":\"https:\/\/geoclimate.ge\/wp-content\/uploads\/2026\/03\/geoclimate-SEO.png\",\"contentUrl\":\"https:\/\/geoclimate.ge\/wp-content\/uploads\/2026\/03\/geoclimate-SEO.png\",\"width\":1536,\"height\":1024,\"caption\":\"GeoClimate\"},\"image\":{\"@id\":\"https:\/\/geoclimate.ge\/#\/schema\/logo\/image\/\"}}]}<\/script>\n<!-- \/ Yoast SEO plugin. -->","yoast_head_json":{"title":"Qapal\u0131 kondisioner D\u00f6\u015f\u0259m\u0259 alt\u0131nda - pulsuz soyutma olmadan - GeoClimate.ge","robots":{"index":"index","follow":"follow","max-snippet":"max-snippet:-1","max-image-preview":"max-image-preview:large","max-video-preview":"max-video-preview:-1"},"canonical":"https:\/\/geoclimate.ge\/az\/product\/indoor-packaged-air-conditioner-under-floor-without-free-cooling\/","og_locale":"az_AZ","og_type":"article","og_title":"Qapal\u0131 kondisioner D\u00f6\u015f\u0259m\u0259 alt\u0131nda - pulsuz soyutma olmadan - GeoClimate.ge","og_description":"BROCHURE A_IR_SP     BROCHURE A_IR_SP INVERTER","og_url":"https:\/\/geoclimate.ge\/az\/product\/indoor-packaged-air-conditioner-under-floor-without-free-cooling\/","og_site_name":"GeoClimate.ge","article_modified_time":"2025-02-22T09:41:17+00:00","og_image":[{"width":700,"height":395,"url":"https:\/\/geoclimate.ge\/wp-content\/uploads\/2025\/01\/1-1.jpg","type":"image\/jpeg"}],"twitter_card":"summary_large_image","twitter_misc":{"Est. reading time":"2 minutes"},"schema":{"@context":"https:\/\/schema.org","@graph":[{"@type":"WebPage","@id":"https:\/\/geoclimate.ge\/az\/product\/indoor-packaged-air-conditioner-under-floor-without-free-cooling\/","url":"https:\/\/geoclimate.ge\/az\/product\/indoor-packaged-air-conditioner-under-floor-without-free-cooling\/","name":"Qapal\u0131 kondisioner D\u00f6\u015f\u0259m\u0259 alt\u0131nda - pulsuz soyutma olmadan - GeoClimate.ge","isPartOf":{"@id":"https:\/\/geoclimate.ge\/#website"},"primaryImageOfPage":{"@id":"https:\/\/geoclimate.ge\/az\/product\/indoor-packaged-air-conditioner-under-floor-without-free-cooling\/#primaryimage"},"image":{"@id":"https:\/\/geoclimate.ge\/az\/product\/indoor-packaged-air-conditioner-under-floor-without-free-cooling\/#primaryimage"},"thumbnailUrl":"https:\/\/geoclimate.ge\/wp-content\/uploads\/2025\/01\/1-1.jpg","datePublished":"2025-01-10T13:11:09+00:00","dateModified":"2025-02-22T09:41:17+00:00","breadcrumb":{"@id":"https:\/\/geoclimate.ge\/az\/product\/indoor-packaged-air-conditioner-under-floor-without-free-cooling\/#breadcrumb"},"inLanguage":"az","potentialAction":[{"@type":"ReadAction","target":["https:\/\/geoclimate.ge\/az\/product\/indoor-packaged-air-conditioner-under-floor-without-free-cooling\/"]}]},{"@type":"ImageObject","inLanguage":"az","@id":"https:\/\/geoclimate.ge\/az\/product\/indoor-packaged-air-conditioner-under-floor-without-free-cooling\/#primaryimage","url":"https:\/\/geoclimate.ge\/wp-content\/uploads\/2025\/01\/1-1.jpg","contentUrl":"https:\/\/geoclimate.ge\/wp-content\/uploads\/2025\/01\/1-1.jpg","width":700,"height":395},{"@type":"BreadcrumbList","@id":"https:\/\/geoclimate.ge\/az\/product\/indoor-packaged-air-conditioner-under-floor-without-free-cooling\/#breadcrumb","itemListElement":[{"@type":"ListItem","position":1,"name":"Home","item":"https:\/\/geoclimate.ge\/az\/"},{"@type":"ListItem","position":2,"name":"M\u0259hsullar","item":"https:\/\/geoclimate.ge\/az\/products\/"},{"@type":"ListItem","position":3,"name":"Qapal\u0131 kondisioner D\u00f6\u015f\u0259m\u0259 alt\u0131nda &#8211; pulsuz soyutma olmadan"}]},{"@type":"WebSite","@id":"https:\/\/geoclimate.ge\/#website","url":"https:\/\/geoclimate.ge\/","name":"GeoClimate","description":"","publisher":{"@id":"https:\/\/geoclimate.ge\/#organization"},"potentialAction":[{"@type":"SearchAction","target":{"@type":"EntryPoint","urlTemplate":"https:\/\/geoclimate.ge\/?s={search_term_string}"},"query-input":{"@type":"PropertyValueSpecification","valueRequired":true,"valueName":"search_term_string"}}],"inLanguage":"az"},{"@type":"Organization","@id":"https:\/\/geoclimate.ge\/#organization","name":"GeoClimate","url":"https:\/\/geoclimate.ge\/","logo":{"@type":"ImageObject","inLanguage":"az","@id":"https:\/\/geoclimate.ge\/#\/schema\/logo\/image\/","url":"https:\/\/geoclimate.ge\/wp-content\/uploads\/2026\/03\/geoclimate-SEO.png","contentUrl":"https:\/\/geoclimate.ge\/wp-content\/uploads\/2026\/03\/geoclimate-SEO.png","width":1536,"height":1024,"caption":"GeoClimate"},"image":{"@id":"https:\/\/geoclimate.ge\/#\/schema\/logo\/image\/"}}]}},"_links":{"self":[{"href":"https:\/\/geoclimate.ge\/az\/wp-json\/wp\/v2\/product\/23372","targetHints":{"allow":["GET"]}}],"collection":[{"href":"https:\/\/geoclimate.ge\/az\/wp-json\/wp\/v2\/product"}],"about":[{"href":"https:\/\/geoclimate.ge\/az\/wp-json\/wp\/v2\/types\/product"}],"wp:featuredmedia":[{"embeddable":true,"href":"https:\/\/geoclimate.ge\/az\/wp-json\/wp\/v2\/media\/21708"}],"wp:attachment":[{"href":"https:\/\/geoclimate.ge\/az\/wp-json\/wp\/v2\/media?parent=23372"}],"wp:term":[{"taxonomy":"product_brand","embeddable":true,"href":"https:\/\/geoclimate.ge\/az\/wp-json\/wp\/v2\/product_brand?post=23372"},{"taxonomy":"product_cat","embeddable":true,"href":"https:\/\/geoclimate.ge\/az\/wp-json\/wp\/v2\/product_cat?post=23372"},{"taxonomy":"product_tag","embeddable":true,"href":"https:\/\/geoclimate.ge\/az\/wp-json\/wp\/v2\/product_tag?post=23372"}],"curies":[{"name":"wp","href":"https:\/\/api.w.org\/{rel}","templated":true}]}}