{"id":23379,"date":"2024-01-29T18:08:59","date_gmt":"2024-01-29T14:08:59","guid":{"rendered":"https:\/\/airsystems.ge\/shop\/product\/master-bc-451-evaporative-cooler\/"},"modified":"2025-07-16T14:36:18","modified_gmt":"2025-07-16T10:36:18","slug":"master-bc-451-evaporative-cooler","status":"publish","type":"product","link":"https:\/\/geoclimate.ge\/az\/product\/master-bc-451-evaporative-cooler\/","title":{"rendered":"Master BC 451 \u2013 buxarland\u0131r\u0131c\u0131 soyuducu"},"content":{"rendered":"<section class=\"max-w-[1088px] mx-auto w-full px-5 my-10 md:my-12 lg:my-16 xl:my-20 xl:px-0\" data-block=\"bullet-list\">\n<div class=\"md:text-center\"><\/div>\n<\/section>\n<section class=\"max-w-[1088px] mx-auto w-full px-5 my-10 md:my-12 lg:my-16 xl:my-20 xl:px-0\" data-block=\"bullet-list\">\n<div class=\"mt-6 md:mt-10\">\n<div class=\"flex flex-wrap\">\n<div class=\"w-full md:w-1\/2 auto-bullets \">\n<p>\u018fsas x\u00fcsusiyy\u0259tl\u0259r<br \/>\nB\u00f6y\u00fck i\u015f sah\u0259l\u0259rini s\u0259rinl\u0259m\u0259k \u00fc\u00e7\u00fcn g\u00fccl\u00fc hava h\u0259cmi 38.000 m\u00b3\/saat<br \/>\nQura\u015fd\u0131rma, kanalizasiya t\u0259l\u0259b olunmur<br \/>\nA\u015fa\u011f\u0131 f\u0259aliyy\u0259t x\u0259rcl\u0259ri<br \/>\nBax\u0131m asan<br \/>\nBuxarland\u0131r\u0131c\u0131 filtr yast\u0131qlar\u0131, kirin qar\u015f\u0131s\u0131n\u0131 al\u0131r<br \/>\nUV lampas\u0131, suyu dezinfeksiya ed\u0259n (daxildir)<br \/>\nA\u015fa\u011f\u0131 enerji istehlak\u0131<br \/>\nAdd\u0131ms\u0131z s\u00fcr\u0259t\u0259 n\u0259zar\u0259t<br \/>\nTank s\u0259viyy\u0259sin\u0259 n\u0259zar\u0259t<br \/>\nSexl\u0259r v\u0259 anbarlar, plastik, \u015f\u00fc\u015f\u0259, montaj v\u0259 r\u0259ngl\u0259m\u0259 zavodlar\u0131, k\u0259nd t\u0259s\u0259rr\u00fcfat\u0131, istixanalar v\u0259 t\u0259yyar\u0259 anqarlar\u0131 \u00fc\u00e7\u00fcn ideald\u0131r.<br \/>\nBuxarland\u0131r\u0131c\u0131 soyutman\u0131n \u00fcst\u00fcnl\u00fckl\u0259ri<br \/>\nMaster hava soyuducular\u0131n\u0131n istifad\u0259si kondisionerl\u0259rl\u0259 m\u00fcqayis\u0259d\u0259 CO\u2082 t\u0259sirini k\u0259skin \u015f\u0259kild\u0259 azald\u0131r<br \/>\nBakteriya v\u0259 virus riskini azaldan t\u0259miz hava<br \/>\nKimy\u0259vi v\u0259 ya soyuducu yoxdur<br \/>\nA\u015fa\u011f\u0131 enerji istehlak\u0131<br \/>\nFaktiki olaraq texniki xidm\u0259t t\u0259l\u0259b olunmayan avadanl\u0131q<br \/>\nNec\u0259 i\u015fl\u0259yir<\/p>\n<p>Buxarland\u0131r\u0131c\u0131 soyutma sisteminin \u00fcr\u0259yi suyun buxarland\u0131\u011f\u0131 v\u0259 yast\u0131qlardan ke\u00e7\u0259n havan\u0131n soyuduldu\u011fu soyutma yast\u0131\u011f\u0131d\u0131r. Buxarland\u0131r\u0131c\u0131 soyuducu yast\u0131qlar bir-birin\u0259 yap\u0131\u015fd\u0131r\u0131lm\u0131\u015f yivli sel\u00fcloz t\u0259b\u0259q\u0259l\u0259rd\u0259n haz\u0131rlan\u0131r. Material \u00e7\u00fcr\u00fcm\u0259nin qar\u015f\u0131s\u0131n\u0131 almaq v\u0259 uzun xidm\u0259t m\u00fcdd\u0259tini v\u0259 asan t\u0259mirini t\u0259min etm\u0259k \u00fc\u00e7\u00fcn x\u00fcsusi birl\u0259\u015fm\u0259l\u0259rl\u0259 kimy\u0259vi c\u0259h\u0259td\u0259n emprenye edilmi\u015fdir.<\/p>\n<p>Buxarland\u0131r\u0131c\u0131 soyutma v\u0259 r\u00fctub\u0259t<\/p>\n<p>M\u00fc\u0259yy\u0259n bir temperatur v\u0259 t\u0259zyiqd\u0259 havan\u0131n m\u00fc\u0259yy\u0259n h\u0259cmi m\u00fc\u0259yy\u0259n miqdarda su buxar\u0131n\u0131 udmaq v\u0259 saxlamaq qabiliyy\u0259tin\u0259 malikdir. \u018fg\u0259r havan\u0131n tuta bildiyi r\u00fctub\u0259tin 50%-i h\u0259min hava h\u0259cmini ehtiva edirs\u0259, onun 50% nisbi r\u00fctub\u0259td\u0259 oldu\u011funu deyirik.<\/p>\n<p>G\u00fcn n\u0259 q\u0259d\u0259r isti olsa, hava n\u0259 q\u0259d\u0259r quru olarsa, buxarlanma yolu il\u0259 daha \u00e7ox soyutma h\u0259yata ke\u00e7iril\u0259 bil\u0259r. Ba\u015fqa s\u00f6zl\u0259, soyutma effekti \u0259n \u00e7ox ehtiyac duydu\u011funuz zaman \u0259n yax\u015f\u0131s\u0131d\u0131r.<\/p>\n<p>Bizim buxarland\u0131r\u0131c\u0131 soyuducular\u0131m\u0131z y\u00fcks\u0259k r\u00fctub\u0259tli m\u00fchitl\u0259rd\u0259 d\u0259 yax\u015f\u0131 i\u015fl\u0259m\u0259k \u00fc\u00e7\u00fcn haz\u0131rlanm\u0131\u015fd\u0131r v\u0259 sad\u0259c\u0259 isti havan\u0131 d\u00f6vr ed\u0259n sad\u0259 fandan daha s\u0259m\u0259r\u0259li qalacaq.<\/p>\n<p>Soyuducular\u0131m\u0131z s\u0259rinl\u0259m\u0259k ist\u0259diyiniz m\u00fchitd\u0259ki temperatur v\u0259 r\u00fctub\u0259td\u0259n as\u0131l\u0131 olaraq r\u00fctub\u0259ti 2-5% art\u0131racaq. Qur\u011funun istehsal etdiyi havan\u0131n t\u00fck\u0259ndiyi havaland\u0131r\u0131lan yerl\u0259rd\u0259 c\u00fczi art\u0131m n\u0259z\u0259r\u0259 \u00e7arpm\u0131r.<\/p>\n<\/div>\n<\/div>\n<\/div>\n<\/section>\n<section class=\"max-w-[1088px] mx-auto w-full px-5 my-10 md:my-12 lg:my-16 xl:my-20 xl:px-0\" data-block=\"product-specifications\">\n<div class=\"md:text-center\">\n<h3 class=\"text-black font-bold text-lg md:text-xl lg:text-2xl\"><strong>Product specifications<\/strong><\/h3>\n<\/div>\n<div class=\" md:mt-10\">\n<div class=\"\">\n<div class=\"lg:mt-0 \">\n<div id=\"spec-bc-451\" class=\"prose max-w-full md:overflow-auto\" data-spec-content=\"\">\n<table class=\"w-full table-fixed mb-0\">\n<thead>\n<tr>\n<th class=\"font-bold text-base\"><span class=\"block px-4\">Specifications<\/span><\/th>\n<th class=\"font-bold text-base text-center\"><span class=\"block px-10 md:px-20\">Units<\/span><\/th>\n<th class=\"font-bold text-base text-center will-change\"><span class=\"block px-4\">BC\u00a0451<\/span><\/th>\n<\/tr>\n<\/thead>\n<tbody>\n<tr class=\"bg-grey-200\/50 p-2\">\n<td colspan=\"1\"><span class=\"block px-4\">Cooling pad<\/span><\/td>\n<td class=\"text-center\">\n<div class=\"px-10 md:px-20 flex items-center justify-center\">dm\u00b3<\/div>\n<\/td>\n<td class=\"text-center will-change\">\n<div class=\"px-10 md:px-20 flex items-center justify-center\">400<\/div>\n<\/td>\n<\/tr>\n<tr class=\" p-2\">\n<td colspan=\"1\"><span class=\"block px-4\">Air flow<\/span><\/td>\n<td class=\"text-center\">\n<div class=\"px-10 md:px-20 flex items-center justify-center\">m\u00b3\/h<\/div>\n<\/td>\n<td class=\"text-center will-change\">\n<div class=\"px-10 md:px-20 flex items-center justify-center\">38,000<\/div>\n<\/td>\n<\/tr>\n<tr class=\"bg-grey-200\/50 p-2\">\n<td colspan=\"1\"><span class=\"block px-4\">Loaded air flow<\/span><\/td>\n<td class=\"text-center\">\n<div class=\"px-10 md:px-20 flex items-center justify-center\">m\u00b3\/h<\/div>\n<\/td>\n<td class=\"text-center will-change\">\n<div class=\"px-10 md:px-20 flex items-center justify-center\">29,000<\/div>\n<\/td>\n<\/tr>\n<tr class=\" p-2\">\n<td colspan=\"1\"><span class=\"block px-4\">Maximum area<\/span><\/td>\n<td class=\"text-center\">\n<div class=\"px-10 md:px-20 flex items-center justify-center\">m\u00b2<\/div>\n<\/td>\n<td class=\"text-center will-change\">\n<div class=\"px-10 md:px-20 flex items-center justify-center\">520<\/div>\n<\/td>\n<\/tr>\n<tr class=\"bg-grey-200\/50 p-2\">\n<td colspan=\"1\"><span class=\"block px-4\">Power consumption<\/span><\/td>\n<td class=\"text-center\">\n<div class=\"px-10 md:px-20 flex items-center justify-center\">W<\/div>\n<\/td>\n<td class=\"text-center will-change\">\n<div class=\"px-10 md:px-20 flex items-center justify-center\">1,500<\/div>\n<\/td>\n<\/tr>\n<tr class=\" p-2\">\n<td colspan=\"1\"><span class=\"block px-4\">Power supply<\/span><\/td>\n<td class=\"text-center\">\n<div class=\"px-10 md:px-20 flex items-center justify-center\">V\/Hz<\/div>\n<\/td>\n<td class=\"text-center will-change\">\n<div class=\"px-10 md:px-20 flex items-center justify-center\">120-230\/1ph\/50<\/div>\n<\/td>\n<\/tr>\n<tr class=\"bg-grey-200\/50 p-2\">\n<td colspan=\"1\"><span class=\"block px-4\">Rated current<\/span><\/td>\n<td class=\"text-center\">\n<div class=\"px-10 md:px-20 flex items-center justify-center\">A<\/div>\n<\/td>\n<td class=\"text-center will-change\">\n<div class=\"px-10 md:px-20 flex items-center justify-center\">4-8<\/div>\n<\/td>\n<\/tr>\n<tr class=\" p-2\">\n<td colspan=\"1\"><span class=\"block px-4\">Water consumption<\/span><\/td>\n<td class=\"text-center\">\n<div class=\"px-10 md:px-20 flex items-center justify-center\">l\/h<\/div>\n<\/td>\n<td class=\"text-center will-change\">\n<div class=\"px-10 md:px-20 flex items-center justify-center\">12-18<\/div>\n<\/td>\n<\/tr>\n<tr class=\"bg-grey-200\/50 p-2\">\n<td colspan=\"1\"><span class=\"block px-4\">Tank capacity<\/span><\/td>\n<td class=\"text-center\">\n<div class=\"px-10 md:px-20 flex items-center justify-center\">l<\/div>\n<\/td>\n<td class=\"text-center will-change\">\n<div class=\"px-10 md:px-20 flex items-center justify-center\">300<\/div>\n<\/td>\n<\/tr>\n<tr class=\" p-2\">\n<td colspan=\"1\"><span class=\"block px-4\">Direct water connection<\/span><\/td>\n<td class=\"text-center\">\n<div class=\"px-10 md:px-20 flex items-center justify-center\">inch<\/div>\n<\/td>\n<td class=\"text-center will-change\">\n<div class=\"px-10 md:px-20 flex items-center justify-center\">\u00bd<\/div>\n<\/td>\n<\/tr>\n<tr class=\"bg-grey-200\/50 p-2\">\n<td colspan=\"1\"><span class=\"block px-4\">Tank level control<\/span><\/td>\n<td class=\"text-center\">\n<div class=\"px-10 md:px-20 flex items-center justify-center\"><\/div>\n<\/td>\n<td class=\"text-center will-change\">\n<div class=\"px-10 md:px-20 flex items-center justify-center\">yes<\/div>\n<\/td>\n<\/tr>\n<tr class=\" p-2\">\n<td colspan=\"1\"><span class=\"block px-4\">Sound level<\/span><\/td>\n<td class=\"text-center\">\n<div class=\"px-10 md:px-20 flex items-center justify-center\">dB(A)<\/div>\n<\/td>\n<td class=\"text-center will-change\">\n<div class=\"px-10 md:px-20 flex items-center justify-center\">80<\/div>\n<\/td>\n<\/tr>\n<tr class=\"bg-grey-200\/50 p-2\">\n<td colspan=\"1\"><span class=\"block px-4\">Product size (l x w x h)<\/span><\/td>\n<td class=\"text-center\">\n<div class=\"px-10 md:px-20 flex items-center justify-center\">mm<\/div>\n<\/td>\n<td class=\"text-center will-change\">\n<div class=\"px-10 md:px-20 flex items-center justify-center\">1100 x 1900 x 2250<\/div>\n<\/td>\n<\/tr>\n<tr class=\" p-2\">\n<td colspan=\"1\"><span class=\"block px-4\">Box size (l x w x h)<\/span><\/td>\n<td class=\"text-center\">\n<div class=\"px-10 md:px-20 flex items-center justify-center\">mm<\/div>\n<\/td>\n<td class=\"text-center will-change\">\n<div class=\"px-10 md:px-20 flex items-center justify-center\">1200 x 2000 x 2400<\/div>\n<\/td>\n<\/tr>\n<tr class=\"bg-grey-200\/50 p-2\">\n<td colspan=\"1\"><span class=\"block px-4\">Net\/gross weight<\/span><\/td>\n<td class=\"text-center\">\n<div class=\"px-10 md:px-20 flex items-center justify-center\">kg<\/div>\n<\/td>\n<td class=\"text-center will-change\">\n<div class=\"px-10 md:px-20 flex items-center justify-center\">180\/200<\/div>\n<\/td>\n<\/tr>\n<tr class=\" p-2\">\n<td colspan=\"1\"><span class=\"block px-4\">Pallet<\/span><\/td>\n<td class=\"text-center\">\n<div class=\"px-10 md:px-20 flex items-center justify-center\">pcs<\/div>\n<\/td>\n<td class=\"text-center will-change\">\n<div class=\"px-10 md:px-20 flex items-center justify-center\">1<\/div>\n<\/td>\n<\/tr>\n<\/tbody>\n<\/table>\n<\/div>\n<\/div>\n<\/div>\n<\/div>\n<\/section>\n<section class=\"max-w-[1088px] mx-auto w-full px-5 my-10 md:my-12 lg:my-16 xl:my-20 xl:px-0\" data-block=\"link-list\">\n<div class=\"max-w-[1088px] mx-auto\">\n<div class=\"md:text-center\">\n<h3 class=\"text-black font-bold text-lg md:text-xl lg:text-2xl\"><strong>Suitable for<\/strong><\/h3>\n<\/div>\n<div class=\"mt-6 max-w-4xl mx-auto\">\n<div class=\"flex flex-wrap md:ml-20\">\n<div class=\"w-full md:w-1\/2 auto-bullets md:pr-16\">\n<ul>\n<li class=\"flex items-center gap-5 text-sm text-black mt-3 md:text-base lg:text-lg\">\n<div>Agriculture<\/div>\n<\/li>\n<li class=\"flex items-center gap-5 text-sm text-black mt-3 md:text-base md:mt-4 lg:text-lg\">\n<div>Automotive<\/div>\n<\/li>\n<li class=\"flex items-center gap-5 text-sm text-black mt-3 md:text-base md:mt-4 lg:text-lg\">\n<div>Commercial buildings<\/div>\n<\/li>\n<li class=\"flex items-center gap-5 text-sm text-black mt-3 md:text-base md:mt-4 lg:text-lg\">\n<div>Construction<\/div>\n<\/li>\n<li class=\"flex items-center gap-5 text-sm text-black mt-3 md:text-base md:mt-4 lg:text-lg\">\n<div>Emergency services<\/div>\n<\/li>\n<li class=\"flex items-center gap-5 text-sm text-black mt-3 md:text-base md:mt-4 lg:text-lg\">\n<div>Events and festivals<\/div>\n<\/li>\n<\/ul>\n<\/div>\n<div class=\"w-full md:w-1\/2 auto-bullets \">\n<ul>\n<li class=\"flex items-center gap-5 text-sm text-black mt-3 md:text-base lg:text-lg\">\n<div>Industrial, factories and production<\/div>\n<\/li>\n<li class=\"flex items-center gap-5 text-sm text-black mt-3 md:text-base md:mt-4 lg:text-lg\">\n<div>Leisure and recreation<\/div>\n<\/li>\n<li class=\"flex items-center gap-5 text-sm text-black mt-3 md:text-base md:mt-4 lg:text-lg\">\n<div>Military and aerospace<\/div>\n<\/li>\n<li class=\"flex items-center gap-5 text-sm text-black mt-3 md:text-base md:mt-4 lg:text-lg\">\n<div>Rental companies<\/div>\n<\/li>\n<li class=\"flex items-center gap-5 text-sm text-black mt-3 md:text-base md:mt-4 lg:text-lg\">\n<div>Transport and logistics<\/div>\n<\/li>\n<li class=\"flex items-center gap-5 text-sm text-black mt-3 md:text-base md:mt-4 lg:text-lg\">\n<div>Warehouses and storage<\/div>\n<\/li>\n<\/ul>\n<\/div>\n<\/div>\n<\/div>\n<\/div>\n<\/section>\n","protected":false},"excerpt":{"rendered":"<p>Virus v\u0259 bakteriyalar\u0131n dezinfeksiya riskini aradan qald\u0131ran inteqrasiya olunmu\u015f UV i\u015f\u0131\u011f\u0131 il\u0259 g\u00fccl\u00fc v\u0259 portativ hava soyuducu. Minimum enerji s\u0259rfiyyat\u0131, g\u00fccl\u00fc ventilyator v\u0259 pill\u0259siz s\u00fcr\u0259t n\u0259zar\u0259ti il\u0259 BC 451 \u0259n\u0259n\u0259vi kondisioner \u00fc\u00e7\u00fcn yarars\u0131z olan 520 m\u00b2-\u0259 q\u0259d\u0259r \u0259razil\u0259rin soyudulmas\u0131 \u00fc\u00e7\u00fcn ideald\u0131r.<\/p>\n<p>\u0130st\u0259nil\u0259n miqyasda b\u00fct\u00fcn t\u0259tbiq n\u00f6vl\u0259ri v\u0259 kommersiya v\u0259 ya s\u0259naye m\u0259qs\u0259dl\u0259ri \u00fc\u00e7\u00fcn uy\u011fun olan hava soyutma qur\u011fular\u0131m\u0131za v\u0259 buxarland\u0131r\u0131c\u0131 soyuducular\u0131m\u0131za bax\u0131n.<\/p>\n","protected":false},"featured_media":21642,"template":"","meta":[],"product_brand":[],"product_cat":[878,809,879],"product_tag":[],"class_list":{"0":"post-23379","1":"product","2":"type-product","3":"status-publish","4":"has-post-thumbnail","6":"product_cat-kondisioner-soyuducular-soyutma-biosoyuducu","7":"product_cat-hava-nmlndiricisi-kondisioner-az-ventilyasiya-ventilyator","8":"product_cat-kondisioner-bio-portativ-biosoyuducu","10":"first","11":"instock","12":"shipping-taxable","13":"purchasable","14":"product-type-simple"},"yoast_head":"<!-- This site is optimized with the Yoast SEO plugin v27.1.1 - https:\/\/yoast.com\/product\/yoast-seo-wordpress\/ -->\n<title>Master BC 451 \u2013 buxarland\u0131r\u0131c\u0131 soyuducu - GeoClimate.ge<\/title>\n<meta name=\"robots\" content=\"index, follow, max-snippet:-1, max-image-preview:large, max-video-preview:-1\" \/>\n<link rel=\"canonical\" href=\"https:\/\/geoclimate.ge\/az\/product\/master-bc-451-evaporative-cooler\/\" \/>\n<meta property=\"og:locale\" content=\"az_AZ\" \/>\n<meta property=\"og:type\" content=\"article\" \/>\n<meta property=\"og:title\" content=\"Master BC 451 \u2013 buxarland\u0131r\u0131c\u0131 soyuducu - GeoClimate.ge\" \/>\n<meta property=\"og:description\" content=\"Virus v\u0259 bakteriyalar\u0131n dezinfeksiya riskini aradan qald\u0131ran inteqrasiya olunmu\u015f UV i\u015f\u0131\u011f\u0131 il\u0259 g\u00fccl\u00fc v\u0259 portativ hava soyuducu. Minimum enerji s\u0259rfiyyat\u0131, g\u00fccl\u00fc ventilyator v\u0259 pill\u0259siz s\u00fcr\u0259t n\u0259zar\u0259ti il\u0259 BC 451 \u0259n\u0259n\u0259vi kondisioner \u00fc\u00e7\u00fcn yarars\u0131z olan 520 m\u00b2-\u0259 q\u0259d\u0259r \u0259razil\u0259rin soyudulmas\u0131 \u00fc\u00e7\u00fcn ideald\u0131r.  \u0130st\u0259nil\u0259n miqyasda b\u00fct\u00fcn t\u0259tbiq n\u00f6vl\u0259ri v\u0259 kommersiya v\u0259 ya s\u0259naye m\u0259qs\u0259dl\u0259ri \u00fc\u00e7\u00fcn uy\u011fun olan hava soyutma qur\u011fular\u0131m\u0131za v\u0259 buxarland\u0131r\u0131c\u0131 soyuducular\u0131m\u0131za bax\u0131n.\" \/>\n<meta property=\"og:url\" content=\"https:\/\/geoclimate.ge\/az\/product\/master-bc-451-evaporative-cooler\/\" \/>\n<meta property=\"og:site_name\" content=\"GeoClimate.ge\" \/>\n<meta property=\"article:modified_time\" content=\"2025-07-16T10:36:18+00:00\" \/>\n<meta property=\"og:image\" content=\"https:\/\/geoclimate.ge\/wp-content\/uploads\/2024\/11\/Master-BC-451-Main.jpg\" \/>\n\t<meta property=\"og:image:width\" content=\"1000\" \/>\n\t<meta property=\"og:image:height\" content=\"1000\" \/>\n\t<meta property=\"og:image:type\" content=\"image\/jpeg\" \/>\n<meta name=\"twitter:card\" content=\"summary_large_image\" \/>\n<meta name=\"twitter:label1\" content=\"Est. reading time\" \/>\n\t<meta name=\"twitter:data1\" content=\"3 minutes\" \/>\n<script type=\"application\/ld+json\" class=\"yoast-schema-graph\">{\"@context\":\"https:\/\/schema.org\",\"@graph\":[{\"@type\":\"WebPage\",\"@id\":\"https:\/\/geoclimate.ge\/az\/product\/master-bc-451-evaporative-cooler\/\",\"url\":\"https:\/\/geoclimate.ge\/az\/product\/master-bc-451-evaporative-cooler\/\",\"name\":\"Master BC 451 \u2013 buxarland\u0131r\u0131c\u0131 soyuducu - GeoClimate.ge\",\"isPartOf\":{\"@id\":\"https:\/\/geoclimate.ge\/#website\"},\"primaryImageOfPage\":{\"@id\":\"https:\/\/geoclimate.ge\/az\/product\/master-bc-451-evaporative-cooler\/#primaryimage\"},\"image\":{\"@id\":\"https:\/\/geoclimate.ge\/az\/product\/master-bc-451-evaporative-cooler\/#primaryimage\"},\"thumbnailUrl\":\"https:\/\/geoclimate.ge\/wp-content\/uploads\/2024\/11\/Master-BC-451-Main.jpg\",\"datePublished\":\"2024-01-29T14:08:59+00:00\",\"dateModified\":\"2025-07-16T10:36:18+00:00\",\"breadcrumb\":{\"@id\":\"https:\/\/geoclimate.ge\/az\/product\/master-bc-451-evaporative-cooler\/#breadcrumb\"},\"inLanguage\":\"az\",\"potentialAction\":[{\"@type\":\"ReadAction\",\"target\":[\"https:\/\/geoclimate.ge\/az\/product\/master-bc-451-evaporative-cooler\/\"]}]},{\"@type\":\"ImageObject\",\"inLanguage\":\"az\",\"@id\":\"https:\/\/geoclimate.ge\/az\/product\/master-bc-451-evaporative-cooler\/#primaryimage\",\"url\":\"https:\/\/geoclimate.ge\/wp-content\/uploads\/2024\/11\/Master-BC-451-Main.jpg\",\"contentUrl\":\"https:\/\/geoclimate.ge\/wp-content\/uploads\/2024\/11\/Master-BC-451-Main.jpg\",\"width\":1000,\"height\":1000},{\"@type\":\"BreadcrumbList\",\"@id\":\"https:\/\/geoclimate.ge\/az\/product\/master-bc-451-evaporative-cooler\/#breadcrumb\",\"itemListElement\":[{\"@type\":\"ListItem\",\"position\":1,\"name\":\"Home\",\"item\":\"https:\/\/geoclimate.ge\/az\/\"},{\"@type\":\"ListItem\",\"position\":2,\"name\":\"M\u0259hsullar\",\"item\":\"https:\/\/geoclimate.ge\/az\/products\/\"},{\"@type\":\"ListItem\",\"position\":3,\"name\":\"Master BC 451 \u2013 buxarland\u0131r\u0131c\u0131 soyuducu\"}]},{\"@type\":\"WebSite\",\"@id\":\"https:\/\/geoclimate.ge\/#website\",\"url\":\"https:\/\/geoclimate.ge\/\",\"name\":\"GeoClimate\",\"description\":\"\",\"publisher\":{\"@id\":\"https:\/\/geoclimate.ge\/#organization\"},\"potentialAction\":[{\"@type\":\"SearchAction\",\"target\":{\"@type\":\"EntryPoint\",\"urlTemplate\":\"https:\/\/geoclimate.ge\/?s={search_term_string}\"},\"query-input\":{\"@type\":\"PropertyValueSpecification\",\"valueRequired\":true,\"valueName\":\"search_term_string\"}}],\"inLanguage\":\"az\"},{\"@type\":\"Organization\",\"@id\":\"https:\/\/geoclimate.ge\/#organization\",\"name\":\"GeoClimate\",\"url\":\"https:\/\/geoclimate.ge\/\",\"logo\":{\"@type\":\"ImageObject\",\"inLanguage\":\"az\",\"@id\":\"https:\/\/geoclimate.ge\/#\/schema\/logo\/image\/\",\"url\":\"https:\/\/geoclimate.ge\/wp-content\/uploads\/2026\/03\/geoclimate-SEO.png\",\"contentUrl\":\"https:\/\/geoclimate.ge\/wp-content\/uploads\/2026\/03\/geoclimate-SEO.png\",\"width\":1536,\"height\":1024,\"caption\":\"GeoClimate\"},\"image\":{\"@id\":\"https:\/\/geoclimate.ge\/#\/schema\/logo\/image\/\"}}]}<\/script>\n<!-- \/ Yoast SEO plugin. -->","yoast_head_json":{"title":"Master BC 451 \u2013 buxarland\u0131r\u0131c\u0131 soyuducu - GeoClimate.ge","robots":{"index":"index","follow":"follow","max-snippet":"max-snippet:-1","max-image-preview":"max-image-preview:large","max-video-preview":"max-video-preview:-1"},"canonical":"https:\/\/geoclimate.ge\/az\/product\/master-bc-451-evaporative-cooler\/","og_locale":"az_AZ","og_type":"article","og_title":"Master BC 451 \u2013 buxarland\u0131r\u0131c\u0131 soyuducu - GeoClimate.ge","og_description":"Virus v\u0259 bakteriyalar\u0131n dezinfeksiya riskini aradan qald\u0131ran inteqrasiya olunmu\u015f UV i\u015f\u0131\u011f\u0131 il\u0259 g\u00fccl\u00fc v\u0259 portativ hava soyuducu. Minimum enerji s\u0259rfiyyat\u0131, g\u00fccl\u00fc ventilyator v\u0259 pill\u0259siz s\u00fcr\u0259t n\u0259zar\u0259ti il\u0259 BC 451 \u0259n\u0259n\u0259vi kondisioner \u00fc\u00e7\u00fcn yarars\u0131z olan 520 m\u00b2-\u0259 q\u0259d\u0259r \u0259razil\u0259rin soyudulmas\u0131 \u00fc\u00e7\u00fcn ideald\u0131r.  \u0130st\u0259nil\u0259n miqyasda b\u00fct\u00fcn t\u0259tbiq n\u00f6vl\u0259ri v\u0259 kommersiya v\u0259 ya s\u0259naye m\u0259qs\u0259dl\u0259ri \u00fc\u00e7\u00fcn uy\u011fun olan hava soyutma qur\u011fular\u0131m\u0131za v\u0259 buxarland\u0131r\u0131c\u0131 soyuducular\u0131m\u0131za bax\u0131n.","og_url":"https:\/\/geoclimate.ge\/az\/product\/master-bc-451-evaporative-cooler\/","og_site_name":"GeoClimate.ge","article_modified_time":"2025-07-16T10:36:18+00:00","og_image":[{"width":1000,"height":1000,"url":"https:\/\/geoclimate.ge\/wp-content\/uploads\/2024\/11\/Master-BC-451-Main.jpg","type":"image\/jpeg"}],"twitter_card":"summary_large_image","twitter_misc":{"Est. reading time":"3 minutes"},"schema":{"@context":"https:\/\/schema.org","@graph":[{"@type":"WebPage","@id":"https:\/\/geoclimate.ge\/az\/product\/master-bc-451-evaporative-cooler\/","url":"https:\/\/geoclimate.ge\/az\/product\/master-bc-451-evaporative-cooler\/","name":"Master BC 451 \u2013 buxarland\u0131r\u0131c\u0131 soyuducu - GeoClimate.ge","isPartOf":{"@id":"https:\/\/geoclimate.ge\/#website"},"primaryImageOfPage":{"@id":"https:\/\/geoclimate.ge\/az\/product\/master-bc-451-evaporative-cooler\/#primaryimage"},"image":{"@id":"https:\/\/geoclimate.ge\/az\/product\/master-bc-451-evaporative-cooler\/#primaryimage"},"thumbnailUrl":"https:\/\/geoclimate.ge\/wp-content\/uploads\/2024\/11\/Master-BC-451-Main.jpg","datePublished":"2024-01-29T14:08:59+00:00","dateModified":"2025-07-16T10:36:18+00:00","breadcrumb":{"@id":"https:\/\/geoclimate.ge\/az\/product\/master-bc-451-evaporative-cooler\/#breadcrumb"},"inLanguage":"az","potentialAction":[{"@type":"ReadAction","target":["https:\/\/geoclimate.ge\/az\/product\/master-bc-451-evaporative-cooler\/"]}]},{"@type":"ImageObject","inLanguage":"az","@id":"https:\/\/geoclimate.ge\/az\/product\/master-bc-451-evaporative-cooler\/#primaryimage","url":"https:\/\/geoclimate.ge\/wp-content\/uploads\/2024\/11\/Master-BC-451-Main.jpg","contentUrl":"https:\/\/geoclimate.ge\/wp-content\/uploads\/2024\/11\/Master-BC-451-Main.jpg","width":1000,"height":1000},{"@type":"BreadcrumbList","@id":"https:\/\/geoclimate.ge\/az\/product\/master-bc-451-evaporative-cooler\/#breadcrumb","itemListElement":[{"@type":"ListItem","position":1,"name":"Home","item":"https:\/\/geoclimate.ge\/az\/"},{"@type":"ListItem","position":2,"name":"M\u0259hsullar","item":"https:\/\/geoclimate.ge\/az\/products\/"},{"@type":"ListItem","position":3,"name":"Master BC 451 \u2013 buxarland\u0131r\u0131c\u0131 soyuducu"}]},{"@type":"WebSite","@id":"https:\/\/geoclimate.ge\/#website","url":"https:\/\/geoclimate.ge\/","name":"GeoClimate","description":"","publisher":{"@id":"https:\/\/geoclimate.ge\/#organization"},"potentialAction":[{"@type":"SearchAction","target":{"@type":"EntryPoint","urlTemplate":"https:\/\/geoclimate.ge\/?s={search_term_string}"},"query-input":{"@type":"PropertyValueSpecification","valueRequired":true,"valueName":"search_term_string"}}],"inLanguage":"az"},{"@type":"Organization","@id":"https:\/\/geoclimate.ge\/#organization","name":"GeoClimate","url":"https:\/\/geoclimate.ge\/","logo":{"@type":"ImageObject","inLanguage":"az","@id":"https:\/\/geoclimate.ge\/#\/schema\/logo\/image\/","url":"https:\/\/geoclimate.ge\/wp-content\/uploads\/2026\/03\/geoclimate-SEO.png","contentUrl":"https:\/\/geoclimate.ge\/wp-content\/uploads\/2026\/03\/geoclimate-SEO.png","width":1536,"height":1024,"caption":"GeoClimate"},"image":{"@id":"https:\/\/geoclimate.ge\/#\/schema\/logo\/image\/"}}]}},"_links":{"self":[{"href":"https:\/\/geoclimate.ge\/az\/wp-json\/wp\/v2\/product\/23379","targetHints":{"allow":["GET"]}}],"collection":[{"href":"https:\/\/geoclimate.ge\/az\/wp-json\/wp\/v2\/product"}],"about":[{"href":"https:\/\/geoclimate.ge\/az\/wp-json\/wp\/v2\/types\/product"}],"wp:featuredmedia":[{"embeddable":true,"href":"https:\/\/geoclimate.ge\/az\/wp-json\/wp\/v2\/media\/21642"}],"wp:attachment":[{"href":"https:\/\/geoclimate.ge\/az\/wp-json\/wp\/v2\/media?parent=23379"}],"wp:term":[{"taxonomy":"product_brand","embeddable":true,"href":"https:\/\/geoclimate.ge\/az\/wp-json\/wp\/v2\/product_brand?post=23379"},{"taxonomy":"product_cat","embeddable":true,"href":"https:\/\/geoclimate.ge\/az\/wp-json\/wp\/v2\/product_cat?post=23379"},{"taxonomy":"product_tag","embeddable":true,"href":"https:\/\/geoclimate.ge\/az\/wp-json\/wp\/v2\/product_tag?post=23379"}],"curies":[{"name":"wp","href":"https:\/\/api.w.org\/{rel}","templated":true}]}}