{"id":23454,"date":"2024-02-06T10:51:17","date_gmt":"2024-02-06T06:51:17","guid":{"rendered":"https:\/\/airsystems.ge\/shop\/product\/heylo-hfm-200-moisture-meter\/"},"modified":"2025-04-18T15:42:34","modified_gmt":"2025-04-18T11:42:34","slug":"heylo-hfm-200-moisture-meter","status":"publish","type":"product","link":"https:\/\/geoclimate.ge\/az\/product\/heylo-hfm-200-moisture-meter\/","title":{"rendered":"Heylo HFM 200 \u2013 Hiqrometr r\u00fctub\u0259t\u00f6l\u00e7\u0259n"},"content":{"rendered":"<div class=\"wpb-content-wrapper\"><p>[vc_row][vc_column]\n\t\t<div id=\"wd-65a957de2ee55\" class=\"title-wrapper wd-wpb set-mb-s reset-last-child  wd-rs-65a957de2ee55 wd-title-color-default wd-title-style-default text-center  wd-underline-colored\">\n\t\t\t\n\t\t\t<div class=\"liner-continer\">\n\t\t\t\t<h4 class=\"woodmart-title-container title  wd-font-weight- wd-fontsize-l\" >Key features<\/h4>\n\t\t\t\t\t\t\t<\/div>\n\t\t\t\n\t\t\t\n\t\t\t\n\t\t<\/div>\n\t\t\n\t\t[\/vc_column][\/vc_row][vc_row][vc_column width=&#8221;1\/2&#8243;]\n\t\t<ul class=\" wd-rs-65b0595259453 wd-list wd-wpb color-scheme- wd-fontsize-xs wd-list-type-icon wd-list-style-default wd-justify-left \" id=\"wd-65b0595259453\">\n\t\t\t\t\t\t\t\t\t\t\t<li>\n\t\t\t\t\t<span class=\"list-icon far fa-check-circle\"><\/span>\n\t\t\t\t\t<span class=\"list-content\"> Moisture meter with ball probe for building moisture <\/span>\n\t\t\t\t\t\t\t\t\t<\/li>\n\t\t\t\t\t\t\t\t\t\t\t<li>\n\t\t\t\t\t<span class=\"list-icon far fa-check-circle\"><\/span>\n\t\t\t\t\t<span class=\"list-content\"> LCD triple display with background lighting <\/span>\n\t\t\t\t\t\t\t\t\t<\/li>\n\t\t\t\t\t<\/ul>\n\t\t[\/vc_column][vc_column width=&#8221;1\/2&#8243;]\n\t\t<ul class=\" wd-rs-65b059c1d7924 wd-list wd-wpb color-scheme- wd-fontsize-xs wd-list-type-icon wd-list-style-default wd-justify-left \" id=\"wd-65b059c1d7924\">\n\t\t\t\t\t\t\t\t\t\t\t<li>\n\t\t\t\t\t<span class=\"list-icon far fa-check-circle\"><\/span>\n\t\t\t\t\t<span class=\"list-content\"> Automatic calibration (in dry air) when the measuring unit is switched on <\/span>\n\t\t\t\t\t\t\t\t\t<\/li>\n\t\t\t\t\t\t\t\t\t\t\t<li>\n\t\t\t\t\t<span class=\"list-icon far fa-check-circle\"><\/span>\n\t\t\t\t\t<span class=\"list-content\"> Including low-battery indicator and automatic shutdown <\/span>\n\t\t\t\t\t\t\t\t\t<\/li>\n\t\t\t\t\t<\/ul>\n\t\t[\/vc_column][\/vc_row][vc_row][vc_column]\n\t\t<div id=\"wd-65a97cfe5a139\" class=\"title-wrapper wd-wpb set-mb-s reset-last-child  wd-rs-65a97cfe5a139 wd-title-color-default wd-title-style-default text-center  wd-underline-colored\">\n\t\t\t\n\t\t\t<div class=\"liner-continer\">\n\t\t\t\t<h4 class=\"woodmart-title-container title  wd-font-weight- wd-fontsize-l\" >Product specifications<\/h4>\n\t\t\t\t\t\t\t<\/div>\n\t\t\t\n\t\t\t\n\t\t\t\n\t\t<\/div>\n\t\t\n\t\t[\/vc_column][\/vc_row][vc_row][vc_column][vc_raw_html]JTNDZGl2JTIwY2xhc3MlM0QlMjJ3ZC1lbC10YWJsZSUyMiUzRSUwQSUyMCUyMCUzQ2RpdiUyMGNsYXNzJTNEJTIyd2QtZWwtdGFibGUtd3JhcCUyMiUzRSUwQSUyMCUyMCUyMCUyMCUzQ3RhYmxlJTIwY2xhc3MlM0QlMjJ3ZC1lbC10YWJsZSUyMiUzRSUwQSUyMCUyMCUyMCUyMCUyMCUyMCUzQ3Rib2R5JTIwY2xhc3MlM0QlMjJ0ZXh0LWxlZnQlMjIlM0UlMEElMjAlMjAlMjAlMjAlMjAlMjAlMjAlMjAlM0N0ciUzRSUwQSUyMCUyMCUyMCUyMCUyMCUyMCUyMCUyMCUyMCUyMCUzQ3RoJTIwY29sc3BhbiUzRCUyMjElMjIlMjByb3dzcGFuJTNEJTIyMSUyMiUzRVNwZWNpZmljYXRpb25zJTNDJTJGdGglM0UlMEElMjAlMjAlMjAlMjAlMjAlMjAlMjAlMjAlMjAlMjAlM0N0aCUyMGNvbHNwYW4lM0QlMjIxJTIyJTIwcm93c3BhbiUzRCUyMjElMjIlM0VVbml0cyUzQyUyRnRoJTNFJTBBJTIwJTIwJTIwJTIwJTIwJTIwJTIwJTIwJTIwJTIwJTNDdGglMjBjb2xzcGFuJTNEJTIyMSUyMiUyMHJvd3NwYW4lM0QlMjIxJTIyJTNFSEZNJTIwMjAwJTNDJTJGdGglM0UlMEElMjAlMjAlMjAlMjAlMjAlMjAlMjAlMjAlM0MlMkZ0ciUzRSUwQSUyMCUyMCUyMCUyMCUyMCUyMCUyMCUyMCUzQ3RyJTNFJTBBJTIwJTIwJTIwJTIwJTIwJTIwJTIwJTIwJTIwJTIwJTNDdGQlMjBjb2xzcGFuJTNEJTIyMSUyMiUyMHJvd3NwYW4lM0QlMjIxJTIyJTNFQ2FwYWNpdGl2ZSUyMG1lYXN1cmVtZW50JTIwJTI4SEYlMjBzZW5zb3IlMjklM0MlMkZ0ZCUzRSUwQSUyMCUyMCUyMCUyMCUyMCUyMCUyMCUyMCUyMCUyMCUzQ3RkJTIwY29sc3BhbiUzRCUyMjElMjIlMjByb3dzcGFuJTNEJTIyMSUyMiUzRSUzQyUyRnRkJTNFJTBBJTIwJTIwJTIwJTIwJTIwJTIwJTIwJTIwJTIwJTIwJTNDdGQlMjBjb2xzcGFuJTNEJTIyMSUyMiUyMHJvd3NwYW4lM0QlMjIxJTIyJTNFMC0xMDAlM0MlMkZ0ZCUzRSUwQSUyMCUyMCUyMCUyMCUyMCUyMCUyMCUyMCUzQyUyRnRyJTNFJTBBJTIwJTIwJTIwJTIwJTIwJTIwJTIwJTIwJTNDdHIlM0UlMEElMjAlMjAlMjAlMjAlMjAlMjAlMjAlMjAlMjAlMjAlM0N0ZCUyMGNvbHNwYW4lM0QlMjIxJTIyJTIwcm93c3BhbiUzRCUyMjElMjIlM0VNZWFzdXJpbmclMjBkZXB0aCUyMCUyOEhGJTIwc2Vuc29yJTI5JTNDJTJGdGQlM0UlMEElMjAlMjAlMjAlMjAlMjAlMjAlMjAlMjAlMjAlMjAlM0N0ZCUyMGNvbHNwYW4lM0QlMjIxJTIyJTIwcm93c3BhbiUzRCUyMjElMjIlM0VtbSUzQyUyRnRkJTNFJTBBJTIwJTIwJTIwJTIwJTIwJTIwJTIwJTIwJTIwJTIwJTNDdGQlMjBjb2xzcGFuJTNEJTIyMSUyMiUyMHJvd3NwYW4lM0QlMjIxJTIyJTNFMjAtNDAlM0MlMkZ0ZCUzRSUwQSUyMCUyMCUyMCUyMCUyMCUyMCUyMCUyMCUzQyUyRnRyJTNFJTBBJTIwJTIwJTIwJTIwJTIwJTIwJTIwJTIwJTNDdHIlM0UlMEElMjAlMjAlMjAlMjAlMjAlMjAlMjAlMjAlMjAlMjAlM0N0ZCUyMGNvbHNwYW4lM0QlMjIxJTIyJTIwcm93c3BhbiUzRCUyMjElMjIlM0VEaXNwbGF5JTNDJTJGdGQlM0UlMEElMjAlMjAlMjAlMjAlMjAlMjAlMjAlMjAlMjAlMjAlM0N0ZCUyMGNvbHNwYW4lM0QlMjIxJTIyJTIwcm93c3BhbiUzRCUyMjElMjIlM0UlM0MlMkZ0ZCUzRSUwQSUyMCUyMCUyMCUyMCUyMCUyMCUyMCUyMCUyMCUyMCUzQ3RkJTIwY29sc3BhbiUzRCUyMjElMjIlMjByb3dzcGFuJTNEJTIyMSUyMiUzRUxDRCUzQyUyRnRkJTNFJTBBJTIwJTIwJTIwJTIwJTIwJTIwJTIwJTIwJTNDJTJGdHIlM0UlMEElMjAlMjAlMjAlMjAlMjAlMjAlMjAlMjAlM0N0ciUzRSUwQSUyMCUyMCUyMCUyMCUyMCUyMCUyMCUyMCUyMCUyMCUzQ3RkJTIwY29sc3BhbiUzRCUyMjElMjIlMjByb3dzcGFuJTNEJTIyMSUyMiUzRVByb2R1Y3QlMjBzaXplJTIwJTI4bCUyMHglMjB3JTIweCUyMGglMjklM0MlMkZ0ZCUzRSUwQSUyMCUyMCUyMCUyMCUyMCUyMCUyMCUyMCUyMCUyMCUzQ3RkJTIwY29sc3BhbiUzRCUyMjElMjIlMjByb3dzcGFuJTNEJTIyMSUyMiUzRW1tJTNDJTJGdGQlM0UlMEElMjAlMjAlMjAlMjAlMjAlMjAlMjAlMjAlMjAlMjAlM0N0ZCUyMGNvbHNwYW4lM0QlMjIxJTIyJTIwcm93c3BhbiUzRCUyMjElMjIlM0UyOCUyMHglMjA2MCUyMHglMjAyMzUlM0MlMkZ0ZCUzRSUwQSUyMCUyMCUyMCUyMCUyMCUyMCUyMCUyMCUzQyUyRnRyJTNFJTBBJTIwJTIwJTIwJTIwJTIwJTIwJTIwJTIwJTNDdHIlM0UlMEElMjAlMjAlMjAlMjAlMjAlMjAlMjAlMjAlMjAlMjAlM0N0ZCUyMGNvbHNwYW4lM0QlMjIxJTIyJTIwcm93c3BhbiUzRCUyMjElMjIlM0VOZXQlMjB3ZWlnaHQlM0MlMkZ0ZCUzRSUwQSUyMCUyMCUyMCUyMCUyMCUyMCUyMCUyMCUyMCUyMCUzQ3RkJTIwY29sc3BhbiUzRCUyMjElMjIlMjByb3dzcGFuJTNEJTIyMSUyMiUzRWtnJTNDJTJGdGQlM0UlMEElMjAlMjAlMjAlMjAlMjAlMjAlMjAlMjAlMjAlMjAlM0N0ZCUyMGNvbHNwYW4lM0QlMjIxJTIyJTIwcm93c3BhbiUzRCUyMjElMjIlM0UwLjIxOCUzQyUyRnRkJTNFJTBBJTIwJTIwJTIwJTIwJTIwJTIwJTIwJTIwJTNDJTJGdHIlM0UlMEElMjAlMjAlMjAlMjAlMjAlMjAlM0MlMkZ0Ym9keSUzRSUwQSUyMCUyMCUyMCUyMCUzQyUyRnRhYmxlJTNFJTBBJTIwJTIwJTNDJTJGZGl2JTNFJTBBJTNDJTJGZGl2JTNFJTBB[\/vc_raw_html][\/vc_column][\/vc_row][vc_row][vc_column]\n\t\t<div id=\"wd-65a9893650cd2\" class=\"title-wrapper wd-wpb set-mb-s reset-last-child  wd-rs-65a9893650cd2 wd-title-color-default wd-title-style-default text-center  wd-underline-colored\">\n\t\t\t\n\t\t\t<div class=\"liner-continer\">\n\t\t\t\t<h4 class=\"woodmart-title-container title  wd-font-weight- wd-fontsize-l\" >Suitable for<\/h4>\n\t\t\t\t\t\t\t<\/div>\n\t\t\t\n\t\t\t\n\t\t\t\n\t\t<\/div>\n\t\t\n\t\t[\/vc_column][\/vc_row][vc_row][vc_column width=&#8221;1\/2&#8243;]\t\t<div id=\"wd-65b059f7c4869\" class=\"wd-text-block wd-wpb reset-last-child wd-rs-65b059f7c4869 text-left \">\n\t\t\t<ul>\n<li style=\"text-align: left;\">\u00a0Agriculture<\/li>\n<li style=\"text-align: left;\">Buildings and commercial spaces<\/li>\n<li style=\"text-align: left;\">Construction<\/li>\n<li style=\"text-align: left;\">Food and beverage<\/li>\n<li style=\"text-align: left;\">General industry and production<\/li>\n<\/ul>\n\t\t<\/div>\n\t\t[\/vc_column][vc_column width=&#8221;1\/2&#8243;]\t\t<div id=\"wd-65b05a0344ba5\" class=\"wd-text-block wd-wpb reset-last-child wd-rs-65b05a0344ba5 text-left \">\n\t\t\t<ul>\n<li>\u00a0Heritage sites<\/li>\n<li>Museum and gallery preservation<\/li>\n<li>Prestige and classic car storage<\/li>\n<li>Storage, preservation and archives<\/li>\n<li>Water damage restoration<\/li>\n<\/ul>\n\t\t<\/div>\n\t\t[\/vc_column][\/vc_row][vc_row][vc_column]\n\t\t<div id=\"wd-65aa6e6129302\" class=\"title-wrapper wd-wpb set-mb-s reset-last-child  wd-rs-65aa6e6129302 wd-title-color-default wd-title-style-default text-center  wd-underline-colored\">\n\t\t\t\n\t\t\t<div class=\"liner-continer\">\n\t\t\t\t<h4 class=\"woodmart-title-container title  wd-font-weight- wd-fontsize-l\" >Useful downloads<\/h4>\n\t\t\t\t\t\t\t<\/div>\n\t\t\t\n\t\t\t\n\t\t\t\n\t\t<\/div>\n\t\t\n\t\t[\/vc_column][\/vc_row][vc_row][vc_column]\n\t\t<ul class=\" wd-rs-65b05a39424f4 wd-list wd-wpb color-scheme- wd-fontsize-xs wd-list-type-icon wd-list-style-square wd-justify-left wd-list-shape-icon \" id=\"wd-65b05a39424f4\">\n\t\t\t\t\t\t\t\t\t\t\t<li>\n\t\t\t\t\t<span class=\"list-icon fas fa-download\"><\/span>\n\t\t\t\t\t<span class=\"list-content\">Heylo catalogue <\/span>\n\t\t\t\t\t\t\t\t\t\t\t<a class=\"wd-fill\" href=\"https:\/\/www.danthermgroup.com\/en-gb\/downloads\/heylo-catalogue\" title=\"\" aria-label=\"List link\"><\/a>\n\t\t\t\t\t\t\t\t\t<\/li>\n\t\t\t\t\t\t\t\t\t\t\t<li>\n\t\t\t\t\t<span class=\"list-icon fas fa-download\"><\/span>\n\t\t\t\t\t<span class=\"list-content\">Water Damage Restoration application guide <\/span>\n\t\t\t\t\t\t\t\t\t\t\t<a class=\"wd-fill\" href=\"https:\/\/danthermpublicfiles.blob.core.windows.net\/en-danthermgroup-guides\/Dantherm-Group-WDR-Application-Guide-EN.pdf\" title=\"\" aria-label=\"List link\"><\/a>\n\t\t\t\t\t\t\t\t\t<\/li>\n\t\t\t\t\t<\/ul>\n\t\t[\/vc_column][\/vc_row]<\/p>\n<\/div>","protected":false},"excerpt":{"rendered":"<p>Top zondu il\u0259 n\u0259m \u00f6l\u00e7\u0259n cihaz<\/p>\n<p>Kapasitiv y\u00fcks\u0259k tezlikli texnologiya 20-d\u0259n 40 mm-\u0259 q\u0259d\u0259r olan \u00f6l\u00e7m\u0259 d\u0259rinliyind\u0259 r\u00fctub\u0259tin \u00f6l\u00e7\u00fclm\u0259sin\u0259 imkan verir. T\u0259nziml\u0259n\u0259n iki h\u0259ddi a\u015fd\u0131qda istifad\u0259\u00e7iy\u0259 optik v\u0259 akustik x\u0259b\u0259rdarl\u0131q edilir. R\u00fctub\u0259tin \u00f6l\u00e7\u00fclm\u0259si \u00fc\u00e7\u00fcn cihaz plit\u0259l\u0259rin, \u00fczvi tikinti materiallar\u0131n\u0131n v\u0259 a\u011fac\u0131n tez da\u011f\u0131d\u0131c\u0131 olmayan n\u0259mliyini \u00f6l\u00e7m\u0259k \u00fc\u00e7\u00fcn istifad\u0259 olunur. \u00c7atd\u0131r\u0131lmaya daxildir: 3AA batareyalar, \u00e7anta.<\/p>\n<p>Tutum: 0 &#8211; 100 \u2103<\/p>\n","protected":false},"featured_media":20496,"template":"","meta":[],"product_brand":[],"product_cat":[897],"product_tag":[],"class_list":{"0":"post-23454","1":"product","2":"type-product","3":"status-publish","4":"has-post-thumbnail","6":"product_cat-hiqrometr-rutubtin-olculmsi-rutubt","8":"first","9":"instock","10":"shipping-taxable","11":"purchasable","12":"product-type-simple"},"yoast_head":"<!-- This site is optimized with the Yoast SEO plugin v27.1.1 - https:\/\/yoast.com\/product\/yoast-seo-wordpress\/ -->\n<title>Heylo HFM 200 \u2013 Hiqrometr r\u00fctub\u0259t\u00f6l\u00e7\u0259n - GeoClimate.ge<\/title>\n<meta name=\"robots\" content=\"index, follow, max-snippet:-1, max-image-preview:large, max-video-preview:-1\" \/>\n<link rel=\"canonical\" href=\"https:\/\/geoclimate.ge\/az\/product\/heylo-hfm-200-moisture-meter\/\" \/>\n<meta property=\"og:locale\" content=\"az_AZ\" \/>\n<meta property=\"og:type\" content=\"article\" \/>\n<meta property=\"og:title\" content=\"Heylo HFM 200 \u2013 Hiqrometr r\u00fctub\u0259t\u00f6l\u00e7\u0259n - GeoClimate.ge\" \/>\n<meta property=\"og:description\" content=\"Top zondu il\u0259 n\u0259m \u00f6l\u00e7\u0259n cihaz  Kapasitiv y\u00fcks\u0259k tezlikli texnologiya 20-d\u0259n 40 mm-\u0259 q\u0259d\u0259r olan \u00f6l\u00e7m\u0259 d\u0259rinliyind\u0259 r\u00fctub\u0259tin \u00f6l\u00e7\u00fclm\u0259sin\u0259 imkan verir. T\u0259nziml\u0259n\u0259n iki h\u0259ddi a\u015fd\u0131qda istifad\u0259\u00e7iy\u0259 optik v\u0259 akustik x\u0259b\u0259rdarl\u0131q edilir. R\u00fctub\u0259tin \u00f6l\u00e7\u00fclm\u0259si \u00fc\u00e7\u00fcn cihaz plit\u0259l\u0259rin, \u00fczvi tikinti materiallar\u0131n\u0131n v\u0259 a\u011fac\u0131n tez da\u011f\u0131d\u0131c\u0131 olmayan n\u0259mliyini \u00f6l\u00e7m\u0259k \u00fc\u00e7\u00fcn istifad\u0259 olunur. \u00c7atd\u0131r\u0131lmaya daxildir: 3AA batareyalar, \u00e7anta.  Tutum: 0 - 100 \u2103\" \/>\n<meta property=\"og:url\" content=\"https:\/\/geoclimate.ge\/az\/product\/heylo-hfm-200-moisture-meter\/\" \/>\n<meta property=\"og:site_name\" content=\"GeoClimate.ge\" \/>\n<meta property=\"article:modified_time\" content=\"2025-04-18T11:42:34+00:00\" \/>\n<meta property=\"og:image\" content=\"https:\/\/geoclimate.ge\/wp-content\/uploads\/2024\/01\/Heylo-Feuchtemessgerat-HFM-200.jpg\" \/>\n\t<meta property=\"og:image:width\" content=\"1000\" \/>\n\t<meta property=\"og:image:height\" content=\"1000\" \/>\n\t<meta property=\"og:image:type\" content=\"image\/jpeg\" \/>\n<meta name=\"twitter:card\" content=\"summary_large_image\" \/>\n<meta name=\"twitter:label1\" content=\"Est. reading time\" \/>\n\t<meta name=\"twitter:data1\" content=\"5 minutes\" \/>\n<script type=\"application\/ld+json\" class=\"yoast-schema-graph\">{\"@context\":\"https:\/\/schema.org\",\"@graph\":[{\"@type\":\"WebPage\",\"@id\":\"https:\/\/geoclimate.ge\/az\/product\/heylo-hfm-200-moisture-meter\/\",\"url\":\"https:\/\/geoclimate.ge\/az\/product\/heylo-hfm-200-moisture-meter\/\",\"name\":\"Heylo HFM 200 \u2013 Hiqrometr r\u00fctub\u0259t\u00f6l\u00e7\u0259n - GeoClimate.ge\",\"isPartOf\":{\"@id\":\"https:\/\/geoclimate.ge\/#website\"},\"primaryImageOfPage\":{\"@id\":\"https:\/\/geoclimate.ge\/az\/product\/heylo-hfm-200-moisture-meter\/#primaryimage\"},\"image\":{\"@id\":\"https:\/\/geoclimate.ge\/az\/product\/heylo-hfm-200-moisture-meter\/#primaryimage\"},\"thumbnailUrl\":\"https:\/\/geoclimate.ge\/wp-content\/uploads\/2024\/01\/Heylo-Feuchtemessgerat-HFM-200.jpg\",\"datePublished\":\"2024-02-06T06:51:17+00:00\",\"dateModified\":\"2025-04-18T11:42:34+00:00\",\"breadcrumb\":{\"@id\":\"https:\/\/geoclimate.ge\/az\/product\/heylo-hfm-200-moisture-meter\/#breadcrumb\"},\"inLanguage\":\"az\",\"potentialAction\":[{\"@type\":\"ReadAction\",\"target\":[\"https:\/\/geoclimate.ge\/az\/product\/heylo-hfm-200-moisture-meter\/\"]}]},{\"@type\":\"ImageObject\",\"inLanguage\":\"az\",\"@id\":\"https:\/\/geoclimate.ge\/az\/product\/heylo-hfm-200-moisture-meter\/#primaryimage\",\"url\":\"https:\/\/geoclimate.ge\/wp-content\/uploads\/2024\/01\/Heylo-Feuchtemessgerat-HFM-200.jpg\",\"contentUrl\":\"https:\/\/geoclimate.ge\/wp-content\/uploads\/2024\/01\/Heylo-Feuchtemessgerat-HFM-200.jpg\",\"width\":1000,\"height\":1000},{\"@type\":\"BreadcrumbList\",\"@id\":\"https:\/\/geoclimate.ge\/az\/product\/heylo-hfm-200-moisture-meter\/#breadcrumb\",\"itemListElement\":[{\"@type\":\"ListItem\",\"position\":1,\"name\":\"Home\",\"item\":\"https:\/\/geoclimate.ge\/az\/\"},{\"@type\":\"ListItem\",\"position\":2,\"name\":\"M\u0259hsullar\",\"item\":\"https:\/\/geoclimate.ge\/az\/products\/\"},{\"@type\":\"ListItem\",\"position\":3,\"name\":\"Heylo HFM 200 \u2013 Hiqrometr r\u00fctub\u0259t\u00f6l\u00e7\u0259n\"}]},{\"@type\":\"WebSite\",\"@id\":\"https:\/\/geoclimate.ge\/#website\",\"url\":\"https:\/\/geoclimate.ge\/\",\"name\":\"GeoClimate\",\"description\":\"\",\"publisher\":{\"@id\":\"https:\/\/geoclimate.ge\/#organization\"},\"potentialAction\":[{\"@type\":\"SearchAction\",\"target\":{\"@type\":\"EntryPoint\",\"urlTemplate\":\"https:\/\/geoclimate.ge\/?s={search_term_string}\"},\"query-input\":{\"@type\":\"PropertyValueSpecification\",\"valueRequired\":true,\"valueName\":\"search_term_string\"}}],\"inLanguage\":\"az\"},{\"@type\":\"Organization\",\"@id\":\"https:\/\/geoclimate.ge\/#organization\",\"name\":\"GeoClimate\",\"url\":\"https:\/\/geoclimate.ge\/\",\"logo\":{\"@type\":\"ImageObject\",\"inLanguage\":\"az\",\"@id\":\"https:\/\/geoclimate.ge\/#\/schema\/logo\/image\/\",\"url\":\"https:\/\/geoclimate.ge\/wp-content\/uploads\/2026\/03\/geoclimate-SEO.png\",\"contentUrl\":\"https:\/\/geoclimate.ge\/wp-content\/uploads\/2026\/03\/geoclimate-SEO.png\",\"width\":1536,\"height\":1024,\"caption\":\"GeoClimate\"},\"image\":{\"@id\":\"https:\/\/geoclimate.ge\/#\/schema\/logo\/image\/\"}}]}<\/script>\n<!-- \/ Yoast SEO plugin. -->","yoast_head_json":{"title":"Heylo HFM 200 \u2013 Hiqrometr r\u00fctub\u0259t\u00f6l\u00e7\u0259n - GeoClimate.ge","robots":{"index":"index","follow":"follow","max-snippet":"max-snippet:-1","max-image-preview":"max-image-preview:large","max-video-preview":"max-video-preview:-1"},"canonical":"https:\/\/geoclimate.ge\/az\/product\/heylo-hfm-200-moisture-meter\/","og_locale":"az_AZ","og_type":"article","og_title":"Heylo HFM 200 \u2013 Hiqrometr r\u00fctub\u0259t\u00f6l\u00e7\u0259n - GeoClimate.ge","og_description":"Top zondu il\u0259 n\u0259m \u00f6l\u00e7\u0259n cihaz  Kapasitiv y\u00fcks\u0259k tezlikli texnologiya 20-d\u0259n 40 mm-\u0259 q\u0259d\u0259r olan \u00f6l\u00e7m\u0259 d\u0259rinliyind\u0259 r\u00fctub\u0259tin \u00f6l\u00e7\u00fclm\u0259sin\u0259 imkan verir. T\u0259nziml\u0259n\u0259n iki h\u0259ddi a\u015fd\u0131qda istifad\u0259\u00e7iy\u0259 optik v\u0259 akustik x\u0259b\u0259rdarl\u0131q edilir. R\u00fctub\u0259tin \u00f6l\u00e7\u00fclm\u0259si \u00fc\u00e7\u00fcn cihaz plit\u0259l\u0259rin, \u00fczvi tikinti materiallar\u0131n\u0131n v\u0259 a\u011fac\u0131n tez da\u011f\u0131d\u0131c\u0131 olmayan n\u0259mliyini \u00f6l\u00e7m\u0259k \u00fc\u00e7\u00fcn istifad\u0259 olunur. \u00c7atd\u0131r\u0131lmaya daxildir: 3AA batareyalar, \u00e7anta.  Tutum: 0 - 100 \u2103","og_url":"https:\/\/geoclimate.ge\/az\/product\/heylo-hfm-200-moisture-meter\/","og_site_name":"GeoClimate.ge","article_modified_time":"2025-04-18T11:42:34+00:00","og_image":[{"width":1000,"height":1000,"url":"https:\/\/geoclimate.ge\/wp-content\/uploads\/2024\/01\/Heylo-Feuchtemessgerat-HFM-200.jpg","type":"image\/jpeg"}],"twitter_card":"summary_large_image","twitter_misc":{"Est. reading time":"5 minutes"},"schema":{"@context":"https:\/\/schema.org","@graph":[{"@type":"WebPage","@id":"https:\/\/geoclimate.ge\/az\/product\/heylo-hfm-200-moisture-meter\/","url":"https:\/\/geoclimate.ge\/az\/product\/heylo-hfm-200-moisture-meter\/","name":"Heylo HFM 200 \u2013 Hiqrometr r\u00fctub\u0259t\u00f6l\u00e7\u0259n - GeoClimate.ge","isPartOf":{"@id":"https:\/\/geoclimate.ge\/#website"},"primaryImageOfPage":{"@id":"https:\/\/geoclimate.ge\/az\/product\/heylo-hfm-200-moisture-meter\/#primaryimage"},"image":{"@id":"https:\/\/geoclimate.ge\/az\/product\/heylo-hfm-200-moisture-meter\/#primaryimage"},"thumbnailUrl":"https:\/\/geoclimate.ge\/wp-content\/uploads\/2024\/01\/Heylo-Feuchtemessgerat-HFM-200.jpg","datePublished":"2024-02-06T06:51:17+00:00","dateModified":"2025-04-18T11:42:34+00:00","breadcrumb":{"@id":"https:\/\/geoclimate.ge\/az\/product\/heylo-hfm-200-moisture-meter\/#breadcrumb"},"inLanguage":"az","potentialAction":[{"@type":"ReadAction","target":["https:\/\/geoclimate.ge\/az\/product\/heylo-hfm-200-moisture-meter\/"]}]},{"@type":"ImageObject","inLanguage":"az","@id":"https:\/\/geoclimate.ge\/az\/product\/heylo-hfm-200-moisture-meter\/#primaryimage","url":"https:\/\/geoclimate.ge\/wp-content\/uploads\/2024\/01\/Heylo-Feuchtemessgerat-HFM-200.jpg","contentUrl":"https:\/\/geoclimate.ge\/wp-content\/uploads\/2024\/01\/Heylo-Feuchtemessgerat-HFM-200.jpg","width":1000,"height":1000},{"@type":"BreadcrumbList","@id":"https:\/\/geoclimate.ge\/az\/product\/heylo-hfm-200-moisture-meter\/#breadcrumb","itemListElement":[{"@type":"ListItem","position":1,"name":"Home","item":"https:\/\/geoclimate.ge\/az\/"},{"@type":"ListItem","position":2,"name":"M\u0259hsullar","item":"https:\/\/geoclimate.ge\/az\/products\/"},{"@type":"ListItem","position":3,"name":"Heylo HFM 200 \u2013 Hiqrometr r\u00fctub\u0259t\u00f6l\u00e7\u0259n"}]},{"@type":"WebSite","@id":"https:\/\/geoclimate.ge\/#website","url":"https:\/\/geoclimate.ge\/","name":"GeoClimate","description":"","publisher":{"@id":"https:\/\/geoclimate.ge\/#organization"},"potentialAction":[{"@type":"SearchAction","target":{"@type":"EntryPoint","urlTemplate":"https:\/\/geoclimate.ge\/?s={search_term_string}"},"query-input":{"@type":"PropertyValueSpecification","valueRequired":true,"valueName":"search_term_string"}}],"inLanguage":"az"},{"@type":"Organization","@id":"https:\/\/geoclimate.ge\/#organization","name":"GeoClimate","url":"https:\/\/geoclimate.ge\/","logo":{"@type":"ImageObject","inLanguage":"az","@id":"https:\/\/geoclimate.ge\/#\/schema\/logo\/image\/","url":"https:\/\/geoclimate.ge\/wp-content\/uploads\/2026\/03\/geoclimate-SEO.png","contentUrl":"https:\/\/geoclimate.ge\/wp-content\/uploads\/2026\/03\/geoclimate-SEO.png","width":1536,"height":1024,"caption":"GeoClimate"},"image":{"@id":"https:\/\/geoclimate.ge\/#\/schema\/logo\/image\/"}}]}},"_links":{"self":[{"href":"https:\/\/geoclimate.ge\/az\/wp-json\/wp\/v2\/product\/23454","targetHints":{"allow":["GET"]}}],"collection":[{"href":"https:\/\/geoclimate.ge\/az\/wp-json\/wp\/v2\/product"}],"about":[{"href":"https:\/\/geoclimate.ge\/az\/wp-json\/wp\/v2\/types\/product"}],"wp:featuredmedia":[{"embeddable":true,"href":"https:\/\/geoclimate.ge\/az\/wp-json\/wp\/v2\/media\/20496"}],"wp:attachment":[{"href":"https:\/\/geoclimate.ge\/az\/wp-json\/wp\/v2\/media?parent=23454"}],"wp:term":[{"taxonomy":"product_brand","embeddable":true,"href":"https:\/\/geoclimate.ge\/az\/wp-json\/wp\/v2\/product_brand?post=23454"},{"taxonomy":"product_cat","embeddable":true,"href":"https:\/\/geoclimate.ge\/az\/wp-json\/wp\/v2\/product_cat?post=23454"},{"taxonomy":"product_tag","embeddable":true,"href":"https:\/\/geoclimate.ge\/az\/wp-json\/wp\/v2\/product_tag?post=23454"}],"curies":[{"name":"wp","href":"https:\/\/api.w.org\/{rel}","templated":true}]}}