{"id":23609,"date":"2025-02-07T23:22:55","date_gmt":"2025-02-07T19:22:55","guid":{"rendered":"https:\/\/airsystems.ge\/shop\/product\/characteristic-properties-of-silicon-gel-compounds-vs-natural-rubber\/"},"modified":"2025-02-25T23:46:19","modified_gmt":"2025-02-25T19:46:19","slug":"characteristic-properties-of-silicon-gel-compounds-vs-natural-rubber","status":"publish","type":"product","link":"https:\/\/geoclimate.ge\/az\/product\/characteristic-properties-of-silicon-gel-compounds-vs-natural-rubber\/","title":{"rendered":"Silikon gel birl\u0259\u015fm\u0259l\u0259rinin t\u0259bii kau\u00e7uka qar\u015f\u0131 xarakterik x\u00fcsusiyy\u0259tl\u0259ri"},"content":{"rendered":"","protected":false},"excerpt":{"rendered":"<p>Silikon gel birl\u0259\u015fm\u0259l\u0259rinin xarakterik x\u00fcsusiyy\u0259tl\u0259ri biblioqrafiya m\u0259nb\u0259l\u0259rind\u0259n t\u0259bii rezin VS.<\/p>\n<p>&nbsp;<\/p>\n<p>Biblioqrafiya m\u0259nb\u0259l\u0259rin\u0259 \u0259sas\u0259n, t\u0259bii kau\u00e7uk v\u0259 dig\u0259r termoplastik birl\u0259\u015fm\u0259l\u0259rl\u0259 m\u00fcqayis\u0259d\u0259 silikon gel komponentl\u0259rinin \u00fcmumi x\u00fcsusiyy\u0259tl\u0259ri v\u0259 xass\u0259l\u0259ri a\u015fa\u011f\u0131da t\u0259qdim olunur.<\/p>\n<p>Silikon\u00a0m\u00f6vcud rezin birl\u0259\u015fm\u0259l\u0259ri v\u0259 termoplastik materiallardan daha yax\u015f\u0131 x\u00fcsusiyy\u0259tl\u0259r\u0259 malik olan qabaqc\u0131l sintetik rezin polimerdir. Vibrasiyaya qar\u015f\u0131 qoruyucu yast\u0131qlar\u0131n yeni seriyas\u0131 \u00e7ox a\u015fa\u011f\u0131 temperaturlardan -40 \u00b0 C-d\u0259n \u00e7ox y\u00fcks\u0259k + 200 \u00b0 C-\u0259 q\u0259d\u0259r geni\u015f temperatur diapazonunda t\u0259sirli z\u0259rb\u0259 v\u0259 vibrasiya izolyasiyas\u0131 m\u00fchafiz\u0259sini, el\u0259c\u0259 d\u0259 strukturdan qaynaqlanan s\u0259s-k\u00fcy\u00fcn azald\u0131lmas\u0131n\u0131 t\u0259min edir.<\/p>\n<p>Silikon m\u0259hsullar \u0259traf m\u00fchit\u0259 uy\u011fundur, \u00e7\u00fcnki onlar\u0131n t\u0259rkibind\u0259 z\u0259r\u0259rli \u0259lav\u0259l\u0259r yoxdur v\u0259 t\u0259bii kau\u00e7ukun xarakterik qoxusunu g\u00f6st\u0259rmir.<\/p>\n<p>Silikon titr\u0259m\u0259 \u0259leyhin\u0259 m\u0259hsullar a\u00e7\u0131q hava \u015f\u0259raitin\u0259, ozon v\u0259 UV \u015f\u00fcalar\u0131na b\u00f6y\u00fck m\u00fcqavim\u0259t g\u00f6st\u0259rir. O, h\u0259m\u00e7inin \u00e7ox a\u015fa\u011f\u0131 s\u0131x\u0131lma d\u0259stin\u0259 malikdir v\u0259 bel\u0259likl\u0259, \u015foku v\u0259 vibrasiyan\u0131 \u0259n\u0259n\u0259vi t\u0259bii rezin vibrasiya uduculardan daha yax\u015f\u0131 udmaq qabiliyy\u0259tini art\u0131r\u0131r.<\/p>\n<p>Onlar qida s\u0259nayesind\u0259 (sobalar v\u0259 dondurucular), avionik, h\u0259rbi v\u0259 tibb m\u00fc\u0259ssis\u0259l\u0259rind\u0259 t\u0259tbiql\u0259r \u00fc\u00e7\u00fcn uy\u011fundur.<\/p>\n","protected":false},"featured_media":22691,"template":"","meta":[],"product_brand":[],"product_cat":[927],"product_tag":[],"class_list":{"0":"post-23609","1":"product","2":"type-product","3":"status-publish","4":"has-post-thumbnail","6":"product_cat-vibrasiya-anti-ss-kuy-akustik-az","8":"first","9":"instock","10":"shipping-taxable","11":"product-type-simple"},"yoast_head":"<!-- This site is optimized with the Yoast SEO plugin v27.1.1 - https:\/\/yoast.com\/product\/yoast-seo-wordpress\/ -->\n<title>Silikon gel birl\u0259\u015fm\u0259l\u0259rinin t\u0259bii kau\u00e7uka qar\u015f\u0131 xarakterik x\u00fcsusiyy\u0259tl\u0259ri - GeoClimate.ge<\/title>\n<meta name=\"robots\" content=\"index, follow, max-snippet:-1, max-image-preview:large, max-video-preview:-1\" \/>\n<link rel=\"canonical\" href=\"https:\/\/geoclimate.ge\/az\/product\/characteristic-properties-of-silicon-gel-compounds-vs-natural-rubber\/\" \/>\n<meta property=\"og:locale\" content=\"az_AZ\" \/>\n<meta property=\"og:type\" content=\"article\" \/>\n<meta property=\"og:title\" content=\"Silikon gel birl\u0259\u015fm\u0259l\u0259rinin t\u0259bii kau\u00e7uka qar\u015f\u0131 xarakterik x\u00fcsusiyy\u0259tl\u0259ri - GeoClimate.ge\" \/>\n<meta property=\"og:description\" content=\"Silikon gel birl\u0259\u015fm\u0259l\u0259rinin xarakterik x\u00fcsusiyy\u0259tl\u0259ri biblioqrafiya m\u0259nb\u0259l\u0259rind\u0259n t\u0259bii rezin VS.  &nbsp;  Biblioqrafiya m\u0259nb\u0259l\u0259rin\u0259 \u0259sas\u0259n, t\u0259bii kau\u00e7uk v\u0259 dig\u0259r termoplastik birl\u0259\u015fm\u0259l\u0259rl\u0259 m\u00fcqayis\u0259d\u0259 silikon gel komponentl\u0259rinin \u00fcmumi x\u00fcsusiyy\u0259tl\u0259ri v\u0259 xass\u0259l\u0259ri a\u015fa\u011f\u0131da t\u0259qdim olunur.  Silikon\u00a0m\u00f6vcud rezin birl\u0259\u015fm\u0259l\u0259ri v\u0259 termoplastik materiallardan daha yax\u015f\u0131 x\u00fcsusiyy\u0259tl\u0259r\u0259 malik olan qabaqc\u0131l sintetik rezin polimerdir. Vibrasiyaya qar\u015f\u0131 qoruyucu yast\u0131qlar\u0131n yeni seriyas\u0131 \u00e7ox a\u015fa\u011f\u0131 temperaturlardan -40 \u00b0 C-d\u0259n \u00e7ox y\u00fcks\u0259k + 200 \u00b0 C-\u0259 q\u0259d\u0259r geni\u015f temperatur diapazonunda t\u0259sirli z\u0259rb\u0259 v\u0259 vibrasiya izolyasiyas\u0131 m\u00fchafiz\u0259sini, el\u0259c\u0259 d\u0259 strukturdan qaynaqlanan s\u0259s-k\u00fcy\u00fcn azald\u0131lmas\u0131n\u0131 t\u0259min edir.  Silikon m\u0259hsullar \u0259traf m\u00fchit\u0259 uy\u011fundur, \u00e7\u00fcnki onlar\u0131n t\u0259rkibind\u0259 z\u0259r\u0259rli \u0259lav\u0259l\u0259r yoxdur v\u0259 t\u0259bii kau\u00e7ukun xarakterik qoxusunu g\u00f6st\u0259rmir.  Silikon titr\u0259m\u0259 \u0259leyhin\u0259 m\u0259hsullar a\u00e7\u0131q hava \u015f\u0259raitin\u0259, ozon v\u0259 UV \u015f\u00fcalar\u0131na b\u00f6y\u00fck m\u00fcqavim\u0259t g\u00f6st\u0259rir. O, h\u0259m\u00e7inin \u00e7ox a\u015fa\u011f\u0131 s\u0131x\u0131lma d\u0259stin\u0259 malikdir v\u0259 bel\u0259likl\u0259, \u015foku v\u0259 vibrasiyan\u0131 \u0259n\u0259n\u0259vi t\u0259bii rezin vibrasiya uduculardan daha yax\u015f\u0131 udmaq qabiliyy\u0259tini art\u0131r\u0131r.  Onlar qida s\u0259nayesind\u0259 (sobalar v\u0259 dondurucular), avionik, h\u0259rbi v\u0259 tibb m\u00fc\u0259ssis\u0259l\u0259rind\u0259 t\u0259tbiql\u0259r \u00fc\u00e7\u00fcn uy\u011fundur.\" \/>\n<meta property=\"og:url\" content=\"https:\/\/geoclimate.ge\/az\/product\/characteristic-properties-of-silicon-gel-compounds-vs-natural-rubber\/\" \/>\n<meta property=\"og:site_name\" content=\"GeoClimate.ge\" \/>\n<meta property=\"article:modified_time\" content=\"2025-02-25T19:46:19+00:00\" \/>\n<meta property=\"og:image\" content=\"https:\/\/geoclimate.ge\/wp-content\/uploads\/2025\/02\/silicone-VS-rubber.jpg\" \/>\n\t<meta property=\"og:image:width\" content=\"246\" \/>\n\t<meta property=\"og:image:height\" content=\"316\" \/>\n\t<meta property=\"og:image:type\" content=\"image\/jpeg\" \/>\n<meta name=\"twitter:card\" content=\"summary_large_image\" \/>\n<script type=\"application\/ld+json\" class=\"yoast-schema-graph\">{\"@context\":\"https:\/\/schema.org\",\"@graph\":[{\"@type\":\"WebPage\",\"@id\":\"https:\/\/geoclimate.ge\/az\/product\/characteristic-properties-of-silicon-gel-compounds-vs-natural-rubber\/\",\"url\":\"https:\/\/geoclimate.ge\/az\/product\/characteristic-properties-of-silicon-gel-compounds-vs-natural-rubber\/\",\"name\":\"Silikon gel birl\u0259\u015fm\u0259l\u0259rinin t\u0259bii kau\u00e7uka qar\u015f\u0131 xarakterik x\u00fcsusiyy\u0259tl\u0259ri - GeoClimate.ge\",\"isPartOf\":{\"@id\":\"https:\/\/geoclimate.ge\/#website\"},\"primaryImageOfPage\":{\"@id\":\"https:\/\/geoclimate.ge\/az\/product\/characteristic-properties-of-silicon-gel-compounds-vs-natural-rubber\/#primaryimage\"},\"image\":{\"@id\":\"https:\/\/geoclimate.ge\/az\/product\/characteristic-properties-of-silicon-gel-compounds-vs-natural-rubber\/#primaryimage\"},\"thumbnailUrl\":\"https:\/\/geoclimate.ge\/wp-content\/uploads\/2025\/02\/silicone-VS-rubber.jpg\",\"datePublished\":\"2025-02-07T19:22:55+00:00\",\"dateModified\":\"2025-02-25T19:46:19+00:00\",\"breadcrumb\":{\"@id\":\"https:\/\/geoclimate.ge\/az\/product\/characteristic-properties-of-silicon-gel-compounds-vs-natural-rubber\/#breadcrumb\"},\"inLanguage\":\"az\",\"potentialAction\":[{\"@type\":\"ReadAction\",\"target\":[\"https:\/\/geoclimate.ge\/az\/product\/characteristic-properties-of-silicon-gel-compounds-vs-natural-rubber\/\"]}]},{\"@type\":\"ImageObject\",\"inLanguage\":\"az\",\"@id\":\"https:\/\/geoclimate.ge\/az\/product\/characteristic-properties-of-silicon-gel-compounds-vs-natural-rubber\/#primaryimage\",\"url\":\"https:\/\/geoclimate.ge\/wp-content\/uploads\/2025\/02\/silicone-VS-rubber.jpg\",\"contentUrl\":\"https:\/\/geoclimate.ge\/wp-content\/uploads\/2025\/02\/silicone-VS-rubber.jpg\",\"width\":246,\"height\":316},{\"@type\":\"BreadcrumbList\",\"@id\":\"https:\/\/geoclimate.ge\/az\/product\/characteristic-properties-of-silicon-gel-compounds-vs-natural-rubber\/#breadcrumb\",\"itemListElement\":[{\"@type\":\"ListItem\",\"position\":1,\"name\":\"Home\",\"item\":\"https:\/\/geoclimate.ge\/az\/\"},{\"@type\":\"ListItem\",\"position\":2,\"name\":\"M\u0259hsullar\",\"item\":\"https:\/\/geoclimate.ge\/az\/products\/\"},{\"@type\":\"ListItem\",\"position\":3,\"name\":\"Silikon gel birl\u0259\u015fm\u0259l\u0259rinin t\u0259bii kau\u00e7uka qar\u015f\u0131 xarakterik x\u00fcsusiyy\u0259tl\u0259ri\"}]},{\"@type\":\"WebSite\",\"@id\":\"https:\/\/geoclimate.ge\/#website\",\"url\":\"https:\/\/geoclimate.ge\/\",\"name\":\"GeoClimate\",\"description\":\"\",\"publisher\":{\"@id\":\"https:\/\/geoclimate.ge\/#organization\"},\"potentialAction\":[{\"@type\":\"SearchAction\",\"target\":{\"@type\":\"EntryPoint\",\"urlTemplate\":\"https:\/\/geoclimate.ge\/?s={search_term_string}\"},\"query-input\":{\"@type\":\"PropertyValueSpecification\",\"valueRequired\":true,\"valueName\":\"search_term_string\"}}],\"inLanguage\":\"az\"},{\"@type\":\"Organization\",\"@id\":\"https:\/\/geoclimate.ge\/#organization\",\"name\":\"GeoClimate\",\"url\":\"https:\/\/geoclimate.ge\/\",\"logo\":{\"@type\":\"ImageObject\",\"inLanguage\":\"az\",\"@id\":\"https:\/\/geoclimate.ge\/#\/schema\/logo\/image\/\",\"url\":\"https:\/\/geoclimate.ge\/wp-content\/uploads\/2026\/03\/geoclimate-SEO.png\",\"contentUrl\":\"https:\/\/geoclimate.ge\/wp-content\/uploads\/2026\/03\/geoclimate-SEO.png\",\"width\":1536,\"height\":1024,\"caption\":\"GeoClimate\"},\"image\":{\"@id\":\"https:\/\/geoclimate.ge\/#\/schema\/logo\/image\/\"}}]}<\/script>\n<!-- \/ Yoast SEO plugin. -->","yoast_head_json":{"title":"Silikon gel birl\u0259\u015fm\u0259l\u0259rinin t\u0259bii kau\u00e7uka qar\u015f\u0131 xarakterik x\u00fcsusiyy\u0259tl\u0259ri - GeoClimate.ge","robots":{"index":"index","follow":"follow","max-snippet":"max-snippet:-1","max-image-preview":"max-image-preview:large","max-video-preview":"max-video-preview:-1"},"canonical":"https:\/\/geoclimate.ge\/az\/product\/characteristic-properties-of-silicon-gel-compounds-vs-natural-rubber\/","og_locale":"az_AZ","og_type":"article","og_title":"Silikon gel birl\u0259\u015fm\u0259l\u0259rinin t\u0259bii kau\u00e7uka qar\u015f\u0131 xarakterik x\u00fcsusiyy\u0259tl\u0259ri - GeoClimate.ge","og_description":"Silikon gel birl\u0259\u015fm\u0259l\u0259rinin xarakterik x\u00fcsusiyy\u0259tl\u0259ri biblioqrafiya m\u0259nb\u0259l\u0259rind\u0259n t\u0259bii rezin VS.  &nbsp;  Biblioqrafiya m\u0259nb\u0259l\u0259rin\u0259 \u0259sas\u0259n, t\u0259bii kau\u00e7uk v\u0259 dig\u0259r termoplastik birl\u0259\u015fm\u0259l\u0259rl\u0259 m\u00fcqayis\u0259d\u0259 silikon gel komponentl\u0259rinin \u00fcmumi x\u00fcsusiyy\u0259tl\u0259ri v\u0259 xass\u0259l\u0259ri a\u015fa\u011f\u0131da t\u0259qdim olunur.  Silikon\u00a0m\u00f6vcud rezin birl\u0259\u015fm\u0259l\u0259ri v\u0259 termoplastik materiallardan daha yax\u015f\u0131 x\u00fcsusiyy\u0259tl\u0259r\u0259 malik olan qabaqc\u0131l sintetik rezin polimerdir. Vibrasiyaya qar\u015f\u0131 qoruyucu yast\u0131qlar\u0131n yeni seriyas\u0131 \u00e7ox a\u015fa\u011f\u0131 temperaturlardan -40 \u00b0 C-d\u0259n \u00e7ox y\u00fcks\u0259k + 200 \u00b0 C-\u0259 q\u0259d\u0259r geni\u015f temperatur diapazonunda t\u0259sirli z\u0259rb\u0259 v\u0259 vibrasiya izolyasiyas\u0131 m\u00fchafiz\u0259sini, el\u0259c\u0259 d\u0259 strukturdan qaynaqlanan s\u0259s-k\u00fcy\u00fcn azald\u0131lmas\u0131n\u0131 t\u0259min edir.  Silikon m\u0259hsullar \u0259traf m\u00fchit\u0259 uy\u011fundur, \u00e7\u00fcnki onlar\u0131n t\u0259rkibind\u0259 z\u0259r\u0259rli \u0259lav\u0259l\u0259r yoxdur v\u0259 t\u0259bii kau\u00e7ukun xarakterik qoxusunu g\u00f6st\u0259rmir.  Silikon titr\u0259m\u0259 \u0259leyhin\u0259 m\u0259hsullar a\u00e7\u0131q hava \u015f\u0259raitin\u0259, ozon v\u0259 UV \u015f\u00fcalar\u0131na b\u00f6y\u00fck m\u00fcqavim\u0259t g\u00f6st\u0259rir. O, h\u0259m\u00e7inin \u00e7ox a\u015fa\u011f\u0131 s\u0131x\u0131lma d\u0259stin\u0259 malikdir v\u0259 bel\u0259likl\u0259, \u015foku v\u0259 vibrasiyan\u0131 \u0259n\u0259n\u0259vi t\u0259bii rezin vibrasiya uduculardan daha yax\u015f\u0131 udmaq qabiliyy\u0259tini art\u0131r\u0131r.  Onlar qida s\u0259nayesind\u0259 (sobalar v\u0259 dondurucular), avionik, h\u0259rbi v\u0259 tibb m\u00fc\u0259ssis\u0259l\u0259rind\u0259 t\u0259tbiql\u0259r \u00fc\u00e7\u00fcn uy\u011fundur.","og_url":"https:\/\/geoclimate.ge\/az\/product\/characteristic-properties-of-silicon-gel-compounds-vs-natural-rubber\/","og_site_name":"GeoClimate.ge","article_modified_time":"2025-02-25T19:46:19+00:00","og_image":[{"width":246,"height":316,"url":"https:\/\/geoclimate.ge\/wp-content\/uploads\/2025\/02\/silicone-VS-rubber.jpg","type":"image\/jpeg"}],"twitter_card":"summary_large_image","schema":{"@context":"https:\/\/schema.org","@graph":[{"@type":"WebPage","@id":"https:\/\/geoclimate.ge\/az\/product\/characteristic-properties-of-silicon-gel-compounds-vs-natural-rubber\/","url":"https:\/\/geoclimate.ge\/az\/product\/characteristic-properties-of-silicon-gel-compounds-vs-natural-rubber\/","name":"Silikon gel birl\u0259\u015fm\u0259l\u0259rinin t\u0259bii kau\u00e7uka qar\u015f\u0131 xarakterik x\u00fcsusiyy\u0259tl\u0259ri - GeoClimate.ge","isPartOf":{"@id":"https:\/\/geoclimate.ge\/#website"},"primaryImageOfPage":{"@id":"https:\/\/geoclimate.ge\/az\/product\/characteristic-properties-of-silicon-gel-compounds-vs-natural-rubber\/#primaryimage"},"image":{"@id":"https:\/\/geoclimate.ge\/az\/product\/characteristic-properties-of-silicon-gel-compounds-vs-natural-rubber\/#primaryimage"},"thumbnailUrl":"https:\/\/geoclimate.ge\/wp-content\/uploads\/2025\/02\/silicone-VS-rubber.jpg","datePublished":"2025-02-07T19:22:55+00:00","dateModified":"2025-02-25T19:46:19+00:00","breadcrumb":{"@id":"https:\/\/geoclimate.ge\/az\/product\/characteristic-properties-of-silicon-gel-compounds-vs-natural-rubber\/#breadcrumb"},"inLanguage":"az","potentialAction":[{"@type":"ReadAction","target":["https:\/\/geoclimate.ge\/az\/product\/characteristic-properties-of-silicon-gel-compounds-vs-natural-rubber\/"]}]},{"@type":"ImageObject","inLanguage":"az","@id":"https:\/\/geoclimate.ge\/az\/product\/characteristic-properties-of-silicon-gel-compounds-vs-natural-rubber\/#primaryimage","url":"https:\/\/geoclimate.ge\/wp-content\/uploads\/2025\/02\/silicone-VS-rubber.jpg","contentUrl":"https:\/\/geoclimate.ge\/wp-content\/uploads\/2025\/02\/silicone-VS-rubber.jpg","width":246,"height":316},{"@type":"BreadcrumbList","@id":"https:\/\/geoclimate.ge\/az\/product\/characteristic-properties-of-silicon-gel-compounds-vs-natural-rubber\/#breadcrumb","itemListElement":[{"@type":"ListItem","position":1,"name":"Home","item":"https:\/\/geoclimate.ge\/az\/"},{"@type":"ListItem","position":2,"name":"M\u0259hsullar","item":"https:\/\/geoclimate.ge\/az\/products\/"},{"@type":"ListItem","position":3,"name":"Silikon gel birl\u0259\u015fm\u0259l\u0259rinin t\u0259bii kau\u00e7uka qar\u015f\u0131 xarakterik x\u00fcsusiyy\u0259tl\u0259ri"}]},{"@type":"WebSite","@id":"https:\/\/geoclimate.ge\/#website","url":"https:\/\/geoclimate.ge\/","name":"GeoClimate","description":"","publisher":{"@id":"https:\/\/geoclimate.ge\/#organization"},"potentialAction":[{"@type":"SearchAction","target":{"@type":"EntryPoint","urlTemplate":"https:\/\/geoclimate.ge\/?s={search_term_string}"},"query-input":{"@type":"PropertyValueSpecification","valueRequired":true,"valueName":"search_term_string"}}],"inLanguage":"az"},{"@type":"Organization","@id":"https:\/\/geoclimate.ge\/#organization","name":"GeoClimate","url":"https:\/\/geoclimate.ge\/","logo":{"@type":"ImageObject","inLanguage":"az","@id":"https:\/\/geoclimate.ge\/#\/schema\/logo\/image\/","url":"https:\/\/geoclimate.ge\/wp-content\/uploads\/2026\/03\/geoclimate-SEO.png","contentUrl":"https:\/\/geoclimate.ge\/wp-content\/uploads\/2026\/03\/geoclimate-SEO.png","width":1536,"height":1024,"caption":"GeoClimate"},"image":{"@id":"https:\/\/geoclimate.ge\/#\/schema\/logo\/image\/"}}]}},"_links":{"self":[{"href":"https:\/\/geoclimate.ge\/az\/wp-json\/wp\/v2\/product\/23609","targetHints":{"allow":["GET"]}}],"collection":[{"href":"https:\/\/geoclimate.ge\/az\/wp-json\/wp\/v2\/product"}],"about":[{"href":"https:\/\/geoclimate.ge\/az\/wp-json\/wp\/v2\/types\/product"}],"wp:featuredmedia":[{"embeddable":true,"href":"https:\/\/geoclimate.ge\/az\/wp-json\/wp\/v2\/media\/22691"}],"wp:attachment":[{"href":"https:\/\/geoclimate.ge\/az\/wp-json\/wp\/v2\/media?parent=23609"}],"wp:term":[{"taxonomy":"product_brand","embeddable":true,"href":"https:\/\/geoclimate.ge\/az\/wp-json\/wp\/v2\/product_brand?post=23609"},{"taxonomy":"product_cat","embeddable":true,"href":"https:\/\/geoclimate.ge\/az\/wp-json\/wp\/v2\/product_cat?post=23609"},{"taxonomy":"product_tag","embeddable":true,"href":"https:\/\/geoclimate.ge\/az\/wp-json\/wp\/v2\/product_tag?post=23609"}],"curies":[{"name":"wp","href":"https:\/\/api.w.org\/{rel}","templated":true}]}}