{"id":23612,"date":"2025-02-07T23:17:58","date_gmt":"2025-02-07T19:17:58","guid":{"rendered":"https:\/\/airsystems.ge\/shop\/product\/vibro-sil-ch-mini\/"},"modified":"2025-02-25T22:28:25","modified_gmt":"2025-02-25T18:28:25","slug":"vibro-sil-ch-mini","status":"publish","type":"product","link":"https:\/\/geoclimate.ge\/az\/product\/vibro-sil-ch-mini\/","title":{"rendered":"Vibro.SiL-CH mini"},"content":{"rendered":"<p><img loading=\"lazy\" decoding=\"async\" class=\"alignleft size-full wp-image-4913\" src=\"https:\/\/antivibration-systems.com\/wp-content\/uploads\/2014\/09\/Vibro.SiL-CH-mini-Selection-Table.png\" sizes=\"auto, (max-width: 533px) 100vw, 533px\" srcset=\"https:\/\/antivibration-systems.com\/wp-content\/uploads\/2014\/09\/Vibro.SiL-CH-mini-Selection-Table.png 533w, https:\/\/antivibration-systems.com\/wp-content\/uploads\/2014\/09\/Vibro.SiL-CH-mini-Selection-Table-300x56.png 300w\" alt=\"Vibro.SiL-CH mini Selection Table\" width=\"533\" height=\"100\" \/><\/p>\n<p>VIBRO\u00a0SiL-CHmini\u00a0in texniki x\u00fcsusiyy\u0259tl\u0259ri onu y\u00fcks\u0259k s\u00f6n\u00fcml\u0259m\u0259 v\u0259 vibrasiya izolyasiyas\u0131 t\u0259klif ed\u0259n havaya davaml\u0131 materiallar t\u0259l\u0259b ed\u0259n t\u0259l\u0259bkar anti-vibrasiya t\u0259tbiql\u0259ri \u00fc\u00e7\u00fcn \u00e7ox r\u0259qab\u0259tli h\u0259ll edir:<\/p>\n<p>\u2022\u00a0 Geni\u015f\u00a0 i\u015f\u00a0 temperatur\u00a0 diapazonu: -40\u00a0 il\u0259\u00a0 +200\u00b0C<\/p>\n<p>\u2022 \u00c7ox a\u015fa\u011f\u0131 s\u0131x\u0131lma d\u0259sti<\/p>\n<p>\u2022 Uzunm\u00fcdd\u0259tli davaml\u0131l\u0131q v\u0259 sabitlik<\/p>\n<p>\u2022 Y\u00fcng\u00fcl y\u00fckl\u0259r \u00fc\u00e7\u00fcn t\u0259tbiq olunur<\/p>\n<p>\u2022 \u018ftraf m\u00fchit\u0259 uy\u011fundur. T\u0259rkibind\u0259 z\u0259r\u0259rli \u0259lav\u0259l\u0259r yoxdur<\/p>\n<p>\u2022 A\u015fa\u011f\u0131 qoxu<\/p>\n<p>\u2022 \u018fyilm\u0259\u00a0(maksimum y\u00fckd\u0259):\u00a04 mm<\/p>\n<p>\u2022 T\u0259bii Tezlik:\u00a0 \u2265\u00a08 Hz.<\/p>\n<p>&nbsp;<\/p>\n<p>Vibro.SiL-CHmini silikon anti-vibrasiya as\u0131lqanlar\u0131 ventilyatorlar\u0131n, i\u015fl\u0259nmi\u015f qaz borular\u0131n\u0131n s\u0259sbo\u011fucu as\u0131lqan\u0131n\u0131n v\u0259 dig\u0259r h\u0259ssas elektron avadanl\u0131qlar\u0131n as\u0131lmas\u0131 \u00fc\u00e7\u00fcn t\u0259l\u0259b olunan vibrasiya n\u0259zar\u0259t proqramlar\u0131nda vibrasiyadan qorunma t\u0259klif ed\u0259 bil\u0259r.<\/p>\n","protected":false},"excerpt":{"rendered":"<p>Vibro.SiL-CHmini silikon anti-vibrasiya as\u0131lqanlar\u0131 ventilyatorlar\u0131n, i\u015fl\u0259nmi\u015f qaz borular\u0131n\u0131n s\u0259sbo\u011fucu as\u0131lqan\u0131n\u0131n v\u0259 dig\u0259r h\u0259ssas elektron avadanl\u0131qlar\u0131n as\u0131lmas\u0131 \u00fc\u00e7\u00fcn t\u0259l\u0259b olunan vibrasiya n\u0259zar\u0259t proqramlar\u0131nda, avionik,\u00a0\u00a0 d\u0259niz, h\u0259rbi v\u0259 tibbi t\u0259tbiql\u0259rd\u0259 x\u00fcsusi audiodinamik sisteml\u0259rd\u0259, geni\u015f temperatur diapazonu\u00a0\u00a0\u00a0\u00a0\u00a0\u00a0(-0\u00b0C) olan yerl\u0259rd\u0259 vibrasiyadan qorunma t\u0259klif ed\u0259 bil\u0259r. Qida s\u0259nayesi t\u0259tbiql\u0259ri \u00fc\u00e7\u00fcn d\u0259 uy\u011fundur (\u00e7\u00f6r\u0259k sobalar\u0131, soyuducu otaqlar v\u0259 s.).<\/p>\n<p>Vibro.SiL-CHmini\u00a0m\u00fcvafiq yerl\u0259\u015fdirilmi\u015f \u00e7entikl\u0259ri olan sinkl\u0259nmi\u015f polad metal \u00e7\u0259r\u00e7iv\u0259d\u0259n v\u0259 VIBRO.SiL-mini vibrasiya \u0259leyhin\u0259 rezin montajdan ibar\u0259tdir.<br \/>\nVibro.SiL-CHmini-nin t\u0259kmil dizayn\u0131 t\u0259bii\/sintetik kau\u00e7ukdan daha y\u00fcks\u0259k t\u0259sirli z\u0259rb\u0259 v\u0259 vibrasiya izolyasiyas\u0131, el\u0259c\u0259 d\u0259 strukturdan qaynaqlanan s\u0259s-k\u00fcy\u00fcn azald\u0131lmas\u0131n\u0131 t\u0259min edir. Silikon gel yast\u0131qlar\u0131 b\u00f6y\u00fck \u0259yilm\u0259 qabiliyy\u0259tin\u0259 v\u0259 a\u015fa\u011f\u0131 rezonans n\u00f6qt\u0259sin\u0259 nail ola bil\u0259r. O, \u00e7ox yax\u015f\u0131 havaya davaml\u0131 x\u00fcsusiyy\u0259tl\u0259r t\u0259klif edir, ozon UV-y\u0259 davaml\u0131d\u0131r. \u015eaxta v\u0259 qar \u015f\u0259raiti \u00fc\u00e7\u00fcn uy\u011fundur. Silikon gel t\u0259bii\/\u00f6zl\u00fc elastik kau\u00e7uk v\u0259 dig\u0259r termoplastik birl\u0259\u015fm\u0259l\u0259rd\u0259n daha yum\u015faqd\u0131r, a\u015fa\u011f\u0131 s\u0131x\u0131lma d\u0259sti il\u0259.<\/p>\n<p>Ad\u0259t\u0259n, metal \u00e7\u0259r\u00e7iv\u0259 yast\u0131 formada \u00e7atd\u0131r\u0131l\u0131r. Metal \u00e7\u0259r\u00e7iv\u0259 asanl\u0131qla r\u0259q\u0259ml\u0259rd\u0259 g\u00f6st\u0259ril\u0259n 3 formadan h\u0259r hans\u0131 birin\u0259 \u00e7evril\u0259 bil\u0259r.<\/p>\n<p>\u2022 SHAPE (1) metal asq\u0131n\u0131n profilinin h\u0259r iki t\u0259r\u0259fin\u0259 vidalana bil\u0259r<br \/>\n\u2022 SHAPE (2) tavana 2 ankerl\u0259 b\u0259rkidil\u0259 bil\u0259r.<br \/>\n\u2022 SHAPE (3) qarmaqla asmaq olar.<\/p>\n<p>Silikon gel yast\u0131qlar\u0131 b\u00f6y\u00fck \u0259yilm\u0259 qabiliyy\u0259tin\u0259 v\u0259 a\u015fa\u011f\u0131 rezonans n\u00f6qt\u0259sin\u0259 nail ola bil\u0259r. O, \u00e7ox yax\u015f\u0131 havaya davaml\u0131 x\u00fcsusiyy\u0259tl\u0259r t\u0259klif edir, ozon UV-y\u0259 davaml\u0131d\u0131r. \u015eaxta v\u0259 qar \u015f\u0259raiti \u00fc\u00e7\u00fcn uy\u011fundur.<\/p>\n<p>Silikon gel t\u0259bii\/\u00f6zl\u00fc elastik kau\u00e7uk v\u0259 dig\u0259r termoplastik birl\u0259\u015fm\u0259l\u0259rd\u0259n daha yum\u015faqd\u0131r.<\/p>\n<p><img loading=\"lazy\" decoding=\"async\" class=\"alignleft wp-image-4912\" src=\"https:\/\/antivibration-systems.com\/wp-content\/uploads\/2014\/09\/Vibro.SiL-CH-mini-shapes.png\" sizes=\"auto, (max-width: 566px) 100vw, 566px\" srcset=\"https:\/\/antivibration-systems.com\/wp-content\/uploads\/2014\/09\/Vibro.SiL-CH-mini-shapes.png 852w, https:\/\/antivibration-systems.com\/wp-content\/uploads\/2014\/09\/Vibro.SiL-CH-mini-shapes-300x94.png 300w\" alt=\"Vibro.SiL-CH mini shapes\" width=\"566\" height=\"176\" \/><\/p>\n","protected":false},"featured_media":22689,"template":"","meta":[],"product_brand":[],"product_cat":[927],"product_tag":[],"class_list":{"0":"post-23612","1":"product","2":"type-product","3":"status-publish","4":"has-post-thumbnail","6":"product_cat-vibrasiya-anti-ss-kuy-akustik-az","8":"first","9":"instock","10":"shipping-taxable","11":"product-type-simple"},"yoast_head":"<!-- This site is optimized with the Yoast SEO plugin v27.1.1 - https:\/\/yoast.com\/product\/yoast-seo-wordpress\/ -->\n<title>Vibro.SiL-CH mini - GeoClimate.ge<\/title>\n<meta name=\"robots\" content=\"index, follow, max-snippet:-1, max-image-preview:large, max-video-preview:-1\" \/>\n<link rel=\"canonical\" href=\"https:\/\/geoclimate.ge\/az\/product\/vibro-sil-ch-mini\/\" \/>\n<meta property=\"og:locale\" content=\"az_AZ\" \/>\n<meta property=\"og:type\" content=\"article\" \/>\n<meta property=\"og:title\" content=\"Vibro.SiL-CH mini - GeoClimate.ge\" \/>\n<meta property=\"og:description\" content=\"Vibro.SiL-CHmini silikon anti-vibrasiya as\u0131lqanlar\u0131 ventilyatorlar\u0131n, i\u015fl\u0259nmi\u015f qaz borular\u0131n\u0131n s\u0259sbo\u011fucu as\u0131lqan\u0131n\u0131n v\u0259 dig\u0259r h\u0259ssas elektron avadanl\u0131qlar\u0131n as\u0131lmas\u0131 \u00fc\u00e7\u00fcn t\u0259l\u0259b olunan vibrasiya n\u0259zar\u0259t proqramlar\u0131nda, avionik,\u00a0\u00a0 d\u0259niz, h\u0259rbi v\u0259 tibbi t\u0259tbiql\u0259rd\u0259 x\u00fcsusi audiodinamik sisteml\u0259rd\u0259, geni\u015f temperatur diapazonu\u00a0\u00a0\u00a0\u00a0\u00a0\u00a0(-0\u00b0C) olan yerl\u0259rd\u0259 vibrasiyadan qorunma t\u0259klif ed\u0259 bil\u0259r. Qida s\u0259nayesi t\u0259tbiql\u0259ri \u00fc\u00e7\u00fcn d\u0259 uy\u011fundur (\u00e7\u00f6r\u0259k sobalar\u0131, soyuducu otaqlar v\u0259 s.).  Vibro.SiL-CHmini\u00a0m\u00fcvafiq yerl\u0259\u015fdirilmi\u015f \u00e7entikl\u0259ri olan sinkl\u0259nmi\u015f polad metal \u00e7\u0259r\u00e7iv\u0259d\u0259n v\u0259 VIBRO.SiL-mini vibrasiya \u0259leyhin\u0259 rezin montajdan ibar\u0259tdir. Vibro.SiL-CHmini-nin t\u0259kmil dizayn\u0131 t\u0259bii\/sintetik kau\u00e7ukdan daha y\u00fcks\u0259k t\u0259sirli z\u0259rb\u0259 v\u0259 vibrasiya izolyasiyas\u0131, el\u0259c\u0259 d\u0259 strukturdan qaynaqlanan s\u0259s-k\u00fcy\u00fcn azald\u0131lmas\u0131n\u0131 t\u0259min edir. Silikon gel yast\u0131qlar\u0131 b\u00f6y\u00fck \u0259yilm\u0259 qabiliyy\u0259tin\u0259 v\u0259 a\u015fa\u011f\u0131 rezonans n\u00f6qt\u0259sin\u0259 nail ola bil\u0259r. O, \u00e7ox yax\u015f\u0131 havaya davaml\u0131 x\u00fcsusiyy\u0259tl\u0259r t\u0259klif edir, ozon UV-y\u0259 davaml\u0131d\u0131r. \u015eaxta v\u0259 qar \u015f\u0259raiti \u00fc\u00e7\u00fcn uy\u011fundur. Silikon gel t\u0259bii\/\u00f6zl\u00fc elastik kau\u00e7uk v\u0259 dig\u0259r termoplastik birl\u0259\u015fm\u0259l\u0259rd\u0259n daha yum\u015faqd\u0131r, a\u015fa\u011f\u0131 s\u0131x\u0131lma d\u0259sti il\u0259.  Ad\u0259t\u0259n, metal \u00e7\u0259r\u00e7iv\u0259 yast\u0131 formada \u00e7atd\u0131r\u0131l\u0131r. Metal \u00e7\u0259r\u00e7iv\u0259 asanl\u0131qla r\u0259q\u0259ml\u0259rd\u0259 g\u00f6st\u0259ril\u0259n 3 formadan h\u0259r hans\u0131 birin\u0259 \u00e7evril\u0259 bil\u0259r.  \u2022 SHAPE (1) metal asq\u0131n\u0131n profilinin h\u0259r iki t\u0259r\u0259fin\u0259 vidalana bil\u0259r \u2022 SHAPE (2) tavana 2 ankerl\u0259 b\u0259rkidil\u0259 bil\u0259r. \u2022 SHAPE (3) qarmaqla asmaq olar.  Silikon gel yast\u0131qlar\u0131 b\u00f6y\u00fck \u0259yilm\u0259 qabiliyy\u0259tin\u0259 v\u0259 a\u015fa\u011f\u0131 rezonans n\u00f6qt\u0259sin\u0259 nail ola bil\u0259r. O, \u00e7ox yax\u015f\u0131 havaya davaml\u0131 x\u00fcsusiyy\u0259tl\u0259r t\u0259klif edir, ozon UV-y\u0259 davaml\u0131d\u0131r. \u015eaxta v\u0259 qar \u015f\u0259raiti \u00fc\u00e7\u00fcn uy\u011fundur.  Silikon gel t\u0259bii\/\u00f6zl\u00fc elastik kau\u00e7uk v\u0259 dig\u0259r termoplastik birl\u0259\u015fm\u0259l\u0259rd\u0259n daha yum\u015faqd\u0131r.\" \/>\n<meta property=\"og:url\" content=\"https:\/\/geoclimate.ge\/az\/product\/vibro-sil-ch-mini\/\" \/>\n<meta property=\"og:site_name\" content=\"GeoClimate.ge\" \/>\n<meta property=\"article:modified_time\" content=\"2025-02-25T18:28:25+00:00\" \/>\n<meta property=\"og:image\" content=\"https:\/\/geoclimate.ge\/wp-content\/uploads\/2025\/02\/silicone-gel-anti-vibration-hanger.jpg\" \/>\n\t<meta property=\"og:image:width\" content=\"349\" \/>\n\t<meta property=\"og:image:height\" content=\"319\" \/>\n\t<meta property=\"og:image:type\" content=\"image\/jpeg\" \/>\n<meta name=\"twitter:card\" content=\"summary_large_image\" \/>\n<meta name=\"twitter:label1\" content=\"Est. reading time\" \/>\n\t<meta name=\"twitter:data1\" content=\"1 minute\" \/>\n<script type=\"application\/ld+json\" class=\"yoast-schema-graph\">{\"@context\":\"https:\/\/schema.org\",\"@graph\":[{\"@type\":\"WebPage\",\"@id\":\"https:\/\/geoclimate.ge\/az\/product\/vibro-sil-ch-mini\/\",\"url\":\"https:\/\/geoclimate.ge\/az\/product\/vibro-sil-ch-mini\/\",\"name\":\"Vibro.SiL-CH mini - GeoClimate.ge\",\"isPartOf\":{\"@id\":\"https:\/\/geoclimate.ge\/#website\"},\"primaryImageOfPage\":{\"@id\":\"https:\/\/geoclimate.ge\/az\/product\/vibro-sil-ch-mini\/#primaryimage\"},\"image\":{\"@id\":\"https:\/\/geoclimate.ge\/az\/product\/vibro-sil-ch-mini\/#primaryimage\"},\"thumbnailUrl\":\"https:\/\/geoclimate.ge\/wp-content\/uploads\/2025\/02\/silicone-gel-anti-vibration-hanger.jpg\",\"datePublished\":\"2025-02-07T19:17:58+00:00\",\"dateModified\":\"2025-02-25T18:28:25+00:00\",\"breadcrumb\":{\"@id\":\"https:\/\/geoclimate.ge\/az\/product\/vibro-sil-ch-mini\/#breadcrumb\"},\"inLanguage\":\"az\",\"potentialAction\":[{\"@type\":\"ReadAction\",\"target\":[\"https:\/\/geoclimate.ge\/az\/product\/vibro-sil-ch-mini\/\"]}]},{\"@type\":\"ImageObject\",\"inLanguage\":\"az\",\"@id\":\"https:\/\/geoclimate.ge\/az\/product\/vibro-sil-ch-mini\/#primaryimage\",\"url\":\"https:\/\/geoclimate.ge\/wp-content\/uploads\/2025\/02\/silicone-gel-anti-vibration-hanger.jpg\",\"contentUrl\":\"https:\/\/geoclimate.ge\/wp-content\/uploads\/2025\/02\/silicone-gel-anti-vibration-hanger.jpg\",\"width\":349,\"height\":319},{\"@type\":\"BreadcrumbList\",\"@id\":\"https:\/\/geoclimate.ge\/az\/product\/vibro-sil-ch-mini\/#breadcrumb\",\"itemListElement\":[{\"@type\":\"ListItem\",\"position\":1,\"name\":\"Home\",\"item\":\"https:\/\/geoclimate.ge\/az\/\"},{\"@type\":\"ListItem\",\"position\":2,\"name\":\"M\u0259hsullar\",\"item\":\"https:\/\/geoclimate.ge\/az\/products\/\"},{\"@type\":\"ListItem\",\"position\":3,\"name\":\"Vibro.SiL-CH mini\"}]},{\"@type\":\"WebSite\",\"@id\":\"https:\/\/geoclimate.ge\/#website\",\"url\":\"https:\/\/geoclimate.ge\/\",\"name\":\"GeoClimate\",\"description\":\"\",\"publisher\":{\"@id\":\"https:\/\/geoclimate.ge\/#organization\"},\"potentialAction\":[{\"@type\":\"SearchAction\",\"target\":{\"@type\":\"EntryPoint\",\"urlTemplate\":\"https:\/\/geoclimate.ge\/?s={search_term_string}\"},\"query-input\":{\"@type\":\"PropertyValueSpecification\",\"valueRequired\":true,\"valueName\":\"search_term_string\"}}],\"inLanguage\":\"az\"},{\"@type\":\"Organization\",\"@id\":\"https:\/\/geoclimate.ge\/#organization\",\"name\":\"GeoClimate\",\"url\":\"https:\/\/geoclimate.ge\/\",\"logo\":{\"@type\":\"ImageObject\",\"inLanguage\":\"az\",\"@id\":\"https:\/\/geoclimate.ge\/#\/schema\/logo\/image\/\",\"url\":\"https:\/\/geoclimate.ge\/wp-content\/uploads\/2026\/03\/geoclimate-SEO.png\",\"contentUrl\":\"https:\/\/geoclimate.ge\/wp-content\/uploads\/2026\/03\/geoclimate-SEO.png\",\"width\":1536,\"height\":1024,\"caption\":\"GeoClimate\"},\"image\":{\"@id\":\"https:\/\/geoclimate.ge\/#\/schema\/logo\/image\/\"}}]}<\/script>\n<!-- \/ Yoast SEO plugin. -->","yoast_head_json":{"title":"Vibro.SiL-CH mini - GeoClimate.ge","robots":{"index":"index","follow":"follow","max-snippet":"max-snippet:-1","max-image-preview":"max-image-preview:large","max-video-preview":"max-video-preview:-1"},"canonical":"https:\/\/geoclimate.ge\/az\/product\/vibro-sil-ch-mini\/","og_locale":"az_AZ","og_type":"article","og_title":"Vibro.SiL-CH mini - GeoClimate.ge","og_description":"Vibro.SiL-CHmini silikon anti-vibrasiya as\u0131lqanlar\u0131 ventilyatorlar\u0131n, i\u015fl\u0259nmi\u015f qaz borular\u0131n\u0131n s\u0259sbo\u011fucu as\u0131lqan\u0131n\u0131n v\u0259 dig\u0259r h\u0259ssas elektron avadanl\u0131qlar\u0131n as\u0131lmas\u0131 \u00fc\u00e7\u00fcn t\u0259l\u0259b olunan vibrasiya n\u0259zar\u0259t proqramlar\u0131nda, avionik,\u00a0\u00a0 d\u0259niz, h\u0259rbi v\u0259 tibbi t\u0259tbiql\u0259rd\u0259 x\u00fcsusi audiodinamik sisteml\u0259rd\u0259, geni\u015f temperatur diapazonu\u00a0\u00a0\u00a0\u00a0\u00a0\u00a0(-0\u00b0C) olan yerl\u0259rd\u0259 vibrasiyadan qorunma t\u0259klif ed\u0259 bil\u0259r. Qida s\u0259nayesi t\u0259tbiql\u0259ri \u00fc\u00e7\u00fcn d\u0259 uy\u011fundur (\u00e7\u00f6r\u0259k sobalar\u0131, soyuducu otaqlar v\u0259 s.).  Vibro.SiL-CHmini\u00a0m\u00fcvafiq yerl\u0259\u015fdirilmi\u015f \u00e7entikl\u0259ri olan sinkl\u0259nmi\u015f polad metal \u00e7\u0259r\u00e7iv\u0259d\u0259n v\u0259 VIBRO.SiL-mini vibrasiya \u0259leyhin\u0259 rezin montajdan ibar\u0259tdir. Vibro.SiL-CHmini-nin t\u0259kmil dizayn\u0131 t\u0259bii\/sintetik kau\u00e7ukdan daha y\u00fcks\u0259k t\u0259sirli z\u0259rb\u0259 v\u0259 vibrasiya izolyasiyas\u0131, el\u0259c\u0259 d\u0259 strukturdan qaynaqlanan s\u0259s-k\u00fcy\u00fcn azald\u0131lmas\u0131n\u0131 t\u0259min edir. Silikon gel yast\u0131qlar\u0131 b\u00f6y\u00fck \u0259yilm\u0259 qabiliyy\u0259tin\u0259 v\u0259 a\u015fa\u011f\u0131 rezonans n\u00f6qt\u0259sin\u0259 nail ola bil\u0259r. O, \u00e7ox yax\u015f\u0131 havaya davaml\u0131 x\u00fcsusiyy\u0259tl\u0259r t\u0259klif edir, ozon UV-y\u0259 davaml\u0131d\u0131r. \u015eaxta v\u0259 qar \u015f\u0259raiti \u00fc\u00e7\u00fcn uy\u011fundur. Silikon gel t\u0259bii\/\u00f6zl\u00fc elastik kau\u00e7uk v\u0259 dig\u0259r termoplastik birl\u0259\u015fm\u0259l\u0259rd\u0259n daha yum\u015faqd\u0131r, a\u015fa\u011f\u0131 s\u0131x\u0131lma d\u0259sti il\u0259.  Ad\u0259t\u0259n, metal \u00e7\u0259r\u00e7iv\u0259 yast\u0131 formada \u00e7atd\u0131r\u0131l\u0131r. Metal \u00e7\u0259r\u00e7iv\u0259 asanl\u0131qla r\u0259q\u0259ml\u0259rd\u0259 g\u00f6st\u0259ril\u0259n 3 formadan h\u0259r hans\u0131 birin\u0259 \u00e7evril\u0259 bil\u0259r.  \u2022 SHAPE (1) metal asq\u0131n\u0131n profilinin h\u0259r iki t\u0259r\u0259fin\u0259 vidalana bil\u0259r \u2022 SHAPE (2) tavana 2 ankerl\u0259 b\u0259rkidil\u0259 bil\u0259r. \u2022 SHAPE (3) qarmaqla asmaq olar.  Silikon gel yast\u0131qlar\u0131 b\u00f6y\u00fck \u0259yilm\u0259 qabiliyy\u0259tin\u0259 v\u0259 a\u015fa\u011f\u0131 rezonans n\u00f6qt\u0259sin\u0259 nail ola bil\u0259r. O, \u00e7ox yax\u015f\u0131 havaya davaml\u0131 x\u00fcsusiyy\u0259tl\u0259r t\u0259klif edir, ozon UV-y\u0259 davaml\u0131d\u0131r. \u015eaxta v\u0259 qar \u015f\u0259raiti \u00fc\u00e7\u00fcn uy\u011fundur.  Silikon gel t\u0259bii\/\u00f6zl\u00fc elastik kau\u00e7uk v\u0259 dig\u0259r termoplastik birl\u0259\u015fm\u0259l\u0259rd\u0259n daha yum\u015faqd\u0131r.","og_url":"https:\/\/geoclimate.ge\/az\/product\/vibro-sil-ch-mini\/","og_site_name":"GeoClimate.ge","article_modified_time":"2025-02-25T18:28:25+00:00","og_image":[{"width":349,"height":319,"url":"https:\/\/geoclimate.ge\/wp-content\/uploads\/2025\/02\/silicone-gel-anti-vibration-hanger.jpg","type":"image\/jpeg"}],"twitter_card":"summary_large_image","twitter_misc":{"Est. reading time":"1 minute"},"schema":{"@context":"https:\/\/schema.org","@graph":[{"@type":"WebPage","@id":"https:\/\/geoclimate.ge\/az\/product\/vibro-sil-ch-mini\/","url":"https:\/\/geoclimate.ge\/az\/product\/vibro-sil-ch-mini\/","name":"Vibro.SiL-CH mini - GeoClimate.ge","isPartOf":{"@id":"https:\/\/geoclimate.ge\/#website"},"primaryImageOfPage":{"@id":"https:\/\/geoclimate.ge\/az\/product\/vibro-sil-ch-mini\/#primaryimage"},"image":{"@id":"https:\/\/geoclimate.ge\/az\/product\/vibro-sil-ch-mini\/#primaryimage"},"thumbnailUrl":"https:\/\/geoclimate.ge\/wp-content\/uploads\/2025\/02\/silicone-gel-anti-vibration-hanger.jpg","datePublished":"2025-02-07T19:17:58+00:00","dateModified":"2025-02-25T18:28:25+00:00","breadcrumb":{"@id":"https:\/\/geoclimate.ge\/az\/product\/vibro-sil-ch-mini\/#breadcrumb"},"inLanguage":"az","potentialAction":[{"@type":"ReadAction","target":["https:\/\/geoclimate.ge\/az\/product\/vibro-sil-ch-mini\/"]}]},{"@type":"ImageObject","inLanguage":"az","@id":"https:\/\/geoclimate.ge\/az\/product\/vibro-sil-ch-mini\/#primaryimage","url":"https:\/\/geoclimate.ge\/wp-content\/uploads\/2025\/02\/silicone-gel-anti-vibration-hanger.jpg","contentUrl":"https:\/\/geoclimate.ge\/wp-content\/uploads\/2025\/02\/silicone-gel-anti-vibration-hanger.jpg","width":349,"height":319},{"@type":"BreadcrumbList","@id":"https:\/\/geoclimate.ge\/az\/product\/vibro-sil-ch-mini\/#breadcrumb","itemListElement":[{"@type":"ListItem","position":1,"name":"Home","item":"https:\/\/geoclimate.ge\/az\/"},{"@type":"ListItem","position":2,"name":"M\u0259hsullar","item":"https:\/\/geoclimate.ge\/az\/products\/"},{"@type":"ListItem","position":3,"name":"Vibro.SiL-CH mini"}]},{"@type":"WebSite","@id":"https:\/\/geoclimate.ge\/#website","url":"https:\/\/geoclimate.ge\/","name":"GeoClimate","description":"","publisher":{"@id":"https:\/\/geoclimate.ge\/#organization"},"potentialAction":[{"@type":"SearchAction","target":{"@type":"EntryPoint","urlTemplate":"https:\/\/geoclimate.ge\/?s={search_term_string}"},"query-input":{"@type":"PropertyValueSpecification","valueRequired":true,"valueName":"search_term_string"}}],"inLanguage":"az"},{"@type":"Organization","@id":"https:\/\/geoclimate.ge\/#organization","name":"GeoClimate","url":"https:\/\/geoclimate.ge\/","logo":{"@type":"ImageObject","inLanguage":"az","@id":"https:\/\/geoclimate.ge\/#\/schema\/logo\/image\/","url":"https:\/\/geoclimate.ge\/wp-content\/uploads\/2026\/03\/geoclimate-SEO.png","contentUrl":"https:\/\/geoclimate.ge\/wp-content\/uploads\/2026\/03\/geoclimate-SEO.png","width":1536,"height":1024,"caption":"GeoClimate"},"image":{"@id":"https:\/\/geoclimate.ge\/#\/schema\/logo\/image\/"}}]}},"_links":{"self":[{"href":"https:\/\/geoclimate.ge\/az\/wp-json\/wp\/v2\/product\/23612","targetHints":{"allow":["GET"]}}],"collection":[{"href":"https:\/\/geoclimate.ge\/az\/wp-json\/wp\/v2\/product"}],"about":[{"href":"https:\/\/geoclimate.ge\/az\/wp-json\/wp\/v2\/types\/product"}],"wp:featuredmedia":[{"embeddable":true,"href":"https:\/\/geoclimate.ge\/az\/wp-json\/wp\/v2\/media\/22689"}],"wp:attachment":[{"href":"https:\/\/geoclimate.ge\/az\/wp-json\/wp\/v2\/media?parent=23612"}],"wp:term":[{"taxonomy":"product_brand","embeddable":true,"href":"https:\/\/geoclimate.ge\/az\/wp-json\/wp\/v2\/product_brand?post=23612"},{"taxonomy":"product_cat","embeddable":true,"href":"https:\/\/geoclimate.ge\/az\/wp-json\/wp\/v2\/product_cat?post=23612"},{"taxonomy":"product_tag","embeddable":true,"href":"https:\/\/geoclimate.ge\/az\/wp-json\/wp\/v2\/product_tag?post=23612"}],"curies":[{"name":"wp","href":"https:\/\/api.w.org\/{rel}","templated":true}]}}