{"id":23642,"date":"2025-02-07T22:06:40","date_gmt":"2025-02-07T18:06:40","guid":{"rendered":"https:\/\/airsystems.ge\/shop\/product\/vibro-strip-rubber-strip\/"},"modified":"2025-02-26T00:14:45","modified_gmt":"2025-02-25T20:14:45","slug":"vibro-strip-rubber-strip","status":"publish","type":"product","link":"https:\/\/geoclimate.ge\/az\/product\/vibro-strip-rubber-strip\/","title":{"rendered":"Vibro-Strip: rezin zolaq"},"content":{"rendered":"<p><strong>Load Range<\/strong><\/p>\n<table border=\"1\" width=\"311\" cellspacing=\"1\" cellpadding=\"1\" align=\"left\">\n<tbody>\n<tr>\n<td>\n<p align=\"center\"><strong>TYPE<\/strong><\/p>\n<\/td>\n<td>\n<p align=\"center\"><strong>Recommeded\u00a0Load (kp*\/cm<sup>2<\/sup>)<\/strong><\/p>\n<\/td>\n<\/tr>\n<tr>\n<td>\n<p align=\"center\"><strong><em>Vibro<\/em>-Strip<\/strong><\/p>\n<\/td>\n<td>\n<p align=\"center\">3<\/p>\n<\/td>\n<\/tr>\n<\/tbody>\n<\/table>\n<p><em>\u00a0<\/em><\/p>\n<p>&nbsp;<\/p>\n<p>&nbsp;<\/p>\n<p>&nbsp;<\/p>\n<p><em>*1kp = 10N\u00a0<\/em><\/p>\n<p>&nbsp;<\/p>\n<p><strong>Dinamik X\u00fcsusiyy\u0259tl\u0259r<\/strong><\/p>\n<p>T\u0259bii tezlik fn = 30Hz (bir t\u0259b\u0259q\u0259d\u0259 perpendikulyar y\u00fck \u00fc\u00e7\u00fcn)<\/p>\n<p>Y\u00fck diapazonu 1-3 kq\/sm2 (x\u0259tti metr\u0259 3 ton \u00fc\u00e7\u00fcn 1)<\/p>\n","protected":false},"excerpt":{"rendered":"<p>Kesiti il\u0259 g\u00fccl\u0259ndirilm\u0259y\u0259n rezin da\u015f\u0131y\u0131c\u0131 sistem struktur komponentl\u0259r \u00fc\u00e7\u00fcn elastik dayaq kimi istifad\u0259 \u00fc\u00e7\u00fcn uygundur.<\/p>\n<p><img loading=\"lazy\" decoding=\"async\" class=\" wp-image-1843 alignleft\" title=\"Vibro-Strip - Diagram 2\" src=\"https:\/\/antivibration-systems.com\/wp-content\/uploads\/2012\/12\/vibro-strip-pic.jpg\" alt=\"\" width=\"250\" height=\"134\" \/><\/p>\n<p>Da\u015f\u0131y\u0131c\u0131 zolaq t\u0259kmil dal\u011favari dizayna malik g\u00fccl\u0259ndirilm\u0259y\u0259n rezin da\u015f\u0131y\u0131c\u0131 sistemdir. M\u00fck\u0259mm\u0259l profilin\u0259 g\u00f6r\u0259, k\u0259sik struktur komponentl\u0259ri \u00fc\u00e7\u00fcn elastik dayaq kimi istifad\u0259 \u00fc\u00e7\u00fcn uy\u011fundur.<\/p>\n<p>\u00d6L\u00c7\u00dcL\u018fR:\u00a0Qal\u0131nl\u0131q 10 mm, Eni 108 mm.<br \/>\n3 m-\u0259 q\u0259d\u0259r uzunluqda verilir. Kesiti il\u0259 g\u00fccl\u0259ndirilm\u0259y\u0259n rezin dayaq sistemi struktur komponentl\u0259r \u00fc\u00e7\u00fcn elastik dayaq kimi istifad\u0259 \u00fc\u00e7\u00fcn uy\u011fundur.<\/p>\n","protected":false},"featured_media":22623,"template":"","meta":[],"product_brand":[],"product_cat":[927],"product_tag":[],"class_list":{"0":"post-23642","1":"product","2":"type-product","3":"status-publish","4":"has-post-thumbnail","6":"product_cat-vibrasiya-anti-ss-kuy-akustik-az","8":"first","9":"instock","10":"shipping-taxable","11":"product-type-simple"},"yoast_head":"<!-- This site is optimized with the Yoast SEO plugin v27.1.1 - https:\/\/yoast.com\/product\/yoast-seo-wordpress\/ -->\n<title>Vibro-Strip: rezin zolaq - GeoClimate.ge<\/title>\n<meta name=\"robots\" content=\"index, follow, max-snippet:-1, max-image-preview:large, max-video-preview:-1\" \/>\n<link rel=\"canonical\" href=\"https:\/\/geoclimate.ge\/az\/product\/vibro-strip-rubber-strip\/\" \/>\n<meta property=\"og:locale\" content=\"az_AZ\" \/>\n<meta property=\"og:type\" content=\"article\" \/>\n<meta property=\"og:title\" content=\"Vibro-Strip: rezin zolaq - GeoClimate.ge\" \/>\n<meta property=\"og:description\" content=\"Kesiti il\u0259 g\u00fccl\u0259ndirilm\u0259y\u0259n rezin da\u015f\u0131y\u0131c\u0131 sistem struktur komponentl\u0259r \u00fc\u00e7\u00fcn elastik dayaq kimi istifad\u0259 \u00fc\u00e7\u00fcn uygundur.    Da\u015f\u0131y\u0131c\u0131 zolaq t\u0259kmil dal\u011favari dizayna malik g\u00fccl\u0259ndirilm\u0259y\u0259n rezin da\u015f\u0131y\u0131c\u0131 sistemdir. M\u00fck\u0259mm\u0259l profilin\u0259 g\u00f6r\u0259, k\u0259sik struktur komponentl\u0259ri \u00fc\u00e7\u00fcn elastik dayaq kimi istifad\u0259 \u00fc\u00e7\u00fcn uy\u011fundur.  \u00d6L\u00c7\u00dcL\u018fR:\u00a0Qal\u0131nl\u0131q 10 mm, Eni 108 mm. 3 m-\u0259 q\u0259d\u0259r uzunluqda verilir. Kesiti il\u0259 g\u00fccl\u0259ndirilm\u0259y\u0259n rezin dayaq sistemi struktur komponentl\u0259r \u00fc\u00e7\u00fcn elastik dayaq kimi istifad\u0259 \u00fc\u00e7\u00fcn uy\u011fundur.\" \/>\n<meta property=\"og:url\" content=\"https:\/\/geoclimate.ge\/az\/product\/vibro-strip-rubber-strip\/\" \/>\n<meta property=\"og:site_name\" content=\"GeoClimate.ge\" \/>\n<meta property=\"article:modified_time\" content=\"2025-02-25T20:14:45+00:00\" \/>\n<meta property=\"og:image\" content=\"https:\/\/geoclimate.ge\/wp-content\/uploads\/2025\/02\/071709122101_A.jpg\" \/>\n\t<meta property=\"og:image:width\" content=\"280\" \/>\n\t<meta property=\"og:image:height\" content=\"210\" \/>\n\t<meta property=\"og:image:type\" content=\"image\/jpeg\" \/>\n<meta name=\"twitter:card\" content=\"summary_large_image\" \/>\n<script type=\"application\/ld+json\" class=\"yoast-schema-graph\">{\"@context\":\"https:\/\/schema.org\",\"@graph\":[{\"@type\":\"WebPage\",\"@id\":\"https:\/\/geoclimate.ge\/az\/product\/vibro-strip-rubber-strip\/\",\"url\":\"https:\/\/geoclimate.ge\/az\/product\/vibro-strip-rubber-strip\/\",\"name\":\"Vibro-Strip: rezin zolaq - GeoClimate.ge\",\"isPartOf\":{\"@id\":\"https:\/\/geoclimate.ge\/#website\"},\"primaryImageOfPage\":{\"@id\":\"https:\/\/geoclimate.ge\/az\/product\/vibro-strip-rubber-strip\/#primaryimage\"},\"image\":{\"@id\":\"https:\/\/geoclimate.ge\/az\/product\/vibro-strip-rubber-strip\/#primaryimage\"},\"thumbnailUrl\":\"https:\/\/geoclimate.ge\/wp-content\/uploads\/2025\/02\/071709122101_A.jpg\",\"datePublished\":\"2025-02-07T18:06:40+00:00\",\"dateModified\":\"2025-02-25T20:14:45+00:00\",\"breadcrumb\":{\"@id\":\"https:\/\/geoclimate.ge\/az\/product\/vibro-strip-rubber-strip\/#breadcrumb\"},\"inLanguage\":\"az\",\"potentialAction\":[{\"@type\":\"ReadAction\",\"target\":[\"https:\/\/geoclimate.ge\/az\/product\/vibro-strip-rubber-strip\/\"]}]},{\"@type\":\"ImageObject\",\"inLanguage\":\"az\",\"@id\":\"https:\/\/geoclimate.ge\/az\/product\/vibro-strip-rubber-strip\/#primaryimage\",\"url\":\"https:\/\/geoclimate.ge\/wp-content\/uploads\/2025\/02\/071709122101_A.jpg\",\"contentUrl\":\"https:\/\/geoclimate.ge\/wp-content\/uploads\/2025\/02\/071709122101_A.jpg\",\"width\":280,\"height\":210},{\"@type\":\"BreadcrumbList\",\"@id\":\"https:\/\/geoclimate.ge\/az\/product\/vibro-strip-rubber-strip\/#breadcrumb\",\"itemListElement\":[{\"@type\":\"ListItem\",\"position\":1,\"name\":\"Home\",\"item\":\"https:\/\/geoclimate.ge\/az\/\"},{\"@type\":\"ListItem\",\"position\":2,\"name\":\"M\u0259hsullar\",\"item\":\"https:\/\/geoclimate.ge\/az\/products\/\"},{\"@type\":\"ListItem\",\"position\":3,\"name\":\"Vibro-Strip: rezin zolaq\"}]},{\"@type\":\"WebSite\",\"@id\":\"https:\/\/geoclimate.ge\/#website\",\"url\":\"https:\/\/geoclimate.ge\/\",\"name\":\"GeoClimate\",\"description\":\"\",\"publisher\":{\"@id\":\"https:\/\/geoclimate.ge\/#organization\"},\"potentialAction\":[{\"@type\":\"SearchAction\",\"target\":{\"@type\":\"EntryPoint\",\"urlTemplate\":\"https:\/\/geoclimate.ge\/?s={search_term_string}\"},\"query-input\":{\"@type\":\"PropertyValueSpecification\",\"valueRequired\":true,\"valueName\":\"search_term_string\"}}],\"inLanguage\":\"az\"},{\"@type\":\"Organization\",\"@id\":\"https:\/\/geoclimate.ge\/#organization\",\"name\":\"GeoClimate\",\"url\":\"https:\/\/geoclimate.ge\/\",\"logo\":{\"@type\":\"ImageObject\",\"inLanguage\":\"az\",\"@id\":\"https:\/\/geoclimate.ge\/#\/schema\/logo\/image\/\",\"url\":\"https:\/\/geoclimate.ge\/wp-content\/uploads\/2026\/03\/geoclimate-SEO.png\",\"contentUrl\":\"https:\/\/geoclimate.ge\/wp-content\/uploads\/2026\/03\/geoclimate-SEO.png\",\"width\":1536,\"height\":1024,\"caption\":\"GeoClimate\"},\"image\":{\"@id\":\"https:\/\/geoclimate.ge\/#\/schema\/logo\/image\/\"}}]}<\/script>\n<!-- \/ Yoast SEO plugin. -->","yoast_head_json":{"title":"Vibro-Strip: rezin zolaq - GeoClimate.ge","robots":{"index":"index","follow":"follow","max-snippet":"max-snippet:-1","max-image-preview":"max-image-preview:large","max-video-preview":"max-video-preview:-1"},"canonical":"https:\/\/geoclimate.ge\/az\/product\/vibro-strip-rubber-strip\/","og_locale":"az_AZ","og_type":"article","og_title":"Vibro-Strip: rezin zolaq - GeoClimate.ge","og_description":"Kesiti il\u0259 g\u00fccl\u0259ndirilm\u0259y\u0259n rezin da\u015f\u0131y\u0131c\u0131 sistem struktur komponentl\u0259r \u00fc\u00e7\u00fcn elastik dayaq kimi istifad\u0259 \u00fc\u00e7\u00fcn uygundur.    Da\u015f\u0131y\u0131c\u0131 zolaq t\u0259kmil dal\u011favari dizayna malik g\u00fccl\u0259ndirilm\u0259y\u0259n rezin da\u015f\u0131y\u0131c\u0131 sistemdir. M\u00fck\u0259mm\u0259l profilin\u0259 g\u00f6r\u0259, k\u0259sik struktur komponentl\u0259ri \u00fc\u00e7\u00fcn elastik dayaq kimi istifad\u0259 \u00fc\u00e7\u00fcn uy\u011fundur.  \u00d6L\u00c7\u00dcL\u018fR:\u00a0Qal\u0131nl\u0131q 10 mm, Eni 108 mm. 3 m-\u0259 q\u0259d\u0259r uzunluqda verilir. Kesiti il\u0259 g\u00fccl\u0259ndirilm\u0259y\u0259n rezin dayaq sistemi struktur komponentl\u0259r \u00fc\u00e7\u00fcn elastik dayaq kimi istifad\u0259 \u00fc\u00e7\u00fcn uy\u011fundur.","og_url":"https:\/\/geoclimate.ge\/az\/product\/vibro-strip-rubber-strip\/","og_site_name":"GeoClimate.ge","article_modified_time":"2025-02-25T20:14:45+00:00","og_image":[{"width":280,"height":210,"url":"https:\/\/geoclimate.ge\/wp-content\/uploads\/2025\/02\/071709122101_A.jpg","type":"image\/jpeg"}],"twitter_card":"summary_large_image","schema":{"@context":"https:\/\/schema.org","@graph":[{"@type":"WebPage","@id":"https:\/\/geoclimate.ge\/az\/product\/vibro-strip-rubber-strip\/","url":"https:\/\/geoclimate.ge\/az\/product\/vibro-strip-rubber-strip\/","name":"Vibro-Strip: rezin zolaq - GeoClimate.ge","isPartOf":{"@id":"https:\/\/geoclimate.ge\/#website"},"primaryImageOfPage":{"@id":"https:\/\/geoclimate.ge\/az\/product\/vibro-strip-rubber-strip\/#primaryimage"},"image":{"@id":"https:\/\/geoclimate.ge\/az\/product\/vibro-strip-rubber-strip\/#primaryimage"},"thumbnailUrl":"https:\/\/geoclimate.ge\/wp-content\/uploads\/2025\/02\/071709122101_A.jpg","datePublished":"2025-02-07T18:06:40+00:00","dateModified":"2025-02-25T20:14:45+00:00","breadcrumb":{"@id":"https:\/\/geoclimate.ge\/az\/product\/vibro-strip-rubber-strip\/#breadcrumb"},"inLanguage":"az","potentialAction":[{"@type":"ReadAction","target":["https:\/\/geoclimate.ge\/az\/product\/vibro-strip-rubber-strip\/"]}]},{"@type":"ImageObject","inLanguage":"az","@id":"https:\/\/geoclimate.ge\/az\/product\/vibro-strip-rubber-strip\/#primaryimage","url":"https:\/\/geoclimate.ge\/wp-content\/uploads\/2025\/02\/071709122101_A.jpg","contentUrl":"https:\/\/geoclimate.ge\/wp-content\/uploads\/2025\/02\/071709122101_A.jpg","width":280,"height":210},{"@type":"BreadcrumbList","@id":"https:\/\/geoclimate.ge\/az\/product\/vibro-strip-rubber-strip\/#breadcrumb","itemListElement":[{"@type":"ListItem","position":1,"name":"Home","item":"https:\/\/geoclimate.ge\/az\/"},{"@type":"ListItem","position":2,"name":"M\u0259hsullar","item":"https:\/\/geoclimate.ge\/az\/products\/"},{"@type":"ListItem","position":3,"name":"Vibro-Strip: rezin zolaq"}]},{"@type":"WebSite","@id":"https:\/\/geoclimate.ge\/#website","url":"https:\/\/geoclimate.ge\/","name":"GeoClimate","description":"","publisher":{"@id":"https:\/\/geoclimate.ge\/#organization"},"potentialAction":[{"@type":"SearchAction","target":{"@type":"EntryPoint","urlTemplate":"https:\/\/geoclimate.ge\/?s={search_term_string}"},"query-input":{"@type":"PropertyValueSpecification","valueRequired":true,"valueName":"search_term_string"}}],"inLanguage":"az"},{"@type":"Organization","@id":"https:\/\/geoclimate.ge\/#organization","name":"GeoClimate","url":"https:\/\/geoclimate.ge\/","logo":{"@type":"ImageObject","inLanguage":"az","@id":"https:\/\/geoclimate.ge\/#\/schema\/logo\/image\/","url":"https:\/\/geoclimate.ge\/wp-content\/uploads\/2026\/03\/geoclimate-SEO.png","contentUrl":"https:\/\/geoclimate.ge\/wp-content\/uploads\/2026\/03\/geoclimate-SEO.png","width":1536,"height":1024,"caption":"GeoClimate"},"image":{"@id":"https:\/\/geoclimate.ge\/#\/schema\/logo\/image\/"}}]}},"_links":{"self":[{"href":"https:\/\/geoclimate.ge\/az\/wp-json\/wp\/v2\/product\/23642","targetHints":{"allow":["GET"]}}],"collection":[{"href":"https:\/\/geoclimate.ge\/az\/wp-json\/wp\/v2\/product"}],"about":[{"href":"https:\/\/geoclimate.ge\/az\/wp-json\/wp\/v2\/types\/product"}],"wp:featuredmedia":[{"embeddable":true,"href":"https:\/\/geoclimate.ge\/az\/wp-json\/wp\/v2\/media\/22623"}],"wp:attachment":[{"href":"https:\/\/geoclimate.ge\/az\/wp-json\/wp\/v2\/media?parent=23642"}],"wp:term":[{"taxonomy":"product_brand","embeddable":true,"href":"https:\/\/geoclimate.ge\/az\/wp-json\/wp\/v2\/product_brand?post=23642"},{"taxonomy":"product_cat","embeddable":true,"href":"https:\/\/geoclimate.ge\/az\/wp-json\/wp\/v2\/product_cat?post=23642"},{"taxonomy":"product_tag","embeddable":true,"href":"https:\/\/geoclimate.ge\/az\/wp-json\/wp\/v2\/product_tag?post=23642"}],"curies":[{"name":"wp","href":"https:\/\/api.w.org\/{rel}","templated":true}]}}