{"id":23651,"date":"2025-02-07T21:51:52","date_gmt":"2025-02-07T17:51:52","guid":{"rendered":"https:\/\/airsystems.ge\/shop\/product\/vibro-em-3-anti-vibration-metal-rubber-mount-type-3\/"},"modified":"2025-02-23T17:13:42","modified_gmt":"2025-02-23T13:13:42","slug":"vibro-em-3-anti-vibration-metal-rubber-mount-type-3","status":"publish","type":"product","link":"https:\/\/geoclimate.ge\/az\/product\/vibro-em-3-anti-vibration-metal-rubber-mount-type-3\/","title":{"rendered":"Vibro-EM.3: vibrasiya \u0259leyhin\u0259 metal rezin montaj (tip 3)"},"content":{"rendered":"<table>\n<thead>\n<tr>\n<th colspan=\"2\">Section Table of Vibro-EM.3<\/th>\n<\/tr>\n<\/thead>\n<tbody>\n<tr>\n<td><strong>Type (color code)<\/strong><\/td>\n<td><strong>Max. Load (daN)<\/strong><\/td>\n<\/tr>\n<tr>\n<td>Vibro-EM.3 (Blue)<\/td>\n<td>200<\/td>\n<\/tr>\n<tr>\n<td>Vibro-EM.3 (White)<\/td>\n<td>350<\/td>\n<\/tr>\n<tr>\n<td>Vibro-EM.3 (Orange)<\/td>\n<td>500<\/td>\n<\/tr>\n<\/tbody>\n<\/table>\n<p>Dinamik X\u00fcsusiyy\u0259tl\u0259r:<\/p>\n<p>\u00c7arpma:\u00a0maksimum y\u00fckd\u0259 3 mm<br \/>\n<strong>T\u0259bii Tezlik:<\/strong>\u00a0maksimum y\u00fckd\u0259 10 Hz<\/p>\n","protected":false},"excerpt":{"rendered":"<p>X\u00fcsusil\u0259 d\u00f6\u015f\u0259m\u0259y\u0259 v\u0259 ma\u015f\u0131na montaj\u0131n t\u0259l\u0259b olundu\u011fu yerl\u0259rd\u0259 HVAC t\u0259tbiql\u0259ri \u00fc\u00e7\u00fcn tip 3 vibrasiya \u0259leyhin\u0259 elastik montaj.<\/p>\n<p>ANT\u0130V\u0130BRASYON ELAST\u0130K MONTAJLAR (N\u00f6v 3)<\/p>\n<p>Vibro EM.3 rezin v\u0259 metal birl\u0259\u015fdirilmi\u015f hiss\u0259l\u0259rin birl\u0259\u015fm\u0259sind\u0259n haz\u0131rlanm\u0131\u015f vibrasiya n\u0259zar\u0259t qur\u011fusudur. Metal hiss\u0259l\u0259ri rezinl\u0259 \u00f6rt\u00fcl\u00fcr v\u0259 oksidl\u0259\u015fm\u0259d\u0259n daha yax\u015f\u0131 qorunur, \u00fcst v\u0259 alt s\u0259thd\u0259 s\u00fcrt\u00fcnm\u0259ni art\u0131ran v\u0259 s\u0259thin s\u00fcr\u00fc\u015fm\u0259sini azaldan x\u00fcsusi astar var.<\/p>\n<p>Vibro EM.3 antivibrasiya elastik montaj\u0131 a\u015fa\u011f\u0131dak\u0131 hallarda vibrasiyan\u0131 udmaq \u00fc\u00e7\u00fcn istifad\u0259 edil\u0259 bil\u0259r:<\/p>\n<p>hava idar\u0259etm\u0259 qur\u011fular\u0131<br \/>\nkondisioner qur\u011fular\u0131<br \/>\nnasoslar<br \/>\nhava kompressorlar\u0131<br \/>\nventilyatorlar<br \/>\ntransformatorlar<br \/>\nmotor generatorlar\u0131<br \/>\nk\u0259sici ma\u015f\u0131nlar<br \/>\n\u00e7ap ma\u015f\u0131nlar\u0131<br \/>\nliftl\u0259r v\u0259 s.<br \/>\nX\u00fcsusi i\u015far\u0259 (W: A\u011f, B: Mavi) rezin s\u0259rtliyini v\u0259 onun d\u00f6z\u0259 bil\u0259c\u0259yi maksimum y\u00fck\u00fc m\u00fc\u0259yy\u0259n edir.<\/p>\n","protected":false},"featured_media":22591,"template":"","meta":[],"product_brand":[],"product_cat":[804,927],"product_tag":[],"class_list":{"0":"post-23651","1":"product","2":"type-product","3":"status-publish","4":"has-post-thumbnail","6":"product_cat-akustika-ss-kuy-v-vibrasiyaya-nzart","7":"product_cat-vibrasiya-anti-ss-kuy-akustik-az","9":"first","10":"instock","11":"shipping-taxable","12":"product-type-simple"},"yoast_head":"<!-- This site is optimized with the Yoast SEO plugin v27.1.1 - https:\/\/yoast.com\/product\/yoast-seo-wordpress\/ -->\n<title>Vibro-EM.3: vibrasiya \u0259leyhin\u0259 metal rezin montaj (tip 3) - GeoClimate.ge<\/title>\n<meta name=\"robots\" content=\"index, follow, max-snippet:-1, max-image-preview:large, max-video-preview:-1\" \/>\n<link rel=\"canonical\" href=\"https:\/\/geoclimate.ge\/az\/product\/vibro-em-3-anti-vibration-metal-rubber-mount-type-3\/\" \/>\n<meta property=\"og:locale\" content=\"az_AZ\" \/>\n<meta property=\"og:type\" content=\"article\" \/>\n<meta property=\"og:title\" content=\"Vibro-EM.3: vibrasiya \u0259leyhin\u0259 metal rezin montaj (tip 3) - GeoClimate.ge\" \/>\n<meta property=\"og:description\" content=\"X\u00fcsusil\u0259 d\u00f6\u015f\u0259m\u0259y\u0259 v\u0259 ma\u015f\u0131na montaj\u0131n t\u0259l\u0259b olundu\u011fu yerl\u0259rd\u0259 HVAC t\u0259tbiql\u0259ri \u00fc\u00e7\u00fcn tip 3 vibrasiya \u0259leyhin\u0259 elastik montaj.  ANT\u0130V\u0130BRASYON ELAST\u0130K MONTAJLAR (N\u00f6v 3)  Vibro EM.3 rezin v\u0259 metal birl\u0259\u015fdirilmi\u015f hiss\u0259l\u0259rin birl\u0259\u015fm\u0259sind\u0259n haz\u0131rlanm\u0131\u015f vibrasiya n\u0259zar\u0259t qur\u011fusudur. Metal hiss\u0259l\u0259ri rezinl\u0259 \u00f6rt\u00fcl\u00fcr v\u0259 oksidl\u0259\u015fm\u0259d\u0259n daha yax\u015f\u0131 qorunur, \u00fcst v\u0259 alt s\u0259thd\u0259 s\u00fcrt\u00fcnm\u0259ni art\u0131ran v\u0259 s\u0259thin s\u00fcr\u00fc\u015fm\u0259sini azaldan x\u00fcsusi astar var.  Vibro EM.3 antivibrasiya elastik montaj\u0131 a\u015fa\u011f\u0131dak\u0131 hallarda vibrasiyan\u0131 udmaq \u00fc\u00e7\u00fcn istifad\u0259 edil\u0259 bil\u0259r:  hava idar\u0259etm\u0259 qur\u011fular\u0131 kondisioner qur\u011fular\u0131 nasoslar hava kompressorlar\u0131 ventilyatorlar transformatorlar motor generatorlar\u0131 k\u0259sici ma\u015f\u0131nlar \u00e7ap ma\u015f\u0131nlar\u0131 liftl\u0259r v\u0259 s. X\u00fcsusi i\u015far\u0259 (W: A\u011f, B: Mavi) rezin s\u0259rtliyini v\u0259 onun d\u00f6z\u0259 bil\u0259c\u0259yi maksimum y\u00fck\u00fc m\u00fc\u0259yy\u0259n edir.\" \/>\n<meta property=\"og:url\" content=\"https:\/\/geoclimate.ge\/az\/product\/vibro-em-3-anti-vibration-metal-rubber-mount-type-3\/\" \/>\n<meta property=\"og:site_name\" content=\"GeoClimate.ge\" \/>\n<meta property=\"article:modified_time\" content=\"2025-02-23T13:13:42+00:00\" \/>\n<meta property=\"og:image\" content=\"https:\/\/geoclimate.ge\/wp-content\/uploads\/2025\/02\/07200995114_A.jpg\" \/>\n\t<meta property=\"og:image:width\" content=\"280\" \/>\n\t<meta property=\"og:image:height\" content=\"210\" \/>\n\t<meta property=\"og:image:type\" content=\"image\/jpeg\" \/>\n<meta name=\"twitter:card\" content=\"summary_large_image\" \/>\n<script type=\"application\/ld+json\" class=\"yoast-schema-graph\">{\"@context\":\"https:\/\/schema.org\",\"@graph\":[{\"@type\":\"WebPage\",\"@id\":\"https:\/\/geoclimate.ge\/az\/product\/vibro-em-3-anti-vibration-metal-rubber-mount-type-3\/\",\"url\":\"https:\/\/geoclimate.ge\/az\/product\/vibro-em-3-anti-vibration-metal-rubber-mount-type-3\/\",\"name\":\"Vibro-EM.3: vibrasiya \u0259leyhin\u0259 metal rezin montaj (tip 3) - GeoClimate.ge\",\"isPartOf\":{\"@id\":\"https:\/\/geoclimate.ge\/#website\"},\"primaryImageOfPage\":{\"@id\":\"https:\/\/geoclimate.ge\/az\/product\/vibro-em-3-anti-vibration-metal-rubber-mount-type-3\/#primaryimage\"},\"image\":{\"@id\":\"https:\/\/geoclimate.ge\/az\/product\/vibro-em-3-anti-vibration-metal-rubber-mount-type-3\/#primaryimage\"},\"thumbnailUrl\":\"https:\/\/geoclimate.ge\/wp-content\/uploads\/2025\/02\/07200995114_A.jpg\",\"datePublished\":\"2025-02-07T17:51:52+00:00\",\"dateModified\":\"2025-02-23T13:13:42+00:00\",\"breadcrumb\":{\"@id\":\"https:\/\/geoclimate.ge\/az\/product\/vibro-em-3-anti-vibration-metal-rubber-mount-type-3\/#breadcrumb\"},\"inLanguage\":\"az\",\"potentialAction\":[{\"@type\":\"ReadAction\",\"target\":[\"https:\/\/geoclimate.ge\/az\/product\/vibro-em-3-anti-vibration-metal-rubber-mount-type-3\/\"]}]},{\"@type\":\"ImageObject\",\"inLanguage\":\"az\",\"@id\":\"https:\/\/geoclimate.ge\/az\/product\/vibro-em-3-anti-vibration-metal-rubber-mount-type-3\/#primaryimage\",\"url\":\"https:\/\/geoclimate.ge\/wp-content\/uploads\/2025\/02\/07200995114_A.jpg\",\"contentUrl\":\"https:\/\/geoclimate.ge\/wp-content\/uploads\/2025\/02\/07200995114_A.jpg\",\"width\":280,\"height\":210},{\"@type\":\"BreadcrumbList\",\"@id\":\"https:\/\/geoclimate.ge\/az\/product\/vibro-em-3-anti-vibration-metal-rubber-mount-type-3\/#breadcrumb\",\"itemListElement\":[{\"@type\":\"ListItem\",\"position\":1,\"name\":\"Home\",\"item\":\"https:\/\/geoclimate.ge\/az\/\"},{\"@type\":\"ListItem\",\"position\":2,\"name\":\"M\u0259hsullar\",\"item\":\"https:\/\/geoclimate.ge\/az\/products\/\"},{\"@type\":\"ListItem\",\"position\":3,\"name\":\"Vibro-EM.3: vibrasiya \u0259leyhin\u0259 metal rezin montaj (tip 3)\"}]},{\"@type\":\"WebSite\",\"@id\":\"https:\/\/geoclimate.ge\/#website\",\"url\":\"https:\/\/geoclimate.ge\/\",\"name\":\"GeoClimate\",\"description\":\"\",\"publisher\":{\"@id\":\"https:\/\/geoclimate.ge\/#organization\"},\"potentialAction\":[{\"@type\":\"SearchAction\",\"target\":{\"@type\":\"EntryPoint\",\"urlTemplate\":\"https:\/\/geoclimate.ge\/?s={search_term_string}\"},\"query-input\":{\"@type\":\"PropertyValueSpecification\",\"valueRequired\":true,\"valueName\":\"search_term_string\"}}],\"inLanguage\":\"az\"},{\"@type\":\"Organization\",\"@id\":\"https:\/\/geoclimate.ge\/#organization\",\"name\":\"GeoClimate\",\"url\":\"https:\/\/geoclimate.ge\/\",\"logo\":{\"@type\":\"ImageObject\",\"inLanguage\":\"az\",\"@id\":\"https:\/\/geoclimate.ge\/#\/schema\/logo\/image\/\",\"url\":\"https:\/\/geoclimate.ge\/wp-content\/uploads\/2026\/03\/geoclimate-SEO.png\",\"contentUrl\":\"https:\/\/geoclimate.ge\/wp-content\/uploads\/2026\/03\/geoclimate-SEO.png\",\"width\":1536,\"height\":1024,\"caption\":\"GeoClimate\"},\"image\":{\"@id\":\"https:\/\/geoclimate.ge\/#\/schema\/logo\/image\/\"}}]}<\/script>\n<!-- \/ Yoast SEO plugin. -->","yoast_head_json":{"title":"Vibro-EM.3: vibrasiya \u0259leyhin\u0259 metal rezin montaj (tip 3) - GeoClimate.ge","robots":{"index":"index","follow":"follow","max-snippet":"max-snippet:-1","max-image-preview":"max-image-preview:large","max-video-preview":"max-video-preview:-1"},"canonical":"https:\/\/geoclimate.ge\/az\/product\/vibro-em-3-anti-vibration-metal-rubber-mount-type-3\/","og_locale":"az_AZ","og_type":"article","og_title":"Vibro-EM.3: vibrasiya \u0259leyhin\u0259 metal rezin montaj (tip 3) - GeoClimate.ge","og_description":"X\u00fcsusil\u0259 d\u00f6\u015f\u0259m\u0259y\u0259 v\u0259 ma\u015f\u0131na montaj\u0131n t\u0259l\u0259b olundu\u011fu yerl\u0259rd\u0259 HVAC t\u0259tbiql\u0259ri \u00fc\u00e7\u00fcn tip 3 vibrasiya \u0259leyhin\u0259 elastik montaj.  ANT\u0130V\u0130BRASYON ELAST\u0130K MONTAJLAR (N\u00f6v 3)  Vibro EM.3 rezin v\u0259 metal birl\u0259\u015fdirilmi\u015f hiss\u0259l\u0259rin birl\u0259\u015fm\u0259sind\u0259n haz\u0131rlanm\u0131\u015f vibrasiya n\u0259zar\u0259t qur\u011fusudur. Metal hiss\u0259l\u0259ri rezinl\u0259 \u00f6rt\u00fcl\u00fcr v\u0259 oksidl\u0259\u015fm\u0259d\u0259n daha yax\u015f\u0131 qorunur, \u00fcst v\u0259 alt s\u0259thd\u0259 s\u00fcrt\u00fcnm\u0259ni art\u0131ran v\u0259 s\u0259thin s\u00fcr\u00fc\u015fm\u0259sini azaldan x\u00fcsusi astar var.  Vibro EM.3 antivibrasiya elastik montaj\u0131 a\u015fa\u011f\u0131dak\u0131 hallarda vibrasiyan\u0131 udmaq \u00fc\u00e7\u00fcn istifad\u0259 edil\u0259 bil\u0259r:  hava idar\u0259etm\u0259 qur\u011fular\u0131 kondisioner qur\u011fular\u0131 nasoslar hava kompressorlar\u0131 ventilyatorlar transformatorlar motor generatorlar\u0131 k\u0259sici ma\u015f\u0131nlar \u00e7ap ma\u015f\u0131nlar\u0131 liftl\u0259r v\u0259 s. X\u00fcsusi i\u015far\u0259 (W: A\u011f, B: Mavi) rezin s\u0259rtliyini v\u0259 onun d\u00f6z\u0259 bil\u0259c\u0259yi maksimum y\u00fck\u00fc m\u00fc\u0259yy\u0259n edir.","og_url":"https:\/\/geoclimate.ge\/az\/product\/vibro-em-3-anti-vibration-metal-rubber-mount-type-3\/","og_site_name":"GeoClimate.ge","article_modified_time":"2025-02-23T13:13:42+00:00","og_image":[{"width":280,"height":210,"url":"https:\/\/geoclimate.ge\/wp-content\/uploads\/2025\/02\/07200995114_A.jpg","type":"image\/jpeg"}],"twitter_card":"summary_large_image","schema":{"@context":"https:\/\/schema.org","@graph":[{"@type":"WebPage","@id":"https:\/\/geoclimate.ge\/az\/product\/vibro-em-3-anti-vibration-metal-rubber-mount-type-3\/","url":"https:\/\/geoclimate.ge\/az\/product\/vibro-em-3-anti-vibration-metal-rubber-mount-type-3\/","name":"Vibro-EM.3: vibrasiya \u0259leyhin\u0259 metal rezin montaj (tip 3) - GeoClimate.ge","isPartOf":{"@id":"https:\/\/geoclimate.ge\/#website"},"primaryImageOfPage":{"@id":"https:\/\/geoclimate.ge\/az\/product\/vibro-em-3-anti-vibration-metal-rubber-mount-type-3\/#primaryimage"},"image":{"@id":"https:\/\/geoclimate.ge\/az\/product\/vibro-em-3-anti-vibration-metal-rubber-mount-type-3\/#primaryimage"},"thumbnailUrl":"https:\/\/geoclimate.ge\/wp-content\/uploads\/2025\/02\/07200995114_A.jpg","datePublished":"2025-02-07T17:51:52+00:00","dateModified":"2025-02-23T13:13:42+00:00","breadcrumb":{"@id":"https:\/\/geoclimate.ge\/az\/product\/vibro-em-3-anti-vibration-metal-rubber-mount-type-3\/#breadcrumb"},"inLanguage":"az","potentialAction":[{"@type":"ReadAction","target":["https:\/\/geoclimate.ge\/az\/product\/vibro-em-3-anti-vibration-metal-rubber-mount-type-3\/"]}]},{"@type":"ImageObject","inLanguage":"az","@id":"https:\/\/geoclimate.ge\/az\/product\/vibro-em-3-anti-vibration-metal-rubber-mount-type-3\/#primaryimage","url":"https:\/\/geoclimate.ge\/wp-content\/uploads\/2025\/02\/07200995114_A.jpg","contentUrl":"https:\/\/geoclimate.ge\/wp-content\/uploads\/2025\/02\/07200995114_A.jpg","width":280,"height":210},{"@type":"BreadcrumbList","@id":"https:\/\/geoclimate.ge\/az\/product\/vibro-em-3-anti-vibration-metal-rubber-mount-type-3\/#breadcrumb","itemListElement":[{"@type":"ListItem","position":1,"name":"Home","item":"https:\/\/geoclimate.ge\/az\/"},{"@type":"ListItem","position":2,"name":"M\u0259hsullar","item":"https:\/\/geoclimate.ge\/az\/products\/"},{"@type":"ListItem","position":3,"name":"Vibro-EM.3: vibrasiya \u0259leyhin\u0259 metal rezin montaj (tip 3)"}]},{"@type":"WebSite","@id":"https:\/\/geoclimate.ge\/#website","url":"https:\/\/geoclimate.ge\/","name":"GeoClimate","description":"","publisher":{"@id":"https:\/\/geoclimate.ge\/#organization"},"potentialAction":[{"@type":"SearchAction","target":{"@type":"EntryPoint","urlTemplate":"https:\/\/geoclimate.ge\/?s={search_term_string}"},"query-input":{"@type":"PropertyValueSpecification","valueRequired":true,"valueName":"search_term_string"}}],"inLanguage":"az"},{"@type":"Organization","@id":"https:\/\/geoclimate.ge\/#organization","name":"GeoClimate","url":"https:\/\/geoclimate.ge\/","logo":{"@type":"ImageObject","inLanguage":"az","@id":"https:\/\/geoclimate.ge\/#\/schema\/logo\/image\/","url":"https:\/\/geoclimate.ge\/wp-content\/uploads\/2026\/03\/geoclimate-SEO.png","contentUrl":"https:\/\/geoclimate.ge\/wp-content\/uploads\/2026\/03\/geoclimate-SEO.png","width":1536,"height":1024,"caption":"GeoClimate"},"image":{"@id":"https:\/\/geoclimate.ge\/#\/schema\/logo\/image\/"}}]}},"_links":{"self":[{"href":"https:\/\/geoclimate.ge\/az\/wp-json\/wp\/v2\/product\/23651","targetHints":{"allow":["GET"]}}],"collection":[{"href":"https:\/\/geoclimate.ge\/az\/wp-json\/wp\/v2\/product"}],"about":[{"href":"https:\/\/geoclimate.ge\/az\/wp-json\/wp\/v2\/types\/product"}],"wp:featuredmedia":[{"embeddable":true,"href":"https:\/\/geoclimate.ge\/az\/wp-json\/wp\/v2\/media\/22591"}],"wp:attachment":[{"href":"https:\/\/geoclimate.ge\/az\/wp-json\/wp\/v2\/media?parent=23651"}],"wp:term":[{"taxonomy":"product_brand","embeddable":true,"href":"https:\/\/geoclimate.ge\/az\/wp-json\/wp\/v2\/product_brand?post=23651"},{"taxonomy":"product_cat","embeddable":true,"href":"https:\/\/geoclimate.ge\/az\/wp-json\/wp\/v2\/product_cat?post=23651"},{"taxonomy":"product_tag","embeddable":true,"href":"https:\/\/geoclimate.ge\/az\/wp-json\/wp\/v2\/product_tag?post=23651"}],"curies":[{"name":"wp","href":"https:\/\/api.w.org\/{rel}","templated":true}]}}