{"id":23653,"date":"2025-02-07T21:47:55","date_gmt":"2025-02-07T17:47:55","guid":{"rendered":"https:\/\/airsystems.ge\/shop\/product\/vibro-em-2-anti-vibration-metal-rubber-mount-type-2\/"},"modified":"2025-02-26T00:19:06","modified_gmt":"2025-02-25T20:19:06","slug":"vibro-em-2-anti-vibration-metal-rubber-mount-type-2","status":"publish","type":"product","link":"https:\/\/geoclimate.ge\/az\/product\/vibro-em-2-anti-vibration-metal-rubber-mount-type-2\/","title":{"rendered":"Vibro-EM.2: vibrasiya \u0259leyhin\u0259 metal rezin montaj (tip 2)"},"content":{"rendered":"<div class=\"n4sEPd\">\n<div class=\"QFw9Te BLojaf\"><\/div>\n<\/div>\n<div class=\"QcsUad BDJ8fb BLojaf sMVRZe hCXDsb wneUed\">\n<div class=\"usGWQd\">\n<div class=\"KkbLmb\">\n<div class=\"lRu31\" dir=\"ltr\">\n<p>Y\u00fck\u00fcn b\u0259rab\u0259r paylanmas\u0131 v\u0259 montaj\u0131n elastik hiss\u0259sinin UV-d\u0259n qorunmas\u0131 \u00fc\u00e7\u00fcn antivibrasiya elastik montaj\u0131<\/p>\n<p>&nbsp;<\/p>\n<\/div>\n<\/div>\n<\/div>\n<\/div>\n<p><img loading=\"lazy\" decoding=\"async\" class=\"alignleft wp-image-4895\" src=\"https:\/\/antivibration-systems.com\/wp-content\/uploads\/2012\/11\/Vibro-EM2-Selection-Table.jpg\" sizes=\"auto, (max-width: 590px) 100vw, 590px\" srcset=\"https:\/\/antivibration-systems.com\/wp-content\/uploads\/2012\/11\/Vibro-EM2-Selection-Table.jpg 638w, https:\/\/antivibration-systems.com\/wp-content\/uploads\/2012\/11\/Vibro-EM2-Selection-Table-300x75.jpg 300w\" alt=\"Vibro-EM2 Selection Table\" width=\"590\" height=\"146\" \/><\/p>\n<p>&nbsp;<\/p>\n<p><strong>Dinamik X\u00fcsusiyy\u0259tl\u0259r<\/strong><br \/>\nMaksimum y\u00fckd\u0259 \u0259yilm\u0259 3 mm<br \/>\nT\u0259bii Tezlik: maksimum y\u00fckd\u0259 10 Hz<\/p>\n<p>&nbsp;<\/p>\n","protected":false},"excerpt":{"rendered":"<p>Vibro-E\u039c.2 x\u00fcsusi t\u0259dqiqatlar\u0131n n\u0259tic\u0259sidir v\u0259 rezin v\u0259 metal birl\u0259\u015fdirilmi\u015f hiss\u0259l\u0259rin birl\u0259\u015fm\u0259sind\u0259n haz\u0131rlanm\u0131\u015fd\u0131r. Metal qapaq ya\u011f v\u0259 su kimi m\u00fcxt\u0259lif mayel\u0259rd\u0259n qoruyur. Bundan \u0259lav\u0259, antivibrasiya qur\u011fusunun \u0259sas g\u00f6vd\u0259sini g\u00fcn\u0259\u015fd\u0259n qoruyur, \u00f6mr\u00fcn\u00fc art\u0131r\u0131r.<\/p>\n<p>Metal \u00f6rt\u00fck onu oksidl\u0259\u015fm\u0259d\u0259n qoruyan sinkl\u0259nmi\u015f metal t\u0259b\u0259q\u0259d\u0259n haz\u0131rlanm\u0131\u015fd\u0131r. Qalan metal hiss\u0259l\u0259ri oksidl\u0259\u015fm\u0259d\u0259n daha yax\u015f\u0131 qorunmaq \u00fc\u00e7\u00fcn rezinl\u0259 \u00f6rt\u00fclm\u00fc\u015fd\u00fcr, \u00fcst v\u0259 alt s\u0259thl\u0259rd\u0259 is\u0259 s\u00fcrt\u00fcnm\u0259ni art\u0131ran v\u0259 s\u00fcr\u00fc\u015fm\u0259 s\u0259thini azaldan x\u00fcsusi astarlar var.<\/p>\n<p>Vibro \u2013 EM.2 a\u015fa\u011f\u0131dak\u0131 hallarda istifad\u0259 edil\u0259 bil\u0259r:<\/p>\n<p>Hava idar\u0259etm\u0259 qur\u011fular\u0131<br \/>\nkondisioner<br \/>\nnasoslar<br \/>\nhava kompressorlar\u0131<br \/>\nventilyatorlar<br \/>\ntransformatorlar<br \/>\nmotor generatorlar\u0131<br \/>\nK\u0259sm\u0259 ma\u015f\u0131nlar\u0131<br \/>\n\u00c7ap ma\u015f\u0131nlar\u0131<br \/>\nliftl\u0259r v\u0259 s.<\/p>\n<p>X\u00fcsusi i\u015far\u0259 (W: A\u011f, B: Mavi, R: Q\u0131rm\u0131z\u0131) rezin s\u0259rtliyini v\u0259 onun d\u00f6z\u0259 bil\u0259c\u0259yi maksimum y\u00fck\u00fc m\u00fc\u0259yy\u0259n edir.<\/p>\n","protected":false},"featured_media":22575,"template":"","meta":[],"product_brand":[],"product_cat":[927],"product_tag":[],"class_list":{"0":"post-23653","1":"product","2":"type-product","3":"status-publish","4":"has-post-thumbnail","6":"product_cat-vibrasiya-anti-ss-kuy-akustik-az","8":"first","9":"instock","10":"shipping-taxable","11":"product-type-simple"},"yoast_head":"<!-- This site is optimized with the Yoast SEO plugin v27.1.1 - https:\/\/yoast.com\/product\/yoast-seo-wordpress\/ -->\n<title>Vibro-EM.2: vibrasiya \u0259leyhin\u0259 metal rezin montaj (tip 2) - GeoClimate.ge<\/title>\n<meta name=\"robots\" content=\"index, follow, max-snippet:-1, max-image-preview:large, max-video-preview:-1\" \/>\n<link rel=\"canonical\" href=\"https:\/\/geoclimate.ge\/az\/product\/vibro-em-2-anti-vibration-metal-rubber-mount-type-2\/\" \/>\n<meta property=\"og:locale\" content=\"az_AZ\" \/>\n<meta property=\"og:type\" content=\"article\" \/>\n<meta property=\"og:title\" content=\"Vibro-EM.2: vibrasiya \u0259leyhin\u0259 metal rezin montaj (tip 2) - GeoClimate.ge\" \/>\n<meta property=\"og:description\" content=\"Vibro-E\u039c.2 x\u00fcsusi t\u0259dqiqatlar\u0131n n\u0259tic\u0259sidir v\u0259 rezin v\u0259 metal birl\u0259\u015fdirilmi\u015f hiss\u0259l\u0259rin birl\u0259\u015fm\u0259sind\u0259n haz\u0131rlanm\u0131\u015fd\u0131r. Metal qapaq ya\u011f v\u0259 su kimi m\u00fcxt\u0259lif mayel\u0259rd\u0259n qoruyur. Bundan \u0259lav\u0259, antivibrasiya qur\u011fusunun \u0259sas g\u00f6vd\u0259sini g\u00fcn\u0259\u015fd\u0259n qoruyur, \u00f6mr\u00fcn\u00fc art\u0131r\u0131r.  Metal \u00f6rt\u00fck onu oksidl\u0259\u015fm\u0259d\u0259n qoruyan sinkl\u0259nmi\u015f metal t\u0259b\u0259q\u0259d\u0259n haz\u0131rlanm\u0131\u015fd\u0131r. Qalan metal hiss\u0259l\u0259ri oksidl\u0259\u015fm\u0259d\u0259n daha yax\u015f\u0131 qorunmaq \u00fc\u00e7\u00fcn rezinl\u0259 \u00f6rt\u00fclm\u00fc\u015fd\u00fcr, \u00fcst v\u0259 alt s\u0259thl\u0259rd\u0259 is\u0259 s\u00fcrt\u00fcnm\u0259ni art\u0131ran v\u0259 s\u00fcr\u00fc\u015fm\u0259 s\u0259thini azaldan x\u00fcsusi astarlar var.  Vibro \u2013 EM.2 a\u015fa\u011f\u0131dak\u0131 hallarda istifad\u0259 edil\u0259 bil\u0259r:  Hava idar\u0259etm\u0259 qur\u011fular\u0131 kondisioner nasoslar hava kompressorlar\u0131 ventilyatorlar transformatorlar motor generatorlar\u0131 K\u0259sm\u0259 ma\u015f\u0131nlar\u0131 \u00c7ap ma\u015f\u0131nlar\u0131 liftl\u0259r v\u0259 s.  X\u00fcsusi i\u015far\u0259 (W: A\u011f, B: Mavi, R: Q\u0131rm\u0131z\u0131) rezin s\u0259rtliyini v\u0259 onun d\u00f6z\u0259 bil\u0259c\u0259yi maksimum y\u00fck\u00fc m\u00fc\u0259yy\u0259n edir.\" \/>\n<meta property=\"og:url\" content=\"https:\/\/geoclimate.ge\/az\/product\/vibro-em-2-anti-vibration-metal-rubber-mount-type-2\/\" \/>\n<meta property=\"og:site_name\" content=\"GeoClimate.ge\" \/>\n<meta property=\"article:modified_time\" content=\"2025-02-25T20:19:06+00:00\" \/>\n<meta property=\"og:image\" content=\"https:\/\/geoclimate.ge\/wp-content\/uploads\/2025\/02\/072009102809_A.jpg\" \/>\n\t<meta property=\"og:image:width\" content=\"280\" \/>\n\t<meta property=\"og:image:height\" content=\"210\" \/>\n\t<meta property=\"og:image:type\" content=\"image\/jpeg\" \/>\n<meta name=\"twitter:card\" content=\"summary_large_image\" \/>\n<script type=\"application\/ld+json\" class=\"yoast-schema-graph\">{\"@context\":\"https:\/\/schema.org\",\"@graph\":[{\"@type\":\"WebPage\",\"@id\":\"https:\/\/geoclimate.ge\/az\/product\/vibro-em-2-anti-vibration-metal-rubber-mount-type-2\/\",\"url\":\"https:\/\/geoclimate.ge\/az\/product\/vibro-em-2-anti-vibration-metal-rubber-mount-type-2\/\",\"name\":\"Vibro-EM.2: vibrasiya \u0259leyhin\u0259 metal rezin montaj (tip 2) - GeoClimate.ge\",\"isPartOf\":{\"@id\":\"https:\/\/geoclimate.ge\/#website\"},\"primaryImageOfPage\":{\"@id\":\"https:\/\/geoclimate.ge\/az\/product\/vibro-em-2-anti-vibration-metal-rubber-mount-type-2\/#primaryimage\"},\"image\":{\"@id\":\"https:\/\/geoclimate.ge\/az\/product\/vibro-em-2-anti-vibration-metal-rubber-mount-type-2\/#primaryimage\"},\"thumbnailUrl\":\"https:\/\/geoclimate.ge\/wp-content\/uploads\/2025\/02\/072009102809_A.jpg\",\"datePublished\":\"2025-02-07T17:47:55+00:00\",\"dateModified\":\"2025-02-25T20:19:06+00:00\",\"breadcrumb\":{\"@id\":\"https:\/\/geoclimate.ge\/az\/product\/vibro-em-2-anti-vibration-metal-rubber-mount-type-2\/#breadcrumb\"},\"inLanguage\":\"az\",\"potentialAction\":[{\"@type\":\"ReadAction\",\"target\":[\"https:\/\/geoclimate.ge\/az\/product\/vibro-em-2-anti-vibration-metal-rubber-mount-type-2\/\"]}]},{\"@type\":\"ImageObject\",\"inLanguage\":\"az\",\"@id\":\"https:\/\/geoclimate.ge\/az\/product\/vibro-em-2-anti-vibration-metal-rubber-mount-type-2\/#primaryimage\",\"url\":\"https:\/\/geoclimate.ge\/wp-content\/uploads\/2025\/02\/072009102809_A.jpg\",\"contentUrl\":\"https:\/\/geoclimate.ge\/wp-content\/uploads\/2025\/02\/072009102809_A.jpg\",\"width\":280,\"height\":210},{\"@type\":\"BreadcrumbList\",\"@id\":\"https:\/\/geoclimate.ge\/az\/product\/vibro-em-2-anti-vibration-metal-rubber-mount-type-2\/#breadcrumb\",\"itemListElement\":[{\"@type\":\"ListItem\",\"position\":1,\"name\":\"Home\",\"item\":\"https:\/\/geoclimate.ge\/az\/\"},{\"@type\":\"ListItem\",\"position\":2,\"name\":\"M\u0259hsullar\",\"item\":\"https:\/\/geoclimate.ge\/az\/products\/\"},{\"@type\":\"ListItem\",\"position\":3,\"name\":\"Vibro-EM.2: vibrasiya \u0259leyhin\u0259 metal rezin montaj (tip 2)\"}]},{\"@type\":\"WebSite\",\"@id\":\"https:\/\/geoclimate.ge\/#website\",\"url\":\"https:\/\/geoclimate.ge\/\",\"name\":\"GeoClimate\",\"description\":\"\",\"publisher\":{\"@id\":\"https:\/\/geoclimate.ge\/#organization\"},\"potentialAction\":[{\"@type\":\"SearchAction\",\"target\":{\"@type\":\"EntryPoint\",\"urlTemplate\":\"https:\/\/geoclimate.ge\/?s={search_term_string}\"},\"query-input\":{\"@type\":\"PropertyValueSpecification\",\"valueRequired\":true,\"valueName\":\"search_term_string\"}}],\"inLanguage\":\"az\"},{\"@type\":\"Organization\",\"@id\":\"https:\/\/geoclimate.ge\/#organization\",\"name\":\"GeoClimate\",\"url\":\"https:\/\/geoclimate.ge\/\",\"logo\":{\"@type\":\"ImageObject\",\"inLanguage\":\"az\",\"@id\":\"https:\/\/geoclimate.ge\/#\/schema\/logo\/image\/\",\"url\":\"https:\/\/geoclimate.ge\/wp-content\/uploads\/2026\/03\/geoclimate-SEO.png\",\"contentUrl\":\"https:\/\/geoclimate.ge\/wp-content\/uploads\/2026\/03\/geoclimate-SEO.png\",\"width\":1536,\"height\":1024,\"caption\":\"GeoClimate\"},\"image\":{\"@id\":\"https:\/\/geoclimate.ge\/#\/schema\/logo\/image\/\"}}]}<\/script>\n<!-- \/ Yoast SEO plugin. -->","yoast_head_json":{"title":"Vibro-EM.2: vibrasiya \u0259leyhin\u0259 metal rezin montaj (tip 2) - GeoClimate.ge","robots":{"index":"index","follow":"follow","max-snippet":"max-snippet:-1","max-image-preview":"max-image-preview:large","max-video-preview":"max-video-preview:-1"},"canonical":"https:\/\/geoclimate.ge\/az\/product\/vibro-em-2-anti-vibration-metal-rubber-mount-type-2\/","og_locale":"az_AZ","og_type":"article","og_title":"Vibro-EM.2: vibrasiya \u0259leyhin\u0259 metal rezin montaj (tip 2) - GeoClimate.ge","og_description":"Vibro-E\u039c.2 x\u00fcsusi t\u0259dqiqatlar\u0131n n\u0259tic\u0259sidir v\u0259 rezin v\u0259 metal birl\u0259\u015fdirilmi\u015f hiss\u0259l\u0259rin birl\u0259\u015fm\u0259sind\u0259n haz\u0131rlanm\u0131\u015fd\u0131r. Metal qapaq ya\u011f v\u0259 su kimi m\u00fcxt\u0259lif mayel\u0259rd\u0259n qoruyur. Bundan \u0259lav\u0259, antivibrasiya qur\u011fusunun \u0259sas g\u00f6vd\u0259sini g\u00fcn\u0259\u015fd\u0259n qoruyur, \u00f6mr\u00fcn\u00fc art\u0131r\u0131r.  Metal \u00f6rt\u00fck onu oksidl\u0259\u015fm\u0259d\u0259n qoruyan sinkl\u0259nmi\u015f metal t\u0259b\u0259q\u0259d\u0259n haz\u0131rlanm\u0131\u015fd\u0131r. Qalan metal hiss\u0259l\u0259ri oksidl\u0259\u015fm\u0259d\u0259n daha yax\u015f\u0131 qorunmaq \u00fc\u00e7\u00fcn rezinl\u0259 \u00f6rt\u00fclm\u00fc\u015fd\u00fcr, \u00fcst v\u0259 alt s\u0259thl\u0259rd\u0259 is\u0259 s\u00fcrt\u00fcnm\u0259ni art\u0131ran v\u0259 s\u00fcr\u00fc\u015fm\u0259 s\u0259thini azaldan x\u00fcsusi astarlar var.  Vibro \u2013 EM.2 a\u015fa\u011f\u0131dak\u0131 hallarda istifad\u0259 edil\u0259 bil\u0259r:  Hava idar\u0259etm\u0259 qur\u011fular\u0131 kondisioner nasoslar hava kompressorlar\u0131 ventilyatorlar transformatorlar motor generatorlar\u0131 K\u0259sm\u0259 ma\u015f\u0131nlar\u0131 \u00c7ap ma\u015f\u0131nlar\u0131 liftl\u0259r v\u0259 s.  X\u00fcsusi i\u015far\u0259 (W: A\u011f, B: Mavi, R: Q\u0131rm\u0131z\u0131) rezin s\u0259rtliyini v\u0259 onun d\u00f6z\u0259 bil\u0259c\u0259yi maksimum y\u00fck\u00fc m\u00fc\u0259yy\u0259n edir.","og_url":"https:\/\/geoclimate.ge\/az\/product\/vibro-em-2-anti-vibration-metal-rubber-mount-type-2\/","og_site_name":"GeoClimate.ge","article_modified_time":"2025-02-25T20:19:06+00:00","og_image":[{"width":280,"height":210,"url":"https:\/\/geoclimate.ge\/wp-content\/uploads\/2025\/02\/072009102809_A.jpg","type":"image\/jpeg"}],"twitter_card":"summary_large_image","schema":{"@context":"https:\/\/schema.org","@graph":[{"@type":"WebPage","@id":"https:\/\/geoclimate.ge\/az\/product\/vibro-em-2-anti-vibration-metal-rubber-mount-type-2\/","url":"https:\/\/geoclimate.ge\/az\/product\/vibro-em-2-anti-vibration-metal-rubber-mount-type-2\/","name":"Vibro-EM.2: vibrasiya \u0259leyhin\u0259 metal rezin montaj (tip 2) - GeoClimate.ge","isPartOf":{"@id":"https:\/\/geoclimate.ge\/#website"},"primaryImageOfPage":{"@id":"https:\/\/geoclimate.ge\/az\/product\/vibro-em-2-anti-vibration-metal-rubber-mount-type-2\/#primaryimage"},"image":{"@id":"https:\/\/geoclimate.ge\/az\/product\/vibro-em-2-anti-vibration-metal-rubber-mount-type-2\/#primaryimage"},"thumbnailUrl":"https:\/\/geoclimate.ge\/wp-content\/uploads\/2025\/02\/072009102809_A.jpg","datePublished":"2025-02-07T17:47:55+00:00","dateModified":"2025-02-25T20:19:06+00:00","breadcrumb":{"@id":"https:\/\/geoclimate.ge\/az\/product\/vibro-em-2-anti-vibration-metal-rubber-mount-type-2\/#breadcrumb"},"inLanguage":"az","potentialAction":[{"@type":"ReadAction","target":["https:\/\/geoclimate.ge\/az\/product\/vibro-em-2-anti-vibration-metal-rubber-mount-type-2\/"]}]},{"@type":"ImageObject","inLanguage":"az","@id":"https:\/\/geoclimate.ge\/az\/product\/vibro-em-2-anti-vibration-metal-rubber-mount-type-2\/#primaryimage","url":"https:\/\/geoclimate.ge\/wp-content\/uploads\/2025\/02\/072009102809_A.jpg","contentUrl":"https:\/\/geoclimate.ge\/wp-content\/uploads\/2025\/02\/072009102809_A.jpg","width":280,"height":210},{"@type":"BreadcrumbList","@id":"https:\/\/geoclimate.ge\/az\/product\/vibro-em-2-anti-vibration-metal-rubber-mount-type-2\/#breadcrumb","itemListElement":[{"@type":"ListItem","position":1,"name":"Home","item":"https:\/\/geoclimate.ge\/az\/"},{"@type":"ListItem","position":2,"name":"M\u0259hsullar","item":"https:\/\/geoclimate.ge\/az\/products\/"},{"@type":"ListItem","position":3,"name":"Vibro-EM.2: vibrasiya \u0259leyhin\u0259 metal rezin montaj (tip 2)"}]},{"@type":"WebSite","@id":"https:\/\/geoclimate.ge\/#website","url":"https:\/\/geoclimate.ge\/","name":"GeoClimate","description":"","publisher":{"@id":"https:\/\/geoclimate.ge\/#organization"},"potentialAction":[{"@type":"SearchAction","target":{"@type":"EntryPoint","urlTemplate":"https:\/\/geoclimate.ge\/?s={search_term_string}"},"query-input":{"@type":"PropertyValueSpecification","valueRequired":true,"valueName":"search_term_string"}}],"inLanguage":"az"},{"@type":"Organization","@id":"https:\/\/geoclimate.ge\/#organization","name":"GeoClimate","url":"https:\/\/geoclimate.ge\/","logo":{"@type":"ImageObject","inLanguage":"az","@id":"https:\/\/geoclimate.ge\/#\/schema\/logo\/image\/","url":"https:\/\/geoclimate.ge\/wp-content\/uploads\/2026\/03\/geoclimate-SEO.png","contentUrl":"https:\/\/geoclimate.ge\/wp-content\/uploads\/2026\/03\/geoclimate-SEO.png","width":1536,"height":1024,"caption":"GeoClimate"},"image":{"@id":"https:\/\/geoclimate.ge\/#\/schema\/logo\/image\/"}}]}},"_links":{"self":[{"href":"https:\/\/geoclimate.ge\/az\/wp-json\/wp\/v2\/product\/23653","targetHints":{"allow":["GET"]}}],"collection":[{"href":"https:\/\/geoclimate.ge\/az\/wp-json\/wp\/v2\/product"}],"about":[{"href":"https:\/\/geoclimate.ge\/az\/wp-json\/wp\/v2\/types\/product"}],"wp:featuredmedia":[{"embeddable":true,"href":"https:\/\/geoclimate.ge\/az\/wp-json\/wp\/v2\/media\/22575"}],"wp:attachment":[{"href":"https:\/\/geoclimate.ge\/az\/wp-json\/wp\/v2\/media?parent=23653"}],"wp:term":[{"taxonomy":"product_brand","embeddable":true,"href":"https:\/\/geoclimate.ge\/az\/wp-json\/wp\/v2\/product_brand?post=23653"},{"taxonomy":"product_cat","embeddable":true,"href":"https:\/\/geoclimate.ge\/az\/wp-json\/wp\/v2\/product_cat?post=23653"},{"taxonomy":"product_tag","embeddable":true,"href":"https:\/\/geoclimate.ge\/az\/wp-json\/wp\/v2\/product_tag?post=23653"}],"curies":[{"name":"wp","href":"https:\/\/api.w.org\/{rel}","templated":true}]}}