{"id":23655,"date":"2025-02-07T21:42:20","date_gmt":"2025-02-07T17:42:20","guid":{"rendered":"https:\/\/airsystems.ge\/shop\/product\/vibro-smrv-anti-vibration-spring-mounts-with-visco-dampers\/"},"modified":"2025-02-26T00:24:25","modified_gmt":"2025-02-25T20:24:25","slug":"vibro-smrv-anti-vibration-spring-mounts-with-visco-dampers","status":"publish","type":"product","link":"https:\/\/geoclimate.ge\/az\/product\/vibro-smrv-anti-vibration-spring-mounts-with-visco-dampers\/","title":{"rendered":"Vibro-SMRV: Visko amortizatorlar\u0131 olan anti-vibrasiya yaylar\u0131"},"content":{"rendered":"<table>\n<thead>\n<tr>\n<th>TYPE<\/th>\n<th>DIMENSIONS<br \/>\n(AxBxH) (mm)<\/th>\n<th>SPRING NUMBER<\/th>\n<th>MAX LOAD (Kp*)<\/th>\n<\/tr>\n<\/thead>\n<tbody>\n<tr>\n<td>Vibro SMRV \u2013 500.2<\/td>\n<td>95x340x174<\/td>\n<td>2<\/td>\n<td>500<\/td>\n<\/tr>\n<tr>\n<td>Vibro SMRV \u2013 1000.2<\/td>\n<td>95x340x174<\/td>\n<td>2<\/td>\n<td>1000<\/td>\n<\/tr>\n<tr>\n<td>Vibro SMRV \u2013 1500.2<\/td>\n<td>95x340x174<\/td>\n<td>2<\/td>\n<td>1500<\/td>\n<\/tr>\n<tr>\n<td>Vibro SMRV \u2013 1000.4<\/td>\n<td>195x290x175<\/td>\n<td>4<\/td>\n<td>1000<\/td>\n<\/tr>\n<tr>\n<td>Vibro SMRV \u2013 2000.4<\/td>\n<td>195x290x175<\/td>\n<td>4<\/td>\n<td>2000<\/td>\n<\/tr>\n<tr>\n<td>Vibro SMRV \u2013 3000.4<\/td>\n<td>195x290x175<\/td>\n<td>4<\/td>\n<td>3000<\/td>\n<\/tr>\n<\/tbody>\n<\/table>\n<p>*1Kp=10N<\/p>\n<p><img loading=\"lazy\" decoding=\"async\" class=\"alignnone size-full wp-image-4768\" src=\"https:\/\/antivibration-systems.com\/wp-content\/uploads\/2017\/08\/Screen-Shot-2017-08-18-at-2.24.54-PM.png\" alt=\"Screen Shot 2017-08-18 at 2.24.54 PM\" width=\"222\" height=\"219\" \/><\/p>\n<p>\u00c7arpma (maksimum y\u00fckd\u0259): 25 mm<br \/>\nT\u0259bii Tezlik (maksimum y\u00fckd\u0259): 3 Hz<\/p>\n","protected":false},"excerpt":{"rendered":"<p>\u00c7ox\u00f6l\u00e7\u00fcl\u00fc saxlama, \u00f6zl\u00fc s\u00f6n\u00fcm v\u0259 t\u0259nziml\u0259n\u0259n h\u00fcnd\u00fcrl\u00fcy\u0259 malik antivibrasiya yaylar\u0131.<\/p>\n<p>T\u018fSV\u0130R\u0130<\/p>\n<p>Vibro-SMRV vibrasiya \u0259leyhin\u0259 yay qur\u011fular\u0131 h\u00fcnd\u00fcrl\u00fcy\u00fc t\u0259nziml\u0259n\u0259n yay v\u0259 visko-damper mexanizminin birl\u0259\u015fm\u0259sin\u0259 malik \u00e7ox istiqam\u0259tli vibrasiya \u0259leyhin\u0259 qoruyucudur. Vibro-SMRV a\u015fa\u011f\u0131 tezlikli vibrasiya n\u0259zar\u0259ti (a\u015fa\u011f\u0131 s\u00fcr\u0259tli f\u0131rlanma 400 rpm yuxar\u0131) \u00fc\u00e7\u00fcn istifad\u0259 edil\u0259 bil\u0259r ki, bu da yanal v\u0259 \u015faquli m\u0259hdudla\u015fd\u0131rma v\u0259 z\u0259lz\u0259l\u0259l\u0259rd\u0259n v\u0259 h\u0259ddind\u0259n art\u0131q k\u00fcl\u0259k t\u0259zyiqind\u0259n qorunma t\u0259l\u0259b edir.<\/p>\n<p>Visko-damperl\u0259r cihaz\u0131 kinetik enerjini istiliy\u0259 \u00e7evir\u0259r\u0259k vibrasiyalar\u0131 azald\u0131r v\u0259 bel\u0259likl\u0259 sistemin h\u0259r\u0259k\u0259tini azald\u0131r. Ma\u015f\u0131n\u0131n h\u0259y\u0259canlanma tezliyinin t\u0259bii tezliyin\u0259 yax\u0131n oldu\u011fu hallarda amortizasiya t\u0259l\u0259b olunur.<\/p>\n<p>Visko-damper, avadanl\u0131\u011f\u0131n i\u015f\u0259 sal\u0131nmas\u0131 v\u0259 ba\u011flanmas\u0131 m\u0259rh\u0259l\u0259sind\u0259 rezonans diapazonundan ke\u00e7\u0259rk\u0259n y\u00fcks\u0259l\u0259n y\u00fcks\u0259k r\u0259qsl\u0259ri azaltma\u011fa k\u00f6m\u0259k edir.<\/p>\n<p>Bu viskoz vibrasiya izolyatoru, son ill\u0259rd\u0259 \u0259h\u0259miyy\u0259tli d\u0259r\u0259c\u0259d\u0259 geni\u015fl\u0259ndirilmi\u015f VIBRO diapazonunun vibrasiya izolyasiyas\u0131 \u00fc\u00e7\u00fcn m\u00f6vcud yay qur\u011fular\u0131n\u0131n \u00e7e\u015fidini geni\u015fl\u0259ndirir. Haz\u0131rk\u0131 yay qur\u011fular\u0131m\u0131z \u00f6zl\u00fc damper vasit\u0259sil\u0259 v\u0259 ya artan \u0259yilm\u0259 yay qur\u011fular\u0131 vasit\u0259sil\u0259 a\u015fa\u011f\u0131 t\u0259bii tezlik v\u0259 y\u00fcks\u0259k vibrasiya izolyasiya s\u0259m\u0259r\u0259liliyi t\u0259l\u0259b ed\u0259n geni\u015f layih\u0259l\u0259ri \u0259hat\u0259 ed\u0259 bil\u0259r.<\/p>\n<p>T\u018fTB\u0130QL\u018fR<\/p>\n<p>Tipik t\u0259tbiql\u0259r hava kompressorlar\u0131, iki d\u00f6vr\u0259li m\u00fch\u0259rrikl\u0259r, soyuducular, su soyutma q\u00fcll\u0259l\u0259ri, hava idar\u0259etm\u0259 qur\u011fular\u0131 v\u0259 s.<\/p>\n<p>Korpus real poladdan haz\u0131rlanm\u0131\u015fd\u0131r v\u0259 polyester toz boya il\u0259 oksidl\u0259\u015fm\u0259d\u0259n qorunur (istiqam\u0259t\u0259 g\u00f6r\u0259 isti dald\u0131rma sinkl\u0259nmi\u015f).<\/p>\n","protected":false},"featured_media":22573,"template":"","meta":[],"product_brand":[],"product_cat":[927],"product_tag":[],"class_list":{"0":"post-23655","1":"product","2":"type-product","3":"status-publish","4":"has-post-thumbnail","6":"product_cat-vibrasiya-anti-ss-kuy-akustik-az","8":"first","9":"instock","10":"shipping-taxable","11":"product-type-simple"},"yoast_head":"<!-- This site is optimized with the Yoast SEO plugin v27.1.1 - https:\/\/yoast.com\/product\/yoast-seo-wordpress\/ -->\n<title>Vibro-SMRV: Visko amortizatorlar\u0131 olan anti-vibrasiya yaylar\u0131 - GeoClimate.ge<\/title>\n<meta name=\"robots\" content=\"index, follow, max-snippet:-1, max-image-preview:large, max-video-preview:-1\" \/>\n<link rel=\"canonical\" href=\"https:\/\/geoclimate.ge\/az\/product\/vibro-smrv-anti-vibration-spring-mounts-with-visco-dampers\/\" \/>\n<meta property=\"og:locale\" content=\"az_AZ\" \/>\n<meta property=\"og:type\" content=\"article\" \/>\n<meta property=\"og:title\" content=\"Vibro-SMRV: Visko amortizatorlar\u0131 olan anti-vibrasiya yaylar\u0131 - GeoClimate.ge\" \/>\n<meta property=\"og:description\" content=\"\u00c7ox\u00f6l\u00e7\u00fcl\u00fc saxlama, \u00f6zl\u00fc s\u00f6n\u00fcm v\u0259 t\u0259nziml\u0259n\u0259n h\u00fcnd\u00fcrl\u00fcy\u0259 malik antivibrasiya yaylar\u0131.  T\u018fSV\u0130R\u0130  Vibro-SMRV vibrasiya \u0259leyhin\u0259 yay qur\u011fular\u0131 h\u00fcnd\u00fcrl\u00fcy\u00fc t\u0259nziml\u0259n\u0259n yay v\u0259 visko-damper mexanizminin birl\u0259\u015fm\u0259sin\u0259 malik \u00e7ox istiqam\u0259tli vibrasiya \u0259leyhin\u0259 qoruyucudur. Vibro-SMRV a\u015fa\u011f\u0131 tezlikli vibrasiya n\u0259zar\u0259ti (a\u015fa\u011f\u0131 s\u00fcr\u0259tli f\u0131rlanma 400 rpm yuxar\u0131) \u00fc\u00e7\u00fcn istifad\u0259 edil\u0259 bil\u0259r ki, bu da yanal v\u0259 \u015faquli m\u0259hdudla\u015fd\u0131rma v\u0259 z\u0259lz\u0259l\u0259l\u0259rd\u0259n v\u0259 h\u0259ddind\u0259n art\u0131q k\u00fcl\u0259k t\u0259zyiqind\u0259n qorunma t\u0259l\u0259b edir.  Visko-damperl\u0259r cihaz\u0131 kinetik enerjini istiliy\u0259 \u00e7evir\u0259r\u0259k vibrasiyalar\u0131 azald\u0131r v\u0259 bel\u0259likl\u0259 sistemin h\u0259r\u0259k\u0259tini azald\u0131r. Ma\u015f\u0131n\u0131n h\u0259y\u0259canlanma tezliyinin t\u0259bii tezliyin\u0259 yax\u0131n oldu\u011fu hallarda amortizasiya t\u0259l\u0259b olunur.  Visko-damper, avadanl\u0131\u011f\u0131n i\u015f\u0259 sal\u0131nmas\u0131 v\u0259 ba\u011flanmas\u0131 m\u0259rh\u0259l\u0259sind\u0259 rezonans diapazonundan ke\u00e7\u0259rk\u0259n y\u00fcks\u0259l\u0259n y\u00fcks\u0259k r\u0259qsl\u0259ri azaltma\u011fa k\u00f6m\u0259k edir.  Bu viskoz vibrasiya izolyatoru, son ill\u0259rd\u0259 \u0259h\u0259miyy\u0259tli d\u0259r\u0259c\u0259d\u0259 geni\u015fl\u0259ndirilmi\u015f VIBRO diapazonunun vibrasiya izolyasiyas\u0131 \u00fc\u00e7\u00fcn m\u00f6vcud yay qur\u011fular\u0131n\u0131n \u00e7e\u015fidini geni\u015fl\u0259ndirir. Haz\u0131rk\u0131 yay qur\u011fular\u0131m\u0131z \u00f6zl\u00fc damper vasit\u0259sil\u0259 v\u0259 ya artan \u0259yilm\u0259 yay qur\u011fular\u0131 vasit\u0259sil\u0259 a\u015fa\u011f\u0131 t\u0259bii tezlik v\u0259 y\u00fcks\u0259k vibrasiya izolyasiya s\u0259m\u0259r\u0259liliyi t\u0259l\u0259b ed\u0259n geni\u015f layih\u0259l\u0259ri \u0259hat\u0259 ed\u0259 bil\u0259r.  T\u018fTB\u0130QL\u018fR  Tipik t\u0259tbiql\u0259r hava kompressorlar\u0131, iki d\u00f6vr\u0259li m\u00fch\u0259rrikl\u0259r, soyuducular, su soyutma q\u00fcll\u0259l\u0259ri, hava idar\u0259etm\u0259 qur\u011fular\u0131 v\u0259 s.  Korpus real poladdan haz\u0131rlanm\u0131\u015fd\u0131r v\u0259 polyester toz boya il\u0259 oksidl\u0259\u015fm\u0259d\u0259n qorunur (istiqam\u0259t\u0259 g\u00f6r\u0259 isti dald\u0131rma sinkl\u0259nmi\u015f).\" \/>\n<meta property=\"og:url\" content=\"https:\/\/geoclimate.ge\/az\/product\/vibro-smrv-anti-vibration-spring-mounts-with-visco-dampers\/\" \/>\n<meta property=\"og:site_name\" content=\"GeoClimate.ge\" \/>\n<meta property=\"article:modified_time\" content=\"2025-02-25T20:24:25+00:00\" \/>\n<meta property=\"og:image\" content=\"https:\/\/geoclimate.ge\/wp-content\/uploads\/2025\/02\/Screen-Shot-2017-08-18-at-3.01.21-PM.png\" \/>\n\t<meta property=\"og:image:width\" content=\"207\" \/>\n\t<meta property=\"og:image:height\" content=\"180\" \/>\n\t<meta property=\"og:image:type\" content=\"image\/png\" \/>\n<meta name=\"twitter:card\" content=\"summary_large_image\" \/>\n<script type=\"application\/ld+json\" class=\"yoast-schema-graph\">{\"@context\":\"https:\/\/schema.org\",\"@graph\":[{\"@type\":\"WebPage\",\"@id\":\"https:\/\/geoclimate.ge\/az\/product\/vibro-smrv-anti-vibration-spring-mounts-with-visco-dampers\/\",\"url\":\"https:\/\/geoclimate.ge\/az\/product\/vibro-smrv-anti-vibration-spring-mounts-with-visco-dampers\/\",\"name\":\"Vibro-SMRV: Visko amortizatorlar\u0131 olan anti-vibrasiya yaylar\u0131 - GeoClimate.ge\",\"isPartOf\":{\"@id\":\"https:\/\/geoclimate.ge\/#website\"},\"primaryImageOfPage\":{\"@id\":\"https:\/\/geoclimate.ge\/az\/product\/vibro-smrv-anti-vibration-spring-mounts-with-visco-dampers\/#primaryimage\"},\"image\":{\"@id\":\"https:\/\/geoclimate.ge\/az\/product\/vibro-smrv-anti-vibration-spring-mounts-with-visco-dampers\/#primaryimage\"},\"thumbnailUrl\":\"https:\/\/geoclimate.ge\/wp-content\/uploads\/2025\/02\/Screen-Shot-2017-08-18-at-3.01.21-PM.png\",\"datePublished\":\"2025-02-07T17:42:20+00:00\",\"dateModified\":\"2025-02-25T20:24:25+00:00\",\"breadcrumb\":{\"@id\":\"https:\/\/geoclimate.ge\/az\/product\/vibro-smrv-anti-vibration-spring-mounts-with-visco-dampers\/#breadcrumb\"},\"inLanguage\":\"az\",\"potentialAction\":[{\"@type\":\"ReadAction\",\"target\":[\"https:\/\/geoclimate.ge\/az\/product\/vibro-smrv-anti-vibration-spring-mounts-with-visco-dampers\/\"]}]},{\"@type\":\"ImageObject\",\"inLanguage\":\"az\",\"@id\":\"https:\/\/geoclimate.ge\/az\/product\/vibro-smrv-anti-vibration-spring-mounts-with-visco-dampers\/#primaryimage\",\"url\":\"https:\/\/geoclimate.ge\/wp-content\/uploads\/2025\/02\/Screen-Shot-2017-08-18-at-3.01.21-PM.png\",\"contentUrl\":\"https:\/\/geoclimate.ge\/wp-content\/uploads\/2025\/02\/Screen-Shot-2017-08-18-at-3.01.21-PM.png\",\"width\":207,\"height\":180},{\"@type\":\"BreadcrumbList\",\"@id\":\"https:\/\/geoclimate.ge\/az\/product\/vibro-smrv-anti-vibration-spring-mounts-with-visco-dampers\/#breadcrumb\",\"itemListElement\":[{\"@type\":\"ListItem\",\"position\":1,\"name\":\"Home\",\"item\":\"https:\/\/geoclimate.ge\/az\/\"},{\"@type\":\"ListItem\",\"position\":2,\"name\":\"M\u0259hsullar\",\"item\":\"https:\/\/geoclimate.ge\/az\/products\/\"},{\"@type\":\"ListItem\",\"position\":3,\"name\":\"Vibro-SMRV: Visko amortizatorlar\u0131 olan anti-vibrasiya yaylar\u0131\"}]},{\"@type\":\"WebSite\",\"@id\":\"https:\/\/geoclimate.ge\/#website\",\"url\":\"https:\/\/geoclimate.ge\/\",\"name\":\"GeoClimate\",\"description\":\"\",\"publisher\":{\"@id\":\"https:\/\/geoclimate.ge\/#organization\"},\"potentialAction\":[{\"@type\":\"SearchAction\",\"target\":{\"@type\":\"EntryPoint\",\"urlTemplate\":\"https:\/\/geoclimate.ge\/?s={search_term_string}\"},\"query-input\":{\"@type\":\"PropertyValueSpecification\",\"valueRequired\":true,\"valueName\":\"search_term_string\"}}],\"inLanguage\":\"az\"},{\"@type\":\"Organization\",\"@id\":\"https:\/\/geoclimate.ge\/#organization\",\"name\":\"GeoClimate\",\"url\":\"https:\/\/geoclimate.ge\/\",\"logo\":{\"@type\":\"ImageObject\",\"inLanguage\":\"az\",\"@id\":\"https:\/\/geoclimate.ge\/#\/schema\/logo\/image\/\",\"url\":\"https:\/\/geoclimate.ge\/wp-content\/uploads\/2026\/03\/geoclimate-SEO.png\",\"contentUrl\":\"https:\/\/geoclimate.ge\/wp-content\/uploads\/2026\/03\/geoclimate-SEO.png\",\"width\":1536,\"height\":1024,\"caption\":\"GeoClimate\"},\"image\":{\"@id\":\"https:\/\/geoclimate.ge\/#\/schema\/logo\/image\/\"}}]}<\/script>\n<!-- \/ Yoast SEO plugin. -->","yoast_head_json":{"title":"Vibro-SMRV: Visko amortizatorlar\u0131 olan anti-vibrasiya yaylar\u0131 - GeoClimate.ge","robots":{"index":"index","follow":"follow","max-snippet":"max-snippet:-1","max-image-preview":"max-image-preview:large","max-video-preview":"max-video-preview:-1"},"canonical":"https:\/\/geoclimate.ge\/az\/product\/vibro-smrv-anti-vibration-spring-mounts-with-visco-dampers\/","og_locale":"az_AZ","og_type":"article","og_title":"Vibro-SMRV: Visko amortizatorlar\u0131 olan anti-vibrasiya yaylar\u0131 - GeoClimate.ge","og_description":"\u00c7ox\u00f6l\u00e7\u00fcl\u00fc saxlama, \u00f6zl\u00fc s\u00f6n\u00fcm v\u0259 t\u0259nziml\u0259n\u0259n h\u00fcnd\u00fcrl\u00fcy\u0259 malik antivibrasiya yaylar\u0131.  T\u018fSV\u0130R\u0130  Vibro-SMRV vibrasiya \u0259leyhin\u0259 yay qur\u011fular\u0131 h\u00fcnd\u00fcrl\u00fcy\u00fc t\u0259nziml\u0259n\u0259n yay v\u0259 visko-damper mexanizminin birl\u0259\u015fm\u0259sin\u0259 malik \u00e7ox istiqam\u0259tli vibrasiya \u0259leyhin\u0259 qoruyucudur. Vibro-SMRV a\u015fa\u011f\u0131 tezlikli vibrasiya n\u0259zar\u0259ti (a\u015fa\u011f\u0131 s\u00fcr\u0259tli f\u0131rlanma 400 rpm yuxar\u0131) \u00fc\u00e7\u00fcn istifad\u0259 edil\u0259 bil\u0259r ki, bu da yanal v\u0259 \u015faquli m\u0259hdudla\u015fd\u0131rma v\u0259 z\u0259lz\u0259l\u0259l\u0259rd\u0259n v\u0259 h\u0259ddind\u0259n art\u0131q k\u00fcl\u0259k t\u0259zyiqind\u0259n qorunma t\u0259l\u0259b edir.  Visko-damperl\u0259r cihaz\u0131 kinetik enerjini istiliy\u0259 \u00e7evir\u0259r\u0259k vibrasiyalar\u0131 azald\u0131r v\u0259 bel\u0259likl\u0259 sistemin h\u0259r\u0259k\u0259tini azald\u0131r. Ma\u015f\u0131n\u0131n h\u0259y\u0259canlanma tezliyinin t\u0259bii tezliyin\u0259 yax\u0131n oldu\u011fu hallarda amortizasiya t\u0259l\u0259b olunur.  Visko-damper, avadanl\u0131\u011f\u0131n i\u015f\u0259 sal\u0131nmas\u0131 v\u0259 ba\u011flanmas\u0131 m\u0259rh\u0259l\u0259sind\u0259 rezonans diapazonundan ke\u00e7\u0259rk\u0259n y\u00fcks\u0259l\u0259n y\u00fcks\u0259k r\u0259qsl\u0259ri azaltma\u011fa k\u00f6m\u0259k edir.  Bu viskoz vibrasiya izolyatoru, son ill\u0259rd\u0259 \u0259h\u0259miyy\u0259tli d\u0259r\u0259c\u0259d\u0259 geni\u015fl\u0259ndirilmi\u015f VIBRO diapazonunun vibrasiya izolyasiyas\u0131 \u00fc\u00e7\u00fcn m\u00f6vcud yay qur\u011fular\u0131n\u0131n \u00e7e\u015fidini geni\u015fl\u0259ndirir. Haz\u0131rk\u0131 yay qur\u011fular\u0131m\u0131z \u00f6zl\u00fc damper vasit\u0259sil\u0259 v\u0259 ya artan \u0259yilm\u0259 yay qur\u011fular\u0131 vasit\u0259sil\u0259 a\u015fa\u011f\u0131 t\u0259bii tezlik v\u0259 y\u00fcks\u0259k vibrasiya izolyasiya s\u0259m\u0259r\u0259liliyi t\u0259l\u0259b ed\u0259n geni\u015f layih\u0259l\u0259ri \u0259hat\u0259 ed\u0259 bil\u0259r.  T\u018fTB\u0130QL\u018fR  Tipik t\u0259tbiql\u0259r hava kompressorlar\u0131, iki d\u00f6vr\u0259li m\u00fch\u0259rrikl\u0259r, soyuducular, su soyutma q\u00fcll\u0259l\u0259ri, hava idar\u0259etm\u0259 qur\u011fular\u0131 v\u0259 s.  Korpus real poladdan haz\u0131rlanm\u0131\u015fd\u0131r v\u0259 polyester toz boya il\u0259 oksidl\u0259\u015fm\u0259d\u0259n qorunur (istiqam\u0259t\u0259 g\u00f6r\u0259 isti dald\u0131rma sinkl\u0259nmi\u015f).","og_url":"https:\/\/geoclimate.ge\/az\/product\/vibro-smrv-anti-vibration-spring-mounts-with-visco-dampers\/","og_site_name":"GeoClimate.ge","article_modified_time":"2025-02-25T20:24:25+00:00","og_image":[{"width":207,"height":180,"url":"https:\/\/geoclimate.ge\/wp-content\/uploads\/2025\/02\/Screen-Shot-2017-08-18-at-3.01.21-PM.png","type":"image\/png"}],"twitter_card":"summary_large_image","schema":{"@context":"https:\/\/schema.org","@graph":[{"@type":"WebPage","@id":"https:\/\/geoclimate.ge\/az\/product\/vibro-smrv-anti-vibration-spring-mounts-with-visco-dampers\/","url":"https:\/\/geoclimate.ge\/az\/product\/vibro-smrv-anti-vibration-spring-mounts-with-visco-dampers\/","name":"Vibro-SMRV: Visko amortizatorlar\u0131 olan anti-vibrasiya yaylar\u0131 - GeoClimate.ge","isPartOf":{"@id":"https:\/\/geoclimate.ge\/#website"},"primaryImageOfPage":{"@id":"https:\/\/geoclimate.ge\/az\/product\/vibro-smrv-anti-vibration-spring-mounts-with-visco-dampers\/#primaryimage"},"image":{"@id":"https:\/\/geoclimate.ge\/az\/product\/vibro-smrv-anti-vibration-spring-mounts-with-visco-dampers\/#primaryimage"},"thumbnailUrl":"https:\/\/geoclimate.ge\/wp-content\/uploads\/2025\/02\/Screen-Shot-2017-08-18-at-3.01.21-PM.png","datePublished":"2025-02-07T17:42:20+00:00","dateModified":"2025-02-25T20:24:25+00:00","breadcrumb":{"@id":"https:\/\/geoclimate.ge\/az\/product\/vibro-smrv-anti-vibration-spring-mounts-with-visco-dampers\/#breadcrumb"},"inLanguage":"az","potentialAction":[{"@type":"ReadAction","target":["https:\/\/geoclimate.ge\/az\/product\/vibro-smrv-anti-vibration-spring-mounts-with-visco-dampers\/"]}]},{"@type":"ImageObject","inLanguage":"az","@id":"https:\/\/geoclimate.ge\/az\/product\/vibro-smrv-anti-vibration-spring-mounts-with-visco-dampers\/#primaryimage","url":"https:\/\/geoclimate.ge\/wp-content\/uploads\/2025\/02\/Screen-Shot-2017-08-18-at-3.01.21-PM.png","contentUrl":"https:\/\/geoclimate.ge\/wp-content\/uploads\/2025\/02\/Screen-Shot-2017-08-18-at-3.01.21-PM.png","width":207,"height":180},{"@type":"BreadcrumbList","@id":"https:\/\/geoclimate.ge\/az\/product\/vibro-smrv-anti-vibration-spring-mounts-with-visco-dampers\/#breadcrumb","itemListElement":[{"@type":"ListItem","position":1,"name":"Home","item":"https:\/\/geoclimate.ge\/az\/"},{"@type":"ListItem","position":2,"name":"M\u0259hsullar","item":"https:\/\/geoclimate.ge\/az\/products\/"},{"@type":"ListItem","position":3,"name":"Vibro-SMRV: Visko amortizatorlar\u0131 olan anti-vibrasiya yaylar\u0131"}]},{"@type":"WebSite","@id":"https:\/\/geoclimate.ge\/#website","url":"https:\/\/geoclimate.ge\/","name":"GeoClimate","description":"","publisher":{"@id":"https:\/\/geoclimate.ge\/#organization"},"potentialAction":[{"@type":"SearchAction","target":{"@type":"EntryPoint","urlTemplate":"https:\/\/geoclimate.ge\/?s={search_term_string}"},"query-input":{"@type":"PropertyValueSpecification","valueRequired":true,"valueName":"search_term_string"}}],"inLanguage":"az"},{"@type":"Organization","@id":"https:\/\/geoclimate.ge\/#organization","name":"GeoClimate","url":"https:\/\/geoclimate.ge\/","logo":{"@type":"ImageObject","inLanguage":"az","@id":"https:\/\/geoclimate.ge\/#\/schema\/logo\/image\/","url":"https:\/\/geoclimate.ge\/wp-content\/uploads\/2026\/03\/geoclimate-SEO.png","contentUrl":"https:\/\/geoclimate.ge\/wp-content\/uploads\/2026\/03\/geoclimate-SEO.png","width":1536,"height":1024,"caption":"GeoClimate"},"image":{"@id":"https:\/\/geoclimate.ge\/#\/schema\/logo\/image\/"}}]}},"_links":{"self":[{"href":"https:\/\/geoclimate.ge\/az\/wp-json\/wp\/v2\/product\/23655","targetHints":{"allow":["GET"]}}],"collection":[{"href":"https:\/\/geoclimate.ge\/az\/wp-json\/wp\/v2\/product"}],"about":[{"href":"https:\/\/geoclimate.ge\/az\/wp-json\/wp\/v2\/types\/product"}],"wp:featuredmedia":[{"embeddable":true,"href":"https:\/\/geoclimate.ge\/az\/wp-json\/wp\/v2\/media\/22573"}],"wp:attachment":[{"href":"https:\/\/geoclimate.ge\/az\/wp-json\/wp\/v2\/media?parent=23655"}],"wp:term":[{"taxonomy":"product_brand","embeddable":true,"href":"https:\/\/geoclimate.ge\/az\/wp-json\/wp\/v2\/product_brand?post=23655"},{"taxonomy":"product_cat","embeddable":true,"href":"https:\/\/geoclimate.ge\/az\/wp-json\/wp\/v2\/product_cat?post=23655"},{"taxonomy":"product_tag","embeddable":true,"href":"https:\/\/geoclimate.ge\/az\/wp-json\/wp\/v2\/product_tag?post=23655"}],"curies":[{"name":"wp","href":"https:\/\/api.w.org\/{rel}","templated":true}]}}