{"id":23657,"date":"2025-02-07T21:37:34","date_gmt":"2025-02-07T17:37:34","guid":{"rendered":"https:\/\/airsystems.ge\/shop\/product\/vibro-smr-anti-vibration-restraint-spring-mounts\/"},"modified":"2025-02-26T00:24:25","modified_gmt":"2025-02-25T20:24:25","slug":"vibro-smr-anti-vibration-restraint-spring-mounts","status":"publish","type":"product","link":"https:\/\/geoclimate.ge\/az\/product\/vibro-smr-anti-vibration-restraint-spring-mounts\/","title":{"rendered":"Vibro-SMR: Vibrasiyaya qar\u015f\u0131 qoruyucu yay qur\u011fular\u0131"},"content":{"rendered":"<div class=\"tg-wrap\">\n<table>\n<thead>\n<tr>\n<th>TYPE<\/th>\n<th>No. of SPRINGS<\/th>\n<th>DIMENSIONS<br \/>\n(A-B-H mm)<\/th>\n<th>MAX LOAD<br \/>\n(daN)<\/th>\n<\/tr>\n<\/thead>\n<tbody>\n<tr>\n<td>Vibro-SMR 250.1<\/td>\n<td>1<\/td>\n<td>90-185-160<\/td>\n<td>250<\/td>\n<\/tr>\n<tr>\n<td>Vibro-SMR 500.1<\/td>\n<td>1<\/td>\n<td>90-185-160<\/td>\n<td>500<\/td>\n<\/tr>\n<tr>\n<td>Vibro-SMR 750.1<\/td>\n<td>1<\/td>\n<td>90-185-160<\/td>\n<td>750<\/td>\n<\/tr>\n<tr>\n<td>Vibro-SMR 500.2<\/td>\n<td>2<\/td>\n<td>95-260-170<\/td>\n<td>500<\/td>\n<\/tr>\n<tr>\n<td>Vibro-SMR 1000.2<\/td>\n<td>2<\/td>\n<td>95-260-170<\/td>\n<td>1000<\/td>\n<\/tr>\n<tr>\n<td>Vibro-SMR 1500.2<\/td>\n<td>2<\/td>\n<td>95-260-170<\/td>\n<td>1500<\/td>\n<\/tr>\n<tr>\n<td>Vibro-SMR 1000.4<\/td>\n<td>4<\/td>\n<td>195-290-180<\/td>\n<td>1000<\/td>\n<\/tr>\n<tr>\n<td>Vibro-SMR 2000.4<\/td>\n<td>4<\/td>\n<td>195-290-180<\/td>\n<td>2000<\/td>\n<\/tr>\n<tr>\n<td>Vibro-SMR 2500.5<\/td>\n<td>5<\/td>\n<td>195-290-180<\/td>\n<td>2500<\/td>\n<\/tr>\n<tr>\n<td>Vibro-SMR 3000.4<\/td>\n<td>4<\/td>\n<td>195-290-180<\/td>\n<td>3000<\/td>\n<\/tr>\n<tr>\n<td>Vibro-SMR 3750.5<\/td>\n<td>5<\/td>\n<td>195-290-180<\/td>\n<td>3750<\/td>\n<\/tr>\n<\/tbody>\n<\/table>\n<\/div>\n<p>\u0130st\u0259y\u0259 g\u00f6r\u0259 dig\u0259r y\u00fck diapazonu.<\/p>\n","protected":false},"excerpt":{"rendered":"<p>Vibro-SMR antivibrasiya yay qur\u011fular\u0131 h\u00fcnd\u00fcrl\u00fcy\u00fc t\u0259nziml\u0259n\u0259n \u00e7ox istiqam\u0259tli vibrasiya \u0259leyhin\u0259 qoruyucudur. Vibro-SMR a\u015fa\u011f\u0131 tezlikli vibrasiya n\u0259zar\u0259tl\u0259ri \u00fc\u00e7\u00fcn istifad\u0259 edil\u0259 bil\u0259r (a\u015fa\u011f\u0131 s\u00fcr\u0259tli f\u0131rlanma 400 rpm yuxar\u0131), bu da yanal v\u0259 \u015faquli m\u0259hdudla\u015fd\u0131rma v\u0259 z\u0259lz\u0259l\u0259l\u0259rd\u0259n v\u0259 h\u0259ddind\u0259n art\u0131q k\u00fcl\u0259k t\u0259zyiqind\u0259n qorunma t\u0259l\u0259b edir.<\/p>\n<p>T\u018fSV\u0130R\u0130<\/p>\n<p>Vibro-SMR vibrasiya \u0259leyhin\u0259 yay qur\u011fular\u0131 h\u00fcnd\u00fcrl\u00fcy\u00fc t\u0259nziml\u0259n\u0259n \u00e7ox istiqam\u0259tli vibrasiya \u0259leyhin\u0259 qoruyuculard\u0131r. Vibro-SMR a\u015fa\u011f\u0131 tezlikli vibrasiya n\u0259zar\u0259tl\u0259ri (a\u015fa\u011f\u0131 s\u00fcr\u0259tli f\u0131rlanma 400 rpm yuxar\u0131) \u00fc\u00e7\u00fcn istifad\u0259 edil\u0259 bil\u0259r ki, bu da yanal v\u0259 \u015faquli m\u0259hdudla\u015fd\u0131rma v\u0259 z\u0259lz\u0259l\u0259l\u0259rd\u0259n v\u0259 h\u0259ddind\u0259n art\u0131q k\u00fcl\u0259k t\u0259zyiqind\u0259n qorunma t\u0259l\u0259b edir. Onlar g\u0259rginlik, s\u0131x\u0131lma, k\u0259sm\u0259 xarakterli q\u00fcvv\u0259l\u0259ri saxlaya bilirl\u0259r.<\/p>\n<p>Tipik t\u0259tbiql\u0259r hava kompressorlar\u0131, iki d\u00f6vr\u0259li m\u00fch\u0259rrikl\u0259r, soyuducular, su soyutma q\u00fcll\u0259l\u0259ri, kondisioner qur\u011fular\u0131 v\u0259 s. Korpus \u00e7uqundan deyil, h\u0259qiqi poladdan haz\u0131rlan\u0131r v\u0259 polyester toz boya il\u0259 oksidl\u0259\u015fm\u0259d\u0259n qorunur (ist\u0259nil\u0259nl\u0259r\u0259 g\u00f6r\u0259 isti dald\u0131rma sinkl\u0259nmi\u015f). Onun innovativ dizayn\u0131 q\u00f6vs v\u0259h\u015filiyini minimuma endirm\u0259y\u0259 m\u00fcv\u0259ff\u0259q olmu\u015fdur.<\/p>\n<p>Anti-vibrasiya yaylar\u0131 ISO.EN.10270 standartlar\u0131na uy\u011fundur v\u0259 maksimum y\u00fckl\u0259m\u0259 qabiliyy\u0259tini t\u0259yin etm\u0259k \u00fc\u00e7\u00fcn r\u0259ng g\u00f6st\u0259ricisin\u0259 malikdir. Qura\u015fd\u0131rma zaman\u0131 ma\u015f\u0131n\u0131 hizalamaq \u00fc\u00e7\u00fcn h\u00fcnd\u00fcrl\u00fcy\u00fc t\u0259nziml\u0259n\u0259n sistem yerl\u0259\u015fdirilir.<\/p>\n<p>Onlar\u0131n bazas\u0131nda onlar xarici \u015f\u0259rait\u0259 davaml\u0131 x\u00fcsusi rezin profil\u0259 malikdirl\u0259r v\u0259 bel\u0259likl\u0259, y\u00fcks\u0259k tezlikl\u0259rd\u0259 d\u0259 daha yax\u015f\u0131 vibrasiya izolyasiya effektivliyi t\u0259klif edirl\u0259r. (iste\u011fe ba\u011fl\u0131)<\/p>\n<p>Anti-vibrasiya qur\u011fular\u0131 Vibro-SMR qabaqc\u0131l dizayn\u0131 h\u0259m \u015faquli, h\u0259m d\u0259 yanal (z\u0259lz\u0259l\u0259l\u0259r, qas\u0131r\u011falar v\u0259 k\u00fcl\u0259k t\u0259zyiqind\u0259n qorunma kimi) m\u00fcxt\u0259lif istiqam\u0259tl\u0259rd\u0259n olan q\u00fcvv\u0259l\u0259ri u\u011furla davam etdir\u0259 bilir.<\/p>\n<p>Potensial s\u0259s k\u00f6rp\u00fcs\u00fc \u00f6t\u00fcr\u00fclm\u0259sinin qar\u015f\u0131s\u0131n\u0131 almaq \u00fc\u00e7\u00fcn iki \u015faquli s\u0259th aras\u0131nda elastik bir conta qoyulur.<\/p>\n","protected":false},"featured_media":22551,"template":"","meta":[],"product_brand":[],"product_cat":[927],"product_tag":[],"class_list":{"0":"post-23657","1":"product","2":"type-product","3":"status-publish","4":"has-post-thumbnail","6":"product_cat-vibrasiya-anti-ss-kuy-akustik-az","8":"first","9":"instock","10":"shipping-taxable","11":"product-type-simple"},"yoast_head":"<!-- This site is optimized with the Yoast SEO plugin v27.1.1 - https:\/\/yoast.com\/product\/yoast-seo-wordpress\/ -->\n<title>Vibro-SMR: Vibrasiyaya qar\u015f\u0131 qoruyucu yay qur\u011fular\u0131 - GeoClimate.ge<\/title>\n<meta name=\"robots\" content=\"index, follow, max-snippet:-1, max-image-preview:large, max-video-preview:-1\" \/>\n<link rel=\"canonical\" href=\"https:\/\/geoclimate.ge\/az\/product\/vibro-smr-anti-vibration-restraint-spring-mounts\/\" \/>\n<meta property=\"og:locale\" content=\"az_AZ\" \/>\n<meta property=\"og:type\" content=\"article\" \/>\n<meta property=\"og:title\" content=\"Vibro-SMR: Vibrasiyaya qar\u015f\u0131 qoruyucu yay qur\u011fular\u0131 - GeoClimate.ge\" \/>\n<meta property=\"og:description\" content=\"Vibro-SMR antivibrasiya yay qur\u011fular\u0131 h\u00fcnd\u00fcrl\u00fcy\u00fc t\u0259nziml\u0259n\u0259n \u00e7ox istiqam\u0259tli vibrasiya \u0259leyhin\u0259 qoruyucudur. Vibro-SMR a\u015fa\u011f\u0131 tezlikli vibrasiya n\u0259zar\u0259tl\u0259ri \u00fc\u00e7\u00fcn istifad\u0259 edil\u0259 bil\u0259r (a\u015fa\u011f\u0131 s\u00fcr\u0259tli f\u0131rlanma 400 rpm yuxar\u0131), bu da yanal v\u0259 \u015faquli m\u0259hdudla\u015fd\u0131rma v\u0259 z\u0259lz\u0259l\u0259l\u0259rd\u0259n v\u0259 h\u0259ddind\u0259n art\u0131q k\u00fcl\u0259k t\u0259zyiqind\u0259n qorunma t\u0259l\u0259b edir.  T\u018fSV\u0130R\u0130  Vibro-SMR vibrasiya \u0259leyhin\u0259 yay qur\u011fular\u0131 h\u00fcnd\u00fcrl\u00fcy\u00fc t\u0259nziml\u0259n\u0259n \u00e7ox istiqam\u0259tli vibrasiya \u0259leyhin\u0259 qoruyuculard\u0131r. Vibro-SMR a\u015fa\u011f\u0131 tezlikli vibrasiya n\u0259zar\u0259tl\u0259ri (a\u015fa\u011f\u0131 s\u00fcr\u0259tli f\u0131rlanma 400 rpm yuxar\u0131) \u00fc\u00e7\u00fcn istifad\u0259 edil\u0259 bil\u0259r ki, bu da yanal v\u0259 \u015faquli m\u0259hdudla\u015fd\u0131rma v\u0259 z\u0259lz\u0259l\u0259l\u0259rd\u0259n v\u0259 h\u0259ddind\u0259n art\u0131q k\u00fcl\u0259k t\u0259zyiqind\u0259n qorunma t\u0259l\u0259b edir. Onlar g\u0259rginlik, s\u0131x\u0131lma, k\u0259sm\u0259 xarakterli q\u00fcvv\u0259l\u0259ri saxlaya bilirl\u0259r.  Tipik t\u0259tbiql\u0259r hava kompressorlar\u0131, iki d\u00f6vr\u0259li m\u00fch\u0259rrikl\u0259r, soyuducular, su soyutma q\u00fcll\u0259l\u0259ri, kondisioner qur\u011fular\u0131 v\u0259 s. Korpus \u00e7uqundan deyil, h\u0259qiqi poladdan haz\u0131rlan\u0131r v\u0259 polyester toz boya il\u0259 oksidl\u0259\u015fm\u0259d\u0259n qorunur (ist\u0259nil\u0259nl\u0259r\u0259 g\u00f6r\u0259 isti dald\u0131rma sinkl\u0259nmi\u015f). Onun innovativ dizayn\u0131 q\u00f6vs v\u0259h\u015filiyini minimuma endirm\u0259y\u0259 m\u00fcv\u0259ff\u0259q olmu\u015fdur.  Anti-vibrasiya yaylar\u0131 ISO.EN.10270 standartlar\u0131na uy\u011fundur v\u0259 maksimum y\u00fckl\u0259m\u0259 qabiliyy\u0259tini t\u0259yin etm\u0259k \u00fc\u00e7\u00fcn r\u0259ng g\u00f6st\u0259ricisin\u0259 malikdir. Qura\u015fd\u0131rma zaman\u0131 ma\u015f\u0131n\u0131 hizalamaq \u00fc\u00e7\u00fcn h\u00fcnd\u00fcrl\u00fcy\u00fc t\u0259nziml\u0259n\u0259n sistem yerl\u0259\u015fdirilir.  Onlar\u0131n bazas\u0131nda onlar xarici \u015f\u0259rait\u0259 davaml\u0131 x\u00fcsusi rezin profil\u0259 malikdirl\u0259r v\u0259 bel\u0259likl\u0259, y\u00fcks\u0259k tezlikl\u0259rd\u0259 d\u0259 daha yax\u015f\u0131 vibrasiya izolyasiya effektivliyi t\u0259klif edirl\u0259r. (iste\u011fe ba\u011fl\u0131)  Anti-vibrasiya qur\u011fular\u0131 Vibro-SMR qabaqc\u0131l dizayn\u0131 h\u0259m \u015faquli, h\u0259m d\u0259 yanal (z\u0259lz\u0259l\u0259l\u0259r, qas\u0131r\u011falar v\u0259 k\u00fcl\u0259k t\u0259zyiqind\u0259n qorunma kimi) m\u00fcxt\u0259lif istiqam\u0259tl\u0259rd\u0259n olan q\u00fcvv\u0259l\u0259ri u\u011furla davam etdir\u0259 bilir.  Potensial s\u0259s k\u00f6rp\u00fcs\u00fc \u00f6t\u00fcr\u00fclm\u0259sinin qar\u015f\u0131s\u0131n\u0131 almaq \u00fc\u00e7\u00fcn iki \u015faquli s\u0259th aras\u0131nda elastik bir conta qoyulur.\" \/>\n<meta property=\"og:url\" content=\"https:\/\/geoclimate.ge\/az\/product\/vibro-smr-anti-vibration-restraint-spring-mounts\/\" \/>\n<meta property=\"og:site_name\" content=\"GeoClimate.ge\" \/>\n<meta property=\"article:modified_time\" content=\"2025-02-25T20:24:25+00:00\" \/>\n<meta property=\"og:image\" content=\"https:\/\/geoclimate.ge\/wp-content\/uploads\/2025\/02\/smr.jpg\" \/>\n\t<meta property=\"og:image:width\" content=\"187\" \/>\n\t<meta property=\"og:image:height\" content=\"176\" \/>\n\t<meta property=\"og:image:type\" content=\"image\/jpeg\" \/>\n<meta name=\"twitter:card\" content=\"summary_large_image\" \/>\n<script type=\"application\/ld+json\" class=\"yoast-schema-graph\">{\"@context\":\"https:\/\/schema.org\",\"@graph\":[{\"@type\":\"WebPage\",\"@id\":\"https:\/\/geoclimate.ge\/az\/product\/vibro-smr-anti-vibration-restraint-spring-mounts\/\",\"url\":\"https:\/\/geoclimate.ge\/az\/product\/vibro-smr-anti-vibration-restraint-spring-mounts\/\",\"name\":\"Vibro-SMR: Vibrasiyaya qar\u015f\u0131 qoruyucu yay qur\u011fular\u0131 - GeoClimate.ge\",\"isPartOf\":{\"@id\":\"https:\/\/geoclimate.ge\/#website\"},\"primaryImageOfPage\":{\"@id\":\"https:\/\/geoclimate.ge\/az\/product\/vibro-smr-anti-vibration-restraint-spring-mounts\/#primaryimage\"},\"image\":{\"@id\":\"https:\/\/geoclimate.ge\/az\/product\/vibro-smr-anti-vibration-restraint-spring-mounts\/#primaryimage\"},\"thumbnailUrl\":\"https:\/\/geoclimate.ge\/wp-content\/uploads\/2025\/02\/smr.jpg\",\"datePublished\":\"2025-02-07T17:37:34+00:00\",\"dateModified\":\"2025-02-25T20:24:25+00:00\",\"breadcrumb\":{\"@id\":\"https:\/\/geoclimate.ge\/az\/product\/vibro-smr-anti-vibration-restraint-spring-mounts\/#breadcrumb\"},\"inLanguage\":\"az\",\"potentialAction\":[{\"@type\":\"ReadAction\",\"target\":[\"https:\/\/geoclimate.ge\/az\/product\/vibro-smr-anti-vibration-restraint-spring-mounts\/\"]}]},{\"@type\":\"ImageObject\",\"inLanguage\":\"az\",\"@id\":\"https:\/\/geoclimate.ge\/az\/product\/vibro-smr-anti-vibration-restraint-spring-mounts\/#primaryimage\",\"url\":\"https:\/\/geoclimate.ge\/wp-content\/uploads\/2025\/02\/smr.jpg\",\"contentUrl\":\"https:\/\/geoclimate.ge\/wp-content\/uploads\/2025\/02\/smr.jpg\",\"width\":187,\"height\":176},{\"@type\":\"BreadcrumbList\",\"@id\":\"https:\/\/geoclimate.ge\/az\/product\/vibro-smr-anti-vibration-restraint-spring-mounts\/#breadcrumb\",\"itemListElement\":[{\"@type\":\"ListItem\",\"position\":1,\"name\":\"Home\",\"item\":\"https:\/\/geoclimate.ge\/az\/\"},{\"@type\":\"ListItem\",\"position\":2,\"name\":\"M\u0259hsullar\",\"item\":\"https:\/\/geoclimate.ge\/az\/products\/\"},{\"@type\":\"ListItem\",\"position\":3,\"name\":\"Vibro-SMR: Vibrasiyaya qar\u015f\u0131 qoruyucu yay qur\u011fular\u0131\"}]},{\"@type\":\"WebSite\",\"@id\":\"https:\/\/geoclimate.ge\/#website\",\"url\":\"https:\/\/geoclimate.ge\/\",\"name\":\"GeoClimate\",\"description\":\"\",\"publisher\":{\"@id\":\"https:\/\/geoclimate.ge\/#organization\"},\"potentialAction\":[{\"@type\":\"SearchAction\",\"target\":{\"@type\":\"EntryPoint\",\"urlTemplate\":\"https:\/\/geoclimate.ge\/?s={search_term_string}\"},\"query-input\":{\"@type\":\"PropertyValueSpecification\",\"valueRequired\":true,\"valueName\":\"search_term_string\"}}],\"inLanguage\":\"az\"},{\"@type\":\"Organization\",\"@id\":\"https:\/\/geoclimate.ge\/#organization\",\"name\":\"GeoClimate\",\"url\":\"https:\/\/geoclimate.ge\/\",\"logo\":{\"@type\":\"ImageObject\",\"inLanguage\":\"az\",\"@id\":\"https:\/\/geoclimate.ge\/#\/schema\/logo\/image\/\",\"url\":\"https:\/\/geoclimate.ge\/wp-content\/uploads\/2026\/03\/geoclimate-SEO.png\",\"contentUrl\":\"https:\/\/geoclimate.ge\/wp-content\/uploads\/2026\/03\/geoclimate-SEO.png\",\"width\":1536,\"height\":1024,\"caption\":\"GeoClimate\"},\"image\":{\"@id\":\"https:\/\/geoclimate.ge\/#\/schema\/logo\/image\/\"}}]}<\/script>\n<!-- \/ Yoast SEO plugin. -->","yoast_head_json":{"title":"Vibro-SMR: Vibrasiyaya qar\u015f\u0131 qoruyucu yay qur\u011fular\u0131 - GeoClimate.ge","robots":{"index":"index","follow":"follow","max-snippet":"max-snippet:-1","max-image-preview":"max-image-preview:large","max-video-preview":"max-video-preview:-1"},"canonical":"https:\/\/geoclimate.ge\/az\/product\/vibro-smr-anti-vibration-restraint-spring-mounts\/","og_locale":"az_AZ","og_type":"article","og_title":"Vibro-SMR: Vibrasiyaya qar\u015f\u0131 qoruyucu yay qur\u011fular\u0131 - GeoClimate.ge","og_description":"Vibro-SMR antivibrasiya yay qur\u011fular\u0131 h\u00fcnd\u00fcrl\u00fcy\u00fc t\u0259nziml\u0259n\u0259n \u00e7ox istiqam\u0259tli vibrasiya \u0259leyhin\u0259 qoruyucudur. Vibro-SMR a\u015fa\u011f\u0131 tezlikli vibrasiya n\u0259zar\u0259tl\u0259ri \u00fc\u00e7\u00fcn istifad\u0259 edil\u0259 bil\u0259r (a\u015fa\u011f\u0131 s\u00fcr\u0259tli f\u0131rlanma 400 rpm yuxar\u0131), bu da yanal v\u0259 \u015faquli m\u0259hdudla\u015fd\u0131rma v\u0259 z\u0259lz\u0259l\u0259l\u0259rd\u0259n v\u0259 h\u0259ddind\u0259n art\u0131q k\u00fcl\u0259k t\u0259zyiqind\u0259n qorunma t\u0259l\u0259b edir.  T\u018fSV\u0130R\u0130  Vibro-SMR vibrasiya \u0259leyhin\u0259 yay qur\u011fular\u0131 h\u00fcnd\u00fcrl\u00fcy\u00fc t\u0259nziml\u0259n\u0259n \u00e7ox istiqam\u0259tli vibrasiya \u0259leyhin\u0259 qoruyuculard\u0131r. Vibro-SMR a\u015fa\u011f\u0131 tezlikli vibrasiya n\u0259zar\u0259tl\u0259ri (a\u015fa\u011f\u0131 s\u00fcr\u0259tli f\u0131rlanma 400 rpm yuxar\u0131) \u00fc\u00e7\u00fcn istifad\u0259 edil\u0259 bil\u0259r ki, bu da yanal v\u0259 \u015faquli m\u0259hdudla\u015fd\u0131rma v\u0259 z\u0259lz\u0259l\u0259l\u0259rd\u0259n v\u0259 h\u0259ddind\u0259n art\u0131q k\u00fcl\u0259k t\u0259zyiqind\u0259n qorunma t\u0259l\u0259b edir. Onlar g\u0259rginlik, s\u0131x\u0131lma, k\u0259sm\u0259 xarakterli q\u00fcvv\u0259l\u0259ri saxlaya bilirl\u0259r.  Tipik t\u0259tbiql\u0259r hava kompressorlar\u0131, iki d\u00f6vr\u0259li m\u00fch\u0259rrikl\u0259r, soyuducular, su soyutma q\u00fcll\u0259l\u0259ri, kondisioner qur\u011fular\u0131 v\u0259 s. Korpus \u00e7uqundan deyil, h\u0259qiqi poladdan haz\u0131rlan\u0131r v\u0259 polyester toz boya il\u0259 oksidl\u0259\u015fm\u0259d\u0259n qorunur (ist\u0259nil\u0259nl\u0259r\u0259 g\u00f6r\u0259 isti dald\u0131rma sinkl\u0259nmi\u015f). Onun innovativ dizayn\u0131 q\u00f6vs v\u0259h\u015filiyini minimuma endirm\u0259y\u0259 m\u00fcv\u0259ff\u0259q olmu\u015fdur.  Anti-vibrasiya yaylar\u0131 ISO.EN.10270 standartlar\u0131na uy\u011fundur v\u0259 maksimum y\u00fckl\u0259m\u0259 qabiliyy\u0259tini t\u0259yin etm\u0259k \u00fc\u00e7\u00fcn r\u0259ng g\u00f6st\u0259ricisin\u0259 malikdir. Qura\u015fd\u0131rma zaman\u0131 ma\u015f\u0131n\u0131 hizalamaq \u00fc\u00e7\u00fcn h\u00fcnd\u00fcrl\u00fcy\u00fc t\u0259nziml\u0259n\u0259n sistem yerl\u0259\u015fdirilir.  Onlar\u0131n bazas\u0131nda onlar xarici \u015f\u0259rait\u0259 davaml\u0131 x\u00fcsusi rezin profil\u0259 malikdirl\u0259r v\u0259 bel\u0259likl\u0259, y\u00fcks\u0259k tezlikl\u0259rd\u0259 d\u0259 daha yax\u015f\u0131 vibrasiya izolyasiya effektivliyi t\u0259klif edirl\u0259r. (iste\u011fe ba\u011fl\u0131)  Anti-vibrasiya qur\u011fular\u0131 Vibro-SMR qabaqc\u0131l dizayn\u0131 h\u0259m \u015faquli, h\u0259m d\u0259 yanal (z\u0259lz\u0259l\u0259l\u0259r, qas\u0131r\u011falar v\u0259 k\u00fcl\u0259k t\u0259zyiqind\u0259n qorunma kimi) m\u00fcxt\u0259lif istiqam\u0259tl\u0259rd\u0259n olan q\u00fcvv\u0259l\u0259ri u\u011furla davam etdir\u0259 bilir.  Potensial s\u0259s k\u00f6rp\u00fcs\u00fc \u00f6t\u00fcr\u00fclm\u0259sinin qar\u015f\u0131s\u0131n\u0131 almaq \u00fc\u00e7\u00fcn iki \u015faquli s\u0259th aras\u0131nda elastik bir conta qoyulur.","og_url":"https:\/\/geoclimate.ge\/az\/product\/vibro-smr-anti-vibration-restraint-spring-mounts\/","og_site_name":"GeoClimate.ge","article_modified_time":"2025-02-25T20:24:25+00:00","og_image":[{"width":187,"height":176,"url":"https:\/\/geoclimate.ge\/wp-content\/uploads\/2025\/02\/smr.jpg","type":"image\/jpeg"}],"twitter_card":"summary_large_image","schema":{"@context":"https:\/\/schema.org","@graph":[{"@type":"WebPage","@id":"https:\/\/geoclimate.ge\/az\/product\/vibro-smr-anti-vibration-restraint-spring-mounts\/","url":"https:\/\/geoclimate.ge\/az\/product\/vibro-smr-anti-vibration-restraint-spring-mounts\/","name":"Vibro-SMR: Vibrasiyaya qar\u015f\u0131 qoruyucu yay qur\u011fular\u0131 - GeoClimate.ge","isPartOf":{"@id":"https:\/\/geoclimate.ge\/#website"},"primaryImageOfPage":{"@id":"https:\/\/geoclimate.ge\/az\/product\/vibro-smr-anti-vibration-restraint-spring-mounts\/#primaryimage"},"image":{"@id":"https:\/\/geoclimate.ge\/az\/product\/vibro-smr-anti-vibration-restraint-spring-mounts\/#primaryimage"},"thumbnailUrl":"https:\/\/geoclimate.ge\/wp-content\/uploads\/2025\/02\/smr.jpg","datePublished":"2025-02-07T17:37:34+00:00","dateModified":"2025-02-25T20:24:25+00:00","breadcrumb":{"@id":"https:\/\/geoclimate.ge\/az\/product\/vibro-smr-anti-vibration-restraint-spring-mounts\/#breadcrumb"},"inLanguage":"az","potentialAction":[{"@type":"ReadAction","target":["https:\/\/geoclimate.ge\/az\/product\/vibro-smr-anti-vibration-restraint-spring-mounts\/"]}]},{"@type":"ImageObject","inLanguage":"az","@id":"https:\/\/geoclimate.ge\/az\/product\/vibro-smr-anti-vibration-restraint-spring-mounts\/#primaryimage","url":"https:\/\/geoclimate.ge\/wp-content\/uploads\/2025\/02\/smr.jpg","contentUrl":"https:\/\/geoclimate.ge\/wp-content\/uploads\/2025\/02\/smr.jpg","width":187,"height":176},{"@type":"BreadcrumbList","@id":"https:\/\/geoclimate.ge\/az\/product\/vibro-smr-anti-vibration-restraint-spring-mounts\/#breadcrumb","itemListElement":[{"@type":"ListItem","position":1,"name":"Home","item":"https:\/\/geoclimate.ge\/az\/"},{"@type":"ListItem","position":2,"name":"M\u0259hsullar","item":"https:\/\/geoclimate.ge\/az\/products\/"},{"@type":"ListItem","position":3,"name":"Vibro-SMR: Vibrasiyaya qar\u015f\u0131 qoruyucu yay qur\u011fular\u0131"}]},{"@type":"WebSite","@id":"https:\/\/geoclimate.ge\/#website","url":"https:\/\/geoclimate.ge\/","name":"GeoClimate","description":"","publisher":{"@id":"https:\/\/geoclimate.ge\/#organization"},"potentialAction":[{"@type":"SearchAction","target":{"@type":"EntryPoint","urlTemplate":"https:\/\/geoclimate.ge\/?s={search_term_string}"},"query-input":{"@type":"PropertyValueSpecification","valueRequired":true,"valueName":"search_term_string"}}],"inLanguage":"az"},{"@type":"Organization","@id":"https:\/\/geoclimate.ge\/#organization","name":"GeoClimate","url":"https:\/\/geoclimate.ge\/","logo":{"@type":"ImageObject","inLanguage":"az","@id":"https:\/\/geoclimate.ge\/#\/schema\/logo\/image\/","url":"https:\/\/geoclimate.ge\/wp-content\/uploads\/2026\/03\/geoclimate-SEO.png","contentUrl":"https:\/\/geoclimate.ge\/wp-content\/uploads\/2026\/03\/geoclimate-SEO.png","width":1536,"height":1024,"caption":"GeoClimate"},"image":{"@id":"https:\/\/geoclimate.ge\/#\/schema\/logo\/image\/"}}]}},"_links":{"self":[{"href":"https:\/\/geoclimate.ge\/az\/wp-json\/wp\/v2\/product\/23657","targetHints":{"allow":["GET"]}}],"collection":[{"href":"https:\/\/geoclimate.ge\/az\/wp-json\/wp\/v2\/product"}],"about":[{"href":"https:\/\/geoclimate.ge\/az\/wp-json\/wp\/v2\/types\/product"}],"wp:featuredmedia":[{"embeddable":true,"href":"https:\/\/geoclimate.ge\/az\/wp-json\/wp\/v2\/media\/22551"}],"wp:attachment":[{"href":"https:\/\/geoclimate.ge\/az\/wp-json\/wp\/v2\/media?parent=23657"}],"wp:term":[{"taxonomy":"product_brand","embeddable":true,"href":"https:\/\/geoclimate.ge\/az\/wp-json\/wp\/v2\/product_brand?post=23657"},{"taxonomy":"product_cat","embeddable":true,"href":"https:\/\/geoclimate.ge\/az\/wp-json\/wp\/v2\/product_cat?post=23657"},{"taxonomy":"product_tag","embeddable":true,"href":"https:\/\/geoclimate.ge\/az\/wp-json\/wp\/v2\/product_tag?post=23657"}],"curies":[{"name":"wp","href":"https:\/\/api.w.org\/{rel}","templated":true}]}}