{"id":23659,"date":"2025-02-07T21:31:44","date_gmt":"2025-02-07T17:31:44","guid":{"rendered":"https:\/\/airsystems.ge\/shop\/product\/vibro-amr-anti-vibration-spring-isolator-with-lateral-restrain\/"},"modified":"2025-02-26T00:24:26","modified_gmt":"2025-02-25T20:24:26","slug":"vibro-amr-anti-vibration-spring-isolator-with-lateral-restrain","status":"publish","type":"product","link":"https:\/\/geoclimate.ge\/az\/product\/vibro-amr-anti-vibration-spring-isolator-with-lateral-restrain\/","title":{"rendered":"Vibro-AMR: Yanal dayan\u0131ql\u0131 vibrasiya \u0259leyhin\u0259 yay izolyatoru"},"content":{"rendered":"<p><img loading=\"lazy\" decoding=\"async\" class=\"alignleft size-full wp-image-4899\" src=\"https:\/\/antivibration-systems.com\/wp-content\/uploads\/2014\/01\/Vibro-AMR-Selection-Table.jpg\" alt=\"Vibro-AMR Selection Table\" width=\"297\" height=\"169\" \/><\/p>\n<p>&nbsp;<\/p>\n<p>&nbsp;<\/p>\n<p>&nbsp;<\/p>\n<p>&nbsp;<\/p>\n<p>&nbsp;<\/p>\n<p>\u0130st\u0259k \u0259sas\u0131nda daha \u00e7ox y\u00fckl\u0259m\u0259 diapazonu m\u00f6vcuddur.<\/p>\n<p>Maksimum y\u00fck alt\u0131nda statik \u0259yilm\u0259 25 mm<br \/>\nMaksimum y\u00fck alt\u0131nda 3 Hz-\u0259 q\u0259d\u0259r t\u0259bii tezlik<\/p>\n<p>50 mm \u0259yilm\u0259 il\u0259 d\u0259 m\u00f6vcuddur<br \/>\nTel \u00f6rg\u00fc daxili amortizasiya (AMRD) il\u0259 d\u0259 m\u00f6vcuddur<\/p>\n","protected":false},"excerpt":{"rendered":"<p>A\u015fa\u011f\u0131 tezlikli vibrasiya izolyasiyas\u0131 \u00fc\u00e7\u00fcn istifad\u0259 olunan yanal dayan\u0131ql\u0131 vibrasiya \u0259leyhin\u0259 yay izolyatorlar\u0131<\/p>\n<p>T\u018fSV\u0130R\u0130<\/p>\n<p>Vibro-\u0391MR yay izolyator montaj\u0131 nisbi limit dayanacaqlar\u0131 olan \u00e7ox istiqam\u0259tli vibrasiya \u0259leyhin\u0259 qoruyucudur. O, a\u015fa\u011f\u0131 tezlikli vibrasiya n\u0259zar\u0259ti (a\u015fa\u011f\u0131 s\u00fcr\u0259tli f\u0131rlanma 400 rpm yuxar\u0131) \u00fc\u00e7\u00fcn istifad\u0259 edil\u0259 bil\u0259r ki, bu da yanal v\u0259 \u015faquli m\u0259hdudla\u015fd\u0131rma v\u0259 z\u0259lz\u0259l\u0259l\u0259rd\u0259n v\u0259 h\u0259ddind\u0259n art\u0131q k\u00fcl\u0259k t\u0259zyiqind\u0259n qorunma t\u0259l\u0259b edir. Onlar g\u0259rginlik, s\u0131x\u0131lma, k\u0259sm\u0259 xarakterli q\u00fcvv\u0259l\u0259ri saxlaya bilirl\u0259r.<\/p>\n<p>Polyester toz boya metal plit\u0259l\u0259ri oksidl\u0259\u015fm\u0259d\u0259n qoruyur.<\/p>\n<p>T\u018fTB\u0130QL\u018fR<\/p>\n<p>Vibro-AM.Restrained-d\u0259n mexaniki s\u0259s-k\u00fcy v\u0259 vibrasiya izolyasiyas\u0131 \u00fc\u00e7\u00fcn istifad\u0259 etm\u0259k t\u00f6vsiy\u0259 olunur:<\/p>\n<p>Titr\u0259m\u0259 avadanl\u0131qlar\u0131n\u0131n seysmik hadis\u0259l\u0259r\u0259 m\u0259ruz qalma ehtimal\u0131 var.<br \/>\nTitr\u0259m\u0259 avadanl\u0131\u011f\u0131n\u0131n k\u00fctl\u0259 m\u0259rk\u0259zinin \u0259h\u0259miyy\u0259tli d\u0259r\u0259c\u0259d\u0259 d\u0259yi\u015fm\u0259si ehtimal\u0131 olduqda.<br \/>\nY\u00fcks\u0259k k\u00fcl\u0259k y\u00fckl\u0259ri v\u0259 ya dig\u0259r xarici q\u00fcvv\u0259l\u0259r t\u0259tbiq edildikd\u0259.<br \/>\nM8 ke\u00e7irici boltlar (daxil deyil) il\u0259 b\u0259rkitm\u0259k \u00fc\u00e7\u00fcn bazada iki de\u015fik var. Vibro-AMR-nin mexanizm\u0259 b\u0259rkidilm\u0259si \u00fc\u00e7\u00fcn yuxar\u0131 hiss\u0259d\u0259 M8 bolt var. Vibro-AMR korpusu t\u0259crid olunmu\u015f avadanl\u0131\u011f\u0131n \u015faquli v\u0259 \u00fcf\u00fcqi h\u0259r\u0259k\u0259tini m\u0259hdudla\u015fd\u0131rmaq \u00fc\u00e7\u00fcn n\u0259z\u0259rd\u0259 tutulmu\u015fdur v\u0259 seysmik qoruma t\u0259min edir.<\/p>\n<p>Vibro-AMR-in b\u00fct\u00fcn metal hiss\u0259l\u0259ri qaynaq n\u00f6qt\u0259l\u0259ri olmadan laz\u0131mi \u015f\u0259kild\u0259 formala\u015fm\u0131\u015f adekvat qal\u0131nl\u0131\u011fa malik metal l\u00f6vh\u0259l\u0259rd\u0259n haz\u0131rlan\u0131r. \u018fsas\u0131nda olan rezin profil s\u0259s k\u0259sici rolunu oynay\u0131r v\u0259 y\u00fcks\u0259k tezlikl\u0259rd\u0259 izolyasiya s\u0259m\u0259r\u0259liliyini art\u0131r\u0131r. Yay\u0131 \u015faquli v\u0259 \u00fcf\u00fcqi h\u0259r\u0259k\u0259tl\u0259rd\u0259 saxlayan iki \u00fcf\u00fcqi ox s\u0259s-k\u00fcy\u00fcn \u00f6t\u00fcr\u00fclm\u0259sinin qar\u015f\u0131s\u0131n\u0131 almaq \u00fc\u00e7\u00fcn rezinl\u0259 \u00f6rt\u00fclm\u00fc\u015fd\u00fcr.<\/p>\n<p>Vibro-AMR eyni vaxtda seysmik n\u0259zar\u0259t m\u00fchafiz\u0259sini t\u0259klif ed\u0259 bil\u0259r, k\u00fcl\u0259k t\u0259zyiqinin yanal q\u00fcvv\u0259l\u0259rini u\u011furla davam etdirir v\u0259 eyni zamanda d\u0259st\u0259kl\u0259yici strukturlara vibrasiyan\u0131n \u00f6t\u00fcr\u00fclm\u0259sini azald\u0131r.<\/p>\n<p>H\u00fcnd\u00fcrl\u00fcy\u00fcn t\u0259nziml\u0259nm\u0259si t\u0259l\u0259b olunarsa, laz\u0131mi qoz-f\u0131nd\u0131q v\u0259 yuyucularla birlikd\u0259 x\u00fcsusi bir jak vidas\u0131 t\u0259min edil\u0259 bil\u0259r.<\/p>\n","protected":false},"featured_media":22545,"template":"","meta":[],"product_brand":[],"product_cat":[927],"product_tag":[],"class_list":{"0":"post-23659","1":"product","2":"type-product","3":"status-publish","4":"has-post-thumbnail","6":"product_cat-vibrasiya-anti-ss-kuy-akustik-az","8":"first","9":"instock","10":"shipping-taxable","11":"product-type-simple"},"yoast_head":"<!-- This site is optimized with the Yoast SEO plugin v27.1.1 - https:\/\/yoast.com\/product\/yoast-seo-wordpress\/ -->\n<title>Vibro-AMR: Yanal dayan\u0131ql\u0131 vibrasiya \u0259leyhin\u0259 yay izolyatoru - GeoClimate.ge<\/title>\n<meta name=\"robots\" content=\"index, follow, max-snippet:-1, max-image-preview:large, max-video-preview:-1\" \/>\n<link rel=\"canonical\" href=\"https:\/\/geoclimate.ge\/az\/product\/vibro-amr-anti-vibration-spring-isolator-with-lateral-restrain\/\" \/>\n<meta property=\"og:locale\" content=\"az_AZ\" \/>\n<meta property=\"og:type\" content=\"article\" \/>\n<meta property=\"og:title\" content=\"Vibro-AMR: Yanal dayan\u0131ql\u0131 vibrasiya \u0259leyhin\u0259 yay izolyatoru - GeoClimate.ge\" \/>\n<meta property=\"og:description\" content=\"A\u015fa\u011f\u0131 tezlikli vibrasiya izolyasiyas\u0131 \u00fc\u00e7\u00fcn istifad\u0259 olunan yanal dayan\u0131ql\u0131 vibrasiya \u0259leyhin\u0259 yay izolyatorlar\u0131  T\u018fSV\u0130R\u0130  Vibro-\u0391MR yay izolyator montaj\u0131 nisbi limit dayanacaqlar\u0131 olan \u00e7ox istiqam\u0259tli vibrasiya \u0259leyhin\u0259 qoruyucudur. O, a\u015fa\u011f\u0131 tezlikli vibrasiya n\u0259zar\u0259ti (a\u015fa\u011f\u0131 s\u00fcr\u0259tli f\u0131rlanma 400 rpm yuxar\u0131) \u00fc\u00e7\u00fcn istifad\u0259 edil\u0259 bil\u0259r ki, bu da yanal v\u0259 \u015faquli m\u0259hdudla\u015fd\u0131rma v\u0259 z\u0259lz\u0259l\u0259l\u0259rd\u0259n v\u0259 h\u0259ddind\u0259n art\u0131q k\u00fcl\u0259k t\u0259zyiqind\u0259n qorunma t\u0259l\u0259b edir. Onlar g\u0259rginlik, s\u0131x\u0131lma, k\u0259sm\u0259 xarakterli q\u00fcvv\u0259l\u0259ri saxlaya bilirl\u0259r.  Polyester toz boya metal plit\u0259l\u0259ri oksidl\u0259\u015fm\u0259d\u0259n qoruyur.  T\u018fTB\u0130QL\u018fR  Vibro-AM.Restrained-d\u0259n mexaniki s\u0259s-k\u00fcy v\u0259 vibrasiya izolyasiyas\u0131 \u00fc\u00e7\u00fcn istifad\u0259 etm\u0259k t\u00f6vsiy\u0259 olunur:  Titr\u0259m\u0259 avadanl\u0131qlar\u0131n\u0131n seysmik hadis\u0259l\u0259r\u0259 m\u0259ruz qalma ehtimal\u0131 var. Titr\u0259m\u0259 avadanl\u0131\u011f\u0131n\u0131n k\u00fctl\u0259 m\u0259rk\u0259zinin \u0259h\u0259miyy\u0259tli d\u0259r\u0259c\u0259d\u0259 d\u0259yi\u015fm\u0259si ehtimal\u0131 olduqda. Y\u00fcks\u0259k k\u00fcl\u0259k y\u00fckl\u0259ri v\u0259 ya dig\u0259r xarici q\u00fcvv\u0259l\u0259r t\u0259tbiq edildikd\u0259. M8 ke\u00e7irici boltlar (daxil deyil) il\u0259 b\u0259rkitm\u0259k \u00fc\u00e7\u00fcn bazada iki de\u015fik var. Vibro-AMR-nin mexanizm\u0259 b\u0259rkidilm\u0259si \u00fc\u00e7\u00fcn yuxar\u0131 hiss\u0259d\u0259 M8 bolt var. Vibro-AMR korpusu t\u0259crid olunmu\u015f avadanl\u0131\u011f\u0131n \u015faquli v\u0259 \u00fcf\u00fcqi h\u0259r\u0259k\u0259tini m\u0259hdudla\u015fd\u0131rmaq \u00fc\u00e7\u00fcn n\u0259z\u0259rd\u0259 tutulmu\u015fdur v\u0259 seysmik qoruma t\u0259min edir.  Vibro-AMR-in b\u00fct\u00fcn metal hiss\u0259l\u0259ri qaynaq n\u00f6qt\u0259l\u0259ri olmadan laz\u0131mi \u015f\u0259kild\u0259 formala\u015fm\u0131\u015f adekvat qal\u0131nl\u0131\u011fa malik metal l\u00f6vh\u0259l\u0259rd\u0259n haz\u0131rlan\u0131r. \u018fsas\u0131nda olan rezin profil s\u0259s k\u0259sici rolunu oynay\u0131r v\u0259 y\u00fcks\u0259k tezlikl\u0259rd\u0259 izolyasiya s\u0259m\u0259r\u0259liliyini art\u0131r\u0131r. Yay\u0131 \u015faquli v\u0259 \u00fcf\u00fcqi h\u0259r\u0259k\u0259tl\u0259rd\u0259 saxlayan iki \u00fcf\u00fcqi ox s\u0259s-k\u00fcy\u00fcn \u00f6t\u00fcr\u00fclm\u0259sinin qar\u015f\u0131s\u0131n\u0131 almaq \u00fc\u00e7\u00fcn rezinl\u0259 \u00f6rt\u00fclm\u00fc\u015fd\u00fcr.  Vibro-AMR eyni vaxtda seysmik n\u0259zar\u0259t m\u00fchafiz\u0259sini t\u0259klif ed\u0259 bil\u0259r, k\u00fcl\u0259k t\u0259zyiqinin yanal q\u00fcvv\u0259l\u0259rini u\u011furla davam etdirir v\u0259 eyni zamanda d\u0259st\u0259kl\u0259yici strukturlara vibrasiyan\u0131n \u00f6t\u00fcr\u00fclm\u0259sini azald\u0131r.  H\u00fcnd\u00fcrl\u00fcy\u00fcn t\u0259nziml\u0259nm\u0259si t\u0259l\u0259b olunarsa, laz\u0131mi qoz-f\u0131nd\u0131q v\u0259 yuyucularla birlikd\u0259 x\u00fcsusi bir jak vidas\u0131 t\u0259min edil\u0259 bil\u0259r.\" \/>\n<meta property=\"og:url\" content=\"https:\/\/geoclimate.ge\/az\/product\/vibro-amr-anti-vibration-spring-isolator-with-lateral-restrain\/\" \/>\n<meta property=\"og:site_name\" content=\"GeoClimate.ge\" \/>\n<meta property=\"article:modified_time\" content=\"2025-02-25T20:24:26+00:00\" \/>\n<meta property=\"og:image\" content=\"https:\/\/geoclimate.ge\/wp-content\/uploads\/2025\/02\/vibro-amr-web-1.jpg\" \/>\n\t<meta property=\"og:image:width\" content=\"412\" \/>\n\t<meta property=\"og:image:height\" content=\"330\" \/>\n\t<meta property=\"og:image:type\" content=\"image\/jpeg\" \/>\n<meta name=\"twitter:card\" content=\"summary_large_image\" \/>\n<script type=\"application\/ld+json\" class=\"yoast-schema-graph\">{\"@context\":\"https:\/\/schema.org\",\"@graph\":[{\"@type\":\"WebPage\",\"@id\":\"https:\/\/geoclimate.ge\/az\/product\/vibro-amr-anti-vibration-spring-isolator-with-lateral-restrain\/\",\"url\":\"https:\/\/geoclimate.ge\/az\/product\/vibro-amr-anti-vibration-spring-isolator-with-lateral-restrain\/\",\"name\":\"Vibro-AMR: Yanal dayan\u0131ql\u0131 vibrasiya \u0259leyhin\u0259 yay izolyatoru - GeoClimate.ge\",\"isPartOf\":{\"@id\":\"https:\/\/geoclimate.ge\/#website\"},\"primaryImageOfPage\":{\"@id\":\"https:\/\/geoclimate.ge\/az\/product\/vibro-amr-anti-vibration-spring-isolator-with-lateral-restrain\/#primaryimage\"},\"image\":{\"@id\":\"https:\/\/geoclimate.ge\/az\/product\/vibro-amr-anti-vibration-spring-isolator-with-lateral-restrain\/#primaryimage\"},\"thumbnailUrl\":\"https:\/\/geoclimate.ge\/wp-content\/uploads\/2025\/02\/vibro-amr-web-1.jpg\",\"datePublished\":\"2025-02-07T17:31:44+00:00\",\"dateModified\":\"2025-02-25T20:24:26+00:00\",\"breadcrumb\":{\"@id\":\"https:\/\/geoclimate.ge\/az\/product\/vibro-amr-anti-vibration-spring-isolator-with-lateral-restrain\/#breadcrumb\"},\"inLanguage\":\"az\",\"potentialAction\":[{\"@type\":\"ReadAction\",\"target\":[\"https:\/\/geoclimate.ge\/az\/product\/vibro-amr-anti-vibration-spring-isolator-with-lateral-restrain\/\"]}]},{\"@type\":\"ImageObject\",\"inLanguage\":\"az\",\"@id\":\"https:\/\/geoclimate.ge\/az\/product\/vibro-amr-anti-vibration-spring-isolator-with-lateral-restrain\/#primaryimage\",\"url\":\"https:\/\/geoclimate.ge\/wp-content\/uploads\/2025\/02\/vibro-amr-web-1.jpg\",\"contentUrl\":\"https:\/\/geoclimate.ge\/wp-content\/uploads\/2025\/02\/vibro-amr-web-1.jpg\",\"width\":412,\"height\":330},{\"@type\":\"BreadcrumbList\",\"@id\":\"https:\/\/geoclimate.ge\/az\/product\/vibro-amr-anti-vibration-spring-isolator-with-lateral-restrain\/#breadcrumb\",\"itemListElement\":[{\"@type\":\"ListItem\",\"position\":1,\"name\":\"Home\",\"item\":\"https:\/\/geoclimate.ge\/az\/\"},{\"@type\":\"ListItem\",\"position\":2,\"name\":\"M\u0259hsullar\",\"item\":\"https:\/\/geoclimate.ge\/az\/products\/\"},{\"@type\":\"ListItem\",\"position\":3,\"name\":\"Vibro-AMR: Yanal dayan\u0131ql\u0131 vibrasiya \u0259leyhin\u0259 yay izolyatoru\"}]},{\"@type\":\"WebSite\",\"@id\":\"https:\/\/geoclimate.ge\/#website\",\"url\":\"https:\/\/geoclimate.ge\/\",\"name\":\"GeoClimate\",\"description\":\"\",\"publisher\":{\"@id\":\"https:\/\/geoclimate.ge\/#organization\"},\"potentialAction\":[{\"@type\":\"SearchAction\",\"target\":{\"@type\":\"EntryPoint\",\"urlTemplate\":\"https:\/\/geoclimate.ge\/?s={search_term_string}\"},\"query-input\":{\"@type\":\"PropertyValueSpecification\",\"valueRequired\":true,\"valueName\":\"search_term_string\"}}],\"inLanguage\":\"az\"},{\"@type\":\"Organization\",\"@id\":\"https:\/\/geoclimate.ge\/#organization\",\"name\":\"GeoClimate\",\"url\":\"https:\/\/geoclimate.ge\/\",\"logo\":{\"@type\":\"ImageObject\",\"inLanguage\":\"az\",\"@id\":\"https:\/\/geoclimate.ge\/#\/schema\/logo\/image\/\",\"url\":\"https:\/\/geoclimate.ge\/wp-content\/uploads\/2026\/03\/geoclimate-SEO.png\",\"contentUrl\":\"https:\/\/geoclimate.ge\/wp-content\/uploads\/2026\/03\/geoclimate-SEO.png\",\"width\":1536,\"height\":1024,\"caption\":\"GeoClimate\"},\"image\":{\"@id\":\"https:\/\/geoclimate.ge\/#\/schema\/logo\/image\/\"}}]}<\/script>\n<!-- \/ Yoast SEO plugin. -->","yoast_head_json":{"title":"Vibro-AMR: Yanal dayan\u0131ql\u0131 vibrasiya \u0259leyhin\u0259 yay izolyatoru - GeoClimate.ge","robots":{"index":"index","follow":"follow","max-snippet":"max-snippet:-1","max-image-preview":"max-image-preview:large","max-video-preview":"max-video-preview:-1"},"canonical":"https:\/\/geoclimate.ge\/az\/product\/vibro-amr-anti-vibration-spring-isolator-with-lateral-restrain\/","og_locale":"az_AZ","og_type":"article","og_title":"Vibro-AMR: Yanal dayan\u0131ql\u0131 vibrasiya \u0259leyhin\u0259 yay izolyatoru - GeoClimate.ge","og_description":"A\u015fa\u011f\u0131 tezlikli vibrasiya izolyasiyas\u0131 \u00fc\u00e7\u00fcn istifad\u0259 olunan yanal dayan\u0131ql\u0131 vibrasiya \u0259leyhin\u0259 yay izolyatorlar\u0131  T\u018fSV\u0130R\u0130  Vibro-\u0391MR yay izolyator montaj\u0131 nisbi limit dayanacaqlar\u0131 olan \u00e7ox istiqam\u0259tli vibrasiya \u0259leyhin\u0259 qoruyucudur. O, a\u015fa\u011f\u0131 tezlikli vibrasiya n\u0259zar\u0259ti (a\u015fa\u011f\u0131 s\u00fcr\u0259tli f\u0131rlanma 400 rpm yuxar\u0131) \u00fc\u00e7\u00fcn istifad\u0259 edil\u0259 bil\u0259r ki, bu da yanal v\u0259 \u015faquli m\u0259hdudla\u015fd\u0131rma v\u0259 z\u0259lz\u0259l\u0259l\u0259rd\u0259n v\u0259 h\u0259ddind\u0259n art\u0131q k\u00fcl\u0259k t\u0259zyiqind\u0259n qorunma t\u0259l\u0259b edir. Onlar g\u0259rginlik, s\u0131x\u0131lma, k\u0259sm\u0259 xarakterli q\u00fcvv\u0259l\u0259ri saxlaya bilirl\u0259r.  Polyester toz boya metal plit\u0259l\u0259ri oksidl\u0259\u015fm\u0259d\u0259n qoruyur.  T\u018fTB\u0130QL\u018fR  Vibro-AM.Restrained-d\u0259n mexaniki s\u0259s-k\u00fcy v\u0259 vibrasiya izolyasiyas\u0131 \u00fc\u00e7\u00fcn istifad\u0259 etm\u0259k t\u00f6vsiy\u0259 olunur:  Titr\u0259m\u0259 avadanl\u0131qlar\u0131n\u0131n seysmik hadis\u0259l\u0259r\u0259 m\u0259ruz qalma ehtimal\u0131 var. Titr\u0259m\u0259 avadanl\u0131\u011f\u0131n\u0131n k\u00fctl\u0259 m\u0259rk\u0259zinin \u0259h\u0259miyy\u0259tli d\u0259r\u0259c\u0259d\u0259 d\u0259yi\u015fm\u0259si ehtimal\u0131 olduqda. Y\u00fcks\u0259k k\u00fcl\u0259k y\u00fckl\u0259ri v\u0259 ya dig\u0259r xarici q\u00fcvv\u0259l\u0259r t\u0259tbiq edildikd\u0259. M8 ke\u00e7irici boltlar (daxil deyil) il\u0259 b\u0259rkitm\u0259k \u00fc\u00e7\u00fcn bazada iki de\u015fik var. Vibro-AMR-nin mexanizm\u0259 b\u0259rkidilm\u0259si \u00fc\u00e7\u00fcn yuxar\u0131 hiss\u0259d\u0259 M8 bolt var. Vibro-AMR korpusu t\u0259crid olunmu\u015f avadanl\u0131\u011f\u0131n \u015faquli v\u0259 \u00fcf\u00fcqi h\u0259r\u0259k\u0259tini m\u0259hdudla\u015fd\u0131rmaq \u00fc\u00e7\u00fcn n\u0259z\u0259rd\u0259 tutulmu\u015fdur v\u0259 seysmik qoruma t\u0259min edir.  Vibro-AMR-in b\u00fct\u00fcn metal hiss\u0259l\u0259ri qaynaq n\u00f6qt\u0259l\u0259ri olmadan laz\u0131mi \u015f\u0259kild\u0259 formala\u015fm\u0131\u015f adekvat qal\u0131nl\u0131\u011fa malik metal l\u00f6vh\u0259l\u0259rd\u0259n haz\u0131rlan\u0131r. \u018fsas\u0131nda olan rezin profil s\u0259s k\u0259sici rolunu oynay\u0131r v\u0259 y\u00fcks\u0259k tezlikl\u0259rd\u0259 izolyasiya s\u0259m\u0259r\u0259liliyini art\u0131r\u0131r. Yay\u0131 \u015faquli v\u0259 \u00fcf\u00fcqi h\u0259r\u0259k\u0259tl\u0259rd\u0259 saxlayan iki \u00fcf\u00fcqi ox s\u0259s-k\u00fcy\u00fcn \u00f6t\u00fcr\u00fclm\u0259sinin qar\u015f\u0131s\u0131n\u0131 almaq \u00fc\u00e7\u00fcn rezinl\u0259 \u00f6rt\u00fclm\u00fc\u015fd\u00fcr.  Vibro-AMR eyni vaxtda seysmik n\u0259zar\u0259t m\u00fchafiz\u0259sini t\u0259klif ed\u0259 bil\u0259r, k\u00fcl\u0259k t\u0259zyiqinin yanal q\u00fcvv\u0259l\u0259rini u\u011furla davam etdirir v\u0259 eyni zamanda d\u0259st\u0259kl\u0259yici strukturlara vibrasiyan\u0131n \u00f6t\u00fcr\u00fclm\u0259sini azald\u0131r.  H\u00fcnd\u00fcrl\u00fcy\u00fcn t\u0259nziml\u0259nm\u0259si t\u0259l\u0259b olunarsa, laz\u0131mi qoz-f\u0131nd\u0131q v\u0259 yuyucularla birlikd\u0259 x\u00fcsusi bir jak vidas\u0131 t\u0259min edil\u0259 bil\u0259r.","og_url":"https:\/\/geoclimate.ge\/az\/product\/vibro-amr-anti-vibration-spring-isolator-with-lateral-restrain\/","og_site_name":"GeoClimate.ge","article_modified_time":"2025-02-25T20:24:26+00:00","og_image":[{"width":412,"height":330,"url":"https:\/\/geoclimate.ge\/wp-content\/uploads\/2025\/02\/vibro-amr-web-1.jpg","type":"image\/jpeg"}],"twitter_card":"summary_large_image","schema":{"@context":"https:\/\/schema.org","@graph":[{"@type":"WebPage","@id":"https:\/\/geoclimate.ge\/az\/product\/vibro-amr-anti-vibration-spring-isolator-with-lateral-restrain\/","url":"https:\/\/geoclimate.ge\/az\/product\/vibro-amr-anti-vibration-spring-isolator-with-lateral-restrain\/","name":"Vibro-AMR: Yanal dayan\u0131ql\u0131 vibrasiya \u0259leyhin\u0259 yay izolyatoru - GeoClimate.ge","isPartOf":{"@id":"https:\/\/geoclimate.ge\/#website"},"primaryImageOfPage":{"@id":"https:\/\/geoclimate.ge\/az\/product\/vibro-amr-anti-vibration-spring-isolator-with-lateral-restrain\/#primaryimage"},"image":{"@id":"https:\/\/geoclimate.ge\/az\/product\/vibro-amr-anti-vibration-spring-isolator-with-lateral-restrain\/#primaryimage"},"thumbnailUrl":"https:\/\/geoclimate.ge\/wp-content\/uploads\/2025\/02\/vibro-amr-web-1.jpg","datePublished":"2025-02-07T17:31:44+00:00","dateModified":"2025-02-25T20:24:26+00:00","breadcrumb":{"@id":"https:\/\/geoclimate.ge\/az\/product\/vibro-amr-anti-vibration-spring-isolator-with-lateral-restrain\/#breadcrumb"},"inLanguage":"az","potentialAction":[{"@type":"ReadAction","target":["https:\/\/geoclimate.ge\/az\/product\/vibro-amr-anti-vibration-spring-isolator-with-lateral-restrain\/"]}]},{"@type":"ImageObject","inLanguage":"az","@id":"https:\/\/geoclimate.ge\/az\/product\/vibro-amr-anti-vibration-spring-isolator-with-lateral-restrain\/#primaryimage","url":"https:\/\/geoclimate.ge\/wp-content\/uploads\/2025\/02\/vibro-amr-web-1.jpg","contentUrl":"https:\/\/geoclimate.ge\/wp-content\/uploads\/2025\/02\/vibro-amr-web-1.jpg","width":412,"height":330},{"@type":"BreadcrumbList","@id":"https:\/\/geoclimate.ge\/az\/product\/vibro-amr-anti-vibration-spring-isolator-with-lateral-restrain\/#breadcrumb","itemListElement":[{"@type":"ListItem","position":1,"name":"Home","item":"https:\/\/geoclimate.ge\/az\/"},{"@type":"ListItem","position":2,"name":"M\u0259hsullar","item":"https:\/\/geoclimate.ge\/az\/products\/"},{"@type":"ListItem","position":3,"name":"Vibro-AMR: Yanal dayan\u0131ql\u0131 vibrasiya \u0259leyhin\u0259 yay izolyatoru"}]},{"@type":"WebSite","@id":"https:\/\/geoclimate.ge\/#website","url":"https:\/\/geoclimate.ge\/","name":"GeoClimate","description":"","publisher":{"@id":"https:\/\/geoclimate.ge\/#organization"},"potentialAction":[{"@type":"SearchAction","target":{"@type":"EntryPoint","urlTemplate":"https:\/\/geoclimate.ge\/?s={search_term_string}"},"query-input":{"@type":"PropertyValueSpecification","valueRequired":true,"valueName":"search_term_string"}}],"inLanguage":"az"},{"@type":"Organization","@id":"https:\/\/geoclimate.ge\/#organization","name":"GeoClimate","url":"https:\/\/geoclimate.ge\/","logo":{"@type":"ImageObject","inLanguage":"az","@id":"https:\/\/geoclimate.ge\/#\/schema\/logo\/image\/","url":"https:\/\/geoclimate.ge\/wp-content\/uploads\/2026\/03\/geoclimate-SEO.png","contentUrl":"https:\/\/geoclimate.ge\/wp-content\/uploads\/2026\/03\/geoclimate-SEO.png","width":1536,"height":1024,"caption":"GeoClimate"},"image":{"@id":"https:\/\/geoclimate.ge\/#\/schema\/logo\/image\/"}}]}},"_links":{"self":[{"href":"https:\/\/geoclimate.ge\/az\/wp-json\/wp\/v2\/product\/23659","targetHints":{"allow":["GET"]}}],"collection":[{"href":"https:\/\/geoclimate.ge\/az\/wp-json\/wp\/v2\/product"}],"about":[{"href":"https:\/\/geoclimate.ge\/az\/wp-json\/wp\/v2\/types\/product"}],"wp:featuredmedia":[{"embeddable":true,"href":"https:\/\/geoclimate.ge\/az\/wp-json\/wp\/v2\/media\/22545"}],"wp:attachment":[{"href":"https:\/\/geoclimate.ge\/az\/wp-json\/wp\/v2\/media?parent=23659"}],"wp:term":[{"taxonomy":"product_brand","embeddable":true,"href":"https:\/\/geoclimate.ge\/az\/wp-json\/wp\/v2\/product_brand?post=23659"},{"taxonomy":"product_cat","embeddable":true,"href":"https:\/\/geoclimate.ge\/az\/wp-json\/wp\/v2\/product_cat?post=23659"},{"taxonomy":"product_tag","embeddable":true,"href":"https:\/\/geoclimate.ge\/az\/wp-json\/wp\/v2\/product_tag?post=23659"}],"curies":[{"name":"wp","href":"https:\/\/api.w.org\/{rel}","templated":true}]}}