{"id":23661,"date":"2025-02-07T21:26:48","date_gmt":"2025-02-07T17:26:48","guid":{"rendered":"https:\/\/airsystems.ge\/shop\/product\/vibro-am-free-standing-spring-mounts\/"},"modified":"2025-02-26T00:24:26","modified_gmt":"2025-02-25T20:24:26","slug":"vibro-am-free-standing-spring-mounts","status":"publish","type":"product","link":"https:\/\/geoclimate.ge\/az\/product\/vibro-am-free-standing-spring-mounts\/","title":{"rendered":"Vibro-AM: S\u0259rb\u0259st Daimi Yay Qur\u011fular\u0131"},"content":{"rendered":"<table border=\"1\" width=\"283\" cellspacing=\"1\" cellpadding=\"1\">\n<tbody>\n<tr>\n<td>\n<p align=\"center\"><strong>TYPE<\/strong><\/p>\n<\/td>\n<td>\n<p align=\"center\"><strong>LOAD RANGE (kp*)<\/strong><\/p>\n<\/td>\n<\/tr>\n<tr>\n<td>\n<p align=\"center\">Vibro-AM 25<\/p>\n<\/td>\n<td>\n<p align=\"center\">25<\/p>\n<\/td>\n<\/tr>\n<tr>\n<td>\n<p align=\"center\">Vibro-AM 50<\/p>\n<\/td>\n<td>\n<p align=\"center\">50<\/p>\n<\/td>\n<\/tr>\n<tr>\n<td>\n<p align=\"center\">Vibro-AM 100<\/p>\n<\/td>\n<td>\n<p align=\"center\">100<\/p>\n<\/td>\n<\/tr>\n<tr>\n<td>\n<p align=\"center\">Vibro-AM 150<\/p>\n<\/td>\n<td>\n<p align=\"center\">150<\/p>\n<\/td>\n<\/tr>\n<\/tbody>\n<\/table>\n<p>\u0130st\u0259k \u00fczr\u0259 dig\u0259r y\u00fck aral\u0131\u011f\u0131\u00a0\u00a0\u00a0\u00a0\u00a0\u00a0\u00a0\u00a0\u00a0\u00a0\u00a0\u00a0\u00a0\u00a0\u00a0\u00a0\u00a0\u00a0\u00a0\u00a0\u00a0\u00a0\u00a0\u00a0\u00a0\u00a0\u00a0\u00a0\u00a0\u00a0\u00a0\u00a0\u00a0\u00a0\u00a0\u00a0\u00a0\u00a0 *1kp =10N<\/p>\n<p>Maksimum y\u00fck alt\u0131nda statik \u0259yilm\u0259 25 mm<br \/>\nMaksimum y\u00fck alt\u0131nda 3 Hz-\u0259 q\u0259d\u0259r t\u0259bii tezlik<\/p>\n","protected":false},"excerpt":{"rendered":"<p>T\u0259k yayl\u0131 montajd\u0131r, a\u015fa\u011f\u0131 tezlikli vibrasiyaya n\u0259zar\u0259t \u00fc\u00e7\u00fcn uy\u011fundur, t\u0259tbiqi asan, yenilik\u00e7i yay b\u0259rkitm\u0259 sistemi il\u0259. Onun bazas\u0131nda y\u00fcks\u0259k tezlikl\u0259rd\u0259 daha yax\u015f\u0131 izolyasiya s\u0259m\u0259r\u0259liliyi t\u0259klif ed\u0259n elastik profil var.<\/p>\n<p>Vibro-AM S\u0259rb\u0259st Daimi Yay Qur\u011fular\u0131 bunlard\u0131r:<\/p>\n<p>A\u015eA\u011eI TEZL\u0130KL\u0130 V\u0130BRASYONLARA N\u018fZAR\u018fT \u00dc\u00c7\u00dcN UY\u011eUNDUR<br \/>\nA\u015eA\u011eI TEZL\u0130KL\u0130 V\u0130BRASYON N\u018fZAR\u018fT YAY MONTAJI<br \/>\nM\u00dcRAC\u0130\u018fT ETM\u018fS\u0130 ASANDIR<br \/>\nVibro-AM-\u0131n vibrasiya \u0259leyhin\u0259 yay qur\u011fular\u0131 xarici \u015f\u0259rait\u0259 davaml\u0131, adekvat qal\u0131nl\u0131\u011fa v\u0259 x\u00fcsusi elastik profil\u0259 malik metal l\u00f6vh\u0259y\u0259 malikdir v\u0259 bel\u0259likl\u0259, y\u00fcks\u0259k tezlikl\u0259rd\u0259 daha yax\u015f\u0131 izolyasiya s\u0259m\u0259r\u0259liliyi t\u0259klif edir. H\u0259m metal l\u00f6vh\u0259d\u0259, h\u0259m d\u0259 elastik profild\u0259 yay montaj\u0131n\u0131n alt\u0131ndak\u0131 ke\u00e7id boltlar\u0131 il\u0259 b\u0259rkidilm\u0259si \u00fc\u00e7\u00fcn iki de\u015fik var. Yay montaj\u0131n\u0131n yuxar\u0131 hiss\u0259sind\u0259 onlar\u0131 mexanizml\u0259r\u0259 uy\u011funla\u015fd\u0131rmaq \u00fc\u00e7\u00fcn M8 bolt var. Yay ISO EN 10270 t\u0259l\u0259bl\u0259rin\u0259 uy\u011fundur.<\/p>\n<p>T\u018fTB\u0130Q<br \/>\nVibro-AM vibrasiya \u0259leyhin\u0259 yay qur\u011fular\u0131 kompressorlar, iki d\u00f6vr\u0259li m\u00fch\u0259rrikl\u0259r, soyuducular, kondisioner qur\u011fular\u0131 v\u0259 s.<\/p>\n<p>D\u0130NAM\u0130K X\u00dcSUS\u0130YY\u018fTL\u018fR<\/p>\n<p>\u00c7arpma: 25 mm* (maksimum y\u00fckd\u0259)<br \/>\nT\u0259bii Tezlik: 3 Hz (maksimum y\u00fckd\u0259)<\/p>\n<p>*50 mm \u0259yilm\u0259 il\u0259 d\u0259 m\u00f6vcuddur<\/p>\n<p>MONTAJ<\/p>\n<p>R\u0259ng kodlu yaylardan v\u0259 ya etiketl\u0259m\u0259 identifikasiyas\u0131ndan istifad\u0259 ed\u0259r\u0259k h\u0259r bir yay izolyatorunu yerind\u0259 tap\u0131n<br \/>\nM8 yuxar\u0131 vintini montaj braketinin m\u00fcvafiq \u00e7uxurundan ke\u00e7irin. M8 c\u0131vatalar\u0131ndan istifad\u0259 ed\u0259r\u0259k d\u00fcz\u0259ltm\u0259k \u00fc\u00e7\u00fcn \u00fcst qay\u011f\u0131 avadanl\u0131\u011f\u0131n ayaq m\u00f6t\u0259riz\u0259sin\u0259 s\u0131x\u0131n.<br \/>\nD\u00fcz\u0259ldici t\u0259nziml\u0259m\u0259y\u0259 davam etm\u0259k laz\u0131md\u0131rsa, nisbi metal yuyucusu olan iki &lt;8 boltu istifad\u0259 edin. alt qozunu saat \u0259qr\u0259bi istiqam\u0259tind\u0259 h\u0259r yay izolyatorunda iki n\u00f6vb\u0259y\u0259 \u00e7evirin. Laz\u0131mi s\u0259viyy\u0259y\u0259 \u00e7atana q\u0259d\u0259r bunu etm\u0259y\u0259 davam edin.<br \/>\nYay izolyatorunun montaj delikl\u0259rinin avadanl\u0131qa qura\u015fd\u0131r\u0131ld\u0131qdan sonra \u0259l\u00e7atan olmas\u0131n\u0131 t\u0259min etm\u0259k \u00fc\u00e7\u00fcn Vibro-AM-\u0131 laz\u0131mi q\u0259d\u0259r f\u0131rlad\u0131n. Bu m\u00fcmk\u00fcn deyils\u0259, 2 uy\u011fun M8 boltundan istifad\u0259 ed\u0259r\u0259k, vibrasiya \u0259leyhin\u0259 montaj\u0131 bazaya d\u00fcz\u0259ld\u0259 bil\u0259rsiniz.<br \/>\n\u018fks halda, izolyatoru metal \u00e7\u0259r\u00e7iv\u0259nin alt\u0131ndan ke\u00e7irici boltlar il\u0259 b\u0259rkitm\u0259k \u00fc\u00e7\u00fcn alt bazadak\u0131 iki d\u0259likd\u0259n (\u22058mm) istifad\u0259 edin.<\/p>\n","protected":false},"featured_media":22517,"template":"","meta":[],"product_brand":[],"product_cat":[927],"product_tag":[],"class_list":{"0":"post-23661","1":"product","2":"type-product","3":"status-publish","4":"has-post-thumbnail","6":"product_cat-vibrasiya-anti-ss-kuy-akustik-az","8":"first","9":"instock","10":"shipping-taxable","11":"product-type-simple"},"yoast_head":"<!-- This site is optimized with the Yoast SEO plugin v27.1.1 - https:\/\/yoast.com\/product\/yoast-seo-wordpress\/ -->\n<title>Vibro-AM: S\u0259rb\u0259st Daimi Yay Qur\u011fular\u0131 - GeoClimate.ge<\/title>\n<meta name=\"robots\" content=\"index, follow, max-snippet:-1, max-image-preview:large, max-video-preview:-1\" \/>\n<link rel=\"canonical\" href=\"https:\/\/geoclimate.ge\/az\/product\/vibro-am-free-standing-spring-mounts\/\" \/>\n<meta property=\"og:locale\" content=\"az_AZ\" \/>\n<meta property=\"og:type\" content=\"article\" \/>\n<meta property=\"og:title\" content=\"Vibro-AM: S\u0259rb\u0259st Daimi Yay Qur\u011fular\u0131 - GeoClimate.ge\" \/>\n<meta property=\"og:description\" content=\"T\u0259k yayl\u0131 montajd\u0131r, a\u015fa\u011f\u0131 tezlikli vibrasiyaya n\u0259zar\u0259t \u00fc\u00e7\u00fcn uy\u011fundur, t\u0259tbiqi asan, yenilik\u00e7i yay b\u0259rkitm\u0259 sistemi il\u0259. Onun bazas\u0131nda y\u00fcks\u0259k tezlikl\u0259rd\u0259 daha yax\u015f\u0131 izolyasiya s\u0259m\u0259r\u0259liliyi t\u0259klif ed\u0259n elastik profil var.  Vibro-AM S\u0259rb\u0259st Daimi Yay Qur\u011fular\u0131 bunlard\u0131r:  A\u015eA\u011eI TEZL\u0130KL\u0130 V\u0130BRASYONLARA N\u018fZAR\u018fT \u00dc\u00c7\u00dcN UY\u011eUNDUR A\u015eA\u011eI TEZL\u0130KL\u0130 V\u0130BRASYON N\u018fZAR\u018fT YAY MONTAJI M\u00dcRAC\u0130\u018fT ETM\u018fS\u0130 ASANDIR Vibro-AM-\u0131n vibrasiya \u0259leyhin\u0259 yay qur\u011fular\u0131 xarici \u015f\u0259rait\u0259 davaml\u0131, adekvat qal\u0131nl\u0131\u011fa v\u0259 x\u00fcsusi elastik profil\u0259 malik metal l\u00f6vh\u0259y\u0259 malikdir v\u0259 bel\u0259likl\u0259, y\u00fcks\u0259k tezlikl\u0259rd\u0259 daha yax\u015f\u0131 izolyasiya s\u0259m\u0259r\u0259liliyi t\u0259klif edir. H\u0259m metal l\u00f6vh\u0259d\u0259, h\u0259m d\u0259 elastik profild\u0259 yay montaj\u0131n\u0131n alt\u0131ndak\u0131 ke\u00e7id boltlar\u0131 il\u0259 b\u0259rkidilm\u0259si \u00fc\u00e7\u00fcn iki de\u015fik var. Yay montaj\u0131n\u0131n yuxar\u0131 hiss\u0259sind\u0259 onlar\u0131 mexanizml\u0259r\u0259 uy\u011funla\u015fd\u0131rmaq \u00fc\u00e7\u00fcn M8 bolt var. Yay ISO EN 10270 t\u0259l\u0259bl\u0259rin\u0259 uy\u011fundur.  T\u018fTB\u0130Q Vibro-AM vibrasiya \u0259leyhin\u0259 yay qur\u011fular\u0131 kompressorlar, iki d\u00f6vr\u0259li m\u00fch\u0259rrikl\u0259r, soyuducular, kondisioner qur\u011fular\u0131 v\u0259 s.  D\u0130NAM\u0130K X\u00dcSUS\u0130YY\u018fTL\u018fR  \u00c7arpma: 25 mm* (maksimum y\u00fckd\u0259) T\u0259bii Tezlik: 3 Hz (maksimum y\u00fckd\u0259)  *50 mm \u0259yilm\u0259 il\u0259 d\u0259 m\u00f6vcuddur  MONTAJ  R\u0259ng kodlu yaylardan v\u0259 ya etiketl\u0259m\u0259 identifikasiyas\u0131ndan istifad\u0259 ed\u0259r\u0259k h\u0259r bir yay izolyatorunu yerind\u0259 tap\u0131n M8 yuxar\u0131 vintini montaj braketinin m\u00fcvafiq \u00e7uxurundan ke\u00e7irin. M8 c\u0131vatalar\u0131ndan istifad\u0259 ed\u0259r\u0259k d\u00fcz\u0259ltm\u0259k \u00fc\u00e7\u00fcn \u00fcst qay\u011f\u0131 avadanl\u0131\u011f\u0131n ayaq m\u00f6t\u0259riz\u0259sin\u0259 s\u0131x\u0131n. D\u00fcz\u0259ldici t\u0259nziml\u0259m\u0259y\u0259 davam etm\u0259k laz\u0131md\u0131rsa, nisbi metal yuyucusu olan iki &lt;8 boltu istifad\u0259 edin. alt qozunu saat \u0259qr\u0259bi istiqam\u0259tind\u0259 h\u0259r yay izolyatorunda iki n\u00f6vb\u0259y\u0259 \u00e7evirin. Laz\u0131mi s\u0259viyy\u0259y\u0259 \u00e7atana q\u0259d\u0259r bunu etm\u0259y\u0259 davam edin. Yay izolyatorunun montaj delikl\u0259rinin avadanl\u0131qa qura\u015fd\u0131r\u0131ld\u0131qdan sonra \u0259l\u00e7atan olmas\u0131n\u0131 t\u0259min etm\u0259k \u00fc\u00e7\u00fcn Vibro-AM-\u0131 laz\u0131mi q\u0259d\u0259r f\u0131rlad\u0131n. Bu m\u00fcmk\u00fcn deyils\u0259, 2 uy\u011fun M8 boltundan istifad\u0259 ed\u0259r\u0259k, vibrasiya \u0259leyhin\u0259 montaj\u0131 bazaya d\u00fcz\u0259ld\u0259 bil\u0259rsiniz. \u018fks halda, izolyatoru metal \u00e7\u0259r\u00e7iv\u0259nin alt\u0131ndan ke\u00e7irici boltlar il\u0259 b\u0259rkitm\u0259k \u00fc\u00e7\u00fcn alt bazadak\u0131 iki d\u0259likd\u0259n (\u22058mm) istifad\u0259 edin.\" \/>\n<meta property=\"og:url\" content=\"https:\/\/geoclimate.ge\/az\/product\/vibro-am-free-standing-spring-mounts\/\" \/>\n<meta property=\"og:site_name\" content=\"GeoClimate.ge\" \/>\n<meta property=\"article:modified_time\" content=\"2025-02-25T20:24:26+00:00\" \/>\n<meta property=\"og:image\" content=\"https:\/\/geoclimate.ge\/wp-content\/uploads\/2025\/02\/071709170356_A.jpg\" \/>\n\t<meta property=\"og:image:width\" content=\"280\" \/>\n\t<meta property=\"og:image:height\" content=\"210\" \/>\n\t<meta property=\"og:image:type\" content=\"image\/jpeg\" \/>\n<meta name=\"twitter:card\" content=\"summary_large_image\" \/>\n<script type=\"application\/ld+json\" class=\"yoast-schema-graph\">{\"@context\":\"https:\/\/schema.org\",\"@graph\":[{\"@type\":\"WebPage\",\"@id\":\"https:\/\/geoclimate.ge\/az\/product\/vibro-am-free-standing-spring-mounts\/\",\"url\":\"https:\/\/geoclimate.ge\/az\/product\/vibro-am-free-standing-spring-mounts\/\",\"name\":\"Vibro-AM: S\u0259rb\u0259st Daimi Yay Qur\u011fular\u0131 - GeoClimate.ge\",\"isPartOf\":{\"@id\":\"https:\/\/geoclimate.ge\/#website\"},\"primaryImageOfPage\":{\"@id\":\"https:\/\/geoclimate.ge\/az\/product\/vibro-am-free-standing-spring-mounts\/#primaryimage\"},\"image\":{\"@id\":\"https:\/\/geoclimate.ge\/az\/product\/vibro-am-free-standing-spring-mounts\/#primaryimage\"},\"thumbnailUrl\":\"https:\/\/geoclimate.ge\/wp-content\/uploads\/2025\/02\/071709170356_A.jpg\",\"datePublished\":\"2025-02-07T17:26:48+00:00\",\"dateModified\":\"2025-02-25T20:24:26+00:00\",\"breadcrumb\":{\"@id\":\"https:\/\/geoclimate.ge\/az\/product\/vibro-am-free-standing-spring-mounts\/#breadcrumb\"},\"inLanguage\":\"az\",\"potentialAction\":[{\"@type\":\"ReadAction\",\"target\":[\"https:\/\/geoclimate.ge\/az\/product\/vibro-am-free-standing-spring-mounts\/\"]}]},{\"@type\":\"ImageObject\",\"inLanguage\":\"az\",\"@id\":\"https:\/\/geoclimate.ge\/az\/product\/vibro-am-free-standing-spring-mounts\/#primaryimage\",\"url\":\"https:\/\/geoclimate.ge\/wp-content\/uploads\/2025\/02\/071709170356_A.jpg\",\"contentUrl\":\"https:\/\/geoclimate.ge\/wp-content\/uploads\/2025\/02\/071709170356_A.jpg\",\"width\":280,\"height\":210},{\"@type\":\"BreadcrumbList\",\"@id\":\"https:\/\/geoclimate.ge\/az\/product\/vibro-am-free-standing-spring-mounts\/#breadcrumb\",\"itemListElement\":[{\"@type\":\"ListItem\",\"position\":1,\"name\":\"Home\",\"item\":\"https:\/\/geoclimate.ge\/az\/\"},{\"@type\":\"ListItem\",\"position\":2,\"name\":\"M\u0259hsullar\",\"item\":\"https:\/\/geoclimate.ge\/az\/products\/\"},{\"@type\":\"ListItem\",\"position\":3,\"name\":\"Vibro-AM: S\u0259rb\u0259st Daimi Yay Qur\u011fular\u0131\"}]},{\"@type\":\"WebSite\",\"@id\":\"https:\/\/geoclimate.ge\/#website\",\"url\":\"https:\/\/geoclimate.ge\/\",\"name\":\"GeoClimate\",\"description\":\"\",\"publisher\":{\"@id\":\"https:\/\/geoclimate.ge\/#organization\"},\"potentialAction\":[{\"@type\":\"SearchAction\",\"target\":{\"@type\":\"EntryPoint\",\"urlTemplate\":\"https:\/\/geoclimate.ge\/?s={search_term_string}\"},\"query-input\":{\"@type\":\"PropertyValueSpecification\",\"valueRequired\":true,\"valueName\":\"search_term_string\"}}],\"inLanguage\":\"az\"},{\"@type\":\"Organization\",\"@id\":\"https:\/\/geoclimate.ge\/#organization\",\"name\":\"GeoClimate\",\"url\":\"https:\/\/geoclimate.ge\/\",\"logo\":{\"@type\":\"ImageObject\",\"inLanguage\":\"az\",\"@id\":\"https:\/\/geoclimate.ge\/#\/schema\/logo\/image\/\",\"url\":\"https:\/\/geoclimate.ge\/wp-content\/uploads\/2026\/03\/geoclimate-SEO.png\",\"contentUrl\":\"https:\/\/geoclimate.ge\/wp-content\/uploads\/2026\/03\/geoclimate-SEO.png\",\"width\":1536,\"height\":1024,\"caption\":\"GeoClimate\"},\"image\":{\"@id\":\"https:\/\/geoclimate.ge\/#\/schema\/logo\/image\/\"}}]}<\/script>\n<!-- \/ Yoast SEO plugin. -->","yoast_head_json":{"title":"Vibro-AM: S\u0259rb\u0259st Daimi Yay Qur\u011fular\u0131 - GeoClimate.ge","robots":{"index":"index","follow":"follow","max-snippet":"max-snippet:-1","max-image-preview":"max-image-preview:large","max-video-preview":"max-video-preview:-1"},"canonical":"https:\/\/geoclimate.ge\/az\/product\/vibro-am-free-standing-spring-mounts\/","og_locale":"az_AZ","og_type":"article","og_title":"Vibro-AM: S\u0259rb\u0259st Daimi Yay Qur\u011fular\u0131 - GeoClimate.ge","og_description":"T\u0259k yayl\u0131 montajd\u0131r, a\u015fa\u011f\u0131 tezlikli vibrasiyaya n\u0259zar\u0259t \u00fc\u00e7\u00fcn uy\u011fundur, t\u0259tbiqi asan, yenilik\u00e7i yay b\u0259rkitm\u0259 sistemi il\u0259. Onun bazas\u0131nda y\u00fcks\u0259k tezlikl\u0259rd\u0259 daha yax\u015f\u0131 izolyasiya s\u0259m\u0259r\u0259liliyi t\u0259klif ed\u0259n elastik profil var.  Vibro-AM S\u0259rb\u0259st Daimi Yay Qur\u011fular\u0131 bunlard\u0131r:  A\u015eA\u011eI TEZL\u0130KL\u0130 V\u0130BRASYONLARA N\u018fZAR\u018fT \u00dc\u00c7\u00dcN UY\u011eUNDUR A\u015eA\u011eI TEZL\u0130KL\u0130 V\u0130BRASYON N\u018fZAR\u018fT YAY MONTAJI M\u00dcRAC\u0130\u018fT ETM\u018fS\u0130 ASANDIR Vibro-AM-\u0131n vibrasiya \u0259leyhin\u0259 yay qur\u011fular\u0131 xarici \u015f\u0259rait\u0259 davaml\u0131, adekvat qal\u0131nl\u0131\u011fa v\u0259 x\u00fcsusi elastik profil\u0259 malik metal l\u00f6vh\u0259y\u0259 malikdir v\u0259 bel\u0259likl\u0259, y\u00fcks\u0259k tezlikl\u0259rd\u0259 daha yax\u015f\u0131 izolyasiya s\u0259m\u0259r\u0259liliyi t\u0259klif edir. H\u0259m metal l\u00f6vh\u0259d\u0259, h\u0259m d\u0259 elastik profild\u0259 yay montaj\u0131n\u0131n alt\u0131ndak\u0131 ke\u00e7id boltlar\u0131 il\u0259 b\u0259rkidilm\u0259si \u00fc\u00e7\u00fcn iki de\u015fik var. Yay montaj\u0131n\u0131n yuxar\u0131 hiss\u0259sind\u0259 onlar\u0131 mexanizml\u0259r\u0259 uy\u011funla\u015fd\u0131rmaq \u00fc\u00e7\u00fcn M8 bolt var. Yay ISO EN 10270 t\u0259l\u0259bl\u0259rin\u0259 uy\u011fundur.  T\u018fTB\u0130Q Vibro-AM vibrasiya \u0259leyhin\u0259 yay qur\u011fular\u0131 kompressorlar, iki d\u00f6vr\u0259li m\u00fch\u0259rrikl\u0259r, soyuducular, kondisioner qur\u011fular\u0131 v\u0259 s.  D\u0130NAM\u0130K X\u00dcSUS\u0130YY\u018fTL\u018fR  \u00c7arpma: 25 mm* (maksimum y\u00fckd\u0259) T\u0259bii Tezlik: 3 Hz (maksimum y\u00fckd\u0259)  *50 mm \u0259yilm\u0259 il\u0259 d\u0259 m\u00f6vcuddur  MONTAJ  R\u0259ng kodlu yaylardan v\u0259 ya etiketl\u0259m\u0259 identifikasiyas\u0131ndan istifad\u0259 ed\u0259r\u0259k h\u0259r bir yay izolyatorunu yerind\u0259 tap\u0131n M8 yuxar\u0131 vintini montaj braketinin m\u00fcvafiq \u00e7uxurundan ke\u00e7irin. M8 c\u0131vatalar\u0131ndan istifad\u0259 ed\u0259r\u0259k d\u00fcz\u0259ltm\u0259k \u00fc\u00e7\u00fcn \u00fcst qay\u011f\u0131 avadanl\u0131\u011f\u0131n ayaq m\u00f6t\u0259riz\u0259sin\u0259 s\u0131x\u0131n. D\u00fcz\u0259ldici t\u0259nziml\u0259m\u0259y\u0259 davam etm\u0259k laz\u0131md\u0131rsa, nisbi metal yuyucusu olan iki &lt;8 boltu istifad\u0259 edin. alt qozunu saat \u0259qr\u0259bi istiqam\u0259tind\u0259 h\u0259r yay izolyatorunda iki n\u00f6vb\u0259y\u0259 \u00e7evirin. Laz\u0131mi s\u0259viyy\u0259y\u0259 \u00e7atana q\u0259d\u0259r bunu etm\u0259y\u0259 davam edin. Yay izolyatorunun montaj delikl\u0259rinin avadanl\u0131qa qura\u015fd\u0131r\u0131ld\u0131qdan sonra \u0259l\u00e7atan olmas\u0131n\u0131 t\u0259min etm\u0259k \u00fc\u00e7\u00fcn Vibro-AM-\u0131 laz\u0131mi q\u0259d\u0259r f\u0131rlad\u0131n. Bu m\u00fcmk\u00fcn deyils\u0259, 2 uy\u011fun M8 boltundan istifad\u0259 ed\u0259r\u0259k, vibrasiya \u0259leyhin\u0259 montaj\u0131 bazaya d\u00fcz\u0259ld\u0259 bil\u0259rsiniz. \u018fks halda, izolyatoru metal \u00e7\u0259r\u00e7iv\u0259nin alt\u0131ndan ke\u00e7irici boltlar il\u0259 b\u0259rkitm\u0259k \u00fc\u00e7\u00fcn alt bazadak\u0131 iki d\u0259likd\u0259n (\u22058mm) istifad\u0259 edin.","og_url":"https:\/\/geoclimate.ge\/az\/product\/vibro-am-free-standing-spring-mounts\/","og_site_name":"GeoClimate.ge","article_modified_time":"2025-02-25T20:24:26+00:00","og_image":[{"width":280,"height":210,"url":"https:\/\/geoclimate.ge\/wp-content\/uploads\/2025\/02\/071709170356_A.jpg","type":"image\/jpeg"}],"twitter_card":"summary_large_image","schema":{"@context":"https:\/\/schema.org","@graph":[{"@type":"WebPage","@id":"https:\/\/geoclimate.ge\/az\/product\/vibro-am-free-standing-spring-mounts\/","url":"https:\/\/geoclimate.ge\/az\/product\/vibro-am-free-standing-spring-mounts\/","name":"Vibro-AM: S\u0259rb\u0259st Daimi Yay Qur\u011fular\u0131 - GeoClimate.ge","isPartOf":{"@id":"https:\/\/geoclimate.ge\/#website"},"primaryImageOfPage":{"@id":"https:\/\/geoclimate.ge\/az\/product\/vibro-am-free-standing-spring-mounts\/#primaryimage"},"image":{"@id":"https:\/\/geoclimate.ge\/az\/product\/vibro-am-free-standing-spring-mounts\/#primaryimage"},"thumbnailUrl":"https:\/\/geoclimate.ge\/wp-content\/uploads\/2025\/02\/071709170356_A.jpg","datePublished":"2025-02-07T17:26:48+00:00","dateModified":"2025-02-25T20:24:26+00:00","breadcrumb":{"@id":"https:\/\/geoclimate.ge\/az\/product\/vibro-am-free-standing-spring-mounts\/#breadcrumb"},"inLanguage":"az","potentialAction":[{"@type":"ReadAction","target":["https:\/\/geoclimate.ge\/az\/product\/vibro-am-free-standing-spring-mounts\/"]}]},{"@type":"ImageObject","inLanguage":"az","@id":"https:\/\/geoclimate.ge\/az\/product\/vibro-am-free-standing-spring-mounts\/#primaryimage","url":"https:\/\/geoclimate.ge\/wp-content\/uploads\/2025\/02\/071709170356_A.jpg","contentUrl":"https:\/\/geoclimate.ge\/wp-content\/uploads\/2025\/02\/071709170356_A.jpg","width":280,"height":210},{"@type":"BreadcrumbList","@id":"https:\/\/geoclimate.ge\/az\/product\/vibro-am-free-standing-spring-mounts\/#breadcrumb","itemListElement":[{"@type":"ListItem","position":1,"name":"Home","item":"https:\/\/geoclimate.ge\/az\/"},{"@type":"ListItem","position":2,"name":"M\u0259hsullar","item":"https:\/\/geoclimate.ge\/az\/products\/"},{"@type":"ListItem","position":3,"name":"Vibro-AM: S\u0259rb\u0259st Daimi Yay Qur\u011fular\u0131"}]},{"@type":"WebSite","@id":"https:\/\/geoclimate.ge\/#website","url":"https:\/\/geoclimate.ge\/","name":"GeoClimate","description":"","publisher":{"@id":"https:\/\/geoclimate.ge\/#organization"},"potentialAction":[{"@type":"SearchAction","target":{"@type":"EntryPoint","urlTemplate":"https:\/\/geoclimate.ge\/?s={search_term_string}"},"query-input":{"@type":"PropertyValueSpecification","valueRequired":true,"valueName":"search_term_string"}}],"inLanguage":"az"},{"@type":"Organization","@id":"https:\/\/geoclimate.ge\/#organization","name":"GeoClimate","url":"https:\/\/geoclimate.ge\/","logo":{"@type":"ImageObject","inLanguage":"az","@id":"https:\/\/geoclimate.ge\/#\/schema\/logo\/image\/","url":"https:\/\/geoclimate.ge\/wp-content\/uploads\/2026\/03\/geoclimate-SEO.png","contentUrl":"https:\/\/geoclimate.ge\/wp-content\/uploads\/2026\/03\/geoclimate-SEO.png","width":1536,"height":1024,"caption":"GeoClimate"},"image":{"@id":"https:\/\/geoclimate.ge\/#\/schema\/logo\/image\/"}}]}},"_links":{"self":[{"href":"https:\/\/geoclimate.ge\/az\/wp-json\/wp\/v2\/product\/23661","targetHints":{"allow":["GET"]}}],"collection":[{"href":"https:\/\/geoclimate.ge\/az\/wp-json\/wp\/v2\/product"}],"about":[{"href":"https:\/\/geoclimate.ge\/az\/wp-json\/wp\/v2\/types\/product"}],"wp:featuredmedia":[{"embeddable":true,"href":"https:\/\/geoclimate.ge\/az\/wp-json\/wp\/v2\/media\/22517"}],"wp:attachment":[{"href":"https:\/\/geoclimate.ge\/az\/wp-json\/wp\/v2\/media?parent=23661"}],"wp:term":[{"taxonomy":"product_brand","embeddable":true,"href":"https:\/\/geoclimate.ge\/az\/wp-json\/wp\/v2\/product_brand?post=23661"},{"taxonomy":"product_cat","embeddable":true,"href":"https:\/\/geoclimate.ge\/az\/wp-json\/wp\/v2\/product_cat?post=23661"},{"taxonomy":"product_tag","embeddable":true,"href":"https:\/\/geoclimate.ge\/az\/wp-json\/wp\/v2\/product_tag?post=23661"}],"curies":[{"name":"wp","href":"https:\/\/api.w.org\/{rel}","templated":true}]}}