{"id":23684,"date":"2025-02-07T20:44:53","date_gmt":"2025-02-07T16:44:53","guid":{"rendered":"https:\/\/airsystems.ge\/shop\/product\/vibro-mini-anti-vibration-rubber-support-for-light-weight-machinery\/"},"modified":"2025-02-26T00:24:28","modified_gmt":"2025-02-25T20:24:28","slug":"vibro-mini-anti-vibration-rubber-support-for-light-weight-machinery","status":"publish","type":"product","link":"https:\/\/geoclimate.ge\/az\/product\/vibro-mini-anti-vibration-rubber-support-for-light-weight-machinery\/","title":{"rendered":"Vibro-mini: Y\u00fcng\u00fcl Ma\u015f\u0131nlar \u00fc\u00e7\u00fcn Vibrasiyaya Qar\u015f\u0131 Rezin D\u0259st\u0259k"},"content":{"rendered":"","protected":false},"excerpt":{"rendered":"<p>Y\u00fcng\u00fcl ma\u015f\u0131nlar \u00fc\u00e7\u00fcn antivibrasiya h\u0259lli. Tavanlar\u0131n v\u0259 ya HVAC avadanl\u0131\u011f\u0131n\u0131n titr\u0259m\u0259 \u0259leyhin\u0259 montaj\u0131 v\u0259 ya as\u0131lmas\u0131 \u00fc\u00e7\u00fcn istifad\u0259 edil\u0259 bil\u0259r.<\/p>\n<p>&nbsp;<\/p>\n<p>T\u018fSV\u0130R\u0130<\/p>\n<p>Vibro-mini vibrasiya \u0259leyhin\u0259 rezin dayaq vibrasiya probleml\u0259ri \u00fc\u00e7\u00fcn ucuz h\u0259lldir<br \/>\na\u015fa\u011f\u0131 \u00e7\u0259ki ma\u015f\u0131nlar\u0131 s\u0259b\u0259b olur. Bu, a\u015fa\u011f\u0131 eksenelin vibrasiyaya qar\u015f\u0131 d\u0259st\u0259yi \u00fc\u00e7\u00fcn \u0259la h\u0259lldir<br \/>\ny\u00fckl\u0259r.<\/p>\n<p>Vibro-mini yer\u0259 l\u00f6vb\u0259rl\u0259 b\u0259rkidil\u0259 bil\u0259r, l\u00f6vb\u0259rl\u0259r vasit\u0259sil\u0259 tavana as\u0131la bil\u0259r v\u0259 h\u0259m\u00e7inin \u039c8 mm ke\u00e7irici vintl\u0259 metal bazaya yerl\u0259\u015fdiril\u0259 bil\u0259r.<\/p>\n<p>Pioner dizayn\u0131 say\u0259sind\u0259 Vibro-mini y\u00fckl\u0259ndikd\u0259 b\u00f6y\u00fck \u0259yilm\u0259 verir. M\u0259lum oldu\u011fu kimi \u2013 DAHA B\u00d6Y\u00dcK YAX\u015eI DEY\u0130LM\u018f DAHA YAX\u015eI V\u0130BRASYON N\u018fT\u0130C\u018fL\u018fR\u0130 DEM\u018fKD\u0130R.<\/p>\n<p>Diqq\u0259t yetirin:<\/p>\n<p>S\u00fcspansiyonun anker \u00e7ubu\u011fu perpendikulyar olmal\u0131d\u0131r.<br \/>\nKe\u00e7id vida elastik hiss\u0259nin m\u0259hv olmas\u0131 hal\u0131nda ma\u015f\u0131n\u0131n d\u00fc\u015fm\u0259sinin qar\u015f\u0131s\u0131n\u0131 al\u0131r. (Fail Safe)<br \/>\nMa\u015f\u0131nlar\u0131n \u00e7\u0259kisi Vibro-mini-nin \u00fcst s\u0259thin\u0259 t\u0259tbiq edilm\u0259lidir.<\/p>\n<p>T\u018fTB\u0130QL\u018fR<\/p>\n<p>MA\u015eIN ANT\u0130V\u0130BRASYON D\u018fST\u018fK<br \/>\nMA\u015eINLARIN DA\u011eILMASI (Kondisionerl\u0259r, Ventilyatorlar v\u0259 s.)<br \/>\nS\u018fS \u0130ZOLASYONUNUN ASKILARI<br \/>\nTAVANLAR GIPSKLONDAN HAZIRLANIB<\/p>\n<p>D\u0130QQ\u018fT: Saxlama vintini \u00e7ox s\u0131x budamay\u0131n.<br \/>\nVida v\u0259 qayka elastik hiss\u0259l\u0259rd\u0259n he\u00e7 birini s\u0131xmamal\u0131d\u0131r.<br \/>\nVibro-mini-nin boynunu \u00e7uxurdan ke\u00e7irm\u0259yi v\u0259 ELAST\u0130K YU\u011eAYICIYA v\u0259 metal bazaya yerl\u0259\u015fdirm\u0259yi unutmamaq vacibdir.<\/p>\n<p>D\u0130NAM\u0130K X\u00dcSUS\u0130YY\u018fTL\u018fR<\/p>\n<p>Y\u00fck diapazonu\u00a08 \u2013 50\u00a0daN<br \/>\n15 Hz-d\u0259n yuxar\u0131 t\u0259bii tezlik.<\/p>\n","protected":false},"featured_media":22469,"template":"","meta":[],"product_brand":[],"product_cat":[927],"product_tag":[],"class_list":{"0":"post-23684","1":"product","2":"type-product","3":"status-publish","4":"has-post-thumbnail","6":"product_cat-vibrasiya-anti-ss-kuy-akustik-az","8":"first","9":"instock","10":"shipping-taxable","11":"product-type-simple"},"yoast_head":"<!-- This site is optimized with the Yoast SEO plugin v27.1.1 - https:\/\/yoast.com\/product\/yoast-seo-wordpress\/ -->\n<title>Vibro-mini: Y\u00fcng\u00fcl Ma\u015f\u0131nlar \u00fc\u00e7\u00fcn Vibrasiyaya Qar\u015f\u0131 Rezin D\u0259st\u0259k - GeoClimate.ge<\/title>\n<meta name=\"robots\" content=\"index, follow, max-snippet:-1, max-image-preview:large, max-video-preview:-1\" \/>\n<link rel=\"canonical\" href=\"https:\/\/geoclimate.ge\/az\/product\/vibro-mini-anti-vibration-rubber-support-for-light-weight-machinery\/\" \/>\n<meta property=\"og:locale\" content=\"az_AZ\" \/>\n<meta property=\"og:type\" content=\"article\" \/>\n<meta property=\"og:title\" content=\"Vibro-mini: Y\u00fcng\u00fcl Ma\u015f\u0131nlar \u00fc\u00e7\u00fcn Vibrasiyaya Qar\u015f\u0131 Rezin D\u0259st\u0259k - GeoClimate.ge\" \/>\n<meta property=\"og:description\" content=\"Y\u00fcng\u00fcl ma\u015f\u0131nlar \u00fc\u00e7\u00fcn antivibrasiya h\u0259lli. Tavanlar\u0131n v\u0259 ya HVAC avadanl\u0131\u011f\u0131n\u0131n titr\u0259m\u0259 \u0259leyhin\u0259 montaj\u0131 v\u0259 ya as\u0131lmas\u0131 \u00fc\u00e7\u00fcn istifad\u0259 edil\u0259 bil\u0259r.  &nbsp;  T\u018fSV\u0130R\u0130  Vibro-mini vibrasiya \u0259leyhin\u0259 rezin dayaq vibrasiya probleml\u0259ri \u00fc\u00e7\u00fcn ucuz h\u0259lldir a\u015fa\u011f\u0131 \u00e7\u0259ki ma\u015f\u0131nlar\u0131 s\u0259b\u0259b olur. Bu, a\u015fa\u011f\u0131 eksenelin vibrasiyaya qar\u015f\u0131 d\u0259st\u0259yi \u00fc\u00e7\u00fcn \u0259la h\u0259lldir y\u00fckl\u0259r.  Vibro-mini yer\u0259 l\u00f6vb\u0259rl\u0259 b\u0259rkidil\u0259 bil\u0259r, l\u00f6vb\u0259rl\u0259r vasit\u0259sil\u0259 tavana as\u0131la bil\u0259r v\u0259 h\u0259m\u00e7inin \u039c8 mm ke\u00e7irici vintl\u0259 metal bazaya yerl\u0259\u015fdiril\u0259 bil\u0259r.  Pioner dizayn\u0131 say\u0259sind\u0259 Vibro-mini y\u00fckl\u0259ndikd\u0259 b\u00f6y\u00fck \u0259yilm\u0259 verir. M\u0259lum oldu\u011fu kimi \u2013 DAHA B\u00d6Y\u00dcK YAX\u015eI DEY\u0130LM\u018f DAHA YAX\u015eI V\u0130BRASYON N\u018fT\u0130C\u018fL\u018fR\u0130 DEM\u018fKD\u0130R.  Diqq\u0259t yetirin:  S\u00fcspansiyonun anker \u00e7ubu\u011fu perpendikulyar olmal\u0131d\u0131r. Ke\u00e7id vida elastik hiss\u0259nin m\u0259hv olmas\u0131 hal\u0131nda ma\u015f\u0131n\u0131n d\u00fc\u015fm\u0259sinin qar\u015f\u0131s\u0131n\u0131 al\u0131r. (Fail Safe) Ma\u015f\u0131nlar\u0131n \u00e7\u0259kisi Vibro-mini-nin \u00fcst s\u0259thin\u0259 t\u0259tbiq edilm\u0259lidir.  T\u018fTB\u0130QL\u018fR  MA\u015eIN ANT\u0130V\u0130BRASYON D\u018fST\u018fK MA\u015eINLARIN DA\u011eILMASI (Kondisionerl\u0259r, Ventilyatorlar v\u0259 s.) S\u018fS \u0130ZOLASYONUNUN ASKILARI TAVANLAR GIPSKLONDAN HAZIRLANIB  D\u0130QQ\u018fT: Saxlama vintini \u00e7ox s\u0131x budamay\u0131n. Vida v\u0259 qayka elastik hiss\u0259l\u0259rd\u0259n he\u00e7 birini s\u0131xmamal\u0131d\u0131r. Vibro-mini-nin boynunu \u00e7uxurdan ke\u00e7irm\u0259yi v\u0259 ELAST\u0130K YU\u011eAYICIYA v\u0259 metal bazaya yerl\u0259\u015fdirm\u0259yi unutmamaq vacibdir.  D\u0130NAM\u0130K X\u00dcSUS\u0130YY\u018fTL\u018fR  Y\u00fck diapazonu\u00a08 \u2013 50\u00a0daN 15 Hz-d\u0259n yuxar\u0131 t\u0259bii tezlik.\" \/>\n<meta property=\"og:url\" content=\"https:\/\/geoclimate.ge\/az\/product\/vibro-mini-anti-vibration-rubber-support-for-light-weight-machinery\/\" \/>\n<meta property=\"og:site_name\" content=\"GeoClimate.ge\" \/>\n<meta property=\"article:modified_time\" content=\"2025-02-25T20:24:28+00:00\" \/>\n<meta property=\"og:image\" content=\"https:\/\/geoclimate.ge\/wp-content\/uploads\/2025\/02\/mini-photo.jpg\" \/>\n\t<meta property=\"og:image:width\" content=\"280\" \/>\n\t<meta property=\"og:image:height\" content=\"210\" \/>\n\t<meta property=\"og:image:type\" content=\"image\/jpeg\" \/>\n<meta name=\"twitter:card\" content=\"summary_large_image\" \/>\n<script type=\"application\/ld+json\" class=\"yoast-schema-graph\">{\"@context\":\"https:\/\/schema.org\",\"@graph\":[{\"@type\":\"WebPage\",\"@id\":\"https:\/\/geoclimate.ge\/az\/product\/vibro-mini-anti-vibration-rubber-support-for-light-weight-machinery\/\",\"url\":\"https:\/\/geoclimate.ge\/az\/product\/vibro-mini-anti-vibration-rubber-support-for-light-weight-machinery\/\",\"name\":\"Vibro-mini: Y\u00fcng\u00fcl Ma\u015f\u0131nlar \u00fc\u00e7\u00fcn Vibrasiyaya Qar\u015f\u0131 Rezin D\u0259st\u0259k - GeoClimate.ge\",\"isPartOf\":{\"@id\":\"https:\/\/geoclimate.ge\/#website\"},\"primaryImageOfPage\":{\"@id\":\"https:\/\/geoclimate.ge\/az\/product\/vibro-mini-anti-vibration-rubber-support-for-light-weight-machinery\/#primaryimage\"},\"image\":{\"@id\":\"https:\/\/geoclimate.ge\/az\/product\/vibro-mini-anti-vibration-rubber-support-for-light-weight-machinery\/#primaryimage\"},\"thumbnailUrl\":\"https:\/\/geoclimate.ge\/wp-content\/uploads\/2025\/02\/mini-photo.jpg\",\"datePublished\":\"2025-02-07T16:44:53+00:00\",\"dateModified\":\"2025-02-25T20:24:28+00:00\",\"breadcrumb\":{\"@id\":\"https:\/\/geoclimate.ge\/az\/product\/vibro-mini-anti-vibration-rubber-support-for-light-weight-machinery\/#breadcrumb\"},\"inLanguage\":\"az\",\"potentialAction\":[{\"@type\":\"ReadAction\",\"target\":[\"https:\/\/geoclimate.ge\/az\/product\/vibro-mini-anti-vibration-rubber-support-for-light-weight-machinery\/\"]}]},{\"@type\":\"ImageObject\",\"inLanguage\":\"az\",\"@id\":\"https:\/\/geoclimate.ge\/az\/product\/vibro-mini-anti-vibration-rubber-support-for-light-weight-machinery\/#primaryimage\",\"url\":\"https:\/\/geoclimate.ge\/wp-content\/uploads\/2025\/02\/mini-photo.jpg\",\"contentUrl\":\"https:\/\/geoclimate.ge\/wp-content\/uploads\/2025\/02\/mini-photo.jpg\",\"width\":280,\"height\":210},{\"@type\":\"BreadcrumbList\",\"@id\":\"https:\/\/geoclimate.ge\/az\/product\/vibro-mini-anti-vibration-rubber-support-for-light-weight-machinery\/#breadcrumb\",\"itemListElement\":[{\"@type\":\"ListItem\",\"position\":1,\"name\":\"Home\",\"item\":\"https:\/\/geoclimate.ge\/az\/\"},{\"@type\":\"ListItem\",\"position\":2,\"name\":\"M\u0259hsullar\",\"item\":\"https:\/\/geoclimate.ge\/az\/products\/\"},{\"@type\":\"ListItem\",\"position\":3,\"name\":\"Vibro-mini: Y\u00fcng\u00fcl Ma\u015f\u0131nlar \u00fc\u00e7\u00fcn Vibrasiyaya Qar\u015f\u0131 Rezin D\u0259st\u0259k\"}]},{\"@type\":\"WebSite\",\"@id\":\"https:\/\/geoclimate.ge\/#website\",\"url\":\"https:\/\/geoclimate.ge\/\",\"name\":\"GeoClimate\",\"description\":\"\",\"publisher\":{\"@id\":\"https:\/\/geoclimate.ge\/#organization\"},\"potentialAction\":[{\"@type\":\"SearchAction\",\"target\":{\"@type\":\"EntryPoint\",\"urlTemplate\":\"https:\/\/geoclimate.ge\/?s={search_term_string}\"},\"query-input\":{\"@type\":\"PropertyValueSpecification\",\"valueRequired\":true,\"valueName\":\"search_term_string\"}}],\"inLanguage\":\"az\"},{\"@type\":\"Organization\",\"@id\":\"https:\/\/geoclimate.ge\/#organization\",\"name\":\"GeoClimate\",\"url\":\"https:\/\/geoclimate.ge\/\",\"logo\":{\"@type\":\"ImageObject\",\"inLanguage\":\"az\",\"@id\":\"https:\/\/geoclimate.ge\/#\/schema\/logo\/image\/\",\"url\":\"https:\/\/geoclimate.ge\/wp-content\/uploads\/2026\/03\/geoclimate-SEO.png\",\"contentUrl\":\"https:\/\/geoclimate.ge\/wp-content\/uploads\/2026\/03\/geoclimate-SEO.png\",\"width\":1536,\"height\":1024,\"caption\":\"GeoClimate\"},\"image\":{\"@id\":\"https:\/\/geoclimate.ge\/#\/schema\/logo\/image\/\"}}]}<\/script>\n<!-- \/ Yoast SEO plugin. -->","yoast_head_json":{"title":"Vibro-mini: Y\u00fcng\u00fcl Ma\u015f\u0131nlar \u00fc\u00e7\u00fcn Vibrasiyaya Qar\u015f\u0131 Rezin D\u0259st\u0259k - GeoClimate.ge","robots":{"index":"index","follow":"follow","max-snippet":"max-snippet:-1","max-image-preview":"max-image-preview:large","max-video-preview":"max-video-preview:-1"},"canonical":"https:\/\/geoclimate.ge\/az\/product\/vibro-mini-anti-vibration-rubber-support-for-light-weight-machinery\/","og_locale":"az_AZ","og_type":"article","og_title":"Vibro-mini: Y\u00fcng\u00fcl Ma\u015f\u0131nlar \u00fc\u00e7\u00fcn Vibrasiyaya Qar\u015f\u0131 Rezin D\u0259st\u0259k - GeoClimate.ge","og_description":"Y\u00fcng\u00fcl ma\u015f\u0131nlar \u00fc\u00e7\u00fcn antivibrasiya h\u0259lli. Tavanlar\u0131n v\u0259 ya HVAC avadanl\u0131\u011f\u0131n\u0131n titr\u0259m\u0259 \u0259leyhin\u0259 montaj\u0131 v\u0259 ya as\u0131lmas\u0131 \u00fc\u00e7\u00fcn istifad\u0259 edil\u0259 bil\u0259r.  &nbsp;  T\u018fSV\u0130R\u0130  Vibro-mini vibrasiya \u0259leyhin\u0259 rezin dayaq vibrasiya probleml\u0259ri \u00fc\u00e7\u00fcn ucuz h\u0259lldir a\u015fa\u011f\u0131 \u00e7\u0259ki ma\u015f\u0131nlar\u0131 s\u0259b\u0259b olur. Bu, a\u015fa\u011f\u0131 eksenelin vibrasiyaya qar\u015f\u0131 d\u0259st\u0259yi \u00fc\u00e7\u00fcn \u0259la h\u0259lldir y\u00fckl\u0259r.  Vibro-mini yer\u0259 l\u00f6vb\u0259rl\u0259 b\u0259rkidil\u0259 bil\u0259r, l\u00f6vb\u0259rl\u0259r vasit\u0259sil\u0259 tavana as\u0131la bil\u0259r v\u0259 h\u0259m\u00e7inin \u039c8 mm ke\u00e7irici vintl\u0259 metal bazaya yerl\u0259\u015fdiril\u0259 bil\u0259r.  Pioner dizayn\u0131 say\u0259sind\u0259 Vibro-mini y\u00fckl\u0259ndikd\u0259 b\u00f6y\u00fck \u0259yilm\u0259 verir. M\u0259lum oldu\u011fu kimi \u2013 DAHA B\u00d6Y\u00dcK YAX\u015eI DEY\u0130LM\u018f DAHA YAX\u015eI V\u0130BRASYON N\u018fT\u0130C\u018fL\u018fR\u0130 DEM\u018fKD\u0130R.  Diqq\u0259t yetirin:  S\u00fcspansiyonun anker \u00e7ubu\u011fu perpendikulyar olmal\u0131d\u0131r. Ke\u00e7id vida elastik hiss\u0259nin m\u0259hv olmas\u0131 hal\u0131nda ma\u015f\u0131n\u0131n d\u00fc\u015fm\u0259sinin qar\u015f\u0131s\u0131n\u0131 al\u0131r. (Fail Safe) Ma\u015f\u0131nlar\u0131n \u00e7\u0259kisi Vibro-mini-nin \u00fcst s\u0259thin\u0259 t\u0259tbiq edilm\u0259lidir.  T\u018fTB\u0130QL\u018fR  MA\u015eIN ANT\u0130V\u0130BRASYON D\u018fST\u018fK MA\u015eINLARIN DA\u011eILMASI (Kondisionerl\u0259r, Ventilyatorlar v\u0259 s.) S\u018fS \u0130ZOLASYONUNUN ASKILARI TAVANLAR GIPSKLONDAN HAZIRLANIB  D\u0130QQ\u018fT: Saxlama vintini \u00e7ox s\u0131x budamay\u0131n. Vida v\u0259 qayka elastik hiss\u0259l\u0259rd\u0259n he\u00e7 birini s\u0131xmamal\u0131d\u0131r. Vibro-mini-nin boynunu \u00e7uxurdan ke\u00e7irm\u0259yi v\u0259 ELAST\u0130K YU\u011eAYICIYA v\u0259 metal bazaya yerl\u0259\u015fdirm\u0259yi unutmamaq vacibdir.  D\u0130NAM\u0130K X\u00dcSUS\u0130YY\u018fTL\u018fR  Y\u00fck diapazonu\u00a08 \u2013 50\u00a0daN 15 Hz-d\u0259n yuxar\u0131 t\u0259bii tezlik.","og_url":"https:\/\/geoclimate.ge\/az\/product\/vibro-mini-anti-vibration-rubber-support-for-light-weight-machinery\/","og_site_name":"GeoClimate.ge","article_modified_time":"2025-02-25T20:24:28+00:00","og_image":[{"width":280,"height":210,"url":"https:\/\/geoclimate.ge\/wp-content\/uploads\/2025\/02\/mini-photo.jpg","type":"image\/jpeg"}],"twitter_card":"summary_large_image","schema":{"@context":"https:\/\/schema.org","@graph":[{"@type":"WebPage","@id":"https:\/\/geoclimate.ge\/az\/product\/vibro-mini-anti-vibration-rubber-support-for-light-weight-machinery\/","url":"https:\/\/geoclimate.ge\/az\/product\/vibro-mini-anti-vibration-rubber-support-for-light-weight-machinery\/","name":"Vibro-mini: Y\u00fcng\u00fcl Ma\u015f\u0131nlar \u00fc\u00e7\u00fcn Vibrasiyaya Qar\u015f\u0131 Rezin D\u0259st\u0259k - GeoClimate.ge","isPartOf":{"@id":"https:\/\/geoclimate.ge\/#website"},"primaryImageOfPage":{"@id":"https:\/\/geoclimate.ge\/az\/product\/vibro-mini-anti-vibration-rubber-support-for-light-weight-machinery\/#primaryimage"},"image":{"@id":"https:\/\/geoclimate.ge\/az\/product\/vibro-mini-anti-vibration-rubber-support-for-light-weight-machinery\/#primaryimage"},"thumbnailUrl":"https:\/\/geoclimate.ge\/wp-content\/uploads\/2025\/02\/mini-photo.jpg","datePublished":"2025-02-07T16:44:53+00:00","dateModified":"2025-02-25T20:24:28+00:00","breadcrumb":{"@id":"https:\/\/geoclimate.ge\/az\/product\/vibro-mini-anti-vibration-rubber-support-for-light-weight-machinery\/#breadcrumb"},"inLanguage":"az","potentialAction":[{"@type":"ReadAction","target":["https:\/\/geoclimate.ge\/az\/product\/vibro-mini-anti-vibration-rubber-support-for-light-weight-machinery\/"]}]},{"@type":"ImageObject","inLanguage":"az","@id":"https:\/\/geoclimate.ge\/az\/product\/vibro-mini-anti-vibration-rubber-support-for-light-weight-machinery\/#primaryimage","url":"https:\/\/geoclimate.ge\/wp-content\/uploads\/2025\/02\/mini-photo.jpg","contentUrl":"https:\/\/geoclimate.ge\/wp-content\/uploads\/2025\/02\/mini-photo.jpg","width":280,"height":210},{"@type":"BreadcrumbList","@id":"https:\/\/geoclimate.ge\/az\/product\/vibro-mini-anti-vibration-rubber-support-for-light-weight-machinery\/#breadcrumb","itemListElement":[{"@type":"ListItem","position":1,"name":"Home","item":"https:\/\/geoclimate.ge\/az\/"},{"@type":"ListItem","position":2,"name":"M\u0259hsullar","item":"https:\/\/geoclimate.ge\/az\/products\/"},{"@type":"ListItem","position":3,"name":"Vibro-mini: Y\u00fcng\u00fcl Ma\u015f\u0131nlar \u00fc\u00e7\u00fcn Vibrasiyaya Qar\u015f\u0131 Rezin D\u0259st\u0259k"}]},{"@type":"WebSite","@id":"https:\/\/geoclimate.ge\/#website","url":"https:\/\/geoclimate.ge\/","name":"GeoClimate","description":"","publisher":{"@id":"https:\/\/geoclimate.ge\/#organization"},"potentialAction":[{"@type":"SearchAction","target":{"@type":"EntryPoint","urlTemplate":"https:\/\/geoclimate.ge\/?s={search_term_string}"},"query-input":{"@type":"PropertyValueSpecification","valueRequired":true,"valueName":"search_term_string"}}],"inLanguage":"az"},{"@type":"Organization","@id":"https:\/\/geoclimate.ge\/#organization","name":"GeoClimate","url":"https:\/\/geoclimate.ge\/","logo":{"@type":"ImageObject","inLanguage":"az","@id":"https:\/\/geoclimate.ge\/#\/schema\/logo\/image\/","url":"https:\/\/geoclimate.ge\/wp-content\/uploads\/2026\/03\/geoclimate-SEO.png","contentUrl":"https:\/\/geoclimate.ge\/wp-content\/uploads\/2026\/03\/geoclimate-SEO.png","width":1536,"height":1024,"caption":"GeoClimate"},"image":{"@id":"https:\/\/geoclimate.ge\/#\/schema\/logo\/image\/"}}]}},"_links":{"self":[{"href":"https:\/\/geoclimate.ge\/az\/wp-json\/wp\/v2\/product\/23684","targetHints":{"allow":["GET"]}}],"collection":[{"href":"https:\/\/geoclimate.ge\/az\/wp-json\/wp\/v2\/product"}],"about":[{"href":"https:\/\/geoclimate.ge\/az\/wp-json\/wp\/v2\/types\/product"}],"wp:featuredmedia":[{"embeddable":true,"href":"https:\/\/geoclimate.ge\/az\/wp-json\/wp\/v2\/media\/22469"}],"wp:attachment":[{"href":"https:\/\/geoclimate.ge\/az\/wp-json\/wp\/v2\/media?parent=23684"}],"wp:term":[{"taxonomy":"product_brand","embeddable":true,"href":"https:\/\/geoclimate.ge\/az\/wp-json\/wp\/v2\/product_brand?post=23684"},{"taxonomy":"product_cat","embeddable":true,"href":"https:\/\/geoclimate.ge\/az\/wp-json\/wp\/v2\/product_cat?post=23684"},{"taxonomy":"product_tag","embeddable":true,"href":"https:\/\/geoclimate.ge\/az\/wp-json\/wp\/v2\/product_tag?post=23684"}],"curies":[{"name":"wp","href":"https:\/\/api.w.org\/{rel}","templated":true}]}}