{"id":23690,"date":"2025-02-07T20:21:21","date_gmt":"2025-02-07T16:21:21","guid":{"rendered":"https:\/\/airsystems.ge\/shop\/product\/vibro-qh-f-sound-insulation-for-false-ceilings\/"},"modified":"2025-02-26T00:24:28","modified_gmt":"2025-02-25T20:24:28","slug":"vibro-qh-f-sound-insulation-for-false-ceilings","status":"publish","type":"product","link":"https:\/\/geoclimate.ge\/az\/product\/vibro-qh-f-sound-insulation-for-false-ceilings\/","title":{"rendered":"Vibro-QH.F: Asma tavanlar \u00fc\u00e7\u00fcn s\u0259s izolyasiyas\u0131"},"content":{"rendered":"<p><a class=\"swipebox\" title=\"QH.F LOAD SELECTION TABLE\" href=\"https:\/\/antivibration-systems.com\/wp-content\/uploads\/2012\/10\/Vibration-Control-products-24p-EN-2024-Web.jpg\" data-rel=\"lightbox-gallery-bGlnaHRib3gtZ2FsbGVyeS0w\" data-rl_title=\"QH.F LOAD SELECTION TABLE\" data-rl_caption=\"\"><img loading=\"lazy\" decoding=\"async\" class=\"wp-image-10722 aligncenter\" src=\"https:\/\/antivibration-systems.com\/wp-content\/uploads\/2012\/10\/Vibration-Control-products-24p-EN-2024-Web.jpg\" alt=\" selection table for Vibro-QH.F\" width=\"440\" height=\"126\" \/><\/a><\/p>\n","protected":false},"excerpt":{"rendered":"<p>Standart tavan profill\u0259ri il\u0259 TEZ V\u018f ASAN \u0259laq\u0259 \u00fc\u00e7\u00fcn s\u0131x\u0131\u015fd\u0131r\u0131c\u0131 k\u0259narlar\u0131 olan x\u00fcsusi dizayn edilmi\u015f sinkl\u0259nmi\u015f metal asma as\u0131lqan.<\/p>\n<p>T\u018fSV\u0130R\u0130<\/p>\n<p>Vibro-QH.F S\u0259s \u0130zolyatoru, DIN 18182-1-\u0259 uy\u011fun olaraq \u00f6l\u00e7\u00fcl\u0259ri 60 x 27 mm (asma tavanlar \u00fc\u00e7\u00fcn) olan standart tavan profill\u0259ri il\u0259 QUICK &amp; ASAN qo\u015fulma \u00fc\u00e7\u00fcn tutqun k\u0259narlar\u0131 olan x\u00fcsusi haz\u0131rlanm\u0131\u015f sinkl\u0259nmi\u015f metal asma as\u0131lqandan ibar\u0259tdir.<br \/>\nBel\u0259likl\u0259, i\u015f x\u0259rcl\u0259ri azal\u0131r v\u0259 qura\u015fd\u0131r\u0131c\u0131n\u0131n i\u015fi asanla\u015fd\u0131r\u0131l\u0131r.<br \/>\nVibro-QH.F as\u0131lqan\u0131n\u0131n elastik elementi Regufoam\u00ae \u0259mt\u0259\u0259 ni\u015fanl\u0131, yar\u0131 qapal\u0131 h\u00fcceyr\u0259l\u0259r\u0259 malik y\u00fcks\u0259k texnologiyal\u0131 poliuretan k\u00f6p\u00fckd\u00fcr. Elastik element struktur k\u00f6rp\u00fcl\u0259r vasit\u0259sil\u0259 s\u0259s v\u0259 vibrasiya \u00f6t\u00fcr\u00fclm\u0259sini (e\u015fid\u0259 bil\u0259n tezlik spektrinin) minimuma endirm\u0259k \u00fc\u00e7\u00fcn istifad\u0259 olunur.<\/p>\n<p>T\u018fTB\u0130QL\u018fR<br \/>\nVibro-QH.F S\u0259s \u0130zolyatoru \u00fcz\u0259n asma tavanlar\u0131n al\u00e7\u0131pan v\u0259 al\u00e7\u0131pan tavanlarla as\u0131lmas\u0131, mexanizml\u0259rin (ventilyatorlar\u0131n, kondisionerl\u0259rin v\u0259 s.<\/p>\n<p>Vibro-QH.F elastik yast\u0131\u011f\u0131n\u0131n iki f\u0259rqli qal\u0131nl\u0131\u011f\u0131nda m\u00f6vcuddur:<\/p>\n<p>12 mm (daha q\u0259na\u0259tcil h\u0259ll)<br \/>\n25 mm (daha yax\u015f\u0131 vibrasiya n\u0259zar\u0259ti)<\/p>\n","protected":false},"featured_media":22447,"template":"","meta":[],"product_brand":[],"product_cat":[927],"product_tag":[],"class_list":{"0":"post-23690","1":"product","2":"type-product","3":"status-publish","4":"has-post-thumbnail","6":"product_cat-vibrasiya-anti-ss-kuy-akustik-az","8":"first","9":"instock","10":"shipping-taxable","11":"product-type-simple"},"yoast_head":"<!-- This site is optimized with the Yoast SEO plugin v27.1.1 - https:\/\/yoast.com\/product\/yoast-seo-wordpress\/ -->\n<title>Vibro-QH.F: Asma tavanlar \u00fc\u00e7\u00fcn s\u0259s izolyasiyas\u0131 - GeoClimate.ge<\/title>\n<meta name=\"robots\" content=\"index, follow, max-snippet:-1, max-image-preview:large, max-video-preview:-1\" \/>\n<link rel=\"canonical\" href=\"https:\/\/geoclimate.ge\/az\/product\/vibro-qh-f-sound-insulation-for-false-ceilings\/\" \/>\n<meta property=\"og:locale\" content=\"az_AZ\" \/>\n<meta property=\"og:type\" content=\"article\" \/>\n<meta property=\"og:title\" content=\"Vibro-QH.F: Asma tavanlar \u00fc\u00e7\u00fcn s\u0259s izolyasiyas\u0131 - GeoClimate.ge\" \/>\n<meta property=\"og:description\" content=\"Standart tavan profill\u0259ri il\u0259 TEZ V\u018f ASAN \u0259laq\u0259 \u00fc\u00e7\u00fcn s\u0131x\u0131\u015fd\u0131r\u0131c\u0131 k\u0259narlar\u0131 olan x\u00fcsusi dizayn edilmi\u015f sinkl\u0259nmi\u015f metal asma as\u0131lqan.  T\u018fSV\u0130R\u0130  Vibro-QH.F S\u0259s \u0130zolyatoru, DIN 18182-1-\u0259 uy\u011fun olaraq \u00f6l\u00e7\u00fcl\u0259ri 60 x 27 mm (asma tavanlar \u00fc\u00e7\u00fcn) olan standart tavan profill\u0259ri il\u0259 QUICK &amp; ASAN qo\u015fulma \u00fc\u00e7\u00fcn tutqun k\u0259narlar\u0131 olan x\u00fcsusi haz\u0131rlanm\u0131\u015f sinkl\u0259nmi\u015f metal asma as\u0131lqandan ibar\u0259tdir. Bel\u0259likl\u0259, i\u015f x\u0259rcl\u0259ri azal\u0131r v\u0259 qura\u015fd\u0131r\u0131c\u0131n\u0131n i\u015fi asanla\u015fd\u0131r\u0131l\u0131r. Vibro-QH.F as\u0131lqan\u0131n\u0131n elastik elementi Regufoam\u00ae \u0259mt\u0259\u0259 ni\u015fanl\u0131, yar\u0131 qapal\u0131 h\u00fcceyr\u0259l\u0259r\u0259 malik y\u00fcks\u0259k texnologiyal\u0131 poliuretan k\u00f6p\u00fckd\u00fcr. Elastik element struktur k\u00f6rp\u00fcl\u0259r vasit\u0259sil\u0259 s\u0259s v\u0259 vibrasiya \u00f6t\u00fcr\u00fclm\u0259sini (e\u015fid\u0259 bil\u0259n tezlik spektrinin) minimuma endirm\u0259k \u00fc\u00e7\u00fcn istifad\u0259 olunur.  T\u018fTB\u0130QL\u018fR Vibro-QH.F S\u0259s \u0130zolyatoru \u00fcz\u0259n asma tavanlar\u0131n al\u00e7\u0131pan v\u0259 al\u00e7\u0131pan tavanlarla as\u0131lmas\u0131, mexanizml\u0259rin (ventilyatorlar\u0131n, kondisionerl\u0259rin v\u0259 s.  Vibro-QH.F elastik yast\u0131\u011f\u0131n\u0131n iki f\u0259rqli qal\u0131nl\u0131\u011f\u0131nda m\u00f6vcuddur:  12 mm (daha q\u0259na\u0259tcil h\u0259ll) 25 mm (daha yax\u015f\u0131 vibrasiya n\u0259zar\u0259ti)\" \/>\n<meta property=\"og:url\" content=\"https:\/\/geoclimate.ge\/az\/product\/vibro-qh-f-sound-insulation-for-false-ceilings\/\" \/>\n<meta property=\"og:site_name\" content=\"GeoClimate.ge\" \/>\n<meta property=\"article:modified_time\" content=\"2025-02-25T20:24:28+00:00\" \/>\n<meta property=\"og:image\" content=\"https:\/\/geoclimate.ge\/wp-content\/uploads\/2025\/02\/072009120557_A.jpg\" \/>\n\t<meta property=\"og:image:width\" content=\"280\" \/>\n\t<meta property=\"og:image:height\" content=\"210\" \/>\n\t<meta property=\"og:image:type\" content=\"image\/jpeg\" \/>\n<meta name=\"twitter:card\" content=\"summary_large_image\" \/>\n<script type=\"application\/ld+json\" class=\"yoast-schema-graph\">{\"@context\":\"https:\/\/schema.org\",\"@graph\":[{\"@type\":\"WebPage\",\"@id\":\"https:\/\/geoclimate.ge\/az\/product\/vibro-qh-f-sound-insulation-for-false-ceilings\/\",\"url\":\"https:\/\/geoclimate.ge\/az\/product\/vibro-qh-f-sound-insulation-for-false-ceilings\/\",\"name\":\"Vibro-QH.F: Asma tavanlar \u00fc\u00e7\u00fcn s\u0259s izolyasiyas\u0131 - GeoClimate.ge\",\"isPartOf\":{\"@id\":\"https:\/\/geoclimate.ge\/#website\"},\"primaryImageOfPage\":{\"@id\":\"https:\/\/geoclimate.ge\/az\/product\/vibro-qh-f-sound-insulation-for-false-ceilings\/#primaryimage\"},\"image\":{\"@id\":\"https:\/\/geoclimate.ge\/az\/product\/vibro-qh-f-sound-insulation-for-false-ceilings\/#primaryimage\"},\"thumbnailUrl\":\"https:\/\/geoclimate.ge\/wp-content\/uploads\/2025\/02\/072009120557_A.jpg\",\"datePublished\":\"2025-02-07T16:21:21+00:00\",\"dateModified\":\"2025-02-25T20:24:28+00:00\",\"breadcrumb\":{\"@id\":\"https:\/\/geoclimate.ge\/az\/product\/vibro-qh-f-sound-insulation-for-false-ceilings\/#breadcrumb\"},\"inLanguage\":\"az\",\"potentialAction\":[{\"@type\":\"ReadAction\",\"target\":[\"https:\/\/geoclimate.ge\/az\/product\/vibro-qh-f-sound-insulation-for-false-ceilings\/\"]}]},{\"@type\":\"ImageObject\",\"inLanguage\":\"az\",\"@id\":\"https:\/\/geoclimate.ge\/az\/product\/vibro-qh-f-sound-insulation-for-false-ceilings\/#primaryimage\",\"url\":\"https:\/\/geoclimate.ge\/wp-content\/uploads\/2025\/02\/072009120557_A.jpg\",\"contentUrl\":\"https:\/\/geoclimate.ge\/wp-content\/uploads\/2025\/02\/072009120557_A.jpg\",\"width\":280,\"height\":210},{\"@type\":\"BreadcrumbList\",\"@id\":\"https:\/\/geoclimate.ge\/az\/product\/vibro-qh-f-sound-insulation-for-false-ceilings\/#breadcrumb\",\"itemListElement\":[{\"@type\":\"ListItem\",\"position\":1,\"name\":\"Home\",\"item\":\"https:\/\/geoclimate.ge\/az\/\"},{\"@type\":\"ListItem\",\"position\":2,\"name\":\"M\u0259hsullar\",\"item\":\"https:\/\/geoclimate.ge\/az\/products\/\"},{\"@type\":\"ListItem\",\"position\":3,\"name\":\"Vibro-QH.F: Asma tavanlar \u00fc\u00e7\u00fcn s\u0259s izolyasiyas\u0131\"}]},{\"@type\":\"WebSite\",\"@id\":\"https:\/\/geoclimate.ge\/#website\",\"url\":\"https:\/\/geoclimate.ge\/\",\"name\":\"GeoClimate\",\"description\":\"\",\"publisher\":{\"@id\":\"https:\/\/geoclimate.ge\/#organization\"},\"potentialAction\":[{\"@type\":\"SearchAction\",\"target\":{\"@type\":\"EntryPoint\",\"urlTemplate\":\"https:\/\/geoclimate.ge\/?s={search_term_string}\"},\"query-input\":{\"@type\":\"PropertyValueSpecification\",\"valueRequired\":true,\"valueName\":\"search_term_string\"}}],\"inLanguage\":\"az\"},{\"@type\":\"Organization\",\"@id\":\"https:\/\/geoclimate.ge\/#organization\",\"name\":\"GeoClimate\",\"url\":\"https:\/\/geoclimate.ge\/\",\"logo\":{\"@type\":\"ImageObject\",\"inLanguage\":\"az\",\"@id\":\"https:\/\/geoclimate.ge\/#\/schema\/logo\/image\/\",\"url\":\"https:\/\/geoclimate.ge\/wp-content\/uploads\/2026\/03\/geoclimate-SEO.png\",\"contentUrl\":\"https:\/\/geoclimate.ge\/wp-content\/uploads\/2026\/03\/geoclimate-SEO.png\",\"width\":1536,\"height\":1024,\"caption\":\"GeoClimate\"},\"image\":{\"@id\":\"https:\/\/geoclimate.ge\/#\/schema\/logo\/image\/\"}}]}<\/script>\n<!-- \/ Yoast SEO plugin. -->","yoast_head_json":{"title":"Vibro-QH.F: Asma tavanlar \u00fc\u00e7\u00fcn s\u0259s izolyasiyas\u0131 - GeoClimate.ge","robots":{"index":"index","follow":"follow","max-snippet":"max-snippet:-1","max-image-preview":"max-image-preview:large","max-video-preview":"max-video-preview:-1"},"canonical":"https:\/\/geoclimate.ge\/az\/product\/vibro-qh-f-sound-insulation-for-false-ceilings\/","og_locale":"az_AZ","og_type":"article","og_title":"Vibro-QH.F: Asma tavanlar \u00fc\u00e7\u00fcn s\u0259s izolyasiyas\u0131 - GeoClimate.ge","og_description":"Standart tavan profill\u0259ri il\u0259 TEZ V\u018f ASAN \u0259laq\u0259 \u00fc\u00e7\u00fcn s\u0131x\u0131\u015fd\u0131r\u0131c\u0131 k\u0259narlar\u0131 olan x\u00fcsusi dizayn edilmi\u015f sinkl\u0259nmi\u015f metal asma as\u0131lqan.  T\u018fSV\u0130R\u0130  Vibro-QH.F S\u0259s \u0130zolyatoru, DIN 18182-1-\u0259 uy\u011fun olaraq \u00f6l\u00e7\u00fcl\u0259ri 60 x 27 mm (asma tavanlar \u00fc\u00e7\u00fcn) olan standart tavan profill\u0259ri il\u0259 QUICK &amp; ASAN qo\u015fulma \u00fc\u00e7\u00fcn tutqun k\u0259narlar\u0131 olan x\u00fcsusi haz\u0131rlanm\u0131\u015f sinkl\u0259nmi\u015f metal asma as\u0131lqandan ibar\u0259tdir. Bel\u0259likl\u0259, i\u015f x\u0259rcl\u0259ri azal\u0131r v\u0259 qura\u015fd\u0131r\u0131c\u0131n\u0131n i\u015fi asanla\u015fd\u0131r\u0131l\u0131r. Vibro-QH.F as\u0131lqan\u0131n\u0131n elastik elementi Regufoam\u00ae \u0259mt\u0259\u0259 ni\u015fanl\u0131, yar\u0131 qapal\u0131 h\u00fcceyr\u0259l\u0259r\u0259 malik y\u00fcks\u0259k texnologiyal\u0131 poliuretan k\u00f6p\u00fckd\u00fcr. Elastik element struktur k\u00f6rp\u00fcl\u0259r vasit\u0259sil\u0259 s\u0259s v\u0259 vibrasiya \u00f6t\u00fcr\u00fclm\u0259sini (e\u015fid\u0259 bil\u0259n tezlik spektrinin) minimuma endirm\u0259k \u00fc\u00e7\u00fcn istifad\u0259 olunur.  T\u018fTB\u0130QL\u018fR Vibro-QH.F S\u0259s \u0130zolyatoru \u00fcz\u0259n asma tavanlar\u0131n al\u00e7\u0131pan v\u0259 al\u00e7\u0131pan tavanlarla as\u0131lmas\u0131, mexanizml\u0259rin (ventilyatorlar\u0131n, kondisionerl\u0259rin v\u0259 s.  Vibro-QH.F elastik yast\u0131\u011f\u0131n\u0131n iki f\u0259rqli qal\u0131nl\u0131\u011f\u0131nda m\u00f6vcuddur:  12 mm (daha q\u0259na\u0259tcil h\u0259ll) 25 mm (daha yax\u015f\u0131 vibrasiya n\u0259zar\u0259ti)","og_url":"https:\/\/geoclimate.ge\/az\/product\/vibro-qh-f-sound-insulation-for-false-ceilings\/","og_site_name":"GeoClimate.ge","article_modified_time":"2025-02-25T20:24:28+00:00","og_image":[{"width":280,"height":210,"url":"https:\/\/geoclimate.ge\/wp-content\/uploads\/2025\/02\/072009120557_A.jpg","type":"image\/jpeg"}],"twitter_card":"summary_large_image","schema":{"@context":"https:\/\/schema.org","@graph":[{"@type":"WebPage","@id":"https:\/\/geoclimate.ge\/az\/product\/vibro-qh-f-sound-insulation-for-false-ceilings\/","url":"https:\/\/geoclimate.ge\/az\/product\/vibro-qh-f-sound-insulation-for-false-ceilings\/","name":"Vibro-QH.F: Asma tavanlar \u00fc\u00e7\u00fcn s\u0259s izolyasiyas\u0131 - GeoClimate.ge","isPartOf":{"@id":"https:\/\/geoclimate.ge\/#website"},"primaryImageOfPage":{"@id":"https:\/\/geoclimate.ge\/az\/product\/vibro-qh-f-sound-insulation-for-false-ceilings\/#primaryimage"},"image":{"@id":"https:\/\/geoclimate.ge\/az\/product\/vibro-qh-f-sound-insulation-for-false-ceilings\/#primaryimage"},"thumbnailUrl":"https:\/\/geoclimate.ge\/wp-content\/uploads\/2025\/02\/072009120557_A.jpg","datePublished":"2025-02-07T16:21:21+00:00","dateModified":"2025-02-25T20:24:28+00:00","breadcrumb":{"@id":"https:\/\/geoclimate.ge\/az\/product\/vibro-qh-f-sound-insulation-for-false-ceilings\/#breadcrumb"},"inLanguage":"az","potentialAction":[{"@type":"ReadAction","target":["https:\/\/geoclimate.ge\/az\/product\/vibro-qh-f-sound-insulation-for-false-ceilings\/"]}]},{"@type":"ImageObject","inLanguage":"az","@id":"https:\/\/geoclimate.ge\/az\/product\/vibro-qh-f-sound-insulation-for-false-ceilings\/#primaryimage","url":"https:\/\/geoclimate.ge\/wp-content\/uploads\/2025\/02\/072009120557_A.jpg","contentUrl":"https:\/\/geoclimate.ge\/wp-content\/uploads\/2025\/02\/072009120557_A.jpg","width":280,"height":210},{"@type":"BreadcrumbList","@id":"https:\/\/geoclimate.ge\/az\/product\/vibro-qh-f-sound-insulation-for-false-ceilings\/#breadcrumb","itemListElement":[{"@type":"ListItem","position":1,"name":"Home","item":"https:\/\/geoclimate.ge\/az\/"},{"@type":"ListItem","position":2,"name":"M\u0259hsullar","item":"https:\/\/geoclimate.ge\/az\/products\/"},{"@type":"ListItem","position":3,"name":"Vibro-QH.F: Asma tavanlar \u00fc\u00e7\u00fcn s\u0259s izolyasiyas\u0131"}]},{"@type":"WebSite","@id":"https:\/\/geoclimate.ge\/#website","url":"https:\/\/geoclimate.ge\/","name":"GeoClimate","description":"","publisher":{"@id":"https:\/\/geoclimate.ge\/#organization"},"potentialAction":[{"@type":"SearchAction","target":{"@type":"EntryPoint","urlTemplate":"https:\/\/geoclimate.ge\/?s={search_term_string}"},"query-input":{"@type":"PropertyValueSpecification","valueRequired":true,"valueName":"search_term_string"}}],"inLanguage":"az"},{"@type":"Organization","@id":"https:\/\/geoclimate.ge\/#organization","name":"GeoClimate","url":"https:\/\/geoclimate.ge\/","logo":{"@type":"ImageObject","inLanguage":"az","@id":"https:\/\/geoclimate.ge\/#\/schema\/logo\/image\/","url":"https:\/\/geoclimate.ge\/wp-content\/uploads\/2026\/03\/geoclimate-SEO.png","contentUrl":"https:\/\/geoclimate.ge\/wp-content\/uploads\/2026\/03\/geoclimate-SEO.png","width":1536,"height":1024,"caption":"GeoClimate"},"image":{"@id":"https:\/\/geoclimate.ge\/#\/schema\/logo\/image\/"}}]}},"_links":{"self":[{"href":"https:\/\/geoclimate.ge\/az\/wp-json\/wp\/v2\/product\/23690","targetHints":{"allow":["GET"]}}],"collection":[{"href":"https:\/\/geoclimate.ge\/az\/wp-json\/wp\/v2\/product"}],"about":[{"href":"https:\/\/geoclimate.ge\/az\/wp-json\/wp\/v2\/types\/product"}],"wp:featuredmedia":[{"embeddable":true,"href":"https:\/\/geoclimate.ge\/az\/wp-json\/wp\/v2\/media\/22447"}],"wp:attachment":[{"href":"https:\/\/geoclimate.ge\/az\/wp-json\/wp\/v2\/media?parent=23690"}],"wp:term":[{"taxonomy":"product_brand","embeddable":true,"href":"https:\/\/geoclimate.ge\/az\/wp-json\/wp\/v2\/product_brand?post=23690"},{"taxonomy":"product_cat","embeddable":true,"href":"https:\/\/geoclimate.ge\/az\/wp-json\/wp\/v2\/product_cat?post=23690"},{"taxonomy":"product_tag","embeddable":true,"href":"https:\/\/geoclimate.ge\/az\/wp-json\/wp\/v2\/product_tag?post=23690"}],"curies":[{"name":"wp","href":"https:\/\/api.w.org\/{rel}","templated":true}]}}