{"id":23693,"date":"2025-02-07T20:16:37","date_gmt":"2025-02-07T16:16:37","guid":{"rendered":"https:\/\/airsystems.ge\/shop\/product\/vibro-ls-mini-anti-vibration-load-suspension-with-vibro-mini\/"},"modified":"2025-02-26T00:24:28","modified_gmt":"2025-02-25T20:24:28","slug":"vibro-ls-mini-anti-vibration-load-suspension-with-vibro-mini","status":"publish","type":"product","link":"https:\/\/geoclimate.ge\/az\/product\/vibro-ls-mini-anti-vibration-load-suspension-with-vibro-mini\/","title":{"rendered":"Vibro-LS.mini: Vibro-Mini il\u0259 vibrasiyaya qar\u015f\u0131 y\u00fck asma"},"content":{"rendered":"<table>\n<thead>\n<tr>\n<th>TYPE<\/th>\n<th>MAX LOAD (daN)<\/th>\n<th>Natural Frequency (Hz)<\/th>\n<\/tr>\n<\/thead>\n<tbody>\n<tr>\n<td>Vibro-LS.mini.20<\/td>\n<td>20<\/td>\n<td>15<\/td>\n<\/tr>\n<tr>\n<td>Vibro-LS.mini.50<\/td>\n<td>50<\/td>\n<td>15<\/td>\n<\/tr>\n<\/tbody>\n<\/table>\n","protected":false},"excerpt":{"rendered":"<p>Vibrasiyal\u0131 tavan as\u0131lqanlar\u0131, \u00fcz\u0259n asma tavan\u0131n al\u00e7\u0131pan il\u0259 as\u0131lmas\u0131, ma\u015f\u0131nlar\u0131n (ventilyatorlar\u0131n, kondisionerl\u0259rin v\u0259 s.) vibrasiya asmalar\u0131n\u0131n, borular\u0131n, hava kanallar\u0131n\u0131n vibrasiya asmas\u0131nda v\u0259 s. kimi y\u00fckl\u0259rin as\u0131lmas\u0131 \u00fc\u00e7\u00fcn istifad\u0259 olunur.<\/p>\n<p>Vibro-LS.mini vibrasiya \u0259leyhin\u0259 tavan asq\u0131lar\u0131 y\u00fck\u00fcn as\u0131lmas\u0131 \u00fc\u00e7\u00fcn istifad\u0259 olunur, m\u0259s\u0259l\u0259n, \u00fcz\u0259n asma tavan\u0131n gips kartonla as\u0131lmas\u0131, mexanizml\u0259rin (ventilyatorlar, kondisionerl\u0259r v\u0259 s.<\/p>\n<p>Vibro-LS.mini y\u00fck asmaq \u00fc\u00e7\u00fcn x\u00fcsusi olaraq g\u00fccl\u0259ndirilmi\u015f v\u0259 modulla\u015fd\u0131r\u0131lm\u0131\u015f metal \u00e7\u0259r\u00e7iv\u0259d\u0259n v\u0259 vibrasiyaya qar\u015f\u0131 rezin dayaq Vibro-mini-d\u0259n ibar\u0259tdir. Vibro-mini rezin daya\u011f\u0131 \u0259la vibrasiya n\u0259zar\u0259ti \u00fc\u00e7\u00fcn \u00e7ox yax\u015f\u0131 \u0259yilm\u0259 v\u0259 y\u00fck nisb\u0259tin\u0259 malik y\u00fcks\u0259k keyfiyy\u0259tli rezin birl\u0259\u015fm\u0259d\u0259n haz\u0131rlanm\u0131\u015f x\u00fcsusi t\u0259dqiqat\u0131n n\u0259tic\u0259sidir. Onun metal montaj\u0131 yan\u011f\u0131na v\u0259 z\u0259rb\u0259y\u0259 davaml\u0131l\u0131q t\u0259tbiql\u0259rind\u0259 &#8220;u\u011fursuzluqdan qorunmu\u015f&#8221; bir qurulu\u015fdur. Vidadan ke\u00e7\u0259n vida metal \u00e7\u0259r\u00e7iv\u0259 il\u0259 t\u0259masda deyil, bel\u0259likl\u0259 s\u0259s k\u00f6rp\u00fcs\u00fc yaranm\u0131r.<\/p>\n","protected":false},"featured_media":22435,"template":"","meta":[],"product_brand":[],"product_cat":[927],"product_tag":[],"class_list":{"0":"post-23693","1":"product","2":"type-product","3":"status-publish","4":"has-post-thumbnail","6":"product_cat-vibrasiya-anti-ss-kuy-akustik-az","8":"first","9":"instock","10":"shipping-taxable","11":"product-type-simple"},"yoast_head":"<!-- This site is optimized with the Yoast SEO plugin v27.1.1 - https:\/\/yoast.com\/product\/yoast-seo-wordpress\/ -->\n<title>Vibro-LS.mini: Vibro-Mini il\u0259 vibrasiyaya qar\u015f\u0131 y\u00fck asma - GeoClimate.ge<\/title>\n<meta name=\"robots\" content=\"index, follow, max-snippet:-1, max-image-preview:large, max-video-preview:-1\" \/>\n<link rel=\"canonical\" href=\"https:\/\/geoclimate.ge\/az\/product\/vibro-ls-mini-anti-vibration-load-suspension-with-vibro-mini\/\" \/>\n<meta property=\"og:locale\" content=\"az_AZ\" \/>\n<meta property=\"og:type\" content=\"article\" \/>\n<meta property=\"og:title\" content=\"Vibro-LS.mini: Vibro-Mini il\u0259 vibrasiyaya qar\u015f\u0131 y\u00fck asma - GeoClimate.ge\" \/>\n<meta property=\"og:description\" content=\"Vibrasiyal\u0131 tavan as\u0131lqanlar\u0131, \u00fcz\u0259n asma tavan\u0131n al\u00e7\u0131pan il\u0259 as\u0131lmas\u0131, ma\u015f\u0131nlar\u0131n (ventilyatorlar\u0131n, kondisionerl\u0259rin v\u0259 s.) vibrasiya asmalar\u0131n\u0131n, borular\u0131n, hava kanallar\u0131n\u0131n vibrasiya asmas\u0131nda v\u0259 s. kimi y\u00fckl\u0259rin as\u0131lmas\u0131 \u00fc\u00e7\u00fcn istifad\u0259 olunur.  Vibro-LS.mini vibrasiya \u0259leyhin\u0259 tavan asq\u0131lar\u0131 y\u00fck\u00fcn as\u0131lmas\u0131 \u00fc\u00e7\u00fcn istifad\u0259 olunur, m\u0259s\u0259l\u0259n, \u00fcz\u0259n asma tavan\u0131n gips kartonla as\u0131lmas\u0131, mexanizml\u0259rin (ventilyatorlar, kondisionerl\u0259r v\u0259 s.  Vibro-LS.mini y\u00fck asmaq \u00fc\u00e7\u00fcn x\u00fcsusi olaraq g\u00fccl\u0259ndirilmi\u015f v\u0259 modulla\u015fd\u0131r\u0131lm\u0131\u015f metal \u00e7\u0259r\u00e7iv\u0259d\u0259n v\u0259 vibrasiyaya qar\u015f\u0131 rezin dayaq Vibro-mini-d\u0259n ibar\u0259tdir. Vibro-mini rezin daya\u011f\u0131 \u0259la vibrasiya n\u0259zar\u0259ti \u00fc\u00e7\u00fcn \u00e7ox yax\u015f\u0131 \u0259yilm\u0259 v\u0259 y\u00fck nisb\u0259tin\u0259 malik y\u00fcks\u0259k keyfiyy\u0259tli rezin birl\u0259\u015fm\u0259d\u0259n haz\u0131rlanm\u0131\u015f x\u00fcsusi t\u0259dqiqat\u0131n n\u0259tic\u0259sidir. Onun metal montaj\u0131 yan\u011f\u0131na v\u0259 z\u0259rb\u0259y\u0259 davaml\u0131l\u0131q t\u0259tbiql\u0259rind\u0259 &quot;u\u011fursuzluqdan qorunmu\u015f&quot; bir qurulu\u015fdur. Vidadan ke\u00e7\u0259n vida metal \u00e7\u0259r\u00e7iv\u0259 il\u0259 t\u0259masda deyil, bel\u0259likl\u0259 s\u0259s k\u00f6rp\u00fcs\u00fc yaranm\u0131r.\" \/>\n<meta property=\"og:url\" content=\"https:\/\/geoclimate.ge\/az\/product\/vibro-ls-mini-anti-vibration-load-suspension-with-vibro-mini\/\" \/>\n<meta property=\"og:site_name\" content=\"GeoClimate.ge\" \/>\n<meta property=\"article:modified_time\" content=\"2025-02-25T20:24:28+00:00\" \/>\n<meta property=\"og:image\" content=\"https:\/\/geoclimate.ge\/wp-content\/uploads\/2025\/02\/Vibro-LS.mini-3.jpg\" \/>\n\t<meta property=\"og:image:width\" content=\"1024\" \/>\n\t<meta property=\"og:image:height\" content=\"699\" \/>\n\t<meta property=\"og:image:type\" content=\"image\/jpeg\" \/>\n<meta name=\"twitter:card\" content=\"summary_large_image\" \/>\n<script type=\"application\/ld+json\" class=\"yoast-schema-graph\">{\"@context\":\"https:\/\/schema.org\",\"@graph\":[{\"@type\":\"WebPage\",\"@id\":\"https:\/\/geoclimate.ge\/az\/product\/vibro-ls-mini-anti-vibration-load-suspension-with-vibro-mini\/\",\"url\":\"https:\/\/geoclimate.ge\/az\/product\/vibro-ls-mini-anti-vibration-load-suspension-with-vibro-mini\/\",\"name\":\"Vibro-LS.mini: Vibro-Mini il\u0259 vibrasiyaya qar\u015f\u0131 y\u00fck asma - GeoClimate.ge\",\"isPartOf\":{\"@id\":\"https:\/\/geoclimate.ge\/#website\"},\"primaryImageOfPage\":{\"@id\":\"https:\/\/geoclimate.ge\/az\/product\/vibro-ls-mini-anti-vibration-load-suspension-with-vibro-mini\/#primaryimage\"},\"image\":{\"@id\":\"https:\/\/geoclimate.ge\/az\/product\/vibro-ls-mini-anti-vibration-load-suspension-with-vibro-mini\/#primaryimage\"},\"thumbnailUrl\":\"https:\/\/geoclimate.ge\/wp-content\/uploads\/2025\/02\/Vibro-LS.mini-3.jpg\",\"datePublished\":\"2025-02-07T16:16:37+00:00\",\"dateModified\":\"2025-02-25T20:24:28+00:00\",\"breadcrumb\":{\"@id\":\"https:\/\/geoclimate.ge\/az\/product\/vibro-ls-mini-anti-vibration-load-suspension-with-vibro-mini\/#breadcrumb\"},\"inLanguage\":\"az\",\"potentialAction\":[{\"@type\":\"ReadAction\",\"target\":[\"https:\/\/geoclimate.ge\/az\/product\/vibro-ls-mini-anti-vibration-load-suspension-with-vibro-mini\/\"]}]},{\"@type\":\"ImageObject\",\"inLanguage\":\"az\",\"@id\":\"https:\/\/geoclimate.ge\/az\/product\/vibro-ls-mini-anti-vibration-load-suspension-with-vibro-mini\/#primaryimage\",\"url\":\"https:\/\/geoclimate.ge\/wp-content\/uploads\/2025\/02\/Vibro-LS.mini-3.jpg\",\"contentUrl\":\"https:\/\/geoclimate.ge\/wp-content\/uploads\/2025\/02\/Vibro-LS.mini-3.jpg\",\"width\":1024,\"height\":699},{\"@type\":\"BreadcrumbList\",\"@id\":\"https:\/\/geoclimate.ge\/az\/product\/vibro-ls-mini-anti-vibration-load-suspension-with-vibro-mini\/#breadcrumb\",\"itemListElement\":[{\"@type\":\"ListItem\",\"position\":1,\"name\":\"Home\",\"item\":\"https:\/\/geoclimate.ge\/az\/\"},{\"@type\":\"ListItem\",\"position\":2,\"name\":\"M\u0259hsullar\",\"item\":\"https:\/\/geoclimate.ge\/az\/products\/\"},{\"@type\":\"ListItem\",\"position\":3,\"name\":\"Vibro-LS.mini: Vibro-Mini il\u0259 vibrasiyaya qar\u015f\u0131 y\u00fck asma\"}]},{\"@type\":\"WebSite\",\"@id\":\"https:\/\/geoclimate.ge\/#website\",\"url\":\"https:\/\/geoclimate.ge\/\",\"name\":\"GeoClimate\",\"description\":\"\",\"publisher\":{\"@id\":\"https:\/\/geoclimate.ge\/#organization\"},\"potentialAction\":[{\"@type\":\"SearchAction\",\"target\":{\"@type\":\"EntryPoint\",\"urlTemplate\":\"https:\/\/geoclimate.ge\/?s={search_term_string}\"},\"query-input\":{\"@type\":\"PropertyValueSpecification\",\"valueRequired\":true,\"valueName\":\"search_term_string\"}}],\"inLanguage\":\"az\"},{\"@type\":\"Organization\",\"@id\":\"https:\/\/geoclimate.ge\/#organization\",\"name\":\"GeoClimate\",\"url\":\"https:\/\/geoclimate.ge\/\",\"logo\":{\"@type\":\"ImageObject\",\"inLanguage\":\"az\",\"@id\":\"https:\/\/geoclimate.ge\/#\/schema\/logo\/image\/\",\"url\":\"https:\/\/geoclimate.ge\/wp-content\/uploads\/2026\/03\/geoclimate-SEO.png\",\"contentUrl\":\"https:\/\/geoclimate.ge\/wp-content\/uploads\/2026\/03\/geoclimate-SEO.png\",\"width\":1536,\"height\":1024,\"caption\":\"GeoClimate\"},\"image\":{\"@id\":\"https:\/\/geoclimate.ge\/#\/schema\/logo\/image\/\"}}]}<\/script>\n<!-- \/ Yoast SEO plugin. -->","yoast_head_json":{"title":"Vibro-LS.mini: Vibro-Mini il\u0259 vibrasiyaya qar\u015f\u0131 y\u00fck asma - GeoClimate.ge","robots":{"index":"index","follow":"follow","max-snippet":"max-snippet:-1","max-image-preview":"max-image-preview:large","max-video-preview":"max-video-preview:-1"},"canonical":"https:\/\/geoclimate.ge\/az\/product\/vibro-ls-mini-anti-vibration-load-suspension-with-vibro-mini\/","og_locale":"az_AZ","og_type":"article","og_title":"Vibro-LS.mini: Vibro-Mini il\u0259 vibrasiyaya qar\u015f\u0131 y\u00fck asma - GeoClimate.ge","og_description":"Vibrasiyal\u0131 tavan as\u0131lqanlar\u0131, \u00fcz\u0259n asma tavan\u0131n al\u00e7\u0131pan il\u0259 as\u0131lmas\u0131, ma\u015f\u0131nlar\u0131n (ventilyatorlar\u0131n, kondisionerl\u0259rin v\u0259 s.) vibrasiya asmalar\u0131n\u0131n, borular\u0131n, hava kanallar\u0131n\u0131n vibrasiya asmas\u0131nda v\u0259 s. kimi y\u00fckl\u0259rin as\u0131lmas\u0131 \u00fc\u00e7\u00fcn istifad\u0259 olunur.  Vibro-LS.mini vibrasiya \u0259leyhin\u0259 tavan asq\u0131lar\u0131 y\u00fck\u00fcn as\u0131lmas\u0131 \u00fc\u00e7\u00fcn istifad\u0259 olunur, m\u0259s\u0259l\u0259n, \u00fcz\u0259n asma tavan\u0131n gips kartonla as\u0131lmas\u0131, mexanizml\u0259rin (ventilyatorlar, kondisionerl\u0259r v\u0259 s.  Vibro-LS.mini y\u00fck asmaq \u00fc\u00e7\u00fcn x\u00fcsusi olaraq g\u00fccl\u0259ndirilmi\u015f v\u0259 modulla\u015fd\u0131r\u0131lm\u0131\u015f metal \u00e7\u0259r\u00e7iv\u0259d\u0259n v\u0259 vibrasiyaya qar\u015f\u0131 rezin dayaq Vibro-mini-d\u0259n ibar\u0259tdir. Vibro-mini rezin daya\u011f\u0131 \u0259la vibrasiya n\u0259zar\u0259ti \u00fc\u00e7\u00fcn \u00e7ox yax\u015f\u0131 \u0259yilm\u0259 v\u0259 y\u00fck nisb\u0259tin\u0259 malik y\u00fcks\u0259k keyfiyy\u0259tli rezin birl\u0259\u015fm\u0259d\u0259n haz\u0131rlanm\u0131\u015f x\u00fcsusi t\u0259dqiqat\u0131n n\u0259tic\u0259sidir. Onun metal montaj\u0131 yan\u011f\u0131na v\u0259 z\u0259rb\u0259y\u0259 davaml\u0131l\u0131q t\u0259tbiql\u0259rind\u0259 \"u\u011fursuzluqdan qorunmu\u015f\" bir qurulu\u015fdur. Vidadan ke\u00e7\u0259n vida metal \u00e7\u0259r\u00e7iv\u0259 il\u0259 t\u0259masda deyil, bel\u0259likl\u0259 s\u0259s k\u00f6rp\u00fcs\u00fc yaranm\u0131r.","og_url":"https:\/\/geoclimate.ge\/az\/product\/vibro-ls-mini-anti-vibration-load-suspension-with-vibro-mini\/","og_site_name":"GeoClimate.ge","article_modified_time":"2025-02-25T20:24:28+00:00","og_image":[{"width":1024,"height":699,"url":"https:\/\/geoclimate.ge\/wp-content\/uploads\/2025\/02\/Vibro-LS.mini-3.jpg","type":"image\/jpeg"}],"twitter_card":"summary_large_image","schema":{"@context":"https:\/\/schema.org","@graph":[{"@type":"WebPage","@id":"https:\/\/geoclimate.ge\/az\/product\/vibro-ls-mini-anti-vibration-load-suspension-with-vibro-mini\/","url":"https:\/\/geoclimate.ge\/az\/product\/vibro-ls-mini-anti-vibration-load-suspension-with-vibro-mini\/","name":"Vibro-LS.mini: Vibro-Mini il\u0259 vibrasiyaya qar\u015f\u0131 y\u00fck asma - GeoClimate.ge","isPartOf":{"@id":"https:\/\/geoclimate.ge\/#website"},"primaryImageOfPage":{"@id":"https:\/\/geoclimate.ge\/az\/product\/vibro-ls-mini-anti-vibration-load-suspension-with-vibro-mini\/#primaryimage"},"image":{"@id":"https:\/\/geoclimate.ge\/az\/product\/vibro-ls-mini-anti-vibration-load-suspension-with-vibro-mini\/#primaryimage"},"thumbnailUrl":"https:\/\/geoclimate.ge\/wp-content\/uploads\/2025\/02\/Vibro-LS.mini-3.jpg","datePublished":"2025-02-07T16:16:37+00:00","dateModified":"2025-02-25T20:24:28+00:00","breadcrumb":{"@id":"https:\/\/geoclimate.ge\/az\/product\/vibro-ls-mini-anti-vibration-load-suspension-with-vibro-mini\/#breadcrumb"},"inLanguage":"az","potentialAction":[{"@type":"ReadAction","target":["https:\/\/geoclimate.ge\/az\/product\/vibro-ls-mini-anti-vibration-load-suspension-with-vibro-mini\/"]}]},{"@type":"ImageObject","inLanguage":"az","@id":"https:\/\/geoclimate.ge\/az\/product\/vibro-ls-mini-anti-vibration-load-suspension-with-vibro-mini\/#primaryimage","url":"https:\/\/geoclimate.ge\/wp-content\/uploads\/2025\/02\/Vibro-LS.mini-3.jpg","contentUrl":"https:\/\/geoclimate.ge\/wp-content\/uploads\/2025\/02\/Vibro-LS.mini-3.jpg","width":1024,"height":699},{"@type":"BreadcrumbList","@id":"https:\/\/geoclimate.ge\/az\/product\/vibro-ls-mini-anti-vibration-load-suspension-with-vibro-mini\/#breadcrumb","itemListElement":[{"@type":"ListItem","position":1,"name":"Home","item":"https:\/\/geoclimate.ge\/az\/"},{"@type":"ListItem","position":2,"name":"M\u0259hsullar","item":"https:\/\/geoclimate.ge\/az\/products\/"},{"@type":"ListItem","position":3,"name":"Vibro-LS.mini: Vibro-Mini il\u0259 vibrasiyaya qar\u015f\u0131 y\u00fck asma"}]},{"@type":"WebSite","@id":"https:\/\/geoclimate.ge\/#website","url":"https:\/\/geoclimate.ge\/","name":"GeoClimate","description":"","publisher":{"@id":"https:\/\/geoclimate.ge\/#organization"},"potentialAction":[{"@type":"SearchAction","target":{"@type":"EntryPoint","urlTemplate":"https:\/\/geoclimate.ge\/?s={search_term_string}"},"query-input":{"@type":"PropertyValueSpecification","valueRequired":true,"valueName":"search_term_string"}}],"inLanguage":"az"},{"@type":"Organization","@id":"https:\/\/geoclimate.ge\/#organization","name":"GeoClimate","url":"https:\/\/geoclimate.ge\/","logo":{"@type":"ImageObject","inLanguage":"az","@id":"https:\/\/geoclimate.ge\/#\/schema\/logo\/image\/","url":"https:\/\/geoclimate.ge\/wp-content\/uploads\/2026\/03\/geoclimate-SEO.png","contentUrl":"https:\/\/geoclimate.ge\/wp-content\/uploads\/2026\/03\/geoclimate-SEO.png","width":1536,"height":1024,"caption":"GeoClimate"},"image":{"@id":"https:\/\/geoclimate.ge\/#\/schema\/logo\/image\/"}}]}},"_links":{"self":[{"href":"https:\/\/geoclimate.ge\/az\/wp-json\/wp\/v2\/product\/23693","targetHints":{"allow":["GET"]}}],"collection":[{"href":"https:\/\/geoclimate.ge\/az\/wp-json\/wp\/v2\/product"}],"about":[{"href":"https:\/\/geoclimate.ge\/az\/wp-json\/wp\/v2\/types\/product"}],"wp:featuredmedia":[{"embeddable":true,"href":"https:\/\/geoclimate.ge\/az\/wp-json\/wp\/v2\/media\/22435"}],"wp:attachment":[{"href":"https:\/\/geoclimate.ge\/az\/wp-json\/wp\/v2\/media?parent=23693"}],"wp:term":[{"taxonomy":"product_brand","embeddable":true,"href":"https:\/\/geoclimate.ge\/az\/wp-json\/wp\/v2\/product_brand?post=23693"},{"taxonomy":"product_cat","embeddable":true,"href":"https:\/\/geoclimate.ge\/az\/wp-json\/wp\/v2\/product_cat?post=23693"},{"taxonomy":"product_tag","embeddable":true,"href":"https:\/\/geoclimate.ge\/az\/wp-json\/wp\/v2\/product_tag?post=23693"}],"curies":[{"name":"wp","href":"https:\/\/api.w.org\/{rel}","templated":true}]}}