{"id":23698,"date":"2025-02-07T20:04:24","date_gmt":"2025-02-07T16:04:24","guid":{"rendered":"https:\/\/airsystems.ge\/shop\/product\/vibro-pb-f-anti-vibration-braces-for-floating-drywall-systems-with-regufoam\/"},"modified":"2025-02-26T00:24:28","modified_gmt":"2025-02-25T20:24:28","slug":"vibro-pb-f-anti-vibration-braces-for-floating-drywall-systems-with-regufoam","status":"publish","type":"product","link":"https:\/\/geoclimate.ge\/az\/product\/vibro-pb-f-anti-vibration-braces-for-floating-drywall-systems-with-regufoam\/","title":{"rendered":"Vibro-PB.F: Regufoam\u00ae il\u0259 \u00fcz\u0259n al\u00e7\u0131pan sisteml\u0259ri \u00fc\u00e7\u00fcn vibrasiya \u0259leyhin\u0259 m\u00f6t\u0259riz\u0259l\u0259r"},"content":{"rendered":"<h5><strong>Selection Table:<\/strong><\/h5>\n<table class=\"tg\">\n<thead>\n<tr>\n<th class=\"tg-amwm\">TYPE<\/th>\n<th class=\"tg-amwm\">COLOUR CODE<\/th>\n<th class=\"tg-amwm\">MAX AXIAL RESTRAINT (daN)<\/th>\n<\/tr>\n<\/thead>\n<tbody>\n<tr>\n<td class=\"tg-baqh\">Vibro-PB.F 10<\/td>\n<td class=\"tg-baqh\">Black<\/td>\n<td class=\"tg-baqh\">10<\/td>\n<\/tr>\n<tr>\n<td class=\"tg-baqh\">Vibro-PB.F 20<\/td>\n<td class=\"tg-baqh\">Grey<\/td>\n<td class=\"tg-baqh\">20<\/td>\n<\/tr>\n<tr>\n<td class=\"tg-baqh\">Vibro-PB.F 40<\/td>\n<td class=\"tg-baqh\">Beige<\/td>\n<td class=\"tg-baqh\">40<\/td>\n<\/tr>\n<\/tbody>\n<\/table>\n<p><strong>Dinamik X\u00fcsusiyy\u0259tl\u0259r:<\/strong><\/p>\n<p>T\u0259bii tezlik (maksimum y\u00fckd\u0259):<br \/>\n\u2013 14 Hz (12,5 mm k\u00f6p\u00fck qal\u0131nl\u0131\u011f\u0131)<br \/>\n\u2013 10 Hz (25 mm k\u00f6p\u00fck qal\u0131nl\u0131\u011f\u0131)<\/p>\n","protected":false},"excerpt":{"rendered":"<p>Vibro-PB.F\u00a0divar dayaqlar\u0131, bu divarlar \u00fcz\u0259n d\u00f6\u015f\u0259m\u0259 \u00fcz\u0259rind\u0259 anti-vibrasiya qura\u015fd\u0131r\u0131ld\u0131qda, \u00fcz\u0259n al\u00e7\u0131pan tikinti sisteml\u0259ri \u00fc\u00e7\u00fcn titr\u0259m\u0259 \u0259leyhin\u0259 m\u00f6t\u0259riz\u0259l\u0259r kimi istifad\u0259 olunur. Bu anti-vibrasiya dayaqlar\u0131n\u0131n istifad\u0259si kifay\u0259t q\u0259d\u0259r y\u00fcks\u0259k h\u00fcnd\u00fcrl\u00fcy\u0259 malik divarlar \u00fc\u00e7\u00fcn t\u00f6vsiy\u0259 olunur. Bu t\u0259tbiq divar\u0131n dinamik s\u0259rtliyini, el\u0259c\u0259 d\u0259 strukturun seysmik m\u00fchafiz\u0259sini art\u0131r\u0131r.<\/p>\n<p>Bu m\u00f6t\u0259riz\u0259nin istifad\u0259si iki divar aras\u0131nda s\u0259s k\u00f6rp\u00fcs\u00fcn\u00fcn yaranmas\u0131n\u0131n qar\u015f\u0131s\u0131n\u0131 al\u0131r v\u0259 bel\u0259likl\u0259 struktur s\u0259s-k\u00fcy\u00fcn\u00fcn s\u0259s izolyasiyas\u0131na nail olur.<\/p>\n<p>Aral\u0131q metal elementin daxil edilm\u0259si il\u0259 onun a\u011f\u0131ll\u0131 konstruksiyas\u0131 h\u0259m s\u0131x\u0131lma, h\u0259m d\u0259 dart\u0131lma q\u00fcvv\u0259l\u0259rini m\u0259hdudla\u015fd\u0131rma\u011fa imkan verir.Onu gips kartonunun \u015faquli \u015ftamp\u0131na b\u0259rkitm\u0259k \u00a0ke\u00e7id vidas\u0131n\u0131n istifad\u0259sini t\u0259l\u0259b etmir, onu metal \u015ftampla birl\u0259\u015fdir\u0259n \u00fcmumi \u00f6z\u00fcn\u00fc vurma vintl\u0259rind\u0259n istifad\u0259 etm\u0259k kifay\u0259tdir.<\/p>\n<p>Aral\u0131q anti-vibrasiya elementi BSW REGUPOL \u015firk\u0259ti t\u0259r\u0259find\u0259n Almaniya istehsal\u0131 olan yar\u0131mqapal\u0131 poliuretan k\u00f6p\u00fckd\u0259n (Regufoam) haz\u0131rlan\u0131r.<\/p>\n<p>Onun bazas\u0131nda qura\u015fd\u0131rma asanla\u015fd\u0131rmaq \u00fc\u00e7\u00fcn oval de\u015fikl\u0259r il\u0259 t\u0259chiz edilmi\u015fdir.<\/p>\n","protected":false},"featured_media":22411,"template":"","meta":[],"product_brand":[],"product_cat":[927],"product_tag":[],"class_list":{"0":"post-23698","1":"product","2":"type-product","3":"status-publish","4":"has-post-thumbnail","6":"product_cat-vibrasiya-anti-ss-kuy-akustik-az","8":"first","9":"instock","10":"shipping-taxable","11":"product-type-simple"},"yoast_head":"<!-- This site is optimized with the Yoast SEO plugin v27.1.1 - https:\/\/yoast.com\/product\/yoast-seo-wordpress\/ -->\n<title>Vibro-PB.F: Regufoam\u00ae il\u0259 \u00fcz\u0259n al\u00e7\u0131pan sisteml\u0259ri \u00fc\u00e7\u00fcn vibrasiya \u0259leyhin\u0259 m\u00f6t\u0259riz\u0259l\u0259r - GeoClimate.ge<\/title>\n<meta name=\"robots\" content=\"index, follow, max-snippet:-1, max-image-preview:large, max-video-preview:-1\" \/>\n<link rel=\"canonical\" href=\"https:\/\/geoclimate.ge\/az\/product\/vibro-pb-f-anti-vibration-braces-for-floating-drywall-systems-with-regufoam\/\" \/>\n<meta property=\"og:locale\" content=\"az_AZ\" \/>\n<meta property=\"og:type\" content=\"article\" \/>\n<meta property=\"og:title\" content=\"Vibro-PB.F: Regufoam\u00ae il\u0259 \u00fcz\u0259n al\u00e7\u0131pan sisteml\u0259ri \u00fc\u00e7\u00fcn vibrasiya \u0259leyhin\u0259 m\u00f6t\u0259riz\u0259l\u0259r - GeoClimate.ge\" \/>\n<meta property=\"og:description\" content=\"Vibro-PB.F\u00a0divar dayaqlar\u0131, bu divarlar \u00fcz\u0259n d\u00f6\u015f\u0259m\u0259 \u00fcz\u0259rind\u0259 anti-vibrasiya qura\u015fd\u0131r\u0131ld\u0131qda, \u00fcz\u0259n al\u00e7\u0131pan tikinti sisteml\u0259ri \u00fc\u00e7\u00fcn titr\u0259m\u0259 \u0259leyhin\u0259 m\u00f6t\u0259riz\u0259l\u0259r kimi istifad\u0259 olunur. Bu anti-vibrasiya dayaqlar\u0131n\u0131n istifad\u0259si kifay\u0259t q\u0259d\u0259r y\u00fcks\u0259k h\u00fcnd\u00fcrl\u00fcy\u0259 malik divarlar \u00fc\u00e7\u00fcn t\u00f6vsiy\u0259 olunur. Bu t\u0259tbiq divar\u0131n dinamik s\u0259rtliyini, el\u0259c\u0259 d\u0259 strukturun seysmik m\u00fchafiz\u0259sini art\u0131r\u0131r.  Bu m\u00f6t\u0259riz\u0259nin istifad\u0259si iki divar aras\u0131nda s\u0259s k\u00f6rp\u00fcs\u00fcn\u00fcn yaranmas\u0131n\u0131n qar\u015f\u0131s\u0131n\u0131 al\u0131r v\u0259 bel\u0259likl\u0259 struktur s\u0259s-k\u00fcy\u00fcn\u00fcn s\u0259s izolyasiyas\u0131na nail olur.  Aral\u0131q metal elementin daxil edilm\u0259si il\u0259 onun a\u011f\u0131ll\u0131 konstruksiyas\u0131 h\u0259m s\u0131x\u0131lma, h\u0259m d\u0259 dart\u0131lma q\u00fcvv\u0259l\u0259rini m\u0259hdudla\u015fd\u0131rma\u011fa imkan verir.Onu gips kartonunun \u015faquli \u015ftamp\u0131na b\u0259rkitm\u0259k \u00a0ke\u00e7id vidas\u0131n\u0131n istifad\u0259sini t\u0259l\u0259b etmir, onu metal \u015ftampla birl\u0259\u015fdir\u0259n \u00fcmumi \u00f6z\u00fcn\u00fc vurma vintl\u0259rind\u0259n istifad\u0259 etm\u0259k kifay\u0259tdir.  Aral\u0131q anti-vibrasiya elementi BSW REGUPOL \u015firk\u0259ti t\u0259r\u0259find\u0259n Almaniya istehsal\u0131 olan yar\u0131mqapal\u0131 poliuretan k\u00f6p\u00fckd\u0259n (Regufoam) haz\u0131rlan\u0131r.  Onun bazas\u0131nda qura\u015fd\u0131rma asanla\u015fd\u0131rmaq \u00fc\u00e7\u00fcn oval de\u015fikl\u0259r il\u0259 t\u0259chiz edilmi\u015fdir.\" \/>\n<meta property=\"og:url\" content=\"https:\/\/geoclimate.ge\/az\/product\/vibro-pb-f-anti-vibration-braces-for-floating-drywall-systems-with-regufoam\/\" \/>\n<meta property=\"og:site_name\" content=\"GeoClimate.ge\" \/>\n<meta property=\"article:modified_time\" content=\"2025-02-25T20:24:28+00:00\" \/>\n<meta property=\"og:image\" content=\"https:\/\/geoclimate.ge\/wp-content\/uploads\/2025\/02\/VIBRO-PBF.jpg\" \/>\n\t<meta property=\"og:image:width\" content=\"1280\" \/>\n\t<meta property=\"og:image:height\" content=\"1024\" \/>\n\t<meta property=\"og:image:type\" content=\"image\/jpeg\" \/>\n<meta name=\"twitter:card\" content=\"summary_large_image\" \/>\n<script type=\"application\/ld+json\" class=\"yoast-schema-graph\">{\"@context\":\"https:\/\/schema.org\",\"@graph\":[{\"@type\":\"WebPage\",\"@id\":\"https:\/\/geoclimate.ge\/az\/product\/vibro-pb-f-anti-vibration-braces-for-floating-drywall-systems-with-regufoam\/\",\"url\":\"https:\/\/geoclimate.ge\/az\/product\/vibro-pb-f-anti-vibration-braces-for-floating-drywall-systems-with-regufoam\/\",\"name\":\"Vibro-PB.F: Regufoam\u00ae il\u0259 \u00fcz\u0259n al\u00e7\u0131pan sisteml\u0259ri \u00fc\u00e7\u00fcn vibrasiya \u0259leyhin\u0259 m\u00f6t\u0259riz\u0259l\u0259r - GeoClimate.ge\",\"isPartOf\":{\"@id\":\"https:\/\/geoclimate.ge\/#website\"},\"primaryImageOfPage\":{\"@id\":\"https:\/\/geoclimate.ge\/az\/product\/vibro-pb-f-anti-vibration-braces-for-floating-drywall-systems-with-regufoam\/#primaryimage\"},\"image\":{\"@id\":\"https:\/\/geoclimate.ge\/az\/product\/vibro-pb-f-anti-vibration-braces-for-floating-drywall-systems-with-regufoam\/#primaryimage\"},\"thumbnailUrl\":\"https:\/\/geoclimate.ge\/wp-content\/uploads\/2025\/02\/VIBRO-PBF.jpg\",\"datePublished\":\"2025-02-07T16:04:24+00:00\",\"dateModified\":\"2025-02-25T20:24:28+00:00\",\"breadcrumb\":{\"@id\":\"https:\/\/geoclimate.ge\/az\/product\/vibro-pb-f-anti-vibration-braces-for-floating-drywall-systems-with-regufoam\/#breadcrumb\"},\"inLanguage\":\"az\",\"potentialAction\":[{\"@type\":\"ReadAction\",\"target\":[\"https:\/\/geoclimate.ge\/az\/product\/vibro-pb-f-anti-vibration-braces-for-floating-drywall-systems-with-regufoam\/\"]}]},{\"@type\":\"ImageObject\",\"inLanguage\":\"az\",\"@id\":\"https:\/\/geoclimate.ge\/az\/product\/vibro-pb-f-anti-vibration-braces-for-floating-drywall-systems-with-regufoam\/#primaryimage\",\"url\":\"https:\/\/geoclimate.ge\/wp-content\/uploads\/2025\/02\/VIBRO-PBF.jpg\",\"contentUrl\":\"https:\/\/geoclimate.ge\/wp-content\/uploads\/2025\/02\/VIBRO-PBF.jpg\",\"width\":1280,\"height\":1024},{\"@type\":\"BreadcrumbList\",\"@id\":\"https:\/\/geoclimate.ge\/az\/product\/vibro-pb-f-anti-vibration-braces-for-floating-drywall-systems-with-regufoam\/#breadcrumb\",\"itemListElement\":[{\"@type\":\"ListItem\",\"position\":1,\"name\":\"Home\",\"item\":\"https:\/\/geoclimate.ge\/az\/\"},{\"@type\":\"ListItem\",\"position\":2,\"name\":\"M\u0259hsullar\",\"item\":\"https:\/\/geoclimate.ge\/az\/products\/\"},{\"@type\":\"ListItem\",\"position\":3,\"name\":\"Vibro-PB.F: Regufoam\u00ae il\u0259 \u00fcz\u0259n al\u00e7\u0131pan sisteml\u0259ri \u00fc\u00e7\u00fcn vibrasiya \u0259leyhin\u0259 m\u00f6t\u0259riz\u0259l\u0259r\"}]},{\"@type\":\"WebSite\",\"@id\":\"https:\/\/geoclimate.ge\/#website\",\"url\":\"https:\/\/geoclimate.ge\/\",\"name\":\"GeoClimate\",\"description\":\"\",\"publisher\":{\"@id\":\"https:\/\/geoclimate.ge\/#organization\"},\"potentialAction\":[{\"@type\":\"SearchAction\",\"target\":{\"@type\":\"EntryPoint\",\"urlTemplate\":\"https:\/\/geoclimate.ge\/?s={search_term_string}\"},\"query-input\":{\"@type\":\"PropertyValueSpecification\",\"valueRequired\":true,\"valueName\":\"search_term_string\"}}],\"inLanguage\":\"az\"},{\"@type\":\"Organization\",\"@id\":\"https:\/\/geoclimate.ge\/#organization\",\"name\":\"GeoClimate\",\"url\":\"https:\/\/geoclimate.ge\/\",\"logo\":{\"@type\":\"ImageObject\",\"inLanguage\":\"az\",\"@id\":\"https:\/\/geoclimate.ge\/#\/schema\/logo\/image\/\",\"url\":\"https:\/\/geoclimate.ge\/wp-content\/uploads\/2026\/03\/geoclimate-SEO.png\",\"contentUrl\":\"https:\/\/geoclimate.ge\/wp-content\/uploads\/2026\/03\/geoclimate-SEO.png\",\"width\":1536,\"height\":1024,\"caption\":\"GeoClimate\"},\"image\":{\"@id\":\"https:\/\/geoclimate.ge\/#\/schema\/logo\/image\/\"}}]}<\/script>\n<!-- \/ Yoast SEO plugin. -->","yoast_head_json":{"title":"Vibro-PB.F: Regufoam\u00ae il\u0259 \u00fcz\u0259n al\u00e7\u0131pan sisteml\u0259ri \u00fc\u00e7\u00fcn vibrasiya \u0259leyhin\u0259 m\u00f6t\u0259riz\u0259l\u0259r - GeoClimate.ge","robots":{"index":"index","follow":"follow","max-snippet":"max-snippet:-1","max-image-preview":"max-image-preview:large","max-video-preview":"max-video-preview:-1"},"canonical":"https:\/\/geoclimate.ge\/az\/product\/vibro-pb-f-anti-vibration-braces-for-floating-drywall-systems-with-regufoam\/","og_locale":"az_AZ","og_type":"article","og_title":"Vibro-PB.F: Regufoam\u00ae il\u0259 \u00fcz\u0259n al\u00e7\u0131pan sisteml\u0259ri \u00fc\u00e7\u00fcn vibrasiya \u0259leyhin\u0259 m\u00f6t\u0259riz\u0259l\u0259r - GeoClimate.ge","og_description":"Vibro-PB.F\u00a0divar dayaqlar\u0131, bu divarlar \u00fcz\u0259n d\u00f6\u015f\u0259m\u0259 \u00fcz\u0259rind\u0259 anti-vibrasiya qura\u015fd\u0131r\u0131ld\u0131qda, \u00fcz\u0259n al\u00e7\u0131pan tikinti sisteml\u0259ri \u00fc\u00e7\u00fcn titr\u0259m\u0259 \u0259leyhin\u0259 m\u00f6t\u0259riz\u0259l\u0259r kimi istifad\u0259 olunur. Bu anti-vibrasiya dayaqlar\u0131n\u0131n istifad\u0259si kifay\u0259t q\u0259d\u0259r y\u00fcks\u0259k h\u00fcnd\u00fcrl\u00fcy\u0259 malik divarlar \u00fc\u00e7\u00fcn t\u00f6vsiy\u0259 olunur. Bu t\u0259tbiq divar\u0131n dinamik s\u0259rtliyini, el\u0259c\u0259 d\u0259 strukturun seysmik m\u00fchafiz\u0259sini art\u0131r\u0131r.  Bu m\u00f6t\u0259riz\u0259nin istifad\u0259si iki divar aras\u0131nda s\u0259s k\u00f6rp\u00fcs\u00fcn\u00fcn yaranmas\u0131n\u0131n qar\u015f\u0131s\u0131n\u0131 al\u0131r v\u0259 bel\u0259likl\u0259 struktur s\u0259s-k\u00fcy\u00fcn\u00fcn s\u0259s izolyasiyas\u0131na nail olur.  Aral\u0131q metal elementin daxil edilm\u0259si il\u0259 onun a\u011f\u0131ll\u0131 konstruksiyas\u0131 h\u0259m s\u0131x\u0131lma, h\u0259m d\u0259 dart\u0131lma q\u00fcvv\u0259l\u0259rini m\u0259hdudla\u015fd\u0131rma\u011fa imkan verir.Onu gips kartonunun \u015faquli \u015ftamp\u0131na b\u0259rkitm\u0259k \u00a0ke\u00e7id vidas\u0131n\u0131n istifad\u0259sini t\u0259l\u0259b etmir, onu metal \u015ftampla birl\u0259\u015fdir\u0259n \u00fcmumi \u00f6z\u00fcn\u00fc vurma vintl\u0259rind\u0259n istifad\u0259 etm\u0259k kifay\u0259tdir.  Aral\u0131q anti-vibrasiya elementi BSW REGUPOL \u015firk\u0259ti t\u0259r\u0259find\u0259n Almaniya istehsal\u0131 olan yar\u0131mqapal\u0131 poliuretan k\u00f6p\u00fckd\u0259n (Regufoam) haz\u0131rlan\u0131r.  Onun bazas\u0131nda qura\u015fd\u0131rma asanla\u015fd\u0131rmaq \u00fc\u00e7\u00fcn oval de\u015fikl\u0259r il\u0259 t\u0259chiz edilmi\u015fdir.","og_url":"https:\/\/geoclimate.ge\/az\/product\/vibro-pb-f-anti-vibration-braces-for-floating-drywall-systems-with-regufoam\/","og_site_name":"GeoClimate.ge","article_modified_time":"2025-02-25T20:24:28+00:00","og_image":[{"width":1280,"height":1024,"url":"https:\/\/geoclimate.ge\/wp-content\/uploads\/2025\/02\/VIBRO-PBF.jpg","type":"image\/jpeg"}],"twitter_card":"summary_large_image","schema":{"@context":"https:\/\/schema.org","@graph":[{"@type":"WebPage","@id":"https:\/\/geoclimate.ge\/az\/product\/vibro-pb-f-anti-vibration-braces-for-floating-drywall-systems-with-regufoam\/","url":"https:\/\/geoclimate.ge\/az\/product\/vibro-pb-f-anti-vibration-braces-for-floating-drywall-systems-with-regufoam\/","name":"Vibro-PB.F: Regufoam\u00ae il\u0259 \u00fcz\u0259n al\u00e7\u0131pan sisteml\u0259ri \u00fc\u00e7\u00fcn vibrasiya \u0259leyhin\u0259 m\u00f6t\u0259riz\u0259l\u0259r - GeoClimate.ge","isPartOf":{"@id":"https:\/\/geoclimate.ge\/#website"},"primaryImageOfPage":{"@id":"https:\/\/geoclimate.ge\/az\/product\/vibro-pb-f-anti-vibration-braces-for-floating-drywall-systems-with-regufoam\/#primaryimage"},"image":{"@id":"https:\/\/geoclimate.ge\/az\/product\/vibro-pb-f-anti-vibration-braces-for-floating-drywall-systems-with-regufoam\/#primaryimage"},"thumbnailUrl":"https:\/\/geoclimate.ge\/wp-content\/uploads\/2025\/02\/VIBRO-PBF.jpg","datePublished":"2025-02-07T16:04:24+00:00","dateModified":"2025-02-25T20:24:28+00:00","breadcrumb":{"@id":"https:\/\/geoclimate.ge\/az\/product\/vibro-pb-f-anti-vibration-braces-for-floating-drywall-systems-with-regufoam\/#breadcrumb"},"inLanguage":"az","potentialAction":[{"@type":"ReadAction","target":["https:\/\/geoclimate.ge\/az\/product\/vibro-pb-f-anti-vibration-braces-for-floating-drywall-systems-with-regufoam\/"]}]},{"@type":"ImageObject","inLanguage":"az","@id":"https:\/\/geoclimate.ge\/az\/product\/vibro-pb-f-anti-vibration-braces-for-floating-drywall-systems-with-regufoam\/#primaryimage","url":"https:\/\/geoclimate.ge\/wp-content\/uploads\/2025\/02\/VIBRO-PBF.jpg","contentUrl":"https:\/\/geoclimate.ge\/wp-content\/uploads\/2025\/02\/VIBRO-PBF.jpg","width":1280,"height":1024},{"@type":"BreadcrumbList","@id":"https:\/\/geoclimate.ge\/az\/product\/vibro-pb-f-anti-vibration-braces-for-floating-drywall-systems-with-regufoam\/#breadcrumb","itemListElement":[{"@type":"ListItem","position":1,"name":"Home","item":"https:\/\/geoclimate.ge\/az\/"},{"@type":"ListItem","position":2,"name":"M\u0259hsullar","item":"https:\/\/geoclimate.ge\/az\/products\/"},{"@type":"ListItem","position":3,"name":"Vibro-PB.F: Regufoam\u00ae il\u0259 \u00fcz\u0259n al\u00e7\u0131pan sisteml\u0259ri \u00fc\u00e7\u00fcn vibrasiya \u0259leyhin\u0259 m\u00f6t\u0259riz\u0259l\u0259r"}]},{"@type":"WebSite","@id":"https:\/\/geoclimate.ge\/#website","url":"https:\/\/geoclimate.ge\/","name":"GeoClimate","description":"","publisher":{"@id":"https:\/\/geoclimate.ge\/#organization"},"potentialAction":[{"@type":"SearchAction","target":{"@type":"EntryPoint","urlTemplate":"https:\/\/geoclimate.ge\/?s={search_term_string}"},"query-input":{"@type":"PropertyValueSpecification","valueRequired":true,"valueName":"search_term_string"}}],"inLanguage":"az"},{"@type":"Organization","@id":"https:\/\/geoclimate.ge\/#organization","name":"GeoClimate","url":"https:\/\/geoclimate.ge\/","logo":{"@type":"ImageObject","inLanguage":"az","@id":"https:\/\/geoclimate.ge\/#\/schema\/logo\/image\/","url":"https:\/\/geoclimate.ge\/wp-content\/uploads\/2026\/03\/geoclimate-SEO.png","contentUrl":"https:\/\/geoclimate.ge\/wp-content\/uploads\/2026\/03\/geoclimate-SEO.png","width":1536,"height":1024,"caption":"GeoClimate"},"image":{"@id":"https:\/\/geoclimate.ge\/#\/schema\/logo\/image\/"}}]}},"_links":{"self":[{"href":"https:\/\/geoclimate.ge\/az\/wp-json\/wp\/v2\/product\/23698","targetHints":{"allow":["GET"]}}],"collection":[{"href":"https:\/\/geoclimate.ge\/az\/wp-json\/wp\/v2\/product"}],"about":[{"href":"https:\/\/geoclimate.ge\/az\/wp-json\/wp\/v2\/types\/product"}],"wp:featuredmedia":[{"embeddable":true,"href":"https:\/\/geoclimate.ge\/az\/wp-json\/wp\/v2\/media\/22411"}],"wp:attachment":[{"href":"https:\/\/geoclimate.ge\/az\/wp-json\/wp\/v2\/media?parent=23698"}],"wp:term":[{"taxonomy":"product_brand","embeddable":true,"href":"https:\/\/geoclimate.ge\/az\/wp-json\/wp\/v2\/product_brand?post=23698"},{"taxonomy":"product_cat","embeddable":true,"href":"https:\/\/geoclimate.ge\/az\/wp-json\/wp\/v2\/product_cat?post=23698"},{"taxonomy":"product_tag","embeddable":true,"href":"https:\/\/geoclimate.ge\/az\/wp-json\/wp\/v2\/product_tag?post=23698"}],"curies":[{"name":"wp","href":"https:\/\/api.w.org\/{rel}","templated":true}]}}