{"id":23707,"date":"2025-02-07T19:11:51","date_gmt":"2025-02-07T15:11:51","guid":{"rendered":"https:\/\/airsystems.ge\/shop\/product\/vibro-fm-sound-insulation-of-light-partitions\/"},"modified":"2025-02-26T00:24:29","modified_gmt":"2025-02-25T20:24:29","slug":"vibro-fm-sound-insulation-of-light-partitions","status":"publish","type":"product","link":"https:\/\/geoclimate.ge\/az\/product\/vibro-fm-sound-insulation-of-light-partitions\/","title":{"rendered":"Vibro-FM: \u0130\u015f\u0131q arak\u0259sm\u0259l\u0259rinin s\u0259s izolyasiyas\u0131"},"content":{"rendered":"","protected":false},"excerpt":{"rendered":"<p>\u00dc\u00e7\u00fcn ideald\u0131r: Z\u0259rb\u0259nin s\u0259s-k\u00fcy\u00fcn\u00fcn azald\u0131lmas\u0131, taxta d\u00f6\u015f\u0259m\u0259l\u0259r v\u0259 i\u015f\u0131ql\u0131 arak\u0259sm\u0259l\u0259rin t\u0259kmill\u0259\u015fdirilmi\u015f s\u0259s izolyasiyas\u0131. M\u0259i\u015f\u0259t v\u0259 ya kommersiya t\u0259tbiql\u0259rind\u0259 istifad\u0259 edil\u0259 bil\u0259r.<\/p>\n<p>T\u018fTB\u0130QL\u018fR<\/p>\n<p>T\u018fS\u0130RL\u018fR\u0130N AZALMASI<br \/>\nTaxta D\u00f6\u015f\u0259m\u0259l\u0259r<br \/>\n\u0130\u015eIQ PARK\u018fL\u018fR\u0130N\u0130N T\u018fKM\u0130L ED\u0130LM\u0130\u015e S\u018fS \u0130COLASYASI<br \/>\n\u0391 yeni izolyasiya sistemi, d\u00f6\u015f\u0259m\u0259 \u00f6rt\u00fcy\u00fc s\u0259s izolyatoru Vibro-FM, taxta d\u00f6\u015f\u0259m\u0259l\u0259rin t\u0259sir s\u0259sini azaltmaq \u00fc\u00e7\u00fcn i\u015fl\u0259nib haz\u0131rlanm\u0131\u015fd\u0131r. Z\u0259rb\u0259 s\u0259si, ayaq s\u0259si kimi q\u0131sa m\u00fcdd\u0259tli impulsun birba\u015fa struktura t\u0259sir etdiyi zaman yaranan s\u0259s\u0259 aiddir. Vibro-FM yast\u0131qlar\u0131 yuxar\u0131dan a\u015fa\u011f\u0131ya g\u0259l\u0259n s\u0259s-k\u00fcy\u00fcn azald\u0131lmas\u0131 \u00fc\u00e7\u00fcn faydal\u0131d\u0131r. H\u0259m\u00e7inin, onlar y\u00fcng\u00fcl arak\u0259sm\u0259l\u0259rin izolyasiyas\u0131n\u0131 yax\u015f\u0131la\u015fd\u0131rmaq \u00fc\u00e7\u00fcn faydal\u0131d\u0131r.<\/p>\n<p>T\u018fSV\u0130R\u0130<\/p>\n<p>\u0130\u015f\u0131q arak\u0259sm\u0259l\u0259rinin Vibro-FM s\u0259s izolyasiyas\u0131 Afina Milli Texniki Universitetind\u0259 apar\u0131lan t\u0259dqiqatlar \u0259sas\u0131nda istehsal edilmi\u015fdir.<\/p>\n<p>D\u00f6\u015f\u0259m\u0259 yast\u0131qlar\u0131 m\u00fcvafiq olaraq birl\u0259\u015fdiril\u0259n metal v\u0259 elastik hiss\u0259l\u0259rd\u0259n ibar\u0259tdir v\u0259 n\u0259tic\u0259d\u0259 akustik k\u00f6rp\u00fcl\u0259rin yaranmas\u0131n\u0131n qar\u015f\u0131s\u0131n\u0131 al\u0131r. Elastik hiss\u0259 maksimum s\u0259s izolyasiyas\u0131n\u0131 t\u0259min ed\u0259n x\u00fcsusi dizayn edilmi\u015f ya\u015flanmayan materialdan ibar\u0259tdir. Metal hiss\u0259l\u0259r x\u00fcsusi antikorroziya il\u0259 qorunur.<\/p>\n<p>Akustik testl\u0259r<\/p>\n<p>\u0130SO 140-6 v\u0259 ISO 717-2 Beyn\u0259lxalq Standartlar\u0131na uy\u011fun olaraq \u0391thens Milli Texniki Universitetinin Akustik Laboratoriyas\u0131nda m\u00fcst\u0259sna y\u00fcks\u0259k \u00c7\u018fK\u0130L\u018fNM\u0130\u015e \u039d\u039fR\u039c\u0391L\u0399S\u0395D T\u018fRB\u0130 S\u018fS T\u018fZYHI\u011eI S\u018fV\u0130YY\u018fS\u0130 (Ln\u2019w = 53 dB) \u00f6l\u00e7\u00fcld\u00fc. Qeyd etm\u0259k laz\u0131md\u0131r ki, Ln\u2019w yast\u0131qlar\u0131ndan istifad\u0259 edilm\u0259d\u0259n \u00f6l\u00e7\u00fcld\u00fc v\u0259 d\u0259y\u0259ri 66dB idi. Bel\u0259likl\u0259, Vibro-FM yast\u0131qlar\u0131ndan istifad\u0259 ed\u0259rk\u0259n n\u0259z\u0259r\u0259\u00e7arpacaq d\u0259r\u0259c\u0259d\u0259 13dB azalma \u0259ld\u0259 edil\u0259 bil\u0259r.<\/p>\n<p>MONTAJ<\/p>\n<p>Yast\u0131\u011f\u0131n alt zola\u011f\u0131 yer\u0259 v\u0259 ya ikinci d\u0259r\u0259c\u0259li taxta \u00e7ubuqda inox mismarla v\u0259 ya geni\u015fl\u0259ndirici boltla, astarl\u0131 taxta \u00e7ubuq is\u0259 h\u0259r t\u0259r\u0259fd\u0259n 2 mismar v\u0259 ya 1 vint istifad\u0259 ed\u0259r\u0259k yast\u0131\u011f\u0131n yuxar\u0131 zola\u011f\u0131na b\u0259rkidilir.<br \/>\nVibro-FM S\u0259s \u0130zolyasiya yastiqciqlar\u0131 taxta \u00e7ubuqlar 330 mm m\u0259saf\u0259d\u0259 yerl\u0259\u015fdirildikd\u0259, onlar\u0131n aras\u0131nda 400 mm m\u0259saf\u0259d\u0259 c\u0259rg\u0259l\u0259rl\u0259 yerl\u0259\u015fdirilm\u0259lidir.<br \/>\n\u00c7ubuqlar aras\u0131ndak\u0131 bo\u015fluq s\u0259s uducu materialla (m\u0259s\u0259l\u0259n, Rockwool) doldurulmal\u0131d\u0131r.<br \/>\nB\u00fct\u00fcn izolyasiya sisteml\u0259ri bina strukturu il\u0259 s\u0259rt birl\u0259\u015fm\u0259l\u0259rd\u0259n azad olmal\u0131d\u0131r.<br \/>\nD\u00f6\u015f\u0259m\u0259 divara qoyulmamal\u0131 v\u0259 x\u00fcsusi haz\u0131rlanm\u0131\u015f elastik profil olan Vibro-band\u0131na yerl\u0259\u015fdirilm\u0259lidir.<\/p>\n","protected":false},"featured_media":22351,"template":"","meta":[],"product_brand":[],"product_cat":[927],"product_tag":[],"class_list":{"0":"post-23707","1":"product","2":"type-product","3":"status-publish","4":"has-post-thumbnail","6":"product_cat-vibrasiya-anti-ss-kuy-akustik-az","8":"first","9":"instock","10":"shipping-taxable","11":"product-type-simple"},"yoast_head":"<!-- This site is optimized with the Yoast SEO plugin v27.1.1 - https:\/\/yoast.com\/product\/yoast-seo-wordpress\/ -->\n<title>Vibro-FM: \u0130\u015f\u0131q arak\u0259sm\u0259l\u0259rinin s\u0259s izolyasiyas\u0131 - GeoClimate.ge<\/title>\n<meta name=\"robots\" content=\"index, follow, max-snippet:-1, max-image-preview:large, max-video-preview:-1\" \/>\n<link rel=\"canonical\" href=\"https:\/\/geoclimate.ge\/az\/product\/vibro-fm-sound-insulation-of-light-partitions\/\" \/>\n<meta property=\"og:locale\" content=\"az_AZ\" \/>\n<meta property=\"og:type\" content=\"article\" \/>\n<meta property=\"og:title\" content=\"Vibro-FM: \u0130\u015f\u0131q arak\u0259sm\u0259l\u0259rinin s\u0259s izolyasiyas\u0131 - GeoClimate.ge\" \/>\n<meta property=\"og:description\" content=\"\u00dc\u00e7\u00fcn ideald\u0131r: Z\u0259rb\u0259nin s\u0259s-k\u00fcy\u00fcn\u00fcn azald\u0131lmas\u0131, taxta d\u00f6\u015f\u0259m\u0259l\u0259r v\u0259 i\u015f\u0131ql\u0131 arak\u0259sm\u0259l\u0259rin t\u0259kmill\u0259\u015fdirilmi\u015f s\u0259s izolyasiyas\u0131. M\u0259i\u015f\u0259t v\u0259 ya kommersiya t\u0259tbiql\u0259rind\u0259 istifad\u0259 edil\u0259 bil\u0259r.  T\u018fTB\u0130QL\u018fR  T\u018fS\u0130RL\u018fR\u0130N AZALMASI Taxta D\u00f6\u015f\u0259m\u0259l\u0259r \u0130\u015eIQ PARK\u018fL\u018fR\u0130N\u0130N T\u018fKM\u0130L ED\u0130LM\u0130\u015e S\u018fS \u0130COLASYASI \u0391 yeni izolyasiya sistemi, d\u00f6\u015f\u0259m\u0259 \u00f6rt\u00fcy\u00fc s\u0259s izolyatoru Vibro-FM, taxta d\u00f6\u015f\u0259m\u0259l\u0259rin t\u0259sir s\u0259sini azaltmaq \u00fc\u00e7\u00fcn i\u015fl\u0259nib haz\u0131rlanm\u0131\u015fd\u0131r. Z\u0259rb\u0259 s\u0259si, ayaq s\u0259si kimi q\u0131sa m\u00fcdd\u0259tli impulsun birba\u015fa struktura t\u0259sir etdiyi zaman yaranan s\u0259s\u0259 aiddir. Vibro-FM yast\u0131qlar\u0131 yuxar\u0131dan a\u015fa\u011f\u0131ya g\u0259l\u0259n s\u0259s-k\u00fcy\u00fcn azald\u0131lmas\u0131 \u00fc\u00e7\u00fcn faydal\u0131d\u0131r. H\u0259m\u00e7inin, onlar y\u00fcng\u00fcl arak\u0259sm\u0259l\u0259rin izolyasiyas\u0131n\u0131 yax\u015f\u0131la\u015fd\u0131rmaq \u00fc\u00e7\u00fcn faydal\u0131d\u0131r.  T\u018fSV\u0130R\u0130  \u0130\u015f\u0131q arak\u0259sm\u0259l\u0259rinin Vibro-FM s\u0259s izolyasiyas\u0131 Afina Milli Texniki Universitetind\u0259 apar\u0131lan t\u0259dqiqatlar \u0259sas\u0131nda istehsal edilmi\u015fdir.  D\u00f6\u015f\u0259m\u0259 yast\u0131qlar\u0131 m\u00fcvafiq olaraq birl\u0259\u015fdiril\u0259n metal v\u0259 elastik hiss\u0259l\u0259rd\u0259n ibar\u0259tdir v\u0259 n\u0259tic\u0259d\u0259 akustik k\u00f6rp\u00fcl\u0259rin yaranmas\u0131n\u0131n qar\u015f\u0131s\u0131n\u0131 al\u0131r. Elastik hiss\u0259 maksimum s\u0259s izolyasiyas\u0131n\u0131 t\u0259min ed\u0259n x\u00fcsusi dizayn edilmi\u015f ya\u015flanmayan materialdan ibar\u0259tdir. Metal hiss\u0259l\u0259r x\u00fcsusi antikorroziya il\u0259 qorunur.  Akustik testl\u0259r  \u0130SO 140-6 v\u0259 ISO 717-2 Beyn\u0259lxalq Standartlar\u0131na uy\u011fun olaraq \u0391thens Milli Texniki Universitetinin Akustik Laboratoriyas\u0131nda m\u00fcst\u0259sna y\u00fcks\u0259k \u00c7\u018fK\u0130L\u018fNM\u0130\u015e \u039d\u039fR\u039c\u0391L\u0399S\u0395D T\u018fRB\u0130 S\u018fS T\u018fZYHI\u011eI S\u018fV\u0130YY\u018fS\u0130 (Ln\u2019w = 53 dB) \u00f6l\u00e7\u00fcld\u00fc. Qeyd etm\u0259k laz\u0131md\u0131r ki, Ln\u2019w yast\u0131qlar\u0131ndan istifad\u0259 edilm\u0259d\u0259n \u00f6l\u00e7\u00fcld\u00fc v\u0259 d\u0259y\u0259ri 66dB idi. Bel\u0259likl\u0259, Vibro-FM yast\u0131qlar\u0131ndan istifad\u0259 ed\u0259rk\u0259n n\u0259z\u0259r\u0259\u00e7arpacaq d\u0259r\u0259c\u0259d\u0259 13dB azalma \u0259ld\u0259 edil\u0259 bil\u0259r.  MONTAJ  Yast\u0131\u011f\u0131n alt zola\u011f\u0131 yer\u0259 v\u0259 ya ikinci d\u0259r\u0259c\u0259li taxta \u00e7ubuqda inox mismarla v\u0259 ya geni\u015fl\u0259ndirici boltla, astarl\u0131 taxta \u00e7ubuq is\u0259 h\u0259r t\u0259r\u0259fd\u0259n 2 mismar v\u0259 ya 1 vint istifad\u0259 ed\u0259r\u0259k yast\u0131\u011f\u0131n yuxar\u0131 zola\u011f\u0131na b\u0259rkidilir. Vibro-FM S\u0259s \u0130zolyasiya yastiqciqlar\u0131 taxta \u00e7ubuqlar 330 mm m\u0259saf\u0259d\u0259 yerl\u0259\u015fdirildikd\u0259, onlar\u0131n aras\u0131nda 400 mm m\u0259saf\u0259d\u0259 c\u0259rg\u0259l\u0259rl\u0259 yerl\u0259\u015fdirilm\u0259lidir. \u00c7ubuqlar aras\u0131ndak\u0131 bo\u015fluq s\u0259s uducu materialla (m\u0259s\u0259l\u0259n, Rockwool) doldurulmal\u0131d\u0131r. B\u00fct\u00fcn izolyasiya sisteml\u0259ri bina strukturu il\u0259 s\u0259rt birl\u0259\u015fm\u0259l\u0259rd\u0259n azad olmal\u0131d\u0131r. D\u00f6\u015f\u0259m\u0259 divara qoyulmamal\u0131 v\u0259 x\u00fcsusi haz\u0131rlanm\u0131\u015f elastik profil olan Vibro-band\u0131na yerl\u0259\u015fdirilm\u0259lidir.\" \/>\n<meta property=\"og:url\" content=\"https:\/\/geoclimate.ge\/az\/product\/vibro-fm-sound-insulation-of-light-partitions\/\" \/>\n<meta property=\"og:site_name\" content=\"GeoClimate.ge\" \/>\n<meta property=\"article:modified_time\" content=\"2025-02-25T20:24:29+00:00\" \/>\n<meta property=\"og:image\" content=\"https:\/\/geoclimate.ge\/wp-content\/uploads\/2025\/02\/112910161833_A.jpg\" \/>\n\t<meta property=\"og:image:width\" content=\"280\" \/>\n\t<meta property=\"og:image:height\" content=\"210\" \/>\n\t<meta property=\"og:image:type\" content=\"image\/jpeg\" \/>\n<meta name=\"twitter:card\" content=\"summary_large_image\" \/>\n<script type=\"application\/ld+json\" class=\"yoast-schema-graph\">{\"@context\":\"https:\/\/schema.org\",\"@graph\":[{\"@type\":\"WebPage\",\"@id\":\"https:\/\/geoclimate.ge\/az\/product\/vibro-fm-sound-insulation-of-light-partitions\/\",\"url\":\"https:\/\/geoclimate.ge\/az\/product\/vibro-fm-sound-insulation-of-light-partitions\/\",\"name\":\"Vibro-FM: \u0130\u015f\u0131q arak\u0259sm\u0259l\u0259rinin s\u0259s izolyasiyas\u0131 - GeoClimate.ge\",\"isPartOf\":{\"@id\":\"https:\/\/geoclimate.ge\/#website\"},\"primaryImageOfPage\":{\"@id\":\"https:\/\/geoclimate.ge\/az\/product\/vibro-fm-sound-insulation-of-light-partitions\/#primaryimage\"},\"image\":{\"@id\":\"https:\/\/geoclimate.ge\/az\/product\/vibro-fm-sound-insulation-of-light-partitions\/#primaryimage\"},\"thumbnailUrl\":\"https:\/\/geoclimate.ge\/wp-content\/uploads\/2025\/02\/112910161833_A.jpg\",\"datePublished\":\"2025-02-07T15:11:51+00:00\",\"dateModified\":\"2025-02-25T20:24:29+00:00\",\"breadcrumb\":{\"@id\":\"https:\/\/geoclimate.ge\/az\/product\/vibro-fm-sound-insulation-of-light-partitions\/#breadcrumb\"},\"inLanguage\":\"az\",\"potentialAction\":[{\"@type\":\"ReadAction\",\"target\":[\"https:\/\/geoclimate.ge\/az\/product\/vibro-fm-sound-insulation-of-light-partitions\/\"]}]},{\"@type\":\"ImageObject\",\"inLanguage\":\"az\",\"@id\":\"https:\/\/geoclimate.ge\/az\/product\/vibro-fm-sound-insulation-of-light-partitions\/#primaryimage\",\"url\":\"https:\/\/geoclimate.ge\/wp-content\/uploads\/2025\/02\/112910161833_A.jpg\",\"contentUrl\":\"https:\/\/geoclimate.ge\/wp-content\/uploads\/2025\/02\/112910161833_A.jpg\",\"width\":280,\"height\":210},{\"@type\":\"BreadcrumbList\",\"@id\":\"https:\/\/geoclimate.ge\/az\/product\/vibro-fm-sound-insulation-of-light-partitions\/#breadcrumb\",\"itemListElement\":[{\"@type\":\"ListItem\",\"position\":1,\"name\":\"Home\",\"item\":\"https:\/\/geoclimate.ge\/az\/\"},{\"@type\":\"ListItem\",\"position\":2,\"name\":\"M\u0259hsullar\",\"item\":\"https:\/\/geoclimate.ge\/az\/products\/\"},{\"@type\":\"ListItem\",\"position\":3,\"name\":\"Vibro-FM: \u0130\u015f\u0131q arak\u0259sm\u0259l\u0259rinin s\u0259s izolyasiyas\u0131\"}]},{\"@type\":\"WebSite\",\"@id\":\"https:\/\/geoclimate.ge\/#website\",\"url\":\"https:\/\/geoclimate.ge\/\",\"name\":\"GeoClimate\",\"description\":\"\",\"publisher\":{\"@id\":\"https:\/\/geoclimate.ge\/#organization\"},\"potentialAction\":[{\"@type\":\"SearchAction\",\"target\":{\"@type\":\"EntryPoint\",\"urlTemplate\":\"https:\/\/geoclimate.ge\/?s={search_term_string}\"},\"query-input\":{\"@type\":\"PropertyValueSpecification\",\"valueRequired\":true,\"valueName\":\"search_term_string\"}}],\"inLanguage\":\"az\"},{\"@type\":\"Organization\",\"@id\":\"https:\/\/geoclimate.ge\/#organization\",\"name\":\"GeoClimate\",\"url\":\"https:\/\/geoclimate.ge\/\",\"logo\":{\"@type\":\"ImageObject\",\"inLanguage\":\"az\",\"@id\":\"https:\/\/geoclimate.ge\/#\/schema\/logo\/image\/\",\"url\":\"https:\/\/geoclimate.ge\/wp-content\/uploads\/2026\/03\/geoclimate-SEO.png\",\"contentUrl\":\"https:\/\/geoclimate.ge\/wp-content\/uploads\/2026\/03\/geoclimate-SEO.png\",\"width\":1536,\"height\":1024,\"caption\":\"GeoClimate\"},\"image\":{\"@id\":\"https:\/\/geoclimate.ge\/#\/schema\/logo\/image\/\"}}]}<\/script>\n<!-- \/ Yoast SEO plugin. -->","yoast_head_json":{"title":"Vibro-FM: \u0130\u015f\u0131q arak\u0259sm\u0259l\u0259rinin s\u0259s izolyasiyas\u0131 - GeoClimate.ge","robots":{"index":"index","follow":"follow","max-snippet":"max-snippet:-1","max-image-preview":"max-image-preview:large","max-video-preview":"max-video-preview:-1"},"canonical":"https:\/\/geoclimate.ge\/az\/product\/vibro-fm-sound-insulation-of-light-partitions\/","og_locale":"az_AZ","og_type":"article","og_title":"Vibro-FM: \u0130\u015f\u0131q arak\u0259sm\u0259l\u0259rinin s\u0259s izolyasiyas\u0131 - GeoClimate.ge","og_description":"\u00dc\u00e7\u00fcn ideald\u0131r: Z\u0259rb\u0259nin s\u0259s-k\u00fcy\u00fcn\u00fcn azald\u0131lmas\u0131, taxta d\u00f6\u015f\u0259m\u0259l\u0259r v\u0259 i\u015f\u0131ql\u0131 arak\u0259sm\u0259l\u0259rin t\u0259kmill\u0259\u015fdirilmi\u015f s\u0259s izolyasiyas\u0131. M\u0259i\u015f\u0259t v\u0259 ya kommersiya t\u0259tbiql\u0259rind\u0259 istifad\u0259 edil\u0259 bil\u0259r.  T\u018fTB\u0130QL\u018fR  T\u018fS\u0130RL\u018fR\u0130N AZALMASI Taxta D\u00f6\u015f\u0259m\u0259l\u0259r \u0130\u015eIQ PARK\u018fL\u018fR\u0130N\u0130N T\u018fKM\u0130L ED\u0130LM\u0130\u015e S\u018fS \u0130COLASYASI \u0391 yeni izolyasiya sistemi, d\u00f6\u015f\u0259m\u0259 \u00f6rt\u00fcy\u00fc s\u0259s izolyatoru Vibro-FM, taxta d\u00f6\u015f\u0259m\u0259l\u0259rin t\u0259sir s\u0259sini azaltmaq \u00fc\u00e7\u00fcn i\u015fl\u0259nib haz\u0131rlanm\u0131\u015fd\u0131r. Z\u0259rb\u0259 s\u0259si, ayaq s\u0259si kimi q\u0131sa m\u00fcdd\u0259tli impulsun birba\u015fa struktura t\u0259sir etdiyi zaman yaranan s\u0259s\u0259 aiddir. Vibro-FM yast\u0131qlar\u0131 yuxar\u0131dan a\u015fa\u011f\u0131ya g\u0259l\u0259n s\u0259s-k\u00fcy\u00fcn azald\u0131lmas\u0131 \u00fc\u00e7\u00fcn faydal\u0131d\u0131r. H\u0259m\u00e7inin, onlar y\u00fcng\u00fcl arak\u0259sm\u0259l\u0259rin izolyasiyas\u0131n\u0131 yax\u015f\u0131la\u015fd\u0131rmaq \u00fc\u00e7\u00fcn faydal\u0131d\u0131r.  T\u018fSV\u0130R\u0130  \u0130\u015f\u0131q arak\u0259sm\u0259l\u0259rinin Vibro-FM s\u0259s izolyasiyas\u0131 Afina Milli Texniki Universitetind\u0259 apar\u0131lan t\u0259dqiqatlar \u0259sas\u0131nda istehsal edilmi\u015fdir.  D\u00f6\u015f\u0259m\u0259 yast\u0131qlar\u0131 m\u00fcvafiq olaraq birl\u0259\u015fdiril\u0259n metal v\u0259 elastik hiss\u0259l\u0259rd\u0259n ibar\u0259tdir v\u0259 n\u0259tic\u0259d\u0259 akustik k\u00f6rp\u00fcl\u0259rin yaranmas\u0131n\u0131n qar\u015f\u0131s\u0131n\u0131 al\u0131r. Elastik hiss\u0259 maksimum s\u0259s izolyasiyas\u0131n\u0131 t\u0259min ed\u0259n x\u00fcsusi dizayn edilmi\u015f ya\u015flanmayan materialdan ibar\u0259tdir. Metal hiss\u0259l\u0259r x\u00fcsusi antikorroziya il\u0259 qorunur.  Akustik testl\u0259r  \u0130SO 140-6 v\u0259 ISO 717-2 Beyn\u0259lxalq Standartlar\u0131na uy\u011fun olaraq \u0391thens Milli Texniki Universitetinin Akustik Laboratoriyas\u0131nda m\u00fcst\u0259sna y\u00fcks\u0259k \u00c7\u018fK\u0130L\u018fNM\u0130\u015e \u039d\u039fR\u039c\u0391L\u0399S\u0395D T\u018fRB\u0130 S\u018fS T\u018fZYHI\u011eI S\u018fV\u0130YY\u018fS\u0130 (Ln\u2019w = 53 dB) \u00f6l\u00e7\u00fcld\u00fc. Qeyd etm\u0259k laz\u0131md\u0131r ki, Ln\u2019w yast\u0131qlar\u0131ndan istifad\u0259 edilm\u0259d\u0259n \u00f6l\u00e7\u00fcld\u00fc v\u0259 d\u0259y\u0259ri 66dB idi. Bel\u0259likl\u0259, Vibro-FM yast\u0131qlar\u0131ndan istifad\u0259 ed\u0259rk\u0259n n\u0259z\u0259r\u0259\u00e7arpacaq d\u0259r\u0259c\u0259d\u0259 13dB azalma \u0259ld\u0259 edil\u0259 bil\u0259r.  MONTAJ  Yast\u0131\u011f\u0131n alt zola\u011f\u0131 yer\u0259 v\u0259 ya ikinci d\u0259r\u0259c\u0259li taxta \u00e7ubuqda inox mismarla v\u0259 ya geni\u015fl\u0259ndirici boltla, astarl\u0131 taxta \u00e7ubuq is\u0259 h\u0259r t\u0259r\u0259fd\u0259n 2 mismar v\u0259 ya 1 vint istifad\u0259 ed\u0259r\u0259k yast\u0131\u011f\u0131n yuxar\u0131 zola\u011f\u0131na b\u0259rkidilir. Vibro-FM S\u0259s \u0130zolyasiya yastiqciqlar\u0131 taxta \u00e7ubuqlar 330 mm m\u0259saf\u0259d\u0259 yerl\u0259\u015fdirildikd\u0259, onlar\u0131n aras\u0131nda 400 mm m\u0259saf\u0259d\u0259 c\u0259rg\u0259l\u0259rl\u0259 yerl\u0259\u015fdirilm\u0259lidir. \u00c7ubuqlar aras\u0131ndak\u0131 bo\u015fluq s\u0259s uducu materialla (m\u0259s\u0259l\u0259n, Rockwool) doldurulmal\u0131d\u0131r. B\u00fct\u00fcn izolyasiya sisteml\u0259ri bina strukturu il\u0259 s\u0259rt birl\u0259\u015fm\u0259l\u0259rd\u0259n azad olmal\u0131d\u0131r. D\u00f6\u015f\u0259m\u0259 divara qoyulmamal\u0131 v\u0259 x\u00fcsusi haz\u0131rlanm\u0131\u015f elastik profil olan Vibro-band\u0131na yerl\u0259\u015fdirilm\u0259lidir.","og_url":"https:\/\/geoclimate.ge\/az\/product\/vibro-fm-sound-insulation-of-light-partitions\/","og_site_name":"GeoClimate.ge","article_modified_time":"2025-02-25T20:24:29+00:00","og_image":[{"width":280,"height":210,"url":"https:\/\/geoclimate.ge\/wp-content\/uploads\/2025\/02\/112910161833_A.jpg","type":"image\/jpeg"}],"twitter_card":"summary_large_image","schema":{"@context":"https:\/\/schema.org","@graph":[{"@type":"WebPage","@id":"https:\/\/geoclimate.ge\/az\/product\/vibro-fm-sound-insulation-of-light-partitions\/","url":"https:\/\/geoclimate.ge\/az\/product\/vibro-fm-sound-insulation-of-light-partitions\/","name":"Vibro-FM: \u0130\u015f\u0131q arak\u0259sm\u0259l\u0259rinin s\u0259s izolyasiyas\u0131 - GeoClimate.ge","isPartOf":{"@id":"https:\/\/geoclimate.ge\/#website"},"primaryImageOfPage":{"@id":"https:\/\/geoclimate.ge\/az\/product\/vibro-fm-sound-insulation-of-light-partitions\/#primaryimage"},"image":{"@id":"https:\/\/geoclimate.ge\/az\/product\/vibro-fm-sound-insulation-of-light-partitions\/#primaryimage"},"thumbnailUrl":"https:\/\/geoclimate.ge\/wp-content\/uploads\/2025\/02\/112910161833_A.jpg","datePublished":"2025-02-07T15:11:51+00:00","dateModified":"2025-02-25T20:24:29+00:00","breadcrumb":{"@id":"https:\/\/geoclimate.ge\/az\/product\/vibro-fm-sound-insulation-of-light-partitions\/#breadcrumb"},"inLanguage":"az","potentialAction":[{"@type":"ReadAction","target":["https:\/\/geoclimate.ge\/az\/product\/vibro-fm-sound-insulation-of-light-partitions\/"]}]},{"@type":"ImageObject","inLanguage":"az","@id":"https:\/\/geoclimate.ge\/az\/product\/vibro-fm-sound-insulation-of-light-partitions\/#primaryimage","url":"https:\/\/geoclimate.ge\/wp-content\/uploads\/2025\/02\/112910161833_A.jpg","contentUrl":"https:\/\/geoclimate.ge\/wp-content\/uploads\/2025\/02\/112910161833_A.jpg","width":280,"height":210},{"@type":"BreadcrumbList","@id":"https:\/\/geoclimate.ge\/az\/product\/vibro-fm-sound-insulation-of-light-partitions\/#breadcrumb","itemListElement":[{"@type":"ListItem","position":1,"name":"Home","item":"https:\/\/geoclimate.ge\/az\/"},{"@type":"ListItem","position":2,"name":"M\u0259hsullar","item":"https:\/\/geoclimate.ge\/az\/products\/"},{"@type":"ListItem","position":3,"name":"Vibro-FM: \u0130\u015f\u0131q arak\u0259sm\u0259l\u0259rinin s\u0259s izolyasiyas\u0131"}]},{"@type":"WebSite","@id":"https:\/\/geoclimate.ge\/#website","url":"https:\/\/geoclimate.ge\/","name":"GeoClimate","description":"","publisher":{"@id":"https:\/\/geoclimate.ge\/#organization"},"potentialAction":[{"@type":"SearchAction","target":{"@type":"EntryPoint","urlTemplate":"https:\/\/geoclimate.ge\/?s={search_term_string}"},"query-input":{"@type":"PropertyValueSpecification","valueRequired":true,"valueName":"search_term_string"}}],"inLanguage":"az"},{"@type":"Organization","@id":"https:\/\/geoclimate.ge\/#organization","name":"GeoClimate","url":"https:\/\/geoclimate.ge\/","logo":{"@type":"ImageObject","inLanguage":"az","@id":"https:\/\/geoclimate.ge\/#\/schema\/logo\/image\/","url":"https:\/\/geoclimate.ge\/wp-content\/uploads\/2026\/03\/geoclimate-SEO.png","contentUrl":"https:\/\/geoclimate.ge\/wp-content\/uploads\/2026\/03\/geoclimate-SEO.png","width":1536,"height":1024,"caption":"GeoClimate"},"image":{"@id":"https:\/\/geoclimate.ge\/#\/schema\/logo\/image\/"}}]}},"_links":{"self":[{"href":"https:\/\/geoclimate.ge\/az\/wp-json\/wp\/v2\/product\/23707","targetHints":{"allow":["GET"]}}],"collection":[{"href":"https:\/\/geoclimate.ge\/az\/wp-json\/wp\/v2\/product"}],"about":[{"href":"https:\/\/geoclimate.ge\/az\/wp-json\/wp\/v2\/types\/product"}],"wp:featuredmedia":[{"embeddable":true,"href":"https:\/\/geoclimate.ge\/az\/wp-json\/wp\/v2\/media\/22351"}],"wp:attachment":[{"href":"https:\/\/geoclimate.ge\/az\/wp-json\/wp\/v2\/media?parent=23707"}],"wp:term":[{"taxonomy":"product_brand","embeddable":true,"href":"https:\/\/geoclimate.ge\/az\/wp-json\/wp\/v2\/product_brand?post=23707"},{"taxonomy":"product_cat","embeddable":true,"href":"https:\/\/geoclimate.ge\/az\/wp-json\/wp\/v2\/product_cat?post=23707"},{"taxonomy":"product_tag","embeddable":true,"href":"https:\/\/geoclimate.ge\/az\/wp-json\/wp\/v2\/product_tag?post=23707"}],"curies":[{"name":"wp","href":"https:\/\/api.w.org\/{rel}","templated":true}]}}