{"id":23714,"date":"2025-02-07T18:37:49","date_gmt":"2025-02-07T14:37:49","guid":{"rendered":"https:\/\/airsystems.ge\/shop\/product\/vibro-sh-f-vibration-isolation-of-low-and-high-frequencies\/"},"modified":"2025-02-26T00:24:29","modified_gmt":"2025-02-25T20:24:29","slug":"vibro-sh-f-vibration-isolation-of-low-and-high-frequencies","status":"publish","type":"product","link":"https:\/\/geoclimate.ge\/az\/product\/vibro-sh-f-vibration-isolation-of-low-and-high-frequencies\/","title":{"rendered":"Vibro-SH.F: A\u015fa\u011f\u0131 v\u0259 y\u00fcks\u0259k tezlikl\u0259rin vibrasiya izolyasiyas\u0131"},"content":{"rendered":"<p><a class=\"swipebox\" title=\"Vibro-SH.F Selection Table\" href=\"https:\/\/antivibration-systems.com\/wp-content\/uploads\/2012\/10\/Vibro-SH.F-Selection-Table.jpg\" data-rel=\"lightbox-gallery-bGlnaHRib3gtZ2FsbGVyeS0w\" data-rl_title=\"Vibro-SH.F Selection Table\" data-rl_caption=\"\"><img loading=\"lazy\" decoding=\"async\" class=\"aligncenter wp-image-10744\" src=\"https:\/\/antivibration-systems.com\/wp-content\/uploads\/2012\/10\/Vibro-SH.F-Selection-Table.jpg\" alt=\"Selection Table Vibro-SH.F\" width=\"508\" height=\"217\" \/><\/a><\/p>\n","protected":false},"excerpt":{"rendered":"<p>\u0130nsan qula\u011f\u0131n\u0131n e\u015fitdiyi a\u015fa\u011f\u0131 v\u0259 y\u00fcks\u0259k tezlikl\u0259rin daha yax\u015f\u0131 vibrasiya izolyasiyas\u0131 \u00fc\u00e7\u00fcn metal yay il\u0259 x\u00fcsusi rezin birl\u0259\u015fm\u0259si<\/p>\n<p>T\u018fSV\u0130R\u0130<\/p>\n<p>Vibro-SH.F A\u015fa\u011f\u0131 v\u0259 Y\u00fcks\u0259k Tezlikl\u0259rin Vibrasiya \u0130zolyatoru y\u00fcks\u0259k keyfiyy\u0259tli poliuretan h\u00fcceyr\u0259 k\u00f6p\u00fcy\u00fc (Regufoam\u00ae) v\u0259 insan e\u015fitm\u0259 spektri daxilind\u0259 \u00e7ox geni\u015f vibrasiya tezlikl\u0259rini t\u0259crid etm\u0259k \u00fc\u00e7\u00fcn x\u00fcsusi olaraq haz\u0131rlanm\u0131\u015f metal yay\u0131n birl\u0259\u015fm\u0259sidir.<\/p>\n<p>Vibro-SH.F a\u015fa\u011f\u0131dak\u0131lardan ibar\u0259tdir:<\/p>\n<p>Boyal\u0131 bitirm\u0259 v\u0259 ya sinkl\u0259nmi\u015f qoruma il\u0259 polad \u00e7\u0259r\u00e7iv\u0259.<br \/>\nDIN standart\u0131na uy\u011fun sinkl\u0259nmi\u015f \u00f6rt\u00fckl\u00fc polad yay.<br \/>\nYay\u0131n h\u0259r\u0259k\u0259tinin qar\u015f\u0131s\u0131n\u0131 almaq \u00fc\u00e7\u00fcn polad fincan.<br \/>\nKau\u00e7uk element (yar\u0131 qapal\u0131 h\u00fcceyr\u0259l\u0259ri olan poliuretan k\u00f6p\u00fck).<br \/>\nT\u0259hl\u00fck\u0259sizlik qozu il\u0259 \u00e7ubuq (ist\u0259k \u0259sas\u0131nda).<br \/>\nMetal \u00e7\u0259r\u00e7iv\u0259 il\u0259 t\u0259mas etm\u0259d\u0259n 30 d\u0259r\u0259c\u0259y\u0259 q\u0259d\u0259r a\u00e7\u0131sal uy\u011funsuzluq qabiliyy\u0259ti.<br \/>\n\u018fvv\u0259lc\u0259d\u0259n y\u00fckl\u0259m\u0259 d\u0259sti (ist\u0259k \u0259sas\u0131nda).<br \/>\nT\u018fTB\u0130QL\u018fR<\/p>\n<p>S\u0259s izolyasiyas\u0131 Tavan Ask\u0131s\u0131 (al\u00e7\u0131pan il\u0259 asma tavan)<br \/>\nMa\u015f\u0131nlar \u00fc\u00e7\u00fcn vibrasiya \u0259leyhin\u0259 as\u0131lqan<br \/>\nBorular\u0131n, hava kanallar\u0131n\u0131n, dinamikl\u0259rin vibrasiya izolyasiyas\u0131 v\u0259 s.<br \/>\nD\u0130NAM\u0130K X\u00dcSUS\u0130YY\u018fTL\u018fR<\/p>\n<p>Maksimum y\u00fckd\u0259 t\u0259bii tezlik 3 Hz.<br \/>\nMaksimum y\u00fckd\u0259 t\u0259xmin\u0259n 25 mm statik \u0259yilm\u0259.<\/p>\n<p>MONTAJ<\/p>\n<p>1. R\u0259ng kodlu yaylardan v\u0259 ya identifikasiya kimi etiketl\u0259m\u0259d\u0259n istifad\u0259 ed\u0259r\u0259k, h\u0259r bir Vibro-SH.F vibrasiya izolyatorunu submital r\u0259sm\u0259 uy\u011fun olaraq yerl\u0259\u015fdirin.<br \/>\n2. \u0130zolyatorlar aras\u0131nda d\u00fczg\u00fcn m\u0259saf\u0259y\u0259 nail olmaq \u00fc\u00e7\u00fcn Vibro-SH.F yayl\u0131 as\u0131lqan\u0131n\u0131 yuxar\u0131 tavana etibarl\u0131 \u015f\u0259kild\u0259 b\u0259rkidin.<br \/>\n3. Y\u00fck\u00fc sring izolyatorlar\u0131 aras\u0131nda b\u0259rab\u0259r paylamaq \u00fc\u00e7\u00fcn m\u00fcvafiq s\u0259viyy\u0259ni d\u00fcz\u0259ltm\u0259k \u00fc\u00e7\u00fcn \u00e7ubu\u011fu t\u0259nziml\u0259yin.<br \/>\n4. Asma tavan\u0131n metal \u00e7\u0259r\u00e7iv\u0259sin\u0259 adekvat uy\u011funlu\u011funu yoxlay\u0131n.<\/p>\n","protected":false},"featured_media":22323,"template":"","meta":[],"product_brand":[],"product_cat":[927],"product_tag":[],"class_list":{"0":"post-23714","1":"product","2":"type-product","3":"status-publish","4":"has-post-thumbnail","6":"product_cat-vibrasiya-anti-ss-kuy-akustik-az","8":"first","9":"instock","10":"shipping-taxable","11":"product-type-simple"},"yoast_head":"<!-- This site is optimized with the Yoast SEO plugin v27.1.1 - https:\/\/yoast.com\/product\/yoast-seo-wordpress\/ -->\n<title>Vibro-SH.F: A\u015fa\u011f\u0131 v\u0259 y\u00fcks\u0259k tezlikl\u0259rin vibrasiya izolyasiyas\u0131 - GeoClimate.ge<\/title>\n<meta name=\"robots\" content=\"index, follow, max-snippet:-1, max-image-preview:large, max-video-preview:-1\" \/>\n<link rel=\"canonical\" href=\"https:\/\/geoclimate.ge\/az\/product\/vibro-sh-f-vibration-isolation-of-low-and-high-frequencies\/\" \/>\n<meta property=\"og:locale\" content=\"az_AZ\" \/>\n<meta property=\"og:type\" content=\"article\" \/>\n<meta property=\"og:title\" content=\"Vibro-SH.F: A\u015fa\u011f\u0131 v\u0259 y\u00fcks\u0259k tezlikl\u0259rin vibrasiya izolyasiyas\u0131 - GeoClimate.ge\" \/>\n<meta property=\"og:description\" content=\"\u0130nsan qula\u011f\u0131n\u0131n e\u015fitdiyi a\u015fa\u011f\u0131 v\u0259 y\u00fcks\u0259k tezlikl\u0259rin daha yax\u015f\u0131 vibrasiya izolyasiyas\u0131 \u00fc\u00e7\u00fcn metal yay il\u0259 x\u00fcsusi rezin birl\u0259\u015fm\u0259si  T\u018fSV\u0130R\u0130  Vibro-SH.F A\u015fa\u011f\u0131 v\u0259 Y\u00fcks\u0259k Tezlikl\u0259rin Vibrasiya \u0130zolyatoru y\u00fcks\u0259k keyfiyy\u0259tli poliuretan h\u00fcceyr\u0259 k\u00f6p\u00fcy\u00fc (Regufoam\u00ae) v\u0259 insan e\u015fitm\u0259 spektri daxilind\u0259 \u00e7ox geni\u015f vibrasiya tezlikl\u0259rini t\u0259crid etm\u0259k \u00fc\u00e7\u00fcn x\u00fcsusi olaraq haz\u0131rlanm\u0131\u015f metal yay\u0131n birl\u0259\u015fm\u0259sidir.  Vibro-SH.F a\u015fa\u011f\u0131dak\u0131lardan ibar\u0259tdir:  Boyal\u0131 bitirm\u0259 v\u0259 ya sinkl\u0259nmi\u015f qoruma il\u0259 polad \u00e7\u0259r\u00e7iv\u0259. DIN standart\u0131na uy\u011fun sinkl\u0259nmi\u015f \u00f6rt\u00fckl\u00fc polad yay. Yay\u0131n h\u0259r\u0259k\u0259tinin qar\u015f\u0131s\u0131n\u0131 almaq \u00fc\u00e7\u00fcn polad fincan. Kau\u00e7uk element (yar\u0131 qapal\u0131 h\u00fcceyr\u0259l\u0259ri olan poliuretan k\u00f6p\u00fck). T\u0259hl\u00fck\u0259sizlik qozu il\u0259 \u00e7ubuq (ist\u0259k \u0259sas\u0131nda). Metal \u00e7\u0259r\u00e7iv\u0259 il\u0259 t\u0259mas etm\u0259d\u0259n 30 d\u0259r\u0259c\u0259y\u0259 q\u0259d\u0259r a\u00e7\u0131sal uy\u011funsuzluq qabiliyy\u0259ti. \u018fvv\u0259lc\u0259d\u0259n y\u00fckl\u0259m\u0259 d\u0259sti (ist\u0259k \u0259sas\u0131nda). T\u018fTB\u0130QL\u018fR  S\u0259s izolyasiyas\u0131 Tavan Ask\u0131s\u0131 (al\u00e7\u0131pan il\u0259 asma tavan) Ma\u015f\u0131nlar \u00fc\u00e7\u00fcn vibrasiya \u0259leyhin\u0259 as\u0131lqan Borular\u0131n, hava kanallar\u0131n\u0131n, dinamikl\u0259rin vibrasiya izolyasiyas\u0131 v\u0259 s. D\u0130NAM\u0130K X\u00dcSUS\u0130YY\u018fTL\u018fR  Maksimum y\u00fckd\u0259 t\u0259bii tezlik 3 Hz. Maksimum y\u00fckd\u0259 t\u0259xmin\u0259n 25 mm statik \u0259yilm\u0259.  MONTAJ  1. R\u0259ng kodlu yaylardan v\u0259 ya identifikasiya kimi etiketl\u0259m\u0259d\u0259n istifad\u0259 ed\u0259r\u0259k, h\u0259r bir Vibro-SH.F vibrasiya izolyatorunu submital r\u0259sm\u0259 uy\u011fun olaraq yerl\u0259\u015fdirin. 2. \u0130zolyatorlar aras\u0131nda d\u00fczg\u00fcn m\u0259saf\u0259y\u0259 nail olmaq \u00fc\u00e7\u00fcn Vibro-SH.F yayl\u0131 as\u0131lqan\u0131n\u0131 yuxar\u0131 tavana etibarl\u0131 \u015f\u0259kild\u0259 b\u0259rkidin. 3. Y\u00fck\u00fc sring izolyatorlar\u0131 aras\u0131nda b\u0259rab\u0259r paylamaq \u00fc\u00e7\u00fcn m\u00fcvafiq s\u0259viyy\u0259ni d\u00fcz\u0259ltm\u0259k \u00fc\u00e7\u00fcn \u00e7ubu\u011fu t\u0259nziml\u0259yin. 4. Asma tavan\u0131n metal \u00e7\u0259r\u00e7iv\u0259sin\u0259 adekvat uy\u011funlu\u011funu yoxlay\u0131n.\" \/>\n<meta property=\"og:url\" content=\"https:\/\/geoclimate.ge\/az\/product\/vibro-sh-f-vibration-isolation-of-low-and-high-frequencies\/\" \/>\n<meta property=\"og:site_name\" content=\"GeoClimate.ge\" \/>\n<meta property=\"article:modified_time\" content=\"2025-02-25T20:24:29+00:00\" \/>\n<meta property=\"og:image\" content=\"https:\/\/geoclimate.ge\/wp-content\/uploads\/2025\/02\/080311155146_B.jpg\" \/>\n\t<meta property=\"og:image:width\" content=\"720\" \/>\n\t<meta property=\"og:image:height\" content=\"480\" \/>\n\t<meta property=\"og:image:type\" content=\"image\/jpeg\" \/>\n<meta name=\"twitter:card\" content=\"summary_large_image\" \/>\n<script type=\"application\/ld+json\" class=\"yoast-schema-graph\">{\"@context\":\"https:\/\/schema.org\",\"@graph\":[{\"@type\":\"WebPage\",\"@id\":\"https:\/\/geoclimate.ge\/az\/product\/vibro-sh-f-vibration-isolation-of-low-and-high-frequencies\/\",\"url\":\"https:\/\/geoclimate.ge\/az\/product\/vibro-sh-f-vibration-isolation-of-low-and-high-frequencies\/\",\"name\":\"Vibro-SH.F: A\u015fa\u011f\u0131 v\u0259 y\u00fcks\u0259k tezlikl\u0259rin vibrasiya izolyasiyas\u0131 - GeoClimate.ge\",\"isPartOf\":{\"@id\":\"https:\/\/geoclimate.ge\/#website\"},\"primaryImageOfPage\":{\"@id\":\"https:\/\/geoclimate.ge\/az\/product\/vibro-sh-f-vibration-isolation-of-low-and-high-frequencies\/#primaryimage\"},\"image\":{\"@id\":\"https:\/\/geoclimate.ge\/az\/product\/vibro-sh-f-vibration-isolation-of-low-and-high-frequencies\/#primaryimage\"},\"thumbnailUrl\":\"https:\/\/geoclimate.ge\/wp-content\/uploads\/2025\/02\/080311155146_B.jpg\",\"datePublished\":\"2025-02-07T14:37:49+00:00\",\"dateModified\":\"2025-02-25T20:24:29+00:00\",\"breadcrumb\":{\"@id\":\"https:\/\/geoclimate.ge\/az\/product\/vibro-sh-f-vibration-isolation-of-low-and-high-frequencies\/#breadcrumb\"},\"inLanguage\":\"az\",\"potentialAction\":[{\"@type\":\"ReadAction\",\"target\":[\"https:\/\/geoclimate.ge\/az\/product\/vibro-sh-f-vibration-isolation-of-low-and-high-frequencies\/\"]}]},{\"@type\":\"ImageObject\",\"inLanguage\":\"az\",\"@id\":\"https:\/\/geoclimate.ge\/az\/product\/vibro-sh-f-vibration-isolation-of-low-and-high-frequencies\/#primaryimage\",\"url\":\"https:\/\/geoclimate.ge\/wp-content\/uploads\/2025\/02\/080311155146_B.jpg\",\"contentUrl\":\"https:\/\/geoclimate.ge\/wp-content\/uploads\/2025\/02\/080311155146_B.jpg\",\"width\":720,\"height\":480},{\"@type\":\"BreadcrumbList\",\"@id\":\"https:\/\/geoclimate.ge\/az\/product\/vibro-sh-f-vibration-isolation-of-low-and-high-frequencies\/#breadcrumb\",\"itemListElement\":[{\"@type\":\"ListItem\",\"position\":1,\"name\":\"Home\",\"item\":\"https:\/\/geoclimate.ge\/az\/\"},{\"@type\":\"ListItem\",\"position\":2,\"name\":\"M\u0259hsullar\",\"item\":\"https:\/\/geoclimate.ge\/az\/products\/\"},{\"@type\":\"ListItem\",\"position\":3,\"name\":\"Vibro-SH.F: A\u015fa\u011f\u0131 v\u0259 y\u00fcks\u0259k tezlikl\u0259rin vibrasiya izolyasiyas\u0131\"}]},{\"@type\":\"WebSite\",\"@id\":\"https:\/\/geoclimate.ge\/#website\",\"url\":\"https:\/\/geoclimate.ge\/\",\"name\":\"GeoClimate\",\"description\":\"\",\"publisher\":{\"@id\":\"https:\/\/geoclimate.ge\/#organization\"},\"potentialAction\":[{\"@type\":\"SearchAction\",\"target\":{\"@type\":\"EntryPoint\",\"urlTemplate\":\"https:\/\/geoclimate.ge\/?s={search_term_string}\"},\"query-input\":{\"@type\":\"PropertyValueSpecification\",\"valueRequired\":true,\"valueName\":\"search_term_string\"}}],\"inLanguage\":\"az\"},{\"@type\":\"Organization\",\"@id\":\"https:\/\/geoclimate.ge\/#organization\",\"name\":\"GeoClimate\",\"url\":\"https:\/\/geoclimate.ge\/\",\"logo\":{\"@type\":\"ImageObject\",\"inLanguage\":\"az\",\"@id\":\"https:\/\/geoclimate.ge\/#\/schema\/logo\/image\/\",\"url\":\"https:\/\/geoclimate.ge\/wp-content\/uploads\/2026\/03\/geoclimate-SEO.png\",\"contentUrl\":\"https:\/\/geoclimate.ge\/wp-content\/uploads\/2026\/03\/geoclimate-SEO.png\",\"width\":1536,\"height\":1024,\"caption\":\"GeoClimate\"},\"image\":{\"@id\":\"https:\/\/geoclimate.ge\/#\/schema\/logo\/image\/\"}}]}<\/script>\n<!-- \/ Yoast SEO plugin. -->","yoast_head_json":{"title":"Vibro-SH.F: A\u015fa\u011f\u0131 v\u0259 y\u00fcks\u0259k tezlikl\u0259rin vibrasiya izolyasiyas\u0131 - GeoClimate.ge","robots":{"index":"index","follow":"follow","max-snippet":"max-snippet:-1","max-image-preview":"max-image-preview:large","max-video-preview":"max-video-preview:-1"},"canonical":"https:\/\/geoclimate.ge\/az\/product\/vibro-sh-f-vibration-isolation-of-low-and-high-frequencies\/","og_locale":"az_AZ","og_type":"article","og_title":"Vibro-SH.F: A\u015fa\u011f\u0131 v\u0259 y\u00fcks\u0259k tezlikl\u0259rin vibrasiya izolyasiyas\u0131 - GeoClimate.ge","og_description":"\u0130nsan qula\u011f\u0131n\u0131n e\u015fitdiyi a\u015fa\u011f\u0131 v\u0259 y\u00fcks\u0259k tezlikl\u0259rin daha yax\u015f\u0131 vibrasiya izolyasiyas\u0131 \u00fc\u00e7\u00fcn metal yay il\u0259 x\u00fcsusi rezin birl\u0259\u015fm\u0259si  T\u018fSV\u0130R\u0130  Vibro-SH.F A\u015fa\u011f\u0131 v\u0259 Y\u00fcks\u0259k Tezlikl\u0259rin Vibrasiya \u0130zolyatoru y\u00fcks\u0259k keyfiyy\u0259tli poliuretan h\u00fcceyr\u0259 k\u00f6p\u00fcy\u00fc (Regufoam\u00ae) v\u0259 insan e\u015fitm\u0259 spektri daxilind\u0259 \u00e7ox geni\u015f vibrasiya tezlikl\u0259rini t\u0259crid etm\u0259k \u00fc\u00e7\u00fcn x\u00fcsusi olaraq haz\u0131rlanm\u0131\u015f metal yay\u0131n birl\u0259\u015fm\u0259sidir.  Vibro-SH.F a\u015fa\u011f\u0131dak\u0131lardan ibar\u0259tdir:  Boyal\u0131 bitirm\u0259 v\u0259 ya sinkl\u0259nmi\u015f qoruma il\u0259 polad \u00e7\u0259r\u00e7iv\u0259. DIN standart\u0131na uy\u011fun sinkl\u0259nmi\u015f \u00f6rt\u00fckl\u00fc polad yay. Yay\u0131n h\u0259r\u0259k\u0259tinin qar\u015f\u0131s\u0131n\u0131 almaq \u00fc\u00e7\u00fcn polad fincan. Kau\u00e7uk element (yar\u0131 qapal\u0131 h\u00fcceyr\u0259l\u0259ri olan poliuretan k\u00f6p\u00fck). T\u0259hl\u00fck\u0259sizlik qozu il\u0259 \u00e7ubuq (ist\u0259k \u0259sas\u0131nda). Metal \u00e7\u0259r\u00e7iv\u0259 il\u0259 t\u0259mas etm\u0259d\u0259n 30 d\u0259r\u0259c\u0259y\u0259 q\u0259d\u0259r a\u00e7\u0131sal uy\u011funsuzluq qabiliyy\u0259ti. \u018fvv\u0259lc\u0259d\u0259n y\u00fckl\u0259m\u0259 d\u0259sti (ist\u0259k \u0259sas\u0131nda). T\u018fTB\u0130QL\u018fR  S\u0259s izolyasiyas\u0131 Tavan Ask\u0131s\u0131 (al\u00e7\u0131pan il\u0259 asma tavan) Ma\u015f\u0131nlar \u00fc\u00e7\u00fcn vibrasiya \u0259leyhin\u0259 as\u0131lqan Borular\u0131n, hava kanallar\u0131n\u0131n, dinamikl\u0259rin vibrasiya izolyasiyas\u0131 v\u0259 s. D\u0130NAM\u0130K X\u00dcSUS\u0130YY\u018fTL\u018fR  Maksimum y\u00fckd\u0259 t\u0259bii tezlik 3 Hz. Maksimum y\u00fckd\u0259 t\u0259xmin\u0259n 25 mm statik \u0259yilm\u0259.  MONTAJ  1. R\u0259ng kodlu yaylardan v\u0259 ya identifikasiya kimi etiketl\u0259m\u0259d\u0259n istifad\u0259 ed\u0259r\u0259k, h\u0259r bir Vibro-SH.F vibrasiya izolyatorunu submital r\u0259sm\u0259 uy\u011fun olaraq yerl\u0259\u015fdirin. 2. \u0130zolyatorlar aras\u0131nda d\u00fczg\u00fcn m\u0259saf\u0259y\u0259 nail olmaq \u00fc\u00e7\u00fcn Vibro-SH.F yayl\u0131 as\u0131lqan\u0131n\u0131 yuxar\u0131 tavana etibarl\u0131 \u015f\u0259kild\u0259 b\u0259rkidin. 3. Y\u00fck\u00fc sring izolyatorlar\u0131 aras\u0131nda b\u0259rab\u0259r paylamaq \u00fc\u00e7\u00fcn m\u00fcvafiq s\u0259viyy\u0259ni d\u00fcz\u0259ltm\u0259k \u00fc\u00e7\u00fcn \u00e7ubu\u011fu t\u0259nziml\u0259yin. 4. Asma tavan\u0131n metal \u00e7\u0259r\u00e7iv\u0259sin\u0259 adekvat uy\u011funlu\u011funu yoxlay\u0131n.","og_url":"https:\/\/geoclimate.ge\/az\/product\/vibro-sh-f-vibration-isolation-of-low-and-high-frequencies\/","og_site_name":"GeoClimate.ge","article_modified_time":"2025-02-25T20:24:29+00:00","og_image":[{"width":720,"height":480,"url":"https:\/\/geoclimate.ge\/wp-content\/uploads\/2025\/02\/080311155146_B.jpg","type":"image\/jpeg"}],"twitter_card":"summary_large_image","schema":{"@context":"https:\/\/schema.org","@graph":[{"@type":"WebPage","@id":"https:\/\/geoclimate.ge\/az\/product\/vibro-sh-f-vibration-isolation-of-low-and-high-frequencies\/","url":"https:\/\/geoclimate.ge\/az\/product\/vibro-sh-f-vibration-isolation-of-low-and-high-frequencies\/","name":"Vibro-SH.F: A\u015fa\u011f\u0131 v\u0259 y\u00fcks\u0259k tezlikl\u0259rin vibrasiya izolyasiyas\u0131 - GeoClimate.ge","isPartOf":{"@id":"https:\/\/geoclimate.ge\/#website"},"primaryImageOfPage":{"@id":"https:\/\/geoclimate.ge\/az\/product\/vibro-sh-f-vibration-isolation-of-low-and-high-frequencies\/#primaryimage"},"image":{"@id":"https:\/\/geoclimate.ge\/az\/product\/vibro-sh-f-vibration-isolation-of-low-and-high-frequencies\/#primaryimage"},"thumbnailUrl":"https:\/\/geoclimate.ge\/wp-content\/uploads\/2025\/02\/080311155146_B.jpg","datePublished":"2025-02-07T14:37:49+00:00","dateModified":"2025-02-25T20:24:29+00:00","breadcrumb":{"@id":"https:\/\/geoclimate.ge\/az\/product\/vibro-sh-f-vibration-isolation-of-low-and-high-frequencies\/#breadcrumb"},"inLanguage":"az","potentialAction":[{"@type":"ReadAction","target":["https:\/\/geoclimate.ge\/az\/product\/vibro-sh-f-vibration-isolation-of-low-and-high-frequencies\/"]}]},{"@type":"ImageObject","inLanguage":"az","@id":"https:\/\/geoclimate.ge\/az\/product\/vibro-sh-f-vibration-isolation-of-low-and-high-frequencies\/#primaryimage","url":"https:\/\/geoclimate.ge\/wp-content\/uploads\/2025\/02\/080311155146_B.jpg","contentUrl":"https:\/\/geoclimate.ge\/wp-content\/uploads\/2025\/02\/080311155146_B.jpg","width":720,"height":480},{"@type":"BreadcrumbList","@id":"https:\/\/geoclimate.ge\/az\/product\/vibro-sh-f-vibration-isolation-of-low-and-high-frequencies\/#breadcrumb","itemListElement":[{"@type":"ListItem","position":1,"name":"Home","item":"https:\/\/geoclimate.ge\/az\/"},{"@type":"ListItem","position":2,"name":"M\u0259hsullar","item":"https:\/\/geoclimate.ge\/az\/products\/"},{"@type":"ListItem","position":3,"name":"Vibro-SH.F: A\u015fa\u011f\u0131 v\u0259 y\u00fcks\u0259k tezlikl\u0259rin vibrasiya izolyasiyas\u0131"}]},{"@type":"WebSite","@id":"https:\/\/geoclimate.ge\/#website","url":"https:\/\/geoclimate.ge\/","name":"GeoClimate","description":"","publisher":{"@id":"https:\/\/geoclimate.ge\/#organization"},"potentialAction":[{"@type":"SearchAction","target":{"@type":"EntryPoint","urlTemplate":"https:\/\/geoclimate.ge\/?s={search_term_string}"},"query-input":{"@type":"PropertyValueSpecification","valueRequired":true,"valueName":"search_term_string"}}],"inLanguage":"az"},{"@type":"Organization","@id":"https:\/\/geoclimate.ge\/#organization","name":"GeoClimate","url":"https:\/\/geoclimate.ge\/","logo":{"@type":"ImageObject","inLanguage":"az","@id":"https:\/\/geoclimate.ge\/#\/schema\/logo\/image\/","url":"https:\/\/geoclimate.ge\/wp-content\/uploads\/2026\/03\/geoclimate-SEO.png","contentUrl":"https:\/\/geoclimate.ge\/wp-content\/uploads\/2026\/03\/geoclimate-SEO.png","width":1536,"height":1024,"caption":"GeoClimate"},"image":{"@id":"https:\/\/geoclimate.ge\/#\/schema\/logo\/image\/"}}]}},"_links":{"self":[{"href":"https:\/\/geoclimate.ge\/az\/wp-json\/wp\/v2\/product\/23714","targetHints":{"allow":["GET"]}}],"collection":[{"href":"https:\/\/geoclimate.ge\/az\/wp-json\/wp\/v2\/product"}],"about":[{"href":"https:\/\/geoclimate.ge\/az\/wp-json\/wp\/v2\/types\/product"}],"wp:featuredmedia":[{"embeddable":true,"href":"https:\/\/geoclimate.ge\/az\/wp-json\/wp\/v2\/media\/22323"}],"wp:attachment":[{"href":"https:\/\/geoclimate.ge\/az\/wp-json\/wp\/v2\/media?parent=23714"}],"wp:term":[{"taxonomy":"product_brand","embeddable":true,"href":"https:\/\/geoclimate.ge\/az\/wp-json\/wp\/v2\/product_brand?post=23714"},{"taxonomy":"product_cat","embeddable":true,"href":"https:\/\/geoclimate.ge\/az\/wp-json\/wp\/v2\/product_cat?post=23714"},{"taxonomy":"product_tag","embeddable":true,"href":"https:\/\/geoclimate.ge\/az\/wp-json\/wp\/v2\/product_tag?post=23714"}],"curies":[{"name":"wp","href":"https:\/\/api.w.org\/{rel}","templated":true}]}}