{"id":23717,"date":"2025-02-07T18:29:19","date_gmt":"2025-02-07T14:29:19","guid":{"rendered":"https:\/\/airsystems.ge\/shop\/product\/vibro-sh-anti-vibration-spring-hangers-for-false-ceilings\/"},"modified":"2025-02-26T00:24:29","modified_gmt":"2025-02-25T20:24:29","slug":"vibro-sh-anti-vibration-spring-hangers-for-false-ceilings","status":"publish","type":"product","link":"https:\/\/geoclimate.ge\/az\/product\/vibro-sh-anti-vibration-spring-hangers-for-false-ceilings\/","title":{"rendered":"Vibro-SH: Asma tavanlar \u00fc\u00e7\u00fcn vibrasiyaya qar\u015f\u0131 yay ask\u0131lar\u0131"},"content":{"rendered":"<p>Y\u00fck: 10 \u2013 25 \u039ap*<\/p>\n<p>\u00c7arpma: maksimum y\u00fckd\u0259 25 mm<\/p>\n<p>T\u0259bii Tezlik: maksimum y\u00fckd\u0259 3 Hz<\/p>\n<p>\u0130st\u0259k \u00fczr\u0259 dig\u0259r y\u00fck diapazonu.<\/p>\n","protected":false},"excerpt":{"rendered":"<p>T\u0259svir<\/p>\n<p>Asma tavanlar \u00fc\u00e7\u00fcn vibrasiyaya qar\u015f\u0131 yay as\u0131lqanlar\u0131 Vibro-SH sinkl\u0259nmi\u015f t\u0259b\u0259q\u0259d\u0259n haz\u0131rlanm\u0131\u015f, yanal m\u00f6hk\u0259mlikl\u0259 d\u00fczg\u00fcn formala\u015fd\u0131r\u0131lan metal \u00e7\u0259r\u00e7iv\u0259d\u0259n, polad yay, yay\u0131n dibind\u0259 s\u0259s k\u0259sici rolunu oynayan v\u0259 izolyasiyan\u0131n effektivliyini art\u0131ran antivibrasiya rezin elementi. Polad yay a\u015fa\u011f\u0131 tezlikli h\u0259y\u0259canla \u00fczl\u0259\u015fir.<br \/>\nOnlar h\u0259m\u00e7inin qozun b\u0259rkidilm\u0259si il\u0259 \u0259vv\u0259lc\u0259d\u0259n y\u00fckl\u0259n\u0259 bil\u0259r v\u0259 asq\u0131n\u0131n l\u00f6vb\u0259ri perpendikulyar olmal\u0131d\u0131r.<\/p>\n<p>Proqramlar<\/p>\n<p>Vibro-SH s\u0259s izolyasiya ed\u0259n asma tavanlar \u00fc\u00e7\u00fcn vibrasiyaya qar\u015f\u0131 asma, borular\u0131n, hava kanallar\u0131n\u0131n, s\u0259sucaldanlar\u0131n titr\u0259m\u0259 \u0259leyhin\u0259 asmas\u0131nda v\u0259 s.<\/p>\n<p>Dinamik X\u00fcsusiyy\u0259tl\u0259r<\/p>\n<p>Maksimum Y\u00fck: 25 \u039ap*<br \/>\n\u00c7arpma: maksimum y\u00fckd\u0259 25 mm<br \/>\nT\u0259bii Tezlik: maksimum y\u00fckd\u0259 3 Hz<br \/>\n\u0130st\u0259k \u00fczr\u0259 dig\u0259r y\u00fck diapazonu.<br \/>\n*(1Kp=10N)<\/p>\n<p>&nbsp;<\/p>\n<p>Qura\u015fd\u0131rma<\/p>\n<p>1. M\u00f6vcud izolyasiya edilm\u0259mi\u015f tavanda tor nax\u0131\u015f\u0131n\u0131 v\u0259 tavan asma yerini qeyd edin. \u0130zolyatorlar t\u0259crid olunmu\u015f tavan\u0131n k\u0259nar\u0131ndan t\u0259xmin\u0259n 30 sm m\u0259saf\u0259d\u0259 yerl\u0259\u015fdirilm\u0259lidir.<br \/>\n2. M8 polad l\u00f6vb\u0259rd\u0259n v\u0259 as\u0131lqan\u0131n rezin elementind\u0259n ke\u00e7\u0259n m\u00fcvafiq \u00e7ubuqdan istifad\u0259 ed\u0259r\u0259k as\u0131lqan\u0131n\u0131 beton tavana b\u0259rkidin, qoruyucu qayka il\u0259 b\u0259rkidin.<br \/>\n3. As\u0131lqanlar otaq \u00f6l\u00e7\u00fcl\u0259rin\u0259 v\u0259 tavan\u0131n \u00fcmumi \u00e7\u0259kisin\u0259 uy\u011fun olaraq t\u0259xmin\u0259n 4 as\u0131lqan\/m2-\u0259 uy\u011fun yerl\u0259\u015fdirilir.<br \/>\n4. 2+2 uy\u011fun vintl\u0259rd\u0259n istifad\u0259 ed\u0259r\u0259k izolyatorun ayaqlar\u0131n\u0131 \u0259sas profil\u0259 b\u0259rkidin.<br \/>\n5. B\u00fct\u00fcn metal kanallar perimetr divarlar\u0131na toxunmamal\u0131d\u0131r (s\u0259s k\u00f6rp\u00fcl\u0259rind\u0259n qa\u00e7\u0131n).<br \/>\n6. D\u00fcz\u0259ldici t\u0259nziml\u0259m\u0259y\u0259 davam etm\u0259k \u00fc\u00e7\u00fcn a\u015fa\u011f\u0131 qozunu laz\u0131mi s\u0259viyy\u0259y\u0259 \u00e7atana q\u0259d\u0259r m\u00fcvafiq istiqam\u0259t\u0259 \u00e7evirin.<br \/>\n7. Gymsumboard sistemini, o c\u00fcml\u0259d\u0259n s\u0259s udma plit\u0259l\u0259rini v\u0259 s\u0259s-k\u00fcy izolyasiya membran\u0131n\u0131 gymsumboard istehsal\u00e7\u0131s\u0131n\u0131n t\u0259limatlar\u0131na uy\u011fun qura\u015fd\u0131r\u0131n.<br \/>\n8. K\u0259narlar\u0131 elastik s\u0259rtl\u0259\u015fm\u0259y\u0259n mastika il\u0259 ba\u011flay\u0131n.<\/p>\n","protected":false},"featured_media":22311,"template":"","meta":[],"product_brand":[],"product_cat":[927],"product_tag":[],"class_list":{"0":"post-23717","1":"product","2":"type-product","3":"status-publish","4":"has-post-thumbnail","6":"product_cat-vibrasiya-anti-ss-kuy-akustik-az","8":"first","9":"instock","10":"shipping-taxable","11":"product-type-simple"},"yoast_head":"<!-- This site is optimized with the Yoast SEO plugin v27.1.1 - https:\/\/yoast.com\/product\/yoast-seo-wordpress\/ -->\n<title>Vibro-SH: Asma tavanlar \u00fc\u00e7\u00fcn vibrasiyaya qar\u015f\u0131 yay ask\u0131lar\u0131 - GeoClimate.ge<\/title>\n<meta name=\"robots\" content=\"index, follow, max-snippet:-1, max-image-preview:large, max-video-preview:-1\" \/>\n<link rel=\"canonical\" href=\"https:\/\/geoclimate.ge\/az\/product\/vibro-sh-anti-vibration-spring-hangers-for-false-ceilings\/\" \/>\n<meta property=\"og:locale\" content=\"az_AZ\" \/>\n<meta property=\"og:type\" content=\"article\" \/>\n<meta property=\"og:title\" content=\"Vibro-SH: Asma tavanlar \u00fc\u00e7\u00fcn vibrasiyaya qar\u015f\u0131 yay ask\u0131lar\u0131 - GeoClimate.ge\" \/>\n<meta property=\"og:description\" content=\"T\u0259svir  Asma tavanlar \u00fc\u00e7\u00fcn vibrasiyaya qar\u015f\u0131 yay as\u0131lqanlar\u0131 Vibro-SH sinkl\u0259nmi\u015f t\u0259b\u0259q\u0259d\u0259n haz\u0131rlanm\u0131\u015f, yanal m\u00f6hk\u0259mlikl\u0259 d\u00fczg\u00fcn formala\u015fd\u0131r\u0131lan metal \u00e7\u0259r\u00e7iv\u0259d\u0259n, polad yay, yay\u0131n dibind\u0259 s\u0259s k\u0259sici rolunu oynayan v\u0259 izolyasiyan\u0131n effektivliyini art\u0131ran antivibrasiya rezin elementi. Polad yay a\u015fa\u011f\u0131 tezlikli h\u0259y\u0259canla \u00fczl\u0259\u015fir. Onlar h\u0259m\u00e7inin qozun b\u0259rkidilm\u0259si il\u0259 \u0259vv\u0259lc\u0259d\u0259n y\u00fckl\u0259n\u0259 bil\u0259r v\u0259 asq\u0131n\u0131n l\u00f6vb\u0259ri perpendikulyar olmal\u0131d\u0131r.  Proqramlar  Vibro-SH s\u0259s izolyasiya ed\u0259n asma tavanlar \u00fc\u00e7\u00fcn vibrasiyaya qar\u015f\u0131 asma, borular\u0131n, hava kanallar\u0131n\u0131n, s\u0259sucaldanlar\u0131n titr\u0259m\u0259 \u0259leyhin\u0259 asmas\u0131nda v\u0259 s.  Dinamik X\u00fcsusiyy\u0259tl\u0259r  Maksimum Y\u00fck: 25 \u039ap* \u00c7arpma: maksimum y\u00fckd\u0259 25 mm T\u0259bii Tezlik: maksimum y\u00fckd\u0259 3 Hz \u0130st\u0259k \u00fczr\u0259 dig\u0259r y\u00fck diapazonu. *(1Kp=10N)  &nbsp;  Qura\u015fd\u0131rma  1. M\u00f6vcud izolyasiya edilm\u0259mi\u015f tavanda tor nax\u0131\u015f\u0131n\u0131 v\u0259 tavan asma yerini qeyd edin. \u0130zolyatorlar t\u0259crid olunmu\u015f tavan\u0131n k\u0259nar\u0131ndan t\u0259xmin\u0259n 30 sm m\u0259saf\u0259d\u0259 yerl\u0259\u015fdirilm\u0259lidir. 2. M8 polad l\u00f6vb\u0259rd\u0259n v\u0259 as\u0131lqan\u0131n rezin elementind\u0259n ke\u00e7\u0259n m\u00fcvafiq \u00e7ubuqdan istifad\u0259 ed\u0259r\u0259k as\u0131lqan\u0131n\u0131 beton tavana b\u0259rkidin, qoruyucu qayka il\u0259 b\u0259rkidin. 3. As\u0131lqanlar otaq \u00f6l\u00e7\u00fcl\u0259rin\u0259 v\u0259 tavan\u0131n \u00fcmumi \u00e7\u0259kisin\u0259 uy\u011fun olaraq t\u0259xmin\u0259n 4 as\u0131lqan\/m2-\u0259 uy\u011fun yerl\u0259\u015fdirilir. 4. 2+2 uy\u011fun vintl\u0259rd\u0259n istifad\u0259 ed\u0259r\u0259k izolyatorun ayaqlar\u0131n\u0131 \u0259sas profil\u0259 b\u0259rkidin. 5. B\u00fct\u00fcn metal kanallar perimetr divarlar\u0131na toxunmamal\u0131d\u0131r (s\u0259s k\u00f6rp\u00fcl\u0259rind\u0259n qa\u00e7\u0131n). 6. D\u00fcz\u0259ldici t\u0259nziml\u0259m\u0259y\u0259 davam etm\u0259k \u00fc\u00e7\u00fcn a\u015fa\u011f\u0131 qozunu laz\u0131mi s\u0259viyy\u0259y\u0259 \u00e7atana q\u0259d\u0259r m\u00fcvafiq istiqam\u0259t\u0259 \u00e7evirin. 7. Gymsumboard sistemini, o c\u00fcml\u0259d\u0259n s\u0259s udma plit\u0259l\u0259rini v\u0259 s\u0259s-k\u00fcy izolyasiya membran\u0131n\u0131 gymsumboard istehsal\u00e7\u0131s\u0131n\u0131n t\u0259limatlar\u0131na uy\u011fun qura\u015fd\u0131r\u0131n. 8. K\u0259narlar\u0131 elastik s\u0259rtl\u0259\u015fm\u0259y\u0259n mastika il\u0259 ba\u011flay\u0131n.\" \/>\n<meta property=\"og:url\" content=\"https:\/\/geoclimate.ge\/az\/product\/vibro-sh-anti-vibration-spring-hangers-for-false-ceilings\/\" \/>\n<meta property=\"og:site_name\" content=\"GeoClimate.ge\" \/>\n<meta property=\"article:modified_time\" content=\"2025-02-25T20:24:29+00:00\" \/>\n<meta property=\"og:image\" content=\"https:\/\/geoclimate.ge\/wp-content\/uploads\/2025\/02\/071709133341_A.jpg\" \/>\n\t<meta property=\"og:image:width\" content=\"280\" \/>\n\t<meta property=\"og:image:height\" content=\"210\" \/>\n\t<meta property=\"og:image:type\" content=\"image\/jpeg\" \/>\n<meta name=\"twitter:card\" content=\"summary_large_image\" \/>\n<script type=\"application\/ld+json\" class=\"yoast-schema-graph\">{\"@context\":\"https:\/\/schema.org\",\"@graph\":[{\"@type\":\"WebPage\",\"@id\":\"https:\/\/geoclimate.ge\/az\/product\/vibro-sh-anti-vibration-spring-hangers-for-false-ceilings\/\",\"url\":\"https:\/\/geoclimate.ge\/az\/product\/vibro-sh-anti-vibration-spring-hangers-for-false-ceilings\/\",\"name\":\"Vibro-SH: Asma tavanlar \u00fc\u00e7\u00fcn vibrasiyaya qar\u015f\u0131 yay ask\u0131lar\u0131 - GeoClimate.ge\",\"isPartOf\":{\"@id\":\"https:\/\/geoclimate.ge\/#website\"},\"primaryImageOfPage\":{\"@id\":\"https:\/\/geoclimate.ge\/az\/product\/vibro-sh-anti-vibration-spring-hangers-for-false-ceilings\/#primaryimage\"},\"image\":{\"@id\":\"https:\/\/geoclimate.ge\/az\/product\/vibro-sh-anti-vibration-spring-hangers-for-false-ceilings\/#primaryimage\"},\"thumbnailUrl\":\"https:\/\/geoclimate.ge\/wp-content\/uploads\/2025\/02\/071709133341_A.jpg\",\"datePublished\":\"2025-02-07T14:29:19+00:00\",\"dateModified\":\"2025-02-25T20:24:29+00:00\",\"breadcrumb\":{\"@id\":\"https:\/\/geoclimate.ge\/az\/product\/vibro-sh-anti-vibration-spring-hangers-for-false-ceilings\/#breadcrumb\"},\"inLanguage\":\"az\",\"potentialAction\":[{\"@type\":\"ReadAction\",\"target\":[\"https:\/\/geoclimate.ge\/az\/product\/vibro-sh-anti-vibration-spring-hangers-for-false-ceilings\/\"]}]},{\"@type\":\"ImageObject\",\"inLanguage\":\"az\",\"@id\":\"https:\/\/geoclimate.ge\/az\/product\/vibro-sh-anti-vibration-spring-hangers-for-false-ceilings\/#primaryimage\",\"url\":\"https:\/\/geoclimate.ge\/wp-content\/uploads\/2025\/02\/071709133341_A.jpg\",\"contentUrl\":\"https:\/\/geoclimate.ge\/wp-content\/uploads\/2025\/02\/071709133341_A.jpg\",\"width\":280,\"height\":210},{\"@type\":\"BreadcrumbList\",\"@id\":\"https:\/\/geoclimate.ge\/az\/product\/vibro-sh-anti-vibration-spring-hangers-for-false-ceilings\/#breadcrumb\",\"itemListElement\":[{\"@type\":\"ListItem\",\"position\":1,\"name\":\"Home\",\"item\":\"https:\/\/geoclimate.ge\/az\/\"},{\"@type\":\"ListItem\",\"position\":2,\"name\":\"M\u0259hsullar\",\"item\":\"https:\/\/geoclimate.ge\/az\/products\/\"},{\"@type\":\"ListItem\",\"position\":3,\"name\":\"Vibro-SH: Asma tavanlar \u00fc\u00e7\u00fcn vibrasiyaya qar\u015f\u0131 yay ask\u0131lar\u0131\"}]},{\"@type\":\"WebSite\",\"@id\":\"https:\/\/geoclimate.ge\/#website\",\"url\":\"https:\/\/geoclimate.ge\/\",\"name\":\"GeoClimate\",\"description\":\"\",\"publisher\":{\"@id\":\"https:\/\/geoclimate.ge\/#organization\"},\"potentialAction\":[{\"@type\":\"SearchAction\",\"target\":{\"@type\":\"EntryPoint\",\"urlTemplate\":\"https:\/\/geoclimate.ge\/?s={search_term_string}\"},\"query-input\":{\"@type\":\"PropertyValueSpecification\",\"valueRequired\":true,\"valueName\":\"search_term_string\"}}],\"inLanguage\":\"az\"},{\"@type\":\"Organization\",\"@id\":\"https:\/\/geoclimate.ge\/#organization\",\"name\":\"GeoClimate\",\"url\":\"https:\/\/geoclimate.ge\/\",\"logo\":{\"@type\":\"ImageObject\",\"inLanguage\":\"az\",\"@id\":\"https:\/\/geoclimate.ge\/#\/schema\/logo\/image\/\",\"url\":\"https:\/\/geoclimate.ge\/wp-content\/uploads\/2026\/03\/geoclimate-SEO.png\",\"contentUrl\":\"https:\/\/geoclimate.ge\/wp-content\/uploads\/2026\/03\/geoclimate-SEO.png\",\"width\":1536,\"height\":1024,\"caption\":\"GeoClimate\"},\"image\":{\"@id\":\"https:\/\/geoclimate.ge\/#\/schema\/logo\/image\/\"}}]}<\/script>\n<!-- \/ Yoast SEO plugin. -->","yoast_head_json":{"title":"Vibro-SH: Asma tavanlar \u00fc\u00e7\u00fcn vibrasiyaya qar\u015f\u0131 yay ask\u0131lar\u0131 - GeoClimate.ge","robots":{"index":"index","follow":"follow","max-snippet":"max-snippet:-1","max-image-preview":"max-image-preview:large","max-video-preview":"max-video-preview:-1"},"canonical":"https:\/\/geoclimate.ge\/az\/product\/vibro-sh-anti-vibration-spring-hangers-for-false-ceilings\/","og_locale":"az_AZ","og_type":"article","og_title":"Vibro-SH: Asma tavanlar \u00fc\u00e7\u00fcn vibrasiyaya qar\u015f\u0131 yay ask\u0131lar\u0131 - GeoClimate.ge","og_description":"T\u0259svir  Asma tavanlar \u00fc\u00e7\u00fcn vibrasiyaya qar\u015f\u0131 yay as\u0131lqanlar\u0131 Vibro-SH sinkl\u0259nmi\u015f t\u0259b\u0259q\u0259d\u0259n haz\u0131rlanm\u0131\u015f, yanal m\u00f6hk\u0259mlikl\u0259 d\u00fczg\u00fcn formala\u015fd\u0131r\u0131lan metal \u00e7\u0259r\u00e7iv\u0259d\u0259n, polad yay, yay\u0131n dibind\u0259 s\u0259s k\u0259sici rolunu oynayan v\u0259 izolyasiyan\u0131n effektivliyini art\u0131ran antivibrasiya rezin elementi. Polad yay a\u015fa\u011f\u0131 tezlikli h\u0259y\u0259canla \u00fczl\u0259\u015fir. Onlar h\u0259m\u00e7inin qozun b\u0259rkidilm\u0259si il\u0259 \u0259vv\u0259lc\u0259d\u0259n y\u00fckl\u0259n\u0259 bil\u0259r v\u0259 asq\u0131n\u0131n l\u00f6vb\u0259ri perpendikulyar olmal\u0131d\u0131r.  Proqramlar  Vibro-SH s\u0259s izolyasiya ed\u0259n asma tavanlar \u00fc\u00e7\u00fcn vibrasiyaya qar\u015f\u0131 asma, borular\u0131n, hava kanallar\u0131n\u0131n, s\u0259sucaldanlar\u0131n titr\u0259m\u0259 \u0259leyhin\u0259 asmas\u0131nda v\u0259 s.  Dinamik X\u00fcsusiyy\u0259tl\u0259r  Maksimum Y\u00fck: 25 \u039ap* \u00c7arpma: maksimum y\u00fckd\u0259 25 mm T\u0259bii Tezlik: maksimum y\u00fckd\u0259 3 Hz \u0130st\u0259k \u00fczr\u0259 dig\u0259r y\u00fck diapazonu. *(1Kp=10N)  &nbsp;  Qura\u015fd\u0131rma  1. M\u00f6vcud izolyasiya edilm\u0259mi\u015f tavanda tor nax\u0131\u015f\u0131n\u0131 v\u0259 tavan asma yerini qeyd edin. \u0130zolyatorlar t\u0259crid olunmu\u015f tavan\u0131n k\u0259nar\u0131ndan t\u0259xmin\u0259n 30 sm m\u0259saf\u0259d\u0259 yerl\u0259\u015fdirilm\u0259lidir. 2. M8 polad l\u00f6vb\u0259rd\u0259n v\u0259 as\u0131lqan\u0131n rezin elementind\u0259n ke\u00e7\u0259n m\u00fcvafiq \u00e7ubuqdan istifad\u0259 ed\u0259r\u0259k as\u0131lqan\u0131n\u0131 beton tavana b\u0259rkidin, qoruyucu qayka il\u0259 b\u0259rkidin. 3. As\u0131lqanlar otaq \u00f6l\u00e7\u00fcl\u0259rin\u0259 v\u0259 tavan\u0131n \u00fcmumi \u00e7\u0259kisin\u0259 uy\u011fun olaraq t\u0259xmin\u0259n 4 as\u0131lqan\/m2-\u0259 uy\u011fun yerl\u0259\u015fdirilir. 4. 2+2 uy\u011fun vintl\u0259rd\u0259n istifad\u0259 ed\u0259r\u0259k izolyatorun ayaqlar\u0131n\u0131 \u0259sas profil\u0259 b\u0259rkidin. 5. B\u00fct\u00fcn metal kanallar perimetr divarlar\u0131na toxunmamal\u0131d\u0131r (s\u0259s k\u00f6rp\u00fcl\u0259rind\u0259n qa\u00e7\u0131n). 6. D\u00fcz\u0259ldici t\u0259nziml\u0259m\u0259y\u0259 davam etm\u0259k \u00fc\u00e7\u00fcn a\u015fa\u011f\u0131 qozunu laz\u0131mi s\u0259viyy\u0259y\u0259 \u00e7atana q\u0259d\u0259r m\u00fcvafiq istiqam\u0259t\u0259 \u00e7evirin. 7. Gymsumboard sistemini, o c\u00fcml\u0259d\u0259n s\u0259s udma plit\u0259l\u0259rini v\u0259 s\u0259s-k\u00fcy izolyasiya membran\u0131n\u0131 gymsumboard istehsal\u00e7\u0131s\u0131n\u0131n t\u0259limatlar\u0131na uy\u011fun qura\u015fd\u0131r\u0131n. 8. K\u0259narlar\u0131 elastik s\u0259rtl\u0259\u015fm\u0259y\u0259n mastika il\u0259 ba\u011flay\u0131n.","og_url":"https:\/\/geoclimate.ge\/az\/product\/vibro-sh-anti-vibration-spring-hangers-for-false-ceilings\/","og_site_name":"GeoClimate.ge","article_modified_time":"2025-02-25T20:24:29+00:00","og_image":[{"width":280,"height":210,"url":"https:\/\/geoclimate.ge\/wp-content\/uploads\/2025\/02\/071709133341_A.jpg","type":"image\/jpeg"}],"twitter_card":"summary_large_image","schema":{"@context":"https:\/\/schema.org","@graph":[{"@type":"WebPage","@id":"https:\/\/geoclimate.ge\/az\/product\/vibro-sh-anti-vibration-spring-hangers-for-false-ceilings\/","url":"https:\/\/geoclimate.ge\/az\/product\/vibro-sh-anti-vibration-spring-hangers-for-false-ceilings\/","name":"Vibro-SH: Asma tavanlar \u00fc\u00e7\u00fcn vibrasiyaya qar\u015f\u0131 yay ask\u0131lar\u0131 - GeoClimate.ge","isPartOf":{"@id":"https:\/\/geoclimate.ge\/#website"},"primaryImageOfPage":{"@id":"https:\/\/geoclimate.ge\/az\/product\/vibro-sh-anti-vibration-spring-hangers-for-false-ceilings\/#primaryimage"},"image":{"@id":"https:\/\/geoclimate.ge\/az\/product\/vibro-sh-anti-vibration-spring-hangers-for-false-ceilings\/#primaryimage"},"thumbnailUrl":"https:\/\/geoclimate.ge\/wp-content\/uploads\/2025\/02\/071709133341_A.jpg","datePublished":"2025-02-07T14:29:19+00:00","dateModified":"2025-02-25T20:24:29+00:00","breadcrumb":{"@id":"https:\/\/geoclimate.ge\/az\/product\/vibro-sh-anti-vibration-spring-hangers-for-false-ceilings\/#breadcrumb"},"inLanguage":"az","potentialAction":[{"@type":"ReadAction","target":["https:\/\/geoclimate.ge\/az\/product\/vibro-sh-anti-vibration-spring-hangers-for-false-ceilings\/"]}]},{"@type":"ImageObject","inLanguage":"az","@id":"https:\/\/geoclimate.ge\/az\/product\/vibro-sh-anti-vibration-spring-hangers-for-false-ceilings\/#primaryimage","url":"https:\/\/geoclimate.ge\/wp-content\/uploads\/2025\/02\/071709133341_A.jpg","contentUrl":"https:\/\/geoclimate.ge\/wp-content\/uploads\/2025\/02\/071709133341_A.jpg","width":280,"height":210},{"@type":"BreadcrumbList","@id":"https:\/\/geoclimate.ge\/az\/product\/vibro-sh-anti-vibration-spring-hangers-for-false-ceilings\/#breadcrumb","itemListElement":[{"@type":"ListItem","position":1,"name":"Home","item":"https:\/\/geoclimate.ge\/az\/"},{"@type":"ListItem","position":2,"name":"M\u0259hsullar","item":"https:\/\/geoclimate.ge\/az\/products\/"},{"@type":"ListItem","position":3,"name":"Vibro-SH: Asma tavanlar \u00fc\u00e7\u00fcn vibrasiyaya qar\u015f\u0131 yay ask\u0131lar\u0131"}]},{"@type":"WebSite","@id":"https:\/\/geoclimate.ge\/#website","url":"https:\/\/geoclimate.ge\/","name":"GeoClimate","description":"","publisher":{"@id":"https:\/\/geoclimate.ge\/#organization"},"potentialAction":[{"@type":"SearchAction","target":{"@type":"EntryPoint","urlTemplate":"https:\/\/geoclimate.ge\/?s={search_term_string}"},"query-input":{"@type":"PropertyValueSpecification","valueRequired":true,"valueName":"search_term_string"}}],"inLanguage":"az"},{"@type":"Organization","@id":"https:\/\/geoclimate.ge\/#organization","name":"GeoClimate","url":"https:\/\/geoclimate.ge\/","logo":{"@type":"ImageObject","inLanguage":"az","@id":"https:\/\/geoclimate.ge\/#\/schema\/logo\/image\/","url":"https:\/\/geoclimate.ge\/wp-content\/uploads\/2026\/03\/geoclimate-SEO.png","contentUrl":"https:\/\/geoclimate.ge\/wp-content\/uploads\/2026\/03\/geoclimate-SEO.png","width":1536,"height":1024,"caption":"GeoClimate"},"image":{"@id":"https:\/\/geoclimate.ge\/#\/schema\/logo\/image\/"}}]}},"_links":{"self":[{"href":"https:\/\/geoclimate.ge\/az\/wp-json\/wp\/v2\/product\/23717","targetHints":{"allow":["GET"]}}],"collection":[{"href":"https:\/\/geoclimate.ge\/az\/wp-json\/wp\/v2\/product"}],"about":[{"href":"https:\/\/geoclimate.ge\/az\/wp-json\/wp\/v2\/types\/product"}],"wp:featuredmedia":[{"embeddable":true,"href":"https:\/\/geoclimate.ge\/az\/wp-json\/wp\/v2\/media\/22311"}],"wp:attachment":[{"href":"https:\/\/geoclimate.ge\/az\/wp-json\/wp\/v2\/media?parent=23717"}],"wp:term":[{"taxonomy":"product_brand","embeddable":true,"href":"https:\/\/geoclimate.ge\/az\/wp-json\/wp\/v2\/product_brand?post=23717"},{"taxonomy":"product_cat","embeddable":true,"href":"https:\/\/geoclimate.ge\/az\/wp-json\/wp\/v2\/product_cat?post=23717"},{"taxonomy":"product_tag","embeddable":true,"href":"https:\/\/geoclimate.ge\/az\/wp-json\/wp\/v2\/product_tag?post=23717"}],"curies":[{"name":"wp","href":"https:\/\/api.w.org\/{rel}","templated":true}]}}