{"id":23722,"date":"2025-02-07T18:06:58","date_gmt":"2025-02-07T14:06:58","guid":{"rendered":"https:\/\/airsystems.ge\/shop\/product\/vibro-msv-anti-vibration-spring-mount-with-viscous-damping\/"},"modified":"2025-02-26T00:24:29","modified_gmt":"2025-02-25T20:24:29","slug":"vibro-msv-anti-vibration-spring-mount-with-viscous-damping","status":"publish","type":"product","link":"https:\/\/geoclimate.ge\/az\/product\/vibro-msv-anti-vibration-spring-mount-with-viscous-damping\/","title":{"rendered":"Vibro-MSV: Viskoz s\u00f6n\u00fcml\u00fc anti-vibrasiya yay montaj\u0131"},"content":{"rendered":"<div class=\"col col-sm-9 col-xs-12 content right\">\n<div class=\"row product_content_row\">\n<div class=\"col col-sm-12 col-xs-12\">\n<div id=\"single-product-details\" class=\"rt_tabs clearfix tab-style-1\" data-tab-style=\"tab-style-1\">\n<div class=\"tab_contents\">\n<div id=\"tab-1\" class=\"tab_content_wrapper animation active\" data-tab-content=\"2\">\n<div class=\"tab_content\">\n<p><a class=\"swipebox\" href=\"https:\/\/antivibration-systems.com\/wp-content\/uploads\/2014\/10\/viscous-damping-vibration-isolator.jpg\" data-rel=\"lightbox-gallery-bGlnaHRib3gtZ2FsbGVyeS0w\" data-rl_title=\"viscous damping vibration isolator\" data-rl_caption=\"\"><img loading=\"lazy\" decoding=\"async\" class=\"alignnone wp-image-3988\" title=\"viscous damping vibration isolator\" src=\"https:\/\/antivibration-systems.com\/wp-content\/uploads\/2014\/10\/viscous-damping-vibration-isolator.jpg\" alt=\"\" width=\"641\" height=\"327\" \/><\/a><\/p>\n<\/div>\n<\/div>\n<div id=\"tab-2\" class=\"tab_content_wrapper animation\" data-tab-content=\"3\"><\/div>\n<div id=\"tab-attached-documents\" class=\"tab_content_wrapper animation\" data-tab-content=\"4\"><\/div>\n<div id=\"tab-related-products\" class=\"tab_content_wrapper animation\" data-tab-content=\"5\"><\/div>\n<\/div>\n<\/div>\n<\/div>\n<\/div>\n<\/div>\n<div class=\"col col-sm-3 col-xs-12 sidebar left widgets_holder\">\n<div id=\"text-9\" class=\"widget widget_text\">\n<div class=\"textwidget\"><\/div>\n<\/div>\n<\/div>\n","protected":false},"excerpt":{"rendered":"<p>Vibro-MSV \u00e7ox yayl\u0131 vibrasiya \u0259leyhin\u0259 qur\u011fudur. X\u00fcsusi olaraq a\u015fa\u011f\u0131 h\u00fcnd\u00fcrl\u00fcy\u0259 malik olmaq \u00fc\u00e7\u00fcn n\u0259z\u0259rd\u0259 tutulmu\u015fdur v\u0259 \u00f6zl\u00fc materiala g\u00f6r\u0259 a\u015fa\u011f\u0131 tezlikli vibrasiyalarda \u00e7ox effektivdir.<\/p>\n<p>T\u018fSV\u0130R\u0130<\/p>\n<p>Vibro \u2013 MSV, artan vibrasiya izolyasiyas\u0131 v\u0259 \u00e7ox a\u015fa\u011f\u0131 t\u0259bii tezlik \u00fc\u00e7\u00fcn \u00f6zl\u00fc s\u00f6n\u00fcml\u00fc vibrasiya \u0259leyhin\u0259 yay qur\u011fusudur.<\/p>\n<p>Vibro-MSV \u00e7oxlu yaylar\u0131 olan vibrasiya \u0259leyhin\u0259 qur\u011fudur. X\u00fcsusil\u0259 a\u015fa\u011f\u0131 h\u00fcnd\u00fcrl\u00fcy\u0259 malik olmaq \u00fc\u00e7\u00fcn n\u0259z\u0259rd\u0259 tutulmu\u015fdur v\u0259 \u00f6zl\u00fc material say\u0259sind\u0259 a\u015fa\u011f\u0131 tezlikli vibrasiyalarda \u00e7ox t\u0259sirlidir.<br \/>\nVibro-MSV, bazas\u0131na b\u0259rkidilmi\u015f rezin profill\u0259 g\u0259lir v\u0259 bulaqlar vasit\u0259sil\u0259 \u00f6t\u00fcr\u00fcl\u0259 bil\u0259n y\u00fcks\u0259k tezlikl\u0259rd\u0259 izolyasiyan\u0131n s\u0259m\u0259r\u0259liliyini art\u0131rmaq \u00fc\u00e7\u00fcn s\u0259s k\u0259sici rolunu oynay\u0131r.<\/p>\n<p>T\u018fTB\u0130QL\u018fR<\/p>\n<p>Vibro-MSV | Viskoz s\u00f6n\u00fcml\u00fc anti-vibrasiya yay montaj\u0131, f\u0131rlanan ma\u015f\u0131nlar\u0131n m\u00fcxt\u0259lif s\u00fcr\u0259tl\u0259rin\u0259 g\u00f6r\u0259 a\u015fa\u011f\u0131 h\u0259y\u0259can tezliyi il\u0259, amplituda d\u0259yi\u015fk\u0259nliyi il\u0259 ma\u015f\u0131n montaj\u0131n\u0131n vibrasiya n\u0259zar\u0259ti \u00fc\u00e7\u00fcn istifad\u0259 olunur. Bu, ilk n\u00f6vb\u0259d\u0259 HVAC, vibrasiya izolyasiyas\u0131 t\u0259l\u0259b ed\u0259n mexaniki v\u0259 s\u0259naye t\u0259tbiql\u0259rind\u0259 istifad\u0259 olunur.<\/p>\n<p>Bu montaj x\u00fcsusi olaraq a\u015fa\u011f\u0131 tezlikli vibrasiyalar\u0131 udmaq v\u0259 h\u0259y\u0259canl\u0131 h\u0259r\u0259k\u0259ti v\u0259 rezonans n\u00f6qt\u0259sind\u0259 narahatedici vibrasiyalar\u0131n \u015fokunu m\u0259hdudla\u015fd\u0131rmaq \u00fc\u00e7\u00fcn n\u0259z\u0259rd\u0259 tutulmu\u015fdur.<\/p>\n<p>Yaylar innovativ b\u0259rkitm\u0259 sistemi il\u0259 metal bazas\u0131na b\u0259rkidilir.<br \/>\nM\u00fcxt\u0259lif centistoks d\u0259r\u0259c\u0259l\u0259rind\u0259 m\u00fcvafiq \u00f6zl\u00fcl\u00fckl\u0259 doldurulmu\u015f silikon maye s\u0259rb\u0259stliyin b\u00fct\u00fcn istiqam\u0259tl\u0259rind\u0259 s\u00f6n\u00fcml\u0259m\u0259 q\u00fcvv\u0259l\u0259rini t\u0259min ed\u0259 bil\u0259r.<br \/>\nKau\u00e7uk baza (ist\u0259k \u0259sas\u0131nda) s\u0259s k\u0259sici rolunu oynay\u0131r v\u0259 yaylar\u0131n metal konstruksiyas\u0131 vasit\u0259sil\u0259 \u00f6t\u00fcr\u00fcl\u0259 bil\u0259n y\u00fcks\u0259k tezlikl\u0259rd\u0259 izolyasiya s\u0259m\u0259r\u0259liliyini art\u0131r\u0131r.<br \/>\nVibro-MSV.H a\u011f\u0131r y\u00fckl\u0259r \u00fc\u00e7\u00fcn t\u00f6vsiy\u0259 olunur.<\/p>\n","protected":false},"featured_media":22294,"template":"","meta":[],"product_brand":[],"product_cat":[927],"product_tag":[],"class_list":{"0":"post-23722","1":"product","2":"type-product","3":"status-publish","4":"has-post-thumbnail","6":"product_cat-vibrasiya-anti-ss-kuy-akustik-az","8":"first","9":"instock","10":"shipping-taxable","11":"product-type-simple"},"yoast_head":"<!-- This site is optimized with the Yoast SEO plugin v27.1.1 - https:\/\/yoast.com\/product\/yoast-seo-wordpress\/ -->\n<title>Vibro-MSV: Viskoz s\u00f6n\u00fcml\u00fc anti-vibrasiya yay montaj\u0131 - GeoClimate.ge<\/title>\n<meta name=\"robots\" content=\"index, follow, max-snippet:-1, max-image-preview:large, max-video-preview:-1\" \/>\n<link rel=\"canonical\" href=\"https:\/\/geoclimate.ge\/az\/product\/vibro-msv-anti-vibration-spring-mount-with-viscous-damping\/\" \/>\n<meta property=\"og:locale\" content=\"az_AZ\" \/>\n<meta property=\"og:type\" content=\"article\" \/>\n<meta property=\"og:title\" content=\"Vibro-MSV: Viskoz s\u00f6n\u00fcml\u00fc anti-vibrasiya yay montaj\u0131 - GeoClimate.ge\" \/>\n<meta property=\"og:description\" content=\"Vibro-MSV \u00e7ox yayl\u0131 vibrasiya \u0259leyhin\u0259 qur\u011fudur. X\u00fcsusi olaraq a\u015fa\u011f\u0131 h\u00fcnd\u00fcrl\u00fcy\u0259 malik olmaq \u00fc\u00e7\u00fcn n\u0259z\u0259rd\u0259 tutulmu\u015fdur v\u0259 \u00f6zl\u00fc materiala g\u00f6r\u0259 a\u015fa\u011f\u0131 tezlikli vibrasiyalarda \u00e7ox effektivdir.  T\u018fSV\u0130R\u0130  Vibro \u2013 MSV, artan vibrasiya izolyasiyas\u0131 v\u0259 \u00e7ox a\u015fa\u011f\u0131 t\u0259bii tezlik \u00fc\u00e7\u00fcn \u00f6zl\u00fc s\u00f6n\u00fcml\u00fc vibrasiya \u0259leyhin\u0259 yay qur\u011fusudur.  Vibro-MSV \u00e7oxlu yaylar\u0131 olan vibrasiya \u0259leyhin\u0259 qur\u011fudur. X\u00fcsusil\u0259 a\u015fa\u011f\u0131 h\u00fcnd\u00fcrl\u00fcy\u0259 malik olmaq \u00fc\u00e7\u00fcn n\u0259z\u0259rd\u0259 tutulmu\u015fdur v\u0259 \u00f6zl\u00fc material say\u0259sind\u0259 a\u015fa\u011f\u0131 tezlikli vibrasiyalarda \u00e7ox t\u0259sirlidir. Vibro-MSV, bazas\u0131na b\u0259rkidilmi\u015f rezin profill\u0259 g\u0259lir v\u0259 bulaqlar vasit\u0259sil\u0259 \u00f6t\u00fcr\u00fcl\u0259 bil\u0259n y\u00fcks\u0259k tezlikl\u0259rd\u0259 izolyasiyan\u0131n s\u0259m\u0259r\u0259liliyini art\u0131rmaq \u00fc\u00e7\u00fcn s\u0259s k\u0259sici rolunu oynay\u0131r.  T\u018fTB\u0130QL\u018fR  Vibro-MSV | Viskoz s\u00f6n\u00fcml\u00fc anti-vibrasiya yay montaj\u0131, f\u0131rlanan ma\u015f\u0131nlar\u0131n m\u00fcxt\u0259lif s\u00fcr\u0259tl\u0259rin\u0259 g\u00f6r\u0259 a\u015fa\u011f\u0131 h\u0259y\u0259can tezliyi il\u0259, amplituda d\u0259yi\u015fk\u0259nliyi il\u0259 ma\u015f\u0131n montaj\u0131n\u0131n vibrasiya n\u0259zar\u0259ti \u00fc\u00e7\u00fcn istifad\u0259 olunur. Bu, ilk n\u00f6vb\u0259d\u0259 HVAC, vibrasiya izolyasiyas\u0131 t\u0259l\u0259b ed\u0259n mexaniki v\u0259 s\u0259naye t\u0259tbiql\u0259rind\u0259 istifad\u0259 olunur.  Bu montaj x\u00fcsusi olaraq a\u015fa\u011f\u0131 tezlikli vibrasiyalar\u0131 udmaq v\u0259 h\u0259y\u0259canl\u0131 h\u0259r\u0259k\u0259ti v\u0259 rezonans n\u00f6qt\u0259sind\u0259 narahatedici vibrasiyalar\u0131n \u015fokunu m\u0259hdudla\u015fd\u0131rmaq \u00fc\u00e7\u00fcn n\u0259z\u0259rd\u0259 tutulmu\u015fdur.  Yaylar innovativ b\u0259rkitm\u0259 sistemi il\u0259 metal bazas\u0131na b\u0259rkidilir. M\u00fcxt\u0259lif centistoks d\u0259r\u0259c\u0259l\u0259rind\u0259 m\u00fcvafiq \u00f6zl\u00fcl\u00fckl\u0259 doldurulmu\u015f silikon maye s\u0259rb\u0259stliyin b\u00fct\u00fcn istiqam\u0259tl\u0259rind\u0259 s\u00f6n\u00fcml\u0259m\u0259 q\u00fcvv\u0259l\u0259rini t\u0259min ed\u0259 bil\u0259r. Kau\u00e7uk baza (ist\u0259k \u0259sas\u0131nda) s\u0259s k\u0259sici rolunu oynay\u0131r v\u0259 yaylar\u0131n metal konstruksiyas\u0131 vasit\u0259sil\u0259 \u00f6t\u00fcr\u00fcl\u0259 bil\u0259n y\u00fcks\u0259k tezlikl\u0259rd\u0259 izolyasiya s\u0259m\u0259r\u0259liliyini art\u0131r\u0131r. Vibro-MSV.H a\u011f\u0131r y\u00fckl\u0259r \u00fc\u00e7\u00fcn t\u00f6vsiy\u0259 olunur.\" \/>\n<meta property=\"og:url\" content=\"https:\/\/geoclimate.ge\/az\/product\/vibro-msv-anti-vibration-spring-mount-with-viscous-damping\/\" \/>\n<meta property=\"og:site_name\" content=\"GeoClimate.ge\" \/>\n<meta property=\"article:modified_time\" content=\"2025-02-25T20:24:29+00:00\" \/>\n<meta property=\"og:image\" content=\"https:\/\/geoclimate.ge\/wp-content\/uploads\/2025\/02\/MSV-1.jpg\" \/>\n\t<meta property=\"og:image:width\" content=\"319\" \/>\n\t<meta property=\"og:image:height\" content=\"275\" \/>\n\t<meta property=\"og:image:type\" content=\"image\/jpeg\" \/>\n<meta name=\"twitter:card\" content=\"summary_large_image\" \/>\n<script type=\"application\/ld+json\" class=\"yoast-schema-graph\">{\"@context\":\"https:\/\/schema.org\",\"@graph\":[{\"@type\":\"WebPage\",\"@id\":\"https:\/\/geoclimate.ge\/az\/product\/vibro-msv-anti-vibration-spring-mount-with-viscous-damping\/\",\"url\":\"https:\/\/geoclimate.ge\/az\/product\/vibro-msv-anti-vibration-spring-mount-with-viscous-damping\/\",\"name\":\"Vibro-MSV: Viskoz s\u00f6n\u00fcml\u00fc anti-vibrasiya yay montaj\u0131 - GeoClimate.ge\",\"isPartOf\":{\"@id\":\"https:\/\/geoclimate.ge\/#website\"},\"primaryImageOfPage\":{\"@id\":\"https:\/\/geoclimate.ge\/az\/product\/vibro-msv-anti-vibration-spring-mount-with-viscous-damping\/#primaryimage\"},\"image\":{\"@id\":\"https:\/\/geoclimate.ge\/az\/product\/vibro-msv-anti-vibration-spring-mount-with-viscous-damping\/#primaryimage\"},\"thumbnailUrl\":\"https:\/\/geoclimate.ge\/wp-content\/uploads\/2025\/02\/MSV-1.jpg\",\"datePublished\":\"2025-02-07T14:06:58+00:00\",\"dateModified\":\"2025-02-25T20:24:29+00:00\",\"breadcrumb\":{\"@id\":\"https:\/\/geoclimate.ge\/az\/product\/vibro-msv-anti-vibration-spring-mount-with-viscous-damping\/#breadcrumb\"},\"inLanguage\":\"az\",\"potentialAction\":[{\"@type\":\"ReadAction\",\"target\":[\"https:\/\/geoclimate.ge\/az\/product\/vibro-msv-anti-vibration-spring-mount-with-viscous-damping\/\"]}]},{\"@type\":\"ImageObject\",\"inLanguage\":\"az\",\"@id\":\"https:\/\/geoclimate.ge\/az\/product\/vibro-msv-anti-vibration-spring-mount-with-viscous-damping\/#primaryimage\",\"url\":\"https:\/\/geoclimate.ge\/wp-content\/uploads\/2025\/02\/MSV-1.jpg\",\"contentUrl\":\"https:\/\/geoclimate.ge\/wp-content\/uploads\/2025\/02\/MSV-1.jpg\",\"width\":319,\"height\":275},{\"@type\":\"BreadcrumbList\",\"@id\":\"https:\/\/geoclimate.ge\/az\/product\/vibro-msv-anti-vibration-spring-mount-with-viscous-damping\/#breadcrumb\",\"itemListElement\":[{\"@type\":\"ListItem\",\"position\":1,\"name\":\"Home\",\"item\":\"https:\/\/geoclimate.ge\/az\/\"},{\"@type\":\"ListItem\",\"position\":2,\"name\":\"M\u0259hsullar\",\"item\":\"https:\/\/geoclimate.ge\/az\/products\/\"},{\"@type\":\"ListItem\",\"position\":3,\"name\":\"Vibro-MSV: Viskoz s\u00f6n\u00fcml\u00fc anti-vibrasiya yay montaj\u0131\"}]},{\"@type\":\"WebSite\",\"@id\":\"https:\/\/geoclimate.ge\/#website\",\"url\":\"https:\/\/geoclimate.ge\/\",\"name\":\"GeoClimate\",\"description\":\"\",\"publisher\":{\"@id\":\"https:\/\/geoclimate.ge\/#organization\"},\"potentialAction\":[{\"@type\":\"SearchAction\",\"target\":{\"@type\":\"EntryPoint\",\"urlTemplate\":\"https:\/\/geoclimate.ge\/?s={search_term_string}\"},\"query-input\":{\"@type\":\"PropertyValueSpecification\",\"valueRequired\":true,\"valueName\":\"search_term_string\"}}],\"inLanguage\":\"az\"},{\"@type\":\"Organization\",\"@id\":\"https:\/\/geoclimate.ge\/#organization\",\"name\":\"GeoClimate\",\"url\":\"https:\/\/geoclimate.ge\/\",\"logo\":{\"@type\":\"ImageObject\",\"inLanguage\":\"az\",\"@id\":\"https:\/\/geoclimate.ge\/#\/schema\/logo\/image\/\",\"url\":\"https:\/\/geoclimate.ge\/wp-content\/uploads\/2026\/03\/geoclimate-SEO.png\",\"contentUrl\":\"https:\/\/geoclimate.ge\/wp-content\/uploads\/2026\/03\/geoclimate-SEO.png\",\"width\":1536,\"height\":1024,\"caption\":\"GeoClimate\"},\"image\":{\"@id\":\"https:\/\/geoclimate.ge\/#\/schema\/logo\/image\/\"}}]}<\/script>\n<!-- \/ Yoast SEO plugin. -->","yoast_head_json":{"title":"Vibro-MSV: Viskoz s\u00f6n\u00fcml\u00fc anti-vibrasiya yay montaj\u0131 - GeoClimate.ge","robots":{"index":"index","follow":"follow","max-snippet":"max-snippet:-1","max-image-preview":"max-image-preview:large","max-video-preview":"max-video-preview:-1"},"canonical":"https:\/\/geoclimate.ge\/az\/product\/vibro-msv-anti-vibration-spring-mount-with-viscous-damping\/","og_locale":"az_AZ","og_type":"article","og_title":"Vibro-MSV: Viskoz s\u00f6n\u00fcml\u00fc anti-vibrasiya yay montaj\u0131 - GeoClimate.ge","og_description":"Vibro-MSV \u00e7ox yayl\u0131 vibrasiya \u0259leyhin\u0259 qur\u011fudur. X\u00fcsusi olaraq a\u015fa\u011f\u0131 h\u00fcnd\u00fcrl\u00fcy\u0259 malik olmaq \u00fc\u00e7\u00fcn n\u0259z\u0259rd\u0259 tutulmu\u015fdur v\u0259 \u00f6zl\u00fc materiala g\u00f6r\u0259 a\u015fa\u011f\u0131 tezlikli vibrasiyalarda \u00e7ox effektivdir.  T\u018fSV\u0130R\u0130  Vibro \u2013 MSV, artan vibrasiya izolyasiyas\u0131 v\u0259 \u00e7ox a\u015fa\u011f\u0131 t\u0259bii tezlik \u00fc\u00e7\u00fcn \u00f6zl\u00fc s\u00f6n\u00fcml\u00fc vibrasiya \u0259leyhin\u0259 yay qur\u011fusudur.  Vibro-MSV \u00e7oxlu yaylar\u0131 olan vibrasiya \u0259leyhin\u0259 qur\u011fudur. X\u00fcsusil\u0259 a\u015fa\u011f\u0131 h\u00fcnd\u00fcrl\u00fcy\u0259 malik olmaq \u00fc\u00e7\u00fcn n\u0259z\u0259rd\u0259 tutulmu\u015fdur v\u0259 \u00f6zl\u00fc material say\u0259sind\u0259 a\u015fa\u011f\u0131 tezlikli vibrasiyalarda \u00e7ox t\u0259sirlidir. Vibro-MSV, bazas\u0131na b\u0259rkidilmi\u015f rezin profill\u0259 g\u0259lir v\u0259 bulaqlar vasit\u0259sil\u0259 \u00f6t\u00fcr\u00fcl\u0259 bil\u0259n y\u00fcks\u0259k tezlikl\u0259rd\u0259 izolyasiyan\u0131n s\u0259m\u0259r\u0259liliyini art\u0131rmaq \u00fc\u00e7\u00fcn s\u0259s k\u0259sici rolunu oynay\u0131r.  T\u018fTB\u0130QL\u018fR  Vibro-MSV | Viskoz s\u00f6n\u00fcml\u00fc anti-vibrasiya yay montaj\u0131, f\u0131rlanan ma\u015f\u0131nlar\u0131n m\u00fcxt\u0259lif s\u00fcr\u0259tl\u0259rin\u0259 g\u00f6r\u0259 a\u015fa\u011f\u0131 h\u0259y\u0259can tezliyi il\u0259, amplituda d\u0259yi\u015fk\u0259nliyi il\u0259 ma\u015f\u0131n montaj\u0131n\u0131n vibrasiya n\u0259zar\u0259ti \u00fc\u00e7\u00fcn istifad\u0259 olunur. Bu, ilk n\u00f6vb\u0259d\u0259 HVAC, vibrasiya izolyasiyas\u0131 t\u0259l\u0259b ed\u0259n mexaniki v\u0259 s\u0259naye t\u0259tbiql\u0259rind\u0259 istifad\u0259 olunur.  Bu montaj x\u00fcsusi olaraq a\u015fa\u011f\u0131 tezlikli vibrasiyalar\u0131 udmaq v\u0259 h\u0259y\u0259canl\u0131 h\u0259r\u0259k\u0259ti v\u0259 rezonans n\u00f6qt\u0259sind\u0259 narahatedici vibrasiyalar\u0131n \u015fokunu m\u0259hdudla\u015fd\u0131rmaq \u00fc\u00e7\u00fcn n\u0259z\u0259rd\u0259 tutulmu\u015fdur.  Yaylar innovativ b\u0259rkitm\u0259 sistemi il\u0259 metal bazas\u0131na b\u0259rkidilir. M\u00fcxt\u0259lif centistoks d\u0259r\u0259c\u0259l\u0259rind\u0259 m\u00fcvafiq \u00f6zl\u00fcl\u00fckl\u0259 doldurulmu\u015f silikon maye s\u0259rb\u0259stliyin b\u00fct\u00fcn istiqam\u0259tl\u0259rind\u0259 s\u00f6n\u00fcml\u0259m\u0259 q\u00fcvv\u0259l\u0259rini t\u0259min ed\u0259 bil\u0259r. Kau\u00e7uk baza (ist\u0259k \u0259sas\u0131nda) s\u0259s k\u0259sici rolunu oynay\u0131r v\u0259 yaylar\u0131n metal konstruksiyas\u0131 vasit\u0259sil\u0259 \u00f6t\u00fcr\u00fcl\u0259 bil\u0259n y\u00fcks\u0259k tezlikl\u0259rd\u0259 izolyasiya s\u0259m\u0259r\u0259liliyini art\u0131r\u0131r. Vibro-MSV.H a\u011f\u0131r y\u00fckl\u0259r \u00fc\u00e7\u00fcn t\u00f6vsiy\u0259 olunur.","og_url":"https:\/\/geoclimate.ge\/az\/product\/vibro-msv-anti-vibration-spring-mount-with-viscous-damping\/","og_site_name":"GeoClimate.ge","article_modified_time":"2025-02-25T20:24:29+00:00","og_image":[{"width":319,"height":275,"url":"https:\/\/geoclimate.ge\/wp-content\/uploads\/2025\/02\/MSV-1.jpg","type":"image\/jpeg"}],"twitter_card":"summary_large_image","schema":{"@context":"https:\/\/schema.org","@graph":[{"@type":"WebPage","@id":"https:\/\/geoclimate.ge\/az\/product\/vibro-msv-anti-vibration-spring-mount-with-viscous-damping\/","url":"https:\/\/geoclimate.ge\/az\/product\/vibro-msv-anti-vibration-spring-mount-with-viscous-damping\/","name":"Vibro-MSV: Viskoz s\u00f6n\u00fcml\u00fc anti-vibrasiya yay montaj\u0131 - GeoClimate.ge","isPartOf":{"@id":"https:\/\/geoclimate.ge\/#website"},"primaryImageOfPage":{"@id":"https:\/\/geoclimate.ge\/az\/product\/vibro-msv-anti-vibration-spring-mount-with-viscous-damping\/#primaryimage"},"image":{"@id":"https:\/\/geoclimate.ge\/az\/product\/vibro-msv-anti-vibration-spring-mount-with-viscous-damping\/#primaryimage"},"thumbnailUrl":"https:\/\/geoclimate.ge\/wp-content\/uploads\/2025\/02\/MSV-1.jpg","datePublished":"2025-02-07T14:06:58+00:00","dateModified":"2025-02-25T20:24:29+00:00","breadcrumb":{"@id":"https:\/\/geoclimate.ge\/az\/product\/vibro-msv-anti-vibration-spring-mount-with-viscous-damping\/#breadcrumb"},"inLanguage":"az","potentialAction":[{"@type":"ReadAction","target":["https:\/\/geoclimate.ge\/az\/product\/vibro-msv-anti-vibration-spring-mount-with-viscous-damping\/"]}]},{"@type":"ImageObject","inLanguage":"az","@id":"https:\/\/geoclimate.ge\/az\/product\/vibro-msv-anti-vibration-spring-mount-with-viscous-damping\/#primaryimage","url":"https:\/\/geoclimate.ge\/wp-content\/uploads\/2025\/02\/MSV-1.jpg","contentUrl":"https:\/\/geoclimate.ge\/wp-content\/uploads\/2025\/02\/MSV-1.jpg","width":319,"height":275},{"@type":"BreadcrumbList","@id":"https:\/\/geoclimate.ge\/az\/product\/vibro-msv-anti-vibration-spring-mount-with-viscous-damping\/#breadcrumb","itemListElement":[{"@type":"ListItem","position":1,"name":"Home","item":"https:\/\/geoclimate.ge\/az\/"},{"@type":"ListItem","position":2,"name":"M\u0259hsullar","item":"https:\/\/geoclimate.ge\/az\/products\/"},{"@type":"ListItem","position":3,"name":"Vibro-MSV: Viskoz s\u00f6n\u00fcml\u00fc anti-vibrasiya yay montaj\u0131"}]},{"@type":"WebSite","@id":"https:\/\/geoclimate.ge\/#website","url":"https:\/\/geoclimate.ge\/","name":"GeoClimate","description":"","publisher":{"@id":"https:\/\/geoclimate.ge\/#organization"},"potentialAction":[{"@type":"SearchAction","target":{"@type":"EntryPoint","urlTemplate":"https:\/\/geoclimate.ge\/?s={search_term_string}"},"query-input":{"@type":"PropertyValueSpecification","valueRequired":true,"valueName":"search_term_string"}}],"inLanguage":"az"},{"@type":"Organization","@id":"https:\/\/geoclimate.ge\/#organization","name":"GeoClimate","url":"https:\/\/geoclimate.ge\/","logo":{"@type":"ImageObject","inLanguage":"az","@id":"https:\/\/geoclimate.ge\/#\/schema\/logo\/image\/","url":"https:\/\/geoclimate.ge\/wp-content\/uploads\/2026\/03\/geoclimate-SEO.png","contentUrl":"https:\/\/geoclimate.ge\/wp-content\/uploads\/2026\/03\/geoclimate-SEO.png","width":1536,"height":1024,"caption":"GeoClimate"},"image":{"@id":"https:\/\/geoclimate.ge\/#\/schema\/logo\/image\/"}}]}},"_links":{"self":[{"href":"https:\/\/geoclimate.ge\/az\/wp-json\/wp\/v2\/product\/23722","targetHints":{"allow":["GET"]}}],"collection":[{"href":"https:\/\/geoclimate.ge\/az\/wp-json\/wp\/v2\/product"}],"about":[{"href":"https:\/\/geoclimate.ge\/az\/wp-json\/wp\/v2\/types\/product"}],"wp:featuredmedia":[{"embeddable":true,"href":"https:\/\/geoclimate.ge\/az\/wp-json\/wp\/v2\/media\/22294"}],"wp:attachment":[{"href":"https:\/\/geoclimate.ge\/az\/wp-json\/wp\/v2\/media?parent=23722"}],"wp:term":[{"taxonomy":"product_brand","embeddable":true,"href":"https:\/\/geoclimate.ge\/az\/wp-json\/wp\/v2\/product_brand?post=23722"},{"taxonomy":"product_cat","embeddable":true,"href":"https:\/\/geoclimate.ge\/az\/wp-json\/wp\/v2\/product_cat?post=23722"},{"taxonomy":"product_tag","embeddable":true,"href":"https:\/\/geoclimate.ge\/az\/wp-json\/wp\/v2\/product_tag?post=23722"}],"curies":[{"name":"wp","href":"https:\/\/api.w.org\/{rel}","templated":true}]}}