{"id":23725,"date":"2025-02-07T17:54:22","date_gmt":"2025-02-07T13:54:22","guid":{"rendered":"https:\/\/airsystems.ge\/shop\/product\/vibro-ch-mini-multiform-anti-vibration-suspension\/"},"modified":"2025-02-26T00:24:29","modified_gmt":"2025-02-25T20:24:29","slug":"vibro-ch-mini-multiform-anti-vibration-suspension","status":"publish","type":"product","link":"https:\/\/geoclimate.ge\/az\/product\/vibro-ch-mini-multiform-anti-vibration-suspension\/","title":{"rendered":"Vibro-CH mini: \u00c7oxformal\u0131 Titr\u0259m\u0259y\u0259 Qar\u015f\u0131 Asma"},"content":{"rendered":"<p><strong>Dinamik X\u00fcsusiyy\u0259tl\u0259r<\/strong><\/p>\n<p>Maksimum Y\u00fck:\u00a020\u00a0daN &amp; 50 daN<\/p>\n<p>10Hz-d\u0259n \u00e7ox t\u0259bii tezlik.<\/p>\n<p>\u0130st\u0259y\u0259 g\u00f6r\u0259 daha \u00e7ox y\u00fck.<\/p>\n","protected":false},"excerpt":{"rendered":"<p>Vibro-CH Mini | Multiformal\u0131 Titr\u0259m\u0259 \u018fleyhin\u0259 Asma m\u00fcvafiq yerl\u0259rd\u0259 \u00e7entikl\u0259ri olan sinkl\u0259nmi\u015f poladdan haz\u0131rlanm\u0131\u015f metal \u00e7\u0259r\u00e7iv\u0259d\u0259n v\u0259 Vibro mini vibrasiyaya qar\u015f\u0131 qur\u011fudan ibar\u0259tdir.<\/p>\n<p>&nbsp;<\/p>\n<p>T\u018fSV\u0130R\u0130<\/p>\n<p>Vibro-mini \u2013 Vibro-CH mini anti-vibrasiya rezin d\u0259st\u0259yi il\u0259 Multiformal\u0131 Asma:<\/p>\n<p>Ma\u015f\u0131nlar\u0131n vibrasiyaya qar\u015f\u0131 dayand\u0131r\u0131lmas\u0131 (ventilyatorlar, kondisionerl\u0259r v\u0259 s.)<br \/>\nS\u0259s izolyasiya ed\u0259n asma tavan\u0131n (gips plit\u0259sinin) dayand\u0131r\u0131lmas\u0131.<br \/>\nBorular\u0131n, hava kanallar\u0131n\u0131n vibrasiyaya qar\u015f\u0131 asq\u0131s\u0131.<\/p>\n<p>Vibro-CH mini sinkl\u0259nmi\u015f a\u011f\u0131r metal \u00e7\u0259r\u00e7iv\u0259d\u0259n v\u0259 vibrasiyaya qar\u015f\u0131 rezin Vibro-mini dayaqdan ibar\u0259tdir. Ad\u0259t\u0259n, metal \u00e7\u0259r\u00e7iv\u0259 yast\u0131 formada \u00e7atd\u0131r\u0131l\u0131r. Metal \u00e7\u0259r\u00e7iv\u0259 asanl\u0131qla r\u0259q\u0259ml\u0259rd\u0259 g\u00f6st\u0259ril\u0259n 3 formadan h\u0259r hans\u0131 birin\u0259 \u00e7evril\u0259 bil\u0259r.<\/p>\n<p>FORMALAR<\/p>\n<p>Vibro-CH mini Multiforma Anti-vibrasiya asq\u0131s\u0131 a\u015fa\u011f\u0131dak\u0131 formalarda istifad\u0259 edil\u0259 bil\u0259r:<\/p>\n<p>Forma (1): metal asq\u0131n\u0131n profilinin h\u0259r iki t\u0259r\u0259find\u0259 vidalanm\u0131\u015fd\u0131r.<br \/>\nForma (2): tavanda 2 anker il\u0259 vidalanm\u0131\u015fd\u0131r.<br \/>\nForma (3): tavana 1 l\u00f6vb\u0259rl\u0259 b\u0259rkidilir.<br \/>\nForma (4): qarmaq il\u0259 as\u0131lm\u0131\u015fd\u0131r.<\/p>\n<p>MONTAJ<\/p>\n<p>\u015e\u0259b\u0259k\u0259 nax\u0131\u015f\u0131n\u0131 v\u0259 tavan asma yerini m\u00f6vcud \u00fcz\u0259rind\u0259 qeyd edin<br \/>\nizolyasiya edilm\u0259mi\u015f tavan.<br \/>\nPolad l\u00f6vb\u0259rd\u0259n istifad\u0259 ed\u0259r\u0259k, beton tavana as\u0131lqan\u0131 b\u0259rkidin<br \/>\nM8 v\u0259 rezin elementind\u0259n ke\u00e7\u0259n m\u00fcvafiq \u00e7ubuq<br \/>\nas\u0131lqan, qoruyucu qayka il\u0259 d\u00fcz\u0259ldin.<br \/>\nAs\u0131lqanlar ota\u011f\u0131n \u00f6l\u00e7\u00fcl\u0259rin\u0259 v\u0259 \u00f6l\u00e7\u00fcl\u0259rin\u0259 uy\u011fun olaraq yerl\u0259\u015fdirilir<br \/>\ntavan\u0131n \u00fcmumi \u00e7\u0259kisi, t\u0259xmin\u0259n 4 as\u0131lqan\/m\u00b2.<br \/>\n\u0130zolyatorun ayaqlar\u0131n\u0131 2+2 uy\u011fun istifad\u0259 ed\u0259r\u0259k \u0259sas profild\u0259 d\u00fcz\u0259ldin<br \/>\nvintl\u0259r.<br \/>\nB\u00fct\u00fcn metal kanallar perimetri divarlar\u0131 il\u0259 t\u0259masda olmamal\u0131d\u0131r<br \/>\ns\u0259s k\u00f6rp\u00fcl\u0259ri).<br \/>\nD\u00fcz\u0259ldici t\u0259nziml\u0259m\u0259y\u0259 davam etm\u0259k \u00fc\u00e7\u00fcn alt qozunu i\u00e7\u0259ri \u00e7evirin<br \/>\nlaz\u0131mi s\u0259viyy\u0259y\u0259 \u00e7atana q\u0259d\u0259r m\u00fcvafiq istiqam\u0259td\u0259.<br \/>\nS\u0259s udma sistemi d\u0259 daxil olmaqla idman zal\u0131 sistemini qura\u015fd\u0131r\u0131n<br \/>\nplit\u0259l\u0259r v\u0259 s\u0259s-k\u00fcy izolyasiya membranlar\u0131na g\u00f6r\u0259<br \/>\ngymsumboard istehsal\u00e7\u0131s\u0131 t\u0259limatlar\u0131.<br \/>\nKenarlar\u0131 m\u00f6hk\u0259m b\u0259rkitm\u0259y\u0259n mastika il\u0259 m\u00f6h\u00fcrl\u0259yin.<\/p>\n","protected":false},"featured_media":22282,"template":"","meta":[],"product_brand":[],"product_cat":[927],"product_tag":[],"class_list":{"0":"post-23725","1":"product","2":"type-product","3":"status-publish","4":"has-post-thumbnail","6":"product_cat-vibrasiya-anti-ss-kuy-akustik-az","8":"first","9":"instock","10":"shipping-taxable","11":"product-type-simple"},"yoast_head":"<!-- This site is optimized with the Yoast SEO plugin v27.1.1 - https:\/\/yoast.com\/product\/yoast-seo-wordpress\/ -->\n<title>Vibro-CH mini: \u00c7oxformal\u0131 Titr\u0259m\u0259y\u0259 Qar\u015f\u0131 Asma - GeoClimate.ge<\/title>\n<meta name=\"robots\" content=\"index, follow, max-snippet:-1, max-image-preview:large, max-video-preview:-1\" \/>\n<link rel=\"canonical\" href=\"https:\/\/geoclimate.ge\/az\/product\/vibro-ch-mini-multiform-anti-vibration-suspension\/\" \/>\n<meta property=\"og:locale\" content=\"az_AZ\" \/>\n<meta property=\"og:type\" content=\"article\" \/>\n<meta property=\"og:title\" content=\"Vibro-CH mini: \u00c7oxformal\u0131 Titr\u0259m\u0259y\u0259 Qar\u015f\u0131 Asma - GeoClimate.ge\" \/>\n<meta property=\"og:description\" content=\"Vibro-CH Mini | Multiformal\u0131 Titr\u0259m\u0259 \u018fleyhin\u0259 Asma m\u00fcvafiq yerl\u0259rd\u0259 \u00e7entikl\u0259ri olan sinkl\u0259nmi\u015f poladdan haz\u0131rlanm\u0131\u015f metal \u00e7\u0259r\u00e7iv\u0259d\u0259n v\u0259 Vibro mini vibrasiyaya qar\u015f\u0131 qur\u011fudan ibar\u0259tdir.  &nbsp;  T\u018fSV\u0130R\u0130  Vibro-mini \u2013 Vibro-CH mini anti-vibrasiya rezin d\u0259st\u0259yi il\u0259 Multiformal\u0131 Asma:  Ma\u015f\u0131nlar\u0131n vibrasiyaya qar\u015f\u0131 dayand\u0131r\u0131lmas\u0131 (ventilyatorlar, kondisionerl\u0259r v\u0259 s.) S\u0259s izolyasiya ed\u0259n asma tavan\u0131n (gips plit\u0259sinin) dayand\u0131r\u0131lmas\u0131. Borular\u0131n, hava kanallar\u0131n\u0131n vibrasiyaya qar\u015f\u0131 asq\u0131s\u0131.  Vibro-CH mini sinkl\u0259nmi\u015f a\u011f\u0131r metal \u00e7\u0259r\u00e7iv\u0259d\u0259n v\u0259 vibrasiyaya qar\u015f\u0131 rezin Vibro-mini dayaqdan ibar\u0259tdir. Ad\u0259t\u0259n, metal \u00e7\u0259r\u00e7iv\u0259 yast\u0131 formada \u00e7atd\u0131r\u0131l\u0131r. Metal \u00e7\u0259r\u00e7iv\u0259 asanl\u0131qla r\u0259q\u0259ml\u0259rd\u0259 g\u00f6st\u0259ril\u0259n 3 formadan h\u0259r hans\u0131 birin\u0259 \u00e7evril\u0259 bil\u0259r.  FORMALAR  Vibro-CH mini Multiforma Anti-vibrasiya asq\u0131s\u0131 a\u015fa\u011f\u0131dak\u0131 formalarda istifad\u0259 edil\u0259 bil\u0259r:  Forma (1): metal asq\u0131n\u0131n profilinin h\u0259r iki t\u0259r\u0259find\u0259 vidalanm\u0131\u015fd\u0131r. Forma (2): tavanda 2 anker il\u0259 vidalanm\u0131\u015fd\u0131r. Forma (3): tavana 1 l\u00f6vb\u0259rl\u0259 b\u0259rkidilir. Forma (4): qarmaq il\u0259 as\u0131lm\u0131\u015fd\u0131r.  MONTAJ  \u015e\u0259b\u0259k\u0259 nax\u0131\u015f\u0131n\u0131 v\u0259 tavan asma yerini m\u00f6vcud \u00fcz\u0259rind\u0259 qeyd edin izolyasiya edilm\u0259mi\u015f tavan. Polad l\u00f6vb\u0259rd\u0259n istifad\u0259 ed\u0259r\u0259k, beton tavana as\u0131lqan\u0131 b\u0259rkidin M8 v\u0259 rezin elementind\u0259n ke\u00e7\u0259n m\u00fcvafiq \u00e7ubuq as\u0131lqan, qoruyucu qayka il\u0259 d\u00fcz\u0259ldin. As\u0131lqanlar ota\u011f\u0131n \u00f6l\u00e7\u00fcl\u0259rin\u0259 v\u0259 \u00f6l\u00e7\u00fcl\u0259rin\u0259 uy\u011fun olaraq yerl\u0259\u015fdirilir tavan\u0131n \u00fcmumi \u00e7\u0259kisi, t\u0259xmin\u0259n 4 as\u0131lqan\/m\u00b2. \u0130zolyatorun ayaqlar\u0131n\u0131 2+2 uy\u011fun istifad\u0259 ed\u0259r\u0259k \u0259sas profild\u0259 d\u00fcz\u0259ldin vintl\u0259r. B\u00fct\u00fcn metal kanallar perimetri divarlar\u0131 il\u0259 t\u0259masda olmamal\u0131d\u0131r s\u0259s k\u00f6rp\u00fcl\u0259ri). D\u00fcz\u0259ldici t\u0259nziml\u0259m\u0259y\u0259 davam etm\u0259k \u00fc\u00e7\u00fcn alt qozunu i\u00e7\u0259ri \u00e7evirin laz\u0131mi s\u0259viyy\u0259y\u0259 \u00e7atana q\u0259d\u0259r m\u00fcvafiq istiqam\u0259td\u0259. S\u0259s udma sistemi d\u0259 daxil olmaqla idman zal\u0131 sistemini qura\u015fd\u0131r\u0131n plit\u0259l\u0259r v\u0259 s\u0259s-k\u00fcy izolyasiya membranlar\u0131na g\u00f6r\u0259 gymsumboard istehsal\u00e7\u0131s\u0131 t\u0259limatlar\u0131. Kenarlar\u0131 m\u00f6hk\u0259m b\u0259rkitm\u0259y\u0259n mastika il\u0259 m\u00f6h\u00fcrl\u0259yin.\" \/>\n<meta property=\"og:url\" content=\"https:\/\/geoclimate.ge\/az\/product\/vibro-ch-mini-multiform-anti-vibration-suspension\/\" \/>\n<meta property=\"og:site_name\" content=\"GeoClimate.ge\" \/>\n<meta property=\"article:modified_time\" content=\"2025-02-25T20:24:29+00:00\" \/>\n<meta property=\"og:image\" content=\"https:\/\/geoclimate.ge\/wp-content\/uploads\/2025\/02\/070709123528_A.jpg\" \/>\n\t<meta property=\"og:image:width\" content=\"800\" \/>\n\t<meta property=\"og:image:height\" content=\"600\" \/>\n\t<meta property=\"og:image:type\" content=\"image\/jpeg\" \/>\n<meta name=\"twitter:card\" content=\"summary_large_image\" \/>\n<script type=\"application\/ld+json\" class=\"yoast-schema-graph\">{\"@context\":\"https:\/\/schema.org\",\"@graph\":[{\"@type\":\"WebPage\",\"@id\":\"https:\/\/geoclimate.ge\/az\/product\/vibro-ch-mini-multiform-anti-vibration-suspension\/\",\"url\":\"https:\/\/geoclimate.ge\/az\/product\/vibro-ch-mini-multiform-anti-vibration-suspension\/\",\"name\":\"Vibro-CH mini: \u00c7oxformal\u0131 Titr\u0259m\u0259y\u0259 Qar\u015f\u0131 Asma - GeoClimate.ge\",\"isPartOf\":{\"@id\":\"https:\/\/geoclimate.ge\/#website\"},\"primaryImageOfPage\":{\"@id\":\"https:\/\/geoclimate.ge\/az\/product\/vibro-ch-mini-multiform-anti-vibration-suspension\/#primaryimage\"},\"image\":{\"@id\":\"https:\/\/geoclimate.ge\/az\/product\/vibro-ch-mini-multiform-anti-vibration-suspension\/#primaryimage\"},\"thumbnailUrl\":\"https:\/\/geoclimate.ge\/wp-content\/uploads\/2025\/02\/070709123528_A.jpg\",\"datePublished\":\"2025-02-07T13:54:22+00:00\",\"dateModified\":\"2025-02-25T20:24:29+00:00\",\"breadcrumb\":{\"@id\":\"https:\/\/geoclimate.ge\/az\/product\/vibro-ch-mini-multiform-anti-vibration-suspension\/#breadcrumb\"},\"inLanguage\":\"az\",\"potentialAction\":[{\"@type\":\"ReadAction\",\"target\":[\"https:\/\/geoclimate.ge\/az\/product\/vibro-ch-mini-multiform-anti-vibration-suspension\/\"]}]},{\"@type\":\"ImageObject\",\"inLanguage\":\"az\",\"@id\":\"https:\/\/geoclimate.ge\/az\/product\/vibro-ch-mini-multiform-anti-vibration-suspension\/#primaryimage\",\"url\":\"https:\/\/geoclimate.ge\/wp-content\/uploads\/2025\/02\/070709123528_A.jpg\",\"contentUrl\":\"https:\/\/geoclimate.ge\/wp-content\/uploads\/2025\/02\/070709123528_A.jpg\",\"width\":800,\"height\":600},{\"@type\":\"BreadcrumbList\",\"@id\":\"https:\/\/geoclimate.ge\/az\/product\/vibro-ch-mini-multiform-anti-vibration-suspension\/#breadcrumb\",\"itemListElement\":[{\"@type\":\"ListItem\",\"position\":1,\"name\":\"Home\",\"item\":\"https:\/\/geoclimate.ge\/az\/\"},{\"@type\":\"ListItem\",\"position\":2,\"name\":\"M\u0259hsullar\",\"item\":\"https:\/\/geoclimate.ge\/az\/products\/\"},{\"@type\":\"ListItem\",\"position\":3,\"name\":\"Vibro-CH mini: \u00c7oxformal\u0131 Titr\u0259m\u0259y\u0259 Qar\u015f\u0131 Asma\"}]},{\"@type\":\"WebSite\",\"@id\":\"https:\/\/geoclimate.ge\/#website\",\"url\":\"https:\/\/geoclimate.ge\/\",\"name\":\"GeoClimate\",\"description\":\"\",\"publisher\":{\"@id\":\"https:\/\/geoclimate.ge\/#organization\"},\"potentialAction\":[{\"@type\":\"SearchAction\",\"target\":{\"@type\":\"EntryPoint\",\"urlTemplate\":\"https:\/\/geoclimate.ge\/?s={search_term_string}\"},\"query-input\":{\"@type\":\"PropertyValueSpecification\",\"valueRequired\":true,\"valueName\":\"search_term_string\"}}],\"inLanguage\":\"az\"},{\"@type\":\"Organization\",\"@id\":\"https:\/\/geoclimate.ge\/#organization\",\"name\":\"GeoClimate\",\"url\":\"https:\/\/geoclimate.ge\/\",\"logo\":{\"@type\":\"ImageObject\",\"inLanguage\":\"az\",\"@id\":\"https:\/\/geoclimate.ge\/#\/schema\/logo\/image\/\",\"url\":\"https:\/\/geoclimate.ge\/wp-content\/uploads\/2026\/03\/geoclimate-SEO.png\",\"contentUrl\":\"https:\/\/geoclimate.ge\/wp-content\/uploads\/2026\/03\/geoclimate-SEO.png\",\"width\":1536,\"height\":1024,\"caption\":\"GeoClimate\"},\"image\":{\"@id\":\"https:\/\/geoclimate.ge\/#\/schema\/logo\/image\/\"}}]}<\/script>\n<!-- \/ Yoast SEO plugin. -->","yoast_head_json":{"title":"Vibro-CH mini: \u00c7oxformal\u0131 Titr\u0259m\u0259y\u0259 Qar\u015f\u0131 Asma - GeoClimate.ge","robots":{"index":"index","follow":"follow","max-snippet":"max-snippet:-1","max-image-preview":"max-image-preview:large","max-video-preview":"max-video-preview:-1"},"canonical":"https:\/\/geoclimate.ge\/az\/product\/vibro-ch-mini-multiform-anti-vibration-suspension\/","og_locale":"az_AZ","og_type":"article","og_title":"Vibro-CH mini: \u00c7oxformal\u0131 Titr\u0259m\u0259y\u0259 Qar\u015f\u0131 Asma - GeoClimate.ge","og_description":"Vibro-CH Mini | Multiformal\u0131 Titr\u0259m\u0259 \u018fleyhin\u0259 Asma m\u00fcvafiq yerl\u0259rd\u0259 \u00e7entikl\u0259ri olan sinkl\u0259nmi\u015f poladdan haz\u0131rlanm\u0131\u015f metal \u00e7\u0259r\u00e7iv\u0259d\u0259n v\u0259 Vibro mini vibrasiyaya qar\u015f\u0131 qur\u011fudan ibar\u0259tdir.  &nbsp;  T\u018fSV\u0130R\u0130  Vibro-mini \u2013 Vibro-CH mini anti-vibrasiya rezin d\u0259st\u0259yi il\u0259 Multiformal\u0131 Asma:  Ma\u015f\u0131nlar\u0131n vibrasiyaya qar\u015f\u0131 dayand\u0131r\u0131lmas\u0131 (ventilyatorlar, kondisionerl\u0259r v\u0259 s.) S\u0259s izolyasiya ed\u0259n asma tavan\u0131n (gips plit\u0259sinin) dayand\u0131r\u0131lmas\u0131. Borular\u0131n, hava kanallar\u0131n\u0131n vibrasiyaya qar\u015f\u0131 asq\u0131s\u0131.  Vibro-CH mini sinkl\u0259nmi\u015f a\u011f\u0131r metal \u00e7\u0259r\u00e7iv\u0259d\u0259n v\u0259 vibrasiyaya qar\u015f\u0131 rezin Vibro-mini dayaqdan ibar\u0259tdir. Ad\u0259t\u0259n, metal \u00e7\u0259r\u00e7iv\u0259 yast\u0131 formada \u00e7atd\u0131r\u0131l\u0131r. Metal \u00e7\u0259r\u00e7iv\u0259 asanl\u0131qla r\u0259q\u0259ml\u0259rd\u0259 g\u00f6st\u0259ril\u0259n 3 formadan h\u0259r hans\u0131 birin\u0259 \u00e7evril\u0259 bil\u0259r.  FORMALAR  Vibro-CH mini Multiforma Anti-vibrasiya asq\u0131s\u0131 a\u015fa\u011f\u0131dak\u0131 formalarda istifad\u0259 edil\u0259 bil\u0259r:  Forma (1): metal asq\u0131n\u0131n profilinin h\u0259r iki t\u0259r\u0259find\u0259 vidalanm\u0131\u015fd\u0131r. Forma (2): tavanda 2 anker il\u0259 vidalanm\u0131\u015fd\u0131r. Forma (3): tavana 1 l\u00f6vb\u0259rl\u0259 b\u0259rkidilir. Forma (4): qarmaq il\u0259 as\u0131lm\u0131\u015fd\u0131r.  MONTAJ  \u015e\u0259b\u0259k\u0259 nax\u0131\u015f\u0131n\u0131 v\u0259 tavan asma yerini m\u00f6vcud \u00fcz\u0259rind\u0259 qeyd edin izolyasiya edilm\u0259mi\u015f tavan. Polad l\u00f6vb\u0259rd\u0259n istifad\u0259 ed\u0259r\u0259k, beton tavana as\u0131lqan\u0131 b\u0259rkidin M8 v\u0259 rezin elementind\u0259n ke\u00e7\u0259n m\u00fcvafiq \u00e7ubuq as\u0131lqan, qoruyucu qayka il\u0259 d\u00fcz\u0259ldin. As\u0131lqanlar ota\u011f\u0131n \u00f6l\u00e7\u00fcl\u0259rin\u0259 v\u0259 \u00f6l\u00e7\u00fcl\u0259rin\u0259 uy\u011fun olaraq yerl\u0259\u015fdirilir tavan\u0131n \u00fcmumi \u00e7\u0259kisi, t\u0259xmin\u0259n 4 as\u0131lqan\/m\u00b2. \u0130zolyatorun ayaqlar\u0131n\u0131 2+2 uy\u011fun istifad\u0259 ed\u0259r\u0259k \u0259sas profild\u0259 d\u00fcz\u0259ldin vintl\u0259r. B\u00fct\u00fcn metal kanallar perimetri divarlar\u0131 il\u0259 t\u0259masda olmamal\u0131d\u0131r s\u0259s k\u00f6rp\u00fcl\u0259ri). D\u00fcz\u0259ldici t\u0259nziml\u0259m\u0259y\u0259 davam etm\u0259k \u00fc\u00e7\u00fcn alt qozunu i\u00e7\u0259ri \u00e7evirin laz\u0131mi s\u0259viyy\u0259y\u0259 \u00e7atana q\u0259d\u0259r m\u00fcvafiq istiqam\u0259td\u0259. S\u0259s udma sistemi d\u0259 daxil olmaqla idman zal\u0131 sistemini qura\u015fd\u0131r\u0131n plit\u0259l\u0259r v\u0259 s\u0259s-k\u00fcy izolyasiya membranlar\u0131na g\u00f6r\u0259 gymsumboard istehsal\u00e7\u0131s\u0131 t\u0259limatlar\u0131. Kenarlar\u0131 m\u00f6hk\u0259m b\u0259rkitm\u0259y\u0259n mastika il\u0259 m\u00f6h\u00fcrl\u0259yin.","og_url":"https:\/\/geoclimate.ge\/az\/product\/vibro-ch-mini-multiform-anti-vibration-suspension\/","og_site_name":"GeoClimate.ge","article_modified_time":"2025-02-25T20:24:29+00:00","og_image":[{"width":800,"height":600,"url":"https:\/\/geoclimate.ge\/wp-content\/uploads\/2025\/02\/070709123528_A.jpg","type":"image\/jpeg"}],"twitter_card":"summary_large_image","schema":{"@context":"https:\/\/schema.org","@graph":[{"@type":"WebPage","@id":"https:\/\/geoclimate.ge\/az\/product\/vibro-ch-mini-multiform-anti-vibration-suspension\/","url":"https:\/\/geoclimate.ge\/az\/product\/vibro-ch-mini-multiform-anti-vibration-suspension\/","name":"Vibro-CH mini: \u00c7oxformal\u0131 Titr\u0259m\u0259y\u0259 Qar\u015f\u0131 Asma - GeoClimate.ge","isPartOf":{"@id":"https:\/\/geoclimate.ge\/#website"},"primaryImageOfPage":{"@id":"https:\/\/geoclimate.ge\/az\/product\/vibro-ch-mini-multiform-anti-vibration-suspension\/#primaryimage"},"image":{"@id":"https:\/\/geoclimate.ge\/az\/product\/vibro-ch-mini-multiform-anti-vibration-suspension\/#primaryimage"},"thumbnailUrl":"https:\/\/geoclimate.ge\/wp-content\/uploads\/2025\/02\/070709123528_A.jpg","datePublished":"2025-02-07T13:54:22+00:00","dateModified":"2025-02-25T20:24:29+00:00","breadcrumb":{"@id":"https:\/\/geoclimate.ge\/az\/product\/vibro-ch-mini-multiform-anti-vibration-suspension\/#breadcrumb"},"inLanguage":"az","potentialAction":[{"@type":"ReadAction","target":["https:\/\/geoclimate.ge\/az\/product\/vibro-ch-mini-multiform-anti-vibration-suspension\/"]}]},{"@type":"ImageObject","inLanguage":"az","@id":"https:\/\/geoclimate.ge\/az\/product\/vibro-ch-mini-multiform-anti-vibration-suspension\/#primaryimage","url":"https:\/\/geoclimate.ge\/wp-content\/uploads\/2025\/02\/070709123528_A.jpg","contentUrl":"https:\/\/geoclimate.ge\/wp-content\/uploads\/2025\/02\/070709123528_A.jpg","width":800,"height":600},{"@type":"BreadcrumbList","@id":"https:\/\/geoclimate.ge\/az\/product\/vibro-ch-mini-multiform-anti-vibration-suspension\/#breadcrumb","itemListElement":[{"@type":"ListItem","position":1,"name":"Home","item":"https:\/\/geoclimate.ge\/az\/"},{"@type":"ListItem","position":2,"name":"M\u0259hsullar","item":"https:\/\/geoclimate.ge\/az\/products\/"},{"@type":"ListItem","position":3,"name":"Vibro-CH mini: \u00c7oxformal\u0131 Titr\u0259m\u0259y\u0259 Qar\u015f\u0131 Asma"}]},{"@type":"WebSite","@id":"https:\/\/geoclimate.ge\/#website","url":"https:\/\/geoclimate.ge\/","name":"GeoClimate","description":"","publisher":{"@id":"https:\/\/geoclimate.ge\/#organization"},"potentialAction":[{"@type":"SearchAction","target":{"@type":"EntryPoint","urlTemplate":"https:\/\/geoclimate.ge\/?s={search_term_string}"},"query-input":{"@type":"PropertyValueSpecification","valueRequired":true,"valueName":"search_term_string"}}],"inLanguage":"az"},{"@type":"Organization","@id":"https:\/\/geoclimate.ge\/#organization","name":"GeoClimate","url":"https:\/\/geoclimate.ge\/","logo":{"@type":"ImageObject","inLanguage":"az","@id":"https:\/\/geoclimate.ge\/#\/schema\/logo\/image\/","url":"https:\/\/geoclimate.ge\/wp-content\/uploads\/2026\/03\/geoclimate-SEO.png","contentUrl":"https:\/\/geoclimate.ge\/wp-content\/uploads\/2026\/03\/geoclimate-SEO.png","width":1536,"height":1024,"caption":"GeoClimate"},"image":{"@id":"https:\/\/geoclimate.ge\/#\/schema\/logo\/image\/"}}]}},"_links":{"self":[{"href":"https:\/\/geoclimate.ge\/az\/wp-json\/wp\/v2\/product\/23725","targetHints":{"allow":["GET"]}}],"collection":[{"href":"https:\/\/geoclimate.ge\/az\/wp-json\/wp\/v2\/product"}],"about":[{"href":"https:\/\/geoclimate.ge\/az\/wp-json\/wp\/v2\/types\/product"}],"wp:featuredmedia":[{"embeddable":true,"href":"https:\/\/geoclimate.ge\/az\/wp-json\/wp\/v2\/media\/22282"}],"wp:attachment":[{"href":"https:\/\/geoclimate.ge\/az\/wp-json\/wp\/v2\/media?parent=23725"}],"wp:term":[{"taxonomy":"product_brand","embeddable":true,"href":"https:\/\/geoclimate.ge\/az\/wp-json\/wp\/v2\/product_brand?post=23725"},{"taxonomy":"product_cat","embeddable":true,"href":"https:\/\/geoclimate.ge\/az\/wp-json\/wp\/v2\/product_cat?post=23725"},{"taxonomy":"product_tag","embeddable":true,"href":"https:\/\/geoclimate.ge\/az\/wp-json\/wp\/v2\/product_tag?post=23725"}],"curies":[{"name":"wp","href":"https:\/\/api.w.org\/{rel}","templated":true}]}}