{"id":23746,"date":"2025-02-07T16:09:53","date_gmt":"2025-02-07T12:09:53","guid":{"rendered":"https:\/\/airsystems.ge\/shop\/product\/vibro-ep-metal-micro-anti-vibration-pads-with-metal-cover\/"},"modified":"2025-02-26T00:24:30","modified_gmt":"2025-02-25T20:24:30","slug":"vibro-ep-metal-micro-anti-vibration-pads-with-metal-cover","status":"publish","type":"product","link":"https:\/\/geoclimate.ge\/az\/product\/vibro-ep-metal-micro-anti-vibration-pads-with-metal-cover\/","title":{"rendered":"Vibro-EP Metal Micro: Metal \u00f6rt\u00fckl\u00fc vibrasiya \u0259leyhin\u0259 yast\u0131qlar"},"content":{"rendered":"<table style=\"height: 141px;\" width=\"621\">\n<thead>\n<tr>\n<th>COLOR CODE<\/th>\n<th>DIMENSIONS (cm)<\/th>\n<th>MAX STATIC LOAD (daN)<\/th>\n<\/tr>\n<\/thead>\n<tbody>\n<tr>\n<td>Red<\/td>\n<td>6.25 x 6.25 x 2.7<\/td>\n<td>35<\/td>\n<\/tr>\n<tr>\n<td>Blue<\/td>\n<td>6.25 x 6.25 x 2.7<\/td>\n<td>60<\/td>\n<\/tr>\n<\/tbody>\n<\/table>\n","protected":false},"excerpt":{"rendered":"<p>T\u0259tbiq olunan y\u00fck\u00fc b\u0259rab\u0259r paylayan v\u0259 elastik hiss\u0259ni ultrab\u0259n\u00f6v\u015f\u0259yi \u015f\u00fcalardan qoruyan Metal Qapaql\u0131 Antivibrasiya Elastik Pad. Vibro-EP Metal Micro vibrasiya \u0259leyhin\u0259 qur\u011fu kimi a\u015fa\u011f\u0131dak\u0131lar \u00fc\u00e7\u00fcn istifad\u0259 edil\u0259 bil\u0259r: Ki\u00e7ik hava kompressorlar\u0131, nasoslar, ventilyatorlar v\u0259 s. Onun ki\u00e7ik \u00f6l\u00e7\u00fcl\u0259ri a\u015fa\u011f\u0131 ma\u015f\u0131n y\u00fckl\u0259ri \u00fc\u00e7\u00fcn a\u015fa\u011f\u0131 qiym\u0259t v\u0259 s\u0259m\u0259r\u0259li h\u0259ll t\u0259klif edir.<\/p>\n<p>Vibro-EP Metal Micro x\u00fcsusi rezin birl\u0259\u015fm\u0259d\u0259n (\u00f6l\u00e7\u00fcl\u0259ri 6,25 x 6,25 sm) v\u0259 x\u00fcsusi formala\u015fd\u0131r\u0131lm\u0131\u015f sinkl\u0259nmi\u015f metal \u00f6rt\u00fckd\u0259n ibar\u0259tdir. D\u0259zgah\u0131n bazas\u0131 il\u0259 elastik aras\u0131nda polad \u00f6rt\u00fcy\u00fcn \u015f\u0259fa\u0259ti, y\u00fck\u00fcn elastik elementin b\u00fct\u00fcn s\u0259thin\u0259 b\u0259rab\u0259r paylanmas\u0131n\u0131 t\u0259min edir. Eyni zamanda, \u00f6rt\u00fck rezinl\u0259ri g\u00fcn\u0259\u015f UV radiasiyas\u0131ndan qoruyur. Qapa\u011f\u0131n yuxar\u0131 t\u0259r\u0259finin ortas\u0131nda m\u00fcvafiq b\u0259rkitm\u0259 vintini q\u0259bul ed\u0259n (daxil deyil) daxili M8 ipi qura\u015fd\u0131r\u0131lm\u0131\u015fd\u0131r. Bu m\u0259hsul \u00fc\u00e7\u00fcn fiksasiya \u00fczr\u0259 maksimum y\u00fck\u0259 g\u00f6r\u0259 (q\u0131rm\u0131z\u0131 v\u0259 mavi) iki r\u0259ng kodlu rezin n\u00f6v\u00fc var.<\/p>\n<p>Bu m\u0259hsuldan istifad\u0259 ed\u0259rk\u0259n, yuyucusu olan iki qozdan istifad\u0259 ed\u0259r\u0259k h\u00fcnd\u00fcrl\u00fcy\u00fcn t\u0259nziml\u0259nm\u0259sin\u0259 nail olmaq m\u00fcmk\u00fcnd\u00fcr.<\/p>\n<p>Niy\u0259 Vibro-EP Metal Micro | Metal Qapaql\u0131 Vibrasiyaya Qar\u015f\u0131 Elastik Yast\u0131qlar:<\/p>\n<p>Qura\u015fd\u0131rmaq asan<br \/>\nAntivibrasiya Ma\u015f\u0131nlar\u0131na D\u0259st\u0259k \u00fc\u00e7\u00fcn istifad\u0259 edil\u0259 bil\u0259r<br \/>\nMa\u015f\u0131nlar\u0131n b\u0259rkidilm\u0259si \u00fc\u00e7\u00fcn istifad\u0259 edil\u0259 bil\u0259r<br \/>\nT\u018fTB\u0130QL\u018fR<\/p>\n<p>ANT\u0130V\u0130BRASYON D\u018fST\u018fKL\u018fR\u0130: Ki\u00e7ik hava kompressorlar\u0131 \u2013 Nasoslar \u2013 Fanlar \u2013 Kondisionerl\u0259r v\u0259 s.<\/p>\n<p>\u00d6L\u00c7\u00dcL\u018fR<\/p>\n<p>Elastik Element \u00f6l\u00e7\u00fcl\u0259ri: 6,25 x 6,25 x 2,5 sm<br \/>\n\u00dcmumi h\u00fcnd\u00fcrl\u00fcy\u00fc: 2,7 sm<br \/>\nDaxili ip: M8<\/p>\n<p>D\u0130G\u018fR FORMALAR<br \/>\nVIBRO-EP rezin vibrasiya izolyasiya yast\u0131qlar\u0131 (m\u00fcst\u0259qil) Vibro-EP Metal\u0131n \u00fcr\u0259yidir. X\u00fcsusi t\u0259dqiqatlar\u0131n n\u0259tic\u0259sidir v\u0259 1989-cu ild\u0259n bu formada istehsal olunur, daha da t\u0259kmill\u0259\u015fdirilm\u0259si \u00fc\u00e7\u00fcn x\u00fcsusi madd\u0259l\u0259rl\u0259 qar\u0131\u015fd\u0131r\u0131lm\u0131\u015f birinci d\u0259r\u0259c\u0259li elastomer materialdan haz\u0131rlan\u0131r.<br \/>\nOnun uzununa de\u015fikl\u0259ri t\u0259min edil\u0259n s\u0131x\u0131lman\u0131 art\u0131r\u0131r v\u0259 vibrasiyan\u0131n udulmas\u0131n\u0131 yax\u015f\u0131la\u015fd\u0131r\u0131r.<\/p>\n","protected":false},"featured_media":22220,"template":"","meta":[],"product_brand":[],"product_cat":[927],"product_tag":[],"class_list":{"0":"post-23746","1":"product","2":"type-product","3":"status-publish","4":"has-post-thumbnail","6":"product_cat-vibrasiya-anti-ss-kuy-akustik-az","8":"first","9":"instock","10":"shipping-taxable","11":"product-type-simple"},"yoast_head":"<!-- This site is optimized with the Yoast SEO plugin v27.1.1 - https:\/\/yoast.com\/product\/yoast-seo-wordpress\/ -->\n<title>Vibro-EP Metal Micro: Metal \u00f6rt\u00fckl\u00fc vibrasiya \u0259leyhin\u0259 yast\u0131qlar - GeoClimate.ge<\/title>\n<meta name=\"robots\" content=\"index, follow, max-snippet:-1, max-image-preview:large, max-video-preview:-1\" \/>\n<link rel=\"canonical\" href=\"https:\/\/geoclimate.ge\/az\/product\/vibro-ep-metal-micro-anti-vibration-pads-with-metal-cover\/\" \/>\n<meta property=\"og:locale\" content=\"az_AZ\" \/>\n<meta property=\"og:type\" content=\"article\" \/>\n<meta property=\"og:title\" content=\"Vibro-EP Metal Micro: Metal \u00f6rt\u00fckl\u00fc vibrasiya \u0259leyhin\u0259 yast\u0131qlar - GeoClimate.ge\" \/>\n<meta property=\"og:description\" content=\"T\u0259tbiq olunan y\u00fck\u00fc b\u0259rab\u0259r paylayan v\u0259 elastik hiss\u0259ni ultrab\u0259n\u00f6v\u015f\u0259yi \u015f\u00fcalardan qoruyan Metal Qapaql\u0131 Antivibrasiya Elastik Pad. Vibro-EP Metal Micro vibrasiya \u0259leyhin\u0259 qur\u011fu kimi a\u015fa\u011f\u0131dak\u0131lar \u00fc\u00e7\u00fcn istifad\u0259 edil\u0259 bil\u0259r: Ki\u00e7ik hava kompressorlar\u0131, nasoslar, ventilyatorlar v\u0259 s. Onun ki\u00e7ik \u00f6l\u00e7\u00fcl\u0259ri a\u015fa\u011f\u0131 ma\u015f\u0131n y\u00fckl\u0259ri \u00fc\u00e7\u00fcn a\u015fa\u011f\u0131 qiym\u0259t v\u0259 s\u0259m\u0259r\u0259li h\u0259ll t\u0259klif edir.  Vibro-EP Metal Micro x\u00fcsusi rezin birl\u0259\u015fm\u0259d\u0259n (\u00f6l\u00e7\u00fcl\u0259ri 6,25 x 6,25 sm) v\u0259 x\u00fcsusi formala\u015fd\u0131r\u0131lm\u0131\u015f sinkl\u0259nmi\u015f metal \u00f6rt\u00fckd\u0259n ibar\u0259tdir. D\u0259zgah\u0131n bazas\u0131 il\u0259 elastik aras\u0131nda polad \u00f6rt\u00fcy\u00fcn \u015f\u0259fa\u0259ti, y\u00fck\u00fcn elastik elementin b\u00fct\u00fcn s\u0259thin\u0259 b\u0259rab\u0259r paylanmas\u0131n\u0131 t\u0259min edir. Eyni zamanda, \u00f6rt\u00fck rezinl\u0259ri g\u00fcn\u0259\u015f UV radiasiyas\u0131ndan qoruyur. Qapa\u011f\u0131n yuxar\u0131 t\u0259r\u0259finin ortas\u0131nda m\u00fcvafiq b\u0259rkitm\u0259 vintini q\u0259bul ed\u0259n (daxil deyil) daxili M8 ipi qura\u015fd\u0131r\u0131lm\u0131\u015fd\u0131r. Bu m\u0259hsul \u00fc\u00e7\u00fcn fiksasiya \u00fczr\u0259 maksimum y\u00fck\u0259 g\u00f6r\u0259 (q\u0131rm\u0131z\u0131 v\u0259 mavi) iki r\u0259ng kodlu rezin n\u00f6v\u00fc var.  Bu m\u0259hsuldan istifad\u0259 ed\u0259rk\u0259n, yuyucusu olan iki qozdan istifad\u0259 ed\u0259r\u0259k h\u00fcnd\u00fcrl\u00fcy\u00fcn t\u0259nziml\u0259nm\u0259sin\u0259 nail olmaq m\u00fcmk\u00fcnd\u00fcr.  Niy\u0259 Vibro-EP Metal Micro | Metal Qapaql\u0131 Vibrasiyaya Qar\u015f\u0131 Elastik Yast\u0131qlar:  Qura\u015fd\u0131rmaq asan Antivibrasiya Ma\u015f\u0131nlar\u0131na D\u0259st\u0259k \u00fc\u00e7\u00fcn istifad\u0259 edil\u0259 bil\u0259r Ma\u015f\u0131nlar\u0131n b\u0259rkidilm\u0259si \u00fc\u00e7\u00fcn istifad\u0259 edil\u0259 bil\u0259r T\u018fTB\u0130QL\u018fR  ANT\u0130V\u0130BRASYON D\u018fST\u018fKL\u018fR\u0130: Ki\u00e7ik hava kompressorlar\u0131 \u2013 Nasoslar \u2013 Fanlar \u2013 Kondisionerl\u0259r v\u0259 s.  \u00d6L\u00c7\u00dcL\u018fR  Elastik Element \u00f6l\u00e7\u00fcl\u0259ri: 6,25 x 6,25 x 2,5 sm \u00dcmumi h\u00fcnd\u00fcrl\u00fcy\u00fc: 2,7 sm Daxili ip: M8  D\u0130G\u018fR FORMALAR VIBRO-EP rezin vibrasiya izolyasiya yast\u0131qlar\u0131 (m\u00fcst\u0259qil) Vibro-EP Metal\u0131n \u00fcr\u0259yidir. X\u00fcsusi t\u0259dqiqatlar\u0131n n\u0259tic\u0259sidir v\u0259 1989-cu ild\u0259n bu formada istehsal olunur, daha da t\u0259kmill\u0259\u015fdirilm\u0259si \u00fc\u00e7\u00fcn x\u00fcsusi madd\u0259l\u0259rl\u0259 qar\u0131\u015fd\u0131r\u0131lm\u0131\u015f birinci d\u0259r\u0259c\u0259li elastomer materialdan haz\u0131rlan\u0131r. Onun uzununa de\u015fikl\u0259ri t\u0259min edil\u0259n s\u0131x\u0131lman\u0131 art\u0131r\u0131r v\u0259 vibrasiyan\u0131n udulmas\u0131n\u0131 yax\u015f\u0131la\u015fd\u0131r\u0131r.\" \/>\n<meta property=\"og:url\" content=\"https:\/\/geoclimate.ge\/az\/product\/vibro-ep-metal-micro-anti-vibration-pads-with-metal-cover\/\" \/>\n<meta property=\"og:site_name\" content=\"GeoClimate.ge\" \/>\n<meta property=\"article:modified_time\" content=\"2025-02-25T20:24:30+00:00\" \/>\n<meta property=\"og:image\" content=\"https:\/\/geoclimate.ge\/wp-content\/uploads\/2025\/02\/Vibro-EP-Metal-Micro.png\" \/>\n\t<meta property=\"og:image:width\" content=\"262\" \/>\n\t<meta property=\"og:image:height\" content=\"281\" \/>\n\t<meta property=\"og:image:type\" content=\"image\/png\" \/>\n<meta name=\"twitter:card\" content=\"summary_large_image\" \/>\n<script type=\"application\/ld+json\" class=\"yoast-schema-graph\">{\"@context\":\"https:\/\/schema.org\",\"@graph\":[{\"@type\":\"WebPage\",\"@id\":\"https:\/\/geoclimate.ge\/az\/product\/vibro-ep-metal-micro-anti-vibration-pads-with-metal-cover\/\",\"url\":\"https:\/\/geoclimate.ge\/az\/product\/vibro-ep-metal-micro-anti-vibration-pads-with-metal-cover\/\",\"name\":\"Vibro-EP Metal Micro: Metal \u00f6rt\u00fckl\u00fc vibrasiya \u0259leyhin\u0259 yast\u0131qlar - GeoClimate.ge\",\"isPartOf\":{\"@id\":\"https:\/\/geoclimate.ge\/#website\"},\"primaryImageOfPage\":{\"@id\":\"https:\/\/geoclimate.ge\/az\/product\/vibro-ep-metal-micro-anti-vibration-pads-with-metal-cover\/#primaryimage\"},\"image\":{\"@id\":\"https:\/\/geoclimate.ge\/az\/product\/vibro-ep-metal-micro-anti-vibration-pads-with-metal-cover\/#primaryimage\"},\"thumbnailUrl\":\"https:\/\/geoclimate.ge\/wp-content\/uploads\/2025\/02\/Vibro-EP-Metal-Micro.png\",\"datePublished\":\"2025-02-07T12:09:53+00:00\",\"dateModified\":\"2025-02-25T20:24:30+00:00\",\"breadcrumb\":{\"@id\":\"https:\/\/geoclimate.ge\/az\/product\/vibro-ep-metal-micro-anti-vibration-pads-with-metal-cover\/#breadcrumb\"},\"inLanguage\":\"az\",\"potentialAction\":[{\"@type\":\"ReadAction\",\"target\":[\"https:\/\/geoclimate.ge\/az\/product\/vibro-ep-metal-micro-anti-vibration-pads-with-metal-cover\/\"]}]},{\"@type\":\"ImageObject\",\"inLanguage\":\"az\",\"@id\":\"https:\/\/geoclimate.ge\/az\/product\/vibro-ep-metal-micro-anti-vibration-pads-with-metal-cover\/#primaryimage\",\"url\":\"https:\/\/geoclimate.ge\/wp-content\/uploads\/2025\/02\/Vibro-EP-Metal-Micro.png\",\"contentUrl\":\"https:\/\/geoclimate.ge\/wp-content\/uploads\/2025\/02\/Vibro-EP-Metal-Micro.png\",\"width\":262,\"height\":281},{\"@type\":\"BreadcrumbList\",\"@id\":\"https:\/\/geoclimate.ge\/az\/product\/vibro-ep-metal-micro-anti-vibration-pads-with-metal-cover\/#breadcrumb\",\"itemListElement\":[{\"@type\":\"ListItem\",\"position\":1,\"name\":\"Home\",\"item\":\"https:\/\/geoclimate.ge\/az\/\"},{\"@type\":\"ListItem\",\"position\":2,\"name\":\"M\u0259hsullar\",\"item\":\"https:\/\/geoclimate.ge\/az\/products\/\"},{\"@type\":\"ListItem\",\"position\":3,\"name\":\"Vibro-EP Metal Micro: Metal \u00f6rt\u00fckl\u00fc vibrasiya \u0259leyhin\u0259 yast\u0131qlar\"}]},{\"@type\":\"WebSite\",\"@id\":\"https:\/\/geoclimate.ge\/#website\",\"url\":\"https:\/\/geoclimate.ge\/\",\"name\":\"GeoClimate\",\"description\":\"\",\"publisher\":{\"@id\":\"https:\/\/geoclimate.ge\/#organization\"},\"potentialAction\":[{\"@type\":\"SearchAction\",\"target\":{\"@type\":\"EntryPoint\",\"urlTemplate\":\"https:\/\/geoclimate.ge\/?s={search_term_string}\"},\"query-input\":{\"@type\":\"PropertyValueSpecification\",\"valueRequired\":true,\"valueName\":\"search_term_string\"}}],\"inLanguage\":\"az\"},{\"@type\":\"Organization\",\"@id\":\"https:\/\/geoclimate.ge\/#organization\",\"name\":\"GeoClimate\",\"url\":\"https:\/\/geoclimate.ge\/\",\"logo\":{\"@type\":\"ImageObject\",\"inLanguage\":\"az\",\"@id\":\"https:\/\/geoclimate.ge\/#\/schema\/logo\/image\/\",\"url\":\"https:\/\/geoclimate.ge\/wp-content\/uploads\/2026\/03\/geoclimate-SEO.png\",\"contentUrl\":\"https:\/\/geoclimate.ge\/wp-content\/uploads\/2026\/03\/geoclimate-SEO.png\",\"width\":1536,\"height\":1024,\"caption\":\"GeoClimate\"},\"image\":{\"@id\":\"https:\/\/geoclimate.ge\/#\/schema\/logo\/image\/\"}}]}<\/script>\n<!-- \/ Yoast SEO plugin. -->","yoast_head_json":{"title":"Vibro-EP Metal Micro: Metal \u00f6rt\u00fckl\u00fc vibrasiya \u0259leyhin\u0259 yast\u0131qlar - GeoClimate.ge","robots":{"index":"index","follow":"follow","max-snippet":"max-snippet:-1","max-image-preview":"max-image-preview:large","max-video-preview":"max-video-preview:-1"},"canonical":"https:\/\/geoclimate.ge\/az\/product\/vibro-ep-metal-micro-anti-vibration-pads-with-metal-cover\/","og_locale":"az_AZ","og_type":"article","og_title":"Vibro-EP Metal Micro: Metal \u00f6rt\u00fckl\u00fc vibrasiya \u0259leyhin\u0259 yast\u0131qlar - GeoClimate.ge","og_description":"T\u0259tbiq olunan y\u00fck\u00fc b\u0259rab\u0259r paylayan v\u0259 elastik hiss\u0259ni ultrab\u0259n\u00f6v\u015f\u0259yi \u015f\u00fcalardan qoruyan Metal Qapaql\u0131 Antivibrasiya Elastik Pad. Vibro-EP Metal Micro vibrasiya \u0259leyhin\u0259 qur\u011fu kimi a\u015fa\u011f\u0131dak\u0131lar \u00fc\u00e7\u00fcn istifad\u0259 edil\u0259 bil\u0259r: Ki\u00e7ik hava kompressorlar\u0131, nasoslar, ventilyatorlar v\u0259 s. Onun ki\u00e7ik \u00f6l\u00e7\u00fcl\u0259ri a\u015fa\u011f\u0131 ma\u015f\u0131n y\u00fckl\u0259ri \u00fc\u00e7\u00fcn a\u015fa\u011f\u0131 qiym\u0259t v\u0259 s\u0259m\u0259r\u0259li h\u0259ll t\u0259klif edir.  Vibro-EP Metal Micro x\u00fcsusi rezin birl\u0259\u015fm\u0259d\u0259n (\u00f6l\u00e7\u00fcl\u0259ri 6,25 x 6,25 sm) v\u0259 x\u00fcsusi formala\u015fd\u0131r\u0131lm\u0131\u015f sinkl\u0259nmi\u015f metal \u00f6rt\u00fckd\u0259n ibar\u0259tdir. D\u0259zgah\u0131n bazas\u0131 il\u0259 elastik aras\u0131nda polad \u00f6rt\u00fcy\u00fcn \u015f\u0259fa\u0259ti, y\u00fck\u00fcn elastik elementin b\u00fct\u00fcn s\u0259thin\u0259 b\u0259rab\u0259r paylanmas\u0131n\u0131 t\u0259min edir. Eyni zamanda, \u00f6rt\u00fck rezinl\u0259ri g\u00fcn\u0259\u015f UV radiasiyas\u0131ndan qoruyur. Qapa\u011f\u0131n yuxar\u0131 t\u0259r\u0259finin ortas\u0131nda m\u00fcvafiq b\u0259rkitm\u0259 vintini q\u0259bul ed\u0259n (daxil deyil) daxili M8 ipi qura\u015fd\u0131r\u0131lm\u0131\u015fd\u0131r. Bu m\u0259hsul \u00fc\u00e7\u00fcn fiksasiya \u00fczr\u0259 maksimum y\u00fck\u0259 g\u00f6r\u0259 (q\u0131rm\u0131z\u0131 v\u0259 mavi) iki r\u0259ng kodlu rezin n\u00f6v\u00fc var.  Bu m\u0259hsuldan istifad\u0259 ed\u0259rk\u0259n, yuyucusu olan iki qozdan istifad\u0259 ed\u0259r\u0259k h\u00fcnd\u00fcrl\u00fcy\u00fcn t\u0259nziml\u0259nm\u0259sin\u0259 nail olmaq m\u00fcmk\u00fcnd\u00fcr.  Niy\u0259 Vibro-EP Metal Micro | Metal Qapaql\u0131 Vibrasiyaya Qar\u015f\u0131 Elastik Yast\u0131qlar:  Qura\u015fd\u0131rmaq asan Antivibrasiya Ma\u015f\u0131nlar\u0131na D\u0259st\u0259k \u00fc\u00e7\u00fcn istifad\u0259 edil\u0259 bil\u0259r Ma\u015f\u0131nlar\u0131n b\u0259rkidilm\u0259si \u00fc\u00e7\u00fcn istifad\u0259 edil\u0259 bil\u0259r T\u018fTB\u0130QL\u018fR  ANT\u0130V\u0130BRASYON D\u018fST\u018fKL\u018fR\u0130: Ki\u00e7ik hava kompressorlar\u0131 \u2013 Nasoslar \u2013 Fanlar \u2013 Kondisionerl\u0259r v\u0259 s.  \u00d6L\u00c7\u00dcL\u018fR  Elastik Element \u00f6l\u00e7\u00fcl\u0259ri: 6,25 x 6,25 x 2,5 sm \u00dcmumi h\u00fcnd\u00fcrl\u00fcy\u00fc: 2,7 sm Daxili ip: M8  D\u0130G\u018fR FORMALAR VIBRO-EP rezin vibrasiya izolyasiya yast\u0131qlar\u0131 (m\u00fcst\u0259qil) Vibro-EP Metal\u0131n \u00fcr\u0259yidir. X\u00fcsusi t\u0259dqiqatlar\u0131n n\u0259tic\u0259sidir v\u0259 1989-cu ild\u0259n bu formada istehsal olunur, daha da t\u0259kmill\u0259\u015fdirilm\u0259si \u00fc\u00e7\u00fcn x\u00fcsusi madd\u0259l\u0259rl\u0259 qar\u0131\u015fd\u0131r\u0131lm\u0131\u015f birinci d\u0259r\u0259c\u0259li elastomer materialdan haz\u0131rlan\u0131r. Onun uzununa de\u015fikl\u0259ri t\u0259min edil\u0259n s\u0131x\u0131lman\u0131 art\u0131r\u0131r v\u0259 vibrasiyan\u0131n udulmas\u0131n\u0131 yax\u015f\u0131la\u015fd\u0131r\u0131r.","og_url":"https:\/\/geoclimate.ge\/az\/product\/vibro-ep-metal-micro-anti-vibration-pads-with-metal-cover\/","og_site_name":"GeoClimate.ge","article_modified_time":"2025-02-25T20:24:30+00:00","og_image":[{"width":262,"height":281,"url":"https:\/\/geoclimate.ge\/wp-content\/uploads\/2025\/02\/Vibro-EP-Metal-Micro.png","type":"image\/png"}],"twitter_card":"summary_large_image","schema":{"@context":"https:\/\/schema.org","@graph":[{"@type":"WebPage","@id":"https:\/\/geoclimate.ge\/az\/product\/vibro-ep-metal-micro-anti-vibration-pads-with-metal-cover\/","url":"https:\/\/geoclimate.ge\/az\/product\/vibro-ep-metal-micro-anti-vibration-pads-with-metal-cover\/","name":"Vibro-EP Metal Micro: Metal \u00f6rt\u00fckl\u00fc vibrasiya \u0259leyhin\u0259 yast\u0131qlar - GeoClimate.ge","isPartOf":{"@id":"https:\/\/geoclimate.ge\/#website"},"primaryImageOfPage":{"@id":"https:\/\/geoclimate.ge\/az\/product\/vibro-ep-metal-micro-anti-vibration-pads-with-metal-cover\/#primaryimage"},"image":{"@id":"https:\/\/geoclimate.ge\/az\/product\/vibro-ep-metal-micro-anti-vibration-pads-with-metal-cover\/#primaryimage"},"thumbnailUrl":"https:\/\/geoclimate.ge\/wp-content\/uploads\/2025\/02\/Vibro-EP-Metal-Micro.png","datePublished":"2025-02-07T12:09:53+00:00","dateModified":"2025-02-25T20:24:30+00:00","breadcrumb":{"@id":"https:\/\/geoclimate.ge\/az\/product\/vibro-ep-metal-micro-anti-vibration-pads-with-metal-cover\/#breadcrumb"},"inLanguage":"az","potentialAction":[{"@type":"ReadAction","target":["https:\/\/geoclimate.ge\/az\/product\/vibro-ep-metal-micro-anti-vibration-pads-with-metal-cover\/"]}]},{"@type":"ImageObject","inLanguage":"az","@id":"https:\/\/geoclimate.ge\/az\/product\/vibro-ep-metal-micro-anti-vibration-pads-with-metal-cover\/#primaryimage","url":"https:\/\/geoclimate.ge\/wp-content\/uploads\/2025\/02\/Vibro-EP-Metal-Micro.png","contentUrl":"https:\/\/geoclimate.ge\/wp-content\/uploads\/2025\/02\/Vibro-EP-Metal-Micro.png","width":262,"height":281},{"@type":"BreadcrumbList","@id":"https:\/\/geoclimate.ge\/az\/product\/vibro-ep-metal-micro-anti-vibration-pads-with-metal-cover\/#breadcrumb","itemListElement":[{"@type":"ListItem","position":1,"name":"Home","item":"https:\/\/geoclimate.ge\/az\/"},{"@type":"ListItem","position":2,"name":"M\u0259hsullar","item":"https:\/\/geoclimate.ge\/az\/products\/"},{"@type":"ListItem","position":3,"name":"Vibro-EP Metal Micro: Metal \u00f6rt\u00fckl\u00fc vibrasiya \u0259leyhin\u0259 yast\u0131qlar"}]},{"@type":"WebSite","@id":"https:\/\/geoclimate.ge\/#website","url":"https:\/\/geoclimate.ge\/","name":"GeoClimate","description":"","publisher":{"@id":"https:\/\/geoclimate.ge\/#organization"},"potentialAction":[{"@type":"SearchAction","target":{"@type":"EntryPoint","urlTemplate":"https:\/\/geoclimate.ge\/?s={search_term_string}"},"query-input":{"@type":"PropertyValueSpecification","valueRequired":true,"valueName":"search_term_string"}}],"inLanguage":"az"},{"@type":"Organization","@id":"https:\/\/geoclimate.ge\/#organization","name":"GeoClimate","url":"https:\/\/geoclimate.ge\/","logo":{"@type":"ImageObject","inLanguage":"az","@id":"https:\/\/geoclimate.ge\/#\/schema\/logo\/image\/","url":"https:\/\/geoclimate.ge\/wp-content\/uploads\/2026\/03\/geoclimate-SEO.png","contentUrl":"https:\/\/geoclimate.ge\/wp-content\/uploads\/2026\/03\/geoclimate-SEO.png","width":1536,"height":1024,"caption":"GeoClimate"},"image":{"@id":"https:\/\/geoclimate.ge\/#\/schema\/logo\/image\/"}}]}},"_links":{"self":[{"href":"https:\/\/geoclimate.ge\/az\/wp-json\/wp\/v2\/product\/23746","targetHints":{"allow":["GET"]}}],"collection":[{"href":"https:\/\/geoclimate.ge\/az\/wp-json\/wp\/v2\/product"}],"about":[{"href":"https:\/\/geoclimate.ge\/az\/wp-json\/wp\/v2\/types\/product"}],"wp:featuredmedia":[{"embeddable":true,"href":"https:\/\/geoclimate.ge\/az\/wp-json\/wp\/v2\/media\/22220"}],"wp:attachment":[{"href":"https:\/\/geoclimate.ge\/az\/wp-json\/wp\/v2\/media?parent=23746"}],"wp:term":[{"taxonomy":"product_brand","embeddable":true,"href":"https:\/\/geoclimate.ge\/az\/wp-json\/wp\/v2\/product_brand?post=23746"},{"taxonomy":"product_cat","embeddable":true,"href":"https:\/\/geoclimate.ge\/az\/wp-json\/wp\/v2\/product_cat?post=23746"},{"taxonomy":"product_tag","embeddable":true,"href":"https:\/\/geoclimate.ge\/az\/wp-json\/wp\/v2\/product_tag?post=23746"}],"curies":[{"name":"wp","href":"https:\/\/api.w.org\/{rel}","templated":true}]}}