{"id":23749,"date":"2025-02-07T16:02:14","date_gmt":"2025-02-07T12:02:14","guid":{"rendered":"https:\/\/airsystems.ge\/shop\/product\/vibro-fon-audio-system-acoustic-decoupler\/"},"modified":"2025-02-26T00:24:30","modified_gmt":"2025-02-25T20:24:30","slug":"vibro-fon-audio-system-acoustic-decoupler","status":"publish","type":"product","link":"https:\/\/geoclimate.ge\/az\/product\/vibro-fon-audio-system-acoustic-decoupler\/","title":{"rendered":"Vibro FON: Audio Sistemi Akustik Decoupler"},"content":{"rendered":"<p><img loading=\"lazy\" decoding=\"async\" class=\"aligncenter wp-image-12338\" src=\"https:\/\/antivibration-systems.com\/wp-content\/uploads\/2023\/12\/Vibro-FON-Selection-Table-300x212.png\" sizes=\"auto, (max-width: 500px) 100vw, 500px\" srcset=\"https:\/\/antivibration-systems.com\/wp-content\/uploads\/2023\/12\/Vibro-FON-Selection-Table-300x212.png 300w, https:\/\/antivibration-systems.com\/wp-content\/uploads\/2023\/12\/Vibro-FON-Selection-Table.png 740w\" alt=\"Vibro FON Selection Table\" width=\"500\" height=\"353\" \/><\/p>\n","protected":false},"excerpt":{"rendered":"<p>Vibro FON h\u0259m studiya, h\u0259m d\u0259 hi-fi istifad\u0259\u00e7il\u0259rinin ehtiyaclar\u0131 n\u0259z\u0259r\u0259 al\u0131nmaqla haz\u0131rlanm\u0131\u015f s\u0259s ay\u0131rma sistemidir.<\/p>\n<p>Vibro FON rezind\u0259n haz\u0131rlan\u0131r v\u0259 onun \u0259sas anti-vibrasiya elementi 25 mm qal\u0131nl\u0131\u011f\u0131nda y\u00fcks\u0259k texnologiyal\u0131 yar\u0131 qapal\u0131 h\u00fcceyr\u0259 poliuretan k\u00f6p\u00fckd\u00fcr.<\/p>\n<p>Vibro FON, kau\u00e7ukdan haz\u0131rlanm\u0131\u015f fincandan v\u0259 kubokun i\u00e7\u0259risind\u0259 yerl\u0259\u015fdirilmi\u015f y\u00fcks\u0259k texnologiyal\u0131 yar\u0131 qapal\u0131 h\u00fcceyr\u0259l\u0259rd\u0259n (Regufoam\u00a9) haz\u0131rlanm\u0131\u015f poliuretan k\u00f6p\u00fck material\u0131ndan (25 mm qal\u0131nl\u0131\u011f\u0131nda) haz\u0131rlanm\u0131\u015f \u0259sas vibrasiya \u0259leyhin\u0259 elementd\u0259n ibar\u0259t audio sistem akustik ay\u0131r\u0131c\u0131 d\u0259st\u0259kdir. Onun orijinal dizayn\u0131 anti-vibrasiya sisteml\u0259rinin dizayn\u0131 v\u0259 inki\u015faf\u0131 sah\u0259sind\u0259 \u00e7oxillik t\u0259cr\u00fcb\u0259nin n\u0259tic\u0259sidir.<\/p>\n<p>S\u0131naqlara g\u00f6r\u0259, Vibro FON dekupl\u00f6rl\u0259rind\u0259n istifad\u0259 zaman\u0131 s\u0259s enerjisinin audiosistem \u015fkaf\u0131ndan onun d\u0259st\u0259kl\u0259yici s\u0259thl\u0259rin\u0259 \u00f6t\u00fcr\u00fclm\u0259si xeyli azal\u0131r. N\u0259tic\u0259 a\u015fa\u011f\u0131 tezlikli d\u0259qiqliyin \u0259h\u0259miyy\u0259tli d\u0259r\u0259c\u0259d\u0259 t\u0259kmill\u0259\u015fdirilmi\u015f qavray\u0131\u015f\u0131, daha ayd\u0131n stereo t\u0259svir v\u0259 bel\u0259likl\u0259 audio sistemi istehsal\u00e7\u0131s\u0131n\u0131n n\u0259z\u0259rd\u0259 tutdu\u011fu dizayna daha sadiq qalan e\u015fitm\u0259 t\u0259sviridir.<\/p>\n<p>Vibro FON audio sisteminin izolyatoru, x\u00fcsusiyy\u0259tl\u0259ri:<\/p>\n<p>Effektiv ay\u0131rma \u00fc\u00e7\u00fcn x\u00fcsusi vibrasiya uducu pad<br \/>\nS\u0259s r\u0259ngini azald\u0131r, s\u0259s ayd\u0131nl\u0131\u011f\u0131n\u0131 art\u0131r\u0131r v\u0259 akustik r\u0259yi azald\u0131r<br \/>\nSubwooferl\u0259r, monitor\/hi-fi dinamikl\u0259r, disk pleyerl\u0259r, d\u00f6n\u0259r masalar, g\u00fccl\u0259ndiricil\u0259r v\u0259 dig\u0259r audio avadanl\u0131qlar \u00fc\u00e7\u00fcn x\u00fcsusi olaraq haz\u0131rlanm\u0131\u015fd\u0131r.<br \/>\nQabaqc\u0131l texnologiya enerji udma k\u00f6p\u00fck material\u0131<br \/>\nStrukturdan qaynaqlanan rezonanslar\u0131n v\u0259 mexaniki t\u0259hrifl\u0259rin qar\u015f\u0131s\u0131n\u0131 al\u0131r<br \/>\nVibrasiyaya n\u0259zar\u0259t probleml\u0259ri \u00fc\u00e7\u00fcn s\u0259rf\u0259li h\u0259ll.<br \/>\n\u00d6L\u00c7\u00dcL\u018fR:<br \/>\n\u03a6 67mm x 30mm (h\u00fcnd\u00fcrl\u00fck)<\/p>\n<p>T\u0130P\u0130K T\u018fTB\u0130QL\u018fR<br \/>\n\u2013 Dinamikl\u0259r, sabvuferl\u0259r, Hi-Fi avadanl\u0131qlar\u0131na d\u0259st\u0259k<br \/>\n\u2013 \u00dcz\u0259n beton v\u0259 ya taxta d\u00f6\u015f\u0259m\u0259l\u0259r (h\u00fcnd\u00fcrl\u00fck t\u0259nziml\u0259nm\u0259si olmadan)<\/p>\n<p>D\u0130G\u018fR FORMALAR<br \/>\nVibro FON-RR rezin st\u0259kan v\u0259 2 \u00e7uxurlu \u0259sasl\u0131 PUR il\u0259 ba\u011flanm\u0131\u015f T\u0259krar emal edilmi\u015f rezin lifl\u0259rd\u0259n haz\u0131rlanm\u0131\u015f \u0259sas vibrasiya \u0259leyhin\u0259 komponentd\u0259n ibar\u0259tdir. Anti-vibrasiya damperinin \u0259sas\u0131n\u0131 t\u0259\u015fkil ed\u0259n bu x\u00fcsusi yast\u0131q rezin st\u0259kan i\u00e7\u0259risin\u0259 daxil edilmi\u015fdir. Vibro-FON-RR, \u00e7uxurlu s\u0259thi say\u0259sind\u0259 t\u0259tbiq olunan \u00e7\u0259ki art\u0131r\u0131ld\u0131qda aktiv da\u015f\u0131y\u0131c\u0131 s\u0259thini art\u0131rd\u0131. Eyni zamanda onun t\u0259bii tezliyi sabit qal\u0131r. Buna g\u00f6r\u0259 d\u0259, geni\u015f bir y\u00fck diapazonu \u00fc\u00e7\u00fcn uy\u011fundur. Daha \u00e7ox bax\u0131n.<\/p>\n<p>MONTAJ<br \/>\nVibro FON geni\u015f t\u0259tbiql\u0259rd\u0259 \u00f6z\u00fcn\u00fc d\u0259st\u0259kl\u0259yir v\u0259 artan s\u00fcrt\u00fcnm\u0259 s\u0259b\u0259bind\u0259n (da\u015f\u0131y\u0131c\u0131 bazadak\u0131 dair\u0259vi halqalar) qo\u015fma t\u0259l\u0259b olunmur (m\u0259s\u0259l\u0259n, \u00fcz\u0259n d\u00f6\u015f\u0259m\u0259 montajlar\u0131).<\/p>\n","protected":false},"featured_media":22212,"template":"","meta":[],"product_brand":[],"product_cat":[927],"product_tag":[],"class_list":{"0":"post-23749","1":"product","2":"type-product","3":"status-publish","4":"has-post-thumbnail","6":"product_cat-vibrasiya-anti-ss-kuy-akustik-az","8":"first","9":"instock","10":"shipping-taxable","11":"product-type-simple"},"yoast_head":"<!-- This site is optimized with the Yoast SEO plugin v27.1.1 - https:\/\/yoast.com\/product\/yoast-seo-wordpress\/ -->\n<title>Vibro FON: Audio Sistemi Akustik Decoupler - GeoClimate.ge<\/title>\n<meta name=\"robots\" content=\"index, follow, max-snippet:-1, max-image-preview:large, max-video-preview:-1\" \/>\n<link rel=\"canonical\" href=\"https:\/\/geoclimate.ge\/az\/product\/vibro-fon-audio-system-acoustic-decoupler\/\" \/>\n<meta property=\"og:locale\" content=\"az_AZ\" \/>\n<meta property=\"og:type\" content=\"article\" \/>\n<meta property=\"og:title\" content=\"Vibro FON: Audio Sistemi Akustik Decoupler - GeoClimate.ge\" \/>\n<meta property=\"og:description\" content=\"Vibro FON h\u0259m studiya, h\u0259m d\u0259 hi-fi istifad\u0259\u00e7il\u0259rinin ehtiyaclar\u0131 n\u0259z\u0259r\u0259 al\u0131nmaqla haz\u0131rlanm\u0131\u015f s\u0259s ay\u0131rma sistemidir.  Vibro FON rezind\u0259n haz\u0131rlan\u0131r v\u0259 onun \u0259sas anti-vibrasiya elementi 25 mm qal\u0131nl\u0131\u011f\u0131nda y\u00fcks\u0259k texnologiyal\u0131 yar\u0131 qapal\u0131 h\u00fcceyr\u0259 poliuretan k\u00f6p\u00fckd\u00fcr.  Vibro FON, kau\u00e7ukdan haz\u0131rlanm\u0131\u015f fincandan v\u0259 kubokun i\u00e7\u0259risind\u0259 yerl\u0259\u015fdirilmi\u015f y\u00fcks\u0259k texnologiyal\u0131 yar\u0131 qapal\u0131 h\u00fcceyr\u0259l\u0259rd\u0259n (Regufoam\u00a9) haz\u0131rlanm\u0131\u015f poliuretan k\u00f6p\u00fck material\u0131ndan (25 mm qal\u0131nl\u0131\u011f\u0131nda) haz\u0131rlanm\u0131\u015f \u0259sas vibrasiya \u0259leyhin\u0259 elementd\u0259n ibar\u0259t audio sistem akustik ay\u0131r\u0131c\u0131 d\u0259st\u0259kdir. Onun orijinal dizayn\u0131 anti-vibrasiya sisteml\u0259rinin dizayn\u0131 v\u0259 inki\u015faf\u0131 sah\u0259sind\u0259 \u00e7oxillik t\u0259cr\u00fcb\u0259nin n\u0259tic\u0259sidir.  S\u0131naqlara g\u00f6r\u0259, Vibro FON dekupl\u00f6rl\u0259rind\u0259n istifad\u0259 zaman\u0131 s\u0259s enerjisinin audiosistem \u015fkaf\u0131ndan onun d\u0259st\u0259kl\u0259yici s\u0259thl\u0259rin\u0259 \u00f6t\u00fcr\u00fclm\u0259si xeyli azal\u0131r. N\u0259tic\u0259 a\u015fa\u011f\u0131 tezlikli d\u0259qiqliyin \u0259h\u0259miyy\u0259tli d\u0259r\u0259c\u0259d\u0259 t\u0259kmill\u0259\u015fdirilmi\u015f qavray\u0131\u015f\u0131, daha ayd\u0131n stereo t\u0259svir v\u0259 bel\u0259likl\u0259 audio sistemi istehsal\u00e7\u0131s\u0131n\u0131n n\u0259z\u0259rd\u0259 tutdu\u011fu dizayna daha sadiq qalan e\u015fitm\u0259 t\u0259sviridir.  Vibro FON audio sisteminin izolyatoru, x\u00fcsusiyy\u0259tl\u0259ri:  Effektiv ay\u0131rma \u00fc\u00e7\u00fcn x\u00fcsusi vibrasiya uducu pad S\u0259s r\u0259ngini azald\u0131r, s\u0259s ayd\u0131nl\u0131\u011f\u0131n\u0131 art\u0131r\u0131r v\u0259 akustik r\u0259yi azald\u0131r Subwooferl\u0259r, monitor\/hi-fi dinamikl\u0259r, disk pleyerl\u0259r, d\u00f6n\u0259r masalar, g\u00fccl\u0259ndiricil\u0259r v\u0259 dig\u0259r audio avadanl\u0131qlar \u00fc\u00e7\u00fcn x\u00fcsusi olaraq haz\u0131rlanm\u0131\u015fd\u0131r. Qabaqc\u0131l texnologiya enerji udma k\u00f6p\u00fck material\u0131 Strukturdan qaynaqlanan rezonanslar\u0131n v\u0259 mexaniki t\u0259hrifl\u0259rin qar\u015f\u0131s\u0131n\u0131 al\u0131r Vibrasiyaya n\u0259zar\u0259t probleml\u0259ri \u00fc\u00e7\u00fcn s\u0259rf\u0259li h\u0259ll. \u00d6L\u00c7\u00dcL\u018fR: \u03a6 67mm x 30mm (h\u00fcnd\u00fcrl\u00fck)  T\u0130P\u0130K T\u018fTB\u0130QL\u018fR \u2013 Dinamikl\u0259r, sabvuferl\u0259r, Hi-Fi avadanl\u0131qlar\u0131na d\u0259st\u0259k \u2013 \u00dcz\u0259n beton v\u0259 ya taxta d\u00f6\u015f\u0259m\u0259l\u0259r (h\u00fcnd\u00fcrl\u00fck t\u0259nziml\u0259nm\u0259si olmadan)  D\u0130G\u018fR FORMALAR Vibro FON-RR rezin st\u0259kan v\u0259 2 \u00e7uxurlu \u0259sasl\u0131 PUR il\u0259 ba\u011flanm\u0131\u015f T\u0259krar emal edilmi\u015f rezin lifl\u0259rd\u0259n haz\u0131rlanm\u0131\u015f \u0259sas vibrasiya \u0259leyhin\u0259 komponentd\u0259n ibar\u0259tdir. Anti-vibrasiya damperinin \u0259sas\u0131n\u0131 t\u0259\u015fkil ed\u0259n bu x\u00fcsusi yast\u0131q rezin st\u0259kan i\u00e7\u0259risin\u0259 daxil edilmi\u015fdir. Vibro-FON-RR, \u00e7uxurlu s\u0259thi say\u0259sind\u0259 t\u0259tbiq olunan \u00e7\u0259ki art\u0131r\u0131ld\u0131qda aktiv da\u015f\u0131y\u0131c\u0131 s\u0259thini art\u0131rd\u0131. Eyni zamanda onun t\u0259bii tezliyi sabit qal\u0131r. Buna g\u00f6r\u0259 d\u0259, geni\u015f bir y\u00fck diapazonu \u00fc\u00e7\u00fcn uy\u011fundur. Daha \u00e7ox bax\u0131n.  MONTAJ Vibro FON geni\u015f t\u0259tbiql\u0259rd\u0259 \u00f6z\u00fcn\u00fc d\u0259st\u0259kl\u0259yir v\u0259 artan s\u00fcrt\u00fcnm\u0259 s\u0259b\u0259bind\u0259n (da\u015f\u0131y\u0131c\u0131 bazadak\u0131 dair\u0259vi halqalar) qo\u015fma t\u0259l\u0259b olunmur (m\u0259s\u0259l\u0259n, \u00fcz\u0259n d\u00f6\u015f\u0259m\u0259 montajlar\u0131).\" \/>\n<meta property=\"og:url\" content=\"https:\/\/geoclimate.ge\/az\/product\/vibro-fon-audio-system-acoustic-decoupler\/\" \/>\n<meta property=\"og:site_name\" content=\"GeoClimate.ge\" \/>\n<meta property=\"article:modified_time\" content=\"2025-02-25T20:24:30+00:00\" \/>\n<meta property=\"og:image\" content=\"https:\/\/geoclimate.ge\/wp-content\/uploads\/2025\/02\/Vibro-FON-Green-e1701965694543.png\" \/>\n\t<meta property=\"og:image:width\" content=\"280\" \/>\n\t<meta property=\"og:image:height\" content=\"200\" \/>\n\t<meta property=\"og:image:type\" content=\"image\/png\" \/>\n<meta name=\"twitter:card\" content=\"summary_large_image\" \/>\n<script type=\"application\/ld+json\" class=\"yoast-schema-graph\">{\"@context\":\"https:\/\/schema.org\",\"@graph\":[{\"@type\":\"WebPage\",\"@id\":\"https:\/\/geoclimate.ge\/az\/product\/vibro-fon-audio-system-acoustic-decoupler\/\",\"url\":\"https:\/\/geoclimate.ge\/az\/product\/vibro-fon-audio-system-acoustic-decoupler\/\",\"name\":\"Vibro FON: Audio Sistemi Akustik Decoupler - GeoClimate.ge\",\"isPartOf\":{\"@id\":\"https:\/\/geoclimate.ge\/#website\"},\"primaryImageOfPage\":{\"@id\":\"https:\/\/geoclimate.ge\/az\/product\/vibro-fon-audio-system-acoustic-decoupler\/#primaryimage\"},\"image\":{\"@id\":\"https:\/\/geoclimate.ge\/az\/product\/vibro-fon-audio-system-acoustic-decoupler\/#primaryimage\"},\"thumbnailUrl\":\"https:\/\/geoclimate.ge\/wp-content\/uploads\/2025\/02\/Vibro-FON-Green-e1701965694543.png\",\"datePublished\":\"2025-02-07T12:02:14+00:00\",\"dateModified\":\"2025-02-25T20:24:30+00:00\",\"breadcrumb\":{\"@id\":\"https:\/\/geoclimate.ge\/az\/product\/vibro-fon-audio-system-acoustic-decoupler\/#breadcrumb\"},\"inLanguage\":\"az\",\"potentialAction\":[{\"@type\":\"ReadAction\",\"target\":[\"https:\/\/geoclimate.ge\/az\/product\/vibro-fon-audio-system-acoustic-decoupler\/\"]}]},{\"@type\":\"ImageObject\",\"inLanguage\":\"az\",\"@id\":\"https:\/\/geoclimate.ge\/az\/product\/vibro-fon-audio-system-acoustic-decoupler\/#primaryimage\",\"url\":\"https:\/\/geoclimate.ge\/wp-content\/uploads\/2025\/02\/Vibro-FON-Green-e1701965694543.png\",\"contentUrl\":\"https:\/\/geoclimate.ge\/wp-content\/uploads\/2025\/02\/Vibro-FON-Green-e1701965694543.png\",\"width\":280,\"height\":200},{\"@type\":\"BreadcrumbList\",\"@id\":\"https:\/\/geoclimate.ge\/az\/product\/vibro-fon-audio-system-acoustic-decoupler\/#breadcrumb\",\"itemListElement\":[{\"@type\":\"ListItem\",\"position\":1,\"name\":\"Home\",\"item\":\"https:\/\/geoclimate.ge\/az\/\"},{\"@type\":\"ListItem\",\"position\":2,\"name\":\"M\u0259hsullar\",\"item\":\"https:\/\/geoclimate.ge\/az\/products\/\"},{\"@type\":\"ListItem\",\"position\":3,\"name\":\"Vibro FON: Audio Sistemi Akustik Decoupler\"}]},{\"@type\":\"WebSite\",\"@id\":\"https:\/\/geoclimate.ge\/#website\",\"url\":\"https:\/\/geoclimate.ge\/\",\"name\":\"GeoClimate\",\"description\":\"\",\"publisher\":{\"@id\":\"https:\/\/geoclimate.ge\/#organization\"},\"potentialAction\":[{\"@type\":\"SearchAction\",\"target\":{\"@type\":\"EntryPoint\",\"urlTemplate\":\"https:\/\/geoclimate.ge\/?s={search_term_string}\"},\"query-input\":{\"@type\":\"PropertyValueSpecification\",\"valueRequired\":true,\"valueName\":\"search_term_string\"}}],\"inLanguage\":\"az\"},{\"@type\":\"Organization\",\"@id\":\"https:\/\/geoclimate.ge\/#organization\",\"name\":\"GeoClimate\",\"url\":\"https:\/\/geoclimate.ge\/\",\"logo\":{\"@type\":\"ImageObject\",\"inLanguage\":\"az\",\"@id\":\"https:\/\/geoclimate.ge\/#\/schema\/logo\/image\/\",\"url\":\"https:\/\/geoclimate.ge\/wp-content\/uploads\/2026\/03\/geoclimate-SEO.png\",\"contentUrl\":\"https:\/\/geoclimate.ge\/wp-content\/uploads\/2026\/03\/geoclimate-SEO.png\",\"width\":1536,\"height\":1024,\"caption\":\"GeoClimate\"},\"image\":{\"@id\":\"https:\/\/geoclimate.ge\/#\/schema\/logo\/image\/\"}}]}<\/script>\n<!-- \/ Yoast SEO plugin. -->","yoast_head_json":{"title":"Vibro FON: Audio Sistemi Akustik Decoupler - GeoClimate.ge","robots":{"index":"index","follow":"follow","max-snippet":"max-snippet:-1","max-image-preview":"max-image-preview:large","max-video-preview":"max-video-preview:-1"},"canonical":"https:\/\/geoclimate.ge\/az\/product\/vibro-fon-audio-system-acoustic-decoupler\/","og_locale":"az_AZ","og_type":"article","og_title":"Vibro FON: Audio Sistemi Akustik Decoupler - GeoClimate.ge","og_description":"Vibro FON h\u0259m studiya, h\u0259m d\u0259 hi-fi istifad\u0259\u00e7il\u0259rinin ehtiyaclar\u0131 n\u0259z\u0259r\u0259 al\u0131nmaqla haz\u0131rlanm\u0131\u015f s\u0259s ay\u0131rma sistemidir.  Vibro FON rezind\u0259n haz\u0131rlan\u0131r v\u0259 onun \u0259sas anti-vibrasiya elementi 25 mm qal\u0131nl\u0131\u011f\u0131nda y\u00fcks\u0259k texnologiyal\u0131 yar\u0131 qapal\u0131 h\u00fcceyr\u0259 poliuretan k\u00f6p\u00fckd\u00fcr.  Vibro FON, kau\u00e7ukdan haz\u0131rlanm\u0131\u015f fincandan v\u0259 kubokun i\u00e7\u0259risind\u0259 yerl\u0259\u015fdirilmi\u015f y\u00fcks\u0259k texnologiyal\u0131 yar\u0131 qapal\u0131 h\u00fcceyr\u0259l\u0259rd\u0259n (Regufoam\u00a9) haz\u0131rlanm\u0131\u015f poliuretan k\u00f6p\u00fck material\u0131ndan (25 mm qal\u0131nl\u0131\u011f\u0131nda) haz\u0131rlanm\u0131\u015f \u0259sas vibrasiya \u0259leyhin\u0259 elementd\u0259n ibar\u0259t audio sistem akustik ay\u0131r\u0131c\u0131 d\u0259st\u0259kdir. Onun orijinal dizayn\u0131 anti-vibrasiya sisteml\u0259rinin dizayn\u0131 v\u0259 inki\u015faf\u0131 sah\u0259sind\u0259 \u00e7oxillik t\u0259cr\u00fcb\u0259nin n\u0259tic\u0259sidir.  S\u0131naqlara g\u00f6r\u0259, Vibro FON dekupl\u00f6rl\u0259rind\u0259n istifad\u0259 zaman\u0131 s\u0259s enerjisinin audiosistem \u015fkaf\u0131ndan onun d\u0259st\u0259kl\u0259yici s\u0259thl\u0259rin\u0259 \u00f6t\u00fcr\u00fclm\u0259si xeyli azal\u0131r. N\u0259tic\u0259 a\u015fa\u011f\u0131 tezlikli d\u0259qiqliyin \u0259h\u0259miyy\u0259tli d\u0259r\u0259c\u0259d\u0259 t\u0259kmill\u0259\u015fdirilmi\u015f qavray\u0131\u015f\u0131, daha ayd\u0131n stereo t\u0259svir v\u0259 bel\u0259likl\u0259 audio sistemi istehsal\u00e7\u0131s\u0131n\u0131n n\u0259z\u0259rd\u0259 tutdu\u011fu dizayna daha sadiq qalan e\u015fitm\u0259 t\u0259sviridir.  Vibro FON audio sisteminin izolyatoru, x\u00fcsusiyy\u0259tl\u0259ri:  Effektiv ay\u0131rma \u00fc\u00e7\u00fcn x\u00fcsusi vibrasiya uducu pad S\u0259s r\u0259ngini azald\u0131r, s\u0259s ayd\u0131nl\u0131\u011f\u0131n\u0131 art\u0131r\u0131r v\u0259 akustik r\u0259yi azald\u0131r Subwooferl\u0259r, monitor\/hi-fi dinamikl\u0259r, disk pleyerl\u0259r, d\u00f6n\u0259r masalar, g\u00fccl\u0259ndiricil\u0259r v\u0259 dig\u0259r audio avadanl\u0131qlar \u00fc\u00e7\u00fcn x\u00fcsusi olaraq haz\u0131rlanm\u0131\u015fd\u0131r. Qabaqc\u0131l texnologiya enerji udma k\u00f6p\u00fck material\u0131 Strukturdan qaynaqlanan rezonanslar\u0131n v\u0259 mexaniki t\u0259hrifl\u0259rin qar\u015f\u0131s\u0131n\u0131 al\u0131r Vibrasiyaya n\u0259zar\u0259t probleml\u0259ri \u00fc\u00e7\u00fcn s\u0259rf\u0259li h\u0259ll. \u00d6L\u00c7\u00dcL\u018fR: \u03a6 67mm x 30mm (h\u00fcnd\u00fcrl\u00fck)  T\u0130P\u0130K T\u018fTB\u0130QL\u018fR \u2013 Dinamikl\u0259r, sabvuferl\u0259r, Hi-Fi avadanl\u0131qlar\u0131na d\u0259st\u0259k \u2013 \u00dcz\u0259n beton v\u0259 ya taxta d\u00f6\u015f\u0259m\u0259l\u0259r (h\u00fcnd\u00fcrl\u00fck t\u0259nziml\u0259nm\u0259si olmadan)  D\u0130G\u018fR FORMALAR Vibro FON-RR rezin st\u0259kan v\u0259 2 \u00e7uxurlu \u0259sasl\u0131 PUR il\u0259 ba\u011flanm\u0131\u015f T\u0259krar emal edilmi\u015f rezin lifl\u0259rd\u0259n haz\u0131rlanm\u0131\u015f \u0259sas vibrasiya \u0259leyhin\u0259 komponentd\u0259n ibar\u0259tdir. Anti-vibrasiya damperinin \u0259sas\u0131n\u0131 t\u0259\u015fkil ed\u0259n bu x\u00fcsusi yast\u0131q rezin st\u0259kan i\u00e7\u0259risin\u0259 daxil edilmi\u015fdir. Vibro-FON-RR, \u00e7uxurlu s\u0259thi say\u0259sind\u0259 t\u0259tbiq olunan \u00e7\u0259ki art\u0131r\u0131ld\u0131qda aktiv da\u015f\u0131y\u0131c\u0131 s\u0259thini art\u0131rd\u0131. Eyni zamanda onun t\u0259bii tezliyi sabit qal\u0131r. Buna g\u00f6r\u0259 d\u0259, geni\u015f bir y\u00fck diapazonu \u00fc\u00e7\u00fcn uy\u011fundur. Daha \u00e7ox bax\u0131n.  MONTAJ Vibro FON geni\u015f t\u0259tbiql\u0259rd\u0259 \u00f6z\u00fcn\u00fc d\u0259st\u0259kl\u0259yir v\u0259 artan s\u00fcrt\u00fcnm\u0259 s\u0259b\u0259bind\u0259n (da\u015f\u0131y\u0131c\u0131 bazadak\u0131 dair\u0259vi halqalar) qo\u015fma t\u0259l\u0259b olunmur (m\u0259s\u0259l\u0259n, \u00fcz\u0259n d\u00f6\u015f\u0259m\u0259 montajlar\u0131).","og_url":"https:\/\/geoclimate.ge\/az\/product\/vibro-fon-audio-system-acoustic-decoupler\/","og_site_name":"GeoClimate.ge","article_modified_time":"2025-02-25T20:24:30+00:00","og_image":[{"width":280,"height":200,"url":"https:\/\/geoclimate.ge\/wp-content\/uploads\/2025\/02\/Vibro-FON-Green-e1701965694543.png","type":"image\/png"}],"twitter_card":"summary_large_image","schema":{"@context":"https:\/\/schema.org","@graph":[{"@type":"WebPage","@id":"https:\/\/geoclimate.ge\/az\/product\/vibro-fon-audio-system-acoustic-decoupler\/","url":"https:\/\/geoclimate.ge\/az\/product\/vibro-fon-audio-system-acoustic-decoupler\/","name":"Vibro FON: Audio Sistemi Akustik Decoupler - GeoClimate.ge","isPartOf":{"@id":"https:\/\/geoclimate.ge\/#website"},"primaryImageOfPage":{"@id":"https:\/\/geoclimate.ge\/az\/product\/vibro-fon-audio-system-acoustic-decoupler\/#primaryimage"},"image":{"@id":"https:\/\/geoclimate.ge\/az\/product\/vibro-fon-audio-system-acoustic-decoupler\/#primaryimage"},"thumbnailUrl":"https:\/\/geoclimate.ge\/wp-content\/uploads\/2025\/02\/Vibro-FON-Green-e1701965694543.png","datePublished":"2025-02-07T12:02:14+00:00","dateModified":"2025-02-25T20:24:30+00:00","breadcrumb":{"@id":"https:\/\/geoclimate.ge\/az\/product\/vibro-fon-audio-system-acoustic-decoupler\/#breadcrumb"},"inLanguage":"az","potentialAction":[{"@type":"ReadAction","target":["https:\/\/geoclimate.ge\/az\/product\/vibro-fon-audio-system-acoustic-decoupler\/"]}]},{"@type":"ImageObject","inLanguage":"az","@id":"https:\/\/geoclimate.ge\/az\/product\/vibro-fon-audio-system-acoustic-decoupler\/#primaryimage","url":"https:\/\/geoclimate.ge\/wp-content\/uploads\/2025\/02\/Vibro-FON-Green-e1701965694543.png","contentUrl":"https:\/\/geoclimate.ge\/wp-content\/uploads\/2025\/02\/Vibro-FON-Green-e1701965694543.png","width":280,"height":200},{"@type":"BreadcrumbList","@id":"https:\/\/geoclimate.ge\/az\/product\/vibro-fon-audio-system-acoustic-decoupler\/#breadcrumb","itemListElement":[{"@type":"ListItem","position":1,"name":"Home","item":"https:\/\/geoclimate.ge\/az\/"},{"@type":"ListItem","position":2,"name":"M\u0259hsullar","item":"https:\/\/geoclimate.ge\/az\/products\/"},{"@type":"ListItem","position":3,"name":"Vibro FON: Audio Sistemi Akustik Decoupler"}]},{"@type":"WebSite","@id":"https:\/\/geoclimate.ge\/#website","url":"https:\/\/geoclimate.ge\/","name":"GeoClimate","description":"","publisher":{"@id":"https:\/\/geoclimate.ge\/#organization"},"potentialAction":[{"@type":"SearchAction","target":{"@type":"EntryPoint","urlTemplate":"https:\/\/geoclimate.ge\/?s={search_term_string}"},"query-input":{"@type":"PropertyValueSpecification","valueRequired":true,"valueName":"search_term_string"}}],"inLanguage":"az"},{"@type":"Organization","@id":"https:\/\/geoclimate.ge\/#organization","name":"GeoClimate","url":"https:\/\/geoclimate.ge\/","logo":{"@type":"ImageObject","inLanguage":"az","@id":"https:\/\/geoclimate.ge\/#\/schema\/logo\/image\/","url":"https:\/\/geoclimate.ge\/wp-content\/uploads\/2026\/03\/geoclimate-SEO.png","contentUrl":"https:\/\/geoclimate.ge\/wp-content\/uploads\/2026\/03\/geoclimate-SEO.png","width":1536,"height":1024,"caption":"GeoClimate"},"image":{"@id":"https:\/\/geoclimate.ge\/#\/schema\/logo\/image\/"}}]}},"_links":{"self":[{"href":"https:\/\/geoclimate.ge\/az\/wp-json\/wp\/v2\/product\/23749","targetHints":{"allow":["GET"]}}],"collection":[{"href":"https:\/\/geoclimate.ge\/az\/wp-json\/wp\/v2\/product"}],"about":[{"href":"https:\/\/geoclimate.ge\/az\/wp-json\/wp\/v2\/types\/product"}],"wp:featuredmedia":[{"embeddable":true,"href":"https:\/\/geoclimate.ge\/az\/wp-json\/wp\/v2\/media\/22212"}],"wp:attachment":[{"href":"https:\/\/geoclimate.ge\/az\/wp-json\/wp\/v2\/media?parent=23749"}],"wp:term":[{"taxonomy":"product_brand","embeddable":true,"href":"https:\/\/geoclimate.ge\/az\/wp-json\/wp\/v2\/product_brand?post=23749"},{"taxonomy":"product_cat","embeddable":true,"href":"https:\/\/geoclimate.ge\/az\/wp-json\/wp\/v2\/product_cat?post=23749"},{"taxonomy":"product_tag","embeddable":true,"href":"https:\/\/geoclimate.ge\/az\/wp-json\/wp\/v2\/product_tag?post=23749"}],"curies":[{"name":"wp","href":"https:\/\/api.w.org\/{rel}","templated":true}]}}