{"id":23751,"date":"2025-02-07T15:54:14","date_gmt":"2025-02-07T11:54:14","guid":{"rendered":"https:\/\/airsystems.ge\/shop\/product\/vibro-tile-versatile-rubber-pad-isolator\/"},"modified":"2025-02-26T00:24:31","modified_gmt":"2025-02-25T20:24:31","slug":"vibro-tile-versatile-rubber-pad-isolator","status":"publish","type":"product","link":"https:\/\/geoclimate.ge\/az\/product\/vibro-tile-versatile-rubber-pad-isolator\/","title":{"rendered":"Vibro \u00c7ini: \u00c7oxfunksiyal\u0131 rezin yast\u0131q izolyatoru"},"content":{"rendered":"<p><img loading=\"lazy\" decoding=\"async\" class=\"alignnone wp-image-12406\" src=\"https:\/\/antivibration-systems.com\/wp-content\/uploads\/2024\/02\/Vibro-Tile-Versatile-rubber-isolation-pad.png\" sizes=\"auto, (max-width: 500px) 100vw, 500px\" srcset=\"https:\/\/antivibration-systems.com\/wp-content\/uploads\/2024\/02\/Vibro-Tile-Versatile-rubber-isolation-pad.png 836w, https:\/\/antivibration-systems.com\/wp-content\/uploads\/2024\/02\/Vibro-Tile-Versatile-rubber-isolation-pad-300x43.png 300w, https:\/\/antivibration-systems.com\/wp-content\/uploads\/2024\/02\/Vibro-Tile-Versatile-rubber-isolation-pad-768x109.png 768w\" alt=\"Vibro Tile - Versatile rubber isolation pad\" width=\"500\" height=\"71\" \/><\/p>\n<p><img loading=\"lazy\" decoding=\"async\" class=\"alignnone wp-image-12405\" src=\"https:\/\/antivibration-systems.com\/wp-content\/uploads\/2024\/07\/Vibro-Tile-Load-Reflection-Curve.webp\" alt=\"Vibro Tile - Load Reflection Curve \" width=\"500\" height=\"500\" \/><\/p>\n<p><img loading=\"lazy\" decoding=\"async\" class=\"alignnone wp-image-12405\" src=\"https:\/\/antivibration-systems.com\/wp-content\/uploads\/2024\/07\/Vibro-Tile-Stress-to-Strain-Curve.webp\" alt=\"Vibro Tile - Stress to Strain Curve \" width=\"500\" height=\"500\" \/><\/p>\n","protected":false},"excerpt":{"rendered":"<p>Vibro TiLe\u00a0mexaniki avadanl\u0131qdan v\u0259 dig\u0259r m\u0259nb\u0259l\u0259rd\u0259n arzuolunmaz vibrasiyan\u0131n \u00f6t\u00fcr\u00fclm\u0259sini t\u0259crid etm\u0259y\u0259 y\u00f6n\u0259lmi\u015f \u00e7ox y\u00f6nl\u00fc rezin anti-vibrasiya kafeldir.<\/p>\n<p>&nbsp;<\/p>\n<p>Vibro-TiLe\u00a0x\u00fcsusi t\u0259rkibli rezind\u0259n haz\u0131rlanm\u0131\u015f \u00e7oxfunksiyal\u0131 vibrasiya \u0259leyhin\u0259 kafeldir. Onun innovativ dizayn\u0131 ALPHA Acoustiki SA-n\u0131n Ar-Ge Departamenti t\u0259r\u0259find\u0259n t\u0259tbiqi asanl\u0131q v\u0259 geni\u015f y\u00fckl\u0259m\u0259 sah\u0259sini \u0259hat\u0259 etm\u0259k imkan\u0131 il\u0259 h\u0259yata ke\u00e7irilmi\u015fdir. X\u00fcsusi formas\u0131na g\u00f6r\u0259, t\u0259tbiq olunan y\u00fckl\u0259 \u0259h\u0259miyy\u0259tli d\u0259r\u0259c\u0259d\u0259 geri \u00e7\u0259kilm\u0259 t\u0259min edir. Bel\u0259likl\u0259, Vibro Tile mexaniki avadanl\u0131\u011f\u0131n istifad\u0259si n\u0259tic\u0259sind\u0259 yaranan vibrasiya v\u0259 z\u0259rb\u0259l\u0259rin y\u00fcks\u0259k faizl\u0259 azald\u0131lmas\u0131na nail olur (85%-\u0259 q\u0259d\u0259r).<\/p>\n<p>T\u0259l\u0259b olunan miqdar\u0131n se\u00e7ilm\u0259sind\u0259 \u00e7evikliy\u0259 imkan verm\u0259k \u00fc\u00e7\u00fcn m\u0259hsul 16 \u0259sas konstruktiv plit\u0259d\u0259n ibar\u0259t 200&#215;200 mm sifari\u015f l\u00f6vh\u0259l\u0259rind\u0259 m\u00f6vcuddur. H\u0259r bir t\u0259tbiqin x\u00fcsusi ehtiyaclar\u0131na uy\u011fun olaraq \u00e7ox asanl\u0131qla par\u00e7alara k\u0259sil\u0259 bil\u0259rl\u0259r. Onlar M6-M8 v\u0259 M10 ke\u00e7irici vintl\u0259rin asanl\u0131qla qura\u015fd\u0131r\u0131la bil\u0259c\u0259yi x\u00fcsusi formal\u0131 konusvari yuvalara malikdir v\u0259 onu ma\u015f\u0131na \u0259lav\u0259 edir. D\u00f6\u015f\u0259m\u0259nin b\u0259rkidilm\u0259si \u00fc\u00e7\u00fcn uy\u011fun ba\u011flay\u0131c\u0131lar vasit\u0259sil\u0259 (laz\u0131m olduqda) daralm\u0131\u015f yuvalar m\u00f6vcuddur.<\/p>\n<p>Vibro Tile-nin orijinal dizayn\u0131 h\u0259tta ke\u00e7id vintl\u0259ri b\u0259rkitm\u0259 \u00fc\u00e7\u00fcn istifad\u0259 edildikd\u0259 bel\u0259 s\u0259s k\u00f6rp\u00fcl\u0259rinin yaranmas\u0131n\u0131n qar\u015f\u0131s\u0131n\u0131 al\u0131r. Vibrasiyan\u0131 daha da azaltmaq \u00fc\u00e7\u00fcn y\u00fck\u00fcn daha b\u0259rab\u0259r paylanmas\u0131 \u00fc\u00e7\u00fcn uy\u011fun bir polad l\u00f6vh\u0259nin daxil edilm\u0259si il\u0259 bir ne\u00e7\u0259 t\u0259b\u0259q\u0259d\u0259 istifad\u0259 edil\u0259 bil\u0259r. Bel\u0259likl\u0259, \u00e7oxsayl\u0131 t\u0259b\u0259q\u0259l\u0259r nominal \u0259yilm\u0259ni v\u0259 vibrasiya izolyasiyas\u0131n\u0131n effektivliyini art\u0131rma\u011fa k\u00f6m\u0259k edir.<\/p>\n<p>\u00d6L\u00c7\u00dcL\u018fR:<br \/>\n\u018fsas struktur kafel:\u00a050x50mm x\u00a020mm (H\u00fcnd\u00fcrl\u00fck)<br \/>\n200x200x20mm v\u0259r\u0259ql\u0259rd\u0259 m\u00f6vcuddur (4\u00d74=16 \u0259sas qurulu\u015f plit\u0259si)<\/p>\n<p>\u00dcst\u00fcnl\u00fckl\u0259ri:<br \/>\n\u2013 Y\u00fck se\u00e7iml\u0259rinin \u00e7evikliyi \u00fc\u00e7\u00fcn modul dizayn<br \/>\n\u2013 Ayr\u0131-ayr\u0131 50 x 50 mm par\u00e7alar asanl\u0131qla k\u0259sil\u0259 bil\u0259r ki, t\u0259l\u0259b olunan dayaq n\u00fcmun\u0259si yarad\u0131ls\u0131n<br \/>\n\u2013 Boltlarla istifad\u0259 edildikd\u0259, asanl\u0131qla \u00e7evik dayaq bazas\u0131na \u00e7evrilir<br \/>\n\u2013 Ma\u015f\u0131n yerd\u0259yi\u015fm\u0259si hal\u0131nda t\u0259krar istifad\u0259 edil\u0259 bil\u0259r<br \/>\n&#8211; Qura\u015fd\u0131rmaq asand\u0131r<br \/>\n&#8211; Geni\u015f y\u00fckl\u0259m\u0259 qabiliyy\u0259ti diapazonu<br \/>\n&#8211; Ekonomik v\u0259 s\u0259m\u0259r\u0259li<\/p>\n<p>T\u0130P\u0130K T\u018fTB\u0130QL\u018fR:<br \/>\nVibro-Kafel yast\u0131qlar\u0131 kompressorlar, HVAC qur\u011fular\u0131, nasoslar, fanatlar, AHU, istilik nasoslar\u0131, generatorlar, transformatorlar, presl\u0259r v\u0259 s. alt\u0131nda istifad\u0259 \u00fc\u00e7\u00fcn uy\u011fundur.<\/p>\n<p>T\u018fTB\u0130Q:<br \/>\n\u018fks\u0259r t\u0259tbiql\u0259rd\u0259\u00a0Vibro-Kafel artan s\u00fcrt\u00fcnm\u0259 (s\u0259thind\u0259 dair\u0259vi halqalar) say\u0259sind\u0259 sabit qala bil\u0259r. Mexanik fiksasiya t\u0259l\u0259b olunan t\u0259tbiql\u0259r \u00fc\u00e7\u00fcn ma\u015f\u0131na v\u0259\/v\u0259 ya d\u00f6\u015f\u0259m\u0259y\u0259 b\u0259rkitm\u0259 \u00fc\u00e7\u00fcn M6-M10 vintl\u0259rini yerl\u0259\u015fdirm\u0259k \u00fc\u00e7\u00fcn x\u00fcsusi haz\u0131rlanm\u0131\u015f \u0259vv\u0259lc\u0259d\u0259n qaz\u0131lm\u0131\u015f delikl\u0259r m\u00f6vcuddur. Bu de\u015fikl\u0259r el\u0259 qurulub ki, onlar vibrasiya \u0259leyhin\u0259 cihaz\u0131n i\u015fini d\u0259yi\u015fm\u0259sin.<\/p>\n<p><img loading=\"lazy\" decoding=\"async\" class=\"wp-image-12474 size-thumbnail aligncenter\" src=\"https:\/\/antivibration-systems.com\/wp-content\/uploads\/2024\/02\/Vibro-TiLe_15.3-01-150x150.jpg\" sizes=\"auto, (max-width: 150px) 100vw, 150px\" srcset=\"https:\/\/antivibration-systems.com\/wp-content\/uploads\/2024\/02\/Vibro-TiLe_15.3-01-150x150.jpg 150w, https:\/\/antivibration-systems.com\/wp-content\/uploads\/2024\/02\/Vibro-TiLe_15.3-01-300x300.jpg 300w, https:\/\/antivibration-systems.com\/wp-content\/uploads\/2024\/02\/Vibro-TiLe_15.3-01-24x24.jpg 24w, https:\/\/antivibration-systems.com\/wp-content\/uploads\/2024\/02\/Vibro-TiLe_15.3-01-48x48.jpg 48w, https:\/\/antivibration-systems.com\/wp-content\/uploads\/2024\/02\/Vibro-TiLe_15.3-01-96x96.jpg 96w, https:\/\/antivibration-systems.com\/wp-content\/uploads\/2024\/02\/Vibro-TiLe_15.3-01.jpg 500w\" alt=\"Vibro Tile antivibration rubber pad\" width=\"150\" height=\"150\" \/><\/p>\n<p>Qeyd: Ma\u015f\u0131n bazas\u0131n\u0131n Vibro TiLe rezin yast\u0131\u011f\u0131n\u0131n b\u00fct\u00fcn s\u0259thini \u00f6rtm\u0259si t\u00f6vsiy\u0259 olunur, \u0259ks halda t\u0259tbiq olunan y\u00fck\u00fc azald\u0131n.<\/p>\n","protected":false},"featured_media":22194,"template":"","meta":[],"product_brand":[],"product_cat":[927],"product_tag":[],"class_list":{"0":"post-23751","1":"product","2":"type-product","3":"status-publish","4":"has-post-thumbnail","6":"product_cat-vibrasiya-anti-ss-kuy-akustik-az","8":"first","9":"instock","10":"shipping-taxable","11":"product-type-simple"},"yoast_head":"<!-- This site is optimized with the Yoast SEO plugin v27.1.1 - https:\/\/yoast.com\/product\/yoast-seo-wordpress\/ -->\n<title>Vibro \u00c7ini: \u00c7oxfunksiyal\u0131 rezin yast\u0131q izolyatoru - GeoClimate.ge<\/title>\n<meta name=\"robots\" content=\"index, follow, max-snippet:-1, max-image-preview:large, max-video-preview:-1\" \/>\n<link rel=\"canonical\" href=\"https:\/\/geoclimate.ge\/az\/product\/vibro-tile-versatile-rubber-pad-isolator\/\" \/>\n<meta property=\"og:locale\" content=\"az_AZ\" \/>\n<meta property=\"og:type\" content=\"article\" \/>\n<meta property=\"og:title\" content=\"Vibro \u00c7ini: \u00c7oxfunksiyal\u0131 rezin yast\u0131q izolyatoru - GeoClimate.ge\" \/>\n<meta property=\"og:description\" content=\"Vibro TiLe\u00a0mexaniki avadanl\u0131qdan v\u0259 dig\u0259r m\u0259nb\u0259l\u0259rd\u0259n arzuolunmaz vibrasiyan\u0131n \u00f6t\u00fcr\u00fclm\u0259sini t\u0259crid etm\u0259y\u0259 y\u00f6n\u0259lmi\u015f \u00e7ox y\u00f6nl\u00fc rezin anti-vibrasiya kafeldir.  &nbsp;  Vibro-TiLe\u00a0x\u00fcsusi t\u0259rkibli rezind\u0259n haz\u0131rlanm\u0131\u015f \u00e7oxfunksiyal\u0131 vibrasiya \u0259leyhin\u0259 kafeldir. Onun innovativ dizayn\u0131 ALPHA Acoustiki SA-n\u0131n Ar-Ge Departamenti t\u0259r\u0259find\u0259n t\u0259tbiqi asanl\u0131q v\u0259 geni\u015f y\u00fckl\u0259m\u0259 sah\u0259sini \u0259hat\u0259 etm\u0259k imkan\u0131 il\u0259 h\u0259yata ke\u00e7irilmi\u015fdir. X\u00fcsusi formas\u0131na g\u00f6r\u0259, t\u0259tbiq olunan y\u00fckl\u0259 \u0259h\u0259miyy\u0259tli d\u0259r\u0259c\u0259d\u0259 geri \u00e7\u0259kilm\u0259 t\u0259min edir. Bel\u0259likl\u0259, Vibro Tile mexaniki avadanl\u0131\u011f\u0131n istifad\u0259si n\u0259tic\u0259sind\u0259 yaranan vibrasiya v\u0259 z\u0259rb\u0259l\u0259rin y\u00fcks\u0259k faizl\u0259 azald\u0131lmas\u0131na nail olur (85%-\u0259 q\u0259d\u0259r).  T\u0259l\u0259b olunan miqdar\u0131n se\u00e7ilm\u0259sind\u0259 \u00e7evikliy\u0259 imkan verm\u0259k \u00fc\u00e7\u00fcn m\u0259hsul 16 \u0259sas konstruktiv plit\u0259d\u0259n ibar\u0259t 200x200 mm sifari\u015f l\u00f6vh\u0259l\u0259rind\u0259 m\u00f6vcuddur. H\u0259r bir t\u0259tbiqin x\u00fcsusi ehtiyaclar\u0131na uy\u011fun olaraq \u00e7ox asanl\u0131qla par\u00e7alara k\u0259sil\u0259 bil\u0259rl\u0259r. Onlar M6-M8 v\u0259 M10 ke\u00e7irici vintl\u0259rin asanl\u0131qla qura\u015fd\u0131r\u0131la bil\u0259c\u0259yi x\u00fcsusi formal\u0131 konusvari yuvalara malikdir v\u0259 onu ma\u015f\u0131na \u0259lav\u0259 edir. D\u00f6\u015f\u0259m\u0259nin b\u0259rkidilm\u0259si \u00fc\u00e7\u00fcn uy\u011fun ba\u011flay\u0131c\u0131lar vasit\u0259sil\u0259 (laz\u0131m olduqda) daralm\u0131\u015f yuvalar m\u00f6vcuddur.  Vibro Tile-nin orijinal dizayn\u0131 h\u0259tta ke\u00e7id vintl\u0259ri b\u0259rkitm\u0259 \u00fc\u00e7\u00fcn istifad\u0259 edildikd\u0259 bel\u0259 s\u0259s k\u00f6rp\u00fcl\u0259rinin yaranmas\u0131n\u0131n qar\u015f\u0131s\u0131n\u0131 al\u0131r. Vibrasiyan\u0131 daha da azaltmaq \u00fc\u00e7\u00fcn y\u00fck\u00fcn daha b\u0259rab\u0259r paylanmas\u0131 \u00fc\u00e7\u00fcn uy\u011fun bir polad l\u00f6vh\u0259nin daxil edilm\u0259si il\u0259 bir ne\u00e7\u0259 t\u0259b\u0259q\u0259d\u0259 istifad\u0259 edil\u0259 bil\u0259r. Bel\u0259likl\u0259, \u00e7oxsayl\u0131 t\u0259b\u0259q\u0259l\u0259r nominal \u0259yilm\u0259ni v\u0259 vibrasiya izolyasiyas\u0131n\u0131n effektivliyini art\u0131rma\u011fa k\u00f6m\u0259k edir.  \u00d6L\u00c7\u00dcL\u018fR: \u018fsas struktur kafel:\u00a050x50mm x\u00a020mm (H\u00fcnd\u00fcrl\u00fck) 200x200x20mm v\u0259r\u0259ql\u0259rd\u0259 m\u00f6vcuddur (4\u00d74=16 \u0259sas qurulu\u015f plit\u0259si)  \u00dcst\u00fcnl\u00fckl\u0259ri: \u2013 Y\u00fck se\u00e7iml\u0259rinin \u00e7evikliyi \u00fc\u00e7\u00fcn modul dizayn \u2013 Ayr\u0131-ayr\u0131 50 x 50 mm par\u00e7alar asanl\u0131qla k\u0259sil\u0259 bil\u0259r ki, t\u0259l\u0259b olunan dayaq n\u00fcmun\u0259si yarad\u0131ls\u0131n \u2013 Boltlarla istifad\u0259 edildikd\u0259, asanl\u0131qla \u00e7evik dayaq bazas\u0131na \u00e7evrilir \u2013 Ma\u015f\u0131n yerd\u0259yi\u015fm\u0259si hal\u0131nda t\u0259krar istifad\u0259 edil\u0259 bil\u0259r - Qura\u015fd\u0131rmaq asand\u0131r - Geni\u015f y\u00fckl\u0259m\u0259 qabiliyy\u0259ti diapazonu - Ekonomik v\u0259 s\u0259m\u0259r\u0259li  T\u0130P\u0130K T\u018fTB\u0130QL\u018fR: Vibro-Kafel yast\u0131qlar\u0131 kompressorlar, HVAC qur\u011fular\u0131, nasoslar, fanatlar, AHU, istilik nasoslar\u0131, generatorlar, transformatorlar, presl\u0259r v\u0259 s. alt\u0131nda istifad\u0259 \u00fc\u00e7\u00fcn uy\u011fundur.  T\u018fTB\u0130Q: \u018fks\u0259r t\u0259tbiql\u0259rd\u0259\u00a0Vibro-Kafel artan s\u00fcrt\u00fcnm\u0259 (s\u0259thind\u0259 dair\u0259vi halqalar) say\u0259sind\u0259 sabit qala bil\u0259r. Mexanik fiksasiya t\u0259l\u0259b olunan t\u0259tbiql\u0259r \u00fc\u00e7\u00fcn ma\u015f\u0131na v\u0259\/v\u0259 ya d\u00f6\u015f\u0259m\u0259y\u0259 b\u0259rkitm\u0259 \u00fc\u00e7\u00fcn M6-M10 vintl\u0259rini yerl\u0259\u015fdirm\u0259k \u00fc\u00e7\u00fcn x\u00fcsusi haz\u0131rlanm\u0131\u015f \u0259vv\u0259lc\u0259d\u0259n qaz\u0131lm\u0131\u015f delikl\u0259r m\u00f6vcuddur. Bu de\u015fikl\u0259r el\u0259 qurulub ki, onlar vibrasiya \u0259leyhin\u0259 cihaz\u0131n i\u015fini d\u0259yi\u015fm\u0259sin.    Qeyd: Ma\u015f\u0131n bazas\u0131n\u0131n Vibro TiLe rezin yast\u0131\u011f\u0131n\u0131n b\u00fct\u00fcn s\u0259thini \u00f6rtm\u0259si t\u00f6vsiy\u0259 olunur, \u0259ks halda t\u0259tbiq olunan y\u00fck\u00fc azald\u0131n.\" \/>\n<meta property=\"og:url\" content=\"https:\/\/geoclimate.ge\/az\/product\/vibro-tile-versatile-rubber-pad-isolator\/\" \/>\n<meta property=\"og:site_name\" content=\"GeoClimate.ge\" \/>\n<meta property=\"article:modified_time\" content=\"2025-02-25T20:24:31+00:00\" \/>\n<meta property=\"og:image\" content=\"https:\/\/geoclimate.ge\/wp-content\/uploads\/2025\/02\/Vibro-TiLe_14.jpg\" \/>\n\t<meta property=\"og:image:width\" content=\"500\" \/>\n\t<meta property=\"og:image:height\" content=\"500\" \/>\n\t<meta property=\"og:image:type\" content=\"image\/jpeg\" \/>\n<meta name=\"twitter:card\" content=\"summary_large_image\" \/>\n<script type=\"application\/ld+json\" class=\"yoast-schema-graph\">{\"@context\":\"https:\/\/schema.org\",\"@graph\":[{\"@type\":\"WebPage\",\"@id\":\"https:\/\/geoclimate.ge\/az\/product\/vibro-tile-versatile-rubber-pad-isolator\/\",\"url\":\"https:\/\/geoclimate.ge\/az\/product\/vibro-tile-versatile-rubber-pad-isolator\/\",\"name\":\"Vibro \u00c7ini: \u00c7oxfunksiyal\u0131 rezin yast\u0131q izolyatoru - GeoClimate.ge\",\"isPartOf\":{\"@id\":\"https:\/\/geoclimate.ge\/#website\"},\"primaryImageOfPage\":{\"@id\":\"https:\/\/geoclimate.ge\/az\/product\/vibro-tile-versatile-rubber-pad-isolator\/#primaryimage\"},\"image\":{\"@id\":\"https:\/\/geoclimate.ge\/az\/product\/vibro-tile-versatile-rubber-pad-isolator\/#primaryimage\"},\"thumbnailUrl\":\"https:\/\/geoclimate.ge\/wp-content\/uploads\/2025\/02\/Vibro-TiLe_14.jpg\",\"datePublished\":\"2025-02-07T11:54:14+00:00\",\"dateModified\":\"2025-02-25T20:24:31+00:00\",\"breadcrumb\":{\"@id\":\"https:\/\/geoclimate.ge\/az\/product\/vibro-tile-versatile-rubber-pad-isolator\/#breadcrumb\"},\"inLanguage\":\"az\",\"potentialAction\":[{\"@type\":\"ReadAction\",\"target\":[\"https:\/\/geoclimate.ge\/az\/product\/vibro-tile-versatile-rubber-pad-isolator\/\"]}]},{\"@type\":\"ImageObject\",\"inLanguage\":\"az\",\"@id\":\"https:\/\/geoclimate.ge\/az\/product\/vibro-tile-versatile-rubber-pad-isolator\/#primaryimage\",\"url\":\"https:\/\/geoclimate.ge\/wp-content\/uploads\/2025\/02\/Vibro-TiLe_14.jpg\",\"contentUrl\":\"https:\/\/geoclimate.ge\/wp-content\/uploads\/2025\/02\/Vibro-TiLe_14.jpg\",\"width\":500,\"height\":500},{\"@type\":\"BreadcrumbList\",\"@id\":\"https:\/\/geoclimate.ge\/az\/product\/vibro-tile-versatile-rubber-pad-isolator\/#breadcrumb\",\"itemListElement\":[{\"@type\":\"ListItem\",\"position\":1,\"name\":\"Home\",\"item\":\"https:\/\/geoclimate.ge\/az\/\"},{\"@type\":\"ListItem\",\"position\":2,\"name\":\"M\u0259hsullar\",\"item\":\"https:\/\/geoclimate.ge\/az\/products\/\"},{\"@type\":\"ListItem\",\"position\":3,\"name\":\"Vibro \u00c7ini: \u00c7oxfunksiyal\u0131 rezin yast\u0131q izolyatoru\"}]},{\"@type\":\"WebSite\",\"@id\":\"https:\/\/geoclimate.ge\/#website\",\"url\":\"https:\/\/geoclimate.ge\/\",\"name\":\"GeoClimate\",\"description\":\"\",\"publisher\":{\"@id\":\"https:\/\/geoclimate.ge\/#organization\"},\"potentialAction\":[{\"@type\":\"SearchAction\",\"target\":{\"@type\":\"EntryPoint\",\"urlTemplate\":\"https:\/\/geoclimate.ge\/?s={search_term_string}\"},\"query-input\":{\"@type\":\"PropertyValueSpecification\",\"valueRequired\":true,\"valueName\":\"search_term_string\"}}],\"inLanguage\":\"az\"},{\"@type\":\"Organization\",\"@id\":\"https:\/\/geoclimate.ge\/#organization\",\"name\":\"GeoClimate\",\"url\":\"https:\/\/geoclimate.ge\/\",\"logo\":{\"@type\":\"ImageObject\",\"inLanguage\":\"az\",\"@id\":\"https:\/\/geoclimate.ge\/#\/schema\/logo\/image\/\",\"url\":\"https:\/\/geoclimate.ge\/wp-content\/uploads\/2026\/03\/geoclimate-SEO.png\",\"contentUrl\":\"https:\/\/geoclimate.ge\/wp-content\/uploads\/2026\/03\/geoclimate-SEO.png\",\"width\":1536,\"height\":1024,\"caption\":\"GeoClimate\"},\"image\":{\"@id\":\"https:\/\/geoclimate.ge\/#\/schema\/logo\/image\/\"}}]}<\/script>\n<!-- \/ Yoast SEO plugin. -->","yoast_head_json":{"title":"Vibro \u00c7ini: \u00c7oxfunksiyal\u0131 rezin yast\u0131q izolyatoru - GeoClimate.ge","robots":{"index":"index","follow":"follow","max-snippet":"max-snippet:-1","max-image-preview":"max-image-preview:large","max-video-preview":"max-video-preview:-1"},"canonical":"https:\/\/geoclimate.ge\/az\/product\/vibro-tile-versatile-rubber-pad-isolator\/","og_locale":"az_AZ","og_type":"article","og_title":"Vibro \u00c7ini: \u00c7oxfunksiyal\u0131 rezin yast\u0131q izolyatoru - GeoClimate.ge","og_description":"Vibro TiLe\u00a0mexaniki avadanl\u0131qdan v\u0259 dig\u0259r m\u0259nb\u0259l\u0259rd\u0259n arzuolunmaz vibrasiyan\u0131n \u00f6t\u00fcr\u00fclm\u0259sini t\u0259crid etm\u0259y\u0259 y\u00f6n\u0259lmi\u015f \u00e7ox y\u00f6nl\u00fc rezin anti-vibrasiya kafeldir.  &nbsp;  Vibro-TiLe\u00a0x\u00fcsusi t\u0259rkibli rezind\u0259n haz\u0131rlanm\u0131\u015f \u00e7oxfunksiyal\u0131 vibrasiya \u0259leyhin\u0259 kafeldir. Onun innovativ dizayn\u0131 ALPHA Acoustiki SA-n\u0131n Ar-Ge Departamenti t\u0259r\u0259find\u0259n t\u0259tbiqi asanl\u0131q v\u0259 geni\u015f y\u00fckl\u0259m\u0259 sah\u0259sini \u0259hat\u0259 etm\u0259k imkan\u0131 il\u0259 h\u0259yata ke\u00e7irilmi\u015fdir. X\u00fcsusi formas\u0131na g\u00f6r\u0259, t\u0259tbiq olunan y\u00fckl\u0259 \u0259h\u0259miyy\u0259tli d\u0259r\u0259c\u0259d\u0259 geri \u00e7\u0259kilm\u0259 t\u0259min edir. Bel\u0259likl\u0259, Vibro Tile mexaniki avadanl\u0131\u011f\u0131n istifad\u0259si n\u0259tic\u0259sind\u0259 yaranan vibrasiya v\u0259 z\u0259rb\u0259l\u0259rin y\u00fcks\u0259k faizl\u0259 azald\u0131lmas\u0131na nail olur (85%-\u0259 q\u0259d\u0259r).  T\u0259l\u0259b olunan miqdar\u0131n se\u00e7ilm\u0259sind\u0259 \u00e7evikliy\u0259 imkan verm\u0259k \u00fc\u00e7\u00fcn m\u0259hsul 16 \u0259sas konstruktiv plit\u0259d\u0259n ibar\u0259t 200x200 mm sifari\u015f l\u00f6vh\u0259l\u0259rind\u0259 m\u00f6vcuddur. H\u0259r bir t\u0259tbiqin x\u00fcsusi ehtiyaclar\u0131na uy\u011fun olaraq \u00e7ox asanl\u0131qla par\u00e7alara k\u0259sil\u0259 bil\u0259rl\u0259r. Onlar M6-M8 v\u0259 M10 ke\u00e7irici vintl\u0259rin asanl\u0131qla qura\u015fd\u0131r\u0131la bil\u0259c\u0259yi x\u00fcsusi formal\u0131 konusvari yuvalara malikdir v\u0259 onu ma\u015f\u0131na \u0259lav\u0259 edir. D\u00f6\u015f\u0259m\u0259nin b\u0259rkidilm\u0259si \u00fc\u00e7\u00fcn uy\u011fun ba\u011flay\u0131c\u0131lar vasit\u0259sil\u0259 (laz\u0131m olduqda) daralm\u0131\u015f yuvalar m\u00f6vcuddur.  Vibro Tile-nin orijinal dizayn\u0131 h\u0259tta ke\u00e7id vintl\u0259ri b\u0259rkitm\u0259 \u00fc\u00e7\u00fcn istifad\u0259 edildikd\u0259 bel\u0259 s\u0259s k\u00f6rp\u00fcl\u0259rinin yaranmas\u0131n\u0131n qar\u015f\u0131s\u0131n\u0131 al\u0131r. Vibrasiyan\u0131 daha da azaltmaq \u00fc\u00e7\u00fcn y\u00fck\u00fcn daha b\u0259rab\u0259r paylanmas\u0131 \u00fc\u00e7\u00fcn uy\u011fun bir polad l\u00f6vh\u0259nin daxil edilm\u0259si il\u0259 bir ne\u00e7\u0259 t\u0259b\u0259q\u0259d\u0259 istifad\u0259 edil\u0259 bil\u0259r. Bel\u0259likl\u0259, \u00e7oxsayl\u0131 t\u0259b\u0259q\u0259l\u0259r nominal \u0259yilm\u0259ni v\u0259 vibrasiya izolyasiyas\u0131n\u0131n effektivliyini art\u0131rma\u011fa k\u00f6m\u0259k edir.  \u00d6L\u00c7\u00dcL\u018fR: \u018fsas struktur kafel:\u00a050x50mm x\u00a020mm (H\u00fcnd\u00fcrl\u00fck) 200x200x20mm v\u0259r\u0259ql\u0259rd\u0259 m\u00f6vcuddur (4\u00d74=16 \u0259sas qurulu\u015f plit\u0259si)  \u00dcst\u00fcnl\u00fckl\u0259ri: \u2013 Y\u00fck se\u00e7iml\u0259rinin \u00e7evikliyi \u00fc\u00e7\u00fcn modul dizayn \u2013 Ayr\u0131-ayr\u0131 50 x 50 mm par\u00e7alar asanl\u0131qla k\u0259sil\u0259 bil\u0259r ki, t\u0259l\u0259b olunan dayaq n\u00fcmun\u0259si yarad\u0131ls\u0131n \u2013 Boltlarla istifad\u0259 edildikd\u0259, asanl\u0131qla \u00e7evik dayaq bazas\u0131na \u00e7evrilir \u2013 Ma\u015f\u0131n yerd\u0259yi\u015fm\u0259si hal\u0131nda t\u0259krar istifad\u0259 edil\u0259 bil\u0259r - Qura\u015fd\u0131rmaq asand\u0131r - Geni\u015f y\u00fckl\u0259m\u0259 qabiliyy\u0259ti diapazonu - Ekonomik v\u0259 s\u0259m\u0259r\u0259li  T\u0130P\u0130K T\u018fTB\u0130QL\u018fR: Vibro-Kafel yast\u0131qlar\u0131 kompressorlar, HVAC qur\u011fular\u0131, nasoslar, fanatlar, AHU, istilik nasoslar\u0131, generatorlar, transformatorlar, presl\u0259r v\u0259 s. alt\u0131nda istifad\u0259 \u00fc\u00e7\u00fcn uy\u011fundur.  T\u018fTB\u0130Q: \u018fks\u0259r t\u0259tbiql\u0259rd\u0259\u00a0Vibro-Kafel artan s\u00fcrt\u00fcnm\u0259 (s\u0259thind\u0259 dair\u0259vi halqalar) say\u0259sind\u0259 sabit qala bil\u0259r. Mexanik fiksasiya t\u0259l\u0259b olunan t\u0259tbiql\u0259r \u00fc\u00e7\u00fcn ma\u015f\u0131na v\u0259\/v\u0259 ya d\u00f6\u015f\u0259m\u0259y\u0259 b\u0259rkitm\u0259 \u00fc\u00e7\u00fcn M6-M10 vintl\u0259rini yerl\u0259\u015fdirm\u0259k \u00fc\u00e7\u00fcn x\u00fcsusi haz\u0131rlanm\u0131\u015f \u0259vv\u0259lc\u0259d\u0259n qaz\u0131lm\u0131\u015f delikl\u0259r m\u00f6vcuddur. Bu de\u015fikl\u0259r el\u0259 qurulub ki, onlar vibrasiya \u0259leyhin\u0259 cihaz\u0131n i\u015fini d\u0259yi\u015fm\u0259sin.    Qeyd: Ma\u015f\u0131n bazas\u0131n\u0131n Vibro TiLe rezin yast\u0131\u011f\u0131n\u0131n b\u00fct\u00fcn s\u0259thini \u00f6rtm\u0259si t\u00f6vsiy\u0259 olunur, \u0259ks halda t\u0259tbiq olunan y\u00fck\u00fc azald\u0131n.","og_url":"https:\/\/geoclimate.ge\/az\/product\/vibro-tile-versatile-rubber-pad-isolator\/","og_site_name":"GeoClimate.ge","article_modified_time":"2025-02-25T20:24:31+00:00","og_image":[{"width":500,"height":500,"url":"https:\/\/geoclimate.ge\/wp-content\/uploads\/2025\/02\/Vibro-TiLe_14.jpg","type":"image\/jpeg"}],"twitter_card":"summary_large_image","schema":{"@context":"https:\/\/schema.org","@graph":[{"@type":"WebPage","@id":"https:\/\/geoclimate.ge\/az\/product\/vibro-tile-versatile-rubber-pad-isolator\/","url":"https:\/\/geoclimate.ge\/az\/product\/vibro-tile-versatile-rubber-pad-isolator\/","name":"Vibro \u00c7ini: \u00c7oxfunksiyal\u0131 rezin yast\u0131q izolyatoru - GeoClimate.ge","isPartOf":{"@id":"https:\/\/geoclimate.ge\/#website"},"primaryImageOfPage":{"@id":"https:\/\/geoclimate.ge\/az\/product\/vibro-tile-versatile-rubber-pad-isolator\/#primaryimage"},"image":{"@id":"https:\/\/geoclimate.ge\/az\/product\/vibro-tile-versatile-rubber-pad-isolator\/#primaryimage"},"thumbnailUrl":"https:\/\/geoclimate.ge\/wp-content\/uploads\/2025\/02\/Vibro-TiLe_14.jpg","datePublished":"2025-02-07T11:54:14+00:00","dateModified":"2025-02-25T20:24:31+00:00","breadcrumb":{"@id":"https:\/\/geoclimate.ge\/az\/product\/vibro-tile-versatile-rubber-pad-isolator\/#breadcrumb"},"inLanguage":"az","potentialAction":[{"@type":"ReadAction","target":["https:\/\/geoclimate.ge\/az\/product\/vibro-tile-versatile-rubber-pad-isolator\/"]}]},{"@type":"ImageObject","inLanguage":"az","@id":"https:\/\/geoclimate.ge\/az\/product\/vibro-tile-versatile-rubber-pad-isolator\/#primaryimage","url":"https:\/\/geoclimate.ge\/wp-content\/uploads\/2025\/02\/Vibro-TiLe_14.jpg","contentUrl":"https:\/\/geoclimate.ge\/wp-content\/uploads\/2025\/02\/Vibro-TiLe_14.jpg","width":500,"height":500},{"@type":"BreadcrumbList","@id":"https:\/\/geoclimate.ge\/az\/product\/vibro-tile-versatile-rubber-pad-isolator\/#breadcrumb","itemListElement":[{"@type":"ListItem","position":1,"name":"Home","item":"https:\/\/geoclimate.ge\/az\/"},{"@type":"ListItem","position":2,"name":"M\u0259hsullar","item":"https:\/\/geoclimate.ge\/az\/products\/"},{"@type":"ListItem","position":3,"name":"Vibro \u00c7ini: \u00c7oxfunksiyal\u0131 rezin yast\u0131q izolyatoru"}]},{"@type":"WebSite","@id":"https:\/\/geoclimate.ge\/#website","url":"https:\/\/geoclimate.ge\/","name":"GeoClimate","description":"","publisher":{"@id":"https:\/\/geoclimate.ge\/#organization"},"potentialAction":[{"@type":"SearchAction","target":{"@type":"EntryPoint","urlTemplate":"https:\/\/geoclimate.ge\/?s={search_term_string}"},"query-input":{"@type":"PropertyValueSpecification","valueRequired":true,"valueName":"search_term_string"}}],"inLanguage":"az"},{"@type":"Organization","@id":"https:\/\/geoclimate.ge\/#organization","name":"GeoClimate","url":"https:\/\/geoclimate.ge\/","logo":{"@type":"ImageObject","inLanguage":"az","@id":"https:\/\/geoclimate.ge\/#\/schema\/logo\/image\/","url":"https:\/\/geoclimate.ge\/wp-content\/uploads\/2026\/03\/geoclimate-SEO.png","contentUrl":"https:\/\/geoclimate.ge\/wp-content\/uploads\/2026\/03\/geoclimate-SEO.png","width":1536,"height":1024,"caption":"GeoClimate"},"image":{"@id":"https:\/\/geoclimate.ge\/#\/schema\/logo\/image\/"}}]}},"_links":{"self":[{"href":"https:\/\/geoclimate.ge\/az\/wp-json\/wp\/v2\/product\/23751","targetHints":{"allow":["GET"]}}],"collection":[{"href":"https:\/\/geoclimate.ge\/az\/wp-json\/wp\/v2\/product"}],"about":[{"href":"https:\/\/geoclimate.ge\/az\/wp-json\/wp\/v2\/types\/product"}],"wp:featuredmedia":[{"embeddable":true,"href":"https:\/\/geoclimate.ge\/az\/wp-json\/wp\/v2\/media\/22194"}],"wp:attachment":[{"href":"https:\/\/geoclimate.ge\/az\/wp-json\/wp\/v2\/media?parent=23751"}],"wp:term":[{"taxonomy":"product_brand","embeddable":true,"href":"https:\/\/geoclimate.ge\/az\/wp-json\/wp\/v2\/product_brand?post=23751"},{"taxonomy":"product_cat","embeddable":true,"href":"https:\/\/geoclimate.ge\/az\/wp-json\/wp\/v2\/product_cat?post=23751"},{"taxonomy":"product_tag","embeddable":true,"href":"https:\/\/geoclimate.ge\/az\/wp-json\/wp\/v2\/product_tag?post=23751"}],"curies":[{"name":"wp","href":"https:\/\/api.w.org\/{rel}","templated":true}]}}