{"id":23756,"date":"2025-02-07T15:36:14","date_gmt":"2025-02-07T11:36:14","guid":{"rendered":"https:\/\/airsystems.ge\/shop\/product\/vibro-hf-antivibration-hanger-with-regufoam\/"},"modified":"2025-02-26T00:24:31","modified_gmt":"2025-02-25T20:24:31","slug":"vibro-hf-antivibration-hanger-with-regufoam","status":"publish","type":"product","link":"https:\/\/geoclimate.ge\/az\/product\/vibro-hf-antivibration-hanger-with-regufoam\/","title":{"rendered":"Vibro-HF: Regufoam\u00ae il\u0259 antivibrasiya ask\u0131s\u0131"},"content":{"rendered":"<p><img loading=\"lazy\" decoding=\"async\" class=\"alignnone wp-image-13274 size-full\" title=\"Vibro-HF Selection Table\" src=\"https:\/\/antivibration-systems.com\/wp-content\/uploads\/2024\/09\/hf-selection-table.jpg\" sizes=\"auto, (max-width: 646px) 100vw, 646px\" srcset=\"https:\/\/antivibration-systems.com\/wp-content\/uploads\/2024\/09\/hf-selection-table.jpg 646w, https:\/\/antivibration-systems.com\/wp-content\/uploads\/2024\/09\/hf-selection-table-300x236.jpg 300w\" alt=\"Vibro-HF Selection Table\" width=\"646\" height=\"508\" \/><\/p>\n","protected":false},"excerpt":{"rendered":"<p>Vibro-HF vibrasiya uducu asq\u0131d\u0131r, onun \u0259sas vibrasiya \u0259leyhin\u0259 material\u0131 Regufoam poliuretan elastomer yar\u0131 qapal\u0131 h\u00fcceyr\u0259 k\u00f6p\u00fcy\u00fcd\u00fcr. Onun \u0259sas istifad\u0259si \u00fcz\u0259n s\u0259s ke\u00e7irm\u0259y\u0259n tavanlar\u0131n dayand\u0131r\u0131lmas\u0131, h\u0259m d\u0259 f\u0131rlanan\/titr\u0259y\u0259n mexanizml\u0259rin v\u0259 borular\u0131n\/kanallar\u0131n dayand\u0131r\u0131lmas\u0131d\u0131r.<\/p>\n<p>Vibro-HF vibrasiya izolyasiya ed\u0259n as\u0131lqand\u0131r. \u018fsas\u0259n \u00fcz\u0259n s\u0259s izolyasiya ed\u0259n tavanlar\u0131n as\u0131lmas\u0131 \u00fc\u00e7\u00fcn istifad\u0259 olunur, onun \u0259sas vibrasiya \u0259leyhin\u0259 \u0259sas material\u0131 Regufoamd\u0131r. Vibro HF \u00e7\u0259r\u00e7iv\u0259si sinkl\u0259nmi\u015f metal t\u0259b\u0259q\u0259d\u0259n haz\u0131rlanm\u0131\u015fd\u0131r. Asma vint\/\u00e7ubuq M8 ola bil\u0259r (daxil deyil).<\/p>\n<p>Vibrasiya uducu as\u0131lqan\u0131n elastomer k\u00f6p\u00fck elementi Almaniyan\u0131n Regupol \u015firk\u0259ti t\u0259r\u0259find\u0259n Regufoam\u00ae ticar\u0259t ni\u015fan\u0131 il\u0259 istehsal edilmi\u015f, yar\u0131 qapal\u0131 h\u00fcceyr\u0259l\u0259r\u0259 malik y\u00fcks\u0259k keyfiyy\u0259tli poliuretan k\u00f6p\u00fckd\u00fcr. Onun mexaniki xass\u0259l\u0259rinin, diaqramlar\u0131n\u0131n v\u0259 sertifikatlar\u0131n\u0131n tam \u00e7e\u015fidi ist\u0259k \u0259sas\u0131nda m\u00f6vcuddur.<\/p>\n<p>M\u00fcxt\u0259lif s\u0259rtlikl\u0259r\u0259 malik olan Regufoam \u0259sas antivibrasiya n\u00fcv\u0259sini se\u00e7m\u0259kl\u0259 m\u00fcxt\u0259lif asma y\u00fck diapazonlar\u0131na nail olmaq olar. M\u00fcvafiq y\u00fck se\u00e7imi c\u0259dv\u0259lin\u0259 bax\u0131n.<\/p>\n<p>Vibro-HF vibrasiya udma as\u0131lqanlar\u0131 \u00fcz\u0259n s\u0259s ke\u00e7irm\u0259y\u0259n asma tavanlar, f\u0131rlanan mexanizml\u0259rin as\u0131lmas\u0131, vibrasiyal\u0131 maye n\u0259qli borular\u0131, hava kanallar\u0131 v\u0259 s. \u00fc\u00e7\u00fcn istifad\u0259 edil\u0259 bil\u0259r.<\/p>\n","protected":false},"featured_media":22172,"template":"","meta":[],"product_brand":[],"product_cat":[927],"product_tag":[],"class_list":{"0":"post-23756","1":"product","2":"type-product","3":"status-publish","4":"has-post-thumbnail","6":"product_cat-vibrasiya-anti-ss-kuy-akustik-az","8":"first","9":"instock","10":"shipping-taxable","11":"product-type-simple"},"yoast_head":"<!-- This site is optimized with the Yoast SEO plugin v27.1.1 - https:\/\/yoast.com\/product\/yoast-seo-wordpress\/ -->\n<title>Vibro-HF: Regufoam\u00ae il\u0259 antivibrasiya ask\u0131s\u0131 - GeoClimate.ge<\/title>\n<meta name=\"robots\" content=\"index, follow, max-snippet:-1, max-image-preview:large, max-video-preview:-1\" \/>\n<link rel=\"canonical\" href=\"https:\/\/geoclimate.ge\/az\/product\/vibro-hf-antivibration-hanger-with-regufoam\/\" \/>\n<meta property=\"og:locale\" content=\"az_AZ\" \/>\n<meta property=\"og:type\" content=\"article\" \/>\n<meta property=\"og:title\" content=\"Vibro-HF: Regufoam\u00ae il\u0259 antivibrasiya ask\u0131s\u0131 - GeoClimate.ge\" \/>\n<meta property=\"og:description\" content=\"Vibro-HF vibrasiya uducu asq\u0131d\u0131r, onun \u0259sas vibrasiya \u0259leyhin\u0259 material\u0131 Regufoam poliuretan elastomer yar\u0131 qapal\u0131 h\u00fcceyr\u0259 k\u00f6p\u00fcy\u00fcd\u00fcr. Onun \u0259sas istifad\u0259si \u00fcz\u0259n s\u0259s ke\u00e7irm\u0259y\u0259n tavanlar\u0131n dayand\u0131r\u0131lmas\u0131, h\u0259m d\u0259 f\u0131rlanan\/titr\u0259y\u0259n mexanizml\u0259rin v\u0259 borular\u0131n\/kanallar\u0131n dayand\u0131r\u0131lmas\u0131d\u0131r.  Vibro-HF vibrasiya izolyasiya ed\u0259n as\u0131lqand\u0131r. \u018fsas\u0259n \u00fcz\u0259n s\u0259s izolyasiya ed\u0259n tavanlar\u0131n as\u0131lmas\u0131 \u00fc\u00e7\u00fcn istifad\u0259 olunur, onun \u0259sas vibrasiya \u0259leyhin\u0259 \u0259sas material\u0131 Regufoamd\u0131r. Vibro HF \u00e7\u0259r\u00e7iv\u0259si sinkl\u0259nmi\u015f metal t\u0259b\u0259q\u0259d\u0259n haz\u0131rlanm\u0131\u015fd\u0131r. Asma vint\/\u00e7ubuq M8 ola bil\u0259r (daxil deyil).  Vibrasiya uducu as\u0131lqan\u0131n elastomer k\u00f6p\u00fck elementi Almaniyan\u0131n Regupol \u015firk\u0259ti t\u0259r\u0259find\u0259n Regufoam\u00ae ticar\u0259t ni\u015fan\u0131 il\u0259 istehsal edilmi\u015f, yar\u0131 qapal\u0131 h\u00fcceyr\u0259l\u0259r\u0259 malik y\u00fcks\u0259k keyfiyy\u0259tli poliuretan k\u00f6p\u00fckd\u00fcr. Onun mexaniki xass\u0259l\u0259rinin, diaqramlar\u0131n\u0131n v\u0259 sertifikatlar\u0131n\u0131n tam \u00e7e\u015fidi ist\u0259k \u0259sas\u0131nda m\u00f6vcuddur.  M\u00fcxt\u0259lif s\u0259rtlikl\u0259r\u0259 malik olan Regufoam \u0259sas antivibrasiya n\u00fcv\u0259sini se\u00e7m\u0259kl\u0259 m\u00fcxt\u0259lif asma y\u00fck diapazonlar\u0131na nail olmaq olar. M\u00fcvafiq y\u00fck se\u00e7imi c\u0259dv\u0259lin\u0259 bax\u0131n.  Vibro-HF vibrasiya udma as\u0131lqanlar\u0131 \u00fcz\u0259n s\u0259s ke\u00e7irm\u0259y\u0259n asma tavanlar, f\u0131rlanan mexanizml\u0259rin as\u0131lmas\u0131, vibrasiyal\u0131 maye n\u0259qli borular\u0131, hava kanallar\u0131 v\u0259 s. \u00fc\u00e7\u00fcn istifad\u0259 edil\u0259 bil\u0259r.\" \/>\n<meta property=\"og:url\" content=\"https:\/\/geoclimate.ge\/az\/product\/vibro-hf-antivibration-hanger-with-regufoam\/\" \/>\n<meta property=\"og:site_name\" content=\"GeoClimate.ge\" \/>\n<meta property=\"article:modified_time\" content=\"2025-02-25T20:24:31+00:00\" \/>\n<meta property=\"og:image\" content=\"https:\/\/geoclimate.ge\/wp-content\/uploads\/2025\/02\/vibro-hf.jpg\" \/>\n\t<meta property=\"og:image:width\" content=\"300\" \/>\n\t<meta property=\"og:image:height\" content=\"300\" \/>\n\t<meta property=\"og:image:type\" content=\"image\/jpeg\" \/>\n<meta name=\"twitter:card\" content=\"summary_large_image\" \/>\n<script type=\"application\/ld+json\" class=\"yoast-schema-graph\">{\"@context\":\"https:\/\/schema.org\",\"@graph\":[{\"@type\":\"WebPage\",\"@id\":\"https:\/\/geoclimate.ge\/az\/product\/vibro-hf-antivibration-hanger-with-regufoam\/\",\"url\":\"https:\/\/geoclimate.ge\/az\/product\/vibro-hf-antivibration-hanger-with-regufoam\/\",\"name\":\"Vibro-HF: Regufoam\u00ae il\u0259 antivibrasiya ask\u0131s\u0131 - GeoClimate.ge\",\"isPartOf\":{\"@id\":\"https:\/\/geoclimate.ge\/#website\"},\"primaryImageOfPage\":{\"@id\":\"https:\/\/geoclimate.ge\/az\/product\/vibro-hf-antivibration-hanger-with-regufoam\/#primaryimage\"},\"image\":{\"@id\":\"https:\/\/geoclimate.ge\/az\/product\/vibro-hf-antivibration-hanger-with-regufoam\/#primaryimage\"},\"thumbnailUrl\":\"https:\/\/geoclimate.ge\/wp-content\/uploads\/2025\/02\/vibro-hf.jpg\",\"datePublished\":\"2025-02-07T11:36:14+00:00\",\"dateModified\":\"2025-02-25T20:24:31+00:00\",\"breadcrumb\":{\"@id\":\"https:\/\/geoclimate.ge\/az\/product\/vibro-hf-antivibration-hanger-with-regufoam\/#breadcrumb\"},\"inLanguage\":\"az\",\"potentialAction\":[{\"@type\":\"ReadAction\",\"target\":[\"https:\/\/geoclimate.ge\/az\/product\/vibro-hf-antivibration-hanger-with-regufoam\/\"]}]},{\"@type\":\"ImageObject\",\"inLanguage\":\"az\",\"@id\":\"https:\/\/geoclimate.ge\/az\/product\/vibro-hf-antivibration-hanger-with-regufoam\/#primaryimage\",\"url\":\"https:\/\/geoclimate.ge\/wp-content\/uploads\/2025\/02\/vibro-hf.jpg\",\"contentUrl\":\"https:\/\/geoclimate.ge\/wp-content\/uploads\/2025\/02\/vibro-hf.jpg\",\"width\":300,\"height\":300},{\"@type\":\"BreadcrumbList\",\"@id\":\"https:\/\/geoclimate.ge\/az\/product\/vibro-hf-antivibration-hanger-with-regufoam\/#breadcrumb\",\"itemListElement\":[{\"@type\":\"ListItem\",\"position\":1,\"name\":\"Home\",\"item\":\"https:\/\/geoclimate.ge\/az\/\"},{\"@type\":\"ListItem\",\"position\":2,\"name\":\"M\u0259hsullar\",\"item\":\"https:\/\/geoclimate.ge\/az\/products\/\"},{\"@type\":\"ListItem\",\"position\":3,\"name\":\"Vibro-HF: Regufoam\u00ae il\u0259 antivibrasiya ask\u0131s\u0131\"}]},{\"@type\":\"WebSite\",\"@id\":\"https:\/\/geoclimate.ge\/#website\",\"url\":\"https:\/\/geoclimate.ge\/\",\"name\":\"GeoClimate\",\"description\":\"\",\"publisher\":{\"@id\":\"https:\/\/geoclimate.ge\/#organization\"},\"potentialAction\":[{\"@type\":\"SearchAction\",\"target\":{\"@type\":\"EntryPoint\",\"urlTemplate\":\"https:\/\/geoclimate.ge\/?s={search_term_string}\"},\"query-input\":{\"@type\":\"PropertyValueSpecification\",\"valueRequired\":true,\"valueName\":\"search_term_string\"}}],\"inLanguage\":\"az\"},{\"@type\":\"Organization\",\"@id\":\"https:\/\/geoclimate.ge\/#organization\",\"name\":\"GeoClimate\",\"url\":\"https:\/\/geoclimate.ge\/\",\"logo\":{\"@type\":\"ImageObject\",\"inLanguage\":\"az\",\"@id\":\"https:\/\/geoclimate.ge\/#\/schema\/logo\/image\/\",\"url\":\"https:\/\/geoclimate.ge\/wp-content\/uploads\/2026\/03\/geoclimate-SEO.png\",\"contentUrl\":\"https:\/\/geoclimate.ge\/wp-content\/uploads\/2026\/03\/geoclimate-SEO.png\",\"width\":1536,\"height\":1024,\"caption\":\"GeoClimate\"},\"image\":{\"@id\":\"https:\/\/geoclimate.ge\/#\/schema\/logo\/image\/\"}}]}<\/script>\n<!-- \/ Yoast SEO plugin. -->","yoast_head_json":{"title":"Vibro-HF: Regufoam\u00ae il\u0259 antivibrasiya ask\u0131s\u0131 - GeoClimate.ge","robots":{"index":"index","follow":"follow","max-snippet":"max-snippet:-1","max-image-preview":"max-image-preview:large","max-video-preview":"max-video-preview:-1"},"canonical":"https:\/\/geoclimate.ge\/az\/product\/vibro-hf-antivibration-hanger-with-regufoam\/","og_locale":"az_AZ","og_type":"article","og_title":"Vibro-HF: Regufoam\u00ae il\u0259 antivibrasiya ask\u0131s\u0131 - GeoClimate.ge","og_description":"Vibro-HF vibrasiya uducu asq\u0131d\u0131r, onun \u0259sas vibrasiya \u0259leyhin\u0259 material\u0131 Regufoam poliuretan elastomer yar\u0131 qapal\u0131 h\u00fcceyr\u0259 k\u00f6p\u00fcy\u00fcd\u00fcr. Onun \u0259sas istifad\u0259si \u00fcz\u0259n s\u0259s ke\u00e7irm\u0259y\u0259n tavanlar\u0131n dayand\u0131r\u0131lmas\u0131, h\u0259m d\u0259 f\u0131rlanan\/titr\u0259y\u0259n mexanizml\u0259rin v\u0259 borular\u0131n\/kanallar\u0131n dayand\u0131r\u0131lmas\u0131d\u0131r.  Vibro-HF vibrasiya izolyasiya ed\u0259n as\u0131lqand\u0131r. \u018fsas\u0259n \u00fcz\u0259n s\u0259s izolyasiya ed\u0259n tavanlar\u0131n as\u0131lmas\u0131 \u00fc\u00e7\u00fcn istifad\u0259 olunur, onun \u0259sas vibrasiya \u0259leyhin\u0259 \u0259sas material\u0131 Regufoamd\u0131r. Vibro HF \u00e7\u0259r\u00e7iv\u0259si sinkl\u0259nmi\u015f metal t\u0259b\u0259q\u0259d\u0259n haz\u0131rlanm\u0131\u015fd\u0131r. Asma vint\/\u00e7ubuq M8 ola bil\u0259r (daxil deyil).  Vibrasiya uducu as\u0131lqan\u0131n elastomer k\u00f6p\u00fck elementi Almaniyan\u0131n Regupol \u015firk\u0259ti t\u0259r\u0259find\u0259n Regufoam\u00ae ticar\u0259t ni\u015fan\u0131 il\u0259 istehsal edilmi\u015f, yar\u0131 qapal\u0131 h\u00fcceyr\u0259l\u0259r\u0259 malik y\u00fcks\u0259k keyfiyy\u0259tli poliuretan k\u00f6p\u00fckd\u00fcr. Onun mexaniki xass\u0259l\u0259rinin, diaqramlar\u0131n\u0131n v\u0259 sertifikatlar\u0131n\u0131n tam \u00e7e\u015fidi ist\u0259k \u0259sas\u0131nda m\u00f6vcuddur.  M\u00fcxt\u0259lif s\u0259rtlikl\u0259r\u0259 malik olan Regufoam \u0259sas antivibrasiya n\u00fcv\u0259sini se\u00e7m\u0259kl\u0259 m\u00fcxt\u0259lif asma y\u00fck diapazonlar\u0131na nail olmaq olar. M\u00fcvafiq y\u00fck se\u00e7imi c\u0259dv\u0259lin\u0259 bax\u0131n.  Vibro-HF vibrasiya udma as\u0131lqanlar\u0131 \u00fcz\u0259n s\u0259s ke\u00e7irm\u0259y\u0259n asma tavanlar, f\u0131rlanan mexanizml\u0259rin as\u0131lmas\u0131, vibrasiyal\u0131 maye n\u0259qli borular\u0131, hava kanallar\u0131 v\u0259 s. \u00fc\u00e7\u00fcn istifad\u0259 edil\u0259 bil\u0259r.","og_url":"https:\/\/geoclimate.ge\/az\/product\/vibro-hf-antivibration-hanger-with-regufoam\/","og_site_name":"GeoClimate.ge","article_modified_time":"2025-02-25T20:24:31+00:00","og_image":[{"width":300,"height":300,"url":"https:\/\/geoclimate.ge\/wp-content\/uploads\/2025\/02\/vibro-hf.jpg","type":"image\/jpeg"}],"twitter_card":"summary_large_image","schema":{"@context":"https:\/\/schema.org","@graph":[{"@type":"WebPage","@id":"https:\/\/geoclimate.ge\/az\/product\/vibro-hf-antivibration-hanger-with-regufoam\/","url":"https:\/\/geoclimate.ge\/az\/product\/vibro-hf-antivibration-hanger-with-regufoam\/","name":"Vibro-HF: Regufoam\u00ae il\u0259 antivibrasiya ask\u0131s\u0131 - GeoClimate.ge","isPartOf":{"@id":"https:\/\/geoclimate.ge\/#website"},"primaryImageOfPage":{"@id":"https:\/\/geoclimate.ge\/az\/product\/vibro-hf-antivibration-hanger-with-regufoam\/#primaryimage"},"image":{"@id":"https:\/\/geoclimate.ge\/az\/product\/vibro-hf-antivibration-hanger-with-regufoam\/#primaryimage"},"thumbnailUrl":"https:\/\/geoclimate.ge\/wp-content\/uploads\/2025\/02\/vibro-hf.jpg","datePublished":"2025-02-07T11:36:14+00:00","dateModified":"2025-02-25T20:24:31+00:00","breadcrumb":{"@id":"https:\/\/geoclimate.ge\/az\/product\/vibro-hf-antivibration-hanger-with-regufoam\/#breadcrumb"},"inLanguage":"az","potentialAction":[{"@type":"ReadAction","target":["https:\/\/geoclimate.ge\/az\/product\/vibro-hf-antivibration-hanger-with-regufoam\/"]}]},{"@type":"ImageObject","inLanguage":"az","@id":"https:\/\/geoclimate.ge\/az\/product\/vibro-hf-antivibration-hanger-with-regufoam\/#primaryimage","url":"https:\/\/geoclimate.ge\/wp-content\/uploads\/2025\/02\/vibro-hf.jpg","contentUrl":"https:\/\/geoclimate.ge\/wp-content\/uploads\/2025\/02\/vibro-hf.jpg","width":300,"height":300},{"@type":"BreadcrumbList","@id":"https:\/\/geoclimate.ge\/az\/product\/vibro-hf-antivibration-hanger-with-regufoam\/#breadcrumb","itemListElement":[{"@type":"ListItem","position":1,"name":"Home","item":"https:\/\/geoclimate.ge\/az\/"},{"@type":"ListItem","position":2,"name":"M\u0259hsullar","item":"https:\/\/geoclimate.ge\/az\/products\/"},{"@type":"ListItem","position":3,"name":"Vibro-HF: Regufoam\u00ae il\u0259 antivibrasiya ask\u0131s\u0131"}]},{"@type":"WebSite","@id":"https:\/\/geoclimate.ge\/#website","url":"https:\/\/geoclimate.ge\/","name":"GeoClimate","description":"","publisher":{"@id":"https:\/\/geoclimate.ge\/#organization"},"potentialAction":[{"@type":"SearchAction","target":{"@type":"EntryPoint","urlTemplate":"https:\/\/geoclimate.ge\/?s={search_term_string}"},"query-input":{"@type":"PropertyValueSpecification","valueRequired":true,"valueName":"search_term_string"}}],"inLanguage":"az"},{"@type":"Organization","@id":"https:\/\/geoclimate.ge\/#organization","name":"GeoClimate","url":"https:\/\/geoclimate.ge\/","logo":{"@type":"ImageObject","inLanguage":"az","@id":"https:\/\/geoclimate.ge\/#\/schema\/logo\/image\/","url":"https:\/\/geoclimate.ge\/wp-content\/uploads\/2026\/03\/geoclimate-SEO.png","contentUrl":"https:\/\/geoclimate.ge\/wp-content\/uploads\/2026\/03\/geoclimate-SEO.png","width":1536,"height":1024,"caption":"GeoClimate"},"image":{"@id":"https:\/\/geoclimate.ge\/#\/schema\/logo\/image\/"}}]}},"_links":{"self":[{"href":"https:\/\/geoclimate.ge\/az\/wp-json\/wp\/v2\/product\/23756","targetHints":{"allow":["GET"]}}],"collection":[{"href":"https:\/\/geoclimate.ge\/az\/wp-json\/wp\/v2\/product"}],"about":[{"href":"https:\/\/geoclimate.ge\/az\/wp-json\/wp\/v2\/types\/product"}],"wp:featuredmedia":[{"embeddable":true,"href":"https:\/\/geoclimate.ge\/az\/wp-json\/wp\/v2\/media\/22172"}],"wp:attachment":[{"href":"https:\/\/geoclimate.ge\/az\/wp-json\/wp\/v2\/media?parent=23756"}],"wp:term":[{"taxonomy":"product_brand","embeddable":true,"href":"https:\/\/geoclimate.ge\/az\/wp-json\/wp\/v2\/product_brand?post=23756"},{"taxonomy":"product_cat","embeddable":true,"href":"https:\/\/geoclimate.ge\/az\/wp-json\/wp\/v2\/product_cat?post=23756"},{"taxonomy":"product_tag","embeddable":true,"href":"https:\/\/geoclimate.ge\/az\/wp-json\/wp\/v2\/product_tag?post=23756"}],"curies":[{"name":"wp","href":"https:\/\/api.w.org\/{rel}","templated":true}]}}